{"id":2958,"date":"2024-12-04T02:19:22","date_gmt":"2024-12-04T02:19:22","guid":{"rendered":"https:\/\/alfequipment.com\/product\/fwj-60a-automatic-plastic-tube-filling-and-sealing-packaging-machine-with-water-chiller\/"},"modified":"2025-01-13T13:09:17","modified_gmt":"2025-01-13T13:09:17","slug":"\u0645\u0627\u0643\u064a\u0646\u0629-\u062a\u0639\u0628\u0626\u0629-\u0648\u062a\u063a\u0644\u064a\u0641-\u0627\u0644\u0623\u0646\u0627\u0628\u064a\u0628-\u0627\u0644\u0628\u0644\u0627\u0633\u062a","status":"publish","type":"product","link":"https:\/\/alfequipment.com\/ar\/product\/\u0645\u0627\u0643\u064a\u0646\u0629-\u062a\u0639\u0628\u0626\u0629-\u0648\u062a\u063a\u0644\u064a\u0641-\u0627\u0644\u0623\u0646\u0627\u0628\u064a\u0628-\u0627\u0644\u0628\u0644\u0627\u0633\u062a\/","title":{"rendered":"\u0645\u0627\u0643\u064a\u0646\u0629 \u062a\u0639\u0628\u0626\u0629 \u0648\u062e\u062a\u0645 \u0627\u0644\u0623\u0646\u0627\u0628\u064a\u0628 \u0627\u0644\u0628\u0644\u0627\u0633\u062a\u064a\u0643\u064a\u0629 \u0627\u0644\u0623\u0648\u062a\u0648\u0645\u0627\u062a\u064a\u0643\u064a\u0629 FWJ-60A \u0627\u0644\u0645\u0632\u0648\u062f\u0629 \u0628\u0645\u0628\u0631\u062f \u0645\u064a\u0627\u0647"},"content":{"rendered":"<div data-magic-global=\"%7B%22bizId%22%3A17179933680%2C%22pageId%22%3A21098883429%2C%22siteId%22%3A5005331025%7D\" id=\"detail_decorate_root\">\n<div module-id=\"29948766805\" module-title=\"detailProductNavigation\" render=\"true\" class=\"J_module\">\n<div id=\"ali-anchor-AliMagic-2uyyse\" data-section=\"AliMagic-2uyyse\" data-section-title=\"Product Overview\" class=\"magic-0\">\u0647\u0630\u0647 \u0627\u0644\u0622\u0644\u0629 \u0639\u0628\u0627\u0631\u0629 \u0639\u0646 \u0645\u0646\u062a\u062c \u0639\u0627\u0644\u064a \u0627\u0644\u062a\u0642\u0646\u064a\u0629 \u062a\u0645 \u062a\u0637\u0648\u064a\u0631\u0647 \u0648\u062a\u0635\u0645\u064a\u0645\u0647 \u0628\u0646\u062c\u0627\u062d \u0645\u0646 \u062e\u0644\u0627\u0644 \u0627\u0639\u062a\u0645\u0627\u062f \u062a\u0643\u0646\u0648\u0644\u0648\u062c\u064a\u0627 \u0645\u062a\u0642\u062f\u0645\u0629 \u0645\u0646 \u0627\u0644\u062e\u0627\u0631\u062c \u0648\u062a\u0644\u0628\u064a\u0629 \u0645\u062a\u0637\u0644\u0628\u0627\u062a GMP \u0628\u062f\u0642\u0629. \u064a\u062a\u0645 \u062a\u0637\u0628\u064a\u0642 \u0648\u062d\u062f\u0629 \u062a\u062d\u0643\u0645 PLC \u0648\u0634\u0627\u0634\u0629 \u0645\u0644\u0648\u0646\u0629 \u062a\u0639\u0645\u0644 \u0628\u0627\u0644\u0644\u0645\u0633 \u0648\u062c\u0639\u0644\u062a \u0645\u0646 \u0627\u0644\u0645\u0645\u0643\u0646 \u0627\u0644\u062a\u062d\u0643\u0645 \u0627\u0644\u0642\u0627\u0628\u0644 \u0644\u0644\u0628\u0631\u0645\u062c\u0629 \u0641\u064a \u0627\u0644\u0645\u0627\u0643\u064a\u0646\u0629. \u064a\u0645\u0643\u0646 \u0623\u0646 \u062a\u0642\u0648\u0645 \u0628\u062a\u0639\u0628\u0626\u0629 \u0627\u0644\u0645\u0631\u0647\u0645 \u0623\u0648 \u0627\u0644\u0647\u0644\u0627\u0645 \u0627\u0644\u0643\u0631\u064a\u0645\u064a \u0623\u0648 \u0645\u0648\u0627\u062f \u0627\u0644\u0644\u0632\u0648\u062c\u0629\u060c \u0648\u0637\u064a \u0627\u0644\u0630\u064a\u0644\u060c \u0648\u0646\u0642\u0634 \u0631\u0642\u0645 \u0627\u0644\u062f\u064f\u0641\u0639\u0629 (\u0628\u0645\u0627 \u0641\u064a \u0630\u0644\u0643 \u062a\u0627\u0631\u064a\u062e \u0627\u0644\u062a\u0635\u0646\u064a\u0639) \u062a\u0644\u0642\u0627\u0626\u064a\u064b\u0627. \u0625\u0646\u0647\u0627 \u0645\u0639\u062f\u0627\u062a \u0645\u062b\u0627\u0644\u064a\u0629 \u0644\u0623\u0646\u0628\u0648\u0628 \u0627\u0644\u0631\u0635\u0627\u0635\u060c \u0623\u0646\u0628\u0648\u0628 ALU,<\/div>\n<\/div>\n<div module-id=\"29948766806\" module-title=\"detailTextWithTitle\" render=\"true\" class=\"J_module\">\n<div class=\"detail-decorate-json-renderer-container\">\n<div class=\"magic-1\">\n<div class=\"magic-4\">\n<div class=\"magic-5\">\n<div class=\"magic-6\"><span>\u062a\u0639\u0628\u0626\u0629 \u0627\u0644\u0623\u0646\u0627\u0628\u064a\u0628 \u0627\u0644\u0628\u0644\u0627\u0633\u062a\u064a\u0643\u064a\u0629 \u0648\u0627\u0644\u0623\u0646\u0627\u0628\u064a\u0628 \u0627\u0644\u0645\u0635\u0641\u062d\u0629 \u0648\u062a\u0639\u0628\u0626\u062a\u0647\u0627 \u0648\u062e\u062a\u0645\u0647\u0627 \u0644\u0645\u0633\u062a\u062d\u0636\u0631\u0627\u062a \u0627\u0644\u062a\u062c\u0645\u064a\u0644 \u0648\u0627\u0644\u0635\u064a\u062f\u0644\u0629 \u0648\u0627\u0644\u0645\u0648\u0627\u062f \u0627\u0644\u063a\u0630\u0627\u0626\u064a\u0629 \u0648\u0627\u0644\u0633\u0646\u062f\u0627\u062a.<br \/> * \u0645\u062d\u0631\u0643\u060c \u064a\u062a\u0645 \u0627\u0644\u062a\u062d\u0643\u0645 \u0641\u064a\u0647 \u0628\u0648\u0627\u0633\u0637\u0629 \u0639\u0627\u0643\u0633 \u062a\u064a\u0627\u0631 \u0645\u062a\u0631\u062f\u062f.<br \/> * 304 \u0627\u0644\u0641\u0648\u0644\u0627\u0630 \u0627\u0644\u0645\u0642\u0627\u0648\u0645 \u0644\u0644\u0635\u062f\u0623 304 \u0644\u062a\u0644\u0628\u064a\u0629 \u0645\u0639\u064a\u0627\u0631 GMP<br \/> * \u0646\u0638\u0627\u0645 \u062a\u062d\u0645\u064a\u0644 \u0627\u0644\u0623\u0646\u0627\u0628\u064a\u0628 \u0627\u0644\u0647\u0648\u0627\u0626\u064a\u0629 \u0627\u0644\u0622\u0644\u064a<br \/> * \u0648\u062d\u062f\u0629 \u062a\u062d\u0643\u0645 PLC \u0645\u0646 \u0633\u064a\u0645\u0646\u0632 \u0648\u0634\u0627\u0634\u0629 \u0645\u0644\u0648\u0646\u0629 \u062a\u0639\u0645\u0644 \u0628\u0627\u0644\u0644\u0645\u0633 <br \/> * \u0646\u0638\u0627\u0645 \u0639\u0644\u0627\u0645\u0629 \u0627\u0644\u0639\u064a\u0646 \u0627\u0644\u0623\u0648\u062a\u0648\u0645\u0627\u062a\u064a\u0643\u064a\u0629 \u0648\u0645\u0633\u062a\u0634\u0639\u0631 \u0639\u062f \u0627\u0644\u0623\u0646\u0628\u0648\u0628<br \/> * \u0623\u062c\u0647\u0632\u0629 \u062a\u062d\u0643\u0645 \u0631\u0642\u0645\u064a\u0629 \u0648\u0630\u0643\u064a\u0629 \u0641\u064a \u062f\u0631\u062c\u0629 \u0627\u0644\u062d\u0631\u0627\u0631\u0629 \u0648\u0623\u0646\u0638\u0645\u0629 \u062a\u0628\u0631\u064a\u062f \u0631\u0642\u0645\u064a\u0629 \u0648\u0630\u0643\u064a\u0629\u060c \u0645\u0646\u0627\u0633\u0628\u0629 \u0644\u0645\u062e\u062a\u0644\u0641 \u0623\u0646\u0627\u0628\u064a\u0628 \u0627\u0644\u062e\u062a\u0645. <br \/> * \u0645\u0639 \u0645\u0641\u062a\u0627\u062d \u0623\u0645\u0627\u0646\u060c \u0623\u0643\u062b\u0631 \u0623\u0645\u0627\u0646\u064b\u0627.<\/p>\n<p>\u0639\u0627\u062f\u0629\u064b \u0645\u0627 \u064a\u0643\u0648\u0646 \u0642\u0637\u0631 \u0627\u0644\u0623\u0646\u0628\u0648\u0628 \u0648\u0627\u0644\u0642\u0627\u0644\u0628 \u0628\u0623\u062d\u062c\u0627\u0645\u0647:<br \/> 12. 16 \u00ef 19 \u00ef 19 \u00ef 22 \u00ef 22 \u00ef 25 \u00ef 28 .30 \u00ef 35 \u00ef 35 \u00ef 40 \u00ef 45 \u00ef 50 \u0645\u0645<\/span>\n      <\/div>\n<\/p><\/div>\n<\/p><\/div>\n<\/p><\/div>\n<\/p><\/div>\n<\/p><\/div>\n<div module-id=\"29909829208\" module-title=\"detailSingleImage\" render=\"true\" class=\"J_module\">\n<div class=\"icbu-pc-images magic-7\">\n<div>\n<div class=\"flex-layout-v\">\n<div class=\"flex-layout-h magic-7\">\n<div class=\"magic-8\">\n       <img decoding=\"async\" src=\"https:\/\/sc04.alicdn.com\/kf\/H87742d35427d42438b6c8b2e0dab18bc8\/64496\/H87742d35427d42438b6c8b2e0dab18bc8.png\" class=\"aligncenter\">\n      <\/div>\n<\/p><\/div>\n<\/p><\/div>\n<\/p><\/div>\n<\/p><\/div>\n<\/p><\/div>\n<div module-id=\"29909829209\" module-title=\"detailSingleImage\" render=\"true\" class=\"J_module\">\n<div class=\"icbu-pc-images magic-7\">\n<div>\n<div class=\"flex-layout-v\">\n<div class=\"flex-layout-h magic-7\">\n<div class=\"magic-10\">\n       <img decoding=\"async\" src=\"https:\/\/sc04.alicdn.com\/kf\/H91b6595a2ebe42c9917613256f722d6d4\/64496\/H91b6595a2ebe42c9917613256f722d6d4.png\" class=\"aligncenter\">\n      <\/div>\n<\/p><\/div>\n<\/p><\/div>\n<\/p><\/div>\n<\/p><\/div>\n<\/p><\/div>\n<div module-id=\"29909829210\" module-title=\"detailSingleImage\" render=\"true\" class=\"J_module\">\n<div class=\"icbu-pc-images magic-7\">\n<div>\n<div class=\"flex-layout-v\">\n<div class=\"flex-layout-h magic-7\">\n<div class=\"magic-12\">\n       <img decoding=\"async\" src=\"https:\/\/sc04.alicdn.com\/kf\/Haf2809bef4354d0885af8b04555b7778O\/64496\/Haf2809bef4354d0885af8b04555b7778O.png\" class=\"aligncenter\">\n      <\/div>\n<\/p><\/div>\n<\/p><\/div>\n<\/p><\/div>\n<\/p><\/div>\n<\/p><\/div>\n<\/div>","protected":false},"excerpt":{"rendered":"<p>\u0645\u0627\u0643\u064a\u0646\u0629 \u062a\u0639\u0628\u0626\u0629 \u0648\u062a\u063a\u0644\u064a\u0641 \u0627\u0644\u0623\u0646\u0627\u0628\u064a\u0628 \u0627\u0644\u0628\u0644\u0627\u0633\u062a\u064a\u0643\u064a\u0629 \u0627\u0644\u0623\u0648\u062a\u0648\u0645\u0627\u062a\u064a\u0643\u064a\u0629<\/p>","protected":false},"featured_media":2750,"comment_status":"closed","ping_status":"open","template":"","meta":[],"product_brand":[],"product_cat":[102],"product_tag":[],"class_list":{"0":"post-2958","1":"product","2":"type-product","3":"status-publish","4":"has-post-thumbnail","6":"product_cat-packaging-machines","8":"first","9":"instock","10":"sale","11":"purchasable","12":"product-type-simple"},"yoast_head":"<!-- This site is optimized with the Yoast SEO Premium plugin v20.9 (Yoast SEO v26.5) - https:\/\/yoast.com\/wordpress\/plugins\/seo\/ -->\n<title>FWJ-60A Automatic plastic tube filling and sealing packaging machine with water chiller - ALF PACK<\/title>\n<meta name=\"robots\" content=\"index, follow, max-snippet:-1, max-image-preview:large, max-video-preview:-1\" \/>\n<link rel=\"canonical\" href=\"https:\/\/alfequipment.com\/ar\/product\/\u0645\u0627\u0643\u064a\u0646\u0629-\u062a\u0639\u0628\u0626\u0629-\u0648\u062a\u063a\u0644\u064a\u0641-\u0627\u0644\u0623\u0646\u0627\u0628\u064a\u0628-\u0627\u0644\u0628\u0644\u0627\u0633\u062a\/\" \/>\n<meta property=\"og:locale\" content=\"ar_AR\" \/>\n<meta property=\"og:type\" content=\"article\" \/>\n<meta property=\"og:title\" content=\"FWJ-60A Automatic plastic tube filling and sealing packaging machine with water chiller\" \/>\n<meta property=\"og:description\" content=\"Automatic Plastic Tube Filling And Sealing Packaging Machine\" \/>\n<meta property=\"og:url\" content=\"https:\/\/alfequipment.com\/ar\/product\/\u0645\u0627\u0643\u064a\u0646\u0629-\u062a\u0639\u0628\u0626\u0629-\u0648\u062a\u063a\u0644\u064a\u0641-\u0627\u0644\u0623\u0646\u0627\u0628\u064a\u0628-\u0627\u0644\u0628\u0644\u0627\u0633\u062a\/\" \/>\n<meta property=\"og:site_name\" content=\"ALF PACK\" \/>\n<meta property=\"article:modified_time\" content=\"2025-01-13T13:09:17+00:00\" \/>\n<meta property=\"og:image\" content=\"https:\/\/alfequipment.com\/wp-content\/uploads\/2025\/01\/FWJ-60A-Automatic-plastic-tube-filling-and.jpg\" \/>\n\t<meta property=\"og:image:width\" content=\"1000\" \/>\n\t<meta property=\"og:image:height\" content=\"1000\" \/>\n\t<meta property=\"og:image:type\" content=\"image\/webp\" \/>\n<meta name=\"twitter:card\" content=\"summary_large_image\" \/>\n<meta name=\"twitter:label1\" content=\"\u0648\u0642\u062a \u0627\u0644\u0642\u0631\u0627\u0621\u0629 \u0627\u0644\u0645\u064f\u0642\u062f\u0651\u0631\" \/>\n\t<meta name=\"twitter:data1\" content=\"\u062f\u0642\u064a\u0642\u0629 \u0648\u0627\u062d\u062f\u0629\" \/>\n<script type=\"application\/ld+json\" class=\"yoast-schema-graph\">{\"@context\":\"https:\/\/schema.org\",\"@graph\":[{\"@type\":\"WebPage\",\"@id\":\"https:\/\/alfequipment.com\/product\/fwj-60a-automatic-plastic-tube-filling-and-sealing-packaging-machine-with-water-chiller\/\",\"url\":\"https:\/\/alfequipment.com\/product\/fwj-60a-automatic-plastic-tube-filling-and-sealing-packaging-machine-with-water-chiller\/\",\"name\":\"FWJ-60A Automatic plastic tube filling and sealing packaging machine with water chiller - ALF PACK\",\"isPartOf\":{\"@id\":\"https:\/\/alfequipment.com\/#website\"},\"primaryImageOfPage\":{\"@id\":\"https:\/\/alfequipment.com\/product\/fwj-60a-automatic-plastic-tube-filling-and-sealing-packaging-machine-with-water-chiller\/#primaryimage\"},\"image\":{\"@id\":\"https:\/\/alfequipment.com\/product\/fwj-60a-automatic-plastic-tube-filling-and-sealing-packaging-machine-with-water-chiller\/#primaryimage\"},\"thumbnailUrl\":\"https:\/\/alfequipment.com\/wp-content\/uploads\/2025\/01\/FWJ-60A-Automatic-plastic-tube-filling-and.jpg\",\"datePublished\":\"2024-12-04T02:19:22+00:00\",\"dateModified\":\"2025-01-13T13:09:17+00:00\",\"breadcrumb\":{\"@id\":\"https:\/\/alfequipment.com\/product\/fwj-60a-automatic-plastic-tube-filling-and-sealing-packaging-machine-with-water-chiller\/#breadcrumb\"},\"inLanguage\":\"ar\",\"potentialAction\":[{\"@type\":\"ReadAction\",\"target\":[\"https:\/\/alfequipment.com\/product\/fwj-60a-automatic-plastic-tube-filling-and-sealing-packaging-machine-with-water-chiller\/\"]}]},{\"@type\":\"ImageObject\",\"inLanguage\":\"ar\",\"@id\":\"https:\/\/alfequipment.com\/product\/fwj-60a-automatic-plastic-tube-filling-and-sealing-packaging-machine-with-water-chiller\/#primaryimage\",\"url\":\"https:\/\/alfequipment.com\/wp-content\/uploads\/2025\/01\/FWJ-60A-Automatic-plastic-tube-filling-and.jpg\",\"contentUrl\":\"https:\/\/alfequipment.com\/wp-content\/uploads\/2025\/01\/FWJ-60A-Automatic-plastic-tube-filling-and.jpg\",\"width\":1000,\"height\":1000},{\"@type\":\"BreadcrumbList\",\"@id\":\"https:\/\/alfequipment.com\/product\/fwj-60a-automatic-plastic-tube-filling-and-sealing-packaging-machine-with-water-chiller\/#breadcrumb\",\"itemListElement\":[{\"@type\":\"ListItem\",\"position\":1,\"name\":\"Home\",\"item\":\"https:\/\/alfequipment.com\/\"},{\"@type\":\"ListItem\",\"position\":2,\"name\":\"Shop\",\"item\":\"https:\/\/alfequipment.com\/shop\/\"},{\"@type\":\"ListItem\",\"position\":3,\"name\":\"FWJ-60A Automatic plastic tube filling and sealing packaging machine with water chiller\"}]},{\"@type\":\"WebSite\",\"@id\":\"https:\/\/alfequipment.com\/#website\",\"url\":\"https:\/\/alfequipment.com\/\",\"name\":\"ALF PACK\",\"description\":\"\",\"publisher\":{\"@id\":\"https:\/\/alfequipment.com\/#organization\"},\"potentialAction\":[{\"@type\":\"SearchAction\",\"target\":{\"@type\":\"EntryPoint\",\"urlTemplate\":\"https:\/\/alfequipment.com\/?s={search_term_string}\"},\"query-input\":{\"@type\":\"PropertyValueSpecification\",\"valueRequired\":true,\"valueName\":\"search_term_string\"}}],\"inLanguage\":\"ar\"},{\"@type\":\"Organization\",\"@id\":\"https:\/\/alfequipment.com\/#organization\",\"name\":\"ALF PACK\",\"url\":\"https:\/\/alfequipment.com\/\",\"logo\":{\"@type\":\"ImageObject\",\"inLanguage\":\"ar\",\"@id\":\"https:\/\/alfequipment.com\/#\/schema\/logo\/image\/\",\"url\":\"https:\/\/alfequipment.com\/wp-content\/uploads\/2024\/11\/ALFlogo-2.webp\",\"contentUrl\":\"https:\/\/alfequipment.com\/wp-content\/uploads\/2024\/11\/ALFlogo-2.webp\",\"width\":758,\"height\":750,\"caption\":\"ALF PACK\"},\"image\":{\"@id\":\"https:\/\/alfequipment.com\/#\/schema\/logo\/image\/\"}}]}<\/script>\n<!-- \/ Yoast SEO Premium plugin. -->","yoast_head_json":{"title":"\u0645\u0627\u0643\u064a\u0646\u0629 \u062a\u0639\u0628\u0626\u0629 \u0648\u062a\u063a\u0644\u064a\u0641 \u0627\u0644\u0623\u0646\u0627\u0628\u064a\u0628 \u0627\u0644\u0628\u0644\u0627\u0633\u062a\u064a\u0643\u064a\u0629 \u0627\u0644\u0623\u0648\u062a\u0648\u0645\u0627\u062a\u064a\u0643\u064a\u0629 FWJ-60A \u0627\u0644\u0645\u0632\u0648\u062f\u0629 \u0628\u0645\u0628\u0631\u062f \u0645\u064a\u0627\u0647 - ALF PACK","robots":{"index":"index","follow":"follow","max-snippet":"max-snippet:-1","max-image-preview":"max-image-preview:large","max-video-preview":"max-video-preview:-1"},"canonical":"https:\/\/alfequipment.com\/ar\/product\/\u0645\u0627\u0643\u064a\u0646\u0629-\u062a\u0639\u0628\u0626\u0629-\u0648\u062a\u063a\u0644\u064a\u0641-\u0627\u0644\u0623\u0646\u0627\u0628\u064a\u0628-\u0627\u0644\u0628\u0644\u0627\u0633\u062a\/","og_locale":"ar_AR","og_type":"article","og_title":"FWJ-60A Automatic plastic tube filling and sealing packaging machine with water chiller","og_description":"Automatic Plastic Tube Filling And Sealing Packaging Machine","og_url":"https:\/\/alfequipment.com\/ar\/product\/\u0645\u0627\u0643\u064a\u0646\u0629-\u062a\u0639\u0628\u0626\u0629-\u0648\u062a\u063a\u0644\u064a\u0641-\u0627\u0644\u0623\u0646\u0627\u0628\u064a\u0628-\u0627\u0644\u0628\u0644\u0627\u0633\u062a\/","og_site_name":"ALF PACK","article_modified_time":"2025-01-13T13:09:17+00:00","og_image":[{"width":1000,"height":1000,"url":"https:\/\/alfequipment.com\/wp-content\/uploads\/2025\/01\/FWJ-60A-Automatic-plastic-tube-filling-and.jpg","type":"image\/webp"}],"twitter_card":"summary_large_image","twitter_misc":{"\u0648\u0642\u062a \u0627\u0644\u0642\u0631\u0627\u0621\u0629 \u0627\u0644\u0645\u064f\u0642\u062f\u0651\u0631":"\u062f\u0642\u064a\u0642\u0629 \u0648\u0627\u062d\u062f\u0629"},"schema":{"@context":"https:\/\/schema.org","@graph":[{"@type":"WebPage","@id":"https:\/\/alfequipment.com\/product\/fwj-60a-automatic-plastic-tube-filling-and-sealing-packaging-machine-with-water-chiller\/","url":"https:\/\/alfequipment.com\/product\/fwj-60a-automatic-plastic-tube-filling-and-sealing-packaging-machine-with-water-chiller\/","name":"\u0645\u0627\u0643\u064a\u0646\u0629 \u062a\u0639\u0628\u0626\u0629 \u0648\u062a\u063a\u0644\u064a\u0641 \u0627\u0644\u0623\u0646\u0627\u0628\u064a\u0628 \u0627\u0644\u0628\u0644\u0627\u0633\u062a\u064a\u0643\u064a\u0629 \u0627\u0644\u0623\u0648\u062a\u0648\u0645\u0627\u062a\u064a\u0643\u064a\u0629 FWJ-60A \u0627\u0644\u0645\u0632\u0648\u062f\u0629 \u0628\u0645\u0628\u0631\u062f \u0645\u064a\u0627\u0647 - ALF PACK","isPartOf":{"@id":"https:\/\/alfequipment.com\/#website"},"primaryImageOfPage":{"@id":"https:\/\/alfequipment.com\/product\/fwj-60a-automatic-plastic-tube-filling-and-sealing-packaging-machine-with-water-chiller\/#primaryimage"},"image":{"@id":"https:\/\/alfequipment.com\/product\/fwj-60a-automatic-plastic-tube-filling-and-sealing-packaging-machine-with-water-chiller\/#primaryimage"},"thumbnailUrl":"https:\/\/alfequipment.com\/wp-content\/uploads\/2025\/01\/FWJ-60A-Automatic-plastic-tube-filling-and.jpg","datePublished":"2024-12-04T02:19:22+00:00","dateModified":"2025-01-13T13:09:17+00:00","breadcrumb":{"@id":"https:\/\/alfequipment.com\/product\/fwj-60a-automatic-plastic-tube-filling-and-sealing-packaging-machine-with-water-chiller\/#breadcrumb"},"inLanguage":"ar","potentialAction":[{"@type":"ReadAction","target":["https:\/\/alfequipment.com\/product\/fwj-60a-automatic-plastic-tube-filling-and-sealing-packaging-machine-with-water-chiller\/"]}]},{"@type":"ImageObject","inLanguage":"ar","@id":"https:\/\/alfequipment.com\/product\/fwj-60a-automatic-plastic-tube-filling-and-sealing-packaging-machine-with-water-chiller\/#primaryimage","url":"https:\/\/alfequipment.com\/wp-content\/uploads\/2025\/01\/FWJ-60A-Automatic-plastic-tube-filling-and.jpg","contentUrl":"https:\/\/alfequipment.com\/wp-content\/uploads\/2025\/01\/FWJ-60A-Automatic-plastic-tube-filling-and.jpg","width":1000,"height":1000},{"@type":"BreadcrumbList","@id":"https:\/\/alfequipment.com\/product\/fwj-60a-automatic-plastic-tube-filling-and-sealing-packaging-machine-with-water-chiller\/#breadcrumb","itemListElement":[{"@type":"ListItem","position":1,"name":"Home","item":"https:\/\/alfequipment.com\/"},{"@type":"ListItem","position":2,"name":"Shop","item":"https:\/\/alfequipment.com\/shop\/"},{"@type":"ListItem","position":3,"name":"FWJ-60A Automatic plastic tube filling and sealing packaging machine with water chiller"}]},{"@type":"WebSite","@id":"https:\/\/alfequipment.com\/#website","url":"https:\/\/alfequipment.com\/","name":"\u062d\u0632\u0645\u0629 \u0623\u0644\u0641 \u062d\u0632\u0645\u0629","description":"","publisher":{"@id":"https:\/\/alfequipment.com\/#organization"},"potentialAction":[{"@type":"SearchAction","target":{"@type":"EntryPoint","urlTemplate":"https:\/\/alfequipment.com\/?s={search_term_string}"},"query-input":{"@type":"PropertyValueSpecification","valueRequired":true,"valueName":"search_term_string"}}],"inLanguage":"ar"},{"@type":"Organization","@id":"https:\/\/alfequipment.com\/#organization","name":"\u062d\u0632\u0645\u0629 \u0623\u0644\u0641 \u062d\u0632\u0645\u0629","url":"https:\/\/alfequipment.com\/","logo":{"@type":"ImageObject","inLanguage":"ar","@id":"https:\/\/alfequipment.com\/#\/schema\/logo\/image\/","url":"https:\/\/alfequipment.com\/wp-content\/uploads\/2024\/11\/ALFlogo-2.webp","contentUrl":"https:\/\/alfequipment.com\/wp-content\/uploads\/2024\/11\/ALFlogo-2.webp","width":758,"height":750,"caption":"ALF PACK"},"image":{"@id":"https:\/\/alfequipment.com\/#\/schema\/logo\/image\/"}}]}},"_links":{"self":[{"href":"https:\/\/alfequipment.com\/ar\/wp-json\/wp\/v2\/product\/2958","targetHints":{"allow":["GET"]}}],"collection":[{"href":"https:\/\/alfequipment.com\/ar\/wp-json\/wp\/v2\/product"}],"about":[{"href":"https:\/\/alfequipment.com\/ar\/wp-json\/wp\/v2\/types\/product"}],"replies":[{"embeddable":true,"href":"https:\/\/alfequipment.com\/ar\/wp-json\/wp\/v2\/comments?post=2958"}],"version-history":[{"count":0,"href":"https:\/\/alfequipment.com\/ar\/wp-json\/wp\/v2\/product\/2958\/revisions"}],"wp:featuredmedia":[{"embeddable":true,"href":"https:\/\/alfequipment.com\/ar\/wp-json\/wp\/v2\/media\/2750"}],"wp:attachment":[{"href":"https:\/\/alfequipment.com\/ar\/wp-json\/wp\/v2\/media?parent=2958"}],"wp:term":[{"taxonomy":"product_brand","embeddable":true,"href":"https:\/\/alfequipment.com\/ar\/wp-json\/wp\/v2\/product_brand?post=2958"},{"taxonomy":"product_cat","embeddable":true,"href":"https:\/\/alfequipment.com\/ar\/wp-json\/wp\/v2\/product_cat?post=2958"},{"taxonomy":"product_tag","embeddable":true,"href":"https:\/\/alfequipment.com\/ar\/wp-json\/wp\/v2\/product_tag?post=2958"}],"curies":[{"name":"wp","href":"https:\/\/api.w.org\/{rel}","templated":true}]}}