{"id":3080,"date":"2024-12-13T10:45:34","date_gmt":"2024-12-13T10:45:34","guid":{"rendered":"https:\/\/alfequipment.com\/product\/ce-certification-fxc5050-carton-sealer-box-sealing-packaging-machine-with-side-belt-conveyor\/"},"modified":"2025-01-13T14:43:53","modified_gmt":"2025-01-13T14:43:53","slug":"\u0634\u0647\u0627\u062f\u0629-ce-fxc505050-\u0622\u0644\u0629-\u062a\u063a\u0644\u064a\u0641-\u0635\u0646\u062f\u0648\u0642-\u062e\u062a\u0645-\u0627\u0644\u0643\u0631\u062a\u0648\u0646-\u0645\u0639","status":"publish","type":"product","link":"https:\/\/alfequipment.com\/ar\/product\/\u0634\u0647\u0627\u062f\u0629-ce-fxc505050-\u0622\u0644\u0629-\u062a\u063a\u0644\u064a\u0641-\u0635\u0646\u062f\u0648\u0642-\u062e\u062a\u0645-\u0627\u0644\u0643\u0631\u062a\u0648\u0646-\u0645\u0639\/","title":{"rendered":"\u0634\u0647\u0627\u062f\u0629 CE FXC5050 FXC50 \u0622\u0644\u0629 \u062a\u063a\u0644\u064a\u0641 \u0648\u062e\u062a\u0645 \u0627\u0644\u0639\u0644\u0628 \u0627\u0644\u0643\u0631\u062a\u0648\u0646\u064a\u0629 \u0645\u0639 \u0646\u0627\u0642\u0644 \u0627\u0644\u062d\u0632\u0627\u0645 \u0627\u0644\u062c\u0627\u0646\u0628\u064a"},"content":{"rendered":"<div data-magic-global=\"%7B%22bizId%22%3A17179933680%2C%22pageId%22%3A21047035337%2C%22siteId%22%3A5005331025%7D\" id=\"detail_decorate_root\">\n<div module-id=\"28332787859\" module-title=\"detailProductNavigation\" render=\"true\" class=\"J_module\">\n<div id=\"ali-anchor-AliMagic-pjw46t\" data-section=\"AliMagic-pjw46t\" data-section-title=\"Product Description\" class=\"magic-0\">1.1.FXC5050 \u0622\u0644\u0629 \u062e\u062a\u0645 \u0627\u0644\u0643\u0631\u062a\u0648\u0646 \u062a\u0633\u062a\u062e\u062f\u0645 \u0628\u0634\u0643\u0644 \u0623\u0633\u0627\u0633\u064a \u0641\u064a \u062e\u062a\u0645 \u0648\u062a\u0639\u0628\u0626\u0629 \u0627\u0644\u0643\u0631\u0627\u062a\u064a\u0646 \u060c \u0648\u0627\u0644\u062a\u064a \u064a\u0645\u0643\u0646 \u0627\u0633\u062a\u062e\u062f\u0627\u0645\u0647\u0627 \u0625\u0645\u0627 \u0628\u0634\u0643\u0644 \u0645\u0633\u062a\u0642\u0644 \u0623\u0648 \u0643\u062c\u0632\u0621 \u0636\u0631\u0648\u0631\u064a \u0645\u0646 \u062e\u0637 \u0627\u0644\u0625\u0646\u062a\u0627\u062c.<\/div>\n<\/div>\n<div module-id=\"28332787860\" module-title=\"detailTextWithTitle\" render=\"true\" class=\"J_module\">\n<div class=\"detail-decorate-json-renderer-container\">\n<div class=\"magic-1\">\n<div class=\"magic-4\">\n<div class=\"magic-5\">\n<div class=\"magic-6\">\n<p class=\"magic-7\">2- \u064a\u062a\u0645 \u062a\u0631\u0643\u064a\u0628 \u0627\u0644\u062d\u0632\u0627\u0645 \u0627\u0644\u0646\u0627\u0642\u0644 \u0641\u064a \u0627\u0644\u062c\u0627\u0646\u0628 \u0627\u0644\u0623\u064a\u0633\u0631 \u0648\u0627\u0644\u0623\u064a\u0645\u0646.<\/p>\n<p class=\"magic-7\"><\/p>\n<p class=\"magic-7\">3- \u064a\u062a\u0645 \u0646\u0642\u0644 \u0627\u0644\u0643\u0631\u062a\u0648\u0646 \u0628\u0648\u0627\u0633\u0637\u0629 \u0633\u064a\u0648\u0631 \u0646\u0627\u0642\u0644\u0629 \u062c\u0627\u0646\u0628\u064a\u0629.<\/p>\n<p class=\"magic-7\">4- \u0627\u0636\u0628\u0637 \u0627\u0631\u062a\u0641\u0627\u0639 \u0627\u0644\u062e\u062a\u0645 \u0648\u0639\u0631\u0636\u0647 \u064a\u062f\u0648\u064a\u064b\u0627 \u0648\u0641\u0642\u064b\u0627 \u0644\u062d\u062c\u0645 \u0627\u0644\u0643\u0631\u062a\u0648\u0646\u0629\u060c \u062b\u0645 \u0636\u0639 \u0627\u0644\u0643\u0631\u062a\u0648\u0646\u0629 \u0639\u0644\u0649 \u0637\u0627\u0648\u0644\u0629 \u0627\u0644\u0639\u0645\u0644\u060c \u0648\u0633\u064a\u062a\u0645 \u0646\u0642\u0644 \u0627\u0644\u0643\u0631\u062a\u0648\u0646\u0629 \u0648\u0625\u063a\u0644\u0627\u0642\u0647\u0627 \u0628\u0634\u0631\u064a\u0637 \u0644\u0627\u0635\u0642 \u062a\u0644\u0642\u0627\u0626\u064a\u064b\u0627 \u0641\u064a \u0646\u0641\u0633 \u0627\u0644\u0648\u0642\u062a.<\/p>\n<\/p><\/div>\n<\/p><\/div>\n<\/p><\/div>\n<\/p><\/div>\n<\/p><\/div>\n<\/p><\/div>\n<div module-id=\"28332787861\" module-title=\"detailTableHightLight\" render=\"true\" class=\"J_module\">\n<div class=\"ife-detail-decorate-table\">\n<table class=\"all magic-8\">\n<tbody>\n<tr>\n<td colspan=\"1\" rowspan=\"1\">\n<div class=\"magic-9\">\n        \u0627\u0644\u0637\u0631\u0627\u0632\n       <\/div>\n<\/td>\n<td colspan=\"1\" rowspan=\"1\">\n<div class=\"magic-10\">\n        FXC505050\n       <\/div>\n<\/td>\n<\/tr>\n<tr>\n<td colspan=\"1\" rowspan=\"1\">\n<div class=\"magic-9\">\n        \u0645\u0635\u062f\u0631 \u0627\u0644\u0637\u0627\u0642\u0629\n       <\/div>\n<\/td>\n<td colspan=\"1\" rowspan=\"1\">\n<div class=\"magic-10\">\n        220\/110 \u0641\u0648\u0644\u062a 50\/60 \u0647\u0631\u062a\u0632 240 \u0648\u0627\u062a\n       <\/div>\n<\/td>\n<\/tr>\n<tr>\n<td colspan=\"1\" rowspan=\"1\">\n<div class=\"magic-9\">\n        \u0633\u0639\u0629 \u0627\u0644\u062e\u062a\u0645\n       <\/div>\n<\/td>\n<td colspan=\"1\" rowspan=\"1\">\n<div class=\"magic-10\">\n        1000 \u0642\u0637\u0639\u0629 (\u062d\u062c\u0645 \u0642\u064a\u0627\u0633\u064a) \u0641\u064a \u0627\u0644\u0633\u0627\u0639\u0629\n       <\/div>\n<\/td>\n<\/tr>\n<tr>\n<td colspan=\"1\" rowspan=\"1\">\n<div class=\"magic-9\">\n        \u0639\u0631\u0636 \u0627\u0644\u0634\u0631\u064a\u0637 \u0627\u0644\u0644\u0627\u0635\u0642\n       <\/div>\n<\/td>\n<td colspan=\"1\" rowspan=\"1\">\n<div class=\"magic-10\">\n        36\u060c 48\u060c 60 \u0645\u0645\n       <\/div>\n<\/td>\n<\/tr>\n<tr>\n<td colspan=\"1\" rowspan=\"1\">\n<div class=\"magic-9\">\n        \u0637\u0631\u064a\u0642\u0629 \u0627\u0644\u0625\u0631\u0633\u0627\u0644\n       <\/div>\n<\/td>\n<td colspan=\"1\" rowspan=\"1\">\n<div class=\"magic-10\">\n        \u0622\u0644\u064a\u0629 \u0627\u0644\u0646\u0642\u0644 \u0645\u0646 \u0627\u0644\u062c\u0627\u0646\u0628 \u0627\u0644\u0623\u064a\u0633\u0631 \u0648\u0627\u0644\u0623\u064a\u0645\u0646\n       <\/div>\n<\/td>\n<\/tr>\n<tr>\n<td colspan=\"1\" rowspan=\"1\">\n<div class=\"magic-9\">\n        \u0627\u0644\u062d\u062f \u0627\u0644\u0623\u0642\u0635\u0649 \u0644\u062d\u062c\u0645 \u0627\u0644\u0639\u0644\u0628\u0629\n       <\/div>\n<\/td>\n<td colspan=\"1\" rowspan=\"1\">\n<div class=\"magic-10\">\n        500 \u00d7 500 \u0645\u0645 (\u0627\u0644\u0639\u0631\u0636 \u00d7 \u0627\u0644\u0627\u0631\u062a\u0641\u0627\u0639)\n       <\/div>\n<\/td>\n<\/tr>\n<tr>\n<td colspan=\"1\" rowspan=\"1\">\n<div class=\"magic-9\">\n        \u0627\u0644\u062d\u062f \u0627\u0644\u0623\u062f\u0646\u0649 \u0644\u062d\u062c\u0645 \u0627\u0644\u0639\u0644\u0628\u0629\n       <\/div>\n<\/td>\n<td colspan=\"1\" rowspan=\"1\">\n<div class=\"magic-10\">\n        130*120 \u0645\u0645 (\u0639\u0631\u0636 \u00d7 \u0627\u0631\u062a\u0641\u0627\u0639)\n       <\/div>\n<\/td>\n<\/tr>\n<tr>\n<td colspan=\"1\" rowspan=\"1\">\n<div class=\"magic-9\">\n        \u0627\u0644\u062d\u062c\u0645 \u0627\u0644\u0643\u0644\u064a\n       <\/div>\n<\/td>\n<td colspan=\"1\" rowspan=\"1\">\n<div class=\"magic-10\">\n        1850 \u00d7 835 \u00d7 1100 \u00d7 1100 ~ 1720 \u0645\u0645 (\u0627\u0644\u0637\u0648\u0644 \u00d7 \u0627\u0644\u0639\u0631\u0636 \u00d7 \u0627\u0644\u0627\u0631\u062a\u0641\u0627\u0639)\n       <\/div>\n<\/td>\n<\/tr>\n<tr>\n<td colspan=\"1\" rowspan=\"1\">\n<div class=\"magic-9\">\n        \u0627\u0644\u0648\u0632\u0646\n       <\/div>\n<\/td>\n<td colspan=\"1\" rowspan=\"1\">\n<div class=\"magic-10\">\n        120 \u0643\u062c\u0645\n       <\/div>\n<\/td>\n<\/tr>\n<\/tbody>\n<\/table><\/div>\n<\/p><\/div>\n<div module-id=\"28332787862\" module-title=\"detailSingleImage\" render=\"true\" class=\"J_module\">\n<div class=\"icbu-pc-images magic-11\">\n<div>\n<div class=\"flex-layout-v\">\n<div class=\"flex-layout-h magic-11\">\n<div class=\"magic-12\">\n       <img decoding=\"async\" src=\"https:\/\/sc01.alicdn.com\/kf\/HTB1DlLrXifrK1RjSspbq6A4pFXaZ\/64496\/HTB1DlLrXifrK1RjSspbq6A4pFXaZ.jpg\" class=\"aligncenter\">\n      <\/div>\n<\/p><\/div>\n<\/p><\/div>\n<\/p><\/div>\n<\/p><\/div>\n<\/p><\/div>\n<div module-id=\"28332787863\" module-title=\"detailVerticalImages\" render=\"true\" class=\"J_module\">\n<div class=\"icbu-pc-images magic-11\">\n<div>\n<div class=\"flex-layout-v\">\n<div class=\"magic-14\">\n      <img decoding=\"async\" src=\"https:\/\/sc01.alicdn.com\/kf\/HTB1972taorrK1RkSne1q6ArVVXaC\/64496\/HTB1972taorrK1RkSne1q6ArVVXaC.jpg\" class=\"aligncenter\">\n     <\/div>\n<div class=\"flex-layout-h magic-11\">\n<div class=\"magic-16\">\n       <img decoding=\"async\" src=\"https:\/\/sc02.alicdn.com\/kf\/HTB1APLoainrK1RjSsziq6xptpXaw\/64496\/HTB1APLoainrK1RjSsziq6xptpXaw.jpg\" class=\"aligncenter\">\n      <\/div>\n<div class=\"magic-18\">\n       <img decoding=\"async\" src=\"https:\/\/sc02.alicdn.com\/kf\/HTB1dzjpaiLxK1Rjy0Ffq6zYdVXa8\/64496\/HTB1dzjpaiLxK1Rjy0Ffq6zYdVXa8.jpg\" class=\"aligncenter\">\n      <\/div>\n<\/p><\/div>\n<\/p><\/div>\n<\/p><\/div>\n<\/p><\/div>\n<\/p><\/div>\n<div module-id=\"28332787864\" module-title=\"detailSingleImage\" render=\"true\" class=\"J_module\">\n<div class=\"icbu-pc-images magic-11\">\n<div>\n<div class=\"flex-layout-v\">\n<div class=\"flex-layout-h magic-11\">\n<div class=\"magic-20\">\n       <img decoding=\"async\" src=\"https:\/\/sc02.alicdn.com\/kf\/HTB1m12maifrK1RjSspbq6A4pFXai\/64496\/HTB1m12maifrK1RjSspbq6A4pFXai.jpg\" class=\"aligncenter\">\n      <\/div>\n<\/p><\/div>\n<\/p><\/div>\n<\/p><\/div>\n<\/p><\/div>\n<\/p><\/div>\n<\/div>","protected":false},"excerpt":{"rendered":"<p>\u0646\u0627\u0642\u0644 \u0627\u0644\u062d\u0632\u0627\u0645 \u0627\u0644\u0646\u0627\u0642\u0644 \u0627\u0644\u062c\u0627\u0646\u0628\u064a \u0644\u0645\u0627\u0643\u064a\u0646\u0629 \u062e\u062a\u0645 \u0627\u0644\u0643\u0631\u062a\u0648\u0646<\/p>","protected":false},"featured_media":3081,"comment_status":"closed","ping_status":"open","template":"","meta":[],"product_brand":[],"product_cat":[116,97],"product_tag":[],"class_list":{"0":"post-3080","1":"product","2":"type-product","3":"status-publish","4":"has-post-thumbnail","6":"product_cat-carton-sealing-machine","7":"product_cat-sealing-machines","9":"first","10":"instock","11":"sale","12":"purchasable","13":"product-type-simple"},"yoast_head":"<!-- This site is optimized with the Yoast SEO Premium plugin v20.9 (Yoast SEO v26.5) - https:\/\/yoast.com\/wordpress\/plugins\/seo\/ -->\n<title>CE Certification FXC5050 Carton sealer box sealing packaging machine with side belt conveyor - ALF PACK<\/title>\n<meta name=\"robots\" content=\"index, follow, max-snippet:-1, max-image-preview:large, max-video-preview:-1\" \/>\n<link rel=\"canonical\" href=\"https:\/\/alfequipment.com\/ar\/product\/\u0634\u0647\u0627\u062f\u0629-ce-fxc505050-\u0622\u0644\u0629-\u062a\u063a\u0644\u064a\u0641-\u0635\u0646\u062f\u0648\u0642-\u062e\u062a\u0645-\u0627\u0644\u0643\u0631\u062a\u0648\u0646-\u0645\u0639\/\" \/>\n<meta property=\"og:locale\" content=\"ar_AR\" \/>\n<meta property=\"og:type\" content=\"article\" \/>\n<meta property=\"og:title\" content=\"CE Certification FXC5050 Carton sealer box sealing packaging machine with side belt conveyor\" \/>\n<meta property=\"og:description\" content=\"Carton Sealing Machine Side Belt Conveyor\" \/>\n<meta property=\"og:url\" content=\"https:\/\/alfequipment.com\/ar\/product\/\u0634\u0647\u0627\u062f\u0629-ce-fxc505050-\u0622\u0644\u0629-\u062a\u063a\u0644\u064a\u0641-\u0635\u0646\u062f\u0648\u0642-\u062e\u062a\u0645-\u0627\u0644\u0643\u0631\u062a\u0648\u0646-\u0645\u0639\/\" \/>\n<meta property=\"og:site_name\" content=\"ALF PACK\" \/>\n<meta property=\"article:modified_time\" content=\"2025-01-13T14:43:53+00:00\" \/>\n<meta property=\"og:image\" content=\"https:\/\/alfequipment.com\/wp-content\/uploads\/2025\/01\/CE-Certification-FXC5050-Carton-sealer-box-sealing.jpg\" \/>\n\t<meta property=\"og:image:width\" content=\"800\" \/>\n\t<meta property=\"og:image:height\" content=\"800\" \/>\n\t<meta property=\"og:image:type\" content=\"image\/webp\" \/>\n<meta name=\"twitter:card\" content=\"summary_large_image\" \/>\n<meta name=\"twitter:label1\" content=\"\u0648\u0642\u062a \u0627\u0644\u0642\u0631\u0627\u0621\u0629 \u0627\u0644\u0645\u064f\u0642\u062f\u0651\u0631\" \/>\n\t<meta name=\"twitter:data1\" content=\"\u062f\u0642\u064a\u0642\u0629 \u0648\u0627\u062d\u062f\u0629\" \/>\n<script type=\"application\/ld+json\" class=\"yoast-schema-graph\">{\"@context\":\"https:\/\/schema.org\",\"@graph\":[{\"@type\":\"WebPage\",\"@id\":\"https:\/\/alfequipment.com\/product\/ce-certification-fxc5050-carton-sealer-box-sealing-packaging-machine-with-side-belt-conveyor\/\",\"url\":\"https:\/\/alfequipment.com\/product\/ce-certification-fxc5050-carton-sealer-box-sealing-packaging-machine-with-side-belt-conveyor\/\",\"name\":\"CE Certification FXC5050 Carton sealer box sealing packaging machine with side belt conveyor - ALF PACK\",\"isPartOf\":{\"@id\":\"https:\/\/alfequipment.com\/#website\"},\"primaryImageOfPage\":{\"@id\":\"https:\/\/alfequipment.com\/product\/ce-certification-fxc5050-carton-sealer-box-sealing-packaging-machine-with-side-belt-conveyor\/#primaryimage\"},\"image\":{\"@id\":\"https:\/\/alfequipment.com\/product\/ce-certification-fxc5050-carton-sealer-box-sealing-packaging-machine-with-side-belt-conveyor\/#primaryimage\"},\"thumbnailUrl\":\"https:\/\/alfequipment.com\/wp-content\/uploads\/2025\/01\/CE-Certification-FXC5050-Carton-sealer-box-sealing.jpg\",\"datePublished\":\"2024-12-13T10:45:34+00:00\",\"dateModified\":\"2025-01-13T14:43:53+00:00\",\"breadcrumb\":{\"@id\":\"https:\/\/alfequipment.com\/product\/ce-certification-fxc5050-carton-sealer-box-sealing-packaging-machine-with-side-belt-conveyor\/#breadcrumb\"},\"inLanguage\":\"ar\",\"potentialAction\":[{\"@type\":\"ReadAction\",\"target\":[\"https:\/\/alfequipment.com\/product\/ce-certification-fxc5050-carton-sealer-box-sealing-packaging-machine-with-side-belt-conveyor\/\"]}]},{\"@type\":\"ImageObject\",\"inLanguage\":\"ar\",\"@id\":\"https:\/\/alfequipment.com\/product\/ce-certification-fxc5050-carton-sealer-box-sealing-packaging-machine-with-side-belt-conveyor\/#primaryimage\",\"url\":\"https:\/\/alfequipment.com\/wp-content\/uploads\/2025\/01\/CE-Certification-FXC5050-Carton-sealer-box-sealing.jpg\",\"contentUrl\":\"https:\/\/alfequipment.com\/wp-content\/uploads\/2025\/01\/CE-Certification-FXC5050-Carton-sealer-box-sealing.jpg\",\"width\":800,\"height\":800},{\"@type\":\"BreadcrumbList\",\"@id\":\"https:\/\/alfequipment.com\/product\/ce-certification-fxc5050-carton-sealer-box-sealing-packaging-machine-with-side-belt-conveyor\/#breadcrumb\",\"itemListElement\":[{\"@type\":\"ListItem\",\"position\":1,\"name\":\"Home\",\"item\":\"https:\/\/alfequipment.com\/\"},{\"@type\":\"ListItem\",\"position\":2,\"name\":\"Shop\",\"item\":\"https:\/\/alfequipment.com\/shop\/\"},{\"@type\":\"ListItem\",\"position\":3,\"name\":\"CE Certification FXC5050 Carton sealer box sealing packaging machine with side belt conveyor\"}]},{\"@type\":\"WebSite\",\"@id\":\"https:\/\/alfequipment.com\/#website\",\"url\":\"https:\/\/alfequipment.com\/\",\"name\":\"ALF PACK\",\"description\":\"\",\"publisher\":{\"@id\":\"https:\/\/alfequipment.com\/#organization\"},\"potentialAction\":[{\"@type\":\"SearchAction\",\"target\":{\"@type\":\"EntryPoint\",\"urlTemplate\":\"https:\/\/alfequipment.com\/?s={search_term_string}\"},\"query-input\":{\"@type\":\"PropertyValueSpecification\",\"valueRequired\":true,\"valueName\":\"search_term_string\"}}],\"inLanguage\":\"ar\"},{\"@type\":\"Organization\",\"@id\":\"https:\/\/alfequipment.com\/#organization\",\"name\":\"ALF PACK\",\"url\":\"https:\/\/alfequipment.com\/\",\"logo\":{\"@type\":\"ImageObject\",\"inLanguage\":\"ar\",\"@id\":\"https:\/\/alfequipment.com\/#\/schema\/logo\/image\/\",\"url\":\"https:\/\/alfequipment.com\/wp-content\/uploads\/2024\/11\/ALFlogo-2.webp\",\"contentUrl\":\"https:\/\/alfequipment.com\/wp-content\/uploads\/2024\/11\/ALFlogo-2.webp\",\"width\":758,\"height\":750,\"caption\":\"ALF PACK\"},\"image\":{\"@id\":\"https:\/\/alfequipment.com\/#\/schema\/logo\/image\/\"}}]}<\/script>\n<!-- \/ Yoast SEO Premium plugin. -->","yoast_head_json":{"title":"\u0634\u0647\u0627\u062f\u0629 CE FXC5050 FXC50 \u0622\u0644\u0629 \u062a\u063a\u0644\u064a\u0641 \u0648\u062e\u062a\u0645 \u0627\u0644\u0639\u0644\u0628 \u0627\u0644\u0643\u0631\u062a\u0648\u0646\u064a\u0629 \u0645\u0639 \u0646\u0627\u0642\u0644 \u0633\u064a\u0631 \u062c\u0627\u0646\u0628\u064a - ALF PACK","robots":{"index":"index","follow":"follow","max-snippet":"max-snippet:-1","max-image-preview":"max-image-preview:large","max-video-preview":"max-video-preview:-1"},"canonical":"https:\/\/alfequipment.com\/ar\/product\/\u0634\u0647\u0627\u062f\u0629-ce-fxc505050-\u0622\u0644\u0629-\u062a\u063a\u0644\u064a\u0641-\u0635\u0646\u062f\u0648\u0642-\u062e\u062a\u0645-\u0627\u0644\u0643\u0631\u062a\u0648\u0646-\u0645\u0639\/","og_locale":"ar_AR","og_type":"article","og_title":"CE Certification FXC5050 Carton sealer box sealing packaging machine with side belt conveyor","og_description":"Carton Sealing Machine Side Belt Conveyor","og_url":"https:\/\/alfequipment.com\/ar\/product\/\u0634\u0647\u0627\u062f\u0629-ce-fxc505050-\u0622\u0644\u0629-\u062a\u063a\u0644\u064a\u0641-\u0635\u0646\u062f\u0648\u0642-\u062e\u062a\u0645-\u0627\u0644\u0643\u0631\u062a\u0648\u0646-\u0645\u0639\/","og_site_name":"ALF PACK","article_modified_time":"2025-01-13T14:43:53+00:00","og_image":[{"width":800,"height":800,"url":"https:\/\/alfequipment.com\/wp-content\/uploads\/2025\/01\/CE-Certification-FXC5050-Carton-sealer-box-sealing.jpg","type":"image\/webp"}],"twitter_card":"summary_large_image","twitter_misc":{"\u0648\u0642\u062a \u0627\u0644\u0642\u0631\u0627\u0621\u0629 \u0627\u0644\u0645\u064f\u0642\u062f\u0651\u0631":"\u062f\u0642\u064a\u0642\u0629 \u0648\u0627\u062d\u062f\u0629"},"schema":{"@context":"https:\/\/schema.org","@graph":[{"@type":"WebPage","@id":"https:\/\/alfequipment.com\/product\/ce-certification-fxc5050-carton-sealer-box-sealing-packaging-machine-with-side-belt-conveyor\/","url":"https:\/\/alfequipment.com\/product\/ce-certification-fxc5050-carton-sealer-box-sealing-packaging-machine-with-side-belt-conveyor\/","name":"\u0634\u0647\u0627\u062f\u0629 CE FXC5050 FXC50 \u0622\u0644\u0629 \u062a\u063a\u0644\u064a\u0641 \u0648\u062e\u062a\u0645 \u0627\u0644\u0639\u0644\u0628 \u0627\u0644\u0643\u0631\u062a\u0648\u0646\u064a\u0629 \u0645\u0639 \u0646\u0627\u0642\u0644 \u0633\u064a\u0631 \u062c\u0627\u0646\u0628\u064a - ALF PACK","isPartOf":{"@id":"https:\/\/alfequipment.com\/#website"},"primaryImageOfPage":{"@id":"https:\/\/alfequipment.com\/product\/ce-certification-fxc5050-carton-sealer-box-sealing-packaging-machine-with-side-belt-conveyor\/#primaryimage"},"image":{"@id":"https:\/\/alfequipment.com\/product\/ce-certification-fxc5050-carton-sealer-box-sealing-packaging-machine-with-side-belt-conveyor\/#primaryimage"},"thumbnailUrl":"https:\/\/alfequipment.com\/wp-content\/uploads\/2025\/01\/CE-Certification-FXC5050-Carton-sealer-box-sealing.jpg","datePublished":"2024-12-13T10:45:34+00:00","dateModified":"2025-01-13T14:43:53+00:00","breadcrumb":{"@id":"https:\/\/alfequipment.com\/product\/ce-certification-fxc5050-carton-sealer-box-sealing-packaging-machine-with-side-belt-conveyor\/#breadcrumb"},"inLanguage":"ar","potentialAction":[{"@type":"ReadAction","target":["https:\/\/alfequipment.com\/product\/ce-certification-fxc5050-carton-sealer-box-sealing-packaging-machine-with-side-belt-conveyor\/"]}]},{"@type":"ImageObject","inLanguage":"ar","@id":"https:\/\/alfequipment.com\/product\/ce-certification-fxc5050-carton-sealer-box-sealing-packaging-machine-with-side-belt-conveyor\/#primaryimage","url":"https:\/\/alfequipment.com\/wp-content\/uploads\/2025\/01\/CE-Certification-FXC5050-Carton-sealer-box-sealing.jpg","contentUrl":"https:\/\/alfequipment.com\/wp-content\/uploads\/2025\/01\/CE-Certification-FXC5050-Carton-sealer-box-sealing.jpg","width":800,"height":800},{"@type":"BreadcrumbList","@id":"https:\/\/alfequipment.com\/product\/ce-certification-fxc5050-carton-sealer-box-sealing-packaging-machine-with-side-belt-conveyor\/#breadcrumb","itemListElement":[{"@type":"ListItem","position":1,"name":"Home","item":"https:\/\/alfequipment.com\/"},{"@type":"ListItem","position":2,"name":"Shop","item":"https:\/\/alfequipment.com\/shop\/"},{"@type":"ListItem","position":3,"name":"CE Certification FXC5050 Carton sealer box sealing packaging machine with side belt conveyor"}]},{"@type":"WebSite","@id":"https:\/\/alfequipment.com\/#website","url":"https:\/\/alfequipment.com\/","name":"\u062d\u0632\u0645\u0629 \u0623\u0644\u0641 \u062d\u0632\u0645\u0629","description":"","publisher":{"@id":"https:\/\/alfequipment.com\/#organization"},"potentialAction":[{"@type":"SearchAction","target":{"@type":"EntryPoint","urlTemplate":"https:\/\/alfequipment.com\/?s={search_term_string}"},"query-input":{"@type":"PropertyValueSpecification","valueRequired":true,"valueName":"search_term_string"}}],"inLanguage":"ar"},{"@type":"Organization","@id":"https:\/\/alfequipment.com\/#organization","name":"\u062d\u0632\u0645\u0629 \u0623\u0644\u0641 \u062d\u0632\u0645\u0629","url":"https:\/\/alfequipment.com\/","logo":{"@type":"ImageObject","inLanguage":"ar","@id":"https:\/\/alfequipment.com\/#\/schema\/logo\/image\/","url":"https:\/\/alfequipment.com\/wp-content\/uploads\/2024\/11\/ALFlogo-2.webp","contentUrl":"https:\/\/alfequipment.com\/wp-content\/uploads\/2024\/11\/ALFlogo-2.webp","width":758,"height":750,"caption":"ALF PACK"},"image":{"@id":"https:\/\/alfequipment.com\/#\/schema\/logo\/image\/"}}]}},"_links":{"self":[{"href":"https:\/\/alfequipment.com\/ar\/wp-json\/wp\/v2\/product\/3080","targetHints":{"allow":["GET"]}}],"collection":[{"href":"https:\/\/alfequipment.com\/ar\/wp-json\/wp\/v2\/product"}],"about":[{"href":"https:\/\/alfequipment.com\/ar\/wp-json\/wp\/v2\/types\/product"}],"replies":[{"embeddable":true,"href":"https:\/\/alfequipment.com\/ar\/wp-json\/wp\/v2\/comments?post=3080"}],"version-history":[{"count":0,"href":"https:\/\/alfequipment.com\/ar\/wp-json\/wp\/v2\/product\/3080\/revisions"}],"wp:featuredmedia":[{"embeddable":true,"href":"https:\/\/alfequipment.com\/ar\/wp-json\/wp\/v2\/media\/3081"}],"wp:attachment":[{"href":"https:\/\/alfequipment.com\/ar\/wp-json\/wp\/v2\/media?parent=3080"}],"wp:term":[{"taxonomy":"product_brand","embeddable":true,"href":"https:\/\/alfequipment.com\/ar\/wp-json\/wp\/v2\/product_brand?post=3080"},{"taxonomy":"product_cat","embeddable":true,"href":"https:\/\/alfequipment.com\/ar\/wp-json\/wp\/v2\/product_cat?post=3080"},{"taxonomy":"product_tag","embeddable":true,"href":"https:\/\/alfequipment.com\/ar\/wp-json\/wp\/v2\/product_tag?post=3080"}],"curies":[{"name":"wp","href":"https:\/\/api.w.org\/{rel}","templated":true}]}}