{"id":416,"date":"2024-11-20T14:35:58","date_gmt":"2024-11-20T14:35:58","guid":{"rendered":"https:\/\/electrician-galway.com\/?page_id=416"},"modified":"2025-12-27T02:46:18","modified_gmt":"2025-12-27T02:46:18","slug":"datenschutzbestimmungen","status":"publish","type":"page","link":"https:\/\/alfequipment.com\/de\/datenschutzbestimmungen\/","title":{"rendered":"Datenschutzbestimmungen"},"content":{"rendered":"<div data-elementor-type=\"wp-page\" data-elementor-id=\"416\" class=\"elementor elementor-416\" data-elementor-settings=\"{&quot;element_pack_global_tooltip_width&quot;:{&quot;unit&quot;:&quot;px&quot;,&quot;size&quot;:&quot;&quot;,&quot;sizes&quot;:[]},&quot;element_pack_global_tooltip_width_tablet&quot;:{&quot;unit&quot;:&quot;px&quot;,&quot;size&quot;:&quot;&quot;,&quot;sizes&quot;:[]},&quot;element_pack_global_tooltip_width_mobile&quot;:{&quot;unit&quot;:&quot;px&quot;,&quot;size&quot;:&quot;&quot;,&quot;sizes&quot;:[]},&quot;element_pack_global_tooltip_padding&quot;:{&quot;unit&quot;:&quot;px&quot;,&quot;top&quot;:&quot;&quot;,&quot;right&quot;:&quot;&quot;,&quot;bottom&quot;:&quot;&quot;,&quot;left&quot;:&quot;&quot;,&quot;isLinked&quot;:true},&quot;element_pack_global_tooltip_padding_tablet&quot;:{&quot;unit&quot;:&quot;px&quot;,&quot;top&quot;:&quot;&quot;,&quot;right&quot;:&quot;&quot;,&quot;bottom&quot;:&quot;&quot;,&quot;left&quot;:&quot;&quot;,&quot;isLinked&quot;:true},&quot;element_pack_global_tooltip_padding_mobile&quot;:{&quot;unit&quot;:&quot;px&quot;,&quot;top&quot;:&quot;&quot;,&quot;right&quot;:&quot;&quot;,&quot;bottom&quot;:&quot;&quot;,&quot;left&quot;:&quot;&quot;,&quot;isLinked&quot;:true},&quot;element_pack_global_tooltip_border_radius&quot;:{&quot;unit&quot;:&quot;px&quot;,&quot;top&quot;:&quot;&quot;,&quot;right&quot;:&quot;&quot;,&quot;bottom&quot;:&quot;&quot;,&quot;left&quot;:&quot;&quot;,&quot;isLinked&quot;:true},&quot;element_pack_global_tooltip_border_radius_tablet&quot;:{&quot;unit&quot;:&quot;px&quot;,&quot;top&quot;:&quot;&quot;,&quot;right&quot;:&quot;&quot;,&quot;bottom&quot;:&quot;&quot;,&quot;left&quot;:&quot;&quot;,&quot;isLinked&quot;:true},&quot;element_pack_global_tooltip_border_radius_mobile&quot;:{&quot;unit&quot;:&quot;px&quot;,&quot;top&quot;:&quot;&quot;,&quot;right&quot;:&quot;&quot;,&quot;bottom&quot;:&quot;&quot;,&quot;left&quot;:&quot;&quot;,&quot;isLinked&quot;:true}}\" data-elementor-post-type=\"page\">\n\t\t\t\t\t\t<section class=\"elementor-section elementor-top-section elementor-element elementor-element-38d3fd6a elementor-section-height-min-height elementor-section-boxed elementor-section-height-default elementor-section-items-middle\" data-id=\"38d3fd6a\" data-element_type=\"section\" data-settings=\"{&quot;background_background&quot;:&quot;classic&quot;}\">\n\t\t\t\t\t\t\t<div class=\"elementor-background-overlay\"><\/div>\n\t\t\t\t\t\t\t<div class=\"elementor-container elementor-column-gap-default\">\n\t\t\t\t\t<div class=\"elementor-column elementor-col-100 elementor-top-column elementor-element elementor-element-22114910\" data-id=\"22114910\" data-element_type=\"column\">\n\t\t\t<div class=\"elementor-widget-wrap elementor-element-populated\">\n\t\t\t\t\t\t<div class=\"elementor-element elementor-element-6dbc8bf3 elementor-widget elementor-widget-heading\" data-id=\"6dbc8bf3\" data-element_type=\"widget\" data-widget_type=\"heading.default\">\n\t\t\t\t<div class=\"elementor-widget-container\">\n\t\t\t\t\t<h1 class=\"elementor-heading-title elementor-size-default\">Datenschutzbestimmungen<\/h1>\t\t\t\t<\/div>\n\t\t\t\t<\/div>\n\t\t\t\t\t<\/div>\n\t\t<\/div>\n\t\t\t\t\t<\/div>\n\t\t<\/section>\n\t\t\t\t<section class=\"elementor-section elementor-top-section elementor-element elementor-element-2464a502 elementor-section-boxed elementor-section-height-default elementor-section-height-default\" data-id=\"2464a502\" data-element_type=\"section\">\n\t\t\t\t\t\t<div class=\"elementor-container elementor-column-gap-default\">\n\t\t\t\t\t<div class=\"elementor-column elementor-col-100 elementor-top-column elementor-element elementor-element-412fe25b\" data-id=\"412fe25b\" data-element_type=\"column\">\n\t\t\t<div class=\"elementor-widget-wrap elementor-element-populated\">\n\t\t\t\t\t\t<div class=\"elementor-element elementor-element-4651b1ec elementor-widget elementor-widget-text-editor\" data-id=\"4651b1ec\" data-element_type=\"widget\" data-widget_type=\"text-editor.default\">\n\t\t\t\t<div class=\"elementor-widget-container\">\n\t\t\t\t\t\t\t\t\t<p>Datum des Inkrafttretens: 2025-1-2<\/p>\n<p>\u00a0<\/p>\n<p>Wir bei Alfpack verpflichten uns, die Privatsph\u00e4re und Sicherheit unserer Kunden und Website-Besucher zu sch\u00fctzen. In dieser Datenschutzrichtlinie wird erl\u00e4utert, wie wir Ihre pers\u00f6nlichen Daten erfassen, verwenden und sch\u00fctzen, wenn Sie unsere Website besuchen oder unsere Dienste nutzen.<\/p>\n<p>\u00a0<\/p>\n<p>1. Informationen, die wir sammeln<\/p>\n<p>Wir sammeln die folgenden Arten von Informationen:<\/p>\n<p>\u00a0<\/p>\n<p>Pers\u00f6nliche Informationen: Name, E-Mail-Adresse, Telefonnummer und andere Angaben, die Sie \u00fcber Kontaktformulare oder Serviceanfragen machen.<\/p>\n<p>Browsing-Informationen: IP-Adresse, Browsertyp, aufgerufene Seiten und andere Analysedaten, die \u00fcber Cookies und \u00e4hnliche Tracking-Technologien erfasst werden.<\/p>\n<p>Transaktionsdaten: Details im Zusammenhang mit Zahlungen oder Dienstleistungen, die Sie in Anspruch nehmen (die sicher durch Drittanbieter verarbeitet werden).<\/p>\n<p>2. Wie wir Ihre Informationen verwenden<\/p>\n<p>Wir verwenden Ihre Informationen, um:<\/p>\n<p>\u00a0<\/p>\n<p>Beantwortung von Anfragen und Erstellung von Kostenvoranschl\u00e4gen f\u00fcr unsere Dienstleistungen.<\/p>\n<p>die von Ihnen angeforderten Produkte oder Dienstleistungen zu planen und zu liefern.<\/p>\n<p>Verbesserung der Funktionalit\u00e4t und der Benutzerfreundlichkeit unserer Website.<\/p>\n<p>Einhaltung der rechtlichen Verpflichtungen und Beilegung von Streitigkeiten.<\/p>\n<p>3. Weitergabe von Informationen<\/p>\n<p>Wir verkaufen Ihre pers\u00f6nlichen Daten nicht. Wir k\u00f6nnen Ihre Informationen jedoch weitergeben an:<\/p>\n<p>\u00a0<\/p>\n<p>Dienstanbieter: Vertrauensw\u00fcrdige Dritte, die bei der Zahlungsabwicklung, dem Website-Hosting oder der Analyse helfen.<\/p>\n<p>Gesetzliche Beh\u00f6rden: Wenn dies gesetzlich vorgeschrieben ist oder zum Schutz unserer gesetzlichen Rechte.<\/p>\n<p>4. Cookies und Tracking-Technologien<\/p>\n<p>Unsere Website verwendet Cookies, um Ihr Surferlebnis zu verbessern. Cookies helfen uns, den Website-Verkehr zu analysieren und unsere Dienste zu optimieren. Sie k\u00f6nnen Ihren Browser so einstellen, dass er Cookies blockiert oder Sie \u00fcber die Verwendung von Cookies informiert.<\/p>\n<p>\u00a0<\/p>\n<p>5. Datensicherheit<\/p>\n<p>Wir setzen robuste Sicherheitsma\u00dfnahmen ein, um Ihre pers\u00f6nlichen Daten vor unbefugtem Zugriff oder Missbrauch zu sch\u00fctzen. Bitte beachten Sie jedoch, dass keine Methode der Daten\u00fcbertragung \u00fcber das Internet 100% sicher ist, und wir k\u00f6nnen keine absolute Sicherheit garantieren.<\/p>\n<p>\u00a0<\/p>\n<p>6. Deine Rechte<\/p>\n<p>Je nach Ihrem Wohnort haben Sie m\u00f6glicherweise die folgenden Rechte in Bezug auf Ihre personenbezogenen Daten:<\/p>\n<p>\u00a0<\/p>\n<p>Zugang zu den Informationen, die wir \u00fcber Sie gespeichert haben.<\/p>\n<p>die Berichtigung von ungenauen oder unvollst\u00e4ndigen Daten zu verlangen.<\/p>\n<p>die L\u00f6schung Ihrer personenbezogenen Daten zu verlangen (soweit gesetzlich zul\u00e4ssig).<\/p>\n<p>Abmeldung von Marketingmitteilungen.<\/p>\n<p>Wenn Sie eines dieser Rechte aus\u00fcben m\u00f6chten, wenden Sie sich bitte an service@alfpack.com.<\/p>\n<p>\u00a0<\/p>\n<p>7. Links von Drittanbietern<\/p>\n<p>Unsere Website kann Links zu Websites Dritter enthalten. Wir sind f\u00fcr deren Datenschutzpraktiken nicht verantwortlich. Wir empfehlen Ihnen, die Datenschutzrichtlinien dieser Websites zu lesen, bevor Sie pers\u00f6nliche Daten weitergeben.<\/p>\n<p>\u00a0<\/p>\n<p>8. Aktualisierungen dieser Richtlinie<\/p>\n<p>Wir k\u00f6nnen diese Datenschutzrichtlinie von Zeit zu Zeit aktualisieren. Alle \u00c4nderungen werden auf dieser Seite mit einem \u00fcberarbeiteten G\u00fcltigkeitsdatum ver\u00f6ffentlicht.<\/p>\n<p>\u00a0<\/p>\n<p>9. Kontakt<\/p>\n<p>Wenn Sie Fragen oder Bedenken bez\u00fcglich dieser Datenschutzerkl\u00e4rung oder Ihrer Daten haben, wenden Sie sich bitte an uns:<\/p>\n<p>\u00a0<\/p>\n<p>E-Mail: service@alfpack.com<\/p>\n<p>In dieser Version wird die Datenschutzerkl\u00e4rung an Alfpack angepasst, wobei die urspr\u00fcngliche Struktur und Klarheit beibehalten wird. Lassen Sie mich wissen, wenn Sie weitere Anpassungen w\u00fcnschen!<\/p>\t\t\t\t\t\t\t\t<\/div>\n\t\t\t\t<\/div>\n\t\t\t\t\t<\/div>\n\t\t<\/div>\n\t\t\t\t\t<\/div>\n\t\t<\/section>\n\t\t\t\t<\/div>","protected":false},"excerpt":{"rendered":"<p>Privacy Policy Effective Date: 2025-1-2 \u00a0 At Alfpack, we are committed to protecting the privacy and security of our customers and website visitors. This Privacy Policy explains how we collect, use, and safeguard your personal data when you visit our website or use our services. \u00a0 1. Information We Collect We collect the following types [&hellip;]<\/p>","protected":false},"author":1,"featured_media":0,"parent":0,"menu_order":0,"comment_status":"closed","ping_status":"closed","template":"","meta":{"footnotes":""},"class_list":["post-416","page","type-page","status-publish","hentry"],"yoast_head":"<!-- This site is optimized with the Yoast SEO Premium plugin v20.9 (Yoast SEO v26.5) - https:\/\/yoast.com\/wordpress\/plugins\/seo\/ -->\n<title>Privacy Policy - ALF PACK<\/title>\n<meta name=\"robots\" content=\"index, follow, max-snippet:-1, max-image-preview:large, max-video-preview:-1\" \/>\n<link rel=\"canonical\" href=\"https:\/\/alfequipment.com\/de\/datenschutzbestimmungen\/\" \/>\n<meta property=\"og:locale\" content=\"de_DE\" \/>\n<meta property=\"og:type\" content=\"article\" \/>\n<meta property=\"og:title\" content=\"Privacy Policy\" \/>\n<meta property=\"og:description\" content=\"Privacy Policy Effective Date: 2025-1-2 \u00a0 At Alfpack, we are committed to protecting the privacy and security of our customers and website visitors. This Privacy Policy explains how we collect, use, and safeguard your personal data when you visit our website or use our services. \u00a0 1. Information We Collect We collect the following types [&hellip;]\" \/>\n<meta property=\"og:url\" content=\"https:\/\/alfequipment.com\/de\/datenschutzbestimmungen\/\" \/>\n<meta property=\"og:site_name\" content=\"ALF PACK\" \/>\n<meta property=\"article:modified_time\" content=\"2025-12-27T02:46:18+00:00\" \/>\n<meta name=\"twitter:card\" content=\"summary_large_image\" \/>\n<meta name=\"twitter:label1\" content=\"Gesch\u00e4tzte Lesezeit\" \/>\n\t<meta name=\"twitter:data1\" content=\"2\u00a0Minuten\" \/>\n<script type=\"application\/ld+json\" class=\"yoast-schema-graph\">{\"@context\":\"https:\/\/schema.org\",\"@graph\":[{\"@type\":\"WebPage\",\"@id\":\"https:\/\/alfequipment.com\/privacy-policy\/\",\"url\":\"https:\/\/alfequipment.com\/privacy-policy\/\",\"name\":\"Privacy Policy - ALF PACK\",\"isPartOf\":{\"@id\":\"https:\/\/alfequipment.com\/#website\"},\"datePublished\":\"2024-11-20T14:35:58+00:00\",\"dateModified\":\"2025-12-27T02:46:18+00:00\",\"breadcrumb\":{\"@id\":\"https:\/\/alfequipment.com\/privacy-policy\/#breadcrumb\"},\"inLanguage\":\"de\",\"potentialAction\":[{\"@type\":\"ReadAction\",\"target\":[\"https:\/\/alfequipment.com\/privacy-policy\/\"]}]},{\"@type\":\"BreadcrumbList\",\"@id\":\"https:\/\/alfequipment.com\/privacy-policy\/#breadcrumb\",\"itemListElement\":[{\"@type\":\"ListItem\",\"position\":1,\"name\":\"Home\",\"item\":\"https:\/\/alfequipment.com\/\"},{\"@type\":\"ListItem\",\"position\":2,\"name\":\"Privacy Policy\"}]},{\"@type\":\"WebSite\",\"@id\":\"https:\/\/alfequipment.com\/#website\",\"url\":\"https:\/\/alfequipment.com\/\",\"name\":\"ALF PACK\",\"description\":\"\",\"publisher\":{\"@id\":\"https:\/\/alfequipment.com\/#organization\"},\"potentialAction\":[{\"@type\":\"SearchAction\",\"target\":{\"@type\":\"EntryPoint\",\"urlTemplate\":\"https:\/\/alfequipment.com\/?s={search_term_string}\"},\"query-input\":{\"@type\":\"PropertyValueSpecification\",\"valueRequired\":true,\"valueName\":\"search_term_string\"}}],\"inLanguage\":\"de\"},{\"@type\":\"Organization\",\"@id\":\"https:\/\/alfequipment.com\/#organization\",\"name\":\"ALF PACK\",\"url\":\"https:\/\/alfequipment.com\/\",\"logo\":{\"@type\":\"ImageObject\",\"inLanguage\":\"de\",\"@id\":\"https:\/\/alfequipment.com\/#\/schema\/logo\/image\/\",\"url\":\"https:\/\/alfequipment.com\/wp-content\/uploads\/2024\/11\/ALFlogo-2.webp\",\"contentUrl\":\"https:\/\/alfequipment.com\/wp-content\/uploads\/2024\/11\/ALFlogo-2.webp\",\"width\":758,\"height\":750,\"caption\":\"ALF PACK\"},\"image\":{\"@id\":\"https:\/\/alfequipment.com\/#\/schema\/logo\/image\/\"}}]}<\/script>\n<!-- \/ Yoast SEO Premium plugin. -->","yoast_head_json":{"title":"Datenschutzrichtlinie - ALF PACK","robots":{"index":"index","follow":"follow","max-snippet":"max-snippet:-1","max-image-preview":"max-image-preview:large","max-video-preview":"max-video-preview:-1"},"canonical":"https:\/\/alfequipment.com\/de\/datenschutzbestimmungen\/","og_locale":"de_DE","og_type":"article","og_title":"Privacy Policy","og_description":"Privacy Policy Effective Date: 2025-1-2 \u00a0 At Alfpack, we are committed to protecting the privacy and security of our customers and website visitors. This Privacy Policy explains how we collect, use, and safeguard your personal data when you visit our website or use our services. \u00a0 1. Information We Collect We collect the following types [&hellip;]","og_url":"https:\/\/alfequipment.com\/de\/datenschutzbestimmungen\/","og_site_name":"ALF PACK","article_modified_time":"2025-12-27T02:46:18+00:00","twitter_card":"summary_large_image","twitter_misc":{"Gesch\u00e4tzte Lesezeit":"2\u00a0Minuten"},"schema":{"@context":"https:\/\/schema.org","@graph":[{"@type":"WebPage","@id":"https:\/\/alfequipment.com\/privacy-policy\/","url":"https:\/\/alfequipment.com\/privacy-policy\/","name":"Datenschutzrichtlinie - ALF PACK","isPartOf":{"@id":"https:\/\/alfequipment.com\/#website"},"datePublished":"2024-11-20T14:35:58+00:00","dateModified":"2025-12-27T02:46:18+00:00","breadcrumb":{"@id":"https:\/\/alfequipment.com\/privacy-policy\/#breadcrumb"},"inLanguage":"de","potentialAction":[{"@type":"ReadAction","target":["https:\/\/alfequipment.com\/privacy-policy\/"]}]},{"@type":"BreadcrumbList","@id":"https:\/\/alfequipment.com\/privacy-policy\/#breadcrumb","itemListElement":[{"@type":"ListItem","position":1,"name":"Home","item":"https:\/\/alfequipment.com\/"},{"@type":"ListItem","position":2,"name":"Privacy Policy"}]},{"@type":"WebSite","@id":"https:\/\/alfequipment.com\/#website","url":"https:\/\/alfequipment.com\/","name":"ALF PACK","description":"","publisher":{"@id":"https:\/\/alfequipment.com\/#organization"},"potentialAction":[{"@type":"SearchAction","target":{"@type":"EntryPoint","urlTemplate":"https:\/\/alfequipment.com\/?s={search_term_string}"},"query-input":{"@type":"PropertyValueSpecification","valueRequired":true,"valueName":"search_term_string"}}],"inLanguage":"de"},{"@type":"Organization","@id":"https:\/\/alfequipment.com\/#organization","name":"ALF PACK","url":"https:\/\/alfequipment.com\/","logo":{"@type":"ImageObject","inLanguage":"de","@id":"https:\/\/alfequipment.com\/#\/schema\/logo\/image\/","url":"https:\/\/alfequipment.com\/wp-content\/uploads\/2024\/11\/ALFlogo-2.webp","contentUrl":"https:\/\/alfequipment.com\/wp-content\/uploads\/2024\/11\/ALFlogo-2.webp","width":758,"height":750,"caption":"ALF PACK"},"image":{"@id":"https:\/\/alfequipment.com\/#\/schema\/logo\/image\/"}}]}},"_links":{"self":[{"href":"https:\/\/alfequipment.com\/de\/wp-json\/wp\/v2\/pages\/416","targetHints":{"allow":["GET"]}}],"collection":[{"href":"https:\/\/alfequipment.com\/de\/wp-json\/wp\/v2\/pages"}],"about":[{"href":"https:\/\/alfequipment.com\/de\/wp-json\/wp\/v2\/types\/page"}],"author":[{"embeddable":true,"href":"https:\/\/alfequipment.com\/de\/wp-json\/wp\/v2\/users\/1"}],"replies":[{"embeddable":true,"href":"https:\/\/alfequipment.com\/de\/wp-json\/wp\/v2\/comments?post=416"}],"version-history":[{"count":14,"href":"https:\/\/alfequipment.com\/de\/wp-json\/wp\/v2\/pages\/416\/revisions"}],"predecessor-version":[{"id":4258,"href":"https:\/\/alfequipment.com\/de\/wp-json\/wp\/v2\/pages\/416\/revisions\/4258"}],"wp:attachment":[{"href":"https:\/\/alfequipment.com\/de\/wp-json\/wp\/v2\/media?parent=416"}],"curies":[{"name":"wp","href":"https:\/\/api.w.org\/{rel}","templated":true}]}}