{"id":2896,"date":"2024-12-17T12:25:43","date_gmt":"2024-12-17T12:25:43","guid":{"rendered":"https:\/\/alfequipment.com\/product\/psf-650-800-1000-vertical-aluminium-foot-pedal-sealer-heat-plastic-bag-impulse-sealing-machine\/"},"modified":"2025-01-13T13:08:39","modified_gmt":"2025-01-13T13:08:39","slug":"psf-650-800-1000-vertikale-aluminium-fuspedalschweismaschine-hitze-kunststoffbeutel-impulsschweismaschine","status":"publish","type":"product","link":"https:\/\/alfequipment.com\/de\/product\/psf-650-800-1000-vertikale-aluminium-fuspedalschweismaschine-hitze-kunststoffbeutel-impulsschweismaschine\/","title":{"rendered":"PSF-650\/800\/1000 Vertikale Aluminium-Fu\u00dfpedal-Verschlie\u00dfmaschine W\u00e4rme-Kunststoffbeutel-Impuls-Verschlie\u00dfmaschine"},"content":{"rendered":"<div id=\"ali-anchor-AliPostDhMb-pyn3o\" class=\"mceSectionContainer\" style=\"padding-top: 8px;\" data-section=\"AliPostDhMb-pyn3o\" data-section-title=\"Product Description\">\n<div style=\"padding: 10px;\">\n<p><span style=\"line-height: 18px; font-family: Verdana, Arial, Helvetica, sans-serif;\">Die vertikale Aluminium-Fu\u00dfverschlie\u00dfmaschine PSF verf\u00fcgt \u00fcber alle Funktionen anderer einfacher Fu\u00dfstempel-Verschlie\u00dfmaschinen und kann Polyethylen, Polypropylen und mehrschichtige Verbundkunststoffe verschlie\u00dfen. Nach oben und unten einstellbar Zeug Capping Rack, kann verwendet werden, um Papiert\u00fcte zu versiegeln, wenn erhitztvon oben nach unten verdienen hohe Effizienz, und ist unersetzlich durch otherealing Maschine.<\/span><\/p>\n<\/p><\/div>\n<\/div>\n<p>&nbsp;<\/p>\n<p><span style=\"font-size: 16px;\">Spezifikation:<\/span><\/p>\n<p>&nbsp;<\/p>\n<table class=\"aliDataTable\" style=\"width: 587.297px; height: 150px;\" border=\"0\" cellspacing=\"0\" cellpadding=\"0\">\n<tbody>\n<tr>\n<td style=\"width: 197px;\">\n<p>Modell<\/p>\n<\/td>\n<td style=\"width: 108px;\">\n<p><span style=\"color: #000000;\">PSF-350<\/span><\/p>\n<\/td>\n<td style=\"width: 108px;\">\n<p>PSF-450<\/p>\n<\/td>\n<td style=\"width: 69px;\">\n<p><span style=\"color: #ff0000;\">PSF-650<\/span><\/p>\n<\/td>\n<td style=\"width: 71px;\">\n<p><span style=\"color: #000000;\">PSF-800<\/span><\/p>\n<\/td>\n<td style=\"width: 76.2969px;\">PSF-1000<\/td>\n<\/tr>\n<tr>\n<td style=\"width: 197px;\">\n<p>Spannung<\/p>\n<\/td>\n<td style=\"width: 108px;\">\n<p><span style=\"color: #000000;\">1200W<\/span><\/p>\n<\/td>\n<td style=\"width: 108px;\">\n<p>1700W<\/p>\n<\/td>\n<td style=\"width: 69px;\">\n<p><span style=\"color: #ff0000;\">2100W<\/span><\/p>\n<\/td>\n<td style=\"width: 71px;\">\n<p><span style=\"color: #000000;\">2600W<\/span><\/p>\n<\/td>\n<td style=\"width: 76.2969px;\">3000W<\/td>\n<\/tr>\n<tr>\n<td style=\"width: 197px;\">\n<p>Versiegelung L\u00e4nge<\/p>\n<\/td>\n<td style=\"width: 108px;\">\n<p><span style=\"color: #000000;\">350mm<\/span><\/p>\n<\/td>\n<td style=\"width: 108px;\">\n<p>450mm<\/p>\n<\/td>\n<td style=\"width: 69px;\">\n<p><span style=\"color: #ff0000;\">650mm<\/span><\/p>\n<\/td>\n<td style=\"width: 71px;\">\n<p><span style=\"color: #000000;\">800mm<\/span><\/p>\n<\/td>\n<td style=\"width: 76.2969px;\">1000mm<\/td>\n<\/tr>\n<tr>\n<td style=\"width: 197px;\">\n<p>Siegelbreite<\/p>\n<\/td>\n<td style=\"width: 432.297px;\" colspan=\"5\">\n<p style=\"text-align: center;\"><span style=\"color: #ff0000;\">8mm<\/span><\/p>\n<\/td>\n<\/tr>\n<tr>\n<td style=\"width: 197px;\">\n<p>W\u00e4rmezeit<\/p>\n<\/td>\n<td style=\"width: 432.297px;\" colspan=\"5\">\n<p style=\"text-align: center;\"><span style=\"color: #ff0000;\">0.2-2s<\/span><\/p>\n<\/td>\n<\/tr>\n<tr>\n<td style=\"width: 197px;\">\n<p>Packungsgr\u00f6\u00dfe<\/p>\n<\/td>\n<td style=\"width: 432.297px;\" colspan=\"5\">\n<p style=\"text-align: center;\"><span style=\"color: #ff0000;\">800*530*250mm<\/span><\/p>\n<\/td>\n<\/tr>\n<tr>\n<td style=\"width: 197px;\">\n<p>Gewicht der Maschine<\/p>\n<\/td>\n<td style=\"width: 108px;\">\n<p><span style=\"color: #000000;\">18kg<\/span><\/p>\n<\/td>\n<td style=\"width: 108px;\">\n<p>21kg<\/p>\n<\/td>\n<td style=\"width: 69px;\">\n<p><span style=\"color: #ff0000;\">23kg<\/span><\/p>\n<\/td>\n<td style=\"width: 71px;\">\n<p><span style=\"color: #000000;\">38kg<\/span><\/p>\n<\/td>\n<td style=\"width: 76.2969px;\">32kg<\/td>\n<\/tr>\n<\/tbody>\n<\/table>\n<p>&nbsp;<\/p>\n<p><img decoding=\"async\" src=\"https:\/\/sc04.alicdn.com\/kf\/Hcc2deb2e323546b0803da4fd50be1352m\/64496\/Hcc2deb2e323546b0803da4fd50be1352m.png\" data-alt=\"PSF-650\/800\/1000 Vertical Aluminium Foot Pedal Sealer Heat Plastic Bag Impulse Sealing Machine\" ori-width=\"376\" ori-height=\"351\" class=\"aligncenter\">&nbsp;<\/p>\n<p><img decoding=\"async\" src=\"https:\/\/sc04.alicdn.com\/kf\/Hf13815fdbbb341b88a527c87cdb4b4d1r\/64496\/Hf13815fdbbb341b88a527c87cdb4b4d1r.jpg\" data-alt=\"PSF-650\/800\/1000 Vertical Aluminium Foot Pedal Sealer Heat Plastic Bag Impulse Sealing Machine\" ori-width=\"456\" ori-height=\"436\" class=\"aligncenter\"><\/p>\n<p>&nbsp;<\/p>\n<p><img decoding=\"async\" src=\"https:\/\/sc04.alicdn.com\/kf\/Hb1b8ad1b199a46e797f9e7d843ee656fu\/64496\/Hb1b8ad1b199a46e797f9e7d843ee656fu.png\" data-alt=\"PSF-650\/800\/1000 Vertical Aluminium Foot Pedal Sealer Heat Plastic Bag Impulse Sealing Machine\" ori-width=\"1036\" ori-height=\"170\" class=\"aligncenter\"><\/p>\n<div id=\"ali-anchor-AliPostDhMb-1drew\" class=\"mceSectionContainer\" style=\"padding-top: 8px;\" data-section=\"AliPostDhMb-1drew\" data-section-title=\"Packaging &amp; Shipping\">\n<div id=\"ali-title-AliPostDhMb-1drew\" style=\"padding: 8px 0; border-bottom: 1px solid #ddd;\"><\/div>\n<\/div>","protected":false},"excerpt":{"rendered":"<p>Psf-650 Vertikale Aluminiumk\u00f6rper-Impulsschwei\u00dfmaschine Vertikale Aluminium-Fu\u00dfpedal-Thermoschwei\u00dfmaschine f\u00fcr Kunststofffolie<\/p>","protected":false},"featured_media":2626,"comment_status":"closed","ping_status":"open","template":"","meta":[],"product_brand":[],"product_cat":[97],"product_tag":[],"class_list":{"0":"post-2896","1":"product","2":"type-product","3":"status-publish","4":"has-post-thumbnail","6":"product_cat-sealing-machines","8":"first","9":"instock","10":"sale","11":"purchasable","12":"product-type-simple"},"yoast_head":"<!-- This site is optimized with the Yoast SEO Premium plugin v20.9 (Yoast SEO v26.5) - https:\/\/yoast.com\/wordpress\/plugins\/seo\/ -->\n<title>PSF-650\/800\/1000 Vertical Aluminium Foot Pedal Sealer Heat Plastic Bag Impulse Sealing Machine - ALF PACK<\/title>\n<meta name=\"robots\" content=\"index, follow, max-snippet:-1, max-image-preview:large, max-video-preview:-1\" \/>\n<link rel=\"canonical\" href=\"https:\/\/alfequipment.com\/de\/product\/psf-650-800-1000-vertikale-aluminium-fuspedalschweismaschine-hitze-kunststoffbeutel-impulsschweismaschine\/\" \/>\n<meta property=\"og:locale\" content=\"de_DE\" \/>\n<meta property=\"og:type\" content=\"article\" \/>\n<meta property=\"og:title\" content=\"PSF-650\/800\/1000 Vertical Aluminium Foot Pedal Sealer Heat Plastic Bag Impulse Sealing Machine\" \/>\n<meta property=\"og:description\" content=\"Psf-650 Vertical Aluminium Body Impulse Sealing Machine Vertical Aluminium Foot Pedal Thermal Sealing Machine For Plastic Film\" \/>\n<meta property=\"og:url\" content=\"https:\/\/alfequipment.com\/de\/product\/psf-650-800-1000-vertikale-aluminium-fuspedalschweismaschine-hitze-kunststoffbeutel-impulsschweismaschine\/\" \/>\n<meta property=\"og:site_name\" content=\"ALF PACK\" \/>\n<meta property=\"article:modified_time\" content=\"2025-01-13T13:08:39+00:00\" \/>\n<meta property=\"og:image\" content=\"https:\/\/alfequipment.com\/wp-content\/uploads\/2025\/01\/H2cd3163d47ae4cc79bff9cc6e78b8ca6A-scaled.jpg\" \/>\n\t<meta property=\"og:image:width\" content=\"2560\" \/>\n\t<meta property=\"og:image:height\" content=\"2560\" \/>\n\t<meta property=\"og:image:type\" content=\"image\/webp\" \/>\n<meta name=\"twitter:card\" content=\"summary_large_image\" \/>\n<script type=\"application\/ld+json\" class=\"yoast-schema-graph\">{\"@context\":\"https:\/\/schema.org\",\"@graph\":[{\"@type\":\"WebPage\",\"@id\":\"https:\/\/alfequipment.com\/product\/psf-650-800-1000-vertical-aluminium-foot-pedal-sealer-heat-plastic-bag-impulse-sealing-machine\/\",\"url\":\"https:\/\/alfequipment.com\/product\/psf-650-800-1000-vertical-aluminium-foot-pedal-sealer-heat-plastic-bag-impulse-sealing-machine\/\",\"name\":\"PSF-650\/800\/1000 Vertical Aluminium Foot Pedal Sealer Heat Plastic Bag Impulse Sealing Machine - ALF PACK\",\"isPartOf\":{\"@id\":\"https:\/\/alfequipment.com\/#website\"},\"primaryImageOfPage\":{\"@id\":\"https:\/\/alfequipment.com\/product\/psf-650-800-1000-vertical-aluminium-foot-pedal-sealer-heat-plastic-bag-impulse-sealing-machine\/#primaryimage\"},\"image\":{\"@id\":\"https:\/\/alfequipment.com\/product\/psf-650-800-1000-vertical-aluminium-foot-pedal-sealer-heat-plastic-bag-impulse-sealing-machine\/#primaryimage\"},\"thumbnailUrl\":\"https:\/\/alfequipment.com\/wp-content\/uploads\/2025\/01\/H2cd3163d47ae4cc79bff9cc6e78b8ca6A-scaled.jpg\",\"datePublished\":\"2024-12-17T12:25:43+00:00\",\"dateModified\":\"2025-01-13T13:08:39+00:00\",\"breadcrumb\":{\"@id\":\"https:\/\/alfequipment.com\/product\/psf-650-800-1000-vertical-aluminium-foot-pedal-sealer-heat-plastic-bag-impulse-sealing-machine\/#breadcrumb\"},\"inLanguage\":\"de\",\"potentialAction\":[{\"@type\":\"ReadAction\",\"target\":[\"https:\/\/alfequipment.com\/product\/psf-650-800-1000-vertical-aluminium-foot-pedal-sealer-heat-plastic-bag-impulse-sealing-machine\/\"]}]},{\"@type\":\"ImageObject\",\"inLanguage\":\"de\",\"@id\":\"https:\/\/alfequipment.com\/product\/psf-650-800-1000-vertical-aluminium-foot-pedal-sealer-heat-plastic-bag-impulse-sealing-machine\/#primaryimage\",\"url\":\"https:\/\/alfequipment.com\/wp-content\/uploads\/2025\/01\/H2cd3163d47ae4cc79bff9cc6e78b8ca6A-scaled.jpg\",\"contentUrl\":\"https:\/\/alfequipment.com\/wp-content\/uploads\/2025\/01\/H2cd3163d47ae4cc79bff9cc6e78b8ca6A-scaled.jpg\",\"width\":2560,\"height\":2560},{\"@type\":\"BreadcrumbList\",\"@id\":\"https:\/\/alfequipment.com\/product\/psf-650-800-1000-vertical-aluminium-foot-pedal-sealer-heat-plastic-bag-impulse-sealing-machine\/#breadcrumb\",\"itemListElement\":[{\"@type\":\"ListItem\",\"position\":1,\"name\":\"Home\",\"item\":\"https:\/\/alfequipment.com\/\"},{\"@type\":\"ListItem\",\"position\":2,\"name\":\"Shop\",\"item\":\"https:\/\/alfequipment.com\/shop\/\"},{\"@type\":\"ListItem\",\"position\":3,\"name\":\"PSF-650\/800\/1000 Vertical Aluminium Foot Pedal Sealer Heat Plastic Bag Impulse Sealing Machine\"}]},{\"@type\":\"WebSite\",\"@id\":\"https:\/\/alfequipment.com\/#website\",\"url\":\"https:\/\/alfequipment.com\/\",\"name\":\"ALF PACK\",\"description\":\"\",\"publisher\":{\"@id\":\"https:\/\/alfequipment.com\/#organization\"},\"potentialAction\":[{\"@type\":\"SearchAction\",\"target\":{\"@type\":\"EntryPoint\",\"urlTemplate\":\"https:\/\/alfequipment.com\/?s={search_term_string}\"},\"query-input\":{\"@type\":\"PropertyValueSpecification\",\"valueRequired\":true,\"valueName\":\"search_term_string\"}}],\"inLanguage\":\"de\"},{\"@type\":\"Organization\",\"@id\":\"https:\/\/alfequipment.com\/#organization\",\"name\":\"ALF PACK\",\"url\":\"https:\/\/alfequipment.com\/\",\"logo\":{\"@type\":\"ImageObject\",\"inLanguage\":\"de\",\"@id\":\"https:\/\/alfequipment.com\/#\/schema\/logo\/image\/\",\"url\":\"https:\/\/alfequipment.com\/wp-content\/uploads\/2024\/11\/ALFlogo-2.webp\",\"contentUrl\":\"https:\/\/alfequipment.com\/wp-content\/uploads\/2024\/11\/ALFlogo-2.webp\",\"width\":758,\"height\":750,\"caption\":\"ALF PACK\"},\"image\":{\"@id\":\"https:\/\/alfequipment.com\/#\/schema\/logo\/image\/\"}}]}<\/script>\n<!-- \/ Yoast SEO Premium plugin. -->","yoast_head_json":{"title":"PSF-650\/800\/1000 Vertikale Aluminium-Fu\u00dfpedal-Verschlie\u00dfmaschine W\u00e4rme-Kunststoffbeutel-Impuls-Verschlie\u00dfmaschine - ALF PACK","robots":{"index":"index","follow":"follow","max-snippet":"max-snippet:-1","max-image-preview":"max-image-preview:large","max-video-preview":"max-video-preview:-1"},"canonical":"https:\/\/alfequipment.com\/de\/product\/psf-650-800-1000-vertikale-aluminium-fuspedalschweismaschine-hitze-kunststoffbeutel-impulsschweismaschine\/","og_locale":"de_DE","og_type":"article","og_title":"PSF-650\/800\/1000 Vertical Aluminium Foot Pedal Sealer Heat Plastic Bag Impulse Sealing Machine","og_description":"Psf-650 Vertical Aluminium Body Impulse Sealing Machine Vertical Aluminium Foot Pedal Thermal Sealing Machine For Plastic Film","og_url":"https:\/\/alfequipment.com\/de\/product\/psf-650-800-1000-vertikale-aluminium-fuspedalschweismaschine-hitze-kunststoffbeutel-impulsschweismaschine\/","og_site_name":"ALF PACK","article_modified_time":"2025-01-13T13:08:39+00:00","og_image":[{"width":2560,"height":2560,"url":"https:\/\/alfequipment.com\/wp-content\/uploads\/2025\/01\/H2cd3163d47ae4cc79bff9cc6e78b8ca6A-scaled.jpg","type":"image\/webp"}],"twitter_card":"summary_large_image","schema":{"@context":"https:\/\/schema.org","@graph":[{"@type":"WebPage","@id":"https:\/\/alfequipment.com\/product\/psf-650-800-1000-vertical-aluminium-foot-pedal-sealer-heat-plastic-bag-impulse-sealing-machine\/","url":"https:\/\/alfequipment.com\/product\/psf-650-800-1000-vertical-aluminium-foot-pedal-sealer-heat-plastic-bag-impulse-sealing-machine\/","name":"PSF-650\/800\/1000 Vertikale Aluminium-Fu\u00dfpedal-Verschlie\u00dfmaschine W\u00e4rme-Kunststoffbeutel-Impuls-Verschlie\u00dfmaschine - ALF PACK","isPartOf":{"@id":"https:\/\/alfequipment.com\/#website"},"primaryImageOfPage":{"@id":"https:\/\/alfequipment.com\/product\/psf-650-800-1000-vertical-aluminium-foot-pedal-sealer-heat-plastic-bag-impulse-sealing-machine\/#primaryimage"},"image":{"@id":"https:\/\/alfequipment.com\/product\/psf-650-800-1000-vertical-aluminium-foot-pedal-sealer-heat-plastic-bag-impulse-sealing-machine\/#primaryimage"},"thumbnailUrl":"https:\/\/alfequipment.com\/wp-content\/uploads\/2025\/01\/H2cd3163d47ae4cc79bff9cc6e78b8ca6A-scaled.jpg","datePublished":"2024-12-17T12:25:43+00:00","dateModified":"2025-01-13T13:08:39+00:00","breadcrumb":{"@id":"https:\/\/alfequipment.com\/product\/psf-650-800-1000-vertical-aluminium-foot-pedal-sealer-heat-plastic-bag-impulse-sealing-machine\/#breadcrumb"},"inLanguage":"de","potentialAction":[{"@type":"ReadAction","target":["https:\/\/alfequipment.com\/product\/psf-650-800-1000-vertical-aluminium-foot-pedal-sealer-heat-plastic-bag-impulse-sealing-machine\/"]}]},{"@type":"ImageObject","inLanguage":"de","@id":"https:\/\/alfequipment.com\/product\/psf-650-800-1000-vertical-aluminium-foot-pedal-sealer-heat-plastic-bag-impulse-sealing-machine\/#primaryimage","url":"https:\/\/alfequipment.com\/wp-content\/uploads\/2025\/01\/H2cd3163d47ae4cc79bff9cc6e78b8ca6A-scaled.jpg","contentUrl":"https:\/\/alfequipment.com\/wp-content\/uploads\/2025\/01\/H2cd3163d47ae4cc79bff9cc6e78b8ca6A-scaled.jpg","width":2560,"height":2560},{"@type":"BreadcrumbList","@id":"https:\/\/alfequipment.com\/product\/psf-650-800-1000-vertical-aluminium-foot-pedal-sealer-heat-plastic-bag-impulse-sealing-machine\/#breadcrumb","itemListElement":[{"@type":"ListItem","position":1,"name":"Home","item":"https:\/\/alfequipment.com\/"},{"@type":"ListItem","position":2,"name":"Shop","item":"https:\/\/alfequipment.com\/shop\/"},{"@type":"ListItem","position":3,"name":"PSF-650\/800\/1000 Vertical Aluminium Foot Pedal Sealer Heat Plastic Bag Impulse Sealing Machine"}]},{"@type":"WebSite","@id":"https:\/\/alfequipment.com\/#website","url":"https:\/\/alfequipment.com\/","name":"ALF PACK","description":"","publisher":{"@id":"https:\/\/alfequipment.com\/#organization"},"potentialAction":[{"@type":"SearchAction","target":{"@type":"EntryPoint","urlTemplate":"https:\/\/alfequipment.com\/?s={search_term_string}"},"query-input":{"@type":"PropertyValueSpecification","valueRequired":true,"valueName":"search_term_string"}}],"inLanguage":"de"},{"@type":"Organization","@id":"https:\/\/alfequipment.com\/#organization","name":"ALF PACK","url":"https:\/\/alfequipment.com\/","logo":{"@type":"ImageObject","inLanguage":"de","@id":"https:\/\/alfequipment.com\/#\/schema\/logo\/image\/","url":"https:\/\/alfequipment.com\/wp-content\/uploads\/2024\/11\/ALFlogo-2.webp","contentUrl":"https:\/\/alfequipment.com\/wp-content\/uploads\/2024\/11\/ALFlogo-2.webp","width":758,"height":750,"caption":"ALF PACK"},"image":{"@id":"https:\/\/alfequipment.com\/#\/schema\/logo\/image\/"}}]}},"_links":{"self":[{"href":"https:\/\/alfequipment.com\/de\/wp-json\/wp\/v2\/product\/2896","targetHints":{"allow":["GET"]}}],"collection":[{"href":"https:\/\/alfequipment.com\/de\/wp-json\/wp\/v2\/product"}],"about":[{"href":"https:\/\/alfequipment.com\/de\/wp-json\/wp\/v2\/types\/product"}],"replies":[{"embeddable":true,"href":"https:\/\/alfequipment.com\/de\/wp-json\/wp\/v2\/comments?post=2896"}],"version-history":[{"count":0,"href":"https:\/\/alfequipment.com\/de\/wp-json\/wp\/v2\/product\/2896\/revisions"}],"wp:featuredmedia":[{"embeddable":true,"href":"https:\/\/alfequipment.com\/de\/wp-json\/wp\/v2\/media\/2626"}],"wp:attachment":[{"href":"https:\/\/alfequipment.com\/de\/wp-json\/wp\/v2\/media?parent=2896"}],"wp:term":[{"taxonomy":"product_brand","embeddable":true,"href":"https:\/\/alfequipment.com\/de\/wp-json\/wp\/v2\/product_brand?post=2896"},{"taxonomy":"product_cat","embeddable":true,"href":"https:\/\/alfequipment.com\/de\/wp-json\/wp\/v2\/product_cat?post=2896"},{"taxonomy":"product_tag","embeddable":true,"href":"https:\/\/alfequipment.com\/de\/wp-json\/wp\/v2\/product_tag?post=2896"}],"curies":[{"name":"wp","href":"https:\/\/api.w.org\/{rel}","templated":true}]}}