{"id":2901,"date":"2024-12-21T14:57:25","date_gmt":"2024-12-21T14:57:25","guid":{"rendered":"https:\/\/alfequipment.com\/product\/semi-automatic-round-bottle-labeling-machine-with-coding-code-printer\/"},"modified":"2025-01-13T13:08:42","modified_gmt":"2025-01-13T13:08:42","slug":"halbautomatische-rundflaschen-etikettiermaschine-mit-codierungscode-drucker","status":"publish","type":"product","link":"https:\/\/alfequipment.com\/de\/product\/halbautomatische-rundflaschen-etikettiermaschine-mit-codierungscode-drucker\/","title":{"rendered":"Halbautomatische Rundflaschen-Etikettiermaschine mit Codierungscode-Drucker"},"content":{"rendered":"<div data-magic-global=\"%7B%22bizId%22%3A17179933680%2C%22pageId%22%3A5023389144%2C%22siteId%22%3A5005331025%7D\" id=\"detail_decorate_root\">\n<div module-id=\"5626930669\" module-title=\"detailProductNavigation\" render=\"true\" class=\"J_module\">\n<div id=\"ali-anchor-AliMagic-icq0t2\" data-section=\"AliMagic-icq0t2\" data-section-title=\"Product Description\" class=\"magic-0\">Geeignet f\u00fcr runde Flasche, runder Tank, Zylinder selbstklebende Etikettierung, geeignet f\u00fcr PET-Flaschen, Kunststoff-Flaschen, Glasflaschen, Metall-Flaschen Runde Flasche Etikettierung, weit verbreitet in der Kosmetik-, Lebensmittel-, Getr\u00e4nke-, Pharma-und anderen Branchen, erheblich verbessern die Produktivit\u00e4t und Qualit\u00e4t Kennzeichnung.<\/div>\n<\/div>\n<div module-id=\"5626930670\" module-title=\"detailTextWithTitle\" render=\"true\" class=\"J_module\">\n<div class=\"detail-decorate-json-renderer-container\">\n<div class=\"magic-1\">\n<div class=\"magic-4\">\n<div class=\"magic-5\">\n<div class=\"magic-6\">\n<p class=\"magic-7\">1, breite Anwendung, kann die 10-100mm Durchmesser Bereich Zylinder Kennzeichnung erf\u00fcllen.<\/p>\n<p>2, hochpr\u00e4zise Endbeschriftung, Etikettenplatzabweichung weniger als 0,5 mm.<\/p>\n<p>3, die Verwendung von cleveren Extrusion Ger\u00e4t F\u00fctterung, legen Sie einfach Elemente, ziehen Sie den Griff zur vollst\u00e4ndigen Kennzeichnung.<\/p>\n<p>4, die Position Einstellung, verschiedene Werkst\u00fcck Kennzeichnung einfachen Schalter.<\/p>\n<p>5, mit Synchronriemen Traktion, mechanische Stabilit\u00e4t stark verbessert.<\/p>\n<p>6, Desktop-Design, stromlinienf\u00f6rmige Struktur, kompaktes Aussehen, leistungsstark.<\/p>\n<p>7, mit dem erweiterten elektrischen Auge Erkennung Empfindlichkeit, Objekt, Etikett.<\/p>\n<p class=\"magic-7\"><\/p>\n<p class=\"magic-7\">Hinweis: Tags m\u00fcssen Code zu spielen, k\u00f6nnen angepasst werden.<\/p>\n<\/p><\/div>\n<\/p><\/div>\n<\/p><\/div>\n<\/p><\/div>\n<\/p><\/div>\n<\/p><\/div>\n<div module-id=\"5626930671\" module-title=\"detailTableHightLight\" render=\"true\" class=\"J_module\">\n<div class=\"ife-detail-decorate-table\">\n<table class=\"all magic-8\">\n<tbody>\n<tr>\n<td colspan=\"1\" rowspan=\"1\">\n<div class=\"magic-9\">\n        Modell\n       <\/div>\n<\/td>\n<td colspan=\"1\" rowspan=\"1\">\n<div class=\"magic-10\">\n        DYMT-50C\n       <\/div>\n<\/td>\n<\/tr>\n<tr>\n<td colspan=\"1\" rowspan=\"1\">\n<div class=\"magic-9\">\n        Spannung\n       <\/div>\n<\/td>\n<td colspan=\"1\" rowspan=\"1\">\n<div class=\"magic-10\">\n        AC220V\/50hz\n       <\/div>\n<\/td>\n<\/tr>\n<tr>\n<td colspan=\"1\" rowspan=\"1\">\n<div class=\"magic-9\">\n        Strom\n       <\/div>\n<\/td>\n<td colspan=\"1\" rowspan=\"1\">\n<div class=\"magic-10\">\n        120W\n       <\/div>\n<\/td>\n<\/tr>\n<tr>\n<td colspan=\"1\" rowspan=\"1\">\n<div class=\"magic-9\">\n        Geschwindigkeit der Etikettierung\n       <\/div>\n<\/td>\n<td colspan=\"1\" rowspan=\"1\">\n<div class=\"magic-10\">\n        25-30 St\u00fcck\/Min.\n       <\/div>\n<\/td>\n<\/tr>\n<tr>\n<td colspan=\"1\" rowspan=\"1\">\n<div class=\"magic-9\">\n        Pr\u00e4zision\n       <\/div>\n<\/td>\n<td colspan=\"1\" rowspan=\"1\">\n<div class=\"magic-10\">\n        \u00b10.5\n       <\/div>\n<\/td>\n<\/tr>\n<tr>\n<td colspan=\"1\" rowspan=\"1\">\n<div class=\"magic-9\">\n        Durchmesser der Etikettenrolle\n       <\/div>\n<\/td>\n<td colspan=\"1\" rowspan=\"1\">\n<div class=\"magic-10\">\n        75-250mm\n       <\/div>\n<\/td>\n<\/tr>\n<tr>\n<td colspan=\"1\" rowspan=\"1\">\n<div class=\"magic-9\">\n        Durchmesser der Flasche\n       <\/div>\n<\/td>\n<td colspan=\"1\" rowspan=\"1\">\n<div class=\"magic-10\">\n        20-120mm\n       <\/div>\n<\/td>\n<\/tr>\n<tr>\n<td colspan=\"1\" rowspan=\"1\">\n<div class=\"magic-9\">\n        Maximale Etikettengr\u00f6\u00dfe\n       <\/div>\n<\/td>\n<td colspan=\"1\" rowspan=\"1\">\n<div class=\"magic-10\">\n        B150*L230\n       <\/div>\n<\/td>\n<\/tr>\n<tr>\n<td colspan=\"1\" rowspan=\"1\">\n<div class=\"magic-9\">\n        Gr\u00f6\u00dfe der Maschine\n       <\/div>\n<\/td>\n<td colspan=\"1\" rowspan=\"1\">\n<div class=\"magic-10\">\n        650*450*450mm\n       <\/div>\n<\/td>\n<\/tr>\n<tr>\n<td colspan=\"1\" rowspan=\"1\">\n<div class=\"magic-9\">\n        Gewicht der Maschine\n       <\/div>\n<\/td>\n<td colspan=\"1\" rowspan=\"1\">\n<div class=\"magic-10\">\n        25kg\n       <\/div>\n<\/td>\n<\/tr>\n<\/tbody>\n<\/table><\/div>\n<\/p><\/div>\n<div module-id=\"5626930672\" module-title=\"detailSingleImage\" render=\"true\" class=\"J_module\">\n<div class=\"icbu-pc-images magic-11\">\n<div>\n<div class=\"flex-layout-v\">\n<div class=\"flex-layout-h magic-11\">\n<div class=\"magic-12\">\n       <img decoding=\"async\" src=\"https:\/\/sc01.alicdn.com\/kf\/Hac47919e71fa48f9848759e309e6ee3e3\/64496\/Hac47919e71fa48f9848759e309e6ee3e3.jpg\" class=\"aligncenter\">\n      <\/div>\n<\/p><\/div>\n<\/p><\/div>\n<\/p><\/div>\n<\/p><\/div>\n<\/p><\/div>\n<div module-id=\"5626053882\" module-title=\"detailMultiImages\" render=\"true\" class=\"J_module\">\n<div class=\"icbu-pc-images magic-11\">\n<div>\n<div class=\"flex-layout-v\">\n<div class=\"flex-layout-h magic-11\">\n<div class=\"magic-14\">\n       <img decoding=\"async\" src=\"https:\/\/sc02.alicdn.com\/kf\/H96f535071d7f4ca6804f21631f133f64e\/64496\/H96f535071d7f4ca6804f21631f133f64e.png\" class=\"aligncenter\">\n      <\/div>\n<div class=\"magic-16\">\n       <img decoding=\"async\" src=\"https:\/\/sc02.alicdn.com\/kf\/Hd438d2e11937414dabfb615df8ad4efaw\/64496\/Hd438d2e11937414dabfb615df8ad4efaw.png\" class=\"aligncenter\">\n      <\/div>\n<div class=\"magic-16\">\n       <img decoding=\"async\" src=\"https:\/\/sc01.alicdn.com\/kf\/H705f9208ca5943d6ba928a4f7d24cc15y\/64496\/H705f9208ca5943d6ba928a4f7d24cc15y.png\" class=\"aligncenter\">\n      <\/div>\n<\/p><\/div>\n<\/p><\/div>\n<\/p><\/div>\n<\/p><\/div>\n<\/p><\/div>\n<div module-id=\"5626053883\" module-title=\"detailSingleImage\" render=\"true\" class=\"J_module\">\n<div class=\"icbu-pc-images magic-11\">\n<div>\n<div class=\"flex-layout-v\">\n<div class=\"flex-layout-h magic-11\">\n<div class=\"magic-19\">\n       <img decoding=\"async\" src=\"https:\/\/sc01.alicdn.com\/kf\/Hb5a5305f1f594eaaad8eb5cc627be03fe\/64496\/Hb5a5305f1f594eaaad8eb5cc627be03fe.png\" class=\"aligncenter\">\n      <\/div>\n<\/p><\/div>\n<\/p><\/div>\n<\/p><\/div>\n<\/p><\/div>\n<\/p><\/div>\n<\/div>","protected":false},"excerpt":{"rendered":"<p>Dymt-50c Halbautomatische Weinflaschen-Etikettiermaschine f\u00fcr Rundflaschen<\/p>","protected":false},"featured_media":2636,"comment_status":"closed","ping_status":"open","template":"","meta":[],"product_brand":[],"product_cat":[99],"product_tag":[],"class_list":{"0":"post-2901","1":"product","2":"type-product","3":"status-publish","4":"has-post-thumbnail","6":"product_cat-labeling-machines","8":"first","9":"instock","10":"sale","11":"purchasable","12":"product-type-simple"},"yoast_head":"<!-- This site is optimized with the Yoast SEO Premium plugin v20.9 (Yoast SEO v26.5) - https:\/\/yoast.com\/wordpress\/plugins\/seo\/ -->\n<title>Semi-automatic round bottle labeling machine with coding code printer - ALF PACK<\/title>\n<meta name=\"robots\" content=\"index, follow, max-snippet:-1, max-image-preview:large, max-video-preview:-1\" \/>\n<link rel=\"canonical\" href=\"https:\/\/alfequipment.com\/de\/product\/halbautomatische-rundflaschen-etikettiermaschine-mit-codierungscode-drucker\/\" \/>\n<meta property=\"og:locale\" content=\"de_DE\" \/>\n<meta property=\"og:type\" content=\"article\" \/>\n<meta property=\"og:title\" content=\"Semi-automatic round bottle labeling machine with coding code printer\" \/>\n<meta property=\"og:description\" content=\"Dymt-50c Semi Auto Wine Bottle Labeling Machine For Round Bottle\" \/>\n<meta property=\"og:url\" content=\"https:\/\/alfequipment.com\/de\/product\/halbautomatische-rundflaschen-etikettiermaschine-mit-codierungscode-drucker\/\" \/>\n<meta property=\"og:site_name\" content=\"ALF PACK\" \/>\n<meta property=\"article:modified_time\" content=\"2025-01-13T13:08:42+00:00\" \/>\n<meta property=\"og:image\" content=\"https:\/\/alfequipment.com\/wp-content\/uploads\/2025\/01\/Semi-automatic-round-bottle-labeling-machine-with.jpg\" \/>\n\t<meta property=\"og:image:width\" content=\"800\" \/>\n\t<meta property=\"og:image:height\" content=\"800\" \/>\n\t<meta property=\"og:image:type\" content=\"image\/webp\" \/>\n<meta name=\"twitter:card\" content=\"summary_large_image\" \/>\n<meta name=\"twitter:label1\" content=\"Gesch\u00e4tzte Lesezeit\" \/>\n\t<meta name=\"twitter:data1\" content=\"1\u00a0Minute\" \/>\n<script type=\"application\/ld+json\" class=\"yoast-schema-graph\">{\"@context\":\"https:\/\/schema.org\",\"@graph\":[{\"@type\":\"WebPage\",\"@id\":\"https:\/\/alfequipment.com\/product\/semi-automatic-round-bottle-labeling-machine-with-coding-code-printer\/\",\"url\":\"https:\/\/alfequipment.com\/product\/semi-automatic-round-bottle-labeling-machine-with-coding-code-printer\/\",\"name\":\"Semi-automatic round bottle labeling machine with coding code printer - ALF PACK\",\"isPartOf\":{\"@id\":\"https:\/\/alfequipment.com\/#website\"},\"primaryImageOfPage\":{\"@id\":\"https:\/\/alfequipment.com\/product\/semi-automatic-round-bottle-labeling-machine-with-coding-code-printer\/#primaryimage\"},\"image\":{\"@id\":\"https:\/\/alfequipment.com\/product\/semi-automatic-round-bottle-labeling-machine-with-coding-code-printer\/#primaryimage\"},\"thumbnailUrl\":\"https:\/\/alfequipment.com\/wp-content\/uploads\/2025\/01\/Semi-automatic-round-bottle-labeling-machine-with.jpg\",\"datePublished\":\"2024-12-21T14:57:25+00:00\",\"dateModified\":\"2025-01-13T13:08:42+00:00\",\"breadcrumb\":{\"@id\":\"https:\/\/alfequipment.com\/product\/semi-automatic-round-bottle-labeling-machine-with-coding-code-printer\/#breadcrumb\"},\"inLanguage\":\"de\",\"potentialAction\":[{\"@type\":\"ReadAction\",\"target\":[\"https:\/\/alfequipment.com\/product\/semi-automatic-round-bottle-labeling-machine-with-coding-code-printer\/\"]}]},{\"@type\":\"ImageObject\",\"inLanguage\":\"de\",\"@id\":\"https:\/\/alfequipment.com\/product\/semi-automatic-round-bottle-labeling-machine-with-coding-code-printer\/#primaryimage\",\"url\":\"https:\/\/alfequipment.com\/wp-content\/uploads\/2025\/01\/Semi-automatic-round-bottle-labeling-machine-with.jpg\",\"contentUrl\":\"https:\/\/alfequipment.com\/wp-content\/uploads\/2025\/01\/Semi-automatic-round-bottle-labeling-machine-with.jpg\",\"width\":800,\"height\":800},{\"@type\":\"BreadcrumbList\",\"@id\":\"https:\/\/alfequipment.com\/product\/semi-automatic-round-bottle-labeling-machine-with-coding-code-printer\/#breadcrumb\",\"itemListElement\":[{\"@type\":\"ListItem\",\"position\":1,\"name\":\"Home\",\"item\":\"https:\/\/alfequipment.com\/\"},{\"@type\":\"ListItem\",\"position\":2,\"name\":\"Shop\",\"item\":\"https:\/\/alfequipment.com\/shop\/\"},{\"@type\":\"ListItem\",\"position\":3,\"name\":\"Semi-automatic round bottle labeling machine with coding code printer\"}]},{\"@type\":\"WebSite\",\"@id\":\"https:\/\/alfequipment.com\/#website\",\"url\":\"https:\/\/alfequipment.com\/\",\"name\":\"ALF PACK\",\"description\":\"\",\"publisher\":{\"@id\":\"https:\/\/alfequipment.com\/#organization\"},\"potentialAction\":[{\"@type\":\"SearchAction\",\"target\":{\"@type\":\"EntryPoint\",\"urlTemplate\":\"https:\/\/alfequipment.com\/?s={search_term_string}\"},\"query-input\":{\"@type\":\"PropertyValueSpecification\",\"valueRequired\":true,\"valueName\":\"search_term_string\"}}],\"inLanguage\":\"de\"},{\"@type\":\"Organization\",\"@id\":\"https:\/\/alfequipment.com\/#organization\",\"name\":\"ALF PACK\",\"url\":\"https:\/\/alfequipment.com\/\",\"logo\":{\"@type\":\"ImageObject\",\"inLanguage\":\"de\",\"@id\":\"https:\/\/alfequipment.com\/#\/schema\/logo\/image\/\",\"url\":\"https:\/\/alfequipment.com\/wp-content\/uploads\/2024\/11\/ALFlogo-2.webp\",\"contentUrl\":\"https:\/\/alfequipment.com\/wp-content\/uploads\/2024\/11\/ALFlogo-2.webp\",\"width\":758,\"height\":750,\"caption\":\"ALF PACK\"},\"image\":{\"@id\":\"https:\/\/alfequipment.com\/#\/schema\/logo\/image\/\"}}]}<\/script>\n<!-- \/ Yoast SEO Premium plugin. -->","yoast_head_json":{"title":"Halbautomatische Rundflaschen-Etikettiermaschine mit Codierungscode-Drucker - ALF PACK","robots":{"index":"index","follow":"follow","max-snippet":"max-snippet:-1","max-image-preview":"max-image-preview:large","max-video-preview":"max-video-preview:-1"},"canonical":"https:\/\/alfequipment.com\/de\/product\/halbautomatische-rundflaschen-etikettiermaschine-mit-codierungscode-drucker\/","og_locale":"de_DE","og_type":"article","og_title":"Semi-automatic round bottle labeling machine with coding code printer","og_description":"Dymt-50c Semi Auto Wine Bottle Labeling Machine For Round Bottle","og_url":"https:\/\/alfequipment.com\/de\/product\/halbautomatische-rundflaschen-etikettiermaschine-mit-codierungscode-drucker\/","og_site_name":"ALF PACK","article_modified_time":"2025-01-13T13:08:42+00:00","og_image":[{"width":800,"height":800,"url":"https:\/\/alfequipment.com\/wp-content\/uploads\/2025\/01\/Semi-automatic-round-bottle-labeling-machine-with.jpg","type":"image\/webp"}],"twitter_card":"summary_large_image","twitter_misc":{"Gesch\u00e4tzte Lesezeit":"1\u00a0Minute"},"schema":{"@context":"https:\/\/schema.org","@graph":[{"@type":"WebPage","@id":"https:\/\/alfequipment.com\/product\/semi-automatic-round-bottle-labeling-machine-with-coding-code-printer\/","url":"https:\/\/alfequipment.com\/product\/semi-automatic-round-bottle-labeling-machine-with-coding-code-printer\/","name":"Halbautomatische Rundflaschen-Etikettiermaschine mit Codierungscode-Drucker - ALF PACK","isPartOf":{"@id":"https:\/\/alfequipment.com\/#website"},"primaryImageOfPage":{"@id":"https:\/\/alfequipment.com\/product\/semi-automatic-round-bottle-labeling-machine-with-coding-code-printer\/#primaryimage"},"image":{"@id":"https:\/\/alfequipment.com\/product\/semi-automatic-round-bottle-labeling-machine-with-coding-code-printer\/#primaryimage"},"thumbnailUrl":"https:\/\/alfequipment.com\/wp-content\/uploads\/2025\/01\/Semi-automatic-round-bottle-labeling-machine-with.jpg","datePublished":"2024-12-21T14:57:25+00:00","dateModified":"2025-01-13T13:08:42+00:00","breadcrumb":{"@id":"https:\/\/alfequipment.com\/product\/semi-automatic-round-bottle-labeling-machine-with-coding-code-printer\/#breadcrumb"},"inLanguage":"de","potentialAction":[{"@type":"ReadAction","target":["https:\/\/alfequipment.com\/product\/semi-automatic-round-bottle-labeling-machine-with-coding-code-printer\/"]}]},{"@type":"ImageObject","inLanguage":"de","@id":"https:\/\/alfequipment.com\/product\/semi-automatic-round-bottle-labeling-machine-with-coding-code-printer\/#primaryimage","url":"https:\/\/alfequipment.com\/wp-content\/uploads\/2025\/01\/Semi-automatic-round-bottle-labeling-machine-with.jpg","contentUrl":"https:\/\/alfequipment.com\/wp-content\/uploads\/2025\/01\/Semi-automatic-round-bottle-labeling-machine-with.jpg","width":800,"height":800},{"@type":"BreadcrumbList","@id":"https:\/\/alfequipment.com\/product\/semi-automatic-round-bottle-labeling-machine-with-coding-code-printer\/#breadcrumb","itemListElement":[{"@type":"ListItem","position":1,"name":"Home","item":"https:\/\/alfequipment.com\/"},{"@type":"ListItem","position":2,"name":"Shop","item":"https:\/\/alfequipment.com\/shop\/"},{"@type":"ListItem","position":3,"name":"Semi-automatic round bottle labeling machine with coding code printer"}]},{"@type":"WebSite","@id":"https:\/\/alfequipment.com\/#website","url":"https:\/\/alfequipment.com\/","name":"ALF PACK","description":"","publisher":{"@id":"https:\/\/alfequipment.com\/#organization"},"potentialAction":[{"@type":"SearchAction","target":{"@type":"EntryPoint","urlTemplate":"https:\/\/alfequipment.com\/?s={search_term_string}"},"query-input":{"@type":"PropertyValueSpecification","valueRequired":true,"valueName":"search_term_string"}}],"inLanguage":"de"},{"@type":"Organization","@id":"https:\/\/alfequipment.com\/#organization","name":"ALF PACK","url":"https:\/\/alfequipment.com\/","logo":{"@type":"ImageObject","inLanguage":"de","@id":"https:\/\/alfequipment.com\/#\/schema\/logo\/image\/","url":"https:\/\/alfequipment.com\/wp-content\/uploads\/2024\/11\/ALFlogo-2.webp","contentUrl":"https:\/\/alfequipment.com\/wp-content\/uploads\/2024\/11\/ALFlogo-2.webp","width":758,"height":750,"caption":"ALF PACK"},"image":{"@id":"https:\/\/alfequipment.com\/#\/schema\/logo\/image\/"}}]}},"_links":{"self":[{"href":"https:\/\/alfequipment.com\/de\/wp-json\/wp\/v2\/product\/2901","targetHints":{"allow":["GET"]}}],"collection":[{"href":"https:\/\/alfequipment.com\/de\/wp-json\/wp\/v2\/product"}],"about":[{"href":"https:\/\/alfequipment.com\/de\/wp-json\/wp\/v2\/types\/product"}],"replies":[{"embeddable":true,"href":"https:\/\/alfequipment.com\/de\/wp-json\/wp\/v2\/comments?post=2901"}],"version-history":[{"count":0,"href":"https:\/\/alfequipment.com\/de\/wp-json\/wp\/v2\/product\/2901\/revisions"}],"wp:featuredmedia":[{"embeddable":true,"href":"https:\/\/alfequipment.com\/de\/wp-json\/wp\/v2\/media\/2636"}],"wp:attachment":[{"href":"https:\/\/alfequipment.com\/de\/wp-json\/wp\/v2\/media?parent=2901"}],"wp:term":[{"taxonomy":"product_brand","embeddable":true,"href":"https:\/\/alfequipment.com\/de\/wp-json\/wp\/v2\/product_brand?post=2901"},{"taxonomy":"product_cat","embeddable":true,"href":"https:\/\/alfequipment.com\/de\/wp-json\/wp\/v2\/product_cat?post=2901"},{"taxonomy":"product_tag","embeddable":true,"href":"https:\/\/alfequipment.com\/de\/wp-json\/wp\/v2\/product_tag?post=2901"}],"curies":[{"name":"wp","href":"https:\/\/api.w.org\/{rel}","templated":true}]}}