{"id":2902,"date":"2025-01-05T01:52:29","date_gmt":"2025-01-05T01:52:29","guid":{"rendered":"https:\/\/alfequipment.com\/product\/semi-automatic-round-bottle-labeling-machine\/"},"modified":"2025-01-13T13:08:42","modified_gmt":"2025-01-13T13:08:42","slug":"halbautomatische-etikettiermaschine-fur-runde-flaschen","status":"publish","type":"product","link":"https:\/\/alfequipment.com\/de\/product\/halbautomatische-etikettiermaschine-fur-runde-flaschen\/","title":{"rendered":"Halbautomatische Etikettiermaschine f\u00fcr runde Flaschen"},"content":{"rendered":"<div style=\"vertical-align: top; padding-top: 10px; padding-bottom: 10px; margin-right: -4px; margin-left: -4px;\">\n<div style=\"vertical-align: top; box-sizing: border-box; padding-right: 4px; padding-left: 4px; margin-top: -4px; margin-bottom: -4px;\">\n<div id=\"z3v25\" style=\"vertical-align: top; box-sizing: border-box; padding-top: 4px; padding-bottom: 4px;\">\n<h3 style=\"padding: 0px; font-size: 16px; line-height: 20px; font-weight: bold; margin: 0px;\"><span style=\"font-family: &quot;Open Sans&quot;; font-size: 13px;\">Geeignet f\u00fcr runde Flasche, runder Tank, Zylinder selbstklebende Etikettierung, geeignet f\u00fcr PET-Flaschen, Kunststoff-Flaschen, Glasflaschen, Metall-Flaschen Runde Flasche Etikettierung, weit verbreitet in der Kosmetik-, Lebensmittel-, Getr\u00e4nke-, Pharma-und anderen Branchen, erheblich verbessern die Produktivit\u00e4t und Qualit\u00e4t Kennzeichnung.<\/span><\/h3>\n<\/div>\n<div id=\"mv2j7\" style=\"vertical-align: top; box-sizing: border-box; padding-top: 4px; padding-bottom: 4px;\">\n<p style=\"margin: 0; padding: 0;\">1, breite Anwendung, kann die 10-100mm Durchmesser Bereich Zylinder Kennzeichnung erf\u00fcllen.<\/p>\n<p>2, hochpr\u00e4zise Endbeschriftung, Etikettenplatzabweichung weniger als 0,5 mm.<\/p>\n<p>3, die Verwendung von cleveren Extrusion Ger\u00e4t F\u00fctterung, legen Sie einfach Elemente, ziehen Sie den Griff zur vollst\u00e4ndigen Kennzeichnung.<\/p>\n<p>4, die Position Einstellung, verschiedene Werkst\u00fcck Kennzeichnung einfachen Schalter.<\/p>\n<p>5, mit Synchronriemen Traktion, mechanische Stabilit\u00e4t stark verbessert.<\/p>\n<p>6, Desktop-Design, stromlinienf\u00f6rmige Struktur, kompaktes Aussehen, leistungsstark.<\/p>\n<p>7, mit dem erweiterten elektrischen Auge Erkennung Empfindlichkeit, Objekt, Etikett.<\/p>\n<p style=\"margin: 0; padding: 0;\">&nbsp;<\/p>\n<p style=\"margin: 0; padding: 0;\">Hinweis: Tags m\u00fcssen Code zu spielen, k\u00f6nnen angepasst werden.<\/p>\n<\/p><\/div>\n<\/p><\/div>\n<\/p><\/div>\n<div style=\"vertical-align: top; padding-top: 10px; padding-bottom: 10px; margin-right: -4px; margin-left: -4px;\">\n<div id=\"s90k0\" style=\"vertical-align: top; box-sizing: border-box; padding-right: 4px; padding-left: 4px;\">\n<table class=\"aliDataTable\" style=\"width: auto; border-collapse: collapse;\">\n<tbody>\n<tr>\n<td style=\"background-color: #dae2ed;\">\n<div style=\"width: 227px; height: auto; padding: 5px 10px; overflow: hidden;\">\n        Modell\n       <\/div>\n<\/td>\n<td>\n<div style=\"width: 476px; height: auto; padding: 5px 10px; overflow: hidden;\">\n        <span style=\"color: #ff0000;\">DYMT-50<\/span>\/DYMT-50C\n       <\/div>\n<\/td>\n<\/tr>\n<tr>\n<td style=\"background-color: #dae2ed;\">\n<div style=\"width: 227px; height: auto; padding: 5px 10px; overflow: hidden;\">\n        Spannung\n       <\/div>\n<\/td>\n<td>\n<div style=\"width: 476px; height: auto; padding: 5px 10px; overflow: hidden;\">\n        AC220V\/50hz\n       <\/div>\n<\/td>\n<\/tr>\n<tr>\n<td style=\"background-color: #dae2ed;\">\n<div style=\"width: 227px; height: auto; padding: 5px 10px; overflow: hidden;\">\n        Strom\n       <\/div>\n<\/td>\n<td>\n<div style=\"width: 476px; height: auto; padding: 5px 10px; overflow: hidden;\">\n        120W\n       <\/div>\n<\/td>\n<\/tr>\n<tr>\n<td style=\"background-color: #dae2ed;\">\n<div style=\"width: 227px; height: auto; padding: 5px 10px; overflow: hidden;\">\n        Geschwindigkeit der Etikettierung\n       <\/div>\n<\/td>\n<td>\n<div style=\"width: 476px; height: auto; padding: 5px 10px; overflow: hidden;\">\n        25-30 St\u00fcck\/Min.\n       <\/div>\n<\/td>\n<\/tr>\n<tr>\n<td style=\"background-color: #dae2ed;\">\n<div style=\"width: 227px; height: auto; padding: 5px 10px; overflow: hidden;\">\n        Pr\u00e4zision\n       <\/div>\n<\/td>\n<td>\n<div style=\"width: 476px; height: auto; padding: 5px 10px; overflow: hidden;\">\n        \u00b10.5\n       <\/div>\n<\/td>\n<\/tr>\n<tr>\n<td style=\"background-color: #dae2ed;\">\n<div style=\"width: 227px; height: auto; padding: 5px 10px; overflow: hidden;\">\n        Durchmesser der Etikettenrolle\n       <\/div>\n<\/td>\n<td>\n<div style=\"width: 476px; height: auto; padding: 5px 10px; overflow: hidden;\">\n        75-250mm\n       <\/div>\n<\/td>\n<\/tr>\n<tr>\n<td style=\"background-color: #dae2ed;\">\n<div style=\"width: 227px; height: auto; padding: 5px 10px; overflow: hidden;\">\n        Durchmesser der Flasche\n       <\/div>\n<\/td>\n<td>\n<div style=\"width: 476px; height: auto; padding: 5px 10px; overflow: hidden;\">\n        20-120mm\n       <\/div>\n<\/td>\n<\/tr>\n<tr>\n<td style=\"background-color: #dae2ed;\">\n<div style=\"width: 227px; height: auto; padding: 5px 10px; overflow: hidden;\">\n        Maximale Etikettengr\u00f6\u00dfe\n       <\/div>\n<\/td>\n<td>\n<div style=\"width: 476px; height: auto; padding: 5px 10px; overflow: hidden;\">\n        B150*L230\n       <\/div>\n<\/td>\n<\/tr>\n<tr>\n<td style=\"background-color: #dae2ed;\">\n<div style=\"width: 227px; height: auto; padding: 5px 10px; overflow: hidden;\">\n        Gr\u00f6\u00dfe der Maschine\n       <\/div>\n<\/td>\n<td>\n<div style=\"width: 476px; height: auto; padding: 5px 10px; overflow: hidden;\">\n        650*450*450mm\n       <\/div>\n<\/td>\n<\/tr>\n<tr>\n<td style=\"background-color: #dae2ed;\">\n<div style=\"width: 227px; height: auto; padding: 5px 10px; overflow: hidden;\">\n        Gewicht der Maschine\n       <\/div>\n<\/td>\n<td>\n<div style=\"width: 476px; height: auto; padding: 5px 10px; overflow: hidden;\">\n        25kg\n       <\/div>\n<\/td>\n<\/tr>\n<\/tbody>\n<\/table><\/div>\n<\/p><\/div>\n<div style=\"vertical-align: top; padding-top: 10px; padding-bottom: 10px; margin-right: -4px; margin-left: -4px;\">\n<div id=\"0nc4r\" style=\"vertical-align: top; box-sizing: border-box; padding-right: 4px; padding-left: 4px;\">\n<div style=\"overflow: hidden; width: 750px; height: 750px;\">\n    <img decoding=\"async\" src=\"https:\/\/sc01.alicdn.com\/kf\/H2fdc11309725426991d0d208644af762J\/64496\/H2fdc11309725426991d0d208644af762J.jpg\" style=\"width: 750px; height: 750px; margin-left: 0px; margin-top: 0px;\" class=\"aligncenter\">\n   <\/div>\n<\/p><\/div>\n<\/p><\/div>\n<div style=\"vertical-align: top; padding-top: 10px; padding-bottom: 10px; margin-right: -4px; margin-left: -4px;\">\n<div style=\"vertical-align: top; box-sizing: border-box; padding-right: 4px; padding-left: 4px; margin-top: -4px; margin-bottom: -4px;\">\n<div id=\"3fdg1\" style=\"vertical-align: top; box-sizing: border-box; padding-top: 4px; padding-bottom: 4px;\">\n<div style=\"overflow: hidden; width: 750px; height: 320px;\">\n     <img decoding=\"async\" src=\"https:\/\/sc01.alicdn.com\/kf\/Hb5a5305f1f594eaaad8eb5cc627be03fe\/64496\/Hb5a5305f1f594eaaad8eb5cc627be03fe.png\" style=\"width: 749.7px; height: 288px; margin-left: 0px; margin-top: 0px;\" class=\"aligncenter\">\n    <\/div>\n<\/p><\/div>\n<div style=\"vertical-align: top; box-sizing: border-box; padding-top: 4px; padding-bottom: 4px; margin-right: -4px; margin-left: -4px;\">\n<div id=\"atnbs\" style=\"vertical-align: top; width: 50%; display: inline-block; box-sizing: border-box; padding-right: 4px; padding-left: 4px;\">\n<div style=\"overflow: hidden; width: 371px; height: 200px;\">\n      <img decoding=\"async\" src=\"https:\/\/sc02.alicdn.com\/kf\/H96f535071d7f4ca6804f21631f133f64e\/64496\/H96f535071d7f4ca6804f21631f133f64e.png\" style=\"width: 371px; height: 246.947px; margin-left: 0px; margin-top: -18px;\" class=\"aligncenter\">\n     <\/div>\n<\/p><\/div>\n<div id=\"jluz3\" style=\"vertical-align: top; width: 50%; display: inline-block; box-sizing: border-box; padding-right: 4px; padding-left: 4px;\">\n<div style=\"overflow: hidden; width: 371px; height: 200px;\">\n      <img decoding=\"async\" src=\"https:\/\/sc01.alicdn.com\/kf\/H705f9208ca5943d6ba928a4f7d24cc15y\/64496\/H705f9208ca5943d6ba928a4f7d24cc15y.png\" style=\"width: 371px; height: 352.023px; margin-left: 0px; margin-top: -105px;\" class=\"aligncenter\">\n     <\/div>\n<\/p><\/div>\n<\/p><\/div>\n<\/p><\/div>\n<\/p><\/div>\n<div style=\"vertical-align: top; padding-top: 15px; padding-bottom: 15px;\"><\/div>\n<div style=\"vertical-align: top; padding-top: 10px; padding-bottom: 10px; margin-right: -4px; margin-left: -4px;\">\n<div id=\"lg8fk\" style=\"vertical-align: top; width: 50%; display: inline-block; box-sizing: border-box; padding-right: 4px; padding-left: 4px;\">\n  <\/div>\n<\/p><\/div>","protected":false},"excerpt":{"rendered":"<p>Mt-50 Halbautomatische Weinflaschen-Etikettiermaschine f\u00fcr Rundflaschen<\/p>","protected":false},"featured_media":2638,"comment_status":"closed","ping_status":"open","template":"","meta":[],"product_brand":[],"product_cat":[99],"product_tag":[],"class_list":{"0":"post-2902","1":"product","2":"type-product","3":"status-publish","4":"has-post-thumbnail","6":"product_cat-labeling-machines","8":"first","9":"instock","10":"sale","11":"purchasable","12":"product-type-simple"},"yoast_head":"<!-- This site is optimized with the Yoast SEO Premium plugin v20.9 (Yoast SEO v26.5) - https:\/\/yoast.com\/wordpress\/plugins\/seo\/ -->\n<title>Semi-automatic round bottle labeling machine - ALF PACK<\/title>\n<meta name=\"robots\" content=\"index, follow, max-snippet:-1, max-image-preview:large, max-video-preview:-1\" \/>\n<link rel=\"canonical\" href=\"https:\/\/alfequipment.com\/de\/product\/halbautomatische-etikettiermaschine-fur-runde-flaschen\/\" \/>\n<meta property=\"og:locale\" content=\"de_DE\" \/>\n<meta property=\"og:type\" content=\"article\" \/>\n<meta property=\"og:title\" content=\"Semi-automatic round bottle labeling machine\" \/>\n<meta property=\"og:description\" content=\"Mt-50 Semi Auto Wine Bottle Labeling Machine For Round Bottle\" \/>\n<meta property=\"og:url\" content=\"https:\/\/alfequipment.com\/de\/product\/halbautomatische-etikettiermaschine-fur-runde-flaschen\/\" \/>\n<meta property=\"og:site_name\" content=\"ALF PACK\" \/>\n<meta property=\"article:modified_time\" content=\"2025-01-13T13:08:42+00:00\" \/>\n<meta property=\"og:image\" content=\"https:\/\/alfequipment.com\/wp-content\/uploads\/2025\/01\/Semi-automatic-round-bottle-labeling-machine.jpg\" \/>\n\t<meta property=\"og:image:width\" content=\"800\" \/>\n\t<meta property=\"og:image:height\" content=\"800\" \/>\n\t<meta property=\"og:image:type\" content=\"image\/webp\" \/>\n<meta name=\"twitter:card\" content=\"summary_large_image\" \/>\n<meta name=\"twitter:label1\" content=\"Gesch\u00e4tzte Lesezeit\" \/>\n\t<meta name=\"twitter:data1\" content=\"1\u00a0Minute\" \/>\n<script type=\"application\/ld+json\" class=\"yoast-schema-graph\">{\"@context\":\"https:\/\/schema.org\",\"@graph\":[{\"@type\":\"WebPage\",\"@id\":\"https:\/\/alfequipment.com\/product\/semi-automatic-round-bottle-labeling-machine\/\",\"url\":\"https:\/\/alfequipment.com\/product\/semi-automatic-round-bottle-labeling-machine\/\",\"name\":\"Semi-automatic round bottle labeling machine - ALF PACK\",\"isPartOf\":{\"@id\":\"https:\/\/alfequipment.com\/#website\"},\"primaryImageOfPage\":{\"@id\":\"https:\/\/alfequipment.com\/product\/semi-automatic-round-bottle-labeling-machine\/#primaryimage\"},\"image\":{\"@id\":\"https:\/\/alfequipment.com\/product\/semi-automatic-round-bottle-labeling-machine\/#primaryimage\"},\"thumbnailUrl\":\"https:\/\/alfequipment.com\/wp-content\/uploads\/2025\/01\/Semi-automatic-round-bottle-labeling-machine.jpg\",\"datePublished\":\"2025-01-05T01:52:29+00:00\",\"dateModified\":\"2025-01-13T13:08:42+00:00\",\"breadcrumb\":{\"@id\":\"https:\/\/alfequipment.com\/product\/semi-automatic-round-bottle-labeling-machine\/#breadcrumb\"},\"inLanguage\":\"de\",\"potentialAction\":[{\"@type\":\"ReadAction\",\"target\":[\"https:\/\/alfequipment.com\/product\/semi-automatic-round-bottle-labeling-machine\/\"]}]},{\"@type\":\"ImageObject\",\"inLanguage\":\"de\",\"@id\":\"https:\/\/alfequipment.com\/product\/semi-automatic-round-bottle-labeling-machine\/#primaryimage\",\"url\":\"https:\/\/alfequipment.com\/wp-content\/uploads\/2025\/01\/Semi-automatic-round-bottle-labeling-machine.jpg\",\"contentUrl\":\"https:\/\/alfequipment.com\/wp-content\/uploads\/2025\/01\/Semi-automatic-round-bottle-labeling-machine.jpg\",\"width\":800,\"height\":800},{\"@type\":\"BreadcrumbList\",\"@id\":\"https:\/\/alfequipment.com\/product\/semi-automatic-round-bottle-labeling-machine\/#breadcrumb\",\"itemListElement\":[{\"@type\":\"ListItem\",\"position\":1,\"name\":\"Home\",\"item\":\"https:\/\/alfequipment.com\/\"},{\"@type\":\"ListItem\",\"position\":2,\"name\":\"Shop\",\"item\":\"https:\/\/alfequipment.com\/shop\/\"},{\"@type\":\"ListItem\",\"position\":3,\"name\":\"Semi-automatic round bottle labeling machine\"}]},{\"@type\":\"WebSite\",\"@id\":\"https:\/\/alfequipment.com\/#website\",\"url\":\"https:\/\/alfequipment.com\/\",\"name\":\"ALF PACK\",\"description\":\"\",\"publisher\":{\"@id\":\"https:\/\/alfequipment.com\/#organization\"},\"potentialAction\":[{\"@type\":\"SearchAction\",\"target\":{\"@type\":\"EntryPoint\",\"urlTemplate\":\"https:\/\/alfequipment.com\/?s={search_term_string}\"},\"query-input\":{\"@type\":\"PropertyValueSpecification\",\"valueRequired\":true,\"valueName\":\"search_term_string\"}}],\"inLanguage\":\"de\"},{\"@type\":\"Organization\",\"@id\":\"https:\/\/alfequipment.com\/#organization\",\"name\":\"ALF PACK\",\"url\":\"https:\/\/alfequipment.com\/\",\"logo\":{\"@type\":\"ImageObject\",\"inLanguage\":\"de\",\"@id\":\"https:\/\/alfequipment.com\/#\/schema\/logo\/image\/\",\"url\":\"https:\/\/alfequipment.com\/wp-content\/uploads\/2024\/11\/ALFlogo-2.webp\",\"contentUrl\":\"https:\/\/alfequipment.com\/wp-content\/uploads\/2024\/11\/ALFlogo-2.webp\",\"width\":758,\"height\":750,\"caption\":\"ALF PACK\"},\"image\":{\"@id\":\"https:\/\/alfequipment.com\/#\/schema\/logo\/image\/\"}}]}<\/script>\n<!-- \/ Yoast SEO Premium plugin. -->","yoast_head_json":{"title":"Halbautomatische Etikettiermaschine f\u00fcr runde Flaschen - ALF PACK","robots":{"index":"index","follow":"follow","max-snippet":"max-snippet:-1","max-image-preview":"max-image-preview:large","max-video-preview":"max-video-preview:-1"},"canonical":"https:\/\/alfequipment.com\/de\/product\/halbautomatische-etikettiermaschine-fur-runde-flaschen\/","og_locale":"de_DE","og_type":"article","og_title":"Semi-automatic round bottle labeling machine","og_description":"Mt-50 Semi Auto Wine Bottle Labeling Machine For Round Bottle","og_url":"https:\/\/alfequipment.com\/de\/product\/halbautomatische-etikettiermaschine-fur-runde-flaschen\/","og_site_name":"ALF PACK","article_modified_time":"2025-01-13T13:08:42+00:00","og_image":[{"width":800,"height":800,"url":"https:\/\/alfequipment.com\/wp-content\/uploads\/2025\/01\/Semi-automatic-round-bottle-labeling-machine.jpg","type":"image\/webp"}],"twitter_card":"summary_large_image","twitter_misc":{"Gesch\u00e4tzte Lesezeit":"1\u00a0Minute"},"schema":{"@context":"https:\/\/schema.org","@graph":[{"@type":"WebPage","@id":"https:\/\/alfequipment.com\/product\/semi-automatic-round-bottle-labeling-machine\/","url":"https:\/\/alfequipment.com\/product\/semi-automatic-round-bottle-labeling-machine\/","name":"Halbautomatische Etikettiermaschine f\u00fcr runde Flaschen - ALF PACK","isPartOf":{"@id":"https:\/\/alfequipment.com\/#website"},"primaryImageOfPage":{"@id":"https:\/\/alfequipment.com\/product\/semi-automatic-round-bottle-labeling-machine\/#primaryimage"},"image":{"@id":"https:\/\/alfequipment.com\/product\/semi-automatic-round-bottle-labeling-machine\/#primaryimage"},"thumbnailUrl":"https:\/\/alfequipment.com\/wp-content\/uploads\/2025\/01\/Semi-automatic-round-bottle-labeling-machine.jpg","datePublished":"2025-01-05T01:52:29+00:00","dateModified":"2025-01-13T13:08:42+00:00","breadcrumb":{"@id":"https:\/\/alfequipment.com\/product\/semi-automatic-round-bottle-labeling-machine\/#breadcrumb"},"inLanguage":"de","potentialAction":[{"@type":"ReadAction","target":["https:\/\/alfequipment.com\/product\/semi-automatic-round-bottle-labeling-machine\/"]}]},{"@type":"ImageObject","inLanguage":"de","@id":"https:\/\/alfequipment.com\/product\/semi-automatic-round-bottle-labeling-machine\/#primaryimage","url":"https:\/\/alfequipment.com\/wp-content\/uploads\/2025\/01\/Semi-automatic-round-bottle-labeling-machine.jpg","contentUrl":"https:\/\/alfequipment.com\/wp-content\/uploads\/2025\/01\/Semi-automatic-round-bottle-labeling-machine.jpg","width":800,"height":800},{"@type":"BreadcrumbList","@id":"https:\/\/alfequipment.com\/product\/semi-automatic-round-bottle-labeling-machine\/#breadcrumb","itemListElement":[{"@type":"ListItem","position":1,"name":"Home","item":"https:\/\/alfequipment.com\/"},{"@type":"ListItem","position":2,"name":"Shop","item":"https:\/\/alfequipment.com\/shop\/"},{"@type":"ListItem","position":3,"name":"Semi-automatic round bottle labeling machine"}]},{"@type":"WebSite","@id":"https:\/\/alfequipment.com\/#website","url":"https:\/\/alfequipment.com\/","name":"ALF PACK","description":"","publisher":{"@id":"https:\/\/alfequipment.com\/#organization"},"potentialAction":[{"@type":"SearchAction","target":{"@type":"EntryPoint","urlTemplate":"https:\/\/alfequipment.com\/?s={search_term_string}"},"query-input":{"@type":"PropertyValueSpecification","valueRequired":true,"valueName":"search_term_string"}}],"inLanguage":"de"},{"@type":"Organization","@id":"https:\/\/alfequipment.com\/#organization","name":"ALF PACK","url":"https:\/\/alfequipment.com\/","logo":{"@type":"ImageObject","inLanguage":"de","@id":"https:\/\/alfequipment.com\/#\/schema\/logo\/image\/","url":"https:\/\/alfequipment.com\/wp-content\/uploads\/2024\/11\/ALFlogo-2.webp","contentUrl":"https:\/\/alfequipment.com\/wp-content\/uploads\/2024\/11\/ALFlogo-2.webp","width":758,"height":750,"caption":"ALF PACK"},"image":{"@id":"https:\/\/alfequipment.com\/#\/schema\/logo\/image\/"}}]}},"_links":{"self":[{"href":"https:\/\/alfequipment.com\/de\/wp-json\/wp\/v2\/product\/2902","targetHints":{"allow":["GET"]}}],"collection":[{"href":"https:\/\/alfequipment.com\/de\/wp-json\/wp\/v2\/product"}],"about":[{"href":"https:\/\/alfequipment.com\/de\/wp-json\/wp\/v2\/types\/product"}],"replies":[{"embeddable":true,"href":"https:\/\/alfequipment.com\/de\/wp-json\/wp\/v2\/comments?post=2902"}],"version-history":[{"count":0,"href":"https:\/\/alfequipment.com\/de\/wp-json\/wp\/v2\/product\/2902\/revisions"}],"wp:featuredmedia":[{"embeddable":true,"href":"https:\/\/alfequipment.com\/de\/wp-json\/wp\/v2\/media\/2638"}],"wp:attachment":[{"href":"https:\/\/alfequipment.com\/de\/wp-json\/wp\/v2\/media?parent=2902"}],"wp:term":[{"taxonomy":"product_brand","embeddable":true,"href":"https:\/\/alfequipment.com\/de\/wp-json\/wp\/v2\/product_brand?post=2902"},{"taxonomy":"product_cat","embeddable":true,"href":"https:\/\/alfequipment.com\/de\/wp-json\/wp\/v2\/product_cat?post=2902"},{"taxonomy":"product_tag","embeddable":true,"href":"https:\/\/alfequipment.com\/de\/wp-json\/wp\/v2\/product_tag?post=2902"}],"curies":[{"name":"wp","href":"https:\/\/api.w.org\/{rel}","templated":true}]}}