{"id":2910,"date":"2024-12-31T22:28:11","date_gmt":"2024-12-31T22:28:11","guid":{"rendered":"https:\/\/alfequipment.com\/product\/sealing-belt-750mm-heat-sealing-belt-for-fr-900-frd-1000-band-sealing-machine\/"},"modified":"2025-01-13T15:00:37","modified_gmt":"2025-01-13T15:00:37","slug":"siegelband-750mm-heisssiegelband-fur-fr-900-frd-1000-bandschweismaschine","status":"publish","type":"product","link":"https:\/\/alfequipment.com\/de\/product\/siegelband-750mm-heisssiegelband-fur-fr-900-frd-1000-bandschweismaschine\/","title":{"rendered":"Siegelband 750mm Hei\u00dfsiegelband f\u00fcr FR-900 FRD-1000 Bandsiegelmaschine"},"content":{"rendered":"<p><span style=\"color: #ffffff;\">Farbband | <span style=\"line-height: normal;\">C<img decoding=\"async\" src=\"https:\/\/sc04.alicdn.com\/kf\/Ha199b2a1705142239fb188546e410224d\/64496\/Ha199b2a1705142239fb188546e410224d.jpg\" data-alt=\"Sealing Belt 750mm heat Sealing Belt for FR-900 FRD-1000 band sealing machine\" data-width=\"635\" data-height=\"635\" ori-width=\"800\" ori-height=\"800\" class=\"aligncenter\"><img decoding=\"async\" src=\"https:\/\/sc04.alicdn.com\/kf\/Ha187ee1df5354218a15fbde49cd7a39fY\/64496\/Ha187ee1df5354218a15fbde49cd7a39fY.jpg\" data-alt=\"Sealing Belt 750mm heat Sealing Belt for FR-900 FRD-1000 band sealing machine\" data-width=\"635\" data-height=\"635\" ori-width=\"1000\" ori-height=\"1000\" class=\"aligncenter\">olor Ribbon |<\/span> <span style=\"line-height: normal;\">Farbband |<\/span> <span style=\"line-height: normal;\">Farbband |<\/span> <span style=\"line-height: normal;\">Farbband |<\/span> <span style=\"line-height: normal;\">Farbband |<\/span> <span style=\"line-height: normal;\">Farbband |<\/span> <span style=\"line-height: normal;\">Farbband |<\/span> <span style=\"line-height: normal;\">Farbband |<\/span> <span style=\"line-height: normal;\">Farbband |<\/span> <span style=\"line-height: normal;\">Farbband |<\/span> <span style=\"line-height: normal;\">Farbband |<\/span> <span style=\"line-height: normal;\">Farbband |<\/span> <span style=\"line-height: normal;\">Farbband |<\/span> <span style=\"line-height: normal;\">Farbband |<\/span> <span style=\"line-height: normal;\">Farbband |<\/span><\/span><\/p>\n<div id=\"ali-anchor-AliPostDhMb-on1n3\" class=\"mceSectionContainer\" style=\"padding-top: 8px;\" data-section=\"AliPostDhMb-on1n3\" data-section-title=\"Product Description\">\n<div id=\"ali-title-AliPostDhMb-on1n3\" style=\"padding: 8px 0; border-bottom: 1px solid #ddd;\">\n  <span style=\"background-color: #ddd; color: #333; font-weight: bold; padding: 8px 10px; line-height: 12px;\">Beschreibung des Produkts<\/span>\n <\/div>\n<div style=\"padding: 10px 0;\">\n<p><span style=\"font-size: 16px;\">&nbsp;<span style=\"line-height: 14px; color: #333333; font-family: Helvetica, sans-serif; font-weight: bold;\">Spezifikationen:<\/span><\/span><\/p>\n<\/p><\/div>\n<\/div>\n<p style=\"margin-bottom: 1.5em; border: 0px; font-family: Helvetica,sans-serif; line-height: 15px; vertical-align: baseline;\">Siegelband \/ Dichtungsband f\u00fcr Siegelbandmaschine<\/p>\n<table style=\"margin: 0px; padding: 0px; font-style: normal; font-weight: 400; font-size: 14px; line-height: inherit; font-family: Helvetica, Tahoma, Arial; border-collapse: collapse; width: 747px; color: #333333; background-color: #ffffff; height: 269px;\">\n<tbody>\n<tr style=\"margin: 0px; padding: 0px; font-style: inherit; font-weight: inherit; font-size: 14px; line-height: inherit; height: 20px;\">\n<td style=\"margin: 0px; padding: 0px; font-style: inherit; font-weight: 400; font-size: 14px; line-height: inherit; float: none; border: 1px solid #cccccc; overflow: hidden; height: 20px; box-sizing: content-box; vertical-align: top; background-color: #f7f8fa; width: 280.164px;\" colspan=\"1\" rowspan=\"1\">\n<div style=\"margin: 0px; padding: 5px 10px; border: 0px; vertical-align: baseline; min-height: 28px; width: 259px; box-sizing: content-box;\">\n     <span style=\"font-size: 12px;\">Standard oder Nicht-Standard<\/span>\n    <\/div>\n<\/td>\n<td style=\"margin: 0px; padding: 0px; font-style: inherit; font-weight: 400; font-size: 14px; line-height: inherit; float: none; border: 1px solid #cccccc; overflow: hidden; height: 20px; box-sizing: content-box; vertical-align: top; background-color: #f7f8fa; width: 463.973px;\" colspan=\"1\" rowspan=\"1\">\n<div style=\"margin: 0px; padding: 5px 10px; border: 0px; vertical-align: baseline; min-height: 28px; width: 442px; box-sizing: content-box;\">\n     <span style=\"font-size: 12px;\">Standard<\/span>\n    <\/div>\n<\/td>\n<\/tr>\n<tr style=\"margin: 0px; padding: 0px; font-style: inherit; font-weight: inherit; font-size: 14px; line-height: inherit; height: 20px;\">\n<td style=\"margin: 0px; padding: 0px; font-style: inherit; font-weight: 400; font-size: 14px; line-height: inherit; float: none; border: 1px solid #cccccc; overflow: hidden; height: 20px; box-sizing: content-box; vertical-align: top; width: 280.164px;\" colspan=\"1\" rowspan=\"1\">\n<div style=\"margin: 0px; padding: 5px 10px; border: 0px; vertical-align: baseline; min-height: 28px; width: 259px; box-sizing: content-box;\">\n     <span style=\"font-size: 12px;\">Material<\/span>\n    <\/div>\n<\/td>\n<td style=\"margin: 0px; padding: 0px; font-style: inherit; font-weight: 400; font-size: 14px; line-height: inherit; float: none; border: 1px solid #cccccc; overflow: hidden; height: 20px; box-sizing: content-box; vertical-align: top; width: 463.973px;\" colspan=\"1\" rowspan=\"1\">\n<div style=\"margin: 0px; padding: 5px 10px; border: 0px; vertical-align: baseline; min-height: 28px; width: 442px; box-sizing: content-box;\">\n     <span style=\"font-size: 12px;\">PTFE-beschichtetes Glasfasergewebe<\/span>\n    <\/div>\n<\/td>\n<\/tr>\n<tr style=\"margin: 0px; padding: 0px; font-style: inherit; font-weight: inherit; font-size: 14px; line-height: inherit; height: 20px;\">\n<td style=\"margin: 0px; padding: 0px; font-style: inherit; font-weight: 400; font-size: 14px; line-height: inherit; float: none; border: 1px solid #cccccc; overflow: hidden; height: 20px; box-sizing: content-box; vertical-align: top; width: 280.164px;\" colspan=\"1\" rowspan=\"1\">\n<div style=\"margin: 0px; padding: 5px 10px; border: 0px; vertical-align: baseline; min-height: 28px; width: 259px; box-sizing: content-box;\">\n     <span style=\"font-size: 12px;\">Gr\u00f6\u00dfe des Siegelbandes<\/span>\n    <\/div>\n<\/td>\n<td style=\"margin: 0px; padding: 0px; font-style: inherit; font-weight: 400; font-size: 14px; line-height: inherit; float: none; border: 1px solid #cccccc; overflow: hidden; height: 20px; box-sizing: content-box; vertical-align: top; width: 463.973px;\" colspan=\"1\" rowspan=\"1\">\n<div style=\"margin: 0px; padding: 5px 10px; border: 0px; vertical-align: baseline; min-height: 28px; width: 442px; box-sizing: content-box;\">\n     <span style=\"font-size: 12px;\">15mm*750mm<\/span>\n    <\/div>\n<\/td>\n<\/tr>\n<tr style=\"margin: 0px; padding: 0px; font-style: inherit; font-weight: inherit; font-size: 14px; line-height: inherit; height: 20px;\">\n<td style=\"margin: 0px; padding: 0px; font-style: inherit; font-weight: 400; font-size: 14px; line-height: inherit; float: none; border: 1px solid #cccccc; overflow: hidden; height: 20px; box-sizing: content-box; vertical-align: top; width: 280.164px;\" colspan=\"1\" rowspan=\"1\">\n<div style=\"margin: 0px; padding: 5px 10px; border: 0px; vertical-align: baseline; min-height: 28px; width: 259px; box-sizing: content-box;\">\n     <span style=\"font-size: 12px;\">Siegelband&nbsp;<span style=\"color: #000000; font-family: Verdana, Arial, Helvetica, sans-serif; font-style: normal; font-weight: 400; background-color: #ffffff; float: none; display: inline !important;\">Dicke:<\/span><\/span>\n    <\/div>\n<\/td>\n<td style=\"margin: 0px; padding: 0px; font-style: inherit; font-weight: 400; font-size: 14px; line-height: inherit; float: none; border: 1px solid #cccccc; overflow: hidden; height: 20px; box-sizing: content-box; vertical-align: top; width: 463.973px;\" colspan=\"1\" rowspan=\"1\">\n<div style=\"margin: 0px; padding: 5px 10px; border: 0px; vertical-align: baseline; min-height: 28px; width: 442px; box-sizing: content-box;\">\n     <span style=\"font-size: 12px;\"><span style=\"color: #000000; font-family: Verdana, Arial, Helvetica, sans-serif; font-style: normal; font-weight: 400; background-color: #ffffff; float: none; display: inline !important;\">0,2 mm<\/span><\/span>\n    <\/div>\n<\/td>\n<\/tr>\n<tr style=\"margin: 0px; padding: 0px; font-style: inherit; font-weight: inherit; font-size: 14px; line-height: inherit; height: 20px;\">\n<td style=\"margin: 0px; padding: 0px; font-style: inherit; font-weight: 400; font-size: 14px; line-height: inherit; float: none; border: 1px solid #cccccc; overflow: hidden; height: 20px; box-sizing: content-box; vertical-align: top; width: 280.164px;\" colspan=\"1\" rowspan=\"1\">\n<div style=\"margin: 0px; padding: 5px 10px; border: 0px; vertical-align: baseline; min-height: 28px; width: 259px; box-sizing: content-box;\">\n     <span style=\"font-size: 12px;\">Farbe<\/span>\n    <\/div>\n<\/td>\n<td style=\"margin: 0px; padding: 0px; font-style: inherit; font-weight: 400; font-size: 14px; line-height: inherit; float: none; border: 1px solid #cccccc; overflow: hidden; height: 20px; box-sizing: content-box; vertical-align: top; width: 463.973px;\" colspan=\"1\" rowspan=\"1\">\n<div style=\"margin: 0px; padding: 5px 10px; border: 0px; vertical-align: baseline; min-height: 28px; width: 442px; box-sizing: content-box;\">\n     <span style=\"font-size: 12px;\">Braun<\/span>\n    <\/div>\n<\/td>\n<\/tr>\n<tr style=\"margin: 0px; padding: 0px; font-style: inherit; font-weight: inherit; font-size: 14px; line-height: inherit; height: 20px;\">\n<td style=\"margin: 0px; padding: 0px; font-style: inherit; font-weight: 400; font-size: 14px; line-height: inherit; float: none; border: 1px solid #cccccc; overflow: hidden; height: 20px; box-sizing: content-box; vertical-align: top; width: 280.164px;\" colspan=\"1\" rowspan=\"1\">\n<div style=\"margin: 0px; padding: 5px 10px; border: 0px; vertical-align: baseline; min-height: 28px; width: 259px; box-sizing: content-box;\">\n     <span style=\"font-size: 12px;\">Anmeldung<\/span>\n    <\/div>\n<\/td>\n<td style=\"margin: 0px; padding: 0px; font-style: inherit; font-weight: 400; font-size: 14px; line-height: inherit; float: none; border: 1px solid #cccccc; overflow: hidden; height: 20px; box-sizing: content-box; vertical-align: top; width: 463.973px;\" colspan=\"1\" rowspan=\"1\">\n<div style=\"margin: 0px; padding: 5px 10px; border: 0px; vertical-align: baseline; min-height: 28px; width: 442px; box-sizing: content-box;\">\n     <span style=\"font-size: 12px;\">F\u00fcr FR-900 &amp; FRD-1000 Bandschwei\u00dfmaschine<\/span>\n    <\/div>\n<\/td>\n<\/tr>\n<tr style=\"margin: 0px; padding: 0px; font-style: inherit; font-weight: inherit; font-size: 14px; line-height: inherit; height: 20px;\">\n<td style=\"margin: 0px; padding: 0px; font-style: inherit; font-weight: 400; font-size: 14px; line-height: inherit; float: none; border: 1px solid #cccccc; overflow: hidden; height: 20px; box-sizing: content-box; vertical-align: top; width: 280.164px;\">\n<div style=\"margin: 0px; padding: 5px 10px; border: 0px; vertical-align: baseline; min-height: 28px; width: 259px; box-sizing: content-box;\">\n     <span style=\"font-size: 12px;\"><span style=\"color: #333333; font-family: Helvetica,Tahoma,Arial; font-size: 14px; font-style: normal; font-weight: 400; background-color: #ffffff; display: inline !important; float: none;\">Ort der Herkunft<\/span><\/span>\n    <\/div>\n<\/td>\n<td style=\"margin: 0px; padding: 0px; font-style: inherit; font-weight: 400; font-size: 14px; line-height: inherit; float: none; border: 1px solid #cccccc; overflow: hidden; height: 20px; box-sizing: content-box; vertical-align: top; width: 463.973px;\">\n<div style=\"margin: 0px; padding: 5px 10px; border: 0px; vertical-align: baseline; min-height: 28px; width: 442px; box-sizing: content-box;\">\n     <span style=\"font-size: 12px;\">China<\/span>\n    <\/div>\n<\/td>\n<\/tr>\n<\/tbody>\n<\/table>\n<div id=\"ali-anchor-AliPostDhMb-6feuy\" class=\"mceSectionContainer\" style=\"padding-top: 8px;\" data-section=\"AliPostDhMb-6feuy\" data-section-title=\"Packaging &amp; Shipping\">\n<div id=\"ali-title-AliPostDhMb-6feuy\" style=\"padding: 8px 0; border-bottom: 1px solid #ddd;\">&nbsp;<\/div>\n<\/div>","protected":false},"excerpt":{"rendered":"<p>750mm Siegelband f\u00fcr Fr-900 Bandschwei\u00dfger\u00e4t<\/p>","protected":false},"featured_media":2654,"comment_status":"closed","ping_status":"open","template":"","meta":[],"product_brand":[],"product_cat":[119,97],"product_tag":[],"class_list":{"0":"post-2910","1":"product","2":"type-product","3":"status-publish","4":"has-post-thumbnail","6":"product_cat-band-sealer","7":"product_cat-sealing-machines","9":"first","10":"instock","11":"sale","12":"purchasable","13":"product-type-simple"},"yoast_head":"<!-- This site is optimized with the Yoast SEO Premium plugin v20.9 (Yoast SEO v26.5) - https:\/\/yoast.com\/wordpress\/plugins\/seo\/ -->\n<title>Sealing Belt 750mm heat Sealing Belt for FR-900 FRD-1000 band sealing machine - ALF PACK<\/title>\n<meta name=\"robots\" content=\"index, follow, max-snippet:-1, max-image-preview:large, max-video-preview:-1\" \/>\n<link rel=\"canonical\" href=\"https:\/\/alfequipment.com\/de\/product\/siegelband-750mm-heisssiegelband-fur-fr-900-frd-1000-bandschweismaschine\/\" \/>\n<meta property=\"og:locale\" content=\"de_DE\" \/>\n<meta property=\"og:type\" content=\"article\" \/>\n<meta property=\"og:title\" content=\"Sealing Belt 750mm heat Sealing Belt for FR-900 FRD-1000 band sealing machine\" \/>\n<meta property=\"og:description\" content=\"750mm Sealing Belt For Fr-900 Band Sealer\" \/>\n<meta property=\"og:url\" content=\"https:\/\/alfequipment.com\/de\/product\/siegelband-750mm-heisssiegelband-fur-fr-900-frd-1000-bandschweismaschine\/\" \/>\n<meta property=\"og:site_name\" content=\"ALF PACK\" \/>\n<meta property=\"article:modified_time\" content=\"2025-01-13T15:00:37+00:00\" \/>\n<meta property=\"og:image\" content=\"https:\/\/alfequipment.com\/wp-content\/uploads\/2025\/01\/Sealing-Belt-750mm-heat-Sealing-Belt-for.jpg\" \/>\n\t<meta property=\"og:image:width\" content=\"800\" \/>\n\t<meta property=\"og:image:height\" content=\"800\" \/>\n\t<meta property=\"og:image:type\" content=\"image\/webp\" \/>\n<meta name=\"twitter:card\" content=\"summary_large_image\" \/>\n<script type=\"application\/ld+json\" class=\"yoast-schema-graph\">{\"@context\":\"https:\/\/schema.org\",\"@graph\":[{\"@type\":\"WebPage\",\"@id\":\"https:\/\/alfequipment.com\/product\/sealing-belt-750mm-heat-sealing-belt-for-fr-900-frd-1000-band-sealing-machine\/\",\"url\":\"https:\/\/alfequipment.com\/product\/sealing-belt-750mm-heat-sealing-belt-for-fr-900-frd-1000-band-sealing-machine\/\",\"name\":\"Sealing Belt 750mm heat Sealing Belt for FR-900 FRD-1000 band sealing machine - ALF PACK\",\"isPartOf\":{\"@id\":\"https:\/\/alfequipment.com\/#website\"},\"primaryImageOfPage\":{\"@id\":\"https:\/\/alfequipment.com\/product\/sealing-belt-750mm-heat-sealing-belt-for-fr-900-frd-1000-band-sealing-machine\/#primaryimage\"},\"image\":{\"@id\":\"https:\/\/alfequipment.com\/product\/sealing-belt-750mm-heat-sealing-belt-for-fr-900-frd-1000-band-sealing-machine\/#primaryimage\"},\"thumbnailUrl\":\"https:\/\/alfequipment.com\/wp-content\/uploads\/2025\/01\/Sealing-Belt-750mm-heat-Sealing-Belt-for.jpg\",\"datePublished\":\"2024-12-31T22:28:11+00:00\",\"dateModified\":\"2025-01-13T15:00:37+00:00\",\"breadcrumb\":{\"@id\":\"https:\/\/alfequipment.com\/product\/sealing-belt-750mm-heat-sealing-belt-for-fr-900-frd-1000-band-sealing-machine\/#breadcrumb\"},\"inLanguage\":\"de\",\"potentialAction\":[{\"@type\":\"ReadAction\",\"target\":[\"https:\/\/alfequipment.com\/product\/sealing-belt-750mm-heat-sealing-belt-for-fr-900-frd-1000-band-sealing-machine\/\"]}]},{\"@type\":\"ImageObject\",\"inLanguage\":\"de\",\"@id\":\"https:\/\/alfequipment.com\/product\/sealing-belt-750mm-heat-sealing-belt-for-fr-900-frd-1000-band-sealing-machine\/#primaryimage\",\"url\":\"https:\/\/alfequipment.com\/wp-content\/uploads\/2025\/01\/Sealing-Belt-750mm-heat-Sealing-Belt-for.jpg\",\"contentUrl\":\"https:\/\/alfequipment.com\/wp-content\/uploads\/2025\/01\/Sealing-Belt-750mm-heat-Sealing-Belt-for.jpg\",\"width\":800,\"height\":800},{\"@type\":\"BreadcrumbList\",\"@id\":\"https:\/\/alfequipment.com\/product\/sealing-belt-750mm-heat-sealing-belt-for-fr-900-frd-1000-band-sealing-machine\/#breadcrumb\",\"itemListElement\":[{\"@type\":\"ListItem\",\"position\":1,\"name\":\"Home\",\"item\":\"https:\/\/alfequipment.com\/\"},{\"@type\":\"ListItem\",\"position\":2,\"name\":\"Shop\",\"item\":\"https:\/\/alfequipment.com\/shop\/\"},{\"@type\":\"ListItem\",\"position\":3,\"name\":\"Sealing Belt 750mm heat Sealing Belt for FR-900 FRD-1000 band sealing machine\"}]},{\"@type\":\"WebSite\",\"@id\":\"https:\/\/alfequipment.com\/#website\",\"url\":\"https:\/\/alfequipment.com\/\",\"name\":\"ALF PACK\",\"description\":\"\",\"publisher\":{\"@id\":\"https:\/\/alfequipment.com\/#organization\"},\"potentialAction\":[{\"@type\":\"SearchAction\",\"target\":{\"@type\":\"EntryPoint\",\"urlTemplate\":\"https:\/\/alfequipment.com\/?s={search_term_string}\"},\"query-input\":{\"@type\":\"PropertyValueSpecification\",\"valueRequired\":true,\"valueName\":\"search_term_string\"}}],\"inLanguage\":\"de\"},{\"@type\":\"Organization\",\"@id\":\"https:\/\/alfequipment.com\/#organization\",\"name\":\"ALF PACK\",\"url\":\"https:\/\/alfequipment.com\/\",\"logo\":{\"@type\":\"ImageObject\",\"inLanguage\":\"de\",\"@id\":\"https:\/\/alfequipment.com\/#\/schema\/logo\/image\/\",\"url\":\"https:\/\/alfequipment.com\/wp-content\/uploads\/2024\/11\/ALFlogo-2.webp\",\"contentUrl\":\"https:\/\/alfequipment.com\/wp-content\/uploads\/2024\/11\/ALFlogo-2.webp\",\"width\":758,\"height\":750,\"caption\":\"ALF PACK\"},\"image\":{\"@id\":\"https:\/\/alfequipment.com\/#\/schema\/logo\/image\/\"}}]}<\/script>\n<!-- \/ Yoast SEO Premium plugin. -->","yoast_head_json":{"title":"Siegelband 750mm Hei\u00dfsiegelband f\u00fcr FR-900 FRD-1000 Banderoliermaschine - ALF PACK","robots":{"index":"index","follow":"follow","max-snippet":"max-snippet:-1","max-image-preview":"max-image-preview:large","max-video-preview":"max-video-preview:-1"},"canonical":"https:\/\/alfequipment.com\/de\/product\/siegelband-750mm-heisssiegelband-fur-fr-900-frd-1000-bandschweismaschine\/","og_locale":"de_DE","og_type":"article","og_title":"Sealing Belt 750mm heat Sealing Belt for FR-900 FRD-1000 band sealing machine","og_description":"750mm Sealing Belt For Fr-900 Band Sealer","og_url":"https:\/\/alfequipment.com\/de\/product\/siegelband-750mm-heisssiegelband-fur-fr-900-frd-1000-bandschweismaschine\/","og_site_name":"ALF PACK","article_modified_time":"2025-01-13T15:00:37+00:00","og_image":[{"width":800,"height":800,"url":"https:\/\/alfequipment.com\/wp-content\/uploads\/2025\/01\/Sealing-Belt-750mm-heat-Sealing-Belt-for.jpg","type":"image\/webp"}],"twitter_card":"summary_large_image","schema":{"@context":"https:\/\/schema.org","@graph":[{"@type":"WebPage","@id":"https:\/\/alfequipment.com\/product\/sealing-belt-750mm-heat-sealing-belt-for-fr-900-frd-1000-band-sealing-machine\/","url":"https:\/\/alfequipment.com\/product\/sealing-belt-750mm-heat-sealing-belt-for-fr-900-frd-1000-band-sealing-machine\/","name":"Siegelband 750mm Hei\u00dfsiegelband f\u00fcr FR-900 FRD-1000 Banderoliermaschine - ALF PACK","isPartOf":{"@id":"https:\/\/alfequipment.com\/#website"},"primaryImageOfPage":{"@id":"https:\/\/alfequipment.com\/product\/sealing-belt-750mm-heat-sealing-belt-for-fr-900-frd-1000-band-sealing-machine\/#primaryimage"},"image":{"@id":"https:\/\/alfequipment.com\/product\/sealing-belt-750mm-heat-sealing-belt-for-fr-900-frd-1000-band-sealing-machine\/#primaryimage"},"thumbnailUrl":"https:\/\/alfequipment.com\/wp-content\/uploads\/2025\/01\/Sealing-Belt-750mm-heat-Sealing-Belt-for.jpg","datePublished":"2024-12-31T22:28:11+00:00","dateModified":"2025-01-13T15:00:37+00:00","breadcrumb":{"@id":"https:\/\/alfequipment.com\/product\/sealing-belt-750mm-heat-sealing-belt-for-fr-900-frd-1000-band-sealing-machine\/#breadcrumb"},"inLanguage":"de","potentialAction":[{"@type":"ReadAction","target":["https:\/\/alfequipment.com\/product\/sealing-belt-750mm-heat-sealing-belt-for-fr-900-frd-1000-band-sealing-machine\/"]}]},{"@type":"ImageObject","inLanguage":"de","@id":"https:\/\/alfequipment.com\/product\/sealing-belt-750mm-heat-sealing-belt-for-fr-900-frd-1000-band-sealing-machine\/#primaryimage","url":"https:\/\/alfequipment.com\/wp-content\/uploads\/2025\/01\/Sealing-Belt-750mm-heat-Sealing-Belt-for.jpg","contentUrl":"https:\/\/alfequipment.com\/wp-content\/uploads\/2025\/01\/Sealing-Belt-750mm-heat-Sealing-Belt-for.jpg","width":800,"height":800},{"@type":"BreadcrumbList","@id":"https:\/\/alfequipment.com\/product\/sealing-belt-750mm-heat-sealing-belt-for-fr-900-frd-1000-band-sealing-machine\/#breadcrumb","itemListElement":[{"@type":"ListItem","position":1,"name":"Home","item":"https:\/\/alfequipment.com\/"},{"@type":"ListItem","position":2,"name":"Shop","item":"https:\/\/alfequipment.com\/shop\/"},{"@type":"ListItem","position":3,"name":"Sealing Belt 750mm heat Sealing Belt for FR-900 FRD-1000 band sealing machine"}]},{"@type":"WebSite","@id":"https:\/\/alfequipment.com\/#website","url":"https:\/\/alfequipment.com\/","name":"ALF PACK","description":"","publisher":{"@id":"https:\/\/alfequipment.com\/#organization"},"potentialAction":[{"@type":"SearchAction","target":{"@type":"EntryPoint","urlTemplate":"https:\/\/alfequipment.com\/?s={search_term_string}"},"query-input":{"@type":"PropertyValueSpecification","valueRequired":true,"valueName":"search_term_string"}}],"inLanguage":"de"},{"@type":"Organization","@id":"https:\/\/alfequipment.com\/#organization","name":"ALF PACK","url":"https:\/\/alfequipment.com\/","logo":{"@type":"ImageObject","inLanguage":"de","@id":"https:\/\/alfequipment.com\/#\/schema\/logo\/image\/","url":"https:\/\/alfequipment.com\/wp-content\/uploads\/2024\/11\/ALFlogo-2.webp","contentUrl":"https:\/\/alfequipment.com\/wp-content\/uploads\/2024\/11\/ALFlogo-2.webp","width":758,"height":750,"caption":"ALF PACK"},"image":{"@id":"https:\/\/alfequipment.com\/#\/schema\/logo\/image\/"}}]}},"_links":{"self":[{"href":"https:\/\/alfequipment.com\/de\/wp-json\/wp\/v2\/product\/2910","targetHints":{"allow":["GET"]}}],"collection":[{"href":"https:\/\/alfequipment.com\/de\/wp-json\/wp\/v2\/product"}],"about":[{"href":"https:\/\/alfequipment.com\/de\/wp-json\/wp\/v2\/types\/product"}],"replies":[{"embeddable":true,"href":"https:\/\/alfequipment.com\/de\/wp-json\/wp\/v2\/comments?post=2910"}],"version-history":[{"count":0,"href":"https:\/\/alfequipment.com\/de\/wp-json\/wp\/v2\/product\/2910\/revisions"}],"wp:featuredmedia":[{"embeddable":true,"href":"https:\/\/alfequipment.com\/de\/wp-json\/wp\/v2\/media\/2654"}],"wp:attachment":[{"href":"https:\/\/alfequipment.com\/de\/wp-json\/wp\/v2\/media?parent=2910"}],"wp:term":[{"taxonomy":"product_brand","embeddable":true,"href":"https:\/\/alfequipment.com\/de\/wp-json\/wp\/v2\/product_brand?post=2910"},{"taxonomy":"product_cat","embeddable":true,"href":"https:\/\/alfequipment.com\/de\/wp-json\/wp\/v2\/product_cat?post=2910"},{"taxonomy":"product_tag","embeddable":true,"href":"https:\/\/alfequipment.com\/de\/wp-json\/wp\/v2\/product_tag?post=2910"}],"curies":[{"name":"wp","href":"https:\/\/api.w.org\/{rel}","templated":true}]}}