{"id":2913,"date":"2024-12-26T17:01:54","date_gmt":"2024-12-26T17:01:54","guid":{"rendered":"https:\/\/alfequipment.com\/product\/lf1080b-continuous-air-suction-and-gas-flushing-band-sealer-vacuum-inflating-bag-sealing-machine-with-solid-ink-code-printer\/"},"modified":"2025-01-13T15:00:38","modified_gmt":"2025-01-13T15:00:38","slug":"lf1080b-kontinuierliche-luftabsaugung-und-begasung-bandschweismaschine-vakuum-aufblasbare-beutelschweismaschine-mit-festtinten-codedrucker","status":"publish","type":"product","link":"https:\/\/alfequipment.com\/de\/product\/lf1080b-kontinuierliche-luftabsaugung-und-begasung-bandschweismaschine-vakuum-aufblasbare-beutelschweismaschine-mit-festtinten-codedrucker\/","title":{"rendered":"LF1080B Kontinuierliche Luftansaugung und Gassp\u00fclung Bandschwei\u00dfmaschine Vakuum-Beutelschwei\u00dfmaschine mit Festtintencode-Drucker"},"content":{"rendered":"<div data-magic-global=\"%7B%22bizId%22%3A17179933680%2C%22pageId%22%3A5022214848%2C%22siteId%22%3A5005331025%7D\" id=\"detail_decorate_root\">\n<div module-id=\"5577365169\" module-title=\"detailProductNavigation\" render=\"true\" class=\"J_module\">\n<div id=\"ali-anchor-AliMagic-si9ox1\" data-section=\"AliMagic-si9ox1\" data-section-title=\"Product Description\" class=\"magic-0\">Diese Maschine basiert auf der weithin absorbieren Wesen \u00e4hnlicher ausl\u00e4ndischer Produkte und Vakuum-Maschine.nach den neuesten Anforderungen des Marktes zu entwerfen, auf ein neues Modell mit senden, Vakuum, aufblasbare (wie Stickstoff oder andere Gase), Dichtung, Code, in einem Satz, kontinuierliche Abdichtung und Verpackungsmaschine.<\/div>\n<\/div>\n<div module-id=\"5577365170\" module-title=\"detailTextWithTitle\" render=\"true\" class=\"J_module\">\n<div class=\"detail-decorate-json-renderer-container\">\n<div class=\"magic-1\">\n<div class=\"magic-4\">\n<div class=\"magic-5\">\n<div class=\"magic-6\">\n<p class=\"magic-7\">Diese Maschine mit einfacher und neuartiger Struktur, sch\u00f6nem Aussehen, vollst\u00e4ndiger Funktion, hohem Automatisierungsgrad, kann die Arbeitsintensit\u00e4t des Bedieners stark reduzieren.<\/p>\n<\/p><\/div>\n<\/p><\/div>\n<\/p><\/div>\n<\/p><\/div>\n<\/p><\/div>\n<\/p><\/div>\n<div module-id=\"5577365171\" module-title=\"detailTableHorizontal\" render=\"true\" class=\"J_module\">\n<div class=\"ife-detail-decorate-table\">\n<table class=\"has-title all magic-8\">\n<tbody>\n<tr>\n<td colspan=\"1\" rowspan=\"1\">\n<div class=\"magic-9\">\n        <b>Modell<\/b>\n       <\/div>\n<\/td>\n<td colspan=\"1\" rowspan=\"1\">\n<div class=\"magic-10\">\n        <b>LF1080B<\/b>\n       <\/div>\n<\/td>\n<\/tr>\n<tr>\n<td colspan=\"1\" rowspan=\"1\">\n<div class=\"magic-9\">\n        Spannung\n       <\/div>\n<\/td>\n<td colspan=\"1\" rowspan=\"1\">\n<div class=\"magic-10\">\n        110\/220V 50~60Hz\n       <\/div>\n<\/td>\n<\/tr>\n<tr>\n<td colspan=\"1\" rowspan=\"1\">\n<div class=\"magic-9\">\n        Funktion\n       <\/div>\n<\/td>\n<td colspan=\"1\" rowspan=\"1\">\n<div class=\"magic-10\">\n        Luftabsaugung, Gassp\u00fclung, Beutelversiegelung, Code-Druck\n       <\/div>\n<\/td>\n<\/tr>\n<tr>\n<td colspan=\"1\" rowspan=\"1\">\n<div class=\"magic-9\">\n        Strom\n       <\/div>\n<\/td>\n<td colspan=\"1\" rowspan=\"1\">\n<div class=\"magic-10\">\n        1400W\n       <\/div>\n<\/td>\n<\/tr>\n<tr>\n<td colspan=\"1\" rowspan=\"1\">\n<div class=\"magic-9\">\n        Siegelgeschwindigkeit (m\/min)\n       <\/div>\n<\/td>\n<td colspan=\"1\" rowspan=\"1\">\n<div class=\"magic-10\">\n        0~12\n       <\/div>\n<\/td>\n<\/tr>\n<tr>\n<td colspan=\"1\" rowspan=\"1\">\n<div class=\"magic-9\">\n        Siegelbreite(mm)\n       <\/div>\n<\/td>\n<td colspan=\"1\" rowspan=\"1\">\n<div class=\"magic-10\">\n        6~12\n       <\/div>\n<\/td>\n<\/tr>\n<tr>\n<td colspan=\"1\" rowspan=\"1\">\n<div class=\"magic-9\">\n        Temperaturbereich\n       <\/div>\n<\/td>\n<td colspan=\"1\" rowspan=\"1\">\n<div class=\"magic-10\">\n        0~300\n       <\/div>\n<\/td>\n<\/tr>\n<tr>\n<td colspan=\"1\" rowspan=\"1\">\n<div class=\"magic-9\">\n        Max. Dicke der einlagigen Folie (mm)\n       <\/div>\n<\/td>\n<td colspan=\"1\" rowspan=\"1\">\n<div class=\"magic-10\">\n        \u22640.08\n       <\/div>\n<\/td>\n<\/tr>\n<tr>\n<td colspan=\"1\" rowspan=\"1\">\n<div class=\"magic-9\">\n        Maximale Belastung des F\u00f6rderers (kg)\n       <\/div>\n<\/td>\n<td colspan=\"1\" rowspan=\"1\">\n<div class=\"magic-10\">\n        \u22643\n       <\/div>\n<\/td>\n<\/tr>\n<tr>\n<td colspan=\"1\" rowspan=\"1\">\n<div class=\"magic-9\">\n        Gr\u00f6\u00dfe der Maschine (L*B*H)mm\n       <\/div>\n<\/td>\n<td colspan=\"1\" rowspan=\"1\">\n<div class=\"magic-10\">\n        1020*480*(925+140 einstellbar)\n       <\/div>\n<\/td>\n<\/tr>\n<tr>\n<td colspan=\"1\" rowspan=\"1\">\n<div class=\"magic-9\">\n        Gewicht (kg)\n       <\/div>\n<\/td>\n<td colspan=\"1\" rowspan=\"1\">\n<div class=\"magic-10\">\n        84Kg\n       <\/div>\n<\/td>\n<\/tr>\n<\/tbody>\n<\/table><\/div>\n<\/p><\/div>\n<div module-id=\"5577365172\" module-title=\"detailSingleImage\" render=\"true\" class=\"J_module\">\n<div class=\"icbu-pc-images magic-11\">\n<div>\n<div class=\"flex-layout-v\">\n<div class=\"flex-layout-h magic-11\">\n<div class=\"magic-12\">\n       <img decoding=\"async\" src=\"https:\/\/sc01.alicdn.com\/kf\/HTB1OBaiXoLrK1Rjy1zbq6AenFXaV\/64496\/HTB1OBaiXoLrK1Rjy1zbq6AenFXaV.jpg\" class=\"aligncenter\">\n      <\/div>\n<\/p><\/div>\n<\/p><\/div>\n<\/p><\/div>\n<\/p><\/div>\n<\/p><\/div>\n<div module-id=\"5577365173\" module-title=\"detailVerticalImages\" render=\"true\" class=\"J_module\">\n<div class=\"icbu-pc-images magic-11\">\n<div>\n<div class=\"flex-layout-v\">\n<div class=\"magic-14\">\n      <img decoding=\"async\" src=\"https:\/\/sc02.alicdn.com\/kf\/HTB17y9iXifrK1RjSspbq6A4pFXaa\/64496\/HTB17y9iXifrK1RjSspbq6A4pFXaa.jpg\" class=\"aligncenter\">\n     <\/div>\n<div class=\"flex-layout-h magic-11\">\n<div class=\"magic-16\">\n       <img decoding=\"async\" src=\"https:\/\/sc01.alicdn.com\/kf\/HTB1btuiXiDxK1RjSsD4q6z1DFXak\/64496\/HTB1btuiXiDxK1RjSsD4q6z1DFXak.jpg\" class=\"aligncenter\">\n      <\/div>\n<div class=\"magic-18\">\n       <img decoding=\"async\" src=\"https:\/\/sc01.alicdn.com\/kf\/HTB1nvt0bxTpK1RjSZFKq6y2wXXag\/64496\/HTB1nvt0bxTpK1RjSZFKq6y2wXXag.jpg\" class=\"aligncenter\">\n      <\/div>\n<\/p><\/div>\n<\/p><\/div>\n<\/p><\/div>\n<\/p><\/div>\n<\/p><\/div>\n<div module-id=\"28150823476\" module-title=\"detailSingleImage\" render=\"true\" class=\"J_module\">\n<div class=\"icbu-pc-images magic-11\">\n<div>\n<div class=\"flex-layout-v\">\n<div class=\"flex-layout-h magic-11\">\n<div class=\"magic-20\">\n       <img decoding=\"async\" src=\"https:\/\/sc04.alicdn.com\/kf\/H3dcf40882e4f4f779056d9261aa9267fS\/64496\/H3dcf40882e4f4f779056d9261aa9267fS.jpg\" class=\"aligncenter\">\n      <\/div>\n<\/p><\/div>\n<\/p><\/div>\n<\/p><\/div>\n<\/p><\/div>\n<\/p><\/div>\n<div module-id=\"5577365174\" module-title=\"detailTextWithTitle\" render=\"true\" class=\"J_module\">\n<div class=\"detail-decorate-json-renderer-container\">\n<div class=\"magic-1\">\n<h3 class=\"magic-2\"><\/h3>\n<h3 class=\"magic-3\"><font color=\"#3f6fff\">Hauptmerkmale<\/font><\/h3>\n<div class=\"magic-4\">\n<div class=\"magic-5\">\n<div class=\"magic-6\">\n<p class=\"magic-7\">1. dickerer und breiterer Heizblock und K\u00fchlblock zur Gew\u00e4hrleistung einer schnellen und perfekten Abdichtung<br \/>2. hohe Pr\u00e4zision verarbeitet Antriebsrad, viel sch\u00f6ner <br \/>3. hochwertiger Vollgummi-Spannknopf, verschlei\u00dffest<\/p>\n<p class=\"magic-7\">4.unibody Getriebe, Flanke fest, mehr stabil<br \/>5. hochwertige Polyformaldehyd-Getriebe mit hoher Festigkeit Spritzgie\u00dfen, Laufen mehr glatt und ger\u00e4uscharm<br \/>6.Patent zum Austausch des Dichtungsbandes, was einfach und bequem ist<br \/>7. Schutzschild an der Maschine, um die Sicherheit des Bedieners zu gew\u00e4hrleisten<br \/>8. der F\u00f6rderer kann leicht nach oben, unten, vor oder zur\u00fcck entsprechend der Gr\u00f6\u00dfe der Produkte eingestellt werden<br \/>9. elegantes Panel, einfache Bedienung, variable F\u00f6rdergeschwindigkeit<br \/>10.can mit der Gasf\u00fcllung, die F\u00fcllzeit ist einstellbar<br \/>11. die neue Wahl der Vakuumpumpe, um den hohen Grad des Vakuums zu gew\u00e4hrleisten <br \/>12. der \"AirTac\"-Filter kann verhindern, dass Produkte (z.B. kleine K\u00f6rnchen, Fl\u00fcssigkeit) in die Vakuumpumpe gelangen<br \/><b>13. die H\u00f6he ist einstellbar, Neigung Grad Max mit 15 Grad<\/b><\/p>\n<\/p><\/div>\n<\/p><\/div>\n<\/p><\/div>\n<\/p><\/div>\n<\/p><\/div>\n<\/p><\/div>\n<\/div>","protected":false},"excerpt":{"rendered":"<p>Kontinuierliche Luftansaug-Bandsiegelmaschine mit Druck<\/p>","protected":false},"featured_media":2660,"comment_status":"closed","ping_status":"open","template":"","meta":[],"product_brand":[],"product_cat":[119,97],"product_tag":[],"class_list":{"0":"post-2913","1":"product","2":"type-product","3":"status-publish","4":"has-post-thumbnail","6":"product_cat-band-sealer","7":"product_cat-sealing-machines","9":"first","10":"instock","11":"sale","12":"purchasable","13":"product-type-simple"},"yoast_head":"<!-- This site is optimized with the Yoast SEO Premium plugin v20.9 (Yoast SEO v26.5) - https:\/\/yoast.com\/wordpress\/plugins\/seo\/ -->\n<title>LF1080B Continuous air suction and gas flushing band sealer vacuum inflating bag sealing machine with solid ink code printer - ALF PACK<\/title>\n<meta name=\"robots\" content=\"index, follow, max-snippet:-1, max-image-preview:large, max-video-preview:-1\" \/>\n<link rel=\"canonical\" href=\"https:\/\/alfequipment.com\/de\/product\/lf1080b-kontinuierliche-luftabsaugung-und-begasung-bandschweismaschine-vakuum-aufblasbare-beutelschweismaschine-mit-festtinten-codedrucker\/\" \/>\n<meta property=\"og:locale\" content=\"de_DE\" \/>\n<meta property=\"og:type\" content=\"article\" \/>\n<meta property=\"og:title\" content=\"LF1080B Continuous air suction and gas flushing band sealer vacuum inflating bag sealing machine with solid ink code printer\" \/>\n<meta property=\"og:description\" content=\"Continuous Air Suction Band Sealer With Printing\" \/>\n<meta property=\"og:url\" content=\"https:\/\/alfequipment.com\/de\/product\/lf1080b-kontinuierliche-luftabsaugung-und-begasung-bandschweismaschine-vakuum-aufblasbare-beutelschweismaschine-mit-festtinten-codedrucker\/\" \/>\n<meta property=\"og:site_name\" content=\"ALF PACK\" \/>\n<meta property=\"article:modified_time\" content=\"2025-01-13T15:00:38+00:00\" \/>\n<meta property=\"og:image\" content=\"https:\/\/alfequipment.com\/wp-content\/uploads\/2025\/01\/LF1080B-Continuous-air-suction-and-gas-flushing.jpg\" \/>\n\t<meta property=\"og:image:width\" content=\"800\" \/>\n\t<meta property=\"og:image:height\" content=\"800\" \/>\n\t<meta property=\"og:image:type\" content=\"image\/webp\" \/>\n<meta name=\"twitter:card\" content=\"summary_large_image\" \/>\n<meta name=\"twitter:label1\" content=\"Gesch\u00e4tzte Lesezeit\" \/>\n\t<meta name=\"twitter:data1\" content=\"1\u00a0Minute\" \/>\n<script type=\"application\/ld+json\" class=\"yoast-schema-graph\">{\"@context\":\"https:\/\/schema.org\",\"@graph\":[{\"@type\":\"WebPage\",\"@id\":\"https:\/\/alfequipment.com\/product\/lf1080b-continuous-air-suction-and-gas-flushing-band-sealer-vacuum-inflating-bag-sealing-machine-with-solid-ink-code-printer\/\",\"url\":\"https:\/\/alfequipment.com\/product\/lf1080b-continuous-air-suction-and-gas-flushing-band-sealer-vacuum-inflating-bag-sealing-machine-with-solid-ink-code-printer\/\",\"name\":\"LF1080B Continuous air suction and gas flushing band sealer vacuum inflating bag sealing machine with solid ink code printer - ALF PACK\",\"isPartOf\":{\"@id\":\"https:\/\/alfequipment.com\/#website\"},\"primaryImageOfPage\":{\"@id\":\"https:\/\/alfequipment.com\/product\/lf1080b-continuous-air-suction-and-gas-flushing-band-sealer-vacuum-inflating-bag-sealing-machine-with-solid-ink-code-printer\/#primaryimage\"},\"image\":{\"@id\":\"https:\/\/alfequipment.com\/product\/lf1080b-continuous-air-suction-and-gas-flushing-band-sealer-vacuum-inflating-bag-sealing-machine-with-solid-ink-code-printer\/#primaryimage\"},\"thumbnailUrl\":\"https:\/\/alfequipment.com\/wp-content\/uploads\/2025\/01\/LF1080B-Continuous-air-suction-and-gas-flushing.jpg\",\"datePublished\":\"2024-12-26T17:01:54+00:00\",\"dateModified\":\"2025-01-13T15:00:38+00:00\",\"breadcrumb\":{\"@id\":\"https:\/\/alfequipment.com\/product\/lf1080b-continuous-air-suction-and-gas-flushing-band-sealer-vacuum-inflating-bag-sealing-machine-with-solid-ink-code-printer\/#breadcrumb\"},\"inLanguage\":\"de\",\"potentialAction\":[{\"@type\":\"ReadAction\",\"target\":[\"https:\/\/alfequipment.com\/product\/lf1080b-continuous-air-suction-and-gas-flushing-band-sealer-vacuum-inflating-bag-sealing-machine-with-solid-ink-code-printer\/\"]}]},{\"@type\":\"ImageObject\",\"inLanguage\":\"de\",\"@id\":\"https:\/\/alfequipment.com\/product\/lf1080b-continuous-air-suction-and-gas-flushing-band-sealer-vacuum-inflating-bag-sealing-machine-with-solid-ink-code-printer\/#primaryimage\",\"url\":\"https:\/\/alfequipment.com\/wp-content\/uploads\/2025\/01\/LF1080B-Continuous-air-suction-and-gas-flushing.jpg\",\"contentUrl\":\"https:\/\/alfequipment.com\/wp-content\/uploads\/2025\/01\/LF1080B-Continuous-air-suction-and-gas-flushing.jpg\",\"width\":800,\"height\":800},{\"@type\":\"BreadcrumbList\",\"@id\":\"https:\/\/alfequipment.com\/product\/lf1080b-continuous-air-suction-and-gas-flushing-band-sealer-vacuum-inflating-bag-sealing-machine-with-solid-ink-code-printer\/#breadcrumb\",\"itemListElement\":[{\"@type\":\"ListItem\",\"position\":1,\"name\":\"Home\",\"item\":\"https:\/\/alfequipment.com\/\"},{\"@type\":\"ListItem\",\"position\":2,\"name\":\"Shop\",\"item\":\"https:\/\/alfequipment.com\/shop\/\"},{\"@type\":\"ListItem\",\"position\":3,\"name\":\"LF1080B Continuous air suction and gas flushing band sealer vacuum inflating bag sealing machine with solid ink code printer\"}]},{\"@type\":\"WebSite\",\"@id\":\"https:\/\/alfequipment.com\/#website\",\"url\":\"https:\/\/alfequipment.com\/\",\"name\":\"ALF PACK\",\"description\":\"\",\"publisher\":{\"@id\":\"https:\/\/alfequipment.com\/#organization\"},\"potentialAction\":[{\"@type\":\"SearchAction\",\"target\":{\"@type\":\"EntryPoint\",\"urlTemplate\":\"https:\/\/alfequipment.com\/?s={search_term_string}\"},\"query-input\":{\"@type\":\"PropertyValueSpecification\",\"valueRequired\":true,\"valueName\":\"search_term_string\"}}],\"inLanguage\":\"de\"},{\"@type\":\"Organization\",\"@id\":\"https:\/\/alfequipment.com\/#organization\",\"name\":\"ALF PACK\",\"url\":\"https:\/\/alfequipment.com\/\",\"logo\":{\"@type\":\"ImageObject\",\"inLanguage\":\"de\",\"@id\":\"https:\/\/alfequipment.com\/#\/schema\/logo\/image\/\",\"url\":\"https:\/\/alfequipment.com\/wp-content\/uploads\/2024\/11\/ALFlogo-2.webp\",\"contentUrl\":\"https:\/\/alfequipment.com\/wp-content\/uploads\/2024\/11\/ALFlogo-2.webp\",\"width\":758,\"height\":750,\"caption\":\"ALF PACK\"},\"image\":{\"@id\":\"https:\/\/alfequipment.com\/#\/schema\/logo\/image\/\"}}]}<\/script>\n<!-- \/ Yoast SEO Premium plugin. -->","yoast_head_json":{"title":"LF1080B Kontinuierliche Luftansaug- und Begasungs-Bandschwei\u00dfmaschine Vakuum-Beutelschwei\u00dfmaschine mit Festtinten-Code-Drucker - ALF PACK","robots":{"index":"index","follow":"follow","max-snippet":"max-snippet:-1","max-image-preview":"max-image-preview:large","max-video-preview":"max-video-preview:-1"},"canonical":"https:\/\/alfequipment.com\/de\/product\/lf1080b-kontinuierliche-luftabsaugung-und-begasung-bandschweismaschine-vakuum-aufblasbare-beutelschweismaschine-mit-festtinten-codedrucker\/","og_locale":"de_DE","og_type":"article","og_title":"LF1080B Continuous air suction and gas flushing band sealer vacuum inflating bag sealing machine with solid ink code printer","og_description":"Continuous Air Suction Band Sealer With Printing","og_url":"https:\/\/alfequipment.com\/de\/product\/lf1080b-kontinuierliche-luftabsaugung-und-begasung-bandschweismaschine-vakuum-aufblasbare-beutelschweismaschine-mit-festtinten-codedrucker\/","og_site_name":"ALF PACK","article_modified_time":"2025-01-13T15:00:38+00:00","og_image":[{"width":800,"height":800,"url":"https:\/\/alfequipment.com\/wp-content\/uploads\/2025\/01\/LF1080B-Continuous-air-suction-and-gas-flushing.jpg","type":"image\/webp"}],"twitter_card":"summary_large_image","twitter_misc":{"Gesch\u00e4tzte Lesezeit":"1\u00a0Minute"},"schema":{"@context":"https:\/\/schema.org","@graph":[{"@type":"WebPage","@id":"https:\/\/alfequipment.com\/product\/lf1080b-continuous-air-suction-and-gas-flushing-band-sealer-vacuum-inflating-bag-sealing-machine-with-solid-ink-code-printer\/","url":"https:\/\/alfequipment.com\/product\/lf1080b-continuous-air-suction-and-gas-flushing-band-sealer-vacuum-inflating-bag-sealing-machine-with-solid-ink-code-printer\/","name":"LF1080B Kontinuierliche Luftansaug- und Begasungs-Bandschwei\u00dfmaschine Vakuum-Beutelschwei\u00dfmaschine mit Festtinten-Code-Drucker - ALF PACK","isPartOf":{"@id":"https:\/\/alfequipment.com\/#website"},"primaryImageOfPage":{"@id":"https:\/\/alfequipment.com\/product\/lf1080b-continuous-air-suction-and-gas-flushing-band-sealer-vacuum-inflating-bag-sealing-machine-with-solid-ink-code-printer\/#primaryimage"},"image":{"@id":"https:\/\/alfequipment.com\/product\/lf1080b-continuous-air-suction-and-gas-flushing-band-sealer-vacuum-inflating-bag-sealing-machine-with-solid-ink-code-printer\/#primaryimage"},"thumbnailUrl":"https:\/\/alfequipment.com\/wp-content\/uploads\/2025\/01\/LF1080B-Continuous-air-suction-and-gas-flushing.jpg","datePublished":"2024-12-26T17:01:54+00:00","dateModified":"2025-01-13T15:00:38+00:00","breadcrumb":{"@id":"https:\/\/alfequipment.com\/product\/lf1080b-continuous-air-suction-and-gas-flushing-band-sealer-vacuum-inflating-bag-sealing-machine-with-solid-ink-code-printer\/#breadcrumb"},"inLanguage":"de","potentialAction":[{"@type":"ReadAction","target":["https:\/\/alfequipment.com\/product\/lf1080b-continuous-air-suction-and-gas-flushing-band-sealer-vacuum-inflating-bag-sealing-machine-with-solid-ink-code-printer\/"]}]},{"@type":"ImageObject","inLanguage":"de","@id":"https:\/\/alfequipment.com\/product\/lf1080b-continuous-air-suction-and-gas-flushing-band-sealer-vacuum-inflating-bag-sealing-machine-with-solid-ink-code-printer\/#primaryimage","url":"https:\/\/alfequipment.com\/wp-content\/uploads\/2025\/01\/LF1080B-Continuous-air-suction-and-gas-flushing.jpg","contentUrl":"https:\/\/alfequipment.com\/wp-content\/uploads\/2025\/01\/LF1080B-Continuous-air-suction-and-gas-flushing.jpg","width":800,"height":800},{"@type":"BreadcrumbList","@id":"https:\/\/alfequipment.com\/product\/lf1080b-continuous-air-suction-and-gas-flushing-band-sealer-vacuum-inflating-bag-sealing-machine-with-solid-ink-code-printer\/#breadcrumb","itemListElement":[{"@type":"ListItem","position":1,"name":"Home","item":"https:\/\/alfequipment.com\/"},{"@type":"ListItem","position":2,"name":"Shop","item":"https:\/\/alfequipment.com\/shop\/"},{"@type":"ListItem","position":3,"name":"LF1080B Continuous air suction and gas flushing band sealer vacuum inflating bag sealing machine with solid ink code printer"}]},{"@type":"WebSite","@id":"https:\/\/alfequipment.com\/#website","url":"https:\/\/alfequipment.com\/","name":"ALF PACK","description":"","publisher":{"@id":"https:\/\/alfequipment.com\/#organization"},"potentialAction":[{"@type":"SearchAction","target":{"@type":"EntryPoint","urlTemplate":"https:\/\/alfequipment.com\/?s={search_term_string}"},"query-input":{"@type":"PropertyValueSpecification","valueRequired":true,"valueName":"search_term_string"}}],"inLanguage":"de"},{"@type":"Organization","@id":"https:\/\/alfequipment.com\/#organization","name":"ALF PACK","url":"https:\/\/alfequipment.com\/","logo":{"@type":"ImageObject","inLanguage":"de","@id":"https:\/\/alfequipment.com\/#\/schema\/logo\/image\/","url":"https:\/\/alfequipment.com\/wp-content\/uploads\/2024\/11\/ALFlogo-2.webp","contentUrl":"https:\/\/alfequipment.com\/wp-content\/uploads\/2024\/11\/ALFlogo-2.webp","width":758,"height":750,"caption":"ALF PACK"},"image":{"@id":"https:\/\/alfequipment.com\/#\/schema\/logo\/image\/"}}]}},"_links":{"self":[{"href":"https:\/\/alfequipment.com\/de\/wp-json\/wp\/v2\/product\/2913","targetHints":{"allow":["GET"]}}],"collection":[{"href":"https:\/\/alfequipment.com\/de\/wp-json\/wp\/v2\/product"}],"about":[{"href":"https:\/\/alfequipment.com\/de\/wp-json\/wp\/v2\/types\/product"}],"replies":[{"embeddable":true,"href":"https:\/\/alfequipment.com\/de\/wp-json\/wp\/v2\/comments?post=2913"}],"version-history":[{"count":0,"href":"https:\/\/alfequipment.com\/de\/wp-json\/wp\/v2\/product\/2913\/revisions"}],"wp:featuredmedia":[{"embeddable":true,"href":"https:\/\/alfequipment.com\/de\/wp-json\/wp\/v2\/media\/2660"}],"wp:attachment":[{"href":"https:\/\/alfequipment.com\/de\/wp-json\/wp\/v2\/media?parent=2913"}],"wp:term":[{"taxonomy":"product_brand","embeddable":true,"href":"https:\/\/alfequipment.com\/de\/wp-json\/wp\/v2\/product_brand?post=2913"},{"taxonomy":"product_cat","embeddable":true,"href":"https:\/\/alfequipment.com\/de\/wp-json\/wp\/v2\/product_cat?post=2913"},{"taxonomy":"product_tag","embeddable":true,"href":"https:\/\/alfequipment.com\/de\/wp-json\/wp\/v2\/product_tag?post=2913"}],"curies":[{"name":"wp","href":"https:\/\/api.w.org\/{rel}","templated":true}]}}