{"id":2915,"date":"2025-01-03T08:27:15","date_gmt":"2025-01-03T08:27:15","guid":{"rendered":"https:\/\/alfequipment.com\/product\/qlf700a-pneumatic-vertical-band-sealer-rice-grain-plastic-bag-sealing-machine\/"},"modified":"2025-01-13T15:00:36","modified_gmt":"2025-01-13T15:00:36","slug":"qlf700a-pneumatische-vertikale-bandschweismaschine-reiskorn-kunststoffbeutel-schweismaschine","status":"publish","type":"product","link":"https:\/\/alfequipment.com\/de\/product\/qlf700a-pneumatische-vertikale-bandschweismaschine-reiskorn-kunststoffbeutel-schweismaschine\/","title":{"rendered":"QLF700A Pneumatische Vertikal-Bandschwei\u00dfmaschine zum Verschlie\u00dfen von Reiskorn-Plastikbeuteln"},"content":{"rendered":"<div data-magic-global=\"%7B%22bizId%22%3A17179933680%2C%22pageId%22%3A5021862461%2C%22siteId%22%3A5005331025%7D\" id=\"detail_decorate_root\">\n<div module-id=\"5561137480\" module-title=\"detailProductNavigation\" render=\"true\" class=\"J_module\">\n<div id=\"ali-anchor-AliMagic-nd3uit\" data-section=\"AliMagic-nd3uit\" data-section-title=\"Product Description\" class=\"magic-0\">Die Serienschwei\u00dfmaschine ist in der Funktion auf kontinuierliches Tragen, Schwei\u00dfen und Drucken in einem Arbeitsgang. Die Maschine kann waagerecht, senkrecht oder mit Standf\u00fc\u00dfen aufgestellt werden. Sie verf\u00fcgt \u00fcber einen elektronischen Mechanismus mit konstanter Temperatur und einen stufenlos drehzahlregulierenden Getriebemotor. Sie kann Kunststofffolien aus verschiedenen Materialien versiegeln.<\/div>\n<\/div>\n<div module-id=\"5561137482\" module-title=\"detailTableHorizontal\" render=\"true\" class=\"J_module\">\n<div class=\"ife-detail-decorate-table\">\n<table class=\"has-title all magic-8\">\n<tbody>\n<tr>\n<td>\n<div class=\"magic-9\">\n        Modell\n       <\/div>\n<\/td>\n<td>\n<div class=\"magic-10\">\n        QLF700A\n       <\/div>\n<\/td>\n<\/tr>\n<tr>\n<td>\n<div class=\"magic-9\">\n        Spannung\n       <\/div>\n<\/td>\n<td>\n<div class=\"magic-11\">\n        110\/220V 50-60Hz\n       <\/div>\n<\/td>\n<\/tr>\n<tr>\n<td>\n<div class=\"magic-9\">\n        Strom\n       <\/div>\n<\/td>\n<td>\n<div class=\"magic-11\">\n        2000W\n       <\/div>\n<\/td>\n<\/tr>\n<tr>\n<td>\n<div class=\"magic-9\">\n        Siegelgeschwindigkeit\n       <\/div>\n<\/td>\n<td>\n<div class=\"magic-11\">\n        2-10mal\/min\n       <\/div>\n<\/td>\n<\/tr>\n<tr>\n<td>\n<div class=\"magic-9\">\n        Breite der Versiegelung\n       <\/div>\n<\/td>\n<td>\n<div class=\"magic-11\">\n        8-10mm\n       <\/div>\n<\/td>\n<\/tr>\n<tr>\n<td>\n<div class=\"magic-9\">\n        Temperaturbereich\n       <\/div>\n<\/td>\n<td>\n<div class=\"magic-11\">\n        0-300\u00e2\n       <\/div>\n<\/td>\n<\/tr>\n<tr>\n<td>\n<div class=\"magic-9\">\n        Max. Belastung des F\u00f6rderers\n       <\/div>\n<\/td>\n<td>\n<div class=\"magic-11\">\n        50kgs\n       <\/div>\n<\/td>\n<\/tr>\n<tr>\n<td>\n<div class=\"magic-9\">\n        Kategorie Druck\n       <\/div>\n<\/td>\n<td>\n<div class=\"magic-11\">\n        Stahlraddruck\n       <\/div>\n<\/td>\n<\/tr>\n<tr>\n<td>\n<div class=\"magic-9\">\n        Gewicht\n       <\/div>\n<\/td>\n<td>\n<div class=\"magic-11\">\n        100kg\n       <\/div>\n<\/td>\n<\/tr>\n<tr>\n<td>\n<div class=\"magic-9\">\n        Gr\u00f6\u00dfe der Maschine\n       <\/div>\n<\/td>\n<td>\n<div class=\"magic-11\">\n        860*690*1460mm\n       <\/div>\n<\/td>\n<\/tr>\n<\/tbody>\n<\/table><\/div>\n<\/p><\/div>\n<div module-id=\"5561137483\" module-title=\"detailSingleImage\" render=\"true\" class=\"J_module\">\n<div class=\"icbu-pc-images magic-12\">\n<div>\n<div class=\"flex-layout-v\">\n<div class=\"flex-layout-h magic-12\">\n<div class=\"magic-13\">\n       <img decoding=\"async\" src=\"https:\/\/sc02.alicdn.com\/kf\/HTB18U1AXcnrK1RkHFrdq6xCoFXa9\/64496\/HTB18U1AXcnrK1RkHFrdq6xCoFXa9.jpg\" class=\"aligncenter\">\n      <\/div>\n<\/p><\/div>\n<\/p><\/div>\n<\/p><\/div>\n<\/p><\/div>\n<\/p><\/div>\n<div module-id=\"5561137484\" module-title=\"detailVerticalImages\" render=\"true\" class=\"J_module\">\n<div class=\"icbu-pc-images magic-12\">\n<div>\n<div class=\"flex-layout-v\">\n<div class=\"magic-15\">\n      <img decoding=\"async\" src=\"https:\/\/sc02.alicdn.com\/kf\/HTB1IeuBXXzsK1Rjy1Xbq6xOaFXaU\/64496\/HTB1IeuBXXzsK1Rjy1Xbq6xOaFXaU.jpg\" class=\"aligncenter\">\n     <\/div>\n<div class=\"flex-layout-h magic-12\">\n<div class=\"magic-17\">\n       <img decoding=\"async\" src=\"https:\/\/sc02.alicdn.com\/kf\/HTB1IPzbbVzqK1RjSZFvq6AB7VXaP\/64496\/HTB1IPzbbVzqK1RjSZFvq6AB7VXaP.jpg\" class=\"aligncenter\">\n      <\/div>\n<div class=\"magic-19\">\n       <img decoding=\"async\" src=\"https:\/\/sc01.alicdn.com\/kf\/HTB148eBXdfvK1RjSszhq6AcGFXat\/64496\/HTB148eBXdfvK1RjSszhq6AcGFXat.jpg\" class=\"aligncenter\">\n      <\/div>\n<\/p><\/div>\n<\/p><\/div>\n<\/p><\/div>\n<\/p><\/div>\n<\/p><\/div>\n<\/div>","protected":false},"excerpt":{"rendered":"<p>Plastikt\u00fctenversiegler<\/p>","protected":false},"featured_media":2664,"comment_status":"closed","ping_status":"open","template":"","meta":[],"product_brand":[],"product_cat":[119,97],"product_tag":[],"class_list":{"0":"post-2915","1":"product","2":"type-product","3":"status-publish","4":"has-post-thumbnail","6":"product_cat-band-sealer","7":"product_cat-sealing-machines","9":"first","10":"instock","11":"sale","12":"purchasable","13":"product-type-simple"},"yoast_head":"<!-- This site is optimized with the Yoast SEO Premium plugin v20.9 (Yoast SEO v26.5) - https:\/\/yoast.com\/wordpress\/plugins\/seo\/ -->\n<title>QLF700A Pneumatic vertical band sealer rice grain plastic bag sealing machine - ALF PACK<\/title>\n<meta name=\"robots\" content=\"index, follow, max-snippet:-1, max-image-preview:large, max-video-preview:-1\" \/>\n<link rel=\"canonical\" href=\"https:\/\/alfequipment.com\/de\/product\/qlf700a-pneumatische-vertikale-bandschweismaschine-reiskorn-kunststoffbeutel-schweismaschine\/\" \/>\n<meta property=\"og:locale\" content=\"de_DE\" \/>\n<meta property=\"og:type\" content=\"article\" \/>\n<meta property=\"og:title\" content=\"QLF700A Pneumatic vertical band sealer rice grain plastic bag sealing machine\" \/>\n<meta property=\"og:description\" content=\"Plastic Bag Sealer\" \/>\n<meta property=\"og:url\" content=\"https:\/\/alfequipment.com\/de\/product\/qlf700a-pneumatische-vertikale-bandschweismaschine-reiskorn-kunststoffbeutel-schweismaschine\/\" \/>\n<meta property=\"og:site_name\" content=\"ALF PACK\" \/>\n<meta property=\"article:modified_time\" content=\"2025-01-13T15:00:36+00:00\" \/>\n<meta property=\"og:image\" content=\"https:\/\/alfequipment.com\/wp-content\/uploads\/2025\/01\/QLF700A-Pneumatic-vertical-band-sealer-rice-grain.jpg\" \/>\n\t<meta property=\"og:image:width\" content=\"800\" \/>\n\t<meta property=\"og:image:height\" content=\"800\" \/>\n\t<meta property=\"og:image:type\" content=\"image\/webp\" \/>\n<meta name=\"twitter:card\" content=\"summary_large_image\" \/>\n<script type=\"application\/ld+json\" class=\"yoast-schema-graph\">{\"@context\":\"https:\/\/schema.org\",\"@graph\":[{\"@type\":\"WebPage\",\"@id\":\"https:\/\/alfequipment.com\/product\/qlf700a-pneumatic-vertical-band-sealer-rice-grain-plastic-bag-sealing-machine\/\",\"url\":\"https:\/\/alfequipment.com\/product\/qlf700a-pneumatic-vertical-band-sealer-rice-grain-plastic-bag-sealing-machine\/\",\"name\":\"QLF700A Pneumatic vertical band sealer rice grain plastic bag sealing machine - ALF PACK\",\"isPartOf\":{\"@id\":\"https:\/\/alfequipment.com\/#website\"},\"primaryImageOfPage\":{\"@id\":\"https:\/\/alfequipment.com\/product\/qlf700a-pneumatic-vertical-band-sealer-rice-grain-plastic-bag-sealing-machine\/#primaryimage\"},\"image\":{\"@id\":\"https:\/\/alfequipment.com\/product\/qlf700a-pneumatic-vertical-band-sealer-rice-grain-plastic-bag-sealing-machine\/#primaryimage\"},\"thumbnailUrl\":\"https:\/\/alfequipment.com\/wp-content\/uploads\/2025\/01\/QLF700A-Pneumatic-vertical-band-sealer-rice-grain.jpg\",\"datePublished\":\"2025-01-03T08:27:15+00:00\",\"dateModified\":\"2025-01-13T15:00:36+00:00\",\"breadcrumb\":{\"@id\":\"https:\/\/alfequipment.com\/product\/qlf700a-pneumatic-vertical-band-sealer-rice-grain-plastic-bag-sealing-machine\/#breadcrumb\"},\"inLanguage\":\"de\",\"potentialAction\":[{\"@type\":\"ReadAction\",\"target\":[\"https:\/\/alfequipment.com\/product\/qlf700a-pneumatic-vertical-band-sealer-rice-grain-plastic-bag-sealing-machine\/\"]}]},{\"@type\":\"ImageObject\",\"inLanguage\":\"de\",\"@id\":\"https:\/\/alfequipment.com\/product\/qlf700a-pneumatic-vertical-band-sealer-rice-grain-plastic-bag-sealing-machine\/#primaryimage\",\"url\":\"https:\/\/alfequipment.com\/wp-content\/uploads\/2025\/01\/QLF700A-Pneumatic-vertical-band-sealer-rice-grain.jpg\",\"contentUrl\":\"https:\/\/alfequipment.com\/wp-content\/uploads\/2025\/01\/QLF700A-Pneumatic-vertical-band-sealer-rice-grain.jpg\",\"width\":800,\"height\":800},{\"@type\":\"BreadcrumbList\",\"@id\":\"https:\/\/alfequipment.com\/product\/qlf700a-pneumatic-vertical-band-sealer-rice-grain-plastic-bag-sealing-machine\/#breadcrumb\",\"itemListElement\":[{\"@type\":\"ListItem\",\"position\":1,\"name\":\"Home\",\"item\":\"https:\/\/alfequipment.com\/\"},{\"@type\":\"ListItem\",\"position\":2,\"name\":\"Shop\",\"item\":\"https:\/\/alfequipment.com\/shop\/\"},{\"@type\":\"ListItem\",\"position\":3,\"name\":\"QLF700A Pneumatic vertical band sealer rice grain plastic bag sealing machine\"}]},{\"@type\":\"WebSite\",\"@id\":\"https:\/\/alfequipment.com\/#website\",\"url\":\"https:\/\/alfequipment.com\/\",\"name\":\"ALF PACK\",\"description\":\"\",\"publisher\":{\"@id\":\"https:\/\/alfequipment.com\/#organization\"},\"potentialAction\":[{\"@type\":\"SearchAction\",\"target\":{\"@type\":\"EntryPoint\",\"urlTemplate\":\"https:\/\/alfequipment.com\/?s={search_term_string}\"},\"query-input\":{\"@type\":\"PropertyValueSpecification\",\"valueRequired\":true,\"valueName\":\"search_term_string\"}}],\"inLanguage\":\"de\"},{\"@type\":\"Organization\",\"@id\":\"https:\/\/alfequipment.com\/#organization\",\"name\":\"ALF PACK\",\"url\":\"https:\/\/alfequipment.com\/\",\"logo\":{\"@type\":\"ImageObject\",\"inLanguage\":\"de\",\"@id\":\"https:\/\/alfequipment.com\/#\/schema\/logo\/image\/\",\"url\":\"https:\/\/alfequipment.com\/wp-content\/uploads\/2024\/11\/ALFlogo-2.webp\",\"contentUrl\":\"https:\/\/alfequipment.com\/wp-content\/uploads\/2024\/11\/ALFlogo-2.webp\",\"width\":758,\"height\":750,\"caption\":\"ALF PACK\"},\"image\":{\"@id\":\"https:\/\/alfequipment.com\/#\/schema\/logo\/image\/\"}}]}<\/script>\n<!-- \/ Yoast SEO Premium plugin. -->","yoast_head_json":{"title":"QLF700A Pneumatische Vertikal-Bandschwei\u00dfmaschine zum Verschlie\u00dfen von Kunststoffbeuteln mit Reiskorn - ALF PACK","robots":{"index":"index","follow":"follow","max-snippet":"max-snippet:-1","max-image-preview":"max-image-preview:large","max-video-preview":"max-video-preview:-1"},"canonical":"https:\/\/alfequipment.com\/de\/product\/qlf700a-pneumatische-vertikale-bandschweismaschine-reiskorn-kunststoffbeutel-schweismaschine\/","og_locale":"de_DE","og_type":"article","og_title":"QLF700A Pneumatic vertical band sealer rice grain plastic bag sealing machine","og_description":"Plastic Bag Sealer","og_url":"https:\/\/alfequipment.com\/de\/product\/qlf700a-pneumatische-vertikale-bandschweismaschine-reiskorn-kunststoffbeutel-schweismaschine\/","og_site_name":"ALF PACK","article_modified_time":"2025-01-13T15:00:36+00:00","og_image":[{"width":800,"height":800,"url":"https:\/\/alfequipment.com\/wp-content\/uploads\/2025\/01\/QLF700A-Pneumatic-vertical-band-sealer-rice-grain.jpg","type":"image\/webp"}],"twitter_card":"summary_large_image","schema":{"@context":"https:\/\/schema.org","@graph":[{"@type":"WebPage","@id":"https:\/\/alfequipment.com\/product\/qlf700a-pneumatic-vertical-band-sealer-rice-grain-plastic-bag-sealing-machine\/","url":"https:\/\/alfequipment.com\/product\/qlf700a-pneumatic-vertical-band-sealer-rice-grain-plastic-bag-sealing-machine\/","name":"QLF700A Pneumatische Vertikal-Bandschwei\u00dfmaschine zum Verschlie\u00dfen von Kunststoffbeuteln mit Reiskorn - ALF PACK","isPartOf":{"@id":"https:\/\/alfequipment.com\/#website"},"primaryImageOfPage":{"@id":"https:\/\/alfequipment.com\/product\/qlf700a-pneumatic-vertical-band-sealer-rice-grain-plastic-bag-sealing-machine\/#primaryimage"},"image":{"@id":"https:\/\/alfequipment.com\/product\/qlf700a-pneumatic-vertical-band-sealer-rice-grain-plastic-bag-sealing-machine\/#primaryimage"},"thumbnailUrl":"https:\/\/alfequipment.com\/wp-content\/uploads\/2025\/01\/QLF700A-Pneumatic-vertical-band-sealer-rice-grain.jpg","datePublished":"2025-01-03T08:27:15+00:00","dateModified":"2025-01-13T15:00:36+00:00","breadcrumb":{"@id":"https:\/\/alfequipment.com\/product\/qlf700a-pneumatic-vertical-band-sealer-rice-grain-plastic-bag-sealing-machine\/#breadcrumb"},"inLanguage":"de","potentialAction":[{"@type":"ReadAction","target":["https:\/\/alfequipment.com\/product\/qlf700a-pneumatic-vertical-band-sealer-rice-grain-plastic-bag-sealing-machine\/"]}]},{"@type":"ImageObject","inLanguage":"de","@id":"https:\/\/alfequipment.com\/product\/qlf700a-pneumatic-vertical-band-sealer-rice-grain-plastic-bag-sealing-machine\/#primaryimage","url":"https:\/\/alfequipment.com\/wp-content\/uploads\/2025\/01\/QLF700A-Pneumatic-vertical-band-sealer-rice-grain.jpg","contentUrl":"https:\/\/alfequipment.com\/wp-content\/uploads\/2025\/01\/QLF700A-Pneumatic-vertical-band-sealer-rice-grain.jpg","width":800,"height":800},{"@type":"BreadcrumbList","@id":"https:\/\/alfequipment.com\/product\/qlf700a-pneumatic-vertical-band-sealer-rice-grain-plastic-bag-sealing-machine\/#breadcrumb","itemListElement":[{"@type":"ListItem","position":1,"name":"Home","item":"https:\/\/alfequipment.com\/"},{"@type":"ListItem","position":2,"name":"Shop","item":"https:\/\/alfequipment.com\/shop\/"},{"@type":"ListItem","position":3,"name":"QLF700A Pneumatic vertical band sealer rice grain plastic bag sealing machine"}]},{"@type":"WebSite","@id":"https:\/\/alfequipment.com\/#website","url":"https:\/\/alfequipment.com\/","name":"ALF PACK","description":"","publisher":{"@id":"https:\/\/alfequipment.com\/#organization"},"potentialAction":[{"@type":"SearchAction","target":{"@type":"EntryPoint","urlTemplate":"https:\/\/alfequipment.com\/?s={search_term_string}"},"query-input":{"@type":"PropertyValueSpecification","valueRequired":true,"valueName":"search_term_string"}}],"inLanguage":"de"},{"@type":"Organization","@id":"https:\/\/alfequipment.com\/#organization","name":"ALF PACK","url":"https:\/\/alfequipment.com\/","logo":{"@type":"ImageObject","inLanguage":"de","@id":"https:\/\/alfequipment.com\/#\/schema\/logo\/image\/","url":"https:\/\/alfequipment.com\/wp-content\/uploads\/2024\/11\/ALFlogo-2.webp","contentUrl":"https:\/\/alfequipment.com\/wp-content\/uploads\/2024\/11\/ALFlogo-2.webp","width":758,"height":750,"caption":"ALF PACK"},"image":{"@id":"https:\/\/alfequipment.com\/#\/schema\/logo\/image\/"}}]}},"_links":{"self":[{"href":"https:\/\/alfequipment.com\/de\/wp-json\/wp\/v2\/product\/2915","targetHints":{"allow":["GET"]}}],"collection":[{"href":"https:\/\/alfequipment.com\/de\/wp-json\/wp\/v2\/product"}],"about":[{"href":"https:\/\/alfequipment.com\/de\/wp-json\/wp\/v2\/types\/product"}],"replies":[{"embeddable":true,"href":"https:\/\/alfequipment.com\/de\/wp-json\/wp\/v2\/comments?post=2915"}],"version-history":[{"count":0,"href":"https:\/\/alfequipment.com\/de\/wp-json\/wp\/v2\/product\/2915\/revisions"}],"wp:featuredmedia":[{"embeddable":true,"href":"https:\/\/alfequipment.com\/de\/wp-json\/wp\/v2\/media\/2664"}],"wp:attachment":[{"href":"https:\/\/alfequipment.com\/de\/wp-json\/wp\/v2\/media?parent=2915"}],"wp:term":[{"taxonomy":"product_brand","embeddable":true,"href":"https:\/\/alfequipment.com\/de\/wp-json\/wp\/v2\/product_brand?post=2915"},{"taxonomy":"product_cat","embeddable":true,"href":"https:\/\/alfequipment.com\/de\/wp-json\/wp\/v2\/product_cat?post=2915"},{"taxonomy":"product_tag","embeddable":true,"href":"https:\/\/alfequipment.com\/de\/wp-json\/wp\/v2\/product_tag?post=2915"}],"curies":[{"name":"wp","href":"https:\/\/api.w.org\/{rel}","templated":true}]}}