{"id":2916,"date":"2024-12-15T10:11:28","date_gmt":"2024-12-15T10:11:28","guid":{"rendered":"https:\/\/alfequipment.com\/product\/fr900v-continuous-vertical-band-sealer-machine-with-steel-printing-for-date\/"},"modified":"2025-01-13T15:01:31","modified_gmt":"2025-01-13T15:01:31","slug":"fr900v-kontinuierliche-vertikale-bandversiegelungsmaschine-mit-stahldruck-fur-datum","status":"publish","type":"product","link":"https:\/\/alfequipment.com\/de\/product\/fr900v-kontinuierliche-vertikale-bandversiegelungsmaschine-mit-stahldruck-fur-datum\/","title":{"rendered":"FR900V Kontinuierliche Vertikal-Bandsiegelmaschine mit Stahldruck f\u00fcr Datum"},"content":{"rendered":"<div data-magic-global=\"%7B%22bizId%22%3A17179933680%2C%22pageId%22%3A5102841872%2C%22siteId%22%3A5005331025%7D\" id=\"detail_decorate_root\">\n<div module-id=\"8640810364\" module-title=\"detailProductNavigation\" render=\"true\" class=\"J_module\">\n<div id=\"ali-anchor-AliMagic-dhxkbn\" data-section=\"AliMagic-dhxkbn\" data-section-title=\"Product Description\" class=\"magic-0\">Die kontinuierlichen Folienschwei\u00dfmaschinen der FR-Serie erledigen das kontinuierliche Tragen, Schwei\u00dfen und Drucken in einem Arbeitsgang. Die Maschine kann waagerecht, senkrecht oder mit Standf\u00fc\u00dfen gebaut werden. Sie verf\u00fcgt \u00fcber einen elektronischen Mechanismus mit konstanter Temperatur und einen Motor mit stufenloser Geschwindigkeitsregulierung. Sie kann Kunststofffolien aus verschiedenen Materialien versiegeln.<\/div>\n<\/div>\n<div module-id=\"8640810365\" module-title=\"detailTextWithTitle\" render=\"true\" class=\"J_module\">\n<div class=\"detail-decorate-json-renderer-container\">\n<div class=\"magic-1\">\n<div class=\"magic-4\">\n<div class=\"magic-5\">\n<div class=\"magic-6\">\n<p class=\"magic-7\">FR-900V kann in der H\u00f6he der Versiegelung eingestellt werden.<\/p>\n<\/p><\/div>\n<\/p><\/div>\n<\/p><\/div>\n<\/p><\/div>\n<\/p><\/div>\n<\/p><\/div>\n<div module-id=\"8640810366\" module-title=\"detailTableHorizontal\" render=\"true\" class=\"J_module\">\n<div class=\"ife-detail-decorate-table\">\n<table class=\"has-title all magic-8\">\n<tbody>\n<tr>\n<td>\n<div class=\"magic-9\">\n        Modell\n       <\/div>\n<\/td>\n<td colspan=\"3\">\n<div class=\"magic-10\">\n        FR-900V\n       <\/div>\n<\/td>\n<td class=\"magic-11\">\n<div class=\"magic-12\"><\/div>\n<\/td>\n<td class=\"magic-11\">\n<div class=\"magic-12\"><\/div>\n<\/td>\n<\/tr>\n<tr>\n<td>\n<div class=\"magic-9\">\n        Spannung\n       <\/div>\n<\/td>\n<td colspan=\"3\">\n<div class=\"magic-13\">\n        220V 50-60Hz\n       <\/div>\n<\/td>\n<td class=\"magic-11\">\n<div class=\"magic-12\"><\/div>\n<\/td>\n<td class=\"magic-11\">\n<div class=\"magic-12\"><\/div>\n<\/td>\n<\/tr>\n<tr>\n<td>\n<div class=\"magic-9\">\n        Strom\n       <\/div>\n<\/td>\n<td colspan=\"3\">\n<div class=\"magic-13\">\n        500W\n       <\/div>\n<\/td>\n<td class=\"magic-11\">\n<div class=\"magic-12\"><\/div>\n<\/td>\n<td class=\"magic-11\">\n<div class=\"magic-12\"><\/div>\n<\/td>\n<\/tr>\n<tr>\n<td>\n<div class=\"magic-9\">\n        Siegelgeschwindigkeit\n       <\/div>\n<\/td>\n<td colspan=\"3\">\n<div class=\"magic-13\">\n        0-12m\/min\n       <\/div>\n<\/td>\n<td class=\"magic-11\">\n<div class=\"magic-12\"><\/div>\n<\/td>\n<td class=\"magic-11\">\n<div class=\"magic-12\"><\/div>\n<\/td>\n<\/tr>\n<tr>\n<td>\n<div class=\"magic-9\">\n        Breite der Versiegelung\n       <\/div>\n<\/td>\n<td colspan=\"3\">\n<div class=\"magic-13\">\n        6-12mm\n       <\/div>\n<\/td>\n<td class=\"magic-11\">\n<div class=\"magic-12\"><\/div>\n<\/td>\n<td class=\"magic-11\">\n<div class=\"magic-12\"><\/div>\n<\/td>\n<\/tr>\n<tr>\n<td>\n<div class=\"magic-9\">\n        Temperaturbereich\n       <\/div>\n<\/td>\n<td colspan=\"3\">\n<div class=\"magic-13\">\n        0-300\u00e2\n       <\/div>\n<\/td>\n<td class=\"magic-11\">\n<div class=\"magic-12\"><\/div>\n<\/td>\n<td class=\"magic-11\">\n<div class=\"magic-12\"><\/div>\n<\/td>\n<\/tr>\n<tr>\n<td>\n<div class=\"magic-9\">\n        Max. Belastung des F\u00f6rderers\n       <\/div>\n<\/td>\n<td colspan=\"3\">\n<div class=\"magic-13\">\n        3kgs\n       <\/div>\n<\/td>\n<td class=\"magic-11\">\n<div class=\"magic-12\"><\/div>\n<\/td>\n<td class=\"magic-11\">\n<div class=\"magic-12\"><\/div>\n<\/td>\n<\/tr>\n<tr>\n<td>\n<div class=\"magic-9\">\n        Kategorie Druck\n       <\/div>\n<\/td>\n<td colspan=\"3\">\n<div class=\"magic-13\">\n        Stahlraddruck\n       <\/div>\n<\/td>\n<td class=\"magic-11\">\n<div class=\"magic-12\"><\/div>\n<\/td>\n<td class=\"magic-11\">\n<div class=\"magic-12\"><\/div>\n<\/td>\n<\/tr>\n<tr>\n<td>\n<div class=\"magic-9\">\n        Gewicht\n       <\/div>\n<\/td>\n<td colspan=\"3\">\n<div class=\"magic-13\">\n        Netto.24kg\n       <\/div>\n<\/td>\n<td class=\"magic-11\">\n<div class=\"magic-12\"><\/div>\n<\/td>\n<td class=\"magic-11\">\n<div class=\"magic-12\"><\/div>\n<\/td>\n<\/tr>\n<tr>\n<td>\n<div class=\"magic-9\">\n        Gr\u00f6\u00dfe der Maschine\n       <\/div>\n<\/td>\n<td colspan=\"3\">\n<div class=\"magic-13\">\n        850X400X550mm\n       <\/div>\n<\/td>\n<td class=\"magic-11\">\n<div class=\"magic-12\"><\/div>\n<\/td>\n<td class=\"magic-11\">\n<div class=\"magic-12\"><\/div>\n<\/td>\n<\/tr>\n<\/tbody>\n<\/table><\/div>\n<\/p><\/div>\n<div module-id=\"8640810367\" module-title=\"detailSingleImage\" render=\"true\" class=\"J_module\">\n<div class=\"icbu-pc-images magic-14\">\n<div>\n<div class=\"flex-layout-v\">\n<div class=\"flex-layout-h magic-14\">\n<div class=\"magic-15\">\n       <img decoding=\"async\" src=\"https:\/\/sc01.alicdn.com\/kf\/HTB1kXEZzRmWBuNkSndVq6AsApXa1\/64496\/HTB1kXEZzRmWBuNkSndVq6AsApXa1.jpg\" class=\"aligncenter\">\n      <\/div>\n<\/p><\/div>\n<\/p><\/div>\n<\/p><\/div>\n<\/p><\/div>\n<\/p><\/div>\n<div module-id=\"8640810368\" module-title=\"detailVerticalImages\" render=\"true\" class=\"J_module\">\n<div class=\"icbu-pc-images magic-14\">\n<div>\n<div class=\"flex-layout-v\">\n<div class=\"magic-17\">\n      <img decoding=\"async\" src=\"https:\/\/sc02.alicdn.com\/kf\/HTB1SOlMIeSSBuNjy0Flq6zBpVXaK\/64496\/HTB1SOlMIeSSBuNjy0Flq6zBpVXaK.jpg\" class=\"aligncenter\">\n     <\/div>\n<div class=\"flex-layout-h magic-14\">\n<div class=\"magic-19\">\n       <img decoding=\"async\" src=\"https:\/\/sc02.alicdn.com\/kf\/HTB1YOtrmaAoBKNjSZSyq6yHAVXa8\/64496\/HTB1YOtrmaAoBKNjSZSyq6yHAVXa8.jpg\" class=\"aligncenter\">\n      <\/div>\n<div class=\"magic-21\">\n       <img decoding=\"async\" src=\"https:\/\/sc01.alicdn.com\/kf\/HTB1LPmhXnjxK1Rjy0Fnq6yBaFXaD\/64496\/HTB1LPmhXnjxK1Rjy0Fnq6yBaFXaD.jpg\" class=\"aligncenter\">\n      <\/div>\n<\/p><\/div>\n<\/p><\/div>\n<\/p><\/div>\n<\/p><\/div>\n<\/p><\/div>\n<div module-id=\"8640810369\" module-title=\"detailTextWithTitle\" render=\"true\" class=\"J_module\">\n<div class=\"detail-decorate-json-renderer-container\">\n<div class=\"magic-1\">\n<h3 class=\"magic-2\"><\/h3>\n<h3 class=\"magic-3\">Verbesserungen:<br \/><\/h3>\n<div class=\"magic-4\">\n<div class=\"magic-5\">\n<div class=\"magic-6\">\n<p class=\"magic-7\">1) Verbesserte SS K\u00f6rper, Anti-Fingerabdr\u00fccke, mehr Dicke mit polierten Ecke.<br \/>2) Hochwertiger Vollgummi-Spannknopf, verschlei\u00dffest.<br \/>3) Hochpr\u00e4zise verarbeitete Antriebsrad und Dichtungsriemen leicht ersetzbare Vorrichtung. <br \/>4) St\u00e4rkerer und breiterer Heizblock und K\u00fchlblock.<br \/>5) Hochpr\u00e4zise verarbeitetes Antriebsrad, sehr sch\u00f6n.<br \/>6) Hochwertiger Netzschalter, mehr Sicherheit, mehr Sorgfalt.<br \/>7) Verbesserte Polyformaldehyd-F\u00f6rderrolle und mehr Dicke F\u00f6rderband, viel langlebig.<br \/>8) Unibody-Getriebe, flankenfest, stabiler.<br \/>9) Hochwertige Polyformaldehyd-Getriebe mit hoher Festigkeit Spritzguss, l\u00e4uft mehr glatt und ger\u00e4uscharm.<\/p>\n<\/p><\/div>\n<\/p><\/div>\n<\/p><\/div>\n<\/p><\/div>\n<\/p><\/div>\n<\/p><\/div>\n<\/div>","protected":false},"excerpt":{"rendered":"<p>Fr-900v Bandsiegelger\u00e4t mit Datumsdruck aus Stahl<\/p>","protected":false},"featured_media":2666,"comment_status":"closed","ping_status":"open","template":"","meta":[],"product_brand":[],"product_cat":[119,97],"product_tag":[],"class_list":{"0":"post-2916","1":"product","2":"type-product","3":"status-publish","4":"has-post-thumbnail","6":"product_cat-band-sealer","7":"product_cat-sealing-machines","9":"first","10":"instock","11":"sale","12":"purchasable","13":"product-type-simple"},"yoast_head":"<!-- This site is optimized with the Yoast SEO Premium plugin v20.9 (Yoast SEO v26.5) - https:\/\/yoast.com\/wordpress\/plugins\/seo\/ -->\n<title>FR900V Continuous Vertical band sealer machine with steel printing for date - ALF PACK<\/title>\n<meta name=\"robots\" content=\"index, follow, max-snippet:-1, max-image-preview:large, max-video-preview:-1\" \/>\n<link rel=\"canonical\" href=\"https:\/\/alfequipment.com\/de\/product\/fr900v-kontinuierliche-vertikale-bandversiegelungsmaschine-mit-stahldruck-fur-datum\/\" \/>\n<meta property=\"og:locale\" content=\"de_DE\" \/>\n<meta property=\"og:type\" content=\"article\" \/>\n<meta property=\"og:title\" content=\"FR900V Continuous Vertical band sealer machine with steel printing for date\" \/>\n<meta property=\"og:description\" content=\"Fr-900v Band Sealer With Steel Date Printing\" \/>\n<meta property=\"og:url\" content=\"https:\/\/alfequipment.com\/de\/product\/fr900v-kontinuierliche-vertikale-bandversiegelungsmaschine-mit-stahldruck-fur-datum\/\" \/>\n<meta property=\"og:site_name\" content=\"ALF PACK\" \/>\n<meta property=\"article:modified_time\" content=\"2025-01-13T15:01:31+00:00\" \/>\n<meta property=\"og:image\" content=\"https:\/\/alfequipment.com\/wp-content\/uploads\/2025\/01\/FR900V-Continuous-Vertical-band-sealer-machine-with.jpg\" \/>\n\t<meta property=\"og:image:width\" content=\"800\" \/>\n\t<meta property=\"og:image:height\" content=\"800\" \/>\n\t<meta property=\"og:image:type\" content=\"image\/webp\" \/>\n<meta name=\"twitter:card\" content=\"summary_large_image\" \/>\n<meta name=\"twitter:label1\" content=\"Gesch\u00e4tzte Lesezeit\" \/>\n\t<meta name=\"twitter:data1\" content=\"1\u00a0Minute\" \/>\n<script type=\"application\/ld+json\" class=\"yoast-schema-graph\">{\"@context\":\"https:\/\/schema.org\",\"@graph\":[{\"@type\":\"WebPage\",\"@id\":\"https:\/\/alfequipment.com\/product\/fr900v-continuous-vertical-band-sealer-machine-with-steel-printing-for-date\/\",\"url\":\"https:\/\/alfequipment.com\/product\/fr900v-continuous-vertical-band-sealer-machine-with-steel-printing-for-date\/\",\"name\":\"FR900V Continuous Vertical band sealer machine with steel printing for date - ALF PACK\",\"isPartOf\":{\"@id\":\"https:\/\/alfequipment.com\/#website\"},\"primaryImageOfPage\":{\"@id\":\"https:\/\/alfequipment.com\/product\/fr900v-continuous-vertical-band-sealer-machine-with-steel-printing-for-date\/#primaryimage\"},\"image\":{\"@id\":\"https:\/\/alfequipment.com\/product\/fr900v-continuous-vertical-band-sealer-machine-with-steel-printing-for-date\/#primaryimage\"},\"thumbnailUrl\":\"https:\/\/alfequipment.com\/wp-content\/uploads\/2025\/01\/FR900V-Continuous-Vertical-band-sealer-machine-with.jpg\",\"datePublished\":\"2024-12-15T10:11:28+00:00\",\"dateModified\":\"2025-01-13T15:01:31+00:00\",\"breadcrumb\":{\"@id\":\"https:\/\/alfequipment.com\/product\/fr900v-continuous-vertical-band-sealer-machine-with-steel-printing-for-date\/#breadcrumb\"},\"inLanguage\":\"de\",\"potentialAction\":[{\"@type\":\"ReadAction\",\"target\":[\"https:\/\/alfequipment.com\/product\/fr900v-continuous-vertical-band-sealer-machine-with-steel-printing-for-date\/\"]}]},{\"@type\":\"ImageObject\",\"inLanguage\":\"de\",\"@id\":\"https:\/\/alfequipment.com\/product\/fr900v-continuous-vertical-band-sealer-machine-with-steel-printing-for-date\/#primaryimage\",\"url\":\"https:\/\/alfequipment.com\/wp-content\/uploads\/2025\/01\/FR900V-Continuous-Vertical-band-sealer-machine-with.jpg\",\"contentUrl\":\"https:\/\/alfequipment.com\/wp-content\/uploads\/2025\/01\/FR900V-Continuous-Vertical-band-sealer-machine-with.jpg\",\"width\":800,\"height\":800},{\"@type\":\"BreadcrumbList\",\"@id\":\"https:\/\/alfequipment.com\/product\/fr900v-continuous-vertical-band-sealer-machine-with-steel-printing-for-date\/#breadcrumb\",\"itemListElement\":[{\"@type\":\"ListItem\",\"position\":1,\"name\":\"Home\",\"item\":\"https:\/\/alfequipment.com\/\"},{\"@type\":\"ListItem\",\"position\":2,\"name\":\"Shop\",\"item\":\"https:\/\/alfequipment.com\/shop\/\"},{\"@type\":\"ListItem\",\"position\":3,\"name\":\"FR900V Continuous Vertical band sealer machine with steel printing for date\"}]},{\"@type\":\"WebSite\",\"@id\":\"https:\/\/alfequipment.com\/#website\",\"url\":\"https:\/\/alfequipment.com\/\",\"name\":\"ALF PACK\",\"description\":\"\",\"publisher\":{\"@id\":\"https:\/\/alfequipment.com\/#organization\"},\"potentialAction\":[{\"@type\":\"SearchAction\",\"target\":{\"@type\":\"EntryPoint\",\"urlTemplate\":\"https:\/\/alfequipment.com\/?s={search_term_string}\"},\"query-input\":{\"@type\":\"PropertyValueSpecification\",\"valueRequired\":true,\"valueName\":\"search_term_string\"}}],\"inLanguage\":\"de\"},{\"@type\":\"Organization\",\"@id\":\"https:\/\/alfequipment.com\/#organization\",\"name\":\"ALF PACK\",\"url\":\"https:\/\/alfequipment.com\/\",\"logo\":{\"@type\":\"ImageObject\",\"inLanguage\":\"de\",\"@id\":\"https:\/\/alfequipment.com\/#\/schema\/logo\/image\/\",\"url\":\"https:\/\/alfequipment.com\/wp-content\/uploads\/2024\/11\/ALFlogo-2.webp\",\"contentUrl\":\"https:\/\/alfequipment.com\/wp-content\/uploads\/2024\/11\/ALFlogo-2.webp\",\"width\":758,\"height\":750,\"caption\":\"ALF PACK\"},\"image\":{\"@id\":\"https:\/\/alfequipment.com\/#\/schema\/logo\/image\/\"}}]}<\/script>\n<!-- \/ Yoast SEO Premium plugin. -->","yoast_head_json":{"title":"FR900V Kontinuierliche Vertikal-Banderoliermaschine mit Stahldruck f\u00fcr Datum - ALF PACK","robots":{"index":"index","follow":"follow","max-snippet":"max-snippet:-1","max-image-preview":"max-image-preview:large","max-video-preview":"max-video-preview:-1"},"canonical":"https:\/\/alfequipment.com\/de\/product\/fr900v-kontinuierliche-vertikale-bandversiegelungsmaschine-mit-stahldruck-fur-datum\/","og_locale":"de_DE","og_type":"article","og_title":"FR900V Continuous Vertical band sealer machine with steel printing for date","og_description":"Fr-900v Band Sealer With Steel Date Printing","og_url":"https:\/\/alfequipment.com\/de\/product\/fr900v-kontinuierliche-vertikale-bandversiegelungsmaschine-mit-stahldruck-fur-datum\/","og_site_name":"ALF PACK","article_modified_time":"2025-01-13T15:01:31+00:00","og_image":[{"width":800,"height":800,"url":"https:\/\/alfequipment.com\/wp-content\/uploads\/2025\/01\/FR900V-Continuous-Vertical-band-sealer-machine-with.jpg","type":"image\/webp"}],"twitter_card":"summary_large_image","twitter_misc":{"Gesch\u00e4tzte Lesezeit":"1\u00a0Minute"},"schema":{"@context":"https:\/\/schema.org","@graph":[{"@type":"WebPage","@id":"https:\/\/alfequipment.com\/product\/fr900v-continuous-vertical-band-sealer-machine-with-steel-printing-for-date\/","url":"https:\/\/alfequipment.com\/product\/fr900v-continuous-vertical-band-sealer-machine-with-steel-printing-for-date\/","name":"FR900V Kontinuierliche Vertikal-Banderoliermaschine mit Stahldruck f\u00fcr Datum - ALF PACK","isPartOf":{"@id":"https:\/\/alfequipment.com\/#website"},"primaryImageOfPage":{"@id":"https:\/\/alfequipment.com\/product\/fr900v-continuous-vertical-band-sealer-machine-with-steel-printing-for-date\/#primaryimage"},"image":{"@id":"https:\/\/alfequipment.com\/product\/fr900v-continuous-vertical-band-sealer-machine-with-steel-printing-for-date\/#primaryimage"},"thumbnailUrl":"https:\/\/alfequipment.com\/wp-content\/uploads\/2025\/01\/FR900V-Continuous-Vertical-band-sealer-machine-with.jpg","datePublished":"2024-12-15T10:11:28+00:00","dateModified":"2025-01-13T15:01:31+00:00","breadcrumb":{"@id":"https:\/\/alfequipment.com\/product\/fr900v-continuous-vertical-band-sealer-machine-with-steel-printing-for-date\/#breadcrumb"},"inLanguage":"de","potentialAction":[{"@type":"ReadAction","target":["https:\/\/alfequipment.com\/product\/fr900v-continuous-vertical-band-sealer-machine-with-steel-printing-for-date\/"]}]},{"@type":"ImageObject","inLanguage":"de","@id":"https:\/\/alfequipment.com\/product\/fr900v-continuous-vertical-band-sealer-machine-with-steel-printing-for-date\/#primaryimage","url":"https:\/\/alfequipment.com\/wp-content\/uploads\/2025\/01\/FR900V-Continuous-Vertical-band-sealer-machine-with.jpg","contentUrl":"https:\/\/alfequipment.com\/wp-content\/uploads\/2025\/01\/FR900V-Continuous-Vertical-band-sealer-machine-with.jpg","width":800,"height":800},{"@type":"BreadcrumbList","@id":"https:\/\/alfequipment.com\/product\/fr900v-continuous-vertical-band-sealer-machine-with-steel-printing-for-date\/#breadcrumb","itemListElement":[{"@type":"ListItem","position":1,"name":"Home","item":"https:\/\/alfequipment.com\/"},{"@type":"ListItem","position":2,"name":"Shop","item":"https:\/\/alfequipment.com\/shop\/"},{"@type":"ListItem","position":3,"name":"FR900V Continuous Vertical band sealer machine with steel printing for date"}]},{"@type":"WebSite","@id":"https:\/\/alfequipment.com\/#website","url":"https:\/\/alfequipment.com\/","name":"ALF PACK","description":"","publisher":{"@id":"https:\/\/alfequipment.com\/#organization"},"potentialAction":[{"@type":"SearchAction","target":{"@type":"EntryPoint","urlTemplate":"https:\/\/alfequipment.com\/?s={search_term_string}"},"query-input":{"@type":"PropertyValueSpecification","valueRequired":true,"valueName":"search_term_string"}}],"inLanguage":"de"},{"@type":"Organization","@id":"https:\/\/alfequipment.com\/#organization","name":"ALF PACK","url":"https:\/\/alfequipment.com\/","logo":{"@type":"ImageObject","inLanguage":"de","@id":"https:\/\/alfequipment.com\/#\/schema\/logo\/image\/","url":"https:\/\/alfequipment.com\/wp-content\/uploads\/2024\/11\/ALFlogo-2.webp","contentUrl":"https:\/\/alfequipment.com\/wp-content\/uploads\/2024\/11\/ALFlogo-2.webp","width":758,"height":750,"caption":"ALF PACK"},"image":{"@id":"https:\/\/alfequipment.com\/#\/schema\/logo\/image\/"}}]}},"_links":{"self":[{"href":"https:\/\/alfequipment.com\/de\/wp-json\/wp\/v2\/product\/2916","targetHints":{"allow":["GET"]}}],"collection":[{"href":"https:\/\/alfequipment.com\/de\/wp-json\/wp\/v2\/product"}],"about":[{"href":"https:\/\/alfequipment.com\/de\/wp-json\/wp\/v2\/types\/product"}],"replies":[{"embeddable":true,"href":"https:\/\/alfequipment.com\/de\/wp-json\/wp\/v2\/comments?post=2916"}],"version-history":[{"count":0,"href":"https:\/\/alfequipment.com\/de\/wp-json\/wp\/v2\/product\/2916\/revisions"}],"wp:featuredmedia":[{"embeddable":true,"href":"https:\/\/alfequipment.com\/de\/wp-json\/wp\/v2\/media\/2666"}],"wp:attachment":[{"href":"https:\/\/alfequipment.com\/de\/wp-json\/wp\/v2\/media?parent=2916"}],"wp:term":[{"taxonomy":"product_brand","embeddable":true,"href":"https:\/\/alfequipment.com\/de\/wp-json\/wp\/v2\/product_brand?post=2916"},{"taxonomy":"product_cat","embeddable":true,"href":"https:\/\/alfequipment.com\/de\/wp-json\/wp\/v2\/product_cat?post=2916"},{"taxonomy":"product_tag","embeddable":true,"href":"https:\/\/alfequipment.com\/de\/wp-json\/wp\/v2\/product_tag?post=2916"}],"curies":[{"name":"wp","href":"https:\/\/api.w.org\/{rel}","templated":true}]}}