{"id":2918,"date":"2024-12-05T04:38:51","date_gmt":"2024-12-05T04:38:51","guid":{"rendered":"https:\/\/alfequipment.com\/product\/dfqc450-pneumatic-l-bar-type-sealer-heat-sealing-machine-and-bs-a450-shrink-tunnel-packager\/"},"modified":"2025-12-24T06:26:46","modified_gmt":"2025-12-24T06:26:46","slug":"dfqc450-pneumatisches-l-bar-schweisgerat-heissiegelmaschine-und-bs-a450-schrumpftunnelverpackungsmaschine","status":"publish","type":"product","link":"https:\/\/alfequipment.com\/de\/product\/dfqc450-pneumatisches-l-bar-schweisgerat-heissiegelmaschine-und-bs-a450-schrumpftunnelverpackungsmaschine\/","title":{"rendered":"DFQC450 Pneumatische Hei\u00dfsiegelmaschine vom Typ L bar und BS-A450 Schrumpftunnel-Verpackungsmaschine"},"content":{"rendered":"<div>\n<div>\n<div style=\"vertical-align: top; padding-top: 15px; padding-bottom: 15px;\">\n<div id=\"ey286\" style=\"vertical-align: top; padding-top: 10px; padding-bottom: 10px;\">\n<div id=\"ali-anchor-AliMaya-y0kv8\" style=\"padding: 8px 0 4px 8px; border-bottom: 2px solid #C5CCDE; border-radius: 3px 3px 0 0; line-height: 1; color: #4d6599; background-color: #c5ccde; font-size: 22px;\" data-section=\"AliMaya-y0kv8\" data-section-title=\"Product Description\"><\/div>\n<\/div>\n<div style=\"vertical-align: top; padding-top: 10px; padding-bottom: 10px; margin-right: -4px; margin-left: -4px;\">\n<div style=\"vertical-align: top; box-sizing: border-box; padding-right: 4px; padding-left: 4px; margin-top: -4px; margin-bottom: -4px;\">\n<div id=\"lapr8\" style=\"vertical-align: top; box-sizing: border-box; padding-top: 4px; padding-bottom: 4px;\">\n<p style=\"margin: 0; padding: 0;\">DFQC450 (neu FQL450C) Pneumatisches L-Siegelger\u00e4t ist unser neues Produkt. Diese Maschine erreicht eine automatische Versiegelung, gleichzeitig k\u00f6nnen wir die Versiegelungszeit mit verschiedenen Anforderungen einstellen. Es modernisiert diese Maschine und befriedigt Ihre Anforderungen. Dar\u00fcber hinaus installiert diese Maschine das Warnsystem, das die Sicherheit des Bedieners gew\u00e4hrleistet.<\/p>\n<p style=\"margin: 0; padding: 0;\">\n<p style=\"margin: 0; padding: 0;\">Charakteristisch:<br \/>\n1. Die Maschine nimmt Heizung und Klebrigkeit freie Siegelmesser an, die die Maschine sicherstellt, die gut und ohne Rauch l\u00e4uft.<br \/>\n2. Die Zeit, in der die Produkte nach dem Versiegeln und Schneiden in den Tunnel gebracht werden, ist einstellbar.<br \/>\n3. Arbeiten mit Schrumpftunnel, hohe Effizienz, mehr bequem.<\/p>\n<\/div>\n<\/div>\n<\/div>\n<div style=\"vertical-align: top; padding-top: 10px; padding-bottom: 10px; margin-right: -4px; margin-left: -4px;\">\n<div id=\"v3tke\" style=\"vertical-align: top; box-sizing: border-box; padding-right: 4px; padding-left: 4px;\">\n<table class=\"aliDataTable\" style=\"width: auto; border-collapse: collapse; word-wrap: break-word;\">\n<tbody>\n<tr>\n<td style=\"background-color: #dae2ed;\">\n<div style=\"width: 164px; height: 22px; padding: 5px 10px; overflow: hidden;\">Modell<\/div>\n<\/td>\n<td style=\"background-color: #dae2ed;\">\n<div style=\"width: 164px; height: 22px; padding: 5px 10px; overflow: hidden;\">DFQC450<\/div>\n<\/td>\n<td style=\"background-color: #dae2ed;\">\n<div style=\"width: 164px; height: 22px; padding: 5px 10px; overflow: hidden;\">Modell<\/div>\n<\/td>\n<td style=\"background-color: #dae2ed;\">\n<div style=\"width: 165px; height: 22px; padding: 5px 10px; overflow: hidden;\">BS-A450<\/div>\n<\/td>\n<\/tr>\n<tr>\n<td>\n<div style=\"width: 164px; height: 22px; padding: 5px 10px; overflow: hidden;\">Spannung<\/div>\n<\/td>\n<td>\n<div style=\"width: 164px; height: 22px; padding: 5px 10px; overflow: hidden;\">AC220V 50-60HZ<\/div>\n<\/td>\n<td>\n<div style=\"width: 164px; height: 22px; padding: 5px 10px; overflow: hidden;\">Spannung<\/div>\n<\/td>\n<td>\n<div style=\"width: 165px; height: 22px; padding: 5px 10px; overflow: hidden;\">220-240V\/50-60HZ<\/div>\n<\/td>\n<\/tr>\n<tr>\n<td>\n<div style=\"width: 164px; height: 22px; padding: 5px 10px; overflow: hidden;\">Leistung des Heizger\u00e4ts<\/div>\n<\/td>\n<td>\n<div style=\"width: 164px; height: auto; padding: 5px 10px; overflow: hidden;\">1KW<\/div>\n<\/td>\n<td>\n<div style=\"width: 164px; height: 22px; padding: 5px 10px; overflow: hidden;\">Heizungsleistung<\/div>\n<\/td>\n<td>\n<div style=\"width: 165px; height: 22px; padding: 5px 10px; overflow: hidden;\">10,35 kW<\/div>\n<\/td>\n<\/tr>\n<tr>\n<td>\n<div style=\"width: 164px; height: 22px; padding: 5px 10px; overflow: hidden;\">Siegel-Schneidezeit<\/div>\n<\/td>\n<td>\n<div style=\"width: 164px; height: 22px; padding: 5px 10px; overflow: hidden;\">0-3s<\/div>\n<\/td>\n<td>\n<div style=\"width: 164px; height: 22px; padding: 5px 10px; overflow: hidden;\">Geschwindigkeit des F\u00f6rderbandes<\/div>\n<\/td>\n<td>\n<div style=\"width: 165px; height: 22px; padding: 5px 10px; overflow: hidden;\">0-10m\/min<\/div>\n<\/td>\n<\/tr>\n<tr>\n<td>\n<div style=\"width: 164px; height: 22px; padding: 5px 10px; overflow: hidden;\">Maximale Dichtungsgr\u00f6\u00dfe (L*B)<\/div>\n<\/td>\n<td>\n<div style=\"width: 164px; height: 22px; padding: 5px 10px; overflow: hidden;\">500*450mm<\/div>\n<\/td>\n<td>\n<div style=\"width: 164px; height: 22px; padding: 5px 10px; overflow: hidden;\">Gr\u00f6\u00dfe des Arbeitsraums (L*B*H)<\/div>\n<\/td>\n<td>\n<div style=\"width: 165px; height: 22px; padding: 5px 10px; overflow: hidden;\">800*450*250mm<\/div>\n<\/td>\n<\/tr>\n<tr>\n<td>\n<div style=\"width: 164px; height: auto; padding: 5px 10px; overflow: hidden;\">Maximale Beladung des F\u00f6rderers<\/div>\n<\/td>\n<td>\n<div style=\"width: 164px; height: 22px; padding: 5px 10px; overflow: hidden;\">15kg<\/div>\n<\/td>\n<td>\n<div style=\"width: 164px; height: 22px; padding: 5px 10px; overflow: hidden;\">Maximale Beladung des F\u00f6rderers<\/div>\n<\/td>\n<td>\n<div style=\"width: 165px; height: 22px; padding: 5px 10px; overflow: hidden;\">10kg<\/div>\n<\/td>\n<\/tr>\n<tr>\n<td>\n<div style=\"width: 164px; height: 22px; padding: 5px 10px; overflow: hidden;\">Gr\u00f6\u00dfe der Maschine (L*B*H)<\/div>\n<\/td>\n<td>\n<div style=\"width: 164px; height: 22px; padding: 5px 10px; overflow: hidden;\">1720*730*1050mm<\/div>\n<\/td>\n<td>\n<div style=\"width: 164px; height: 22px; padding: 5px 10px; overflow: hidden;\">Gewicht der Maschine<\/div>\n<\/td>\n<td>\n<div style=\"width: 165px; height: 22px; padding: 5px 10px; overflow: hidden;\">100kg<\/div>\n<\/td>\n<\/tr>\n<tr>\n<td>\n<div style=\"width: 164px; height: 22px; padding: 5px 10px; overflow: hidden;\">Gewicht der Maschine<\/div>\n<\/td>\n<td>\n<div style=\"width: 164px; height: 22px; padding: 5px 10px; overflow: hidden;\">150kg<\/div>\n<\/td>\n<td>\n<div style=\"width: 164px; height: 22px; padding: 5px 10px; overflow: hidden;\">Packungsgr\u00f6\u00dfe<\/div>\n<\/td>\n<td>\n<div style=\"width: 165px; height: 22px; padding: 5px 10px; overflow: hidden;\">1310 x 720 x 880 mm<\/div>\n<\/td>\n<\/tr>\n<tr>\n<td>\n<div style=\"width: 164px; height: 22px; padding: 5px 10px; overflow: hidden;\">Film schneiden<\/div>\n<\/td>\n<td>\n<div style=\"width: 164px; height: 22px; padding: 5px 10px; overflow: hidden;\">POF, PVC<\/div>\n<\/td>\n<td>\n<div style=\"width: 164px; height: 22px; padding: 5px 10px; overflow: hidden;\">Schrumpffolie<\/div>\n<\/td>\n<td>\n<div style=\"width: 165px; height: 22px; padding: 5px 10px; overflow: hidden;\">POF, PVC<\/div>\n<\/td>\n<\/tr>\n<tr>\n<td>\n<div style=\"width: 164px; height: 22px; padding: 5px 10px; overflow: hidden;\">Packungsgr\u00f6\u00dfe<\/div>\n<\/td>\n<td>\n<div style=\"width: 164px; height: auto; padding: 5px 10px; overflow: hidden;\">1500*850*920mm<\/div>\n<\/td>\n<td>\n<div style=\"width: 164px; height: 22px; padding: 5px 10px; overflow: hidden;\">Packungsgr\u00f6\u00dfe<\/div>\n<\/td>\n<td>\n<div style=\"width: 165px; height: auto; padding: 5px 10px; overflow: hidden;\">1340*750*850mm<\/div>\n<\/td>\n<\/tr>\n<\/tbody>\n<\/table>\n<\/div>\n<\/div>\n<div style=\"vertical-align: top; padding-top: 10px; padding-bottom: 10px; margin-right: -4px; margin-left: -4px;\">\n<div id=\"yoto3\" style=\"vertical-align: top; box-sizing: border-box; padding-right: 4px; padding-left: 4px;\">\n<div style=\"overflow: hidden; width: 750px; height: 750px;\"><img decoding=\"async\" class=\"aligncenter\" style=\"width: 750px; height: 750px; margin-left: 0px; margin-top: 0px;\" src=\"https:\/\/sc01.alicdn.com\/kf\/HTB1D9ErXODxK1Rjy1zcq6yGeXXaE\/64496\/HTB1D9ErXODxK1Rjy1zcq6yGeXXaE.jpg\" \/><\/div>\n<\/div>\n<\/div>\n<div style=\"vertical-align: top; padding-top: 10px; padding-bottom: 10px; margin-right: -4px; margin-left: -4px;\">\n<div style=\"vertical-align: top; box-sizing: border-box; padding-right: 4px; padding-left: 4px; margin-top: -4px; margin-bottom: -4px;\">\n<div id=\"rllrg\" style=\"vertical-align: top; box-sizing: border-box; padding-top: 4px; padding-bottom: 4px;\">\n<div style=\"overflow: hidden; width: 750px; height: 320px;\"><img decoding=\"async\" class=\"aligncenter\" style=\"width: 750px; height: 504.753px; margin-left: 0px; margin-top: -33px;\" src=\"https:\/\/sc01.alicdn.com\/kf\/HTB1W2FMazzuK1Rjy0Fpq6yEpFXao\/64496\/HTB1W2FMazzuK1Rjy0Fpq6yEpFXao.jpg\" \/><\/div>\n<\/div>\n<div style=\"vertical-align: top; box-sizing: border-box; padding-top: 4px; padding-bottom: 4px; margin-right: -4px; margin-left: -4px;\">\n<div id=\"vym0z\" style=\"vertical-align: top; width: 50%; display: inline-block; box-sizing: border-box; padding-right: 4px; padding-left: 4px;\">\n<div style=\"overflow: hidden; width: 371px; height: 200px;\"><img decoding=\"async\" class=\"aligncenter\" style=\"width: 371px; height: 387.437px; margin-left: 0px; margin-top: -104px;\" src=\"https:\/\/sc01.alicdn.com\/kf\/HTB14khRasfrK1RkSnb4q6xHRFXaA\/64496\/HTB14khRasfrK1RkSnb4q6xHRFXaA.jpg\" \/><\/div>\n<\/div>\n<div id=\"8qobe\" style=\"vertical-align: top; width: 50%; display: inline-block; box-sizing: border-box; padding-right: 4px; padding-left: 4px;\">\n<div style=\"overflow: hidden; width: 371px; height: 200px;\"><img decoding=\"async\" class=\"aligncenter\" style=\"width: 371px; height: 394.011px; margin-left: 0px; margin-top: -139px;\" src=\"https:\/\/sc02.alicdn.com\/kf\/HTB1gRd0aznuK1RkSmFPq6AuzFXaD\/64496\/HTB1gRd0aznuK1RkSmFPq6AuzFXaD.jpg\" \/><\/div>\n<\/div>\n<\/div>\n<\/div>\n<\/div>\n<div style=\"vertical-align: top; padding-top: 10px; padding-bottom: 10px; margin-right: -4px; margin-left: -4px;\">\n<div style=\"vertical-align: top; box-sizing: border-box; padding-right: 4px; padding-left: 4px; margin-top: -4px; margin-bottom: -4px;\">\n<div id=\"56vka\" style=\"vertical-align: top; box-sizing: border-box; padding-top: 4px; padding-bottom: 4px;\">\n<h3 style=\"padding: 0px; font-size: 16px; line-height: 20px; font-weight: bold; margin: 0px;\">Verbesserung<\/h3>\n<\/div>\n<div id=\"b3so2\" style=\"vertical-align: top; box-sizing: border-box; padding-top: 4px; padding-bottom: 4px;\">\n<p style=\"margin: 0; padding: 0;\">1.\u00efViel st\u00e4rkerer Filmhalter mit Griff, der das Auflegen des Films und die Einstellung erleichtert.<br \/>\n2.\u00efVerbessertes Nadelrad, mit neuem Design und st\u00e4rkerem Schutz.<br \/>\n3.\u00efFilmhalterverriegelung, fixiert den Halter in einer Position. Hochwertiger Netzschalter, mehr Sicherheit, mehr Sorgfalt.<br \/>\n4.\u00efKeramische Elemente Halter, kann f\u00fcr lange Zeit verwendet werden und leichter zu ersetzen.<br \/>\n5.\u00efNeues Design des elektrischen Magneten mit Abdeckung, gr\u00f6\u00dfer, st\u00e4rker und sch\u00f6ner.<br \/>\n6.\u00efVerbesserter Hebegriff f\u00fcr das F\u00f6rderband, um die H\u00f6he des F\u00f6rderbandes leichter einstellen zu k\u00f6nnen.<br \/>\n7.\u00efVerbesserung der \"Gasfeder\", um die Maschine stabiler zu machen und nicht leicht zu brechen.<br \/>\n8.\u00efEinfaches Bedienfeld, leicht zu bedienen.<br \/>\n9.\u00efInnerhalb des Schaltkastens, alle Teile sieht mehr regelm\u00e4\u00dfig.<br \/>\n10. Neue Abdeckung f\u00fcr die Unterst\u00fctzung, die die Unterst\u00fctzung gut sch\u00fctzen kann, und machen es stabiler.<br \/>\n11. Smart Design f\u00fcr F\u00f6rderer, viel einfacher, das F\u00f6rderband zu ersetzen.<\/p>\n<\/div>\n<\/div>\n<\/div>\n<\/div>\n<div style=\"vertical-align: top; padding-top: 15px; padding-bottom: 15px;\">\n<div style=\"vertical-align: top; padding-top: 10px; padding-bottom: 10px; margin-right: -4px; margin-left: -4px;\">\n<div id=\"pvps8\" style=\"vertical-align: top; width: 50%; display: inline-block; box-sizing: border-box; padding-right: 4px; padding-left: 4px;\"><\/div>\n<\/div>\n<\/div>\n<\/div>\n<\/div>","protected":false},"excerpt":{"rendered":"<ul class=\"features-list\">\n<li><strong>Semi automatic l bar<\/strong>\u00a0operation<\/li>\n<li><strong>Heavy duty<\/strong>\u00a0frame construction<\/li>\n<li>Consistent pneumatic pressure<\/li>\n<li>Large\u00a0<strong>seal size<\/strong>: 550x450mm<\/li>\n<\/ul>\n<p>Ideal for mid-volume lines. Unlike manual models that rely solely on\u00a0<strong>magnetic hold<\/strong>, this pneumatic unit uses air cylinders to ensure a perfect\u00a0<strong>seal area<\/strong>\u00a0compression every cycle.<\/p>","protected":false},"featured_media":2670,"comment_status":"closed","ping_status":"closed","template":"","meta":[],"product_brand":[],"product_cat":[122,97],"product_tag":[],"class_list":{"0":"post-2918","1":"product","2":"type-product","3":"status-publish","4":"has-post-thumbnail","6":"product_cat-l-type-sealer","7":"product_cat-sealing-machines","9":"first","10":"instock","11":"sale","12":"purchasable","13":"product-type-simple"},"yoast_head":"<!-- This site is optimized with the Yoast SEO Premium plugin v20.9 (Yoast SEO v26.5) - https:\/\/yoast.com\/wordpress\/plugins\/seo\/ -->\n<title>DFQC450 Pneumatic L bar type sealer heat sealing machine and BS-A450 Shrink tunnel packager - ALF PACK<\/title>\n<meta name=\"robots\" content=\"index, follow, max-snippet:-1, max-image-preview:large, max-video-preview:-1\" \/>\n<link rel=\"canonical\" href=\"https:\/\/alfequipment.com\/de\/product\/dfqc450-pneumatisches-l-bar-schweisgerat-heissiegelmaschine-und-bs-a450-schrumpftunnelverpackungsmaschine\/\" \/>\n<meta property=\"og:locale\" content=\"de_DE\" \/>\n<meta property=\"og:type\" content=\"article\" \/>\n<meta property=\"og:title\" content=\"DFQC450 Pneumatic L bar type sealer heat sealing machine and BS-A450 Shrink tunnel packager\" \/>\n<meta property=\"og:description\" content=\"Semi automatic l bar\u00a0operation  Heavy duty\u00a0frame construction  Consistent pneumatic pressure  Large\u00a0seal size: 550x450mm  Ideal for mid-volume lines. Unlike manual models that rely solely on\u00a0magnetic hold, this pneumatic unit uses air cylinders to ensure a perfect\u00a0seal area\u00a0compression every cycle.\" \/>\n<meta property=\"og:url\" content=\"https:\/\/alfequipment.com\/de\/product\/dfqc450-pneumatisches-l-bar-schweisgerat-heissiegelmaschine-und-bs-a450-schrumpftunnelverpackungsmaschine\/\" \/>\n<meta property=\"og:site_name\" content=\"ALF PACK\" \/>\n<meta property=\"article:modified_time\" content=\"2025-12-24T06:26:46+00:00\" \/>\n<meta property=\"og:image\" content=\"https:\/\/alfequipment.com\/wp-content\/uploads\/2025\/01\/DFQC450-Pneumatic-L-bar-type-sealer-heat.jpg\" \/>\n\t<meta property=\"og:image:width\" content=\"800\" \/>\n\t<meta property=\"og:image:height\" content=\"800\" \/>\n\t<meta property=\"og:image:type\" content=\"image\/webp\" \/>\n<meta name=\"twitter:card\" content=\"summary_large_image\" \/>\n<meta name=\"twitter:label1\" content=\"Gesch\u00e4tzte Lesezeit\" \/>\n\t<meta name=\"twitter:data1\" content=\"3\u00a0Minuten\" \/>\n<script type=\"application\/ld+json\" class=\"yoast-schema-graph\">{\"@context\":\"https:\/\/schema.org\",\"@graph\":[{\"@type\":\"WebPage\",\"@id\":\"https:\/\/alfequipment.com\/product\/dfqc450-pneumatic-l-bar-type-sealer-heat-sealing-machine-and-bs-a450-shrink-tunnel-packager\/\",\"url\":\"https:\/\/alfequipment.com\/product\/dfqc450-pneumatic-l-bar-type-sealer-heat-sealing-machine-and-bs-a450-shrink-tunnel-packager\/\",\"name\":\"DFQC450 Pneumatic L bar type sealer heat sealing machine and BS-A450 Shrink tunnel packager - ALF PACK\",\"isPartOf\":{\"@id\":\"https:\/\/alfequipment.com\/#website\"},\"primaryImageOfPage\":{\"@id\":\"https:\/\/alfequipment.com\/product\/dfqc450-pneumatic-l-bar-type-sealer-heat-sealing-machine-and-bs-a450-shrink-tunnel-packager\/#primaryimage\"},\"image\":{\"@id\":\"https:\/\/alfequipment.com\/product\/dfqc450-pneumatic-l-bar-type-sealer-heat-sealing-machine-and-bs-a450-shrink-tunnel-packager\/#primaryimage\"},\"thumbnailUrl\":\"https:\/\/alfequipment.com\/wp-content\/uploads\/2025\/01\/DFQC450-Pneumatic-L-bar-type-sealer-heat.jpg\",\"datePublished\":\"2024-12-05T04:38:51+00:00\",\"dateModified\":\"2025-12-24T06:26:46+00:00\",\"breadcrumb\":{\"@id\":\"https:\/\/alfequipment.com\/product\/dfqc450-pneumatic-l-bar-type-sealer-heat-sealing-machine-and-bs-a450-shrink-tunnel-packager\/#breadcrumb\"},\"inLanguage\":\"de\",\"potentialAction\":[{\"@type\":\"ReadAction\",\"target\":[\"https:\/\/alfequipment.com\/product\/dfqc450-pneumatic-l-bar-type-sealer-heat-sealing-machine-and-bs-a450-shrink-tunnel-packager\/\"]}]},{\"@type\":\"ImageObject\",\"inLanguage\":\"de\",\"@id\":\"https:\/\/alfequipment.com\/product\/dfqc450-pneumatic-l-bar-type-sealer-heat-sealing-machine-and-bs-a450-shrink-tunnel-packager\/#primaryimage\",\"url\":\"https:\/\/alfequipment.com\/wp-content\/uploads\/2025\/01\/DFQC450-Pneumatic-L-bar-type-sealer-heat.jpg\",\"contentUrl\":\"https:\/\/alfequipment.com\/wp-content\/uploads\/2025\/01\/DFQC450-Pneumatic-L-bar-type-sealer-heat.jpg\",\"width\":800,\"height\":800,\"caption\":\"DFQC450 Semi automatic l bar sealer with shrink tunnel\"},{\"@type\":\"BreadcrumbList\",\"@id\":\"https:\/\/alfequipment.com\/product\/dfqc450-pneumatic-l-bar-type-sealer-heat-sealing-machine-and-bs-a450-shrink-tunnel-packager\/#breadcrumb\",\"itemListElement\":[{\"@type\":\"ListItem\",\"position\":1,\"name\":\"Home\",\"item\":\"https:\/\/alfequipment.com\/\"},{\"@type\":\"ListItem\",\"position\":2,\"name\":\"Shop\",\"item\":\"https:\/\/alfequipment.com\/shop\/\"},{\"@type\":\"ListItem\",\"position\":3,\"name\":\"DFQC450 Pneumatic L bar type sealer heat sealing machine and BS-A450 Shrink tunnel packager\"}]},{\"@type\":\"WebSite\",\"@id\":\"https:\/\/alfequipment.com\/#website\",\"url\":\"https:\/\/alfequipment.com\/\",\"name\":\"ALF PACK\",\"description\":\"\",\"publisher\":{\"@id\":\"https:\/\/alfequipment.com\/#organization\"},\"potentialAction\":[{\"@type\":\"SearchAction\",\"target\":{\"@type\":\"EntryPoint\",\"urlTemplate\":\"https:\/\/alfequipment.com\/?s={search_term_string}\"},\"query-input\":{\"@type\":\"PropertyValueSpecification\",\"valueRequired\":true,\"valueName\":\"search_term_string\"}}],\"inLanguage\":\"de\"},{\"@type\":\"Organization\",\"@id\":\"https:\/\/alfequipment.com\/#organization\",\"name\":\"ALF PACK\",\"url\":\"https:\/\/alfequipment.com\/\",\"logo\":{\"@type\":\"ImageObject\",\"inLanguage\":\"de\",\"@id\":\"https:\/\/alfequipment.com\/#\/schema\/logo\/image\/\",\"url\":\"https:\/\/alfequipment.com\/wp-content\/uploads\/2024\/11\/ALFlogo-2.webp\",\"contentUrl\":\"https:\/\/alfequipment.com\/wp-content\/uploads\/2024\/11\/ALFlogo-2.webp\",\"width\":758,\"height\":750,\"caption\":\"ALF PACK\"},\"image\":{\"@id\":\"https:\/\/alfequipment.com\/#\/schema\/logo\/image\/\"}}]}<\/script>\n<!-- \/ Yoast SEO Premium plugin. -->","yoast_head_json":{"title":"DFQC450 Pneumatische L-Bar-Schwei\u00dfmaschine und BS-A450 Schrumpftunnel-Verpackungsmaschine - ALF PACK","robots":{"index":"index","follow":"follow","max-snippet":"max-snippet:-1","max-image-preview":"max-image-preview:large","max-video-preview":"max-video-preview:-1"},"canonical":"https:\/\/alfequipment.com\/de\/product\/dfqc450-pneumatisches-l-bar-schweisgerat-heissiegelmaschine-und-bs-a450-schrumpftunnelverpackungsmaschine\/","og_locale":"de_DE","og_type":"article","og_title":"DFQC450 Pneumatic L bar type sealer heat sealing machine and BS-A450 Shrink tunnel packager","og_description":"Semi automatic l bar\u00a0operation  Heavy duty\u00a0frame construction  Consistent pneumatic pressure  Large\u00a0seal size: 550x450mm  Ideal for mid-volume lines. Unlike manual models that rely solely on\u00a0magnetic hold, this pneumatic unit uses air cylinders to ensure a perfect\u00a0seal area\u00a0compression every cycle.","og_url":"https:\/\/alfequipment.com\/de\/product\/dfqc450-pneumatisches-l-bar-schweisgerat-heissiegelmaschine-und-bs-a450-schrumpftunnelverpackungsmaschine\/","og_site_name":"ALF PACK","article_modified_time":"2025-12-24T06:26:46+00:00","og_image":[{"width":800,"height":800,"url":"https:\/\/alfequipment.com\/wp-content\/uploads\/2025\/01\/DFQC450-Pneumatic-L-bar-type-sealer-heat.jpg","type":"image\/webp"}],"twitter_card":"summary_large_image","twitter_misc":{"Gesch\u00e4tzte Lesezeit":"3\u00a0Minuten"},"schema":{"@context":"https:\/\/schema.org","@graph":[{"@type":"WebPage","@id":"https:\/\/alfequipment.com\/product\/dfqc450-pneumatic-l-bar-type-sealer-heat-sealing-machine-and-bs-a450-shrink-tunnel-packager\/","url":"https:\/\/alfequipment.com\/product\/dfqc450-pneumatic-l-bar-type-sealer-heat-sealing-machine-and-bs-a450-shrink-tunnel-packager\/","name":"DFQC450 Pneumatische L-Bar-Schwei\u00dfmaschine und BS-A450 Schrumpftunnel-Verpackungsmaschine - ALF PACK","isPartOf":{"@id":"https:\/\/alfequipment.com\/#website"},"primaryImageOfPage":{"@id":"https:\/\/alfequipment.com\/product\/dfqc450-pneumatic-l-bar-type-sealer-heat-sealing-machine-and-bs-a450-shrink-tunnel-packager\/#primaryimage"},"image":{"@id":"https:\/\/alfequipment.com\/product\/dfqc450-pneumatic-l-bar-type-sealer-heat-sealing-machine-and-bs-a450-shrink-tunnel-packager\/#primaryimage"},"thumbnailUrl":"https:\/\/alfequipment.com\/wp-content\/uploads\/2025\/01\/DFQC450-Pneumatic-L-bar-type-sealer-heat.jpg","datePublished":"2024-12-05T04:38:51+00:00","dateModified":"2025-12-24T06:26:46+00:00","breadcrumb":{"@id":"https:\/\/alfequipment.com\/product\/dfqc450-pneumatic-l-bar-type-sealer-heat-sealing-machine-and-bs-a450-shrink-tunnel-packager\/#breadcrumb"},"inLanguage":"de","potentialAction":[{"@type":"ReadAction","target":["https:\/\/alfequipment.com\/product\/dfqc450-pneumatic-l-bar-type-sealer-heat-sealing-machine-and-bs-a450-shrink-tunnel-packager\/"]}]},{"@type":"ImageObject","inLanguage":"de","@id":"https:\/\/alfequipment.com\/product\/dfqc450-pneumatic-l-bar-type-sealer-heat-sealing-machine-and-bs-a450-shrink-tunnel-packager\/#primaryimage","url":"https:\/\/alfequipment.com\/wp-content\/uploads\/2025\/01\/DFQC450-Pneumatic-L-bar-type-sealer-heat.jpg","contentUrl":"https:\/\/alfequipment.com\/wp-content\/uploads\/2025\/01\/DFQC450-Pneumatic-L-bar-type-sealer-heat.jpg","width":800,"height":800,"caption":"DFQC450 Semi automatic l bar sealer with shrink tunnel"},{"@type":"BreadcrumbList","@id":"https:\/\/alfequipment.com\/product\/dfqc450-pneumatic-l-bar-type-sealer-heat-sealing-machine-and-bs-a450-shrink-tunnel-packager\/#breadcrumb","itemListElement":[{"@type":"ListItem","position":1,"name":"Home","item":"https:\/\/alfequipment.com\/"},{"@type":"ListItem","position":2,"name":"Shop","item":"https:\/\/alfequipment.com\/shop\/"},{"@type":"ListItem","position":3,"name":"DFQC450 Pneumatic L bar type sealer heat sealing machine and BS-A450 Shrink tunnel packager"}]},{"@type":"WebSite","@id":"https:\/\/alfequipment.com\/#website","url":"https:\/\/alfequipment.com\/","name":"ALF PACK","description":"","publisher":{"@id":"https:\/\/alfequipment.com\/#organization"},"potentialAction":[{"@type":"SearchAction","target":{"@type":"EntryPoint","urlTemplate":"https:\/\/alfequipment.com\/?s={search_term_string}"},"query-input":{"@type":"PropertyValueSpecification","valueRequired":true,"valueName":"search_term_string"}}],"inLanguage":"de"},{"@type":"Organization","@id":"https:\/\/alfequipment.com\/#organization","name":"ALF PACK","url":"https:\/\/alfequipment.com\/","logo":{"@type":"ImageObject","inLanguage":"de","@id":"https:\/\/alfequipment.com\/#\/schema\/logo\/image\/","url":"https:\/\/alfequipment.com\/wp-content\/uploads\/2024\/11\/ALFlogo-2.webp","contentUrl":"https:\/\/alfequipment.com\/wp-content\/uploads\/2024\/11\/ALFlogo-2.webp","width":758,"height":750,"caption":"ALF PACK"},"image":{"@id":"https:\/\/alfequipment.com\/#\/schema\/logo\/image\/"}}]}},"_links":{"self":[{"href":"https:\/\/alfequipment.com\/de\/wp-json\/wp\/v2\/product\/2918","targetHints":{"allow":["GET"]}}],"collection":[{"href":"https:\/\/alfequipment.com\/de\/wp-json\/wp\/v2\/product"}],"about":[{"href":"https:\/\/alfequipment.com\/de\/wp-json\/wp\/v2\/types\/product"}],"replies":[{"embeddable":true,"href":"https:\/\/alfequipment.com\/de\/wp-json\/wp\/v2\/comments?post=2918"}],"version-history":[{"count":0,"href":"https:\/\/alfequipment.com\/de\/wp-json\/wp\/v2\/product\/2918\/revisions"}],"wp:featuredmedia":[{"embeddable":true,"href":"https:\/\/alfequipment.com\/de\/wp-json\/wp\/v2\/media\/2670"}],"wp:attachment":[{"href":"https:\/\/alfequipment.com\/de\/wp-json\/wp\/v2\/media?parent=2918"}],"wp:term":[{"taxonomy":"product_brand","embeddable":true,"href":"https:\/\/alfequipment.com\/de\/wp-json\/wp\/v2\/product_brand?post=2918"},{"taxonomy":"product_cat","embeddable":true,"href":"https:\/\/alfequipment.com\/de\/wp-json\/wp\/v2\/product_cat?post=2918"},{"taxonomy":"product_tag","embeddable":true,"href":"https:\/\/alfequipment.com\/de\/wp-json\/wp\/v2\/product_tag?post=2918"}],"curies":[{"name":"wp","href":"https:\/\/api.w.org\/{rel}","templated":true}]}}