{"id":2920,"date":"2024-12-23T16:26:21","date_gmt":"2024-12-23T16:26:21","guid":{"rendered":"https:\/\/alfequipment.com\/product\/dqfxz5050s-full-automatic-folding-carton-sealer-and-pneumatic-box-sealing-packaging-machine-with-shield\/"},"modified":"2025-01-13T14:43:03","modified_gmt":"2025-01-13T14:43:03","slug":"dqfxz5050s-vollautomatische-kartonverschliessmaschine-und-pneumatische-verpackungsmaschine-mit-schild","status":"publish","type":"product","link":"https:\/\/alfequipment.com\/de\/product\/dqfxz5050s-vollautomatische-kartonverschliessmaschine-und-pneumatische-verpackungsmaschine-mit-schild\/","title":{"rendered":"DQFXZ5050S Vollautomatische Faltschachtelverschlie\u00dfmaschine und pneumatische Kartonverschlie\u00dfmaschine mit Schild"},"content":{"rendered":"<div data-magic-global=\"%7B%22bizId%22%3A17179933680%2C%22pageId%22%3A5046267994%2C%22siteId%22%3A5005331025%7D\" id=\"detail_decorate_root\">\n<div module-id=\"6653253542\" module-title=\"detailProductNavigation\" render=\"true\" class=\"J_module\">\n<div id=\"ali-anchor-AliMagic-333euy\" data-section=\"AliMagic-333euy\" data-section-title=\"Product Description\" class=\"magic-0\">DQFXZ5050S Vollautomatische Faltschwei\u00dfmaschine ist sch\u00f6n, sicher und gro\u00dfz\u00fcgig, der Sitz ist stark und stabil. Die verschiedenen Strukturen entsprechen der CE-Norm, wobei die Schutzabdeckung das optionale Teil des Kunden ist. Die Schneidmesserschutzvorrichtung im Schwei\u00dfkopf erh\u00e4lt das nationale Patent. Die H\u00f6he und Breite m\u00fcssen nicht manuell eingestellt werden.<\/div>\n<\/div>\n<div module-id=\"6653253543\" module-title=\"detailTextWithTitle\" render=\"true\" class=\"J_module\">\n<div class=\"detail-decorate-json-renderer-container\">\n<div class=\"magic-1\">\n<div class=\"magic-4\">\n<div class=\"magic-5\">\n<div class=\"magic-6\">\n<p class=\"magic-7\">Die Faltung &amp;Sealing-Maschine nimmt die hohe Haltekraft von PVC-Klebeband auf dem Karton die folgende \u00dcbertragung, glatte \u00dcbertragung und Abdichtung auf dem Siegelband, schnell, einfach zu justieren, kann eine einmalige Klebeband Druck, Faltung Abdeckung und die obere und untere Abdichtung Aktion sein. Verbessern Sie das Aussehen des Produkts erheblich. Es ist weit verbreitet in Haushaltsger\u00e4ten, Textilien, Lebensmittel, Kosmetika, Lebensmittel des t\u00e4glichen Bedarfs, Medizin, chemische Industrie und anderen verarbeitenden Industrien verwendet.<\/p>\n<\/p><\/div>\n<\/p><\/div>\n<\/p><\/div>\n<\/p><\/div>\n<\/p><\/div>\n<\/p><\/div>\n<div module-id=\"6653253544\" module-title=\"detailTableHightLight\" render=\"true\" class=\"J_module\">\n<div class=\"ife-detail-decorate-table\">\n<table class=\"all magic-8\">\n<tbody>\n<tr>\n<td colspan=\"1\" rowspan=\"1\">\n<div class=\"magic-9\">\n        Modell\n       <\/div>\n<\/td>\n<td colspan=\"1\" rowspan=\"1\">\n<div class=\"magic-10\">\n        DQFXZ5050S\n       <\/div>\n<\/td>\n<\/tr>\n<tr>\n<td colspan=\"1\" rowspan=\"1\">\n<div class=\"magic-9\">\n        Stromversorgung\n       <\/div>\n<\/td>\n<td colspan=\"1\" rowspan=\"1\">\n<div class=\"magic-10\">\n        AC220V\/50,AC110V\/60Hz 420W\n       <\/div>\n<\/td>\n<\/tr>\n<tr>\n<td colspan=\"1\" rowspan=\"1\">\n<div class=\"magic-9\">\n        Max. Packma\u00df\n       <\/div>\n<\/td>\n<td colspan=\"1\" rowspan=\"1\">\n<div class=\"magic-10\">\n        700(L)*500(B)*500(H) mm\n       <\/div>\n<\/td>\n<\/tr>\n<tr>\n<td colspan=\"1\" rowspan=\"1\">\n<div class=\"magic-9\">\n        Min. Packma\u00df\n       <\/div>\n<\/td>\n<td colspan=\"1\" rowspan=\"1\">\n<div class=\"magic-10\">\n        260 (B)*200 (H)*160 (L)mm\n       <\/div>\n<\/td>\n<\/tr>\n<tr>\n<td colspan=\"1\" rowspan=\"1\">\n<div class=\"magic-9\">\n        Geschwindigkeit\n       <\/div>\n<\/td>\n<td colspan=\"1\" rowspan=\"1\">\n<div class=\"magic-10\">\n        18m\/min\n       <\/div>\n<\/td>\n<\/tr>\n<tr>\n<td colspan=\"1\" rowspan=\"1\">\n<div class=\"magic-9\">\n        H\u00f6he des Arbeitstisches\n       <\/div>\n<\/td>\n<td colspan=\"1\" rowspan=\"1\">\n<div class=\"magic-10\">\n        600-800mm\n       <\/div>\n<\/td>\n<\/tr>\n<tr>\n<td colspan=\"1\" rowspan=\"1\">\n<div class=\"magic-9\">\n        Luftdruck\n       <\/div>\n<\/td>\n<td colspan=\"1\" rowspan=\"1\">\n<div class=\"magic-10\">\n        2\/3L,5Kg f\/cm\u00b2\n       <\/div>\n<\/td>\n<\/tr>\n<tr>\n<td colspan=\"1\" rowspan=\"1\">\n<div class=\"magic-9\">\n        Breite des Klebebandes\n       <\/div>\n<\/td>\n<td colspan=\"1\" rowspan=\"1\">\n<div class=\"magic-10\">\n        48mm. 60 mm\n       <\/div>\n<\/td>\n<\/tr>\n<tr>\n<td colspan=\"1\" rowspan=\"1\">\n<div class=\"magic-9\">\n        Gr\u00f6\u00dfe der Maschine\n       <\/div>\n<\/td>\n<td colspan=\"1\" rowspan=\"1\">\n<div class=\"magic-10\">\n        2889\u00d71056\u00d71815mm\n       <\/div>\n<\/td>\n<\/tr>\n<\/tbody>\n<\/table><\/div>\n<\/p><\/div>\n<div module-id=\"6653253545\" module-title=\"detailSingleImage\" render=\"true\" class=\"J_module\">\n<div class=\"icbu-pc-images magic-11\">\n<div>\n<div class=\"flex-layout-v\">\n<div class=\"flex-layout-h magic-11\">\n<div class=\"magic-12\">\n       <img decoding=\"async\" src=\"https:\/\/sc01.alicdn.com\/kf\/H9511e04734bb45c88e7e045dd464dddaj\/64496\/H9511e04734bb45c88e7e045dd464dddaj.jpg\" class=\"aligncenter\">\n      <\/div>\n<\/p><\/div>\n<\/p><\/div>\n<\/p><\/div>\n<\/p><\/div>\n<\/p><\/div>\n<div module-id=\"6660366576\" module-title=\"detailSingleImage\" render=\"true\" class=\"J_module\">\n<div class=\"icbu-pc-images magic-11\">\n<div>\n<div class=\"flex-layout-v\">\n<div class=\"flex-layout-h magic-11\">\n<div class=\"magic-12\">\n       <img decoding=\"async\" src=\"https:\/\/sc01.alicdn.com\/kf\/Heead8c0c08a3469b9b8a77f9a6196660w\/64496\/Heead8c0c08a3469b9b8a77f9a6196660w.jpg\" class=\"aligncenter\">\n      <\/div>\n<\/p><\/div>\n<\/p><\/div>\n<\/p><\/div>\n<\/p><\/div>\n<\/p><\/div>\n<div module-id=\"6653253546\" module-title=\"detailVerticalImages\" render=\"true\" class=\"J_module\">\n<div class=\"icbu-pc-images magic-11\">\n<div>\n<div class=\"flex-layout-v\">\n<div class=\"magic-14\">\n      <img decoding=\"async\" src=\"https:\/\/sc02.alicdn.com\/kf\/HTB1d92NwHvpK1RjSZFqq6AXUVXab\/64496\/HTB1d92NwHvpK1RjSZFqq6AXUVXab.jpg\" class=\"aligncenter\">\n     <\/div>\n<div class=\"flex-layout-h magic-11\">\n<div class=\"magic-16\">\n       <img decoding=\"async\" src=\"https:\/\/sc02.alicdn.com\/kf\/HTB1BnL1acTxK1Rjy0Fgq6yovpXaj\/64496\/HTB1BnL1acTxK1Rjy0Fgq6yovpXaj.jpg\" class=\"aligncenter\">\n      <\/div>\n<div class=\"magic-18\">\n       <img decoding=\"async\" src=\"https:\/\/sc01.alicdn.com\/kf\/HTB1PiDZaojrK1RkHFNRq6ySvpXaI\/64496\/HTB1PiDZaojrK1RkHFNRq6ySvpXaI.jpg\" class=\"aligncenter\">\n      <\/div>\n<\/p><\/div>\n<\/p><\/div>\n<\/p><\/div>\n<\/p><\/div>\n<\/p><\/div>\n<div module-id=\"6653253547\" module-title=\"detailSingleImage\" render=\"true\" class=\"J_module\">\n<div class=\"icbu-pc-images magic-11\">\n<div>\n<div class=\"flex-layout-v\">\n<div class=\"flex-layout-h magic-11\">\n<div class=\"magic-20\">\n       <img decoding=\"async\" src=\"https:\/\/sc02.alicdn.com\/kf\/HTB14RL6afLsK1Rjy0Fbq6xSEXXaK\/64496\/HTB14RL6afLsK1Rjy0Fbq6xSEXXaK.jpg\" class=\"aligncenter\">\n      <\/div>\n<\/p><\/div>\n<\/p><\/div>\n<\/p><\/div>\n<\/p><\/div>\n<\/p><\/div>\n<\/div>","protected":false},"excerpt":{"rendered":"<p>Vollautomatische Kartonverschlie\u00dfmaschine mit Schutzschild<\/p>","protected":false},"featured_media":2674,"comment_status":"closed","ping_status":"open","template":"","meta":[],"product_brand":[],"product_cat":[116,97],"product_tag":[],"class_list":{"0":"post-2920","1":"product","2":"type-product","3":"status-publish","4":"has-post-thumbnail","6":"product_cat-carton-sealing-machine","7":"product_cat-sealing-machines","9":"first","10":"instock","11":"sale","12":"purchasable","13":"product-type-simple"},"yoast_head":"<!-- This site is optimized with the Yoast SEO Premium plugin v20.9 (Yoast SEO v26.5) - https:\/\/yoast.com\/wordpress\/plugins\/seo\/ -->\n<title>DQFXZ5050S Full Automatic Folding Carton Sealer and pneumatic box sealing packaging machine with shield - ALF PACK<\/title>\n<meta name=\"robots\" content=\"index, follow, max-snippet:-1, max-image-preview:large, max-video-preview:-1\" \/>\n<link rel=\"canonical\" href=\"https:\/\/alfequipment.com\/de\/product\/dqfxz5050s-vollautomatische-kartonverschliessmaschine-und-pneumatische-verpackungsmaschine-mit-schild\/\" \/>\n<meta property=\"og:locale\" content=\"de_DE\" \/>\n<meta property=\"og:type\" content=\"article\" \/>\n<meta property=\"og:title\" content=\"DQFXZ5050S Full Automatic Folding Carton Sealer and pneumatic box sealing packaging machine with shield\" \/>\n<meta property=\"og:description\" content=\"Full Automatic Carton Sealer With Shield\" \/>\n<meta property=\"og:url\" content=\"https:\/\/alfequipment.com\/de\/product\/dqfxz5050s-vollautomatische-kartonverschliessmaschine-und-pneumatische-verpackungsmaschine-mit-schild\/\" \/>\n<meta property=\"og:site_name\" content=\"ALF PACK\" \/>\n<meta property=\"article:modified_time\" content=\"2025-01-13T14:43:03+00:00\" \/>\n<meta property=\"og:image\" content=\"https:\/\/alfequipment.com\/wp-content\/uploads\/2025\/01\/DQFXZ5050S-Full-Automatic-Folding-Carton-Sealer-and.jpg\" \/>\n\t<meta property=\"og:image:width\" content=\"800\" \/>\n\t<meta property=\"og:image:height\" content=\"800\" \/>\n\t<meta property=\"og:image:type\" content=\"image\/webp\" \/>\n<meta name=\"twitter:card\" content=\"summary_large_image\" \/>\n<meta name=\"twitter:label1\" content=\"Gesch\u00e4tzte Lesezeit\" \/>\n\t<meta name=\"twitter:data1\" content=\"1\u00a0Minute\" \/>\n<script type=\"application\/ld+json\" class=\"yoast-schema-graph\">{\"@context\":\"https:\/\/schema.org\",\"@graph\":[{\"@type\":\"WebPage\",\"@id\":\"https:\/\/alfequipment.com\/product\/dqfxz5050s-full-automatic-folding-carton-sealer-and-pneumatic-box-sealing-packaging-machine-with-shield\/\",\"url\":\"https:\/\/alfequipment.com\/product\/dqfxz5050s-full-automatic-folding-carton-sealer-and-pneumatic-box-sealing-packaging-machine-with-shield\/\",\"name\":\"DQFXZ5050S Full Automatic Folding Carton Sealer and pneumatic box sealing packaging machine with shield - ALF PACK\",\"isPartOf\":{\"@id\":\"https:\/\/alfequipment.com\/#website\"},\"primaryImageOfPage\":{\"@id\":\"https:\/\/alfequipment.com\/product\/dqfxz5050s-full-automatic-folding-carton-sealer-and-pneumatic-box-sealing-packaging-machine-with-shield\/#primaryimage\"},\"image\":{\"@id\":\"https:\/\/alfequipment.com\/product\/dqfxz5050s-full-automatic-folding-carton-sealer-and-pneumatic-box-sealing-packaging-machine-with-shield\/#primaryimage\"},\"thumbnailUrl\":\"https:\/\/alfequipment.com\/wp-content\/uploads\/2025\/01\/DQFXZ5050S-Full-Automatic-Folding-Carton-Sealer-and.jpg\",\"datePublished\":\"2024-12-23T16:26:21+00:00\",\"dateModified\":\"2025-01-13T14:43:03+00:00\",\"breadcrumb\":{\"@id\":\"https:\/\/alfequipment.com\/product\/dqfxz5050s-full-automatic-folding-carton-sealer-and-pneumatic-box-sealing-packaging-machine-with-shield\/#breadcrumb\"},\"inLanguage\":\"de\",\"potentialAction\":[{\"@type\":\"ReadAction\",\"target\":[\"https:\/\/alfequipment.com\/product\/dqfxz5050s-full-automatic-folding-carton-sealer-and-pneumatic-box-sealing-packaging-machine-with-shield\/\"]}]},{\"@type\":\"ImageObject\",\"inLanguage\":\"de\",\"@id\":\"https:\/\/alfequipment.com\/product\/dqfxz5050s-full-automatic-folding-carton-sealer-and-pneumatic-box-sealing-packaging-machine-with-shield\/#primaryimage\",\"url\":\"https:\/\/alfequipment.com\/wp-content\/uploads\/2025\/01\/DQFXZ5050S-Full-Automatic-Folding-Carton-Sealer-and.jpg\",\"contentUrl\":\"https:\/\/alfequipment.com\/wp-content\/uploads\/2025\/01\/DQFXZ5050S-Full-Automatic-Folding-Carton-Sealer-and.jpg\",\"width\":800,\"height\":800},{\"@type\":\"BreadcrumbList\",\"@id\":\"https:\/\/alfequipment.com\/product\/dqfxz5050s-full-automatic-folding-carton-sealer-and-pneumatic-box-sealing-packaging-machine-with-shield\/#breadcrumb\",\"itemListElement\":[{\"@type\":\"ListItem\",\"position\":1,\"name\":\"Home\",\"item\":\"https:\/\/alfequipment.com\/\"},{\"@type\":\"ListItem\",\"position\":2,\"name\":\"Shop\",\"item\":\"https:\/\/alfequipment.com\/shop\/\"},{\"@type\":\"ListItem\",\"position\":3,\"name\":\"DQFXZ5050S Full Automatic Folding Carton Sealer and pneumatic box sealing packaging machine with shield\"}]},{\"@type\":\"WebSite\",\"@id\":\"https:\/\/alfequipment.com\/#website\",\"url\":\"https:\/\/alfequipment.com\/\",\"name\":\"ALF PACK\",\"description\":\"\",\"publisher\":{\"@id\":\"https:\/\/alfequipment.com\/#organization\"},\"potentialAction\":[{\"@type\":\"SearchAction\",\"target\":{\"@type\":\"EntryPoint\",\"urlTemplate\":\"https:\/\/alfequipment.com\/?s={search_term_string}\"},\"query-input\":{\"@type\":\"PropertyValueSpecification\",\"valueRequired\":true,\"valueName\":\"search_term_string\"}}],\"inLanguage\":\"de\"},{\"@type\":\"Organization\",\"@id\":\"https:\/\/alfequipment.com\/#organization\",\"name\":\"ALF PACK\",\"url\":\"https:\/\/alfequipment.com\/\",\"logo\":{\"@type\":\"ImageObject\",\"inLanguage\":\"de\",\"@id\":\"https:\/\/alfequipment.com\/#\/schema\/logo\/image\/\",\"url\":\"https:\/\/alfequipment.com\/wp-content\/uploads\/2024\/11\/ALFlogo-2.webp\",\"contentUrl\":\"https:\/\/alfequipment.com\/wp-content\/uploads\/2024\/11\/ALFlogo-2.webp\",\"width\":758,\"height\":750,\"caption\":\"ALF PACK\"},\"image\":{\"@id\":\"https:\/\/alfequipment.com\/#\/schema\/logo\/image\/\"}}]}<\/script>\n<!-- \/ Yoast SEO Premium plugin. -->","yoast_head_json":{"title":"DQFXZ5050S Vollautomatische Faltschachtelverschlie\u00dfmaschine und pneumatische Kartonverschlie\u00dfmaschine mit Schutzschild - ALF PACK","robots":{"index":"index","follow":"follow","max-snippet":"max-snippet:-1","max-image-preview":"max-image-preview:large","max-video-preview":"max-video-preview:-1"},"canonical":"https:\/\/alfequipment.com\/de\/product\/dqfxz5050s-vollautomatische-kartonverschliessmaschine-und-pneumatische-verpackungsmaschine-mit-schild\/","og_locale":"de_DE","og_type":"article","og_title":"DQFXZ5050S Full Automatic Folding Carton Sealer and pneumatic box sealing packaging machine with shield","og_description":"Full Automatic Carton Sealer With Shield","og_url":"https:\/\/alfequipment.com\/de\/product\/dqfxz5050s-vollautomatische-kartonverschliessmaschine-und-pneumatische-verpackungsmaschine-mit-schild\/","og_site_name":"ALF PACK","article_modified_time":"2025-01-13T14:43:03+00:00","og_image":[{"width":800,"height":800,"url":"https:\/\/alfequipment.com\/wp-content\/uploads\/2025\/01\/DQFXZ5050S-Full-Automatic-Folding-Carton-Sealer-and.jpg","type":"image\/webp"}],"twitter_card":"summary_large_image","twitter_misc":{"Gesch\u00e4tzte Lesezeit":"1\u00a0Minute"},"schema":{"@context":"https:\/\/schema.org","@graph":[{"@type":"WebPage","@id":"https:\/\/alfequipment.com\/product\/dqfxz5050s-full-automatic-folding-carton-sealer-and-pneumatic-box-sealing-packaging-machine-with-shield\/","url":"https:\/\/alfequipment.com\/product\/dqfxz5050s-full-automatic-folding-carton-sealer-and-pneumatic-box-sealing-packaging-machine-with-shield\/","name":"DQFXZ5050S Vollautomatische Faltschachtelverschlie\u00dfmaschine und pneumatische Kartonverschlie\u00dfmaschine mit Schutzschild - ALF PACK","isPartOf":{"@id":"https:\/\/alfequipment.com\/#website"},"primaryImageOfPage":{"@id":"https:\/\/alfequipment.com\/product\/dqfxz5050s-full-automatic-folding-carton-sealer-and-pneumatic-box-sealing-packaging-machine-with-shield\/#primaryimage"},"image":{"@id":"https:\/\/alfequipment.com\/product\/dqfxz5050s-full-automatic-folding-carton-sealer-and-pneumatic-box-sealing-packaging-machine-with-shield\/#primaryimage"},"thumbnailUrl":"https:\/\/alfequipment.com\/wp-content\/uploads\/2025\/01\/DQFXZ5050S-Full-Automatic-Folding-Carton-Sealer-and.jpg","datePublished":"2024-12-23T16:26:21+00:00","dateModified":"2025-01-13T14:43:03+00:00","breadcrumb":{"@id":"https:\/\/alfequipment.com\/product\/dqfxz5050s-full-automatic-folding-carton-sealer-and-pneumatic-box-sealing-packaging-machine-with-shield\/#breadcrumb"},"inLanguage":"de","potentialAction":[{"@type":"ReadAction","target":["https:\/\/alfequipment.com\/product\/dqfxz5050s-full-automatic-folding-carton-sealer-and-pneumatic-box-sealing-packaging-machine-with-shield\/"]}]},{"@type":"ImageObject","inLanguage":"de","@id":"https:\/\/alfequipment.com\/product\/dqfxz5050s-full-automatic-folding-carton-sealer-and-pneumatic-box-sealing-packaging-machine-with-shield\/#primaryimage","url":"https:\/\/alfequipment.com\/wp-content\/uploads\/2025\/01\/DQFXZ5050S-Full-Automatic-Folding-Carton-Sealer-and.jpg","contentUrl":"https:\/\/alfequipment.com\/wp-content\/uploads\/2025\/01\/DQFXZ5050S-Full-Automatic-Folding-Carton-Sealer-and.jpg","width":800,"height":800},{"@type":"BreadcrumbList","@id":"https:\/\/alfequipment.com\/product\/dqfxz5050s-full-automatic-folding-carton-sealer-and-pneumatic-box-sealing-packaging-machine-with-shield\/#breadcrumb","itemListElement":[{"@type":"ListItem","position":1,"name":"Home","item":"https:\/\/alfequipment.com\/"},{"@type":"ListItem","position":2,"name":"Shop","item":"https:\/\/alfequipment.com\/shop\/"},{"@type":"ListItem","position":3,"name":"DQFXZ5050S Full Automatic Folding Carton Sealer and pneumatic box sealing packaging machine with shield"}]},{"@type":"WebSite","@id":"https:\/\/alfequipment.com\/#website","url":"https:\/\/alfequipment.com\/","name":"ALF PACK","description":"","publisher":{"@id":"https:\/\/alfequipment.com\/#organization"},"potentialAction":[{"@type":"SearchAction","target":{"@type":"EntryPoint","urlTemplate":"https:\/\/alfequipment.com\/?s={search_term_string}"},"query-input":{"@type":"PropertyValueSpecification","valueRequired":true,"valueName":"search_term_string"}}],"inLanguage":"de"},{"@type":"Organization","@id":"https:\/\/alfequipment.com\/#organization","name":"ALF PACK","url":"https:\/\/alfequipment.com\/","logo":{"@type":"ImageObject","inLanguage":"de","@id":"https:\/\/alfequipment.com\/#\/schema\/logo\/image\/","url":"https:\/\/alfequipment.com\/wp-content\/uploads\/2024\/11\/ALFlogo-2.webp","contentUrl":"https:\/\/alfequipment.com\/wp-content\/uploads\/2024\/11\/ALFlogo-2.webp","width":758,"height":750,"caption":"ALF PACK"},"image":{"@id":"https:\/\/alfequipment.com\/#\/schema\/logo\/image\/"}}]}},"_links":{"self":[{"href":"https:\/\/alfequipment.com\/de\/wp-json\/wp\/v2\/product\/2920","targetHints":{"allow":["GET"]}}],"collection":[{"href":"https:\/\/alfequipment.com\/de\/wp-json\/wp\/v2\/product"}],"about":[{"href":"https:\/\/alfequipment.com\/de\/wp-json\/wp\/v2\/types\/product"}],"replies":[{"embeddable":true,"href":"https:\/\/alfequipment.com\/de\/wp-json\/wp\/v2\/comments?post=2920"}],"version-history":[{"count":0,"href":"https:\/\/alfequipment.com\/de\/wp-json\/wp\/v2\/product\/2920\/revisions"}],"wp:featuredmedia":[{"embeddable":true,"href":"https:\/\/alfequipment.com\/de\/wp-json\/wp\/v2\/media\/2674"}],"wp:attachment":[{"href":"https:\/\/alfequipment.com\/de\/wp-json\/wp\/v2\/media?parent=2920"}],"wp:term":[{"taxonomy":"product_brand","embeddable":true,"href":"https:\/\/alfequipment.com\/de\/wp-json\/wp\/v2\/product_brand?post=2920"},{"taxonomy":"product_cat","embeddable":true,"href":"https:\/\/alfequipment.com\/de\/wp-json\/wp\/v2\/product_cat?post=2920"},{"taxonomy":"product_tag","embeddable":true,"href":"https:\/\/alfequipment.com\/de\/wp-json\/wp\/v2\/product_tag?post=2920"}],"curies":[{"name":"wp","href":"https:\/\/api.w.org\/{rel}","templated":true}]}}