{"id":2921,"date":"2024-12-04T14:38:08","date_gmt":"2024-12-04T14:38:08","guid":{"rendered":"https:\/\/alfequipment.com\/product\/bzj5038b-bottle-packing-semi-automatic-sleeve-wrapper\/"},"modified":"2025-01-13T13:08:54","modified_gmt":"2025-01-13T13:08:54","slug":"bzj5038b-flaschenverpackung-halbautomatische-banderoliermaschine","status":"publish","type":"product","link":"https:\/\/alfequipment.com\/de\/product\/bzj5038b-flaschenverpackung-halbautomatische-banderoliermaschine\/","title":{"rendered":"BZJ5038B Flaschenverpackung Halbautomatische Banderoliermaschine"},"content":{"rendered":"<div>\n<div style=\"vertical-align: top;padding-top: 15px; padding-bottom: 15px;\">\n<div id=\"ox0qe\" style=\"vertical-align: top;padding-top: 10px; padding-bottom: 10px\">\n<div id=\"ali-anchor-AliMaya-zu98u\" style=\"padding:8px 0 4px 8px;border-bottom:2px solid #C5CCDE;border-radius:3px 3px 0 0;line-height:1;color:#4D6599;background-color:#C5CCDE;font-size:22px;\" data-section=\"AliMaya-zu98u\" data-section-title=\"Product Description\"><span style=\"background-color: rgb(255, 255, 255); color: rgb(0, 0, 0); font-size: 13px;\">Der halbautomatische Banderolenwickler BZJ5038B eignet sich zum Verpacken von Pop-Dosen, Flaschen usw. mit oder ohne Bodenschale und arbeitet mit dem PE-Folien-Schrumpftunnel BSE-5040A jet oder dem PE-Schrumpftunnel BSE-5038. Erweitern Sie den Verpackungsbereich oder stellen Sie eine ma\u00dfgeschneiderte Maschine nach Kundenwunsch her.<\/span><\/div>\n<\/div>\n<div style=\"vertical-align: top;padding-top: 10px; padding-bottom: 10px; margin-right: -4px; margin-left: -4px;\">\n<div style=\"vertical-align: top; box-sizing: border-box; padding-right: 4px; padding-left: 4px;margin-top: -4px; margin-bottom: -4px;\">\n<div id=\"6qd3w\" style=\"vertical-align: top; box-sizing: border-box; padding-top: 4px; padding-bottom: 4px\">\n<p style=\"margin:0;padding:0;\"> Charakteristisch:<br \/>1. obere und untere elektromagnetische Schalter verhindern Versiegelungsfehler und sch\u00fctzen den Bediener.<\/p>\n<p>2. jede einfach und leicht zu justieren Maschine zu verschiedenen Verpackungsgr\u00f6\u00dfe entsprechen.<\/p>\n<p>3. einfache Bedienung und Wartung mit hoher Verpackungseffizienz.<\/p>\n<p>4.'Schneider' AC Vertragspartner, und intelligente Temperaturregler f\u00fchrt stabil.<\/p>\n<p>5. automatisches Alarmsystem sch\u00fctzt Maschine und Bediener.<\/p>\n<p>6. leistungsstarker F\u00f6rdermotor mit stufenloser Geschwindigkeitsregulierung sorgt f\u00fcr einen reibungslosen Vorschub.<\/p>\n<p>7. zwei gro\u00dfe Power-Ventilatoren machen die Temperatur des Schrumpftunnels jede gleichm\u00e4\u00dfig und stabil, dies sorgt f\u00fcr die hervorragende Wirkung der Schrumpfung in einer Zeit.<\/p>\n<p style=\"margin:0;padding:0;\">8. super K\u00fchlsystem k\u00fchlt die Verpackung und macht die Figuration perfekt.<\/p>\n<\/p><\/div>\n<\/p><\/div>\n<\/p><\/div>\n<div style=\"vertical-align: top;padding-top: 10px; padding-bottom: 10px; margin-right: -4px; margin-left: -4px;\">\n<div id=\"5jafn\" style=\"vertical-align: top; box-sizing: border-box; padding-right: 4px; padding-left: 4px\">\n<table style=\"width: auto; border-collapse: collapse; word-wrap: break-word;\" class=\"aliDataTable\">\n<tbody>\n<tr>\n<td style=\"background-color: rgb(218, 226, 237);\">\n<div style=\"width: 239px; height: 22px; padding: 5px 10px; overflow: hidden;\">\n          Modell\n         <\/div>\n<\/td>\n<td>\n<div style=\"width: 464px; height: 22px; padding: 5px 10px; overflow: hidden;\">\n          BZJ-5038B(Pneumatisch)\n         <\/div>\n<\/td>\n<\/tr>\n<tr>\n<td style=\"background-color: rgb(218, 226, 237);\">\n<div style=\"width: 239px; height: 22px; padding: 5px 10px; overflow: hidden;\">\n          Stromversorgung\n         <\/div>\n<\/td>\n<td>\n<div style=\"width: 464px; height: 22px; padding: 5px 10px; overflow: hidden;\">\n          220-240V, 50-60Hz;1.8KW\n         <\/div>\n<\/td>\n<\/tr>\n<tr>\n<td style=\"background-color: rgb(218, 226, 237);\">\n<div style=\"width: 239px; height: 22px; padding: 5px 10px; overflow: hidden;\">\n          Kapazit\u00e4t\n         <\/div>\n<\/td>\n<td>\n<div style=\"width: 464px; height: 22px; padding: 5px 10px; overflow: hidden;\">\n          2-6 St\u00fcck\/Minute\n         <\/div>\n<\/td>\n<\/tr>\n<tr>\n<td style=\"background-color: rgb(218, 226, 237);\">\n<div style=\"width: 239px; height: 22px; padding: 5px 10px; overflow: hidden;\">\n          Siegelzeit\/Schrumpfzeit\n         <\/div>\n<\/td>\n<td>\n<div style=\"width: 464px; height: 22px; padding: 5px 10px; overflow: hidden;\">\n          0,5-1,5s; 0-0,6s\n         <\/div>\n<\/td>\n<\/tr>\n<tr>\n<td style=\"background-color: rgb(218, 226, 237);\">\n<div style=\"width: 239px; height: 22px; padding: 5px 10px; overflow: hidden;\">\n          Versorgung der Luftquelle\n         <\/div>\n<\/td>\n<td>\n<div style=\"width: 464px; height: 22px; padding: 5px 10px; overflow: hidden;\">\n          170L\/min 0,3-0,5Mpa\n         <\/div>\n<\/td>\n<\/tr>\n<tr>\n<td style=\"background-color: rgb(218, 226, 237);\">\n<div style=\"width: 239px; height: 22px; padding: 5px 10px; overflow: hidden;\">\n          Maximaler Durchmesser der Folienrolle\n         <\/div>\n<\/td>\n<td>\n<div style=\"width: 464px; height: 22px; padding: 5px 10px; overflow: hidden;\">\n          \u03c630mm\n         <\/div>\n<\/td>\n<\/tr>\n<tr>\n<td style=\"background-color: rgb(218, 226, 237);\">\n<div style=\"width: 239px; height: 22px; padding: 5px 10px; overflow: hidden;\">\n          Breite der Folie\n         <\/div>\n<\/td>\n<td>\n<div style=\"width: 464px; height: 22px; padding: 5px 10px; overflow: hidden;\">\n          Max. 550 mm\n         <\/div>\n<\/td>\n<\/tr>\n<tr>\n<td style=\"background-color: rgb(218, 226, 237);\">\n<div style=\"width: 239px; height: 22px; padding: 5px 10px; overflow: hidden;\">\n          Dicke der Folie\n         <\/div>\n<\/td>\n<td>\n<div style=\"width: 464px; height: 22px; padding: 5px 10px; overflow: hidden;\">\n          0,03-0,25 mm\n         <\/div>\n<\/td>\n<\/tr>\n<tr>\n<td style=\"background-color: rgb(218, 226, 237);\">\n<div style=\"width: 239px; height: 22px; padding: 5px 10px; overflow: hidden;\">\n          Max. Packma\u00df (L*B*H)\n         <\/div>\n<\/td>\n<td>\n<div style=\"width: 464px; height: 22px; padding: 5px 10px; overflow: hidden;\">\n          450 x 270 x 350 mm\n         <\/div>\n<\/td>\n<\/tr>\n<tr>\n<td style=\"background-color: rgb(218, 226, 237);\">\n<div style=\"width: 239px; height: 22px; padding: 5px 10px; overflow: hidden;\">\n          Min. Verpackungsgr\u00f6\u00dfe (L*B*H)\n         <\/div>\n<\/td>\n<td>\n<div style=\"width: 464px; height: 22px; padding: 5px 10px; overflow: hidden;\">\n          250 x 60 x 60 mm\n         <\/div>\n<\/td>\n<\/tr>\n<tr>\n<td style=\"background-color: rgb(218, 226, 237);\">\n<div style=\"width: 239px; height: 22px; padding: 5px 10px; overflow: hidden;\">\n          Gewicht der Maschine\n         <\/div>\n<\/td>\n<td>\n<div style=\"width: 464px; height: 22px; padding: 5px 10px; overflow: hidden;\">\n          225KGS\n         <\/div>\n<\/td>\n<\/tr>\n<tr>\n<td style=\"background-color: rgb(218, 226, 237);\">\n<div style=\"width: 239px; height: 22px; padding: 5px 10px; overflow: hidden;\">\n          Gr\u00f6\u00dfe der Maschine (L*B*H)\n         <\/div>\n<\/td>\n<td>\n<div style=\"width: 464px; height: 22px; padding: 5px 10px; overflow: hidden;\">\n          1020 x 830 x 1980 mm\n         <\/div>\n<\/td>\n<\/tr>\n<tr>\n<td style=\"background-color: rgb(218, 226, 237);\">\n<div style=\"width: 239px; height: 22px; padding: 5px 10px; overflow: hidden;\">\n          Schrumpffolie\n         <\/div>\n<\/td>\n<td>\n<div style=\"width: 464px; height: 22px; padding: 5px 10px; overflow: hidden;\">\n          PE\n         <\/div>\n<\/td>\n<\/tr>\n<\/tbody>\n<\/table><\/div>\n<\/p><\/div>\n<div style=\"vertical-align: top;padding-top: 10px; padding-bottom: 10px; margin-right: -4px; margin-left: -4px;\">\n<div id=\"kq03d\" style=\"vertical-align: top; box-sizing: border-box; padding-right: 4px; padding-left: 4px\">\n<div style=\"overflow: hidden; width: 750px; height: 750px;\">\n      <img decoding=\"async\" src=\"https:\/\/sc02.alicdn.com\/kf\/HTB1Hc91aPvuK1Rjy0Faq6x2aVXag\/64496\/HTB1Hc91aPvuK1Rjy0Faq6x2aVXag.jpg\" style=\"width: 750px; height: 750px; margin-left: 0px; margin-top: 0px;\" class=\"aligncenter\">\n     <\/div>\n<\/p><\/div>\n<\/p><\/div>\n<div style=\"vertical-align: top;padding-top: 10px; padding-bottom: 10px; margin-right: -4px; margin-left: -4px;\">\n<div id=\"xv0ze\" style=\"vertical-align: top; box-sizing: border-box; padding-right: 4px; padding-left: 4px\">\n<div style=\"overflow: hidden; width: 750px; height: 750px;\">\n      <img decoding=\"async\" src=\"https:\/\/sc02.alicdn.com\/kf\/HTB1mcyZaPDuK1RjSszdq6xGLpXav\/64496\/HTB1mcyZaPDuK1RjSszdq6xGLpXav.jpg\" style=\"width: 750px; height: 750px; margin-left: 0px; margin-top: 0px;\" class=\"aligncenter\">\n     <\/div>\n<\/p><\/div>\n<\/p><\/div>\n<div style=\"vertical-align: top;padding-top: 10px; padding-bottom: 10px; margin-right: -4px; margin-left: -4px;\">\n<div id=\"ko2h3\" style=\"vertical-align: top; box-sizing: border-box; padding-right: 4px; padding-left: 4px\">\n<div style=\"overflow: hidden; width: 750px; height: 750px;\">\n      <img decoding=\"async\" src=\"https:\/\/sc02.alicdn.com\/kf\/HTB1Xh1ZaOHrK1Rjy0Flq6AsaFXac\/64496\/HTB1Xh1ZaOHrK1Rjy0Flq6AsaFXac.jpg\" style=\"width: 750px; height: 750px; margin-left: 0px; margin-top: 0px;\" class=\"aligncenter\">\n     <\/div>\n<\/p><\/div>\n<\/p><\/div>\n<div style=\"vertical-align: top;padding-top: 10px; padding-bottom: 10px; margin-right: -4px; margin-left: -4px;\">\n<div id=\"twug9\" style=\"vertical-align: top; box-sizing: border-box; padding-right: 4px; padding-left: 4px\">\n<div style=\"overflow: hidden; width: 750px; height: 632.129px;\">\n      <img decoding=\"async\" src=\"https:\/\/sc02.alicdn.com\/kf\/HTB1mM9VaPzuK1Rjy0Fpq6yEpFXar\/64496\/HTB1mM9VaPzuK1Rjy0Fpq6yEpFXar.jpg\" style=\"width: 750px; height: 632.129px; margin-left: 0px; margin-top: 0px;\" class=\"aligncenter\">\n     <\/div>\n<\/p><\/div>\n<\/p><\/div>\n<\/p><\/div>\n<div style=\"vertical-align: top;padding-top: 15px; padding-bottom: 15px;\">\n<div id=\"v4tg9\" style=\"vertical-align: top;padding-top: 10px; padding-bottom: 10px\">\n<div id=\"ali-anchor-AliMaya-8fwg5\" style=\"padding:8px 0 4px 8px;border-bottom:2px solid #C5CCDE;border-radius:3px 3px 0 0;line-height:1;color:#4D6599;background-color:#C5CCDE;font-size:22px;\" data-section=\"AliMaya-8fwg5\" data-section-title=\"Certifications\"><\/div>\n<\/div>\n<\/div>\n<div style=\"vertical-align: top;padding-top: 15px; padding-bottom: 15px;\">\n<div style=\"vertical-align: top;padding-top: 10px; padding-bottom: 10px; margin-right: -4px; margin-left: -4px;\">\n   <\/div>\n<\/p><\/div>\n<\/p><\/div>","protected":false},"excerpt":{"rendered":"<p>Flasche verpacken Halbautomatische H\u00fclsenwickelmaschine<\/p>","protected":false},"featured_media":2676,"comment_status":"closed","ping_status":"open","template":"","meta":[],"product_brand":[],"product_cat":[98],"product_tag":[],"class_list":{"0":"post-2921","1":"product","2":"type-product","3":"status-publish","4":"has-post-thumbnail","6":"product_cat-wrapping-machines","8":"first","9":"instock","10":"sale","11":"purchasable","12":"product-type-simple"},"yoast_head":"<!-- This site is optimized with the Yoast SEO Premium plugin v20.9 (Yoast SEO v26.5) - https:\/\/yoast.com\/wordpress\/plugins\/seo\/ -->\n<title>BZJ5038B Bottle packing Semi Automatic Sleeve Wrapper - ALF PACK<\/title>\n<meta name=\"robots\" content=\"index, follow, max-snippet:-1, max-image-preview:large, max-video-preview:-1\" \/>\n<link rel=\"canonical\" href=\"https:\/\/alfequipment.com\/de\/product\/bzj5038b-flaschenverpackung-halbautomatische-banderoliermaschine\/\" \/>\n<meta property=\"og:locale\" content=\"de_DE\" \/>\n<meta property=\"og:type\" content=\"article\" \/>\n<meta property=\"og:title\" content=\"BZJ5038B Bottle packing Semi Automatic Sleeve Wrapper\" \/>\n<meta property=\"og:description\" content=\"Bottle Packing Semi Automatic Sleeve Wrapper\" \/>\n<meta property=\"og:url\" content=\"https:\/\/alfequipment.com\/de\/product\/bzj5038b-flaschenverpackung-halbautomatische-banderoliermaschine\/\" \/>\n<meta property=\"og:site_name\" content=\"ALF PACK\" \/>\n<meta property=\"article:modified_time\" content=\"2025-01-13T13:08:54+00:00\" \/>\n<meta property=\"og:image\" content=\"https:\/\/alfequipment.com\/wp-content\/uploads\/2025\/01\/BZJ5038B-Bottle-packing-Semi-Automatic-Sleeve-Wrapper.jpg\" \/>\n\t<meta property=\"og:image:width\" content=\"800\" \/>\n\t<meta property=\"og:image:height\" content=\"800\" \/>\n\t<meta property=\"og:image:type\" content=\"image\/webp\" \/>\n<meta name=\"twitter:card\" content=\"summary_large_image\" \/>\n<meta name=\"twitter:label1\" content=\"Gesch\u00e4tzte Lesezeit\" \/>\n\t<meta name=\"twitter:data1\" content=\"1\u00a0Minute\" \/>\n<script type=\"application\/ld+json\" class=\"yoast-schema-graph\">{\"@context\":\"https:\/\/schema.org\",\"@graph\":[{\"@type\":\"WebPage\",\"@id\":\"https:\/\/alfequipment.com\/product\/bzj5038b-bottle-packing-semi-automatic-sleeve-wrapper\/\",\"url\":\"https:\/\/alfequipment.com\/product\/bzj5038b-bottle-packing-semi-automatic-sleeve-wrapper\/\",\"name\":\"BZJ5038B Bottle packing Semi Automatic Sleeve Wrapper - ALF PACK\",\"isPartOf\":{\"@id\":\"https:\/\/alfequipment.com\/#website\"},\"primaryImageOfPage\":{\"@id\":\"https:\/\/alfequipment.com\/product\/bzj5038b-bottle-packing-semi-automatic-sleeve-wrapper\/#primaryimage\"},\"image\":{\"@id\":\"https:\/\/alfequipment.com\/product\/bzj5038b-bottle-packing-semi-automatic-sleeve-wrapper\/#primaryimage\"},\"thumbnailUrl\":\"https:\/\/alfequipment.com\/wp-content\/uploads\/2025\/01\/BZJ5038B-Bottle-packing-Semi-Automatic-Sleeve-Wrapper.jpg\",\"datePublished\":\"2024-12-04T14:38:08+00:00\",\"dateModified\":\"2025-01-13T13:08:54+00:00\",\"breadcrumb\":{\"@id\":\"https:\/\/alfequipment.com\/product\/bzj5038b-bottle-packing-semi-automatic-sleeve-wrapper\/#breadcrumb\"},\"inLanguage\":\"de\",\"potentialAction\":[{\"@type\":\"ReadAction\",\"target\":[\"https:\/\/alfequipment.com\/product\/bzj5038b-bottle-packing-semi-automatic-sleeve-wrapper\/\"]}]},{\"@type\":\"ImageObject\",\"inLanguage\":\"de\",\"@id\":\"https:\/\/alfequipment.com\/product\/bzj5038b-bottle-packing-semi-automatic-sleeve-wrapper\/#primaryimage\",\"url\":\"https:\/\/alfequipment.com\/wp-content\/uploads\/2025\/01\/BZJ5038B-Bottle-packing-Semi-Automatic-Sleeve-Wrapper.jpg\",\"contentUrl\":\"https:\/\/alfequipment.com\/wp-content\/uploads\/2025\/01\/BZJ5038B-Bottle-packing-Semi-Automatic-Sleeve-Wrapper.jpg\",\"width\":800,\"height\":800},{\"@type\":\"BreadcrumbList\",\"@id\":\"https:\/\/alfequipment.com\/product\/bzj5038b-bottle-packing-semi-automatic-sleeve-wrapper\/#breadcrumb\",\"itemListElement\":[{\"@type\":\"ListItem\",\"position\":1,\"name\":\"Home\",\"item\":\"https:\/\/alfequipment.com\/\"},{\"@type\":\"ListItem\",\"position\":2,\"name\":\"Shop\",\"item\":\"https:\/\/alfequipment.com\/shop\/\"},{\"@type\":\"ListItem\",\"position\":3,\"name\":\"BZJ5038B Bottle packing Semi Automatic Sleeve Wrapper\"}]},{\"@type\":\"WebSite\",\"@id\":\"https:\/\/alfequipment.com\/#website\",\"url\":\"https:\/\/alfequipment.com\/\",\"name\":\"ALF PACK\",\"description\":\"\",\"publisher\":{\"@id\":\"https:\/\/alfequipment.com\/#organization\"},\"potentialAction\":[{\"@type\":\"SearchAction\",\"target\":{\"@type\":\"EntryPoint\",\"urlTemplate\":\"https:\/\/alfequipment.com\/?s={search_term_string}\"},\"query-input\":{\"@type\":\"PropertyValueSpecification\",\"valueRequired\":true,\"valueName\":\"search_term_string\"}}],\"inLanguage\":\"de\"},{\"@type\":\"Organization\",\"@id\":\"https:\/\/alfequipment.com\/#organization\",\"name\":\"ALF PACK\",\"url\":\"https:\/\/alfequipment.com\/\",\"logo\":{\"@type\":\"ImageObject\",\"inLanguage\":\"de\",\"@id\":\"https:\/\/alfequipment.com\/#\/schema\/logo\/image\/\",\"url\":\"https:\/\/alfequipment.com\/wp-content\/uploads\/2024\/11\/ALFlogo-2.webp\",\"contentUrl\":\"https:\/\/alfequipment.com\/wp-content\/uploads\/2024\/11\/ALFlogo-2.webp\",\"width\":758,\"height\":750,\"caption\":\"ALF PACK\"},\"image\":{\"@id\":\"https:\/\/alfequipment.com\/#\/schema\/logo\/image\/\"}}]}<\/script>\n<!-- \/ Yoast SEO Premium plugin. -->","yoast_head_json":{"title":"BZJ5038B Halbautomatische Banderoliermaschine f\u00fcr Flaschenverpackungen - ALF PACK","robots":{"index":"index","follow":"follow","max-snippet":"max-snippet:-1","max-image-preview":"max-image-preview:large","max-video-preview":"max-video-preview:-1"},"canonical":"https:\/\/alfequipment.com\/de\/product\/bzj5038b-flaschenverpackung-halbautomatische-banderoliermaschine\/","og_locale":"de_DE","og_type":"article","og_title":"BZJ5038B Bottle packing Semi Automatic Sleeve Wrapper","og_description":"Bottle Packing Semi Automatic Sleeve Wrapper","og_url":"https:\/\/alfequipment.com\/de\/product\/bzj5038b-flaschenverpackung-halbautomatische-banderoliermaschine\/","og_site_name":"ALF PACK","article_modified_time":"2025-01-13T13:08:54+00:00","og_image":[{"width":800,"height":800,"url":"https:\/\/alfequipment.com\/wp-content\/uploads\/2025\/01\/BZJ5038B-Bottle-packing-Semi-Automatic-Sleeve-Wrapper.jpg","type":"image\/webp"}],"twitter_card":"summary_large_image","twitter_misc":{"Gesch\u00e4tzte Lesezeit":"1\u00a0Minute"},"schema":{"@context":"https:\/\/schema.org","@graph":[{"@type":"WebPage","@id":"https:\/\/alfequipment.com\/product\/bzj5038b-bottle-packing-semi-automatic-sleeve-wrapper\/","url":"https:\/\/alfequipment.com\/product\/bzj5038b-bottle-packing-semi-automatic-sleeve-wrapper\/","name":"BZJ5038B Halbautomatische Banderoliermaschine f\u00fcr Flaschenverpackungen - ALF PACK","isPartOf":{"@id":"https:\/\/alfequipment.com\/#website"},"primaryImageOfPage":{"@id":"https:\/\/alfequipment.com\/product\/bzj5038b-bottle-packing-semi-automatic-sleeve-wrapper\/#primaryimage"},"image":{"@id":"https:\/\/alfequipment.com\/product\/bzj5038b-bottle-packing-semi-automatic-sleeve-wrapper\/#primaryimage"},"thumbnailUrl":"https:\/\/alfequipment.com\/wp-content\/uploads\/2025\/01\/BZJ5038B-Bottle-packing-Semi-Automatic-Sleeve-Wrapper.jpg","datePublished":"2024-12-04T14:38:08+00:00","dateModified":"2025-01-13T13:08:54+00:00","breadcrumb":{"@id":"https:\/\/alfequipment.com\/product\/bzj5038b-bottle-packing-semi-automatic-sleeve-wrapper\/#breadcrumb"},"inLanguage":"de","potentialAction":[{"@type":"ReadAction","target":["https:\/\/alfequipment.com\/product\/bzj5038b-bottle-packing-semi-automatic-sleeve-wrapper\/"]}]},{"@type":"ImageObject","inLanguage":"de","@id":"https:\/\/alfequipment.com\/product\/bzj5038b-bottle-packing-semi-automatic-sleeve-wrapper\/#primaryimage","url":"https:\/\/alfequipment.com\/wp-content\/uploads\/2025\/01\/BZJ5038B-Bottle-packing-Semi-Automatic-Sleeve-Wrapper.jpg","contentUrl":"https:\/\/alfequipment.com\/wp-content\/uploads\/2025\/01\/BZJ5038B-Bottle-packing-Semi-Automatic-Sleeve-Wrapper.jpg","width":800,"height":800},{"@type":"BreadcrumbList","@id":"https:\/\/alfequipment.com\/product\/bzj5038b-bottle-packing-semi-automatic-sleeve-wrapper\/#breadcrumb","itemListElement":[{"@type":"ListItem","position":1,"name":"Home","item":"https:\/\/alfequipment.com\/"},{"@type":"ListItem","position":2,"name":"Shop","item":"https:\/\/alfequipment.com\/shop\/"},{"@type":"ListItem","position":3,"name":"BZJ5038B Bottle packing Semi Automatic Sleeve Wrapper"}]},{"@type":"WebSite","@id":"https:\/\/alfequipment.com\/#website","url":"https:\/\/alfequipment.com\/","name":"ALF PACK","description":"","publisher":{"@id":"https:\/\/alfequipment.com\/#organization"},"potentialAction":[{"@type":"SearchAction","target":{"@type":"EntryPoint","urlTemplate":"https:\/\/alfequipment.com\/?s={search_term_string}"},"query-input":{"@type":"PropertyValueSpecification","valueRequired":true,"valueName":"search_term_string"}}],"inLanguage":"de"},{"@type":"Organization","@id":"https:\/\/alfequipment.com\/#organization","name":"ALF PACK","url":"https:\/\/alfequipment.com\/","logo":{"@type":"ImageObject","inLanguage":"de","@id":"https:\/\/alfequipment.com\/#\/schema\/logo\/image\/","url":"https:\/\/alfequipment.com\/wp-content\/uploads\/2024\/11\/ALFlogo-2.webp","contentUrl":"https:\/\/alfequipment.com\/wp-content\/uploads\/2024\/11\/ALFlogo-2.webp","width":758,"height":750,"caption":"ALF PACK"},"image":{"@id":"https:\/\/alfequipment.com\/#\/schema\/logo\/image\/"}}]}},"_links":{"self":[{"href":"https:\/\/alfequipment.com\/de\/wp-json\/wp\/v2\/product\/2921","targetHints":{"allow":["GET"]}}],"collection":[{"href":"https:\/\/alfequipment.com\/de\/wp-json\/wp\/v2\/product"}],"about":[{"href":"https:\/\/alfequipment.com\/de\/wp-json\/wp\/v2\/types\/product"}],"replies":[{"embeddable":true,"href":"https:\/\/alfequipment.com\/de\/wp-json\/wp\/v2\/comments?post=2921"}],"version-history":[{"count":0,"href":"https:\/\/alfequipment.com\/de\/wp-json\/wp\/v2\/product\/2921\/revisions"}],"wp:featuredmedia":[{"embeddable":true,"href":"https:\/\/alfequipment.com\/de\/wp-json\/wp\/v2\/media\/2676"}],"wp:attachment":[{"href":"https:\/\/alfequipment.com\/de\/wp-json\/wp\/v2\/media?parent=2921"}],"wp:term":[{"taxonomy":"product_brand","embeddable":true,"href":"https:\/\/alfequipment.com\/de\/wp-json\/wp\/v2\/product_brand?post=2921"},{"taxonomy":"product_cat","embeddable":true,"href":"https:\/\/alfequipment.com\/de\/wp-json\/wp\/v2\/product_cat?post=2921"},{"taxonomy":"product_tag","embeddable":true,"href":"https:\/\/alfequipment.com\/de\/wp-json\/wp\/v2\/product_tag?post=2921"}],"curies":[{"name":"wp","href":"https:\/\/api.w.org\/{rel}","templated":true}]}}