{"id":2924,"date":"2024-12-08T12:40:47","date_gmt":"2024-12-08T12:40:47","guid":{"rendered":"https:\/\/alfequipment.com\/product\/dql5545s-automatic-l-bar-type-sealer-sealing-packaging-machine-and-dsd4520-shrink-tunnel-packager\/"},"modified":"2025-01-13T13:08:55","modified_gmt":"2025-01-13T13:08:55","slug":"dql5545s-automatische-l-bar-schweismaschine-verpackungsmaschine-und-dsd4520-schrumpftunnel-verpackungsmaschine","status":"publish","type":"product","link":"https:\/\/alfequipment.com\/de\/product\/dql5545s-automatische-l-bar-schweismaschine-verpackungsmaschine-und-dsd4520-schrumpftunnel-verpackungsmaschine\/","title":{"rendered":"DQL5545S Automatische L-Bar-Versiegelungsmaschine und DSD4520 Schrumpftunnel-Verpackungsmaschine"},"content":{"rendered":"<p><\/p>\n<div style=\"vertical-align: top; padding-top: 10px; padding-bottom: 10px; margin-right: -4px; margin-left: -4px;\">\n<div style=\"vertical-align: top; box-sizing: border-box; padding-right: 4px; padding-left: 4px; margin-top: -4px; margin-bottom: -4px;\">\n<div id=\"szl4k\" style=\"vertical-align: top; box-sizing: border-box; padding-top: 4px; padding-bottom: 4px;\">\n   <\/div>\n<div id=\"cfys7\" style=\"vertical-align: top; box-sizing: border-box; padding-top: 4px; padding-bottom: 4px;\">\n<p style=\"margin: 0; padding: 0;\">DQL5545 automatisches Siegelger\u00e4t vom Typ L charakteristisch:<\/p>\n<p>1. Das Siegelmesser nimmt Kupferlegierung mit Teflon gespr\u00fcht, es wird nicht kleben Film, Abdichtung Festigkeit, ohne Rauch, nicht-Verschmutzung. Horizontale und vertikale Siegelmesser nehmen ganze Verbindung ohne L\u00fccke an, der Film wird nicht brechen. Siegelrahmen nimmt hochwertigen legierten Stahl an, die Siegelqualit\u00e4t ist stabil, Rahmen schwer zu besch\u00e4digen.<\/p>\n<p>2. Die Maschine hat gesamte automatische System, es mit Sensoren ausgestattet kann hohe Geschwindigkeit automatische Arbeit erreichen.<\/p>\n<p>3. Es ist bequem, nach verschiedenen Gr\u00f6\u00dfen Produkte einzustellen, stellen Sie einfach den Griff Rad kann es erreichen, Betrieb ist einfach.<\/p>\n<p>4. Es kann mit der Produktion verbunden werden<\/p>\n<p>5. Es hat Schutzfunktion zu vermeiden Abdichtung Produkt falsch und die Sicherheit des Betreibers zu gew\u00e4hrleisten<\/p>\n<p>DSD4520 Schrumpftunnel Charakteristik:<\/p>\n<p>1. Es nimmt Schneider AC Sch\u00fctz, High-Power Solid State Booster und intelligente Temperaturregler zu machen<br \/> Das Temperatursystem ist genauer und verl\u00e4ngert die Lebensdauer.<\/p>\n<p>2. Es nimmt festen Rollenf\u00f6rderer, die Rollen mit hoher Temperatur Silikagel Rohr eingewickelt. Es kann schweres Produkt stehen und schwer abgerieben (Sie k\u00f6nnen Netz Typ F\u00f6rderer w\u00e4hlen)<\/p>\n<p>3. Es nimmt High-Power-Ventilator-Motor, um sicherzustellen, genug starken Wind zu erreichen perfekte Verpackung Wirkung.<\/p>\n<p>4. Innenwand nimmt Edelstahl, es hat schnelle Temperatur\u00fcbertragung, gleichm\u00e4\u00dfige Heizung, niedrigen Energieverbrauch, lange Lebensdauer Eigenschaften.<\/p>\n<p style=\"margin: 0; padding: 0;\">&nbsp;<\/p>\n<p style=\"margin: 0; padding: 0;\">5. Es ist mit Sichtfenster, und es ist bequem f\u00fcr die Beobachtung.<\/p>\n<p>Anwendung:<br \/>Diese Maschine ist weit verbreitet in der Lebensmittel-, Getr\u00e4nke-, Druck-, Pharma-, Boden-, Hardware- und anderen Industrien schrumpfen Verpackung verwendet. Sie ist f\u00fcr POF-Verpackungsmaterial geeignet.<\/p>\n<\/p><\/div>\n<\/p><\/div>\n<\/p><\/div>\n<div style=\"vertical-align: top; padding-top: 10px; padding-bottom: 10px; margin-right: -4px; margin-left: -4px;\">\n<div id=\"jznfi\" style=\"vertical-align: top; box-sizing: border-box; padding-right: 4px; padding-left: 4px;\">\n<table class=\"aliDataTable\" style=\"width: auto; border-collapse: collapse; word-wrap: break-word;\">\n<tbody>\n<tr>\n<td style=\"background-color: #dae2ed;\">\n<div style=\"width: 164px; height: auto; padding: 5px 10px; overflow: hidden;\">\n        Modell\n       <\/div>\n<\/td>\n<td style=\"background-color: #dae2ed;\">\n<div style=\"width: 269px; height: auto; padding: 5px 10px; overflow: hidden;\">\n        DQL5545S\n       <\/div>\n<\/td>\n<td style=\"background-color: #dae2ed;\">\n<div style=\"width: 246px; height: auto; padding: 5px 10px; overflow: hidden;\">\n        DSD4520\n       <\/div>\n<\/td>\n<\/tr>\n<tr>\n<td>\n<div style=\"width: 164px; height: auto; padding: 5px 10px; overflow: hidden;\">\n        Strom\n       <\/div>\n<\/td>\n<td>\n<div style=\"width: 269px; height: auto; padding: 5px 10px; overflow: hidden;\">\n        2.1KW\n       <\/div>\n<\/td>\n<td>\n<div style=\"width: 246px; height: auto; padding: 5px 10px; overflow: hidden;\">\n        12,8 kW\n       <\/div>\n<\/td>\n<\/tr>\n<tr>\n<td>\n<div style=\"width: 164px; height: auto; padding: 5px 10px; overflow: hidden;\">\n        Spannung\n       <\/div>\n<\/td>\n<td>\n<div style=\"width: 269px; height: auto; padding: 5px 10px; overflow: hidden;\">\n        220V 50\/60HZ\n       <\/div>\n<\/td>\n<td>\n<div style=\"width: 246px; height: auto; padding: 5px 10px; overflow: hidden;\">\n        380V 50HZ\/60HZ\n       <\/div>\n<\/td>\n<\/tr>\n<tr>\n<td>\n<div style=\"width: 164px; height: auto; padding: 5px 10px; overflow: hidden;\">\n        Versiegelungszeit\n       <\/div>\n<\/td>\n<td>\n<div style=\"width: 269px; height: auto; padding: 5px 10px; overflow: hidden;\">\n        0.2-1.0s\n       <\/div>\n<\/td>\n<td>&nbsp;<\/td>\n<\/tr>\n<tr>\n<td>\n<div style=\"width: 164px; height: auto; padding: 5px 10px; overflow: hidden;\">\n        Dicke der Folie\n       <\/div>\n<\/td>\n<td>\n<div style=\"width: 269px; height: auto; padding: 5px 10px; overflow: hidden;\">\n        0,012-0,06 mm\n       <\/div>\n<\/td>\n<td>&nbsp;<\/td>\n<\/tr>\n<tr>\n<td>\n<div style=\"width: 164px; height: auto; padding: 5px 10px; overflow: hidden;\">\n        Kompressor der Arbeit\n       <\/div>\n<\/td>\n<td>\n<div style=\"width: 269px; height: auto; padding: 5px 10px; overflow: hidden;\">\n        5-6mpa\n       <\/div>\n<\/td>\n<td>\n<div style=\"width: 246px; height: auto; padding: 5px 10px; overflow: hidden;\">\n        \/\n       <\/div>\n<\/td>\n<\/tr>\n<tr>\n<td>\n<div style=\"width: 164px; height: auto; padding: 5px 10px; overflow: hidden;\">\n        Maximales Packma\u00df\n       <\/div>\n<\/td>\n<td>\n<div style=\"width: 269px; height: auto; padding: 5px 10px; overflow: hidden;\">\n        L+2H\u2264550mm;B+2H\u2264450mm;H \u2264140mm\n       <\/div>\n<\/td>\n<td>\n<div style=\"width: 246px; height: auto; padding: 5px 10px; overflow: hidden;\">\n        B450\u00d7H200\n       <\/div>\n<\/td>\n<\/tr>\n<tr>\n<td>\n<div style=\"width: 164px; height: auto; padding: 5px 10px; overflow: hidden;\">\n        Maximale Dichtungsgr\u00f6\u00dfe\n       <\/div>\n<\/td>\n<td>\n<div style=\"width: 269px; height: auto; padding: 5px 10px; overflow: hidden;\">\n        L550\u00d7B450\n       <\/div>\n<\/td>\n<td>\n<div style=\"width: 246px; height: auto; padding: 5px 10px; overflow: hidden;\">\n        Ladegewicht: 10kg\n       <\/div>\n<\/td>\n<\/tr>\n<tr>\n<td>\n<div style=\"width: 164px; height: auto; padding: 5px 10px; overflow: hidden;\">\n        Kapazit\u00e4t\n       <\/div>\n<\/td>\n<td>\n<div style=\"width: 269px; height: auto; padding: 5px 10px; overflow: hidden;\">\n        0-25 St\u00fcck\/min\n       <\/div>\n<\/td>\n<td>\n<div style=\"width: 246px; height: auto; padding: 5px 10px; overflow: hidden;\">\n        0-10 m\/min\n       <\/div>\n<\/td>\n<\/tr>\n<tr>\n<td>\n<div style=\"width: 164px; height: 23px; padding: 5px 10px; overflow: hidden;\">\n        Temperatur der Versiegelung\n       <\/div>\n<\/td>\n<td colspan=\"2\">\n<div style=\"width: 537px; height: auto; padding: 5px 10px; overflow: hidden;\">\n        180\u00e2-250\u00e2 abh\u00e4ngig von der Dicke der Folie und der Umgebungstemperatur\n       <\/div>\n<\/td>\n<\/tr>\n<tr>\n<td>\n<div style=\"width: 164px; height: 21px; padding: 5px 10px; overflow: hidden;\">\n        Verpackungsmaterial\n       <\/div>\n<\/td>\n<td colspan=\"2\">\n<div style=\"width: 537px; height: 20px; padding: 5px 10px; overflow: hidden;\">\n        POF PVC\n       <\/div>\n<\/td>\n<\/tr>\n<tr>\n<td>\n<div style=\"width: 164px; height: auto; padding: 5px 10px; overflow: hidden;\">\n        Gewicht der Maschine (kg)\n       <\/div>\n<\/td>\n<td>\n<div style=\"width: 269px; height: auto; padding: 5px 10px; overflow: hidden;\">\n        320\n       <\/div>\n<\/td>\n<td>\n<div style=\"width: 246px; height: auto; padding: 5px 10px; overflow: hidden;\">\n        180\n       <\/div>\n<\/td>\n<\/tr>\n<tr>\n<td>\n<div style=\"width: 164px; height: auto; padding: 5px 10px; overflow: hidden;\">\n        Gr\u00f6\u00dfe der Maschine (mm)\n       <\/div>\n<\/td>\n<td>\n<div style=\"width: 269px; height: auto; padding: 5px 10px; overflow: hidden;\">\n        1760*940*1580\n       <\/div>\n<\/td>\n<td>\n<div style=\"width: 246px; height: auto; padding: 5px 10px; overflow: hidden;\">\n        L1600\u00d7W720\u00d7H1445\n       <\/div>\n<\/td>\n<\/tr>\n<\/tbody>\n<\/table><\/div>\n<\/p><\/div>\n<div style=\"vertical-align: top; padding-top: 10px; padding-bottom: 10px; margin-right: -4px; margin-left: -4px;\">\n<div id=\"y7hy5\" style=\"vertical-align: top; box-sizing: border-box; padding-right: 4px; padding-left: 4px;\">\n<div style=\"overflow: hidden; width: 750px; height: 750px;\">\n    <img decoding=\"async\" src=\"https:\/\/sc02.alicdn.com\/kf\/HTB1CjgeaE_rK1Rjy0Fcq6zEvVXa2\/64496\/HTB1CjgeaE_rK1Rjy0Fcq6zEvVXa2.jpg\" style=\"width: 750px; height: 750px; margin-left: 0px; margin-top: 0px;\" class=\"aligncenter\">\n   <\/div>\n<\/p><\/div>\n<\/p><\/div>\n<div style=\"vertical-align: top; padding-top: 10px; padding-bottom: 10px; margin-right: -4px; margin-left: -4px;\">\n<div id=\"q4lea\" style=\"vertical-align: top; width: 50%; display: inline-block; box-sizing: border-box; padding-right: 4px; padding-left: 4px;\">\n<div style=\"overflow: hidden; width: 371px; height: 320px;\">\n    <img decoding=\"async\" src=\"https:\/\/sc02.alicdn.com\/kf\/HTB1d2QnatzvK1RkSnfoq6zMwVXaY\/64496\/HTB1d2QnatzvK1RkSnfoq6zMwVXaY.jpg\" style=\"width: 371px; height: 371px; margin-left: 0px; margin-top: -28px;\" class=\"aligncenter\">\n   <\/div>\n<\/p><\/div>\n<div id=\"isqsb\" style=\"vertical-align: top; width: 50%; display: inline-block; box-sizing: border-box; padding-right: 4px; padding-left: 4px;\">\n<div style=\"overflow: hidden; width: 371px; height: 320px;\">\n    <img decoding=\"async\" src=\"https:\/\/sc01.alicdn.com\/kf\/HTB170ZnatfvK1RjSspfq6zzXFXaQ\/64496\/HTB170ZnatfvK1RjSspfq6zzXFXaQ.jpg\" style=\"width: 371px; height: 371px; margin-left: 0px; margin-top: -35px;\" class=\"aligncenter\">\n   <\/div>\n<\/p><\/div>\n<\/p><\/div>\n<div style=\"vertical-align: top; padding-top: 10px; padding-bottom: 10px; margin-right: -4px; margin-left: -4px;\">\n<div style=\"vertical-align: top; box-sizing: border-box; padding-right: 4px; padding-left: 4px; margin-top: -4px; margin-bottom: -4px;\">\n<div id=\"szw6w\" style=\"vertical-align: top; box-sizing: border-box; padding-top: 4px; padding-bottom: 4px;\">\n<div style=\"overflow: hidden; width: 750px; height: 320px;\">\n     <img decoding=\"async\" src=\"https:\/\/sc02.alicdn.com\/kf\/HTB1v_MXayjrK1RjSsplq6xHmVXaE\/64496\/HTB1v_MXayjrK1RjSsplq6xHmVXaE.jpg\" style=\"width: 750px; height: 750px; margin-left: 0px; margin-top: -238px;\" class=\"aligncenter\">\n    <\/div>\n<\/p><\/div>\n<div style=\"vertical-align: top; box-sizing: border-box; padding-top: 4px; padding-bottom: 4px; margin-right: -4px; margin-left: -4px;\">\n<div id=\"iqrag\" style=\"vertical-align: top; width: 50%; display: inline-block; box-sizing: border-box; padding-right: 4px; padding-left: 4px;\">\n<div style=\"overflow: hidden; width: 371px; height: 200px;\">\n      <img decoding=\"async\" src=\"https:\/\/sc01.alicdn.com\/kf\/HTB1VYZbasfrK1Rjy1Xdq6yemFXaQ\/64496\/HTB1VYZbasfrK1Rjy1Xdq6yemFXaQ.jpg\" style=\"width: 371px; height: 371px; margin-left: 0px; margin-top: -103px;\" class=\"aligncenter\">\n     <\/div>\n<\/p><\/div>\n<div id=\"fdnu5\" style=\"vertical-align: top; width: 50%; display: inline-block; box-sizing: border-box; padding-right: 4px; padding-left: 4px;\">\n<div style=\"overflow: hidden; width: 371px; height: 200px;\">\n      <img decoding=\"async\" src=\"https:\/\/sc01.alicdn.com\/kf\/HTB1wCcXatjvK1RjSspiq6AEqXXaF\/64496\/HTB1wCcXatjvK1RjSspiq6AEqXXaF.jpg\" style=\"width: 371px; height: 371px; margin-left: 0px; margin-top: -101px;\" class=\"aligncenter\">\n     <\/div>\n<\/p><\/div>\n<\/p><\/div>\n<\/p><\/div>\n<\/p><\/div>\n<div style=\"vertical-align: top; padding-top: 15px; padding-bottom: 15px;\">&nbsp; &nbsp;&nbsp;<\/div>\n<div style=\"vertical-align: top; padding-top: 10px; padding-bottom: 10px; margin-right: -4px; margin-left: -4px;\">\n<div id=\"sw3bs\" style=\"vertical-align: top; width: 50%; display: inline-block; box-sizing: border-box; padding-right: 4px; padding-left: 4px;\">\n  <\/div>\n<\/p><\/div>","protected":false},"excerpt":{"rendered":"<p>Automatischer L-Versiegelungs-Schrumpftunnel<\/p>","protected":false},"featured_media":2682,"comment_status":"closed","ping_status":"open","template":"","meta":[],"product_brand":[],"product_cat":[97],"product_tag":[],"class_list":{"0":"post-2924","1":"product","2":"type-product","3":"status-publish","4":"has-post-thumbnail","6":"product_cat-sealing-machines","8":"first","9":"instock","10":"sale","11":"purchasable","12":"product-type-simple"},"yoast_head":"<!-- This site is optimized with the Yoast SEO Premium plugin v20.9 (Yoast SEO v26.5) - https:\/\/yoast.com\/wordpress\/plugins\/seo\/ -->\n<title>DQL5545S Automatic L bar type Sealer sealing packaging machine and DSD4520 Shrink Tunnel Packager - ALF PACK<\/title>\n<meta name=\"robots\" content=\"index, follow, max-snippet:-1, max-image-preview:large, max-video-preview:-1\" \/>\n<link rel=\"canonical\" href=\"https:\/\/alfequipment.com\/de\/product\/dql5545s-automatische-l-bar-schweismaschine-verpackungsmaschine-und-dsd4520-schrumpftunnel-verpackungsmaschine\/\" \/>\n<meta property=\"og:locale\" content=\"de_DE\" \/>\n<meta property=\"og:type\" content=\"article\" \/>\n<meta property=\"og:title\" content=\"DQL5545S Automatic L bar type Sealer sealing packaging machine and DSD4520 Shrink Tunnel Packager\" \/>\n<meta property=\"og:description\" content=\"Automatic L Sealer Shrink Tunnel\" \/>\n<meta property=\"og:url\" content=\"https:\/\/alfequipment.com\/de\/product\/dql5545s-automatische-l-bar-schweismaschine-verpackungsmaschine-und-dsd4520-schrumpftunnel-verpackungsmaschine\/\" \/>\n<meta property=\"og:site_name\" content=\"ALF PACK\" \/>\n<meta property=\"article:modified_time\" content=\"2025-01-13T13:08:55+00:00\" \/>\n<meta property=\"og:image\" content=\"https:\/\/alfequipment.com\/wp-content\/uploads\/2025\/01\/DQL5545S-Automatic-L-bar-type-Sealer-sealing.jpg\" \/>\n\t<meta property=\"og:image:width\" content=\"800\" \/>\n\t<meta property=\"og:image:height\" content=\"800\" \/>\n\t<meta property=\"og:image:type\" content=\"image\/webp\" \/>\n<meta name=\"twitter:card\" content=\"summary_large_image\" \/>\n<meta name=\"twitter:label1\" content=\"Gesch\u00e4tzte Lesezeit\" \/>\n\t<meta name=\"twitter:data1\" content=\"2\u00a0Minuten\" \/>\n<script type=\"application\/ld+json\" class=\"yoast-schema-graph\">{\"@context\":\"https:\/\/schema.org\",\"@graph\":[{\"@type\":\"WebPage\",\"@id\":\"https:\/\/alfequipment.com\/product\/dql5545s-automatic-l-bar-type-sealer-sealing-packaging-machine-and-dsd4520-shrink-tunnel-packager\/\",\"url\":\"https:\/\/alfequipment.com\/product\/dql5545s-automatic-l-bar-type-sealer-sealing-packaging-machine-and-dsd4520-shrink-tunnel-packager\/\",\"name\":\"DQL5545S Automatic L bar type Sealer sealing packaging machine and DSD4520 Shrink Tunnel Packager - ALF PACK\",\"isPartOf\":{\"@id\":\"https:\/\/alfequipment.com\/#website\"},\"primaryImageOfPage\":{\"@id\":\"https:\/\/alfequipment.com\/product\/dql5545s-automatic-l-bar-type-sealer-sealing-packaging-machine-and-dsd4520-shrink-tunnel-packager\/#primaryimage\"},\"image\":{\"@id\":\"https:\/\/alfequipment.com\/product\/dql5545s-automatic-l-bar-type-sealer-sealing-packaging-machine-and-dsd4520-shrink-tunnel-packager\/#primaryimage\"},\"thumbnailUrl\":\"https:\/\/alfequipment.com\/wp-content\/uploads\/2025\/01\/DQL5545S-Automatic-L-bar-type-Sealer-sealing.jpg\",\"datePublished\":\"2024-12-08T12:40:47+00:00\",\"dateModified\":\"2025-01-13T13:08:55+00:00\",\"breadcrumb\":{\"@id\":\"https:\/\/alfequipment.com\/product\/dql5545s-automatic-l-bar-type-sealer-sealing-packaging-machine-and-dsd4520-shrink-tunnel-packager\/#breadcrumb\"},\"inLanguage\":\"de\",\"potentialAction\":[{\"@type\":\"ReadAction\",\"target\":[\"https:\/\/alfequipment.com\/product\/dql5545s-automatic-l-bar-type-sealer-sealing-packaging-machine-and-dsd4520-shrink-tunnel-packager\/\"]}]},{\"@type\":\"ImageObject\",\"inLanguage\":\"de\",\"@id\":\"https:\/\/alfequipment.com\/product\/dql5545s-automatic-l-bar-type-sealer-sealing-packaging-machine-and-dsd4520-shrink-tunnel-packager\/#primaryimage\",\"url\":\"https:\/\/alfequipment.com\/wp-content\/uploads\/2025\/01\/DQL5545S-Automatic-L-bar-type-Sealer-sealing.jpg\",\"contentUrl\":\"https:\/\/alfequipment.com\/wp-content\/uploads\/2025\/01\/DQL5545S-Automatic-L-bar-type-Sealer-sealing.jpg\",\"width\":800,\"height\":800},{\"@type\":\"BreadcrumbList\",\"@id\":\"https:\/\/alfequipment.com\/product\/dql5545s-automatic-l-bar-type-sealer-sealing-packaging-machine-and-dsd4520-shrink-tunnel-packager\/#breadcrumb\",\"itemListElement\":[{\"@type\":\"ListItem\",\"position\":1,\"name\":\"Home\",\"item\":\"https:\/\/alfequipment.com\/\"},{\"@type\":\"ListItem\",\"position\":2,\"name\":\"Shop\",\"item\":\"https:\/\/alfequipment.com\/shop\/\"},{\"@type\":\"ListItem\",\"position\":3,\"name\":\"DQL5545S Automatic L bar type Sealer sealing packaging machine and DSD4520 Shrink Tunnel Packager\"}]},{\"@type\":\"WebSite\",\"@id\":\"https:\/\/alfequipment.com\/#website\",\"url\":\"https:\/\/alfequipment.com\/\",\"name\":\"ALF PACK\",\"description\":\"\",\"publisher\":{\"@id\":\"https:\/\/alfequipment.com\/#organization\"},\"potentialAction\":[{\"@type\":\"SearchAction\",\"target\":{\"@type\":\"EntryPoint\",\"urlTemplate\":\"https:\/\/alfequipment.com\/?s={search_term_string}\"},\"query-input\":{\"@type\":\"PropertyValueSpecification\",\"valueRequired\":true,\"valueName\":\"search_term_string\"}}],\"inLanguage\":\"de\"},{\"@type\":\"Organization\",\"@id\":\"https:\/\/alfequipment.com\/#organization\",\"name\":\"ALF PACK\",\"url\":\"https:\/\/alfequipment.com\/\",\"logo\":{\"@type\":\"ImageObject\",\"inLanguage\":\"de\",\"@id\":\"https:\/\/alfequipment.com\/#\/schema\/logo\/image\/\",\"url\":\"https:\/\/alfequipment.com\/wp-content\/uploads\/2024\/11\/ALFlogo-2.webp\",\"contentUrl\":\"https:\/\/alfequipment.com\/wp-content\/uploads\/2024\/11\/ALFlogo-2.webp\",\"width\":758,\"height\":750,\"caption\":\"ALF PACK\"},\"image\":{\"@id\":\"https:\/\/alfequipment.com\/#\/schema\/logo\/image\/\"}}]}<\/script>\n<!-- \/ Yoast SEO Premium plugin. -->","yoast_head_json":{"title":"DQL5545S Automatische L-Bar-Versiegelungsmaschine und DSD4520 Schrumpftunnel-Verpackungsmaschine - ALF PACK","robots":{"index":"index","follow":"follow","max-snippet":"max-snippet:-1","max-image-preview":"max-image-preview:large","max-video-preview":"max-video-preview:-1"},"canonical":"https:\/\/alfequipment.com\/de\/product\/dql5545s-automatische-l-bar-schweismaschine-verpackungsmaschine-und-dsd4520-schrumpftunnel-verpackungsmaschine\/","og_locale":"de_DE","og_type":"article","og_title":"DQL5545S Automatic L bar type Sealer sealing packaging machine and DSD4520 Shrink Tunnel Packager","og_description":"Automatic L Sealer Shrink Tunnel","og_url":"https:\/\/alfequipment.com\/de\/product\/dql5545s-automatische-l-bar-schweismaschine-verpackungsmaschine-und-dsd4520-schrumpftunnel-verpackungsmaschine\/","og_site_name":"ALF PACK","article_modified_time":"2025-01-13T13:08:55+00:00","og_image":[{"width":800,"height":800,"url":"https:\/\/alfequipment.com\/wp-content\/uploads\/2025\/01\/DQL5545S-Automatic-L-bar-type-Sealer-sealing.jpg","type":"image\/webp"}],"twitter_card":"summary_large_image","twitter_misc":{"Gesch\u00e4tzte Lesezeit":"2\u00a0Minuten"},"schema":{"@context":"https:\/\/schema.org","@graph":[{"@type":"WebPage","@id":"https:\/\/alfequipment.com\/product\/dql5545s-automatic-l-bar-type-sealer-sealing-packaging-machine-and-dsd4520-shrink-tunnel-packager\/","url":"https:\/\/alfequipment.com\/product\/dql5545s-automatic-l-bar-type-sealer-sealing-packaging-machine-and-dsd4520-shrink-tunnel-packager\/","name":"DQL5545S Automatische L-Bar-Versiegelungsmaschine und DSD4520 Schrumpftunnel-Verpackungsmaschine - ALF PACK","isPartOf":{"@id":"https:\/\/alfequipment.com\/#website"},"primaryImageOfPage":{"@id":"https:\/\/alfequipment.com\/product\/dql5545s-automatic-l-bar-type-sealer-sealing-packaging-machine-and-dsd4520-shrink-tunnel-packager\/#primaryimage"},"image":{"@id":"https:\/\/alfequipment.com\/product\/dql5545s-automatic-l-bar-type-sealer-sealing-packaging-machine-and-dsd4520-shrink-tunnel-packager\/#primaryimage"},"thumbnailUrl":"https:\/\/alfequipment.com\/wp-content\/uploads\/2025\/01\/DQL5545S-Automatic-L-bar-type-Sealer-sealing.jpg","datePublished":"2024-12-08T12:40:47+00:00","dateModified":"2025-01-13T13:08:55+00:00","breadcrumb":{"@id":"https:\/\/alfequipment.com\/product\/dql5545s-automatic-l-bar-type-sealer-sealing-packaging-machine-and-dsd4520-shrink-tunnel-packager\/#breadcrumb"},"inLanguage":"de","potentialAction":[{"@type":"ReadAction","target":["https:\/\/alfequipment.com\/product\/dql5545s-automatic-l-bar-type-sealer-sealing-packaging-machine-and-dsd4520-shrink-tunnel-packager\/"]}]},{"@type":"ImageObject","inLanguage":"de","@id":"https:\/\/alfequipment.com\/product\/dql5545s-automatic-l-bar-type-sealer-sealing-packaging-machine-and-dsd4520-shrink-tunnel-packager\/#primaryimage","url":"https:\/\/alfequipment.com\/wp-content\/uploads\/2025\/01\/DQL5545S-Automatic-L-bar-type-Sealer-sealing.jpg","contentUrl":"https:\/\/alfequipment.com\/wp-content\/uploads\/2025\/01\/DQL5545S-Automatic-L-bar-type-Sealer-sealing.jpg","width":800,"height":800},{"@type":"BreadcrumbList","@id":"https:\/\/alfequipment.com\/product\/dql5545s-automatic-l-bar-type-sealer-sealing-packaging-machine-and-dsd4520-shrink-tunnel-packager\/#breadcrumb","itemListElement":[{"@type":"ListItem","position":1,"name":"Home","item":"https:\/\/alfequipment.com\/"},{"@type":"ListItem","position":2,"name":"Shop","item":"https:\/\/alfequipment.com\/shop\/"},{"@type":"ListItem","position":3,"name":"DQL5545S Automatic L bar type Sealer sealing packaging machine and DSD4520 Shrink Tunnel Packager"}]},{"@type":"WebSite","@id":"https:\/\/alfequipment.com\/#website","url":"https:\/\/alfequipment.com\/","name":"ALF PACK","description":"","publisher":{"@id":"https:\/\/alfequipment.com\/#organization"},"potentialAction":[{"@type":"SearchAction","target":{"@type":"EntryPoint","urlTemplate":"https:\/\/alfequipment.com\/?s={search_term_string}"},"query-input":{"@type":"PropertyValueSpecification","valueRequired":true,"valueName":"search_term_string"}}],"inLanguage":"de"},{"@type":"Organization","@id":"https:\/\/alfequipment.com\/#organization","name":"ALF PACK","url":"https:\/\/alfequipment.com\/","logo":{"@type":"ImageObject","inLanguage":"de","@id":"https:\/\/alfequipment.com\/#\/schema\/logo\/image\/","url":"https:\/\/alfequipment.com\/wp-content\/uploads\/2024\/11\/ALFlogo-2.webp","contentUrl":"https:\/\/alfequipment.com\/wp-content\/uploads\/2024\/11\/ALFlogo-2.webp","width":758,"height":750,"caption":"ALF PACK"},"image":{"@id":"https:\/\/alfequipment.com\/#\/schema\/logo\/image\/"}}]}},"_links":{"self":[{"href":"https:\/\/alfequipment.com\/de\/wp-json\/wp\/v2\/product\/2924","targetHints":{"allow":["GET"]}}],"collection":[{"href":"https:\/\/alfequipment.com\/de\/wp-json\/wp\/v2\/product"}],"about":[{"href":"https:\/\/alfequipment.com\/de\/wp-json\/wp\/v2\/types\/product"}],"replies":[{"embeddable":true,"href":"https:\/\/alfequipment.com\/de\/wp-json\/wp\/v2\/comments?post=2924"}],"version-history":[{"count":0,"href":"https:\/\/alfequipment.com\/de\/wp-json\/wp\/v2\/product\/2924\/revisions"}],"wp:featuredmedia":[{"embeddable":true,"href":"https:\/\/alfequipment.com\/de\/wp-json\/wp\/v2\/media\/2682"}],"wp:attachment":[{"href":"https:\/\/alfequipment.com\/de\/wp-json\/wp\/v2\/media?parent=2924"}],"wp:term":[{"taxonomy":"product_brand","embeddable":true,"href":"https:\/\/alfequipment.com\/de\/wp-json\/wp\/v2\/product_brand?post=2924"},{"taxonomy":"product_cat","embeddable":true,"href":"https:\/\/alfequipment.com\/de\/wp-json\/wp\/v2\/product_cat?post=2924"},{"taxonomy":"product_tag","embeddable":true,"href":"https:\/\/alfequipment.com\/de\/wp-json\/wp\/v2\/product_tag?post=2924"}],"curies":[{"name":"wp","href":"https:\/\/api.w.org\/{rel}","templated":true}]}}