{"id":2927,"date":"2024-12-03T11:45:27","date_gmt":"2024-12-03T11:45:27","guid":{"rendered":"https:\/\/alfequipment.com\/product\/bzj5038b-bottle-packing-semi-automatic-sleeve-wrapper-and-bse5040a-pe-film-shrink-packaging-machine\/"},"modified":"2025-01-13T13:08:57","modified_gmt":"2025-01-13T13:08:57","slug":"bzj5038b-halbautomatische-flaschenverpackungsmaschine-und-bse5040a-schrumpffolienverpackungsmaschine","status":"publish","type":"product","link":"https:\/\/alfequipment.com\/de\/product\/bzj5038b-halbautomatische-flaschenverpackungsmaschine-und-bse5040a-schrumpffolienverpackungsmaschine\/","title":{"rendered":"BZJ5038B Halbautomatische Flaschenverpackungsmaschine und BSE5040A PE-Folien-Schrumpfverpackungsmaschine"},"content":{"rendered":"<div>\n<div style=\"vertical-align: top;padding-top: 15px; padding-bottom: 15px;\">\n<div id=\"fhu0y\" style=\"vertical-align: top;padding-top: 10px; padding-bottom: 10px\">\n<div id=\"ali-anchor-AliMaya-2kxb8\" style=\"padding:8px 0 4px 8px;border-bottom:2px solid #C5CCDE;border-radius:3px 3px 0 0;line-height:1;color:#4D6599;background-color:#C5CCDE;font-size:22px;\" data-section=\"AliMaya-2kxb8\" data-section-title=\"Product Description\"><\/div>\n<\/div>\n<div style=\"vertical-align: top;padding-top: 10px; padding-bottom: 10px; margin-right: -4px; margin-left: -4px;\">\n<div style=\"vertical-align: top; box-sizing: border-box; padding-right: 4px; padding-left: 4px;margin-top: -4px; margin-bottom: -4px;\">\n<div id=\"irxlz\" style=\"vertical-align: top; box-sizing: border-box; padding-top: 4px; padding-bottom: 4px\">\n<p style=\"margin:0;padding:0;\">Die Banderoliermaschine der Serie BZJ5038 eignet sich f\u00fcr die Verpackung von Pop-Dosen, Flaschen usw. mit oder ohne Bodenschale, die mit dem BSE-5038 oder anderen PE-Schrumpftunneln arbeiten.<br \/>Die Maschine nimmt die Deutschland fortgeschrittene Technologie und internationale ber\u00fchmte Marken, die F\u00e4higkeit stabil und mit langen Zeit macht. Vergr\u00f6\u00dfern Sie Verpackung Bereich oder ma\u00dfgeschneiderte Maschine nach Anforderung des Kunden.<\/p>\n<p style=\"margin:0;padding:0;\">Charakteristisch: <br \/>1. Oberer und unterer elektromagnetischer Schalter verhindern Versiegelungsfehler und sch\u00fctzen den Bediener.<\/p>\n<p>2. Jede einfach und leicht zu justieren Maschine zu verschiedenen Verpackungsgr\u00f6\u00dfe entsprechen.<\/p>\n<p>3. Einfache Bedienung und Wartung mit hoher Verpackungseffizienz.<\/p>\n<p>4. 'Schneider' AC Vertragspartner, und intelligente Temperaturregler f\u00fchrt stabil.<\/p>\n<p>5. Automatisches Alarm-Sicherheitssystem sch\u00fctzt Maschine und Bediener.<\/p>\n<p>6. Gro\u00dfer Leistungsf\u00f6rdermotor mit stufenloser Geschwindigkeitsregulierung sorgt f\u00fcr eine reibungslose F\u00fctterung.<\/p>\n<p>7. Zwei gro\u00dfe Power-Ventilatoren machen die Temperatur des Schrumpftunnels jede gleichm\u00e4\u00dfig und stabil, dies gew\u00e4hrleistet die hervorragende Wirkung der Schrumpfung in einer Zeit.<\/p>\n<p>8. Super-K\u00fchlsystem k\u00fchlt die Verpackung und macht die Figuration perfekt.<\/p>\n<\/p><\/div>\n<\/p><\/div>\n<\/p><\/div>\n<div style=\"vertical-align: top;padding-top: 10px; padding-bottom: 10px; margin-right: -4px; margin-left: -4px;\">\n<div id=\"7ljo1\" style=\"vertical-align: top; box-sizing: border-box; padding-right: 4px; padding-left: 4px\">\n<table style=\"width: auto; border-collapse: collapse; word-wrap: break-word;\" class=\"aliDataTable\">\n<tbody>\n<tr>\n<td style=\"background-color: rgb(218, 226, 237);\">\n<div style=\"width: 164px; height: 22px; padding: 5px 10px; overflow: hidden;\">\n          Modell\n         <\/div>\n<\/td>\n<td style=\"background-color: rgb(218, 226, 237);\">\n<div style=\"width: 164px; height: 22px; padding: 5px 10px; overflow: hidden;\">\n          BZJ-5038B(Pneumatisch)\n         <\/div>\n<\/td>\n<td style=\"background-color: rgb(218, 226, 237);\">\n<div style=\"width: 164px; height: 22px; padding: 5px 10px; overflow: hidden;\">\n          Modell\n         <\/div>\n<\/td>\n<td style=\"background-color: rgb(218, 226, 237);\">\n<div style=\"width: 165px; height: 22px; padding: 5px 10px; overflow: hidden;\">\n          BSE5040A\n         <\/div>\n<\/td>\n<\/tr>\n<tr>\n<td>\n<div style=\"width: 164px; height: 22px; padding: 5px 10px; overflow: hidden;\">\n          Stromversorgung\n         <\/div>\n<\/td>\n<td>\n<div style=\"width: 164px; height: 22px; padding: 5px 10px; overflow: hidden;\">\n          220-240V, 50-60Hz;1.8KW\n         <\/div>\n<\/td>\n<td>\n<div style=\"width: 164px; height: 22px; padding: 5px 10px; overflow: hidden;\">\n          Stromversorgung\n         <\/div>\n<\/td>\n<td>\n<div style=\"width: 165px; height: 22px; padding: 5px 10px; overflow: hidden;\">\n          3 Phasen 220V\/380V 50-60HZ\n         <\/div>\n<\/td>\n<\/tr>\n<tr>\n<td>\n<div style=\"width: 164px; height: 22px; padding: 5px 10px; overflow: hidden;\">\n          Kapazit\u00e4t\n         <\/div>\n<\/td>\n<td>\n<div style=\"width: 164px; height: 22px; padding: 5px 10px; overflow: hidden;\">\n          2-6 St\u00fcck\/Minute\n         <\/div>\n<\/td>\n<td>\n<div style=\"width: 164px; height: 22px; padding: 5px 10px; overflow: hidden;\">\n          Leistung des Heizger\u00e4ts\n         <\/div>\n<\/td>\n<td>\n<div style=\"width: 165px; height: 22px; padding: 5px 10px; overflow: hidden;\">\n          20KW Einsteller\n         <\/div>\n<\/td>\n<\/tr>\n<tr>\n<td>\n<div style=\"width: 164px; height: 22px; padding: 5px 10px; overflow: hidden;\">\n          Siegelzeit\/Schrumpfzeit\n         <\/div>\n<\/td>\n<td>\n<div style=\"width: 164px; height: 22px; padding: 5px 10px; overflow: hidden;\">\n          0,5-1,5s, 0-0,6s\n         <\/div>\n<\/td>\n<td>\n<div style=\"width: 164px; height: 22px; padding: 5px 10px; overflow: hidden;\">\n          Geschwindigkeit des F\u00f6rderbandes\n         <\/div>\n<\/td>\n<td>\n<div style=\"width: 165px; height: 22px; padding: 5px 10px; overflow: hidden;\">\n          0-10m\/Minute\n         <\/div>\n<\/td>\n<\/tr>\n<tr>\n<td>\n<div style=\"width: 164px; height: auto; padding: 5px 10px; overflow: hidden;\">\n          Versorgung der Luftquelle\n         <\/div>\n<\/td>\n<td>\n<div style=\"width: 164px; height: auto; padding: 5px 10px; overflow: hidden;\">\n          170L\/min 0,3-0,5Mpa\n         <\/div>\n<\/td>\n<td>\n<div style=\"width: 164px; height: 22px; padding: 5px 10px; overflow: hidden;\">\n          Tunnelgr\u00f6\u00dfe (L*B*H)\n         <\/div>\n<\/td>\n<td>\n<div style=\"width: 165px; height: 22px; padding: 5px 10px; overflow: hidden;\">\n          1500*500*460MM\n         <\/div>\n<\/td>\n<\/tr>\n<tr>\n<td>\n<div style=\"width: 164px; height: 22px; padding: 5px 10px; overflow: hidden;\">\n          Breite der Folie\n         <\/div>\n<\/td>\n<td>\n<div style=\"width: 164px; height: 22px; padding: 5px 10px; overflow: hidden;\">\n          Max. 550 mm\n         <\/div>\n<\/td>\n<td>\n<div style=\"width: 164px; height: 22px; padding: 5px 10px; overflow: hidden;\">\n          Beladung des F\u00f6rderbandes\n         <\/div>\n<\/td>\n<td>\n<div style=\"width: 165px; height: 22px; padding: 5px 10px; overflow: hidden;\">\n          30KGS MAX.\n         <\/div>\n<\/td>\n<\/tr>\n<tr>\n<td>\n<div style=\"width: 164px; height: 22px; padding: 5px 10px; overflow: hidden;\">\n          Dicke der Folie\n         <\/div>\n<\/td>\n<td>\n<div style=\"width: 164px; height: 22px; padding: 5px 10px; overflow: hidden;\">\n          0,04-0,12 mm\n         <\/div>\n<\/td>\n<td>\n<div style=\"width: 164px; height: 22px; padding: 5px 10px; overflow: hidden;\">\n          Schrumpffolie\n         <\/div>\n<\/td>\n<td>\n<div style=\"width: 165px; height: 22px; padding: 5px 10px; overflow: hidden;\">\n          PE, POF, PVC, PP\n         <\/div>\n<\/td>\n<\/tr>\n<tr>\n<td>\n<div style=\"width: 164px; height: 22px; padding: 5px 10px; overflow: hidden;\">\n          Max. Packma\u00df (L*B*H)\n         <\/div>\n<\/td>\n<td>\n<div style=\"width: 164px; height: 22px; padding: 5px 10px; overflow: hidden;\">\n          450 x 270 x 350 mm\n         <\/div>\n<\/td>\n<td>\n<div style=\"width: 164px; height: 22px; padding: 5px 10px; overflow: hidden;\">\n          Gewicht der Maschine\n         <\/div>\n<\/td>\n<td>\n<div style=\"width: 165px; height: 22px; padding: 5px 10px; overflow: hidden;\">\n          470KG\n         <\/div>\n<\/td>\n<\/tr>\n<tr>\n<td>\n<div style=\"width: 164px; height: 22px; padding: 5px 10px; overflow: hidden;\">\n          Min. Verpackungsgr\u00f6\u00dfe (L*B*H)\n         <\/div>\n<\/td>\n<td>\n<div style=\"width: 164px; height: 22px; padding: 5px 10px; overflow: hidden;\">\n          250 x 60 x 60 mm\n         <\/div>\n<\/td>\n<td>\n<div style=\"width: 164px; height: 22px; padding: 5px 10px; overflow: hidden;\">\n          Gr\u00f6\u00dfe der Maschine\n         <\/div>\n<\/td>\n<td>\n<div style=\"width: 165px; height: 22px; padding: 5px 10px; overflow: hidden;\">\n          2500*820*1680MM\n         <\/div>\n<\/td>\n<\/tr>\n<tr>\n<td>\n<div style=\"width: 164px; height: 22px; padding: 5px 10px; overflow: hidden;\">\n          Gr\u00f6\u00dfe der Maschine (L*B*H)\n         <\/div>\n<\/td>\n<td>\n<div style=\"width: 164px; height: 22px; padding: 5px 10px; overflow: hidden;\">\n          1020 x 830 x 1980 mm\n         <\/div>\n<\/td>\n<td>\n<div style=\"width: 164px; height: 22px; padding: 5px 10px; overflow: hidden;\"><\/div>\n<\/td>\n<td>\n<div style=\"width: 165px; height: 22px; padding: 5px 10px; overflow: hidden;\"><\/div>\n<\/td>\n<\/tr>\n<tr>\n<td>\n<div style=\"width: 164px; height: 22px; padding: 5px 10px; overflow: hidden;\">\n          Packungsgr\u00f6\u00dfe\n         <\/div>\n<\/td>\n<td>\n<div style=\"width: 164px; height: 22px; padding: 5px 10px; overflow: hidden;\">\n          1120*940*2000mm\n         <\/div>\n<\/td>\n<td>\n<div style=\"width: 164px; height: 22px; padding: 5px 10px; overflow: hidden;\"><\/div>\n<\/td>\n<td>\n<div style=\"width: 165px; height: 22px; padding: 5px 10px; overflow: hidden;\"><\/div>\n<\/td>\n<\/tr>\n<\/tbody>\n<\/table><\/div>\n<\/p><\/div>\n<div style=\"vertical-align: top;padding-top: 10px; padding-bottom: 10px; margin-right: -4px; margin-left: -4px;\">\n<div id=\"kam2a\" style=\"vertical-align: top; box-sizing: border-box; padding-right: 4px; padding-left: 4px\">\n<div style=\"overflow: hidden; width: 750px; height: 750px;\">\n      <img decoding=\"async\" src=\"https:\/\/sc01.alicdn.com\/kf\/HTB1ouaWaITxK1Rjy0Fgq6yovpXap\/64496\/HTB1ouaWaITxK1Rjy0Fgq6yovpXap.jpg\" style=\"width: 750px; height: 750px; margin-left: 0px; margin-top: 0px;\" class=\"aligncenter\">\n     <\/div>\n<\/p><\/div>\n<\/p><\/div>\n<div style=\"vertical-align: top;padding-top: 10px; padding-bottom: 10px; margin-right: -4px; margin-left: -4px;\">\n<div id=\"rsux9\" style=\"vertical-align: top; width: 50%; display: inline-block; box-sizing: border-box; padding-right: 4px; padding-left: 4px\">\n<div style=\"overflow: hidden; width: 371px; height: 320px;\">\n      <img decoding=\"async\" src=\"https:\/\/sc02.alicdn.com\/kf\/HTB1Hc91aPvuK1Rjy0Faq6x2aVXag\/64496\/HTB1Hc91aPvuK1Rjy0Faq6x2aVXag.jpg\" style=\"width: 371px; height: 371px; margin-left: 0px; margin-top: -51px;\" class=\"aligncenter\">\n     <\/div>\n<\/p><\/div>\n<div id=\"z7ks7\" style=\"vertical-align: top; width: 50%; display: inline-block; box-sizing: border-box; padding-right: 4px; padding-left: 4px\">\n<div style=\"overflow: hidden; width: 371px; height: 320px;\">\n      <img decoding=\"async\" src=\"https:\/\/sc02.alicdn.com\/kf\/HTB1JNZ.ayjrK1RjSsplq6xHmVXas\/64496\/HTB1JNZ.ayjrK1RjSsplq6xHmVXas.jpg\" style=\"width: 371px; height: 371px; margin-left: 0px; margin-top: -51px;\" class=\"aligncenter\">\n     <\/div>\n<\/p><\/div>\n<\/p><\/div>\n<div style=\"vertical-align: top;padding-top: 10px; padding-bottom: 10px; margin-right: -4px; margin-left: -4px;\">\n<div id=\"uj4cw\" style=\"vertical-align: top; width: 50%; display: inline-block; box-sizing: border-box; padding-right: 4px; padding-left: 4px\">\n<div style=\"overflow: hidden; width: 371px; height: 320px;\">\n      <img decoding=\"async\" src=\"https:\/\/sc02.alicdn.com\/kf\/HTB1mcyZaPDuK1RjSszdq6xGLpXav\/64496\/HTB1mcyZaPDuK1RjSszdq6xGLpXav.jpg\" style=\"width: 371px; height: 371px; margin-left: 0px; margin-top: -51px;\" class=\"aligncenter\">\n     <\/div>\n<\/p><\/div>\n<div id=\"yofoh\" style=\"vertical-align: top; width: 50%; display: inline-block; box-sizing: border-box; padding-right: 4px; padding-left: 4px\">\n<div style=\"overflow: hidden; width: 371px; height: 320px;\">\n      <img decoding=\"async\" src=\"https:\/\/sc02.alicdn.com\/kf\/HTB1Xh1ZaOHrK1Rjy0Flq6AsaFXac\/64496\/HTB1Xh1ZaOHrK1Rjy0Flq6AsaFXac.jpg\" style=\"width: 371px; height: 371px; margin-left: 0px; margin-top: -51px;\" class=\"aligncenter\">\n     <\/div>\n<\/p><\/div>\n<\/p><\/div>\n<div style=\"vertical-align: top;padding-top: 10px; padding-bottom: 10px; margin-right: -4px; margin-left: -4px;\">\n<div id=\"7xszj\" style=\"vertical-align: top; box-sizing: border-box; padding-right: 4px; padding-left: 4px\">\n<div style=\"overflow: hidden; width: 750px; height: 632.129px;\">\n      <img decoding=\"async\" src=\"https:\/\/sc02.alicdn.com\/kf\/HTB1mM9VaPzuK1Rjy0Fpq6yEpFXar\/64496\/HTB1mM9VaPzuK1Rjy0Fpq6yEpFXar.jpg\" style=\"width: 750px; height: 632.129px; margin-left: 0px; margin-top: 0px;\" class=\"aligncenter\">\n     <\/div>\n<\/p><\/div>\n<\/p><\/div>\n<\/p><\/div>\n<div style=\"vertical-align: top;padding-top: 15px; padding-bottom: 15px;\">\n<div id=\"l50kt\" style=\"vertical-align: top;padding-top: 10px; padding-bottom: 10px\">\n<div id=\"ali-anchor-AliMaya-q6141\" style=\"padding:8px 0 4px 8px;border-bottom:2px solid #C5CCDE;border-radius:3px 3px 0 0;line-height:1;color:#4D6599;background-color:#C5CCDE;font-size:22px;\" data-section=\"AliMaya-q6141\" data-section-title=\"Certifications\"><\/div>\n<\/div>\n<\/div>\n<div style=\"vertical-align: top;padding-top: 15px; padding-bottom: 15px;\">\n<div style=\"vertical-align: top;padding-top: 10px; padding-bottom: 10px; margin-right: -4px; margin-left: -4px;\">\n<div id=\"a4d85\" style=\"vertical-align: top; width: 50%; display: inline-block; box-sizing: border-box; padding-right: 4px; padding-left: 4px\">\n    <\/div>\n<\/p><\/div>\n<\/p><\/div>\n<\/p><\/div>","protected":false},"excerpt":{"rendered":"<p>Flaschenh\u00fclsen-Verpackungs-Schrumpfmaschine<\/p>","protected":false},"featured_media":2688,"comment_status":"closed","ping_status":"open","template":"","meta":[],"product_brand":[],"product_cat":[98],"product_tag":[],"class_list":{"0":"post-2927","1":"product","2":"type-product","3":"status-publish","4":"has-post-thumbnail","6":"product_cat-wrapping-machines","8":"first","9":"instock","10":"sale","11":"purchasable","12":"product-type-simple"},"yoast_head":"<!-- This site is optimized with the Yoast SEO Premium plugin v20.9 (Yoast SEO v26.5) - https:\/\/yoast.com\/wordpress\/plugins\/seo\/ -->\n<title>BZJ5038B Bottle packing Semi-Automatic Sleeve Wrapper and BSE5040A PE Film shrink packaging machine - ALF PACK<\/title>\n<meta name=\"robots\" content=\"index, follow, max-snippet:-1, max-image-preview:large, max-video-preview:-1\" \/>\n<link rel=\"canonical\" href=\"https:\/\/alfequipment.com\/de\/product\/bzj5038b-halbautomatische-flaschenverpackungsmaschine-und-bse5040a-schrumpffolienverpackungsmaschine\/\" \/>\n<meta property=\"og:locale\" content=\"de_DE\" \/>\n<meta property=\"og:type\" content=\"article\" \/>\n<meta property=\"og:title\" content=\"BZJ5038B Bottle packing Semi-Automatic Sleeve Wrapper and BSE5040A PE Film shrink packaging machine\" \/>\n<meta property=\"og:description\" content=\"Bottle Sleeve Wrap Shrink Machine\" \/>\n<meta property=\"og:url\" content=\"https:\/\/alfequipment.com\/de\/product\/bzj5038b-halbautomatische-flaschenverpackungsmaschine-und-bse5040a-schrumpffolienverpackungsmaschine\/\" \/>\n<meta property=\"og:site_name\" content=\"ALF PACK\" \/>\n<meta property=\"article:modified_time\" content=\"2025-01-13T13:08:57+00:00\" \/>\n<meta property=\"og:image\" content=\"https:\/\/alfequipment.com\/wp-content\/uploads\/2025\/01\/BZJ5038B-Bottle-packing-Semi-Automatic-Sleeve-Wrapper-1.jpg\" \/>\n\t<meta property=\"og:image:width\" content=\"800\" \/>\n\t<meta property=\"og:image:height\" content=\"800\" \/>\n\t<meta property=\"og:image:type\" content=\"image\/webp\" \/>\n<meta name=\"twitter:card\" content=\"summary_large_image\" \/>\n<meta name=\"twitter:label1\" content=\"Gesch\u00e4tzte Lesezeit\" \/>\n\t<meta name=\"twitter:data1\" content=\"1\u00a0Minute\" \/>\n<script type=\"application\/ld+json\" class=\"yoast-schema-graph\">{\"@context\":\"https:\/\/schema.org\",\"@graph\":[{\"@type\":\"WebPage\",\"@id\":\"https:\/\/alfequipment.com\/product\/bzj5038b-bottle-packing-semi-automatic-sleeve-wrapper-and-bse5040a-pe-film-shrink-packaging-machine\/\",\"url\":\"https:\/\/alfequipment.com\/product\/bzj5038b-bottle-packing-semi-automatic-sleeve-wrapper-and-bse5040a-pe-film-shrink-packaging-machine\/\",\"name\":\"BZJ5038B Bottle packing Semi-Automatic Sleeve Wrapper and BSE5040A PE Film shrink packaging machine - ALF PACK\",\"isPartOf\":{\"@id\":\"https:\/\/alfequipment.com\/#website\"},\"primaryImageOfPage\":{\"@id\":\"https:\/\/alfequipment.com\/product\/bzj5038b-bottle-packing-semi-automatic-sleeve-wrapper-and-bse5040a-pe-film-shrink-packaging-machine\/#primaryimage\"},\"image\":{\"@id\":\"https:\/\/alfequipment.com\/product\/bzj5038b-bottle-packing-semi-automatic-sleeve-wrapper-and-bse5040a-pe-film-shrink-packaging-machine\/#primaryimage\"},\"thumbnailUrl\":\"https:\/\/alfequipment.com\/wp-content\/uploads\/2025\/01\/BZJ5038B-Bottle-packing-Semi-Automatic-Sleeve-Wrapper-1.jpg\",\"datePublished\":\"2024-12-03T11:45:27+00:00\",\"dateModified\":\"2025-01-13T13:08:57+00:00\",\"breadcrumb\":{\"@id\":\"https:\/\/alfequipment.com\/product\/bzj5038b-bottle-packing-semi-automatic-sleeve-wrapper-and-bse5040a-pe-film-shrink-packaging-machine\/#breadcrumb\"},\"inLanguage\":\"de\",\"potentialAction\":[{\"@type\":\"ReadAction\",\"target\":[\"https:\/\/alfequipment.com\/product\/bzj5038b-bottle-packing-semi-automatic-sleeve-wrapper-and-bse5040a-pe-film-shrink-packaging-machine\/\"]}]},{\"@type\":\"ImageObject\",\"inLanguage\":\"de\",\"@id\":\"https:\/\/alfequipment.com\/product\/bzj5038b-bottle-packing-semi-automatic-sleeve-wrapper-and-bse5040a-pe-film-shrink-packaging-machine\/#primaryimage\",\"url\":\"https:\/\/alfequipment.com\/wp-content\/uploads\/2025\/01\/BZJ5038B-Bottle-packing-Semi-Automatic-Sleeve-Wrapper-1.jpg\",\"contentUrl\":\"https:\/\/alfequipment.com\/wp-content\/uploads\/2025\/01\/BZJ5038B-Bottle-packing-Semi-Automatic-Sleeve-Wrapper-1.jpg\",\"width\":800,\"height\":800},{\"@type\":\"BreadcrumbList\",\"@id\":\"https:\/\/alfequipment.com\/product\/bzj5038b-bottle-packing-semi-automatic-sleeve-wrapper-and-bse5040a-pe-film-shrink-packaging-machine\/#breadcrumb\",\"itemListElement\":[{\"@type\":\"ListItem\",\"position\":1,\"name\":\"Home\",\"item\":\"https:\/\/alfequipment.com\/\"},{\"@type\":\"ListItem\",\"position\":2,\"name\":\"Shop\",\"item\":\"https:\/\/alfequipment.com\/shop\/\"},{\"@type\":\"ListItem\",\"position\":3,\"name\":\"BZJ5038B Bottle packing Semi-Automatic Sleeve Wrapper and BSE5040A PE Film shrink packaging machine\"}]},{\"@type\":\"WebSite\",\"@id\":\"https:\/\/alfequipment.com\/#website\",\"url\":\"https:\/\/alfequipment.com\/\",\"name\":\"ALF PACK\",\"description\":\"\",\"publisher\":{\"@id\":\"https:\/\/alfequipment.com\/#organization\"},\"potentialAction\":[{\"@type\":\"SearchAction\",\"target\":{\"@type\":\"EntryPoint\",\"urlTemplate\":\"https:\/\/alfequipment.com\/?s={search_term_string}\"},\"query-input\":{\"@type\":\"PropertyValueSpecification\",\"valueRequired\":true,\"valueName\":\"search_term_string\"}}],\"inLanguage\":\"de\"},{\"@type\":\"Organization\",\"@id\":\"https:\/\/alfequipment.com\/#organization\",\"name\":\"ALF PACK\",\"url\":\"https:\/\/alfequipment.com\/\",\"logo\":{\"@type\":\"ImageObject\",\"inLanguage\":\"de\",\"@id\":\"https:\/\/alfequipment.com\/#\/schema\/logo\/image\/\",\"url\":\"https:\/\/alfequipment.com\/wp-content\/uploads\/2024\/11\/ALFlogo-2.webp\",\"contentUrl\":\"https:\/\/alfequipment.com\/wp-content\/uploads\/2024\/11\/ALFlogo-2.webp\",\"width\":758,\"height\":750,\"caption\":\"ALF PACK\"},\"image\":{\"@id\":\"https:\/\/alfequipment.com\/#\/schema\/logo\/image\/\"}}]}<\/script>\n<!-- \/ Yoast SEO Premium plugin. -->","yoast_head_json":{"title":"BZJ5038B Halbautomatische Flaschenverpackungsmaschine und BSE5040A PE-Folien-Schrumpfverpackungsmaschine - ALF PACK","robots":{"index":"index","follow":"follow","max-snippet":"max-snippet:-1","max-image-preview":"max-image-preview:large","max-video-preview":"max-video-preview:-1"},"canonical":"https:\/\/alfequipment.com\/de\/product\/bzj5038b-halbautomatische-flaschenverpackungsmaschine-und-bse5040a-schrumpffolienverpackungsmaschine\/","og_locale":"de_DE","og_type":"article","og_title":"BZJ5038B Bottle packing Semi-Automatic Sleeve Wrapper and BSE5040A PE Film shrink packaging machine","og_description":"Bottle Sleeve Wrap Shrink Machine","og_url":"https:\/\/alfequipment.com\/de\/product\/bzj5038b-halbautomatische-flaschenverpackungsmaschine-und-bse5040a-schrumpffolienverpackungsmaschine\/","og_site_name":"ALF PACK","article_modified_time":"2025-01-13T13:08:57+00:00","og_image":[{"width":800,"height":800,"url":"https:\/\/alfequipment.com\/wp-content\/uploads\/2025\/01\/BZJ5038B-Bottle-packing-Semi-Automatic-Sleeve-Wrapper-1.jpg","type":"image\/webp"}],"twitter_card":"summary_large_image","twitter_misc":{"Gesch\u00e4tzte Lesezeit":"1\u00a0Minute"},"schema":{"@context":"https:\/\/schema.org","@graph":[{"@type":"WebPage","@id":"https:\/\/alfequipment.com\/product\/bzj5038b-bottle-packing-semi-automatic-sleeve-wrapper-and-bse5040a-pe-film-shrink-packaging-machine\/","url":"https:\/\/alfequipment.com\/product\/bzj5038b-bottle-packing-semi-automatic-sleeve-wrapper-and-bse5040a-pe-film-shrink-packaging-machine\/","name":"BZJ5038B Halbautomatische Flaschenverpackungsmaschine und BSE5040A PE-Folien-Schrumpfverpackungsmaschine - ALF PACK","isPartOf":{"@id":"https:\/\/alfequipment.com\/#website"},"primaryImageOfPage":{"@id":"https:\/\/alfequipment.com\/product\/bzj5038b-bottle-packing-semi-automatic-sleeve-wrapper-and-bse5040a-pe-film-shrink-packaging-machine\/#primaryimage"},"image":{"@id":"https:\/\/alfequipment.com\/product\/bzj5038b-bottle-packing-semi-automatic-sleeve-wrapper-and-bse5040a-pe-film-shrink-packaging-machine\/#primaryimage"},"thumbnailUrl":"https:\/\/alfequipment.com\/wp-content\/uploads\/2025\/01\/BZJ5038B-Bottle-packing-Semi-Automatic-Sleeve-Wrapper-1.jpg","datePublished":"2024-12-03T11:45:27+00:00","dateModified":"2025-01-13T13:08:57+00:00","breadcrumb":{"@id":"https:\/\/alfequipment.com\/product\/bzj5038b-bottle-packing-semi-automatic-sleeve-wrapper-and-bse5040a-pe-film-shrink-packaging-machine\/#breadcrumb"},"inLanguage":"de","potentialAction":[{"@type":"ReadAction","target":["https:\/\/alfequipment.com\/product\/bzj5038b-bottle-packing-semi-automatic-sleeve-wrapper-and-bse5040a-pe-film-shrink-packaging-machine\/"]}]},{"@type":"ImageObject","inLanguage":"de","@id":"https:\/\/alfequipment.com\/product\/bzj5038b-bottle-packing-semi-automatic-sleeve-wrapper-and-bse5040a-pe-film-shrink-packaging-machine\/#primaryimage","url":"https:\/\/alfequipment.com\/wp-content\/uploads\/2025\/01\/BZJ5038B-Bottle-packing-Semi-Automatic-Sleeve-Wrapper-1.jpg","contentUrl":"https:\/\/alfequipment.com\/wp-content\/uploads\/2025\/01\/BZJ5038B-Bottle-packing-Semi-Automatic-Sleeve-Wrapper-1.jpg","width":800,"height":800},{"@type":"BreadcrumbList","@id":"https:\/\/alfequipment.com\/product\/bzj5038b-bottle-packing-semi-automatic-sleeve-wrapper-and-bse5040a-pe-film-shrink-packaging-machine\/#breadcrumb","itemListElement":[{"@type":"ListItem","position":1,"name":"Home","item":"https:\/\/alfequipment.com\/"},{"@type":"ListItem","position":2,"name":"Shop","item":"https:\/\/alfequipment.com\/shop\/"},{"@type":"ListItem","position":3,"name":"BZJ5038B Bottle packing Semi-Automatic Sleeve Wrapper and BSE5040A PE Film shrink packaging machine"}]},{"@type":"WebSite","@id":"https:\/\/alfequipment.com\/#website","url":"https:\/\/alfequipment.com\/","name":"ALF PACK","description":"","publisher":{"@id":"https:\/\/alfequipment.com\/#organization"},"potentialAction":[{"@type":"SearchAction","target":{"@type":"EntryPoint","urlTemplate":"https:\/\/alfequipment.com\/?s={search_term_string}"},"query-input":{"@type":"PropertyValueSpecification","valueRequired":true,"valueName":"search_term_string"}}],"inLanguage":"de"},{"@type":"Organization","@id":"https:\/\/alfequipment.com\/#organization","name":"ALF PACK","url":"https:\/\/alfequipment.com\/","logo":{"@type":"ImageObject","inLanguage":"de","@id":"https:\/\/alfequipment.com\/#\/schema\/logo\/image\/","url":"https:\/\/alfequipment.com\/wp-content\/uploads\/2024\/11\/ALFlogo-2.webp","contentUrl":"https:\/\/alfequipment.com\/wp-content\/uploads\/2024\/11\/ALFlogo-2.webp","width":758,"height":750,"caption":"ALF PACK"},"image":{"@id":"https:\/\/alfequipment.com\/#\/schema\/logo\/image\/"}}]}},"_links":{"self":[{"href":"https:\/\/alfequipment.com\/de\/wp-json\/wp\/v2\/product\/2927","targetHints":{"allow":["GET"]}}],"collection":[{"href":"https:\/\/alfequipment.com\/de\/wp-json\/wp\/v2\/product"}],"about":[{"href":"https:\/\/alfequipment.com\/de\/wp-json\/wp\/v2\/types\/product"}],"replies":[{"embeddable":true,"href":"https:\/\/alfequipment.com\/de\/wp-json\/wp\/v2\/comments?post=2927"}],"version-history":[{"count":0,"href":"https:\/\/alfequipment.com\/de\/wp-json\/wp\/v2\/product\/2927\/revisions"}],"wp:featuredmedia":[{"embeddable":true,"href":"https:\/\/alfequipment.com\/de\/wp-json\/wp\/v2\/media\/2688"}],"wp:attachment":[{"href":"https:\/\/alfequipment.com\/de\/wp-json\/wp\/v2\/media?parent=2927"}],"wp:term":[{"taxonomy":"product_brand","embeddable":true,"href":"https:\/\/alfequipment.com\/de\/wp-json\/wp\/v2\/product_brand?post=2927"},{"taxonomy":"product_cat","embeddable":true,"href":"https:\/\/alfequipment.com\/de\/wp-json\/wp\/v2\/product_cat?post=2927"},{"taxonomy":"product_tag","embeddable":true,"href":"https:\/\/alfequipment.com\/de\/wp-json\/wp\/v2\/product_tag?post=2927"}],"curies":[{"name":"wp","href":"https:\/\/api.w.org\/{rel}","templated":true}]}}