{"id":2928,"date":"2024-12-31T04:56:05","date_gmt":"2024-12-31T04:56:05","guid":{"rendered":"https:\/\/alfequipment.com\/product\/automatic-filling-and-capping-machine-dfc-5l-plastic-bottle-cap-sealing-machine\/"},"modified":"2025-01-13T13:08:57","modified_gmt":"2025-01-13T13:08:57","slug":"automatische-abfull-und-verschliessmaschine-dfc-5l-kunststoffflaschen-verschlussmaschine","status":"publish","type":"product","link":"https:\/\/alfequipment.com\/de\/product\/automatische-abfull-und-verschliessmaschine-dfc-5l-kunststoffflaschen-verschlussmaschine\/","title":{"rendered":"Automatische Abf\u00fcll- und Verschlie\u00dfmaschine DFC-5L f\u00fcr Kunststoffflaschenverschl\u00fcsse"},"content":{"rendered":"<div id=\"ali-anchor-description\" data-section=\"description\"><\/p>\n<p>1.DFC-5L ist ein 2-in-1-Ger\u00e4t, das speziell f\u00fcr gro\u00dfvolumige Flaschen von 3 bis 5 Litern konzipiert ist.<\/p>\n<p>2. einfach zu bedienende Omron PLC mit Textbildschirm f\u00fcr den Zugriff auf das Bedienfeldsystem<\/p>\n<p>3. ein Verschlussstopfen mit Ausgleichsvorrichtung dient zur Vermeidung von Blasenbildung w\u00e4hrend des F\u00fcllvorgangs<\/p>\n<p>4. alle Teile, die mit dem F\u00fcllmaterial in Ber\u00fchrung kommen, sind aus Edelstahl 304L gefertigt, um den GMP-Standard zu erf\u00fcllen<\/p>\n<p>&nbsp;<\/p>\n<p><span style=\"font-size: 18px;\">Spezifikation:<\/span><\/p>\n<table class=\"aliDataTable\" border=\"1\" cellspacing=\"0\" cellpadding=\"0\">\n<tbody>\n<tr>\n<td>\n<p>Modell<\/p>\n<\/td>\n<td>\n<p>DFC-5L<\/p>\n<\/td>\n<\/tr>\n<tr>\n<td>\n<p>Kapazit\u00e4t<\/p>\n<\/td>\n<td>\n<p>800-1500B\/H<\/p>\n<\/td>\n<\/tr>\n<tr>\n<td>\n<p>F\u00fcllung der Position<\/p>\n<\/td>\n<td>\n<p>4<\/p>\n<\/td>\n<\/tr>\n<tr>\n<td>\n<p>Volumen der Flasche<\/p>\n<\/td>\n<td>\n<p>3-5L<\/p>\n<\/td>\n<\/tr>\n<tr>\n<td>\n<p>Verschlie\u00dfkopf<\/p>\n<\/td>\n<td>\n<p>1<\/p>\n<\/td>\n<\/tr>\n<tr>\n<td>\n<p>Strom<\/p>\n<\/td>\n<td>\n<p>0,75KW 220V\/380V<\/p>\n<\/td>\n<\/tr>\n<tr>\n<td>\n<p>Versorgung der Luftquelle<\/p>\n<\/td>\n<td>\n<p>600L\/min 8 bar<\/p>\n<\/td>\n<\/tr>\n<\/tbody>\n<\/table>\n<p>&nbsp;<\/p>\n<p><img decoding=\"async\" src=\"https:\/\/sc01.alicdn.com\/kf\/HTB1_h9DFVXXXXcAXXXXq6xXFXXXu\/64496\/HTB1_h9DFVXXXXcAXXXXq6xXFXXXu.jpg\" data-alt=\"Automatic filling and capping machine DFC-5L plastic bottle cap sealing machine\" ori-width=\"269\" ori-height=\"267\" class=\"aligncenter\"><\/p>\n<p>&nbsp;&nbsp;<\/p>\n<div id=\"ali-anchor-AliPostDhMb-mblsg\" style=\"padding-top: 8px;\" data-section=\"AliPostDhMb-mblsg\" data-section-title=\"Packaging &amp; Shipping\">\n<div id=\"ali-title-AliPostDhMb-mblsg\" style=\"padding: 8px 0; border-bottom: 1px solid #ddd;\"><\/div>\n<\/div>\n<\/div>","protected":false},"excerpt":{"rendered":"<p>Automatische Abf\u00fcll- und Verschlie\u00dfmaschine (Produktionslinie)<\/p>","protected":false},"featured_media":2690,"comment_status":"closed","ping_status":"open","template":"","meta":[],"product_brand":[],"product_cat":[103],"product_tag":[],"class_list":{"0":"post-2928","1":"product","2":"type-product","3":"status-publish","4":"has-post-thumbnail","6":"product_cat-capping-machines","8":"first","9":"instock","10":"sale","11":"purchasable","12":"product-type-simple"},"yoast_head":"<!-- This site is optimized with the Yoast SEO Premium plugin v20.9 (Yoast SEO v26.5) - https:\/\/yoast.com\/wordpress\/plugins\/seo\/ -->\n<title>Automatic filling and capping machine DFC-5L plastic bottle cap sealing machine - ALF PACK<\/title>\n<meta name=\"robots\" content=\"index, follow, max-snippet:-1, max-image-preview:large, max-video-preview:-1\" \/>\n<link rel=\"canonical\" href=\"https:\/\/alfequipment.com\/de\/product\/automatische-abfull-und-verschliessmaschine-dfc-5l-kunststoffflaschen-verschlussmaschine\/\" \/>\n<meta property=\"og:locale\" content=\"de_DE\" \/>\n<meta property=\"og:type\" content=\"article\" \/>\n<meta property=\"og:title\" content=\"Automatic filling and capping machine DFC-5L plastic bottle cap sealing machine\" \/>\n<meta property=\"og:description\" content=\"Automatic Filling And Capping Machine (production Line)\" \/>\n<meta property=\"og:url\" content=\"https:\/\/alfequipment.com\/de\/product\/automatische-abfull-und-verschliessmaschine-dfc-5l-kunststoffflaschen-verschlussmaschine\/\" \/>\n<meta property=\"og:site_name\" content=\"ALF PACK\" \/>\n<meta property=\"article:modified_time\" content=\"2025-01-13T13:08:57+00:00\" \/>\n<meta property=\"og:image\" content=\"https:\/\/alfequipment.com\/wp-content\/uploads\/2025\/01\/A9c61270189eb4d5fa60d7f1bec147c93e.jpg\" \/>\n\t<meta property=\"og:image:width\" content=\"800\" \/>\n\t<meta property=\"og:image:height\" content=\"800\" \/>\n\t<meta property=\"og:image:type\" content=\"image\/webp\" \/>\n<meta name=\"twitter:card\" content=\"summary_large_image\" \/>\n<meta name=\"twitter:label1\" content=\"Gesch\u00e4tzte Lesezeit\" \/>\n\t<meta name=\"twitter:data1\" content=\"1\u00a0Minute\" \/>\n<script type=\"application\/ld+json\" class=\"yoast-schema-graph\">{\"@context\":\"https:\/\/schema.org\",\"@graph\":[{\"@type\":\"WebPage\",\"@id\":\"https:\/\/alfequipment.com\/product\/automatic-filling-and-capping-machine-dfc-5l-plastic-bottle-cap-sealing-machine\/\",\"url\":\"https:\/\/alfequipment.com\/product\/automatic-filling-and-capping-machine-dfc-5l-plastic-bottle-cap-sealing-machine\/\",\"name\":\"Automatic filling and capping machine DFC-5L plastic bottle cap sealing machine - ALF PACK\",\"isPartOf\":{\"@id\":\"https:\/\/alfequipment.com\/#website\"},\"primaryImageOfPage\":{\"@id\":\"https:\/\/alfequipment.com\/product\/automatic-filling-and-capping-machine-dfc-5l-plastic-bottle-cap-sealing-machine\/#primaryimage\"},\"image\":{\"@id\":\"https:\/\/alfequipment.com\/product\/automatic-filling-and-capping-machine-dfc-5l-plastic-bottle-cap-sealing-machine\/#primaryimage\"},\"thumbnailUrl\":\"https:\/\/alfequipment.com\/wp-content\/uploads\/2025\/01\/A9c61270189eb4d5fa60d7f1bec147c93e.jpg\",\"datePublished\":\"2024-12-31T04:56:05+00:00\",\"dateModified\":\"2025-01-13T13:08:57+00:00\",\"breadcrumb\":{\"@id\":\"https:\/\/alfequipment.com\/product\/automatic-filling-and-capping-machine-dfc-5l-plastic-bottle-cap-sealing-machine\/#breadcrumb\"},\"inLanguage\":\"de\",\"potentialAction\":[{\"@type\":\"ReadAction\",\"target\":[\"https:\/\/alfequipment.com\/product\/automatic-filling-and-capping-machine-dfc-5l-plastic-bottle-cap-sealing-machine\/\"]}]},{\"@type\":\"ImageObject\",\"inLanguage\":\"de\",\"@id\":\"https:\/\/alfequipment.com\/product\/automatic-filling-and-capping-machine-dfc-5l-plastic-bottle-cap-sealing-machine\/#primaryimage\",\"url\":\"https:\/\/alfequipment.com\/wp-content\/uploads\/2025\/01\/A9c61270189eb4d5fa60d7f1bec147c93e.jpg\",\"contentUrl\":\"https:\/\/alfequipment.com\/wp-content\/uploads\/2025\/01\/A9c61270189eb4d5fa60d7f1bec147c93e.jpg\",\"width\":800,\"height\":800},{\"@type\":\"BreadcrumbList\",\"@id\":\"https:\/\/alfequipment.com\/product\/automatic-filling-and-capping-machine-dfc-5l-plastic-bottle-cap-sealing-machine\/#breadcrumb\",\"itemListElement\":[{\"@type\":\"ListItem\",\"position\":1,\"name\":\"Home\",\"item\":\"https:\/\/alfequipment.com\/\"},{\"@type\":\"ListItem\",\"position\":2,\"name\":\"Shop\",\"item\":\"https:\/\/alfequipment.com\/shop\/\"},{\"@type\":\"ListItem\",\"position\":3,\"name\":\"Automatic filling and capping machine DFC-5L plastic bottle cap sealing machine\"}]},{\"@type\":\"WebSite\",\"@id\":\"https:\/\/alfequipment.com\/#website\",\"url\":\"https:\/\/alfequipment.com\/\",\"name\":\"ALF PACK\",\"description\":\"\",\"publisher\":{\"@id\":\"https:\/\/alfequipment.com\/#organization\"},\"potentialAction\":[{\"@type\":\"SearchAction\",\"target\":{\"@type\":\"EntryPoint\",\"urlTemplate\":\"https:\/\/alfequipment.com\/?s={search_term_string}\"},\"query-input\":{\"@type\":\"PropertyValueSpecification\",\"valueRequired\":true,\"valueName\":\"search_term_string\"}}],\"inLanguage\":\"de\"},{\"@type\":\"Organization\",\"@id\":\"https:\/\/alfequipment.com\/#organization\",\"name\":\"ALF PACK\",\"url\":\"https:\/\/alfequipment.com\/\",\"logo\":{\"@type\":\"ImageObject\",\"inLanguage\":\"de\",\"@id\":\"https:\/\/alfequipment.com\/#\/schema\/logo\/image\/\",\"url\":\"https:\/\/alfequipment.com\/wp-content\/uploads\/2024\/11\/ALFlogo-2.webp\",\"contentUrl\":\"https:\/\/alfequipment.com\/wp-content\/uploads\/2024\/11\/ALFlogo-2.webp\",\"width\":758,\"height\":750,\"caption\":\"ALF PACK\"},\"image\":{\"@id\":\"https:\/\/alfequipment.com\/#\/schema\/logo\/image\/\"}}]}<\/script>\n<!-- \/ Yoast SEO Premium plugin. -->","yoast_head_json":{"title":"Automatische Abf\u00fcll- und Verschlie\u00dfmaschine DFC-5L f\u00fcr Kunststoffflaschen - ALF PACK","robots":{"index":"index","follow":"follow","max-snippet":"max-snippet:-1","max-image-preview":"max-image-preview:large","max-video-preview":"max-video-preview:-1"},"canonical":"https:\/\/alfequipment.com\/de\/product\/automatische-abfull-und-verschliessmaschine-dfc-5l-kunststoffflaschen-verschlussmaschine\/","og_locale":"de_DE","og_type":"article","og_title":"Automatic filling and capping machine DFC-5L plastic bottle cap sealing machine","og_description":"Automatic Filling And Capping Machine (production Line)","og_url":"https:\/\/alfequipment.com\/de\/product\/automatische-abfull-und-verschliessmaschine-dfc-5l-kunststoffflaschen-verschlussmaschine\/","og_site_name":"ALF PACK","article_modified_time":"2025-01-13T13:08:57+00:00","og_image":[{"width":800,"height":800,"url":"https:\/\/alfequipment.com\/wp-content\/uploads\/2025\/01\/A9c61270189eb4d5fa60d7f1bec147c93e.jpg","type":"image\/webp"}],"twitter_card":"summary_large_image","twitter_misc":{"Gesch\u00e4tzte Lesezeit":"1\u00a0Minute"},"schema":{"@context":"https:\/\/schema.org","@graph":[{"@type":"WebPage","@id":"https:\/\/alfequipment.com\/product\/automatic-filling-and-capping-machine-dfc-5l-plastic-bottle-cap-sealing-machine\/","url":"https:\/\/alfequipment.com\/product\/automatic-filling-and-capping-machine-dfc-5l-plastic-bottle-cap-sealing-machine\/","name":"Automatische Abf\u00fcll- und Verschlie\u00dfmaschine DFC-5L f\u00fcr Kunststoffflaschen - ALF PACK","isPartOf":{"@id":"https:\/\/alfequipment.com\/#website"},"primaryImageOfPage":{"@id":"https:\/\/alfequipment.com\/product\/automatic-filling-and-capping-machine-dfc-5l-plastic-bottle-cap-sealing-machine\/#primaryimage"},"image":{"@id":"https:\/\/alfequipment.com\/product\/automatic-filling-and-capping-machine-dfc-5l-plastic-bottle-cap-sealing-machine\/#primaryimage"},"thumbnailUrl":"https:\/\/alfequipment.com\/wp-content\/uploads\/2025\/01\/A9c61270189eb4d5fa60d7f1bec147c93e.jpg","datePublished":"2024-12-31T04:56:05+00:00","dateModified":"2025-01-13T13:08:57+00:00","breadcrumb":{"@id":"https:\/\/alfequipment.com\/product\/automatic-filling-and-capping-machine-dfc-5l-plastic-bottle-cap-sealing-machine\/#breadcrumb"},"inLanguage":"de","potentialAction":[{"@type":"ReadAction","target":["https:\/\/alfequipment.com\/product\/automatic-filling-and-capping-machine-dfc-5l-plastic-bottle-cap-sealing-machine\/"]}]},{"@type":"ImageObject","inLanguage":"de","@id":"https:\/\/alfequipment.com\/product\/automatic-filling-and-capping-machine-dfc-5l-plastic-bottle-cap-sealing-machine\/#primaryimage","url":"https:\/\/alfequipment.com\/wp-content\/uploads\/2025\/01\/A9c61270189eb4d5fa60d7f1bec147c93e.jpg","contentUrl":"https:\/\/alfequipment.com\/wp-content\/uploads\/2025\/01\/A9c61270189eb4d5fa60d7f1bec147c93e.jpg","width":800,"height":800},{"@type":"BreadcrumbList","@id":"https:\/\/alfequipment.com\/product\/automatic-filling-and-capping-machine-dfc-5l-plastic-bottle-cap-sealing-machine\/#breadcrumb","itemListElement":[{"@type":"ListItem","position":1,"name":"Home","item":"https:\/\/alfequipment.com\/"},{"@type":"ListItem","position":2,"name":"Shop","item":"https:\/\/alfequipment.com\/shop\/"},{"@type":"ListItem","position":3,"name":"Automatic filling and capping machine DFC-5L plastic bottle cap sealing machine"}]},{"@type":"WebSite","@id":"https:\/\/alfequipment.com\/#website","url":"https:\/\/alfequipment.com\/","name":"ALF PACK","description":"","publisher":{"@id":"https:\/\/alfequipment.com\/#organization"},"potentialAction":[{"@type":"SearchAction","target":{"@type":"EntryPoint","urlTemplate":"https:\/\/alfequipment.com\/?s={search_term_string}"},"query-input":{"@type":"PropertyValueSpecification","valueRequired":true,"valueName":"search_term_string"}}],"inLanguage":"de"},{"@type":"Organization","@id":"https:\/\/alfequipment.com\/#organization","name":"ALF PACK","url":"https:\/\/alfequipment.com\/","logo":{"@type":"ImageObject","inLanguage":"de","@id":"https:\/\/alfequipment.com\/#\/schema\/logo\/image\/","url":"https:\/\/alfequipment.com\/wp-content\/uploads\/2024\/11\/ALFlogo-2.webp","contentUrl":"https:\/\/alfequipment.com\/wp-content\/uploads\/2024\/11\/ALFlogo-2.webp","width":758,"height":750,"caption":"ALF PACK"},"image":{"@id":"https:\/\/alfequipment.com\/#\/schema\/logo\/image\/"}}]}},"_links":{"self":[{"href":"https:\/\/alfequipment.com\/de\/wp-json\/wp\/v2\/product\/2928","targetHints":{"allow":["GET"]}}],"collection":[{"href":"https:\/\/alfequipment.com\/de\/wp-json\/wp\/v2\/product"}],"about":[{"href":"https:\/\/alfequipment.com\/de\/wp-json\/wp\/v2\/types\/product"}],"replies":[{"embeddable":true,"href":"https:\/\/alfequipment.com\/de\/wp-json\/wp\/v2\/comments?post=2928"}],"version-history":[{"count":0,"href":"https:\/\/alfequipment.com\/de\/wp-json\/wp\/v2\/product\/2928\/revisions"}],"wp:featuredmedia":[{"embeddable":true,"href":"https:\/\/alfequipment.com\/de\/wp-json\/wp\/v2\/media\/2690"}],"wp:attachment":[{"href":"https:\/\/alfequipment.com\/de\/wp-json\/wp\/v2\/media?parent=2928"}],"wp:term":[{"taxonomy":"product_brand","embeddable":true,"href":"https:\/\/alfequipment.com\/de\/wp-json\/wp\/v2\/product_brand?post=2928"},{"taxonomy":"product_cat","embeddable":true,"href":"https:\/\/alfequipment.com\/de\/wp-json\/wp\/v2\/product_cat?post=2928"},{"taxonomy":"product_tag","embeddable":true,"href":"https:\/\/alfequipment.com\/de\/wp-json\/wp\/v2\/product_tag?post=2928"}],"curies":[{"name":"wp","href":"https:\/\/api.w.org\/{rel}","templated":true}]}}