{"id":2930,"date":"2025-01-12T21:15:16","date_gmt":"2025-01-12T21:15:16","guid":{"rendered":"https:\/\/alfequipment.com\/product\/dz-88-easy-operation-small-adhesive-tape-manual-bag-baling-machine\/"},"modified":"2025-01-13T13:08:58","modified_gmt":"2025-01-13T13:08:58","slug":"dz-88-leicht-zu-bedienende-manuelle-sackballenpresse-mit-klebeband","status":"publish","type":"product","link":"https:\/\/alfequipment.com\/de\/product\/dz-88-leicht-zu-bedienende-manuelle-sackballenpresse-mit-klebeband\/","title":{"rendered":"DZ-88 Einfach zu bedienende manuelle Klebeband-Sackballenmaschine"},"content":{"rendered":"<div id=\"ali-anchor-AliPostDhMb-0q4fy\" class=\"mceSectionContainer\" style=\"padding-top: 8px;\" data-section=\"AliPostDhMb-0q4fy\" data-section-title=\"Product Description\">\n<div style=\"padding: 10px;\">\n<p><span style=\"line-height: 24px; font-family: Arial, Helvetica; font-size: 16px;\">Dieser Beutelverschlie\u00dfer ist leicht, langlebig und einfach zu bedienen und wird h\u00e4ufig zum Verschlie\u00dfen von Plastikt\u00fcten verwendet.<\/span><\/p>\n<\/p><\/div>\n<\/div>\n<p align=\"left\" style=\"border: 0px; font-family: Arial,Helvetica; line-height: 15px; vertical-align: baseline;\">&nbsp;<\/p>\n<p style=\"border: 0px; font-family: Arial,Helvetica; line-height: 15px; vertical-align: baseline;\"><span style=\"font-size: 16px;\">Spezifikation:<\/span><\/p>\n<table class=\"aliDataTable\" style=\"width: 80%;\" border=\"1\">\n<tbody>\n<tr>\n<td><span style=\"font-size: 16px;\">Modell<\/span><\/td>\n<td><span style=\"font-size: 16px;\">DZ-88<\/span><\/td>\n<\/tr>\n<tr>\n<td><span style=\"font-family: Arial, Helvetica; font-size: 16px; line-height: 24px;\"> Umreifungsmaterial <\/span><\/td>\n<td><span style=\"font-family: Arial, Helvetica; font-size: 16px; line-height: 24px;\"> Klebeband <\/span><\/td>\n<\/tr>\n<tr>\n<td><span style=\"font-family: Arial, Helvetica; font-size: 16px; line-height: 24px;\"> Betriebsart <\/span><\/td>\n<td><span style=\"font-family: Arial, Helvetica; font-size: 16px; line-height: 24px;\"> Handbuch <\/span><\/td>\n<\/tr>\n<tr>\n<td><span style=\"font-family: Arial, Helvetica; font-size: 16px; line-height: 24px;\"> Anwendbarer Ort <\/span><\/td>\n<td><span style=\"font-family: Arial, Helvetica; font-size: 16px; line-height: 24px;\"> Supermarkt &amp; Verbrauchermarkt <\/span><\/td>\n<\/tr>\n<tr>\n<td><span style=\"font-family: Arial, Helvetica; font-size: 16px; line-height: 24px;\"> Gr\u00f6\u00dfe <\/span><\/td>\n<td><span style=\"font-family: Arial, Helvetica; font-size: 16px; line-height: 24px;\"> 220*71*150mm <\/span><\/td>\n<\/tr>\n<tr>\n<td><span style=\"font-family: Arial, Helvetica; font-size: 16px; line-height: 24px;\"> N.W <\/span><\/td>\n<td><span style=\"font-family: Arial, Helvetica; font-size: 16px; line-height: 24px;\"> 1KG <\/span><\/td>\n<\/tr>\n<\/tbody>\n<\/table>\n<p style=\"border: 0px; font-family: Arial,Helvetica; line-height: 15px; vertical-align: baseline;\">&nbsp;<\/p>\n<p><span style=\"font-size: 16px;\">Wir k\u00f6nnen auch das Band liefern<\/span><\/p>\n<p>&nbsp;<\/p>\n<div id=\"ali-anchor-AliPostDhMb-wodhd\" class=\"mceSectionContainer\" style=\"padding-top: 8px;\" data-section=\"AliPostDhMb-wodhd\" data-section-title=\"Packaging &amp; Shipping\">\n<div id=\"ali-title-AliPostDhMb-wodhd\" style=\"padding: 8px 0; border-bottom: 1px solid #ddd;\"><\/div>\n<\/div>","protected":false},"excerpt":{"rendered":"<p>Einfach zu bedienende manuelle Klebeband-Sackb\u00fcndelmaschine<\/p>","protected":false},"featured_media":2694,"comment_status":"closed","ping_status":"open","template":"","meta":[],"product_brand":[],"product_cat":[102],"product_tag":[],"class_list":{"0":"post-2930","1":"product","2":"type-product","3":"status-publish","4":"has-post-thumbnail","6":"product_cat-packaging-machines","8":"first","9":"instock","10":"sale","11":"purchasable","12":"product-type-simple"},"yoast_head":"<!-- This site is optimized with the Yoast SEO Premium plugin v20.9 (Yoast SEO v26.5) - https:\/\/yoast.com\/wordpress\/plugins\/seo\/ -->\n<title>DZ-88 Easy operation Small Adhesive Tape Manual Bag Baling machine - ALF PACK<\/title>\n<meta name=\"robots\" content=\"index, follow, max-snippet:-1, max-image-preview:large, max-video-preview:-1\" \/>\n<link rel=\"canonical\" href=\"https:\/\/alfequipment.com\/de\/product\/dz-88-leicht-zu-bedienende-manuelle-sackballenpresse-mit-klebeband\/\" \/>\n<meta property=\"og:locale\" content=\"de_DE\" \/>\n<meta property=\"og:type\" content=\"article\" \/>\n<meta property=\"og:title\" content=\"DZ-88 Easy operation Small Adhesive Tape Manual Bag Baling machine\" \/>\n<meta property=\"og:description\" content=\"Easy Operation Small Adhesive Tape Manual Bag Baling Machine\" \/>\n<meta property=\"og:url\" content=\"https:\/\/alfequipment.com\/de\/product\/dz-88-leicht-zu-bedienende-manuelle-sackballenpresse-mit-klebeband\/\" \/>\n<meta property=\"og:site_name\" content=\"ALF PACK\" \/>\n<meta property=\"article:modified_time\" content=\"2025-01-13T13:08:58+00:00\" \/>\n<meta property=\"og:image\" content=\"https:\/\/alfequipment.com\/wp-content\/uploads\/2025\/01\/DZ-88-Easy-operation-Small-Adhesive-Tape.jpg\" \/>\n\t<meta property=\"og:image:width\" content=\"800\" \/>\n\t<meta property=\"og:image:height\" content=\"800\" \/>\n\t<meta property=\"og:image:type\" content=\"image\/webp\" \/>\n<meta name=\"twitter:card\" content=\"summary_large_image\" \/>\n<script type=\"application\/ld+json\" class=\"yoast-schema-graph\">{\"@context\":\"https:\/\/schema.org\",\"@graph\":[{\"@type\":\"WebPage\",\"@id\":\"https:\/\/alfequipment.com\/product\/dz-88-easy-operation-small-adhesive-tape-manual-bag-baling-machine\/\",\"url\":\"https:\/\/alfequipment.com\/product\/dz-88-easy-operation-small-adhesive-tape-manual-bag-baling-machine\/\",\"name\":\"DZ-88 Easy operation Small Adhesive Tape Manual Bag Baling machine - ALF PACK\",\"isPartOf\":{\"@id\":\"https:\/\/alfequipment.com\/#website\"},\"primaryImageOfPage\":{\"@id\":\"https:\/\/alfequipment.com\/product\/dz-88-easy-operation-small-adhesive-tape-manual-bag-baling-machine\/#primaryimage\"},\"image\":{\"@id\":\"https:\/\/alfequipment.com\/product\/dz-88-easy-operation-small-adhesive-tape-manual-bag-baling-machine\/#primaryimage\"},\"thumbnailUrl\":\"https:\/\/alfequipment.com\/wp-content\/uploads\/2025\/01\/DZ-88-Easy-operation-Small-Adhesive-Tape.jpg\",\"datePublished\":\"2025-01-12T21:15:16+00:00\",\"dateModified\":\"2025-01-13T13:08:58+00:00\",\"breadcrumb\":{\"@id\":\"https:\/\/alfequipment.com\/product\/dz-88-easy-operation-small-adhesive-tape-manual-bag-baling-machine\/#breadcrumb\"},\"inLanguage\":\"de\",\"potentialAction\":[{\"@type\":\"ReadAction\",\"target\":[\"https:\/\/alfequipment.com\/product\/dz-88-easy-operation-small-adhesive-tape-manual-bag-baling-machine\/\"]}]},{\"@type\":\"ImageObject\",\"inLanguage\":\"de\",\"@id\":\"https:\/\/alfequipment.com\/product\/dz-88-easy-operation-small-adhesive-tape-manual-bag-baling-machine\/#primaryimage\",\"url\":\"https:\/\/alfequipment.com\/wp-content\/uploads\/2025\/01\/DZ-88-Easy-operation-Small-Adhesive-Tape.jpg\",\"contentUrl\":\"https:\/\/alfequipment.com\/wp-content\/uploads\/2025\/01\/DZ-88-Easy-operation-Small-Adhesive-Tape.jpg\",\"width\":800,\"height\":800},{\"@type\":\"BreadcrumbList\",\"@id\":\"https:\/\/alfequipment.com\/product\/dz-88-easy-operation-small-adhesive-tape-manual-bag-baling-machine\/#breadcrumb\",\"itemListElement\":[{\"@type\":\"ListItem\",\"position\":1,\"name\":\"Home\",\"item\":\"https:\/\/alfequipment.com\/\"},{\"@type\":\"ListItem\",\"position\":2,\"name\":\"Shop\",\"item\":\"https:\/\/alfequipment.com\/shop\/\"},{\"@type\":\"ListItem\",\"position\":3,\"name\":\"DZ-88 Easy operation Small Adhesive Tape Manual Bag Baling machine\"}]},{\"@type\":\"WebSite\",\"@id\":\"https:\/\/alfequipment.com\/#website\",\"url\":\"https:\/\/alfequipment.com\/\",\"name\":\"ALF PACK\",\"description\":\"\",\"publisher\":{\"@id\":\"https:\/\/alfequipment.com\/#organization\"},\"potentialAction\":[{\"@type\":\"SearchAction\",\"target\":{\"@type\":\"EntryPoint\",\"urlTemplate\":\"https:\/\/alfequipment.com\/?s={search_term_string}\"},\"query-input\":{\"@type\":\"PropertyValueSpecification\",\"valueRequired\":true,\"valueName\":\"search_term_string\"}}],\"inLanguage\":\"de\"},{\"@type\":\"Organization\",\"@id\":\"https:\/\/alfequipment.com\/#organization\",\"name\":\"ALF PACK\",\"url\":\"https:\/\/alfequipment.com\/\",\"logo\":{\"@type\":\"ImageObject\",\"inLanguage\":\"de\",\"@id\":\"https:\/\/alfequipment.com\/#\/schema\/logo\/image\/\",\"url\":\"https:\/\/alfequipment.com\/wp-content\/uploads\/2024\/11\/ALFlogo-2.webp\",\"contentUrl\":\"https:\/\/alfequipment.com\/wp-content\/uploads\/2024\/11\/ALFlogo-2.webp\",\"width\":758,\"height\":750,\"caption\":\"ALF PACK\"},\"image\":{\"@id\":\"https:\/\/alfequipment.com\/#\/schema\/logo\/image\/\"}}]}<\/script>\n<!-- \/ Yoast SEO Premium plugin. -->","yoast_head_json":{"title":"DZ-88 Einfache Bedienung Klebeband Manuelle Sackballenpresse - ALF PACK","robots":{"index":"index","follow":"follow","max-snippet":"max-snippet:-1","max-image-preview":"max-image-preview:large","max-video-preview":"max-video-preview:-1"},"canonical":"https:\/\/alfequipment.com\/de\/product\/dz-88-leicht-zu-bedienende-manuelle-sackballenpresse-mit-klebeband\/","og_locale":"de_DE","og_type":"article","og_title":"DZ-88 Easy operation Small Adhesive Tape Manual Bag Baling machine","og_description":"Easy Operation Small Adhesive Tape Manual Bag Baling Machine","og_url":"https:\/\/alfequipment.com\/de\/product\/dz-88-leicht-zu-bedienende-manuelle-sackballenpresse-mit-klebeband\/","og_site_name":"ALF PACK","article_modified_time":"2025-01-13T13:08:58+00:00","og_image":[{"width":800,"height":800,"url":"https:\/\/alfequipment.com\/wp-content\/uploads\/2025\/01\/DZ-88-Easy-operation-Small-Adhesive-Tape.jpg","type":"image\/webp"}],"twitter_card":"summary_large_image","schema":{"@context":"https:\/\/schema.org","@graph":[{"@type":"WebPage","@id":"https:\/\/alfequipment.com\/product\/dz-88-easy-operation-small-adhesive-tape-manual-bag-baling-machine\/","url":"https:\/\/alfequipment.com\/product\/dz-88-easy-operation-small-adhesive-tape-manual-bag-baling-machine\/","name":"DZ-88 Einfache Bedienung Klebeband Manuelle Sackballenpresse - ALF PACK","isPartOf":{"@id":"https:\/\/alfequipment.com\/#website"},"primaryImageOfPage":{"@id":"https:\/\/alfequipment.com\/product\/dz-88-easy-operation-small-adhesive-tape-manual-bag-baling-machine\/#primaryimage"},"image":{"@id":"https:\/\/alfequipment.com\/product\/dz-88-easy-operation-small-adhesive-tape-manual-bag-baling-machine\/#primaryimage"},"thumbnailUrl":"https:\/\/alfequipment.com\/wp-content\/uploads\/2025\/01\/DZ-88-Easy-operation-Small-Adhesive-Tape.jpg","datePublished":"2025-01-12T21:15:16+00:00","dateModified":"2025-01-13T13:08:58+00:00","breadcrumb":{"@id":"https:\/\/alfequipment.com\/product\/dz-88-easy-operation-small-adhesive-tape-manual-bag-baling-machine\/#breadcrumb"},"inLanguage":"de","potentialAction":[{"@type":"ReadAction","target":["https:\/\/alfequipment.com\/product\/dz-88-easy-operation-small-adhesive-tape-manual-bag-baling-machine\/"]}]},{"@type":"ImageObject","inLanguage":"de","@id":"https:\/\/alfequipment.com\/product\/dz-88-easy-operation-small-adhesive-tape-manual-bag-baling-machine\/#primaryimage","url":"https:\/\/alfequipment.com\/wp-content\/uploads\/2025\/01\/DZ-88-Easy-operation-Small-Adhesive-Tape.jpg","contentUrl":"https:\/\/alfequipment.com\/wp-content\/uploads\/2025\/01\/DZ-88-Easy-operation-Small-Adhesive-Tape.jpg","width":800,"height":800},{"@type":"BreadcrumbList","@id":"https:\/\/alfequipment.com\/product\/dz-88-easy-operation-small-adhesive-tape-manual-bag-baling-machine\/#breadcrumb","itemListElement":[{"@type":"ListItem","position":1,"name":"Home","item":"https:\/\/alfequipment.com\/"},{"@type":"ListItem","position":2,"name":"Shop","item":"https:\/\/alfequipment.com\/shop\/"},{"@type":"ListItem","position":3,"name":"DZ-88 Easy operation Small Adhesive Tape Manual Bag Baling machine"}]},{"@type":"WebSite","@id":"https:\/\/alfequipment.com\/#website","url":"https:\/\/alfequipment.com\/","name":"ALF PACK","description":"","publisher":{"@id":"https:\/\/alfequipment.com\/#organization"},"potentialAction":[{"@type":"SearchAction","target":{"@type":"EntryPoint","urlTemplate":"https:\/\/alfequipment.com\/?s={search_term_string}"},"query-input":{"@type":"PropertyValueSpecification","valueRequired":true,"valueName":"search_term_string"}}],"inLanguage":"de"},{"@type":"Organization","@id":"https:\/\/alfequipment.com\/#organization","name":"ALF PACK","url":"https:\/\/alfequipment.com\/","logo":{"@type":"ImageObject","inLanguage":"de","@id":"https:\/\/alfequipment.com\/#\/schema\/logo\/image\/","url":"https:\/\/alfequipment.com\/wp-content\/uploads\/2024\/11\/ALFlogo-2.webp","contentUrl":"https:\/\/alfequipment.com\/wp-content\/uploads\/2024\/11\/ALFlogo-2.webp","width":758,"height":750,"caption":"ALF PACK"},"image":{"@id":"https:\/\/alfequipment.com\/#\/schema\/logo\/image\/"}}]}},"_links":{"self":[{"href":"https:\/\/alfequipment.com\/de\/wp-json\/wp\/v2\/product\/2930","targetHints":{"allow":["GET"]}}],"collection":[{"href":"https:\/\/alfequipment.com\/de\/wp-json\/wp\/v2\/product"}],"about":[{"href":"https:\/\/alfequipment.com\/de\/wp-json\/wp\/v2\/types\/product"}],"replies":[{"embeddable":true,"href":"https:\/\/alfequipment.com\/de\/wp-json\/wp\/v2\/comments?post=2930"}],"version-history":[{"count":0,"href":"https:\/\/alfequipment.com\/de\/wp-json\/wp\/v2\/product\/2930\/revisions"}],"wp:featuredmedia":[{"embeddable":true,"href":"https:\/\/alfequipment.com\/de\/wp-json\/wp\/v2\/media\/2694"}],"wp:attachment":[{"href":"https:\/\/alfequipment.com\/de\/wp-json\/wp\/v2\/media?parent=2930"}],"wp:term":[{"taxonomy":"product_brand","embeddable":true,"href":"https:\/\/alfequipment.com\/de\/wp-json\/wp\/v2\/product_brand?post=2930"},{"taxonomy":"product_cat","embeddable":true,"href":"https:\/\/alfequipment.com\/de\/wp-json\/wp\/v2\/product_cat?post=2930"},{"taxonomy":"product_tag","embeddable":true,"href":"https:\/\/alfequipment.com\/de\/wp-json\/wp\/v2\/product_tag?post=2930"}],"curies":[{"name":"wp","href":"https:\/\/api.w.org\/{rel}","templated":true}]}}