{"id":2931,"date":"2025-01-09T06:40:14","date_gmt":"2025-01-09T06:40:14","guid":{"rendered":"https:\/\/alfequipment.com\/product\/as2000s-hot-sale-automatic-double-tube-liquid-packaging-machine-two-nozzles\/"},"modified":"2025-01-13T13:08:58","modified_gmt":"2025-01-13T13:08:58","slug":"as2000s-heiser-verkauf-automatische-doppelschlauch-flussigkeitsverpackungsmaschine-zwei-dusen","status":"publish","type":"product","link":"https:\/\/alfequipment.com\/de\/product\/as2000s-heiser-verkauf-automatische-doppelschlauch-flussigkeitsverpackungsmaschine-zwei-dusen\/","title":{"rendered":"AS2000S Hei\u00dfer Verkauf Automatische Doppelschlauch-Fl\u00fcssigkeitsverpackungsmaschine (zwei D\u00fcsen)"},"content":{"rendered":"<p><span style=\"font-size: 16px;\">1.<\/span><span style=\"font-size: 12pt; font-family: Verdana, Arial, Helvetica, sans-serif;\">Das Modell AS2000S ist eine automatische Verpackungsmaschine f\u00fcr Fl\u00fcssigkeiten, die sich f\u00fcr die Verpackung verschiedener Fl\u00fcssigkeiten eignet, insbesondere f\u00fcr die Verpackung von Fruchtsaft, Eis und anderen Getr\u00e4nken in Beuteln.<\/span><\/p>\n<p><span style=\"font-size: 12pt; font-family: Verdana, Arial, Helvetica, sans-serif;\">2. die Maschine hat ein doppeltes System der F\u00fcllung, der Beutelformung und der Versiegelung, so dass die Kapazit\u00e4t doppelt so hoch ist wie die einer \u00e4hnlichen automatischen Verpackungsmaschine f\u00fcr Fl\u00fcssigkeiten. <\/span><\/p>\n<p><span style=\"font-size: 12pt; font-family: Verdana, Arial, Helvetica, sans-serif;\">3. zwei separate F\u00fcllung Kolben kann Maschine machen zwei Arten Getr\u00e4nke in der gleichen Zeit.<\/span><\/p>\n<p><span style=\"font-size: 12pt;\">&nbsp;<\/span><\/p>\n<p><span style=\"font-size: 12pt;\">Spezifikation:<\/span><\/p>\n<table class=\"aliDataTable\" border=\"1\" cellspacing=\"0\" cellpadding=\"0\">\n<tbody>\n<tr align=\"left\">\n<td style=\"width: 183.7pt;\" valign=\"top\">\n<p><span style=\"font-size: 12pt;\">Modell<\/span><\/p>\n<\/td>\n<td style=\"width: 158.3pt;\" valign=\"top\">\n<p><span style=\"font-size: 12pt;\">AS2000S<\/span><\/p>\n<\/td>\n<\/tr>\n<tr align=\"left\">\n<td valign=\"top\">\n<p><span style=\"font-size: 12pt;\">Kapazit\u00e4t<\/span><\/p>\n<\/td>\n<td valign=\"top\">\n<p><span style=\"font-size: 12pt;\">2500-3000 S\u00e4cke\/Stunde<\/span><\/p>\n<\/td>\n<\/tr>\n<tr align=\"left\">\n<td valign=\"top\">\n<p><span style=\"font-size: 12pt;\">Volumen der Packung<\/span><\/p>\n<\/td>\n<td valign=\"top\">\n<p><span style=\"font-size: 12pt;\">100ml-250ml X 2<\/span><\/p>\n<\/td>\n<\/tr>\n<tr align=\"left\">\n<td valign=\"top\">\n<p><span style=\"font-size: 12pt;\">Strom<\/span><\/p>\n<\/td>\n<td valign=\"top\">\n<p><span style=\"font-size: 12pt;\">220V\/380V 1,8KW<\/span><\/p>\n<\/td>\n<\/tr>\n<tr align=\"left\">\n<td valign=\"top\">\n<p><span style=\"font-size: 12pt;\">Breite der Folie<\/span><\/p>\n<\/td>\n<td valign=\"top\">\n<p><span style=\"font-size: 12pt;\">90mm-150mm<\/span><\/p>\n<\/td>\n<\/tr>\n<tr align=\"left\">\n<td valign=\"top\">\n<p><span style=\"font-size: 12pt;\">Gewicht<\/span><\/p>\n<\/td>\n<td valign=\"top\">\n<p><span style=\"font-size: 12pt;\">450KGS<\/span><\/p>\n<\/td>\n<\/tr>\n<tr align=\"left\">\n<td valign=\"top\">\n<p><span style=\"font-size: 12pt;\">Gr\u00f6\u00dfe<\/span><\/p>\n<\/td>\n<td valign=\"top\">\n<p><span style=\"font-size: 12pt;\">1050*870*2100mm<\/span><\/p>\n<\/td>\n<\/tr>\n<\/tbody>\n<\/table>\n<p>&nbsp;&nbsp;<\/p>\n<p><img decoding=\"async\" src=\"https:\/\/sc01.alicdn.com\/kf\/Heee260d2d70049389e46e7323df4f6516.jpg\" data-alt=\"AS2000S Hot sale Automatic Double tube Liquid Packaging Machine (two nozzles)\" style=\"width: 691px; height: 225px;\" ori-width=\"700\" ori-height=\"500\" class=\"aligncenter\"><\/p>\n<p>&nbsp;<\/p>\n<p><span style=\"line-height: 27px; font-family: Arial; font-size: 18px;\">Wir k\u00f6nnen Nicht-Standard-Maschinen entsprechend den Kundenanforderungen anpassen.<\/span><\/p>\n<p>&nbsp;<\/p>\n<p><span style=\"line-height: 27px; font-family: Arial; font-size: 18px;\">Erfahren Sie mehr \u00fcber die AS Fl\u00fcssigkeitsverpackungsmaschinen-Serie:<\/span><\/p>\n<p><span style=\"line-height: 27px; font-family: Arial; font-size: 18px;\">1.AS1000&nbsp;&nbsp;<\/span><\/p>\n<p><span style=\"line-height: 27px; font-family: Arial; font-size: 18px;\">2.AS2000<\/span><\/p>\n<p><span style=\"line-height: 27px; font-family: Arial; font-size: 18px;\">3.AS2000P<\/span><\/p>\n<p><span style=\"line-height: 27px; font-family: Arial; font-size: 18px;\">Klicken Sie auf das Modell und es erscheint eine neue Webseite, die Ihnen die Maschine zeigt.<\/span><\/p>\n<p><\/p><\/p>","protected":false},"excerpt":{"rendered":"<p>As2000s Automatischer Doppelschlauch-Fl\u00fcssigkeitsverpacker<\/p>","protected":false},"featured_media":2696,"comment_status":"closed","ping_status":"open","template":"","meta":[],"product_brand":[],"product_cat":[101],"product_tag":[],"class_list":{"0":"post-2931","1":"product","2":"type-product","3":"status-publish","4":"has-post-thumbnail","6":"product_cat-filling-machines","8":"first","9":"instock","10":"sale","11":"purchasable","12":"product-type-simple"},"yoast_head":"<!-- This site is optimized with the Yoast SEO Premium plugin v20.9 (Yoast SEO v26.5) - https:\/\/yoast.com\/wordpress\/plugins\/seo\/ -->\n<title>AS2000S Hot sale Automatic Double tube Liquid Packaging Machine (two nozzles) - ALF PACK<\/title>\n<meta name=\"robots\" content=\"index, follow, max-snippet:-1, max-image-preview:large, max-video-preview:-1\" \/>\n<link rel=\"canonical\" href=\"https:\/\/alfequipment.com\/de\/product\/as2000s-heiser-verkauf-automatische-doppelschlauch-flussigkeitsverpackungsmaschine-zwei-dusen\/\" \/>\n<meta property=\"og:locale\" content=\"de_DE\" \/>\n<meta property=\"og:type\" content=\"article\" \/>\n<meta property=\"og:title\" content=\"AS2000S Hot sale Automatic Double tube Liquid Packaging Machine (two nozzles)\" \/>\n<meta property=\"og:description\" content=\"As2000s Automatic Double Tube Liquid Packager\" \/>\n<meta property=\"og:url\" content=\"https:\/\/alfequipment.com\/de\/product\/as2000s-heiser-verkauf-automatische-doppelschlauch-flussigkeitsverpackungsmaschine-zwei-dusen\/\" \/>\n<meta property=\"og:site_name\" content=\"ALF PACK\" \/>\n<meta property=\"article:modified_time\" content=\"2025-01-13T13:08:58+00:00\" \/>\n<meta property=\"og:image\" content=\"https:\/\/alfequipment.com\/wp-content\/uploads\/2025\/01\/AS2000S-Hot-sale-Automatic-Double-tube-Liquid.jpg\" \/>\n\t<meta property=\"og:image:width\" content=\"800\" \/>\n\t<meta property=\"og:image:height\" content=\"800\" \/>\n\t<meta property=\"og:image:type\" content=\"image\/webp\" \/>\n<meta name=\"twitter:card\" content=\"summary_large_image\" \/>\n<meta name=\"twitter:label1\" content=\"Gesch\u00e4tzte Lesezeit\" \/>\n\t<meta name=\"twitter:data1\" content=\"1\u00a0Minute\" \/>\n<script type=\"application\/ld+json\" class=\"yoast-schema-graph\">{\"@context\":\"https:\/\/schema.org\",\"@graph\":[{\"@type\":\"WebPage\",\"@id\":\"https:\/\/alfequipment.com\/product\/as2000s-hot-sale-automatic-double-tube-liquid-packaging-machine-two-nozzles\/\",\"url\":\"https:\/\/alfequipment.com\/product\/as2000s-hot-sale-automatic-double-tube-liquid-packaging-machine-two-nozzles\/\",\"name\":\"AS2000S Hot sale Automatic Double tube Liquid Packaging Machine (two nozzles) - ALF PACK\",\"isPartOf\":{\"@id\":\"https:\/\/alfequipment.com\/#website\"},\"primaryImageOfPage\":{\"@id\":\"https:\/\/alfequipment.com\/product\/as2000s-hot-sale-automatic-double-tube-liquid-packaging-machine-two-nozzles\/#primaryimage\"},\"image\":{\"@id\":\"https:\/\/alfequipment.com\/product\/as2000s-hot-sale-automatic-double-tube-liquid-packaging-machine-two-nozzles\/#primaryimage\"},\"thumbnailUrl\":\"https:\/\/alfequipment.com\/wp-content\/uploads\/2025\/01\/AS2000S-Hot-sale-Automatic-Double-tube-Liquid.jpg\",\"datePublished\":\"2025-01-09T06:40:14+00:00\",\"dateModified\":\"2025-01-13T13:08:58+00:00\",\"breadcrumb\":{\"@id\":\"https:\/\/alfequipment.com\/product\/as2000s-hot-sale-automatic-double-tube-liquid-packaging-machine-two-nozzles\/#breadcrumb\"},\"inLanguage\":\"de\",\"potentialAction\":[{\"@type\":\"ReadAction\",\"target\":[\"https:\/\/alfequipment.com\/product\/as2000s-hot-sale-automatic-double-tube-liquid-packaging-machine-two-nozzles\/\"]}]},{\"@type\":\"ImageObject\",\"inLanguage\":\"de\",\"@id\":\"https:\/\/alfequipment.com\/product\/as2000s-hot-sale-automatic-double-tube-liquid-packaging-machine-two-nozzles\/#primaryimage\",\"url\":\"https:\/\/alfequipment.com\/wp-content\/uploads\/2025\/01\/AS2000S-Hot-sale-Automatic-Double-tube-Liquid.jpg\",\"contentUrl\":\"https:\/\/alfequipment.com\/wp-content\/uploads\/2025\/01\/AS2000S-Hot-sale-Automatic-Double-tube-Liquid.jpg\",\"width\":800,\"height\":800},{\"@type\":\"BreadcrumbList\",\"@id\":\"https:\/\/alfequipment.com\/product\/as2000s-hot-sale-automatic-double-tube-liquid-packaging-machine-two-nozzles\/#breadcrumb\",\"itemListElement\":[{\"@type\":\"ListItem\",\"position\":1,\"name\":\"Home\",\"item\":\"https:\/\/alfequipment.com\/\"},{\"@type\":\"ListItem\",\"position\":2,\"name\":\"Shop\",\"item\":\"https:\/\/alfequipment.com\/shop\/\"},{\"@type\":\"ListItem\",\"position\":3,\"name\":\"AS2000S Hot sale Automatic Double tube Liquid Packaging Machine (two nozzles)\"}]},{\"@type\":\"WebSite\",\"@id\":\"https:\/\/alfequipment.com\/#website\",\"url\":\"https:\/\/alfequipment.com\/\",\"name\":\"ALF PACK\",\"description\":\"\",\"publisher\":{\"@id\":\"https:\/\/alfequipment.com\/#organization\"},\"potentialAction\":[{\"@type\":\"SearchAction\",\"target\":{\"@type\":\"EntryPoint\",\"urlTemplate\":\"https:\/\/alfequipment.com\/?s={search_term_string}\"},\"query-input\":{\"@type\":\"PropertyValueSpecification\",\"valueRequired\":true,\"valueName\":\"search_term_string\"}}],\"inLanguage\":\"de\"},{\"@type\":\"Organization\",\"@id\":\"https:\/\/alfequipment.com\/#organization\",\"name\":\"ALF PACK\",\"url\":\"https:\/\/alfequipment.com\/\",\"logo\":{\"@type\":\"ImageObject\",\"inLanguage\":\"de\",\"@id\":\"https:\/\/alfequipment.com\/#\/schema\/logo\/image\/\",\"url\":\"https:\/\/alfequipment.com\/wp-content\/uploads\/2024\/11\/ALFlogo-2.webp\",\"contentUrl\":\"https:\/\/alfequipment.com\/wp-content\/uploads\/2024\/11\/ALFlogo-2.webp\",\"width\":758,\"height\":750,\"caption\":\"ALF PACK\"},\"image\":{\"@id\":\"https:\/\/alfequipment.com\/#\/schema\/logo\/image\/\"}}]}<\/script>\n<!-- \/ Yoast SEO Premium plugin. -->","yoast_head_json":{"title":"AS2000S Hei\u00dfer Verkauf Automatische Doppelschlauch-Fl\u00fcssigkeitsverpackungsmaschine (zwei D\u00fcsen) - ALF PACK","robots":{"index":"index","follow":"follow","max-snippet":"max-snippet:-1","max-image-preview":"max-image-preview:large","max-video-preview":"max-video-preview:-1"},"canonical":"https:\/\/alfequipment.com\/de\/product\/as2000s-heiser-verkauf-automatische-doppelschlauch-flussigkeitsverpackungsmaschine-zwei-dusen\/","og_locale":"de_DE","og_type":"article","og_title":"AS2000S Hot sale Automatic Double tube Liquid Packaging Machine (two nozzles)","og_description":"As2000s Automatic Double Tube Liquid Packager","og_url":"https:\/\/alfequipment.com\/de\/product\/as2000s-heiser-verkauf-automatische-doppelschlauch-flussigkeitsverpackungsmaschine-zwei-dusen\/","og_site_name":"ALF PACK","article_modified_time":"2025-01-13T13:08:58+00:00","og_image":[{"width":800,"height":800,"url":"https:\/\/alfequipment.com\/wp-content\/uploads\/2025\/01\/AS2000S-Hot-sale-Automatic-Double-tube-Liquid.jpg","type":"image\/webp"}],"twitter_card":"summary_large_image","twitter_misc":{"Gesch\u00e4tzte Lesezeit":"1\u00a0Minute"},"schema":{"@context":"https:\/\/schema.org","@graph":[{"@type":"WebPage","@id":"https:\/\/alfequipment.com\/product\/as2000s-hot-sale-automatic-double-tube-liquid-packaging-machine-two-nozzles\/","url":"https:\/\/alfequipment.com\/product\/as2000s-hot-sale-automatic-double-tube-liquid-packaging-machine-two-nozzles\/","name":"AS2000S Hei\u00dfer Verkauf Automatische Doppelschlauch-Fl\u00fcssigkeitsverpackungsmaschine (zwei D\u00fcsen) - ALF PACK","isPartOf":{"@id":"https:\/\/alfequipment.com\/#website"},"primaryImageOfPage":{"@id":"https:\/\/alfequipment.com\/product\/as2000s-hot-sale-automatic-double-tube-liquid-packaging-machine-two-nozzles\/#primaryimage"},"image":{"@id":"https:\/\/alfequipment.com\/product\/as2000s-hot-sale-automatic-double-tube-liquid-packaging-machine-two-nozzles\/#primaryimage"},"thumbnailUrl":"https:\/\/alfequipment.com\/wp-content\/uploads\/2025\/01\/AS2000S-Hot-sale-Automatic-Double-tube-Liquid.jpg","datePublished":"2025-01-09T06:40:14+00:00","dateModified":"2025-01-13T13:08:58+00:00","breadcrumb":{"@id":"https:\/\/alfequipment.com\/product\/as2000s-hot-sale-automatic-double-tube-liquid-packaging-machine-two-nozzles\/#breadcrumb"},"inLanguage":"de","potentialAction":[{"@type":"ReadAction","target":["https:\/\/alfequipment.com\/product\/as2000s-hot-sale-automatic-double-tube-liquid-packaging-machine-two-nozzles\/"]}]},{"@type":"ImageObject","inLanguage":"de","@id":"https:\/\/alfequipment.com\/product\/as2000s-hot-sale-automatic-double-tube-liquid-packaging-machine-two-nozzles\/#primaryimage","url":"https:\/\/alfequipment.com\/wp-content\/uploads\/2025\/01\/AS2000S-Hot-sale-Automatic-Double-tube-Liquid.jpg","contentUrl":"https:\/\/alfequipment.com\/wp-content\/uploads\/2025\/01\/AS2000S-Hot-sale-Automatic-Double-tube-Liquid.jpg","width":800,"height":800},{"@type":"BreadcrumbList","@id":"https:\/\/alfequipment.com\/product\/as2000s-hot-sale-automatic-double-tube-liquid-packaging-machine-two-nozzles\/#breadcrumb","itemListElement":[{"@type":"ListItem","position":1,"name":"Home","item":"https:\/\/alfequipment.com\/"},{"@type":"ListItem","position":2,"name":"Shop","item":"https:\/\/alfequipment.com\/shop\/"},{"@type":"ListItem","position":3,"name":"AS2000S Hot sale Automatic Double tube Liquid Packaging Machine (two nozzles)"}]},{"@type":"WebSite","@id":"https:\/\/alfequipment.com\/#website","url":"https:\/\/alfequipment.com\/","name":"ALF PACK","description":"","publisher":{"@id":"https:\/\/alfequipment.com\/#organization"},"potentialAction":[{"@type":"SearchAction","target":{"@type":"EntryPoint","urlTemplate":"https:\/\/alfequipment.com\/?s={search_term_string}"},"query-input":{"@type":"PropertyValueSpecification","valueRequired":true,"valueName":"search_term_string"}}],"inLanguage":"de"},{"@type":"Organization","@id":"https:\/\/alfequipment.com\/#organization","name":"ALF PACK","url":"https:\/\/alfequipment.com\/","logo":{"@type":"ImageObject","inLanguage":"de","@id":"https:\/\/alfequipment.com\/#\/schema\/logo\/image\/","url":"https:\/\/alfequipment.com\/wp-content\/uploads\/2024\/11\/ALFlogo-2.webp","contentUrl":"https:\/\/alfequipment.com\/wp-content\/uploads\/2024\/11\/ALFlogo-2.webp","width":758,"height":750,"caption":"ALF PACK"},"image":{"@id":"https:\/\/alfequipment.com\/#\/schema\/logo\/image\/"}}]}},"_links":{"self":[{"href":"https:\/\/alfequipment.com\/de\/wp-json\/wp\/v2\/product\/2931","targetHints":{"allow":["GET"]}}],"collection":[{"href":"https:\/\/alfequipment.com\/de\/wp-json\/wp\/v2\/product"}],"about":[{"href":"https:\/\/alfequipment.com\/de\/wp-json\/wp\/v2\/types\/product"}],"replies":[{"embeddable":true,"href":"https:\/\/alfequipment.com\/de\/wp-json\/wp\/v2\/comments?post=2931"}],"version-history":[{"count":0,"href":"https:\/\/alfequipment.com\/de\/wp-json\/wp\/v2\/product\/2931\/revisions"}],"wp:featuredmedia":[{"embeddable":true,"href":"https:\/\/alfequipment.com\/de\/wp-json\/wp\/v2\/media\/2696"}],"wp:attachment":[{"href":"https:\/\/alfequipment.com\/de\/wp-json\/wp\/v2\/media?parent=2931"}],"wp:term":[{"taxonomy":"product_brand","embeddable":true,"href":"https:\/\/alfequipment.com\/de\/wp-json\/wp\/v2\/product_brand?post=2931"},{"taxonomy":"product_cat","embeddable":true,"href":"https:\/\/alfequipment.com\/de\/wp-json\/wp\/v2\/product_cat?post=2931"},{"taxonomy":"product_tag","embeddable":true,"href":"https:\/\/alfequipment.com\/de\/wp-json\/wp\/v2\/product_tag?post=2931"}],"curies":[{"name":"wp","href":"https:\/\/api.w.org\/{rel}","templated":true}]}}