{"id":2934,"date":"2024-12-26T21:38:33","date_gmt":"2024-12-26T21:38:33","guid":{"rendered":"https:\/\/alfequipment.com\/product\/gt-series-automatic-straight-line-paste-filler-for-shampoo-yoghurt-oil-tomato-sauce-fruit-jam\/"},"modified":"2025-01-13T13:09:00","modified_gmt":"2025-01-13T13:09:00","slug":"gt-serie-automatischer-geradliniger-pastenabfuller-fur-shampoo-joghurt-ol-tomaten-sauce-obst-marmelade","status":"publish","type":"product","link":"https:\/\/alfequipment.com\/de\/product\/gt-serie-automatischer-geradliniger-pastenabfuller-fur-shampoo-joghurt-ol-tomaten-sauce-obst-marmelade\/","title":{"rendered":"GT Serie Automatischer geradliniger Pastenf\u00fcller f\u00fcr Shampoo Joghurt \u00d6l Tomatensauce Fruchtmarmelade"},"content":{"rendered":"<div id=\"ali-anchor-description\" data-section=\"description\">\n<p><span style=\"font-size: 16px;\">Diese Maschine ist weit verbreitet in der Abf\u00fcllung von halbfl\u00fcssigen Fl\u00fcssigkeiten, wie Fl\u00fcssigseife, Shampoo, \u00d6l usw.<\/span><\/p>\n<p><span style=\"font-size: 16px;\">SPS-Steuerung, Touchscreen-Bedienung, Kolbenpumpenabf\u00fcllsystem mit konstanter Leistung.<\/span><\/p>\n<p><span style=\"font-size: 16px;\">Tauchf\u00fcllsystem f\u00fcr fl\u00fcssige Schaumstoffe, wie z. B. Shampoo.<\/span><\/p>\n<p>&nbsp;<\/p>\n<p>&nbsp;<\/p>\n<p><span style=\"font-size: 16px;\">Spezifikation:<\/span><\/p>\n<p>&nbsp;<\/p>\n<table class=\"aliDataTable\" border=\"0\">\n<tbody>\n<tr>\n<td width=\"172\">\n<p>Modell<\/p>\n<\/td>\n<td width=\"99\">\n<p>GT-2<\/p>\n<\/td>\n<td width=\"98\">\n<p>GT-4<\/p>\n<\/td>\n<td width=\"99\">\n<p>GT-6<\/p>\n<\/td>\n<td width=\"100\">\n<p>GT-8<\/p>\n<\/td>\n<\/tr>\n<tr>\n<td width=\"172\">\n<p>F\u00fcllung des Produkts<\/p>\n<\/td>\n<td colspan=\"4\" width=\"396\">\n<p>Halbfl\u00fcssig; Paste<\/p>\n<\/td>\n<\/tr>\n<tr>\n<td width=\"172\">\n<p>Einf\u00fcllstutzen<\/p>\n<\/td>\n<td width=\"99\">\n<p>2<\/p>\n<\/td>\n<td width=\"98\">\n<p>4<\/p>\n<\/td>\n<td width=\"99\">\n<p>6<\/p>\n<\/td>\n<td width=\"100\">\n<p>8<\/p>\n<\/td>\n<\/tr>\n<tr>\n<td width=\"172\">\n<p>Idealer Abf\u00fcllbereich<\/p>\n<\/td>\n<td colspan=\"4\" width=\"396\">\n<p>20-100ml\/50-250ml\/100-500ml\/200-1000ml\/500-2500ml\/<\/p>\n<p>1000-5000ml<\/p>\n<\/td>\n<\/tr>\n<tr>\n<td width=\"172\">\n<p>Abf\u00fcllgeschwindigkeit (1000ml)<\/p>\n<\/td>\n<td width=\"99\">\n<p>480B\/H<\/p>\n<\/td>\n<td width=\"98\">\n<p>960B\/H<\/p>\n<\/td>\n<td width=\"99\">\n<p>1440B\/H<\/p>\n<\/td>\n<td width=\"100\">\n<p>1920B\/H<\/p>\n<\/td>\n<\/tr>\n<tr>\n<td width=\"172\">\n<p>Pr\u00e4zision beim F\u00fcllen<\/p>\n<\/td>\n<td colspan=\"4\" width=\"396\">\n<p>20-1000ml\u22641% 1000-5000ml\u22640.5%<\/p>\n<\/td>\n<\/tr>\n<tr>\n<td width=\"172\">\n<p>Luftverbrauch<\/p>\n<\/td>\n<td width=\"99\">\n<p>0,17m\u00b3\/min<\/p>\n<\/td>\n<td width=\"98\">\n<p>0,25m\u00b3\/min<\/p>\n<\/td>\n<td width=\"99\">\n<p>0,25m\u00b3\/min<\/p>\n<\/td>\n<td width=\"100\">\n<p>0,36m\u00b3\/min<\/p>\n<\/td>\n<\/tr>\n<tr>\n<td width=\"172\">\n<p>Stromversorgung<\/p>\n<\/td>\n<td colspan=\"4\" width=\"396\">\n<p>110V220V 50\/60HZ<\/p>\n<\/td>\n<\/tr>\n<tr>\n<td width=\"172\">\n<p>Stromverbrauch<\/p>\n<\/td>\n<td width=\"99\">\n<p>0,75 kW<\/p>\n<\/td>\n<td width=\"98\">\n<p>1KW<\/p>\n<\/td>\n<td width=\"99\">\n<p>1KW<\/p>\n<\/td>\n<td width=\"100\">\n<p>1KW<\/p>\n<\/td>\n<\/tr>\n<\/tbody>\n<\/table>\n<div id=\"ali-anchor-packaging\" style=\"margin-top: 15px; height: auto;\" data-section=\"packaging\"><\/div>\n<\/div>","protected":false},"excerpt":{"rendered":"<p>Automatische gerade Linie Pastenf\u00fcller f\u00fcr Shampoo Joghurt \u00d6l Tomatensauce Fruchtkonfit\u00fcre<\/p>","protected":false},"featured_media":2702,"comment_status":"closed","ping_status":"open","template":"","meta":[],"product_brand":[],"product_cat":[101],"product_tag":[],"class_list":{"0":"post-2934","1":"product","2":"type-product","3":"status-publish","4":"has-post-thumbnail","6":"product_cat-filling-machines","8":"first","9":"instock","10":"sale","11":"purchasable","12":"product-type-simple"},"yoast_head":"<!-- This site is optimized with the Yoast SEO Premium plugin v20.9 (Yoast SEO v26.5) - https:\/\/yoast.com\/wordpress\/plugins\/seo\/ -->\n<title>GT Series Automatic straight line paste filler for shampoo yoghurt oil tomato sauce fruit jam - ALF PACK<\/title>\n<meta name=\"robots\" content=\"index, follow, max-snippet:-1, max-image-preview:large, max-video-preview:-1\" \/>\n<link rel=\"canonical\" href=\"https:\/\/alfequipment.com\/de\/product\/gt-serie-automatischer-geradliniger-pastenabfuller-fur-shampoo-joghurt-ol-tomaten-sauce-obst-marmelade\/\" \/>\n<meta property=\"og:locale\" content=\"de_DE\" \/>\n<meta property=\"og:type\" content=\"article\" \/>\n<meta property=\"og:title\" content=\"GT Series Automatic straight line paste filler for shampoo yoghurt oil tomato sauce fruit jam\" \/>\n<meta property=\"og:description\" content=\"Automatic Straight Line Paste Filler For Shampoo Yoghurt Oil Tomato Sauce Fruit Jam\" \/>\n<meta property=\"og:url\" content=\"https:\/\/alfequipment.com\/de\/product\/gt-serie-automatischer-geradliniger-pastenabfuller-fur-shampoo-joghurt-ol-tomaten-sauce-obst-marmelade\/\" \/>\n<meta property=\"og:site_name\" content=\"ALF PACK\" \/>\n<meta property=\"article:modified_time\" content=\"2025-01-13T13:09:00+00:00\" \/>\n<meta property=\"og:image\" content=\"https:\/\/alfequipment.com\/wp-content\/uploads\/2025\/01\/GT-Series-Automatic-straight-line-paste-filler.jpg\" \/>\n\t<meta property=\"og:image:width\" content=\"800\" \/>\n\t<meta property=\"og:image:height\" content=\"800\" \/>\n\t<meta property=\"og:image:type\" content=\"image\/webp\" \/>\n<meta name=\"twitter:card\" content=\"summary_large_image\" \/>\n<meta name=\"twitter:label1\" content=\"Gesch\u00e4tzte Lesezeit\" \/>\n\t<meta name=\"twitter:data1\" content=\"1\u00a0Minute\" \/>\n<script type=\"application\/ld+json\" class=\"yoast-schema-graph\">{\"@context\":\"https:\/\/schema.org\",\"@graph\":[{\"@type\":\"WebPage\",\"@id\":\"https:\/\/alfequipment.com\/product\/gt-series-automatic-straight-line-paste-filler-for-shampoo-yoghurt-oil-tomato-sauce-fruit-jam\/\",\"url\":\"https:\/\/alfequipment.com\/product\/gt-series-automatic-straight-line-paste-filler-for-shampoo-yoghurt-oil-tomato-sauce-fruit-jam\/\",\"name\":\"GT Series Automatic straight line paste filler for shampoo yoghurt oil tomato sauce fruit jam - ALF PACK\",\"isPartOf\":{\"@id\":\"https:\/\/alfequipment.com\/#website\"},\"primaryImageOfPage\":{\"@id\":\"https:\/\/alfequipment.com\/product\/gt-series-automatic-straight-line-paste-filler-for-shampoo-yoghurt-oil-tomato-sauce-fruit-jam\/#primaryimage\"},\"image\":{\"@id\":\"https:\/\/alfequipment.com\/product\/gt-series-automatic-straight-line-paste-filler-for-shampoo-yoghurt-oil-tomato-sauce-fruit-jam\/#primaryimage\"},\"thumbnailUrl\":\"https:\/\/alfequipment.com\/wp-content\/uploads\/2025\/01\/GT-Series-Automatic-straight-line-paste-filler.jpg\",\"datePublished\":\"2024-12-26T21:38:33+00:00\",\"dateModified\":\"2025-01-13T13:09:00+00:00\",\"breadcrumb\":{\"@id\":\"https:\/\/alfequipment.com\/product\/gt-series-automatic-straight-line-paste-filler-for-shampoo-yoghurt-oil-tomato-sauce-fruit-jam\/#breadcrumb\"},\"inLanguage\":\"de\",\"potentialAction\":[{\"@type\":\"ReadAction\",\"target\":[\"https:\/\/alfequipment.com\/product\/gt-series-automatic-straight-line-paste-filler-for-shampoo-yoghurt-oil-tomato-sauce-fruit-jam\/\"]}]},{\"@type\":\"ImageObject\",\"inLanguage\":\"de\",\"@id\":\"https:\/\/alfequipment.com\/product\/gt-series-automatic-straight-line-paste-filler-for-shampoo-yoghurt-oil-tomato-sauce-fruit-jam\/#primaryimage\",\"url\":\"https:\/\/alfequipment.com\/wp-content\/uploads\/2025\/01\/GT-Series-Automatic-straight-line-paste-filler.jpg\",\"contentUrl\":\"https:\/\/alfequipment.com\/wp-content\/uploads\/2025\/01\/GT-Series-Automatic-straight-line-paste-filler.jpg\",\"width\":800,\"height\":800},{\"@type\":\"BreadcrumbList\",\"@id\":\"https:\/\/alfequipment.com\/product\/gt-series-automatic-straight-line-paste-filler-for-shampoo-yoghurt-oil-tomato-sauce-fruit-jam\/#breadcrumb\",\"itemListElement\":[{\"@type\":\"ListItem\",\"position\":1,\"name\":\"Home\",\"item\":\"https:\/\/alfequipment.com\/\"},{\"@type\":\"ListItem\",\"position\":2,\"name\":\"Shop\",\"item\":\"https:\/\/alfequipment.com\/shop\/\"},{\"@type\":\"ListItem\",\"position\":3,\"name\":\"GT Series Automatic straight line paste filler for shampoo yoghurt oil tomato sauce fruit jam\"}]},{\"@type\":\"WebSite\",\"@id\":\"https:\/\/alfequipment.com\/#website\",\"url\":\"https:\/\/alfequipment.com\/\",\"name\":\"ALF PACK\",\"description\":\"\",\"publisher\":{\"@id\":\"https:\/\/alfequipment.com\/#organization\"},\"potentialAction\":[{\"@type\":\"SearchAction\",\"target\":{\"@type\":\"EntryPoint\",\"urlTemplate\":\"https:\/\/alfequipment.com\/?s={search_term_string}\"},\"query-input\":{\"@type\":\"PropertyValueSpecification\",\"valueRequired\":true,\"valueName\":\"search_term_string\"}}],\"inLanguage\":\"de\"},{\"@type\":\"Organization\",\"@id\":\"https:\/\/alfequipment.com\/#organization\",\"name\":\"ALF PACK\",\"url\":\"https:\/\/alfequipment.com\/\",\"logo\":{\"@type\":\"ImageObject\",\"inLanguage\":\"de\",\"@id\":\"https:\/\/alfequipment.com\/#\/schema\/logo\/image\/\",\"url\":\"https:\/\/alfequipment.com\/wp-content\/uploads\/2024\/11\/ALFlogo-2.webp\",\"contentUrl\":\"https:\/\/alfequipment.com\/wp-content\/uploads\/2024\/11\/ALFlogo-2.webp\",\"width\":758,\"height\":750,\"caption\":\"ALF PACK\"},\"image\":{\"@id\":\"https:\/\/alfequipment.com\/#\/schema\/logo\/image\/\"}}]}<\/script>\n<!-- \/ Yoast SEO Premium plugin. -->","yoast_head_json":{"title":"GT Serie Automatischer geradliniger Pastenf\u00fcller f\u00fcr Shampoo, Joghurt, \u00d6l, Tomatensauce, Marmelade - ALF PACK","robots":{"index":"index","follow":"follow","max-snippet":"max-snippet:-1","max-image-preview":"max-image-preview:large","max-video-preview":"max-video-preview:-1"},"canonical":"https:\/\/alfequipment.com\/de\/product\/gt-serie-automatischer-geradliniger-pastenabfuller-fur-shampoo-joghurt-ol-tomaten-sauce-obst-marmelade\/","og_locale":"de_DE","og_type":"article","og_title":"GT Series Automatic straight line paste filler for shampoo yoghurt oil tomato sauce fruit jam","og_description":"Automatic Straight Line Paste Filler For Shampoo Yoghurt Oil Tomato Sauce Fruit Jam","og_url":"https:\/\/alfequipment.com\/de\/product\/gt-serie-automatischer-geradliniger-pastenabfuller-fur-shampoo-joghurt-ol-tomaten-sauce-obst-marmelade\/","og_site_name":"ALF PACK","article_modified_time":"2025-01-13T13:09:00+00:00","og_image":[{"width":800,"height":800,"url":"https:\/\/alfequipment.com\/wp-content\/uploads\/2025\/01\/GT-Series-Automatic-straight-line-paste-filler.jpg","type":"image\/webp"}],"twitter_card":"summary_large_image","twitter_misc":{"Gesch\u00e4tzte Lesezeit":"1\u00a0Minute"},"schema":{"@context":"https:\/\/schema.org","@graph":[{"@type":"WebPage","@id":"https:\/\/alfequipment.com\/product\/gt-series-automatic-straight-line-paste-filler-for-shampoo-yoghurt-oil-tomato-sauce-fruit-jam\/","url":"https:\/\/alfequipment.com\/product\/gt-series-automatic-straight-line-paste-filler-for-shampoo-yoghurt-oil-tomato-sauce-fruit-jam\/","name":"GT Serie Automatischer geradliniger Pastenf\u00fcller f\u00fcr Shampoo, Joghurt, \u00d6l, Tomatensauce, Marmelade - ALF PACK","isPartOf":{"@id":"https:\/\/alfequipment.com\/#website"},"primaryImageOfPage":{"@id":"https:\/\/alfequipment.com\/product\/gt-series-automatic-straight-line-paste-filler-for-shampoo-yoghurt-oil-tomato-sauce-fruit-jam\/#primaryimage"},"image":{"@id":"https:\/\/alfequipment.com\/product\/gt-series-automatic-straight-line-paste-filler-for-shampoo-yoghurt-oil-tomato-sauce-fruit-jam\/#primaryimage"},"thumbnailUrl":"https:\/\/alfequipment.com\/wp-content\/uploads\/2025\/01\/GT-Series-Automatic-straight-line-paste-filler.jpg","datePublished":"2024-12-26T21:38:33+00:00","dateModified":"2025-01-13T13:09:00+00:00","breadcrumb":{"@id":"https:\/\/alfequipment.com\/product\/gt-series-automatic-straight-line-paste-filler-for-shampoo-yoghurt-oil-tomato-sauce-fruit-jam\/#breadcrumb"},"inLanguage":"de","potentialAction":[{"@type":"ReadAction","target":["https:\/\/alfequipment.com\/product\/gt-series-automatic-straight-line-paste-filler-for-shampoo-yoghurt-oil-tomato-sauce-fruit-jam\/"]}]},{"@type":"ImageObject","inLanguage":"de","@id":"https:\/\/alfequipment.com\/product\/gt-series-automatic-straight-line-paste-filler-for-shampoo-yoghurt-oil-tomato-sauce-fruit-jam\/#primaryimage","url":"https:\/\/alfequipment.com\/wp-content\/uploads\/2025\/01\/GT-Series-Automatic-straight-line-paste-filler.jpg","contentUrl":"https:\/\/alfequipment.com\/wp-content\/uploads\/2025\/01\/GT-Series-Automatic-straight-line-paste-filler.jpg","width":800,"height":800},{"@type":"BreadcrumbList","@id":"https:\/\/alfequipment.com\/product\/gt-series-automatic-straight-line-paste-filler-for-shampoo-yoghurt-oil-tomato-sauce-fruit-jam\/#breadcrumb","itemListElement":[{"@type":"ListItem","position":1,"name":"Home","item":"https:\/\/alfequipment.com\/"},{"@type":"ListItem","position":2,"name":"Shop","item":"https:\/\/alfequipment.com\/shop\/"},{"@type":"ListItem","position":3,"name":"GT Series Automatic straight line paste filler for shampoo yoghurt oil tomato sauce fruit jam"}]},{"@type":"WebSite","@id":"https:\/\/alfequipment.com\/#website","url":"https:\/\/alfequipment.com\/","name":"ALF PACK","description":"","publisher":{"@id":"https:\/\/alfequipment.com\/#organization"},"potentialAction":[{"@type":"SearchAction","target":{"@type":"EntryPoint","urlTemplate":"https:\/\/alfequipment.com\/?s={search_term_string}"},"query-input":{"@type":"PropertyValueSpecification","valueRequired":true,"valueName":"search_term_string"}}],"inLanguage":"de"},{"@type":"Organization","@id":"https:\/\/alfequipment.com\/#organization","name":"ALF PACK","url":"https:\/\/alfequipment.com\/","logo":{"@type":"ImageObject","inLanguage":"de","@id":"https:\/\/alfequipment.com\/#\/schema\/logo\/image\/","url":"https:\/\/alfequipment.com\/wp-content\/uploads\/2024\/11\/ALFlogo-2.webp","contentUrl":"https:\/\/alfequipment.com\/wp-content\/uploads\/2024\/11\/ALFlogo-2.webp","width":758,"height":750,"caption":"ALF PACK"},"image":{"@id":"https:\/\/alfequipment.com\/#\/schema\/logo\/image\/"}}]}},"_links":{"self":[{"href":"https:\/\/alfequipment.com\/de\/wp-json\/wp\/v2\/product\/2934","targetHints":{"allow":["GET"]}}],"collection":[{"href":"https:\/\/alfequipment.com\/de\/wp-json\/wp\/v2\/product"}],"about":[{"href":"https:\/\/alfequipment.com\/de\/wp-json\/wp\/v2\/types\/product"}],"replies":[{"embeddable":true,"href":"https:\/\/alfequipment.com\/de\/wp-json\/wp\/v2\/comments?post=2934"}],"version-history":[{"count":0,"href":"https:\/\/alfequipment.com\/de\/wp-json\/wp\/v2\/product\/2934\/revisions"}],"wp:featuredmedia":[{"embeddable":true,"href":"https:\/\/alfequipment.com\/de\/wp-json\/wp\/v2\/media\/2702"}],"wp:attachment":[{"href":"https:\/\/alfequipment.com\/de\/wp-json\/wp\/v2\/media?parent=2934"}],"wp:term":[{"taxonomy":"product_brand","embeddable":true,"href":"https:\/\/alfequipment.com\/de\/wp-json\/wp\/v2\/product_brand?post=2934"},{"taxonomy":"product_cat","embeddable":true,"href":"https:\/\/alfequipment.com\/de\/wp-json\/wp\/v2\/product_cat?post=2934"},{"taxonomy":"product_tag","embeddable":true,"href":"https:\/\/alfequipment.com\/de\/wp-json\/wp\/v2\/product_tag?post=2934"}],"curies":[{"name":"wp","href":"https:\/\/api.w.org\/{rel}","templated":true}]}}