{"id":2935,"date":"2025-01-05T10:41:05","date_gmt":"2025-01-05T10:41:05","guid":{"rendered":"https:\/\/alfequipment.com\/product\/lgyf-1900b-continuous-induction-sealing-machine-and-automatic-induct-sealer-for-big-bottle\/"},"modified":"2025-01-13T15:02:40","modified_gmt":"2025-01-13T15:02:40","slug":"lgyf-1900b-kontinuierliche-induktionsschweismaschine-und-automatische-induktionsschweismaschine-fur-grose-flaschen","status":"publish","type":"product","link":"https:\/\/alfequipment.com\/de\/product\/lgyf-1900b-kontinuierliche-induktionsschweismaschine-und-automatische-induktionsschweismaschine-fur-grose-flaschen\/","title":{"rendered":"LGYF-1900B Kontinuierliche Induktionsschwei\u00dfmaschine und automatische Induktionsschwei\u00dfmaschine f\u00fcr gro\u00dfe Flaschen"},"content":{"rendered":"<div data-magic-global=\"%7B%22bizId%22%3A17179933680%2C%22pageId%22%3A21050465887%2C%22siteId%22%3A5005331025%7D\" id=\"detail_decorate_root\">\n<div module-id=\"28325876174\" module-title=\"detailProductNavigation\" render=\"true\" class=\"J_module\">\n<div id=\"ali-anchor-AliMagic-kcy8f9\" data-section=\"AliMagic-kcy8f9\" data-section-title=\"Product Description\" class=\"magic-0\"><b class=\"magic-5\" style=\"font-family: &quot;Times New Roman&quot;;\"><span class=\"magic-6\">Das kontinuierliche Induktionssiegelger\u00e4t der Serie LGYF nutzt das Prinzip der elektromagnetischen Induktion, um sofortige hohe Hitze zu erzeugen und die Aluminiumfolie zu schmelzen. Dann haftet sie am Spundloch und erreicht so das Ziel, nassfest, auslaufsicher, schimmelsicher und l\u00e4nger haltbar zu sein. Jetzt ist es weit verbreitet als Siegelverpackungsmaschine in Branchen wie Pharmazeutika, Pestizide, Schmiermittel und Kosmetika verwendet. <\/span><font class=\"magic-7\">usw.<\/font><\/b><\/div>\n<\/div>\n<div module-id=\"28325876175\" module-title=\"detailTextContent\" render=\"true\" class=\"J_module\">\n<div class=\"detail-decorate-json-renderer-container\">\n<div class=\"magic-1\">\n<div class=\"magic-2\">\n<div class=\"magic-3\">\n<div class=\"magic-4\">\n<\/p><\/div>\n<\/p><\/div>\n<\/p><\/div>\n<\/p><\/div>\n<\/p><\/div>\n<\/p><\/div>\n<div module-id=\"28325876176\" module-title=\"detailLeftImageRightTable\" render=\"true\" class=\"J_module\">\n<div class=\"detail-decorate-json-renderer-container\">\n<div class=\"magic-1\">\n<div class=\"magic-8\">\n<div class=\"magic-3\">\n<div class=\"magic-9\">\n       <img decoding=\"async\" src=\"https:\/\/sc04.alicdn.com\/kf\/H6414a574f6c7415b95d58dc9b52d8a281\/64496\/H6414a574f6c7415b95d58dc9b52d8a281.jpg\" class=\"aligncenter\">\n      <\/div>\n<\/p><\/div>\n<\/p><\/div>\n<div class=\"magic-11\">\n<div class=\"magic-3\">\n<div class=\"ife-detail-decorate-table\">\n<table class=\"has-title all magic-12\">\n<tbody>\n<tr>\n<td colspan=\"1\" rowspan=\"1\">\n<div class=\"magic-13\">\n            Modell\n           <\/div>\n<\/td>\n<td colspan=\"1\" rowspan=\"1\">\n<div class=\"magic-14\">\n            LGYF-1900B\n           <\/div>\n<\/td>\n<\/tr>\n<tr>\n<td colspan=\"1\" rowspan=\"1\">\n<div class=\"magic-13\">\n            Spannung\n           <\/div>\n<\/td>\n<td colspan=\"1\" rowspan=\"1\">\n<div class=\"magic-14\">\n            220V 50\/60HZ\n           <\/div>\n<\/td>\n<\/tr>\n<tr>\n<td colspan=\"1\" rowspan=\"1\">\n<div class=\"magic-13\">\n            Strom\n           <\/div>\n<\/td>\n<td colspan=\"1\" rowspan=\"1\">\n<div class=\"magic-14\">\n            2.0KW\n           <\/div>\n<\/td>\n<\/tr>\n<tr>\n<td colspan=\"1\" rowspan=\"1\">\n<div class=\"magic-13\">\n            Kapazit\u00e4t\n           <\/div>\n<\/td>\n<td colspan=\"1\" rowspan=\"1\">\n<div class=\"magic-14\">\n            2-15m\/min\n           <\/div>\n<\/td>\n<\/tr>\n<tr>\n<td colspan=\"1\" rowspan=\"1\">\n<div class=\"magic-13\">\n            Dichtungsdurchmesser\n           <\/div>\n<\/td>\n<td colspan=\"1\" rowspan=\"1\">\n<div class=\"magic-14\">\n            60-150 mm\n           <\/div>\n<\/td>\n<\/tr>\n<tr>\n<td colspan=\"1\" rowspan=\"1\">\n<div class=\"magic-13\">\n            Geeignete H\u00f6he der Flaschen\n           <\/div>\n<\/td>\n<td colspan=\"1\" rowspan=\"1\">\n<div class=\"magic-14\">\n            20-350mm\n           <\/div>\n<\/td>\n<\/tr>\n<tr>\n<td colspan=\"1\" rowspan=\"1\">\n<div class=\"magic-13\">\n            Gewicht der Maschine\n           <\/div>\n<\/td>\n<td colspan=\"1\" rowspan=\"1\">\n<div class=\"magic-14\">\n            37kg\n           <\/div>\n<\/td>\n<\/tr>\n<tr>\n<td colspan=\"1\" rowspan=\"1\">\n<div class=\"magic-13\">\n            Gr\u00f6\u00dfe der Maschine\n           <\/div>\n<\/td>\n<td colspan=\"1\" rowspan=\"1\">\n<div class=\"magic-14\">\n            1200\u00d7360\u00d71350mm\n           <\/div>\n<\/td>\n<\/tr>\n<\/tbody>\n<\/table><\/div>\n<\/p><\/div>\n<\/p><\/div>\n<\/p><\/div>\n<\/p><\/div>\n<\/p><\/div>\n<div module-id=\"28325876177\" module-title=\"detailManyImage\" render=\"true\" class=\"J_module\">\n<div class=\"icbu-pc-detailManyImage magic-15\">\n<div class=\"magic-16\">\n    <img decoding=\"async\" src=\"https:\/\/sc04.alicdn.com\/kf\/H23b1e9c5a3bb4802a625cec84ac8bf13x\/64496\/H23b1e9c5a3bb4802a625cec84ac8bf13x.jpg\" class=\"aligncenter\">\n   <\/div>\n<div class=\"magic-18\">\n    <img decoding=\"async\" src=\"https:\/\/sc04.alicdn.com\/kf\/H538ceb4442ef45799f355feb0e8e8299Q\/64496\/H538ceb4442ef45799f355feb0e8e8299Q.jpg\" class=\"aligncenter\">\n   <\/div>\n<\/p><\/div>\n<\/p><\/div>\n<\/div>","protected":false},"excerpt":{"rendered":"<p>Kontinuierliche automatische Induktionsschwei\u00dfmaschine hoher Qualit\u00e4t<\/p>","protected":false},"featured_media":2704,"comment_status":"closed","ping_status":"open","template":"","meta":[],"product_brand":[],"product_cat":[120,97],"product_tag":[],"class_list":{"0":"post-2935","1":"product","2":"type-product","3":"status-publish","4":"has-post-thumbnail","6":"product_cat-induction-sealer","7":"product_cat-sealing-machines","9":"first","10":"instock","11":"sale","12":"purchasable","13":"product-type-simple"},"yoast_head":"<!-- This site is optimized with the Yoast SEO Premium plugin v20.9 (Yoast SEO v26.5) - https:\/\/yoast.com\/wordpress\/plugins\/seo\/ -->\n<title>LGYF-1900B Continuous Induction Sealing Machine and automatic induct sealer for big bottle - ALF PACK<\/title>\n<meta name=\"robots\" content=\"index, follow, max-snippet:-1, max-image-preview:large, max-video-preview:-1\" \/>\n<link rel=\"canonical\" href=\"https:\/\/alfequipment.com\/de\/product\/lgyf-1900b-kontinuierliche-induktionsschweismaschine-und-automatische-induktionsschweismaschine-fur-grose-flaschen\/\" \/>\n<meta property=\"og:locale\" content=\"de_DE\" \/>\n<meta property=\"og:type\" content=\"article\" \/>\n<meta property=\"og:title\" content=\"LGYF-1900B Continuous Induction Sealing Machine and automatic induct sealer for big bottle\" \/>\n<meta property=\"og:description\" content=\"High Quality Continuous Automatic Induction Sealer\" \/>\n<meta property=\"og:url\" content=\"https:\/\/alfequipment.com\/de\/product\/lgyf-1900b-kontinuierliche-induktionsschweismaschine-und-automatische-induktionsschweismaschine-fur-grose-flaschen\/\" \/>\n<meta property=\"og:site_name\" content=\"ALF PACK\" \/>\n<meta property=\"article:modified_time\" content=\"2025-01-13T15:02:40+00:00\" \/>\n<meta property=\"og:image\" content=\"https:\/\/alfequipment.com\/wp-content\/uploads\/2025\/01\/LGYF-1900B-Continuous-Induction-Sealing-Machine-and.jpg\" \/>\n\t<meta property=\"og:image:width\" content=\"1000\" \/>\n\t<meta property=\"og:image:height\" content=\"1000\" \/>\n\t<meta property=\"og:image:type\" content=\"image\/webp\" \/>\n<meta name=\"twitter:card\" content=\"summary_large_image\" \/>\n<script type=\"application\/ld+json\" class=\"yoast-schema-graph\">{\"@context\":\"https:\/\/schema.org\",\"@graph\":[{\"@type\":\"WebPage\",\"@id\":\"https:\/\/alfequipment.com\/product\/lgyf-1900b-continuous-induction-sealing-machine-and-automatic-induct-sealer-for-big-bottle\/\",\"url\":\"https:\/\/alfequipment.com\/product\/lgyf-1900b-continuous-induction-sealing-machine-and-automatic-induct-sealer-for-big-bottle\/\",\"name\":\"LGYF-1900B Continuous Induction Sealing Machine and automatic induct sealer for big bottle - ALF PACK\",\"isPartOf\":{\"@id\":\"https:\/\/alfequipment.com\/#website\"},\"primaryImageOfPage\":{\"@id\":\"https:\/\/alfequipment.com\/product\/lgyf-1900b-continuous-induction-sealing-machine-and-automatic-induct-sealer-for-big-bottle\/#primaryimage\"},\"image\":{\"@id\":\"https:\/\/alfequipment.com\/product\/lgyf-1900b-continuous-induction-sealing-machine-and-automatic-induct-sealer-for-big-bottle\/#primaryimage\"},\"thumbnailUrl\":\"https:\/\/alfequipment.com\/wp-content\/uploads\/2025\/01\/LGYF-1900B-Continuous-Induction-Sealing-Machine-and.jpg\",\"datePublished\":\"2025-01-05T10:41:05+00:00\",\"dateModified\":\"2025-01-13T15:02:40+00:00\",\"breadcrumb\":{\"@id\":\"https:\/\/alfequipment.com\/product\/lgyf-1900b-continuous-induction-sealing-machine-and-automatic-induct-sealer-for-big-bottle\/#breadcrumb\"},\"inLanguage\":\"de\",\"potentialAction\":[{\"@type\":\"ReadAction\",\"target\":[\"https:\/\/alfequipment.com\/product\/lgyf-1900b-continuous-induction-sealing-machine-and-automatic-induct-sealer-for-big-bottle\/\"]}]},{\"@type\":\"ImageObject\",\"inLanguage\":\"de\",\"@id\":\"https:\/\/alfequipment.com\/product\/lgyf-1900b-continuous-induction-sealing-machine-and-automatic-induct-sealer-for-big-bottle\/#primaryimage\",\"url\":\"https:\/\/alfequipment.com\/wp-content\/uploads\/2025\/01\/LGYF-1900B-Continuous-Induction-Sealing-Machine-and.jpg\",\"contentUrl\":\"https:\/\/alfequipment.com\/wp-content\/uploads\/2025\/01\/LGYF-1900B-Continuous-Induction-Sealing-Machine-and.jpg\",\"width\":1000,\"height\":1000},{\"@type\":\"BreadcrumbList\",\"@id\":\"https:\/\/alfequipment.com\/product\/lgyf-1900b-continuous-induction-sealing-machine-and-automatic-induct-sealer-for-big-bottle\/#breadcrumb\",\"itemListElement\":[{\"@type\":\"ListItem\",\"position\":1,\"name\":\"Home\",\"item\":\"https:\/\/alfequipment.com\/\"},{\"@type\":\"ListItem\",\"position\":2,\"name\":\"Shop\",\"item\":\"https:\/\/alfequipment.com\/shop\/\"},{\"@type\":\"ListItem\",\"position\":3,\"name\":\"LGYF-1900B Continuous Induction Sealing Machine and automatic induct sealer for big bottle\"}]},{\"@type\":\"WebSite\",\"@id\":\"https:\/\/alfequipment.com\/#website\",\"url\":\"https:\/\/alfequipment.com\/\",\"name\":\"ALF PACK\",\"description\":\"\",\"publisher\":{\"@id\":\"https:\/\/alfequipment.com\/#organization\"},\"potentialAction\":[{\"@type\":\"SearchAction\",\"target\":{\"@type\":\"EntryPoint\",\"urlTemplate\":\"https:\/\/alfequipment.com\/?s={search_term_string}\"},\"query-input\":{\"@type\":\"PropertyValueSpecification\",\"valueRequired\":true,\"valueName\":\"search_term_string\"}}],\"inLanguage\":\"de\"},{\"@type\":\"Organization\",\"@id\":\"https:\/\/alfequipment.com\/#organization\",\"name\":\"ALF PACK\",\"url\":\"https:\/\/alfequipment.com\/\",\"logo\":{\"@type\":\"ImageObject\",\"inLanguage\":\"de\",\"@id\":\"https:\/\/alfequipment.com\/#\/schema\/logo\/image\/\",\"url\":\"https:\/\/alfequipment.com\/wp-content\/uploads\/2024\/11\/ALFlogo-2.webp\",\"contentUrl\":\"https:\/\/alfequipment.com\/wp-content\/uploads\/2024\/11\/ALFlogo-2.webp\",\"width\":758,\"height\":750,\"caption\":\"ALF PACK\"},\"image\":{\"@id\":\"https:\/\/alfequipment.com\/#\/schema\/logo\/image\/\"}}]}<\/script>\n<!-- \/ Yoast SEO Premium plugin. -->","yoast_head_json":{"title":"LGYF-1900B Kontinuierliche Induktionsschwei\u00dfmaschine und automatische Induktionsschwei\u00dfmaschine f\u00fcr gro\u00dfe Flaschen - ALF PACK","robots":{"index":"index","follow":"follow","max-snippet":"max-snippet:-1","max-image-preview":"max-image-preview:large","max-video-preview":"max-video-preview:-1"},"canonical":"https:\/\/alfequipment.com\/de\/product\/lgyf-1900b-kontinuierliche-induktionsschweismaschine-und-automatische-induktionsschweismaschine-fur-grose-flaschen\/","og_locale":"de_DE","og_type":"article","og_title":"LGYF-1900B Continuous Induction Sealing Machine and automatic induct sealer for big bottle","og_description":"High Quality Continuous Automatic Induction Sealer","og_url":"https:\/\/alfequipment.com\/de\/product\/lgyf-1900b-kontinuierliche-induktionsschweismaschine-und-automatische-induktionsschweismaschine-fur-grose-flaschen\/","og_site_name":"ALF PACK","article_modified_time":"2025-01-13T15:02:40+00:00","og_image":[{"width":1000,"height":1000,"url":"https:\/\/alfequipment.com\/wp-content\/uploads\/2025\/01\/LGYF-1900B-Continuous-Induction-Sealing-Machine-and.jpg","type":"image\/webp"}],"twitter_card":"summary_large_image","schema":{"@context":"https:\/\/schema.org","@graph":[{"@type":"WebPage","@id":"https:\/\/alfequipment.com\/product\/lgyf-1900b-continuous-induction-sealing-machine-and-automatic-induct-sealer-for-big-bottle\/","url":"https:\/\/alfequipment.com\/product\/lgyf-1900b-continuous-induction-sealing-machine-and-automatic-induct-sealer-for-big-bottle\/","name":"LGYF-1900B Kontinuierliche Induktionsschwei\u00dfmaschine und automatische Induktionsschwei\u00dfmaschine f\u00fcr gro\u00dfe Flaschen - ALF PACK","isPartOf":{"@id":"https:\/\/alfequipment.com\/#website"},"primaryImageOfPage":{"@id":"https:\/\/alfequipment.com\/product\/lgyf-1900b-continuous-induction-sealing-machine-and-automatic-induct-sealer-for-big-bottle\/#primaryimage"},"image":{"@id":"https:\/\/alfequipment.com\/product\/lgyf-1900b-continuous-induction-sealing-machine-and-automatic-induct-sealer-for-big-bottle\/#primaryimage"},"thumbnailUrl":"https:\/\/alfequipment.com\/wp-content\/uploads\/2025\/01\/LGYF-1900B-Continuous-Induction-Sealing-Machine-and.jpg","datePublished":"2025-01-05T10:41:05+00:00","dateModified":"2025-01-13T15:02:40+00:00","breadcrumb":{"@id":"https:\/\/alfequipment.com\/product\/lgyf-1900b-continuous-induction-sealing-machine-and-automatic-induct-sealer-for-big-bottle\/#breadcrumb"},"inLanguage":"de","potentialAction":[{"@type":"ReadAction","target":["https:\/\/alfequipment.com\/product\/lgyf-1900b-continuous-induction-sealing-machine-and-automatic-induct-sealer-for-big-bottle\/"]}]},{"@type":"ImageObject","inLanguage":"de","@id":"https:\/\/alfequipment.com\/product\/lgyf-1900b-continuous-induction-sealing-machine-and-automatic-induct-sealer-for-big-bottle\/#primaryimage","url":"https:\/\/alfequipment.com\/wp-content\/uploads\/2025\/01\/LGYF-1900B-Continuous-Induction-Sealing-Machine-and.jpg","contentUrl":"https:\/\/alfequipment.com\/wp-content\/uploads\/2025\/01\/LGYF-1900B-Continuous-Induction-Sealing-Machine-and.jpg","width":1000,"height":1000},{"@type":"BreadcrumbList","@id":"https:\/\/alfequipment.com\/product\/lgyf-1900b-continuous-induction-sealing-machine-and-automatic-induct-sealer-for-big-bottle\/#breadcrumb","itemListElement":[{"@type":"ListItem","position":1,"name":"Home","item":"https:\/\/alfequipment.com\/"},{"@type":"ListItem","position":2,"name":"Shop","item":"https:\/\/alfequipment.com\/shop\/"},{"@type":"ListItem","position":3,"name":"LGYF-1900B Continuous Induction Sealing Machine and automatic induct sealer for big bottle"}]},{"@type":"WebSite","@id":"https:\/\/alfequipment.com\/#website","url":"https:\/\/alfequipment.com\/","name":"ALF PACK","description":"","publisher":{"@id":"https:\/\/alfequipment.com\/#organization"},"potentialAction":[{"@type":"SearchAction","target":{"@type":"EntryPoint","urlTemplate":"https:\/\/alfequipment.com\/?s={search_term_string}"},"query-input":{"@type":"PropertyValueSpecification","valueRequired":true,"valueName":"search_term_string"}}],"inLanguage":"de"},{"@type":"Organization","@id":"https:\/\/alfequipment.com\/#organization","name":"ALF PACK","url":"https:\/\/alfequipment.com\/","logo":{"@type":"ImageObject","inLanguage":"de","@id":"https:\/\/alfequipment.com\/#\/schema\/logo\/image\/","url":"https:\/\/alfequipment.com\/wp-content\/uploads\/2024\/11\/ALFlogo-2.webp","contentUrl":"https:\/\/alfequipment.com\/wp-content\/uploads\/2024\/11\/ALFlogo-2.webp","width":758,"height":750,"caption":"ALF PACK"},"image":{"@id":"https:\/\/alfequipment.com\/#\/schema\/logo\/image\/"}}]}},"_links":{"self":[{"href":"https:\/\/alfequipment.com\/de\/wp-json\/wp\/v2\/product\/2935","targetHints":{"allow":["GET"]}}],"collection":[{"href":"https:\/\/alfequipment.com\/de\/wp-json\/wp\/v2\/product"}],"about":[{"href":"https:\/\/alfequipment.com\/de\/wp-json\/wp\/v2\/types\/product"}],"replies":[{"embeddable":true,"href":"https:\/\/alfequipment.com\/de\/wp-json\/wp\/v2\/comments?post=2935"}],"version-history":[{"count":0,"href":"https:\/\/alfequipment.com\/de\/wp-json\/wp\/v2\/product\/2935\/revisions"}],"wp:featuredmedia":[{"embeddable":true,"href":"https:\/\/alfequipment.com\/de\/wp-json\/wp\/v2\/media\/2704"}],"wp:attachment":[{"href":"https:\/\/alfequipment.com\/de\/wp-json\/wp\/v2\/media?parent=2935"}],"wp:term":[{"taxonomy":"product_brand","embeddable":true,"href":"https:\/\/alfequipment.com\/de\/wp-json\/wp\/v2\/product_brand?post=2935"},{"taxonomy":"product_cat","embeddable":true,"href":"https:\/\/alfequipment.com\/de\/wp-json\/wp\/v2\/product_cat?post=2935"},{"taxonomy":"product_tag","embeddable":true,"href":"https:\/\/alfequipment.com\/de\/wp-json\/wp\/v2\/product_tag?post=2935"}],"curies":[{"name":"wp","href":"https:\/\/api.w.org\/{rel}","templated":true}]}}