{"id":2938,"date":"2025-01-05T16:28:33","date_gmt":"2025-01-05T16:28:33","guid":{"rendered":"https:\/\/alfequipment.com\/product\/fr900s-horizontal-continuous-band-sealer-and-bag-sealing-machine-with-date-steel-printing-printer\/"},"modified":"2025-01-13T15:00:35","modified_gmt":"2025-01-13T15:00:35","slug":"fr900s-horizontale-kontinuierliche-banderolier-und-beutelschweismaschine-mit-datumsstahldrucker","status":"publish","type":"product","link":"https:\/\/alfequipment.com\/de\/product\/fr900s-horizontale-kontinuierliche-banderolier-und-beutelschweismaschine-mit-datumsstahldrucker\/","title":{"rendered":"FR900S Horizontale Durchlauf-Bandschwei\u00dfmaschine und Beutelschwei\u00dfmaschine mit Datumsstahldrucker"},"content":{"rendered":"<div data-magic-global=\"%7B%22bizId%22%3A17179933680%2C%22pageId%22%3A21021084671%2C%22siteId%22%3A5005331025%7D\" id=\"detail_decorate_root\">\n<div module-id=\"27631690415\" module-title=\"detailProductNavigation\" render=\"true\" class=\"J_module\">\n<div id=\"ali-anchor-AliMagic-zx25dr\" data-section=\"AliMagic-zx25dr\" data-section-title=\"Product Description\" class=\"magic-0\">Die kontinuierlichen Folienschwei\u00dfmaschinen der FR-Serie erledigen das kontinuierliche Tragen, Schwei\u00dfen und Bedrucken in einem Arbeitsgang.&nbsp;<\/div>\n<\/div>\n<div module-id=\"27631690417\" module-title=\"detailTextWithTitle\" render=\"true\" class=\"J_module\">\n<div class=\"detail-decorate-json-renderer-container\">\n<div class=\"magic-1\">\n<div class=\"magic-4\">\n<div class=\"magic-5\">\n<div class=\"magic-6\">\n<p class=\"magic-7\">Die Maschine kann waagerecht, senkrecht oder mit Standf\u00fc\u00dfen ausgef\u00fchrt werden.<\/p>\n<p class=\"magic-7\">Er verf\u00fcgt \u00fcber einen elektronischen Mechanismus f\u00fcr konstante Temperatur und einen stufenlos drehzahlgeregelten Getriebemotor.&nbsp;<\/p>\n<p class=\"magic-7\">Sie kann Kunststofffolien aus verschiedenen Materialien verschlie\u00dfen.<\/p>\n<\/p><\/div>\n<\/p><\/div>\n<\/p><\/div>\n<\/p><\/div>\n<\/p><\/div>\n<\/p><\/div>\n<div module-id=\"27631690419\" module-title=\"detailTextWithTitle\" render=\"true\" class=\"J_module\">\n<div class=\"detail-decorate-json-renderer-container\">\n<div class=\"magic-1\">\n<h3 class=\"magic-2\"><\/h3>\n<h3 class=\"magic-8\">Optionen (m\u00fcssen extra bezahlt werden):<\/h3>\n<div class=\"magic-4\">\n<div class=\"magic-5\">\n<div class=\"magic-6\">\n<p class=\"magic-7\">1. Rostfreier K\u00f6rper;<br \/>2. Vertikaler Typ;<br \/>3. Mit St\u00e4nder;<br \/>4. Intelligenter Temp.Regler.<\/p>\n<\/p><\/div>\n<\/p><\/div>\n<\/p><\/div>\n<\/p><\/div>\n<\/p><\/div>\n<\/p><\/div>\n<div module-id=\"27631690421\" module-title=\"detailTableHightLight\" render=\"true\" class=\"J_module\">\n<div class=\"ife-detail-decorate-table\">\n<table class=\"all magic-9\">\n<tbody>\n<tr>\n<td>\n<div class=\"magic-10\">\n        Modell\n       <\/div>\n<\/td>\n<td colspan=\"3\">\n<div class=\"magic-11\">\n        FR-900S\n       <\/div>\n<\/td>\n<td class=\"magic-12\">\n<div class=\"magic-13\"><\/div>\n<\/td>\n<td class=\"magic-12\">\n<div class=\"magic-13\"><\/div>\n<\/td>\n<\/tr>\n<tr>\n<td>\n<div class=\"magic-10\">\n        Spannung\n       <\/div>\n<\/td>\n<td colspan=\"3\">\n<div class=\"magic-14\">\n        220V 50-60Hz\n       <\/div>\n<\/td>\n<td class=\"magic-12\">\n<div class=\"magic-13\"><\/div>\n<\/td>\n<td class=\"magic-12\">\n<div class=\"magic-13\"><\/div>\n<\/td>\n<\/tr>\n<tr>\n<td>\n<div class=\"magic-10\">\n        Strom\n       <\/div>\n<\/td>\n<td colspan=\"3\">\n<div class=\"magic-14\">\n        500W\n       <\/div>\n<\/td>\n<td class=\"magic-12\">\n<div class=\"magic-13\"><\/div>\n<\/td>\n<td class=\"magic-12\">\n<div class=\"magic-13\"><\/div>\n<\/td>\n<\/tr>\n<tr>\n<td>\n<div class=\"magic-10\">\n        Siegelgeschwindigkeit\n       <\/div>\n<\/td>\n<td colspan=\"3\">\n<div class=\"magic-14\">\n        0-12m\/min\n       <\/div>\n<\/td>\n<td class=\"magic-12\">\n<div class=\"magic-13\"><\/div>\n<\/td>\n<td class=\"magic-12\">\n<div class=\"magic-13\"><\/div>\n<\/td>\n<\/tr>\n<tr>\n<td>\n<div class=\"magic-10\">\n        Breite der Versiegelung\n       <\/div>\n<\/td>\n<td colspan=\"3\">\n<div class=\"magic-14\">\n        6-12mm\n       <\/div>\n<\/td>\n<td class=\"magic-12\">\n<div class=\"magic-13\"><\/div>\n<\/td>\n<td class=\"magic-12\">\n<div class=\"magic-13\"><\/div>\n<\/td>\n<\/tr>\n<tr>\n<td>\n<div class=\"magic-10\">\n        Temperaturbereich\n       <\/div>\n<\/td>\n<td colspan=\"3\">\n<div class=\"magic-14\">\n        0-300\u00e2\n       <\/div>\n<\/td>\n<td class=\"magic-12\">\n<div class=\"magic-13\"><\/div>\n<\/td>\n<td class=\"magic-12\">\n<div class=\"magic-13\"><\/div>\n<\/td>\n<\/tr>\n<tr>\n<td>\n<div class=\"magic-10\">\n        Max. Belastung des F\u00f6rderers\n       <\/div>\n<\/td>\n<td colspan=\"3\">\n<div class=\"magic-14\">\n        3kgs\n       <\/div>\n<\/td>\n<td class=\"magic-12\">\n<div class=\"magic-13\"><\/div>\n<\/td>\n<td class=\"magic-12\">\n<div class=\"magic-13\"><\/div>\n<\/td>\n<\/tr>\n<tr>\n<td>\n<div class=\"magic-10\">\n        Kategorie Druck\n       <\/div>\n<\/td>\n<td colspan=\"3\">\n<div class=\"magic-11\">\n        Stahlraddruck\n       <\/div>\n<\/td>\n<td class=\"magic-12\">\n<div class=\"magic-13\"><\/div>\n<\/td>\n<td class=\"magic-12\">\n<div class=\"magic-13\"><\/div>\n<\/td>\n<\/tr>\n<tr>\n<td>\n<div class=\"magic-10\">\n        Gewicht\n       <\/div>\n<\/td>\n<td colspan=\"3\">\n<div class=\"magic-11\">\n        Netto.23kg\n       <\/div>\n<\/td>\n<td class=\"magic-12\">\n<div class=\"magic-13\"><\/div>\n<\/td>\n<td class=\"magic-12\">\n<div class=\"magic-13\"><\/div>\n<\/td>\n<\/tr>\n<tr>\n<td>\n<div class=\"magic-10\">\n        Gr\u00f6\u00dfe der Maschine\n       <\/div>\n<\/td>\n<td colspan=\"3\">\n<div class=\"magic-14\">\n        850X400X305mm\n       <\/div>\n<\/td>\n<td class=\"magic-12\">\n<div class=\"magic-13\"><\/div>\n<\/td>\n<td class=\"magic-12\">\n<div class=\"magic-13\"><\/div>\n<\/td>\n<\/tr>\n<\/tbody>\n<\/table><\/div>\n<\/p><\/div>\n<div module-id=\"27631690424\" module-title=\"detailSingleImage\" render=\"true\" class=\"J_module\">\n<div class=\"icbu-pc-images magic-15\">\n<div>\n<div class=\"flex-layout-v\">\n<div class=\"flex-layout-h magic-15\">\n<div class=\"magic-16\">\n       <img decoding=\"async\" src=\"https:\/\/sc01.alicdn.com\/kf\/HTB1lE7IHVGWBuNjy0Fbq6z4sXXa8\/64496\/HTB1lE7IHVGWBuNjy0Fbq6z4sXXa8.jpg\" class=\"aligncenter\">\n      <\/div>\n<\/p><\/div>\n<\/p><\/div>\n<\/p><\/div>\n<\/p><\/div>\n<\/p><\/div>\n<div module-id=\"27631690425\" module-title=\"detailVerticalImages\" render=\"true\" class=\"J_module\">\n<div class=\"icbu-pc-images magic-15\">\n<div>\n<div class=\"flex-layout-v\">\n<div class=\"magic-18\">\n      <img decoding=\"async\" src=\"https:\/\/sc02.alicdn.com\/kf\/HTB1YOtrmaAoBKNjSZSyq6yHAVXa8\/64496\/HTB1YOtrmaAoBKNjSZSyq6yHAVXa8.jpg\" class=\"aligncenter\">\n     <\/div>\n<div class=\"flex-layout-h magic-15\">\n<div class=\"magic-20\">\n       <img decoding=\"async\" src=\"https:\/\/sc01.alicdn.com\/kf\/HTB1Iixpz8yWBuNkSmFPq6xguVXaD\/64496\/HTB1Iixpz8yWBuNkSmFPq6xguVXaD.jpg\" class=\"aligncenter\">\n      <\/div>\n<div class=\"magic-22\">\n       <img decoding=\"async\" src=\"https:\/\/sc02.alicdn.com\/kf\/HTB1SOlMIeSSBuNjy0Flq6zBpVXaK\/64496\/HTB1SOlMIeSSBuNjy0Flq6zBpVXaK.jpg\" class=\"aligncenter\">\n      <\/div>\n<\/p><\/div>\n<\/p><\/div>\n<\/p><\/div>\n<\/p><\/div>\n<\/p><\/div>\n<\/div>","protected":false},"excerpt":{"rendered":"<p>Horizontales und vertikales Bandsiegelger\u00e4t mit Datumsstahldruck<\/p>","protected":false},"featured_media":2710,"comment_status":"closed","ping_status":"open","template":"","meta":[],"product_brand":[],"product_cat":[119,97],"product_tag":[],"class_list":{"0":"post-2938","1":"product","2":"type-product","3":"status-publish","4":"has-post-thumbnail","6":"product_cat-band-sealer","7":"product_cat-sealing-machines","9":"first","10":"instock","11":"purchasable","12":"product-type-simple"},"yoast_head":"<!-- This site is optimized with the Yoast SEO Premium plugin v20.9 (Yoast SEO v26.5) - https:\/\/yoast.com\/wordpress\/plugins\/seo\/ -->\n<title>FR900S Horizontal Continuous band sealer and bag sealing machine with date steel printing printer - ALF PACK<\/title>\n<meta name=\"robots\" content=\"index, follow, max-snippet:-1, max-image-preview:large, max-video-preview:-1\" \/>\n<link rel=\"canonical\" href=\"https:\/\/alfequipment.com\/de\/product\/fr900s-horizontale-kontinuierliche-banderolier-und-beutelschweismaschine-mit-datumsstahldrucker\/\" \/>\n<meta property=\"og:locale\" content=\"de_DE\" \/>\n<meta property=\"og:type\" content=\"article\" \/>\n<meta property=\"og:title\" content=\"FR900S Horizontal Continuous band sealer and bag sealing machine with date steel printing printer\" \/>\n<meta property=\"og:description\" content=\"Horizontal And Vertical Band Sealer With Date Steel Printing\" \/>\n<meta property=\"og:url\" content=\"https:\/\/alfequipment.com\/de\/product\/fr900s-horizontale-kontinuierliche-banderolier-und-beutelschweismaschine-mit-datumsstahldrucker\/\" \/>\n<meta property=\"og:site_name\" content=\"ALF PACK\" \/>\n<meta property=\"article:modified_time\" content=\"2025-01-13T15:00:35+00:00\" \/>\n<meta property=\"og:image\" content=\"https:\/\/alfequipment.com\/wp-content\/uploads\/2025\/01\/FR900S-Horizontal-Continuous-band-sealer-and-bag.jpg\" \/>\n\t<meta property=\"og:image:width\" content=\"800\" \/>\n\t<meta property=\"og:image:height\" content=\"800\" \/>\n\t<meta property=\"og:image:type\" content=\"image\/webp\" \/>\n<meta name=\"twitter:card\" content=\"summary_large_image\" \/>\n<meta name=\"twitter:label1\" content=\"Gesch\u00e4tzte Lesezeit\" \/>\n\t<meta name=\"twitter:data1\" content=\"1\u00a0Minute\" \/>\n<script type=\"application\/ld+json\" class=\"yoast-schema-graph\">{\"@context\":\"https:\/\/schema.org\",\"@graph\":[{\"@type\":\"WebPage\",\"@id\":\"https:\/\/alfequipment.com\/product\/fr900s-horizontal-continuous-band-sealer-and-bag-sealing-machine-with-date-steel-printing-printer\/\",\"url\":\"https:\/\/alfequipment.com\/product\/fr900s-horizontal-continuous-band-sealer-and-bag-sealing-machine-with-date-steel-printing-printer\/\",\"name\":\"FR900S Horizontal Continuous band sealer and bag sealing machine with date steel printing printer - ALF PACK\",\"isPartOf\":{\"@id\":\"https:\/\/alfequipment.com\/#website\"},\"primaryImageOfPage\":{\"@id\":\"https:\/\/alfequipment.com\/product\/fr900s-horizontal-continuous-band-sealer-and-bag-sealing-machine-with-date-steel-printing-printer\/#primaryimage\"},\"image\":{\"@id\":\"https:\/\/alfequipment.com\/product\/fr900s-horizontal-continuous-band-sealer-and-bag-sealing-machine-with-date-steel-printing-printer\/#primaryimage\"},\"thumbnailUrl\":\"https:\/\/alfequipment.com\/wp-content\/uploads\/2025\/01\/FR900S-Horizontal-Continuous-band-sealer-and-bag.jpg\",\"datePublished\":\"2025-01-05T16:28:33+00:00\",\"dateModified\":\"2025-01-13T15:00:35+00:00\",\"breadcrumb\":{\"@id\":\"https:\/\/alfequipment.com\/product\/fr900s-horizontal-continuous-band-sealer-and-bag-sealing-machine-with-date-steel-printing-printer\/#breadcrumb\"},\"inLanguage\":\"de\",\"potentialAction\":[{\"@type\":\"ReadAction\",\"target\":[\"https:\/\/alfequipment.com\/product\/fr900s-horizontal-continuous-band-sealer-and-bag-sealing-machine-with-date-steel-printing-printer\/\"]}]},{\"@type\":\"ImageObject\",\"inLanguage\":\"de\",\"@id\":\"https:\/\/alfequipment.com\/product\/fr900s-horizontal-continuous-band-sealer-and-bag-sealing-machine-with-date-steel-printing-printer\/#primaryimage\",\"url\":\"https:\/\/alfequipment.com\/wp-content\/uploads\/2025\/01\/FR900S-Horizontal-Continuous-band-sealer-and-bag.jpg\",\"contentUrl\":\"https:\/\/alfequipment.com\/wp-content\/uploads\/2025\/01\/FR900S-Horizontal-Continuous-band-sealer-and-bag.jpg\",\"width\":800,\"height\":800},{\"@type\":\"BreadcrumbList\",\"@id\":\"https:\/\/alfequipment.com\/product\/fr900s-horizontal-continuous-band-sealer-and-bag-sealing-machine-with-date-steel-printing-printer\/#breadcrumb\",\"itemListElement\":[{\"@type\":\"ListItem\",\"position\":1,\"name\":\"Home\",\"item\":\"https:\/\/alfequipment.com\/\"},{\"@type\":\"ListItem\",\"position\":2,\"name\":\"Shop\",\"item\":\"https:\/\/alfequipment.com\/shop\/\"},{\"@type\":\"ListItem\",\"position\":3,\"name\":\"FR900S Horizontal Continuous band sealer and bag sealing machine with date steel printing printer\"}]},{\"@type\":\"WebSite\",\"@id\":\"https:\/\/alfequipment.com\/#website\",\"url\":\"https:\/\/alfequipment.com\/\",\"name\":\"ALF PACK\",\"description\":\"\",\"publisher\":{\"@id\":\"https:\/\/alfequipment.com\/#organization\"},\"potentialAction\":[{\"@type\":\"SearchAction\",\"target\":{\"@type\":\"EntryPoint\",\"urlTemplate\":\"https:\/\/alfequipment.com\/?s={search_term_string}\"},\"query-input\":{\"@type\":\"PropertyValueSpecification\",\"valueRequired\":true,\"valueName\":\"search_term_string\"}}],\"inLanguage\":\"de\"},{\"@type\":\"Organization\",\"@id\":\"https:\/\/alfequipment.com\/#organization\",\"name\":\"ALF PACK\",\"url\":\"https:\/\/alfequipment.com\/\",\"logo\":{\"@type\":\"ImageObject\",\"inLanguage\":\"de\",\"@id\":\"https:\/\/alfequipment.com\/#\/schema\/logo\/image\/\",\"url\":\"https:\/\/alfequipment.com\/wp-content\/uploads\/2024\/11\/ALFlogo-2.webp\",\"contentUrl\":\"https:\/\/alfequipment.com\/wp-content\/uploads\/2024\/11\/ALFlogo-2.webp\",\"width\":758,\"height\":750,\"caption\":\"ALF PACK\"},\"image\":{\"@id\":\"https:\/\/alfequipment.com\/#\/schema\/logo\/image\/\"}}]}<\/script>\n<!-- \/ Yoast SEO Premium plugin. -->","yoast_head_json":{"title":"FR900S Horizontale Durchlauf-Bandschwei\u00dfmaschine und Beutelschwei\u00dfmaschine mit Datumsstahldrucker - ALF PACK","robots":{"index":"index","follow":"follow","max-snippet":"max-snippet:-1","max-image-preview":"max-image-preview:large","max-video-preview":"max-video-preview:-1"},"canonical":"https:\/\/alfequipment.com\/de\/product\/fr900s-horizontale-kontinuierliche-banderolier-und-beutelschweismaschine-mit-datumsstahldrucker\/","og_locale":"de_DE","og_type":"article","og_title":"FR900S Horizontal Continuous band sealer and bag sealing machine with date steel printing printer","og_description":"Horizontal And Vertical Band Sealer With Date Steel Printing","og_url":"https:\/\/alfequipment.com\/de\/product\/fr900s-horizontale-kontinuierliche-banderolier-und-beutelschweismaschine-mit-datumsstahldrucker\/","og_site_name":"ALF PACK","article_modified_time":"2025-01-13T15:00:35+00:00","og_image":[{"width":800,"height":800,"url":"https:\/\/alfequipment.com\/wp-content\/uploads\/2025\/01\/FR900S-Horizontal-Continuous-band-sealer-and-bag.jpg","type":"image\/webp"}],"twitter_card":"summary_large_image","twitter_misc":{"Gesch\u00e4tzte Lesezeit":"1\u00a0Minute"},"schema":{"@context":"https:\/\/schema.org","@graph":[{"@type":"WebPage","@id":"https:\/\/alfequipment.com\/product\/fr900s-horizontal-continuous-band-sealer-and-bag-sealing-machine-with-date-steel-printing-printer\/","url":"https:\/\/alfequipment.com\/product\/fr900s-horizontal-continuous-band-sealer-and-bag-sealing-machine-with-date-steel-printing-printer\/","name":"FR900S Horizontale Durchlauf-Bandschwei\u00dfmaschine und Beutelschwei\u00dfmaschine mit Datumsstahldrucker - ALF PACK","isPartOf":{"@id":"https:\/\/alfequipment.com\/#website"},"primaryImageOfPage":{"@id":"https:\/\/alfequipment.com\/product\/fr900s-horizontal-continuous-band-sealer-and-bag-sealing-machine-with-date-steel-printing-printer\/#primaryimage"},"image":{"@id":"https:\/\/alfequipment.com\/product\/fr900s-horizontal-continuous-band-sealer-and-bag-sealing-machine-with-date-steel-printing-printer\/#primaryimage"},"thumbnailUrl":"https:\/\/alfequipment.com\/wp-content\/uploads\/2025\/01\/FR900S-Horizontal-Continuous-band-sealer-and-bag.jpg","datePublished":"2025-01-05T16:28:33+00:00","dateModified":"2025-01-13T15:00:35+00:00","breadcrumb":{"@id":"https:\/\/alfequipment.com\/product\/fr900s-horizontal-continuous-band-sealer-and-bag-sealing-machine-with-date-steel-printing-printer\/#breadcrumb"},"inLanguage":"de","potentialAction":[{"@type":"ReadAction","target":["https:\/\/alfequipment.com\/product\/fr900s-horizontal-continuous-band-sealer-and-bag-sealing-machine-with-date-steel-printing-printer\/"]}]},{"@type":"ImageObject","inLanguage":"de","@id":"https:\/\/alfequipment.com\/product\/fr900s-horizontal-continuous-band-sealer-and-bag-sealing-machine-with-date-steel-printing-printer\/#primaryimage","url":"https:\/\/alfequipment.com\/wp-content\/uploads\/2025\/01\/FR900S-Horizontal-Continuous-band-sealer-and-bag.jpg","contentUrl":"https:\/\/alfequipment.com\/wp-content\/uploads\/2025\/01\/FR900S-Horizontal-Continuous-band-sealer-and-bag.jpg","width":800,"height":800},{"@type":"BreadcrumbList","@id":"https:\/\/alfequipment.com\/product\/fr900s-horizontal-continuous-band-sealer-and-bag-sealing-machine-with-date-steel-printing-printer\/#breadcrumb","itemListElement":[{"@type":"ListItem","position":1,"name":"Home","item":"https:\/\/alfequipment.com\/"},{"@type":"ListItem","position":2,"name":"Shop","item":"https:\/\/alfequipment.com\/shop\/"},{"@type":"ListItem","position":3,"name":"FR900S Horizontal Continuous band sealer and bag sealing machine with date steel printing printer"}]},{"@type":"WebSite","@id":"https:\/\/alfequipment.com\/#website","url":"https:\/\/alfequipment.com\/","name":"ALF PACK","description":"","publisher":{"@id":"https:\/\/alfequipment.com\/#organization"},"potentialAction":[{"@type":"SearchAction","target":{"@type":"EntryPoint","urlTemplate":"https:\/\/alfequipment.com\/?s={search_term_string}"},"query-input":{"@type":"PropertyValueSpecification","valueRequired":true,"valueName":"search_term_string"}}],"inLanguage":"de"},{"@type":"Organization","@id":"https:\/\/alfequipment.com\/#organization","name":"ALF PACK","url":"https:\/\/alfequipment.com\/","logo":{"@type":"ImageObject","inLanguage":"de","@id":"https:\/\/alfequipment.com\/#\/schema\/logo\/image\/","url":"https:\/\/alfequipment.com\/wp-content\/uploads\/2024\/11\/ALFlogo-2.webp","contentUrl":"https:\/\/alfequipment.com\/wp-content\/uploads\/2024\/11\/ALFlogo-2.webp","width":758,"height":750,"caption":"ALF PACK"},"image":{"@id":"https:\/\/alfequipment.com\/#\/schema\/logo\/image\/"}}]}},"_links":{"self":[{"href":"https:\/\/alfequipment.com\/de\/wp-json\/wp\/v2\/product\/2938","targetHints":{"allow":["GET"]}}],"collection":[{"href":"https:\/\/alfequipment.com\/de\/wp-json\/wp\/v2\/product"}],"about":[{"href":"https:\/\/alfequipment.com\/de\/wp-json\/wp\/v2\/types\/product"}],"replies":[{"embeddable":true,"href":"https:\/\/alfequipment.com\/de\/wp-json\/wp\/v2\/comments?post=2938"}],"version-history":[{"count":0,"href":"https:\/\/alfequipment.com\/de\/wp-json\/wp\/v2\/product\/2938\/revisions"}],"wp:featuredmedia":[{"embeddable":true,"href":"https:\/\/alfequipment.com\/de\/wp-json\/wp\/v2\/media\/2710"}],"wp:attachment":[{"href":"https:\/\/alfequipment.com\/de\/wp-json\/wp\/v2\/media?parent=2938"}],"wp:term":[{"taxonomy":"product_brand","embeddable":true,"href":"https:\/\/alfequipment.com\/de\/wp-json\/wp\/v2\/product_brand?post=2938"},{"taxonomy":"product_cat","embeddable":true,"href":"https:\/\/alfequipment.com\/de\/wp-json\/wp\/v2\/product_cat?post=2938"},{"taxonomy":"product_tag","embeddable":true,"href":"https:\/\/alfequipment.com\/de\/wp-json\/wp\/v2\/product_tag?post=2938"}],"curies":[{"name":"wp","href":"https:\/\/api.w.org\/{rel}","templated":true}]}}