{"id":2944,"date":"2024-12-03T12:11:59","date_gmt":"2024-12-03T12:11:59","guid":{"rendered":"https:\/\/alfequipment.com\/product\/sop810-ink-jet-printer\/"},"modified":"2025-01-13T13:09:08","modified_gmt":"2025-01-13T13:09:08","slug":"sop810-tintenstrahldrucker","status":"publish","type":"product","link":"https:\/\/alfequipment.com\/de\/product\/sop810-tintenstrahldrucker\/","title":{"rendered":"SOP810 TINTENSTRAHLDRUCKER"},"content":{"rendered":"<p><span style=\"font-size: 12.0pt;\">Der Tintenstrahldrucker SOP810 verwendet eine eingebaute Septumpumpe mit vier Pumpen und einem Organ <\/span><span style=\"font-size: 12.0pt;\">Die D\u00fcse ist mit einer tern\u00e4ren Anti-Blockier-Technik ausgestattet. Der einzigartige Modus zur Steuerung der Tintenviskosit\u00e4t und das v\u00f6llig neuartige Tintenkanalsystem sorgen daf\u00fcr, dass der Drucker weltber\u00fchmte Ergebnisse in der Kerntechnik mit hoher Stabilit\u00e4t, hoher Glaubw\u00fcrdigkeit und niedrigen Kosten erzielt und die Erwartungen der Kunden in hohem Ma\u00dfe erf\u00fcllt. Die flexible Mensch-Maschine-Schnittstelle, die leistungsstarke Multifunktionssoftware und die langlebige D\u00fcsenkonstruktion sorgen daf\u00fcr, dass die in den SOP 600 eingebaute Pumpe zuverl\u00e4ssiger l\u00e4uft, die Buchstabenform sch\u00f6ner wird und die Wartung bequemer ist. Au\u00dferdem finden die Produkte breite Anwendung in der ber\u00fchrungslosen Bedruckung von Getr\u00e4nken, Lebensmitteln, Medikamenten, der chemischen Industrie, Baumaterialien und der Elektronikindustrie. <\/span><\/p>\n<p align=\"left\" style=\"margin-left: 36.0pt; text-align: left;\"><strong><span style=\"font-size: 14.0pt;\">II.&nbsp;&nbsp;&nbsp;&nbsp;&nbsp;&nbsp;&nbsp;&nbsp;&nbsp;&nbsp;&nbsp;&nbsp;&nbsp;&nbsp; <\/span><\/strong><strong><span style=\"font-size: 14.0pt;\">Funktion drucken: &nbsp;<\/span><\/strong><\/p>\n<p align=\"left\" style=\"margin-left: 21.25pt; text-align: left;\"><span style=\"font-size: 12.0pt;\">1.&nbsp;&nbsp;&nbsp;&nbsp;&nbsp;&nbsp;&nbsp; <\/span><span style=\"font-size: 12.0pt;\">Druckzeilen: 1-4 Zeilen (einstellbar)<\/span><\/p>\n<p align=\"left\" style=\"margin-left: 21.3pt; text-align: left;\"><span style=\"font-size: 12.0pt;\">2.&nbsp;&nbsp;&nbsp;&nbsp;&nbsp;&nbsp;&nbsp; <\/span><span style=\"font-size: 12.0pt;\">Letterform-Gitter: 5X5, 5X7, 7X9, 6X12, 8X16, 12X16, 11X24, 16X32 Selbstvorbereitung der Punktmatrixinformationen, wenn weniger als 32 Punktmatrizen vorhanden sind <\/span><\/p>\n<p align=\"left\" style=\"margin-left: 36.0pt; text-align: left;\"><span style=\"font-size: 12.0pt;\">3.&nbsp;&nbsp;&nbsp;&nbsp;&nbsp;&nbsp;&nbsp; <\/span><span style=\"font-size: 12.0pt;\">Informationsspeicherung: unbegrenzte Speicherung von Druckinformationen<\/span><\/p>\n<p align=\"left\" style=\"margin-left: 36.0pt; text-align: left;\"><span style=\"font-size: 12.0pt;\">4.&nbsp;&nbsp;&nbsp;&nbsp;&nbsp;&nbsp;&nbsp; <\/span><span style=\"font-size: 12.0pt;\">Bedienoberfl\u00e4che: Farb-Touchscreen, chinesisch-englisches Men\u00fc<\/span><\/p>\n<p align=\"left\" style=\"margin-left: 36.0pt; text-align: left;\"><span style=\"font-size: 12.0pt;\">5.&nbsp;&nbsp;&nbsp;&nbsp;&nbsp;&nbsp;&nbsp; <\/span><span style=\"font-size: 12.0pt;\">Geschwindigkeit des Drucks: 3m\/s (Einzelzeile 5X7) <\/span><\/p>\n<p align=\"left\" style=\"margin-left: 36.0pt; text-align: left;\"><span style=\"font-size: 12.0pt;\">6.&nbsp;&nbsp;&nbsp;&nbsp;&nbsp;&nbsp;&nbsp; <\/span><span style=\"font-size: 12.0pt;\">Druckl\u00e4nge: 1024 Zeichen<\/span><\/p>\n<p align=\"left\" style=\"margin-left: 36.0pt; text-align: left;\"><span style=\"font-size: 12.0pt;\">7.&nbsp;&nbsp;&nbsp;&nbsp;&nbsp;&nbsp;&nbsp; <\/span><span style=\"font-size: 12.0pt;\">Chinesische Eingabe: Pinyin-Eingabemethode, Zonen-Bitcode-Eingabemethode<\/span><\/p>\n<p align=\"left\" style=\"margin-left: 21.3pt; text-align: left;\"><span style=\"font-size: 12.0pt;\">8.&nbsp;&nbsp;&nbsp;&nbsp;&nbsp;&nbsp;&nbsp; <\/span><span style=\"font-size: 12.0pt;\">Druckinhalt: Datum, Uhrzeit, automatische G\u00fcltigkeitsdauer, Klassennummer, Chargennummer, Seriennummer, vier Z\u00e4hlergruppen, Z\u00e4hlerz\u00e4hlung, selbst erstellte Muster, variabler Strichcode, f\u00e4lschungssicherer Code, mehrere Sprachen, mehrere Schriftarten (unterst\u00fctzt pers\u00f6nliche Unterschrift)<\/span><\/p>\n<p align=\"left\" style=\"margin-left: 36.0pt; text-align: left;\"><span style=\"font-size: 12.0pt;\">9.&nbsp;&nbsp;&nbsp;&nbsp;&nbsp;&nbsp;&nbsp; <\/span><span style=\"font-size: 12.0pt;\">Druckfarbe: schwarz, blau, rot und andere Tintenfarben<\/span><\/p>\n<p align=\"left\" style=\"margin-left: 36.0pt; text-align: left;\"><span style=\"font-size: 12.0pt;\">10.&nbsp;&nbsp;&nbsp; <\/span><span style=\"font-size: 12.0pt;\">Druckl\u00e4nge der Zeichen: 1-15mm (einstellbar)<\/span><\/p>\n<p align=\"left\" style=\"margin-left: 36.0pt; text-align: left;\"><span style=\"font-size: 12.0pt;\">11.&nbsp;&nbsp;&nbsp; <\/span><span style=\"font-size: 12.0pt;\">Druckabstand: 0-30mm (einstellbar)<\/span><\/p>\n<p align=\"left\" style=\"margin-right: -17.0pt; margin-left: 21.3pt; text-align: left;\"><span style=\"font-size: 12.0pt;\">12.&nbsp;&nbsp;&nbsp; <\/span><span style=\"font-size: 12.0pt;\">Zeichenrichtung: normales Zeichen, umgekehrtes Zeichen, inverses umgekehrtes Zeichen, Druckrichtung kann f\u00fcr ein einzelnes Zeichen unabh\u00e4ngig eingestellt werden<\/span><\/p>\n<p align=\"left\" style=\"margin-left: 36.0pt; text-align: left;\"><span style=\"font-size: 12.0pt;\">13.&nbsp;&nbsp;&nbsp; <\/span><span style=\"font-size: 12.0pt;\">Zeichenabstand: 1-8 mal, freie Ausgabe Punkt f\u00fcr Punkt ist m\u00f6glich<\/span><\/p>\n<p>&nbsp;<\/p>\n<p><span style=\"font-size: 16px;\">&nbsp;<span style=\"color: #ff0000;\"><strong>Mark: Das F\u00f6rderband und der St\u00e4nder sind Optionen, die extra bezahlt werden m\u00fcssen.<\/strong><\/span><\/span><\/p>\n<p>&nbsp;<\/p>\n<p>&nbsp;<\/p>\n<p><\/p>","protected":false},"excerpt":{"rendered":"<p>Sop810 Automatische industrielle Tintenstrahldrucker Datumscodiermaschine<\/p>","protected":false},"featured_media":2722,"comment_status":"closed","ping_status":"open","template":"","meta":[],"product_brand":[],"product_cat":[104],"product_tag":[],"class_list":{"0":"post-2944","1":"product","2":"type-product","3":"status-publish","4":"has-post-thumbnail","6":"product_cat-inkjet-printers","8":"first","9":"instock","10":"sale","11":"purchasable","12":"product-type-simple"},"yoast_head":"<!-- This site is optimized with the Yoast SEO Premium plugin v20.9 (Yoast SEO v26.5) - https:\/\/yoast.com\/wordpress\/plugins\/seo\/ -->\n<title>SOP810 INK JET PRINTER - ALF PACK<\/title>\n<meta name=\"robots\" content=\"index, follow, max-snippet:-1, max-image-preview:large, max-video-preview:-1\" \/>\n<link rel=\"canonical\" href=\"https:\/\/alfequipment.com\/de\/product\/sop810-tintenstrahldrucker\/\" \/>\n<meta property=\"og:locale\" content=\"de_DE\" \/>\n<meta property=\"og:type\" content=\"article\" \/>\n<meta property=\"og:title\" content=\"SOP810 INK JET PRINTER\" \/>\n<meta property=\"og:description\" content=\"Sop810 Automatic Industrial Ink Jet Printer Date Coding Machine\" \/>\n<meta property=\"og:url\" content=\"https:\/\/alfequipment.com\/de\/product\/sop810-tintenstrahldrucker\/\" \/>\n<meta property=\"og:site_name\" content=\"ALF PACK\" \/>\n<meta property=\"article:modified_time\" content=\"2025-01-13T13:09:08+00:00\" \/>\n<meta property=\"og:image\" content=\"https:\/\/alfequipment.com\/wp-content\/uploads\/2025\/01\/H9099159c63d94e258a50c96bc52aa0fcm.jpg\" \/>\n\t<meta property=\"og:image:width\" content=\"839\" \/>\n\t<meta property=\"og:image:height\" content=\"741\" \/>\n\t<meta property=\"og:image:type\" content=\"image\/webp\" \/>\n<meta name=\"twitter:card\" content=\"summary_large_image\" \/>\n<meta name=\"twitter:label1\" content=\"Gesch\u00e4tzte Lesezeit\" \/>\n\t<meta name=\"twitter:data1\" content=\"2\u00a0Minuten\" \/>\n<script type=\"application\/ld+json\" class=\"yoast-schema-graph\">{\"@context\":\"https:\/\/schema.org\",\"@graph\":[{\"@type\":\"WebPage\",\"@id\":\"https:\/\/alfequipment.com\/product\/sop810-ink-jet-printer\/\",\"url\":\"https:\/\/alfequipment.com\/product\/sop810-ink-jet-printer\/\",\"name\":\"SOP810 INK JET PRINTER - ALF PACK\",\"isPartOf\":{\"@id\":\"https:\/\/alfequipment.com\/#website\"},\"primaryImageOfPage\":{\"@id\":\"https:\/\/alfequipment.com\/product\/sop810-ink-jet-printer\/#primaryimage\"},\"image\":{\"@id\":\"https:\/\/alfequipment.com\/product\/sop810-ink-jet-printer\/#primaryimage\"},\"thumbnailUrl\":\"https:\/\/alfequipment.com\/wp-content\/uploads\/2025\/01\/H9099159c63d94e258a50c96bc52aa0fcm.jpg\",\"datePublished\":\"2024-12-03T12:11:59+00:00\",\"dateModified\":\"2025-01-13T13:09:08+00:00\",\"breadcrumb\":{\"@id\":\"https:\/\/alfequipment.com\/product\/sop810-ink-jet-printer\/#breadcrumb\"},\"inLanguage\":\"de\",\"potentialAction\":[{\"@type\":\"ReadAction\",\"target\":[\"https:\/\/alfequipment.com\/product\/sop810-ink-jet-printer\/\"]}]},{\"@type\":\"ImageObject\",\"inLanguage\":\"de\",\"@id\":\"https:\/\/alfequipment.com\/product\/sop810-ink-jet-printer\/#primaryimage\",\"url\":\"https:\/\/alfequipment.com\/wp-content\/uploads\/2025\/01\/H9099159c63d94e258a50c96bc52aa0fcm.jpg\",\"contentUrl\":\"https:\/\/alfequipment.com\/wp-content\/uploads\/2025\/01\/H9099159c63d94e258a50c96bc52aa0fcm.jpg\",\"width\":839,\"height\":741},{\"@type\":\"BreadcrumbList\",\"@id\":\"https:\/\/alfequipment.com\/product\/sop810-ink-jet-printer\/#breadcrumb\",\"itemListElement\":[{\"@type\":\"ListItem\",\"position\":1,\"name\":\"Home\",\"item\":\"https:\/\/alfequipment.com\/\"},{\"@type\":\"ListItem\",\"position\":2,\"name\":\"Shop\",\"item\":\"https:\/\/alfequipment.com\/shop\/\"},{\"@type\":\"ListItem\",\"position\":3,\"name\":\"SOP810 INK JET PRINTER\"}]},{\"@type\":\"WebSite\",\"@id\":\"https:\/\/alfequipment.com\/#website\",\"url\":\"https:\/\/alfequipment.com\/\",\"name\":\"ALF PACK\",\"description\":\"\",\"publisher\":{\"@id\":\"https:\/\/alfequipment.com\/#organization\"},\"potentialAction\":[{\"@type\":\"SearchAction\",\"target\":{\"@type\":\"EntryPoint\",\"urlTemplate\":\"https:\/\/alfequipment.com\/?s={search_term_string}\"},\"query-input\":{\"@type\":\"PropertyValueSpecification\",\"valueRequired\":true,\"valueName\":\"search_term_string\"}}],\"inLanguage\":\"de\"},{\"@type\":\"Organization\",\"@id\":\"https:\/\/alfequipment.com\/#organization\",\"name\":\"ALF PACK\",\"url\":\"https:\/\/alfequipment.com\/\",\"logo\":{\"@type\":\"ImageObject\",\"inLanguage\":\"de\",\"@id\":\"https:\/\/alfequipment.com\/#\/schema\/logo\/image\/\",\"url\":\"https:\/\/alfequipment.com\/wp-content\/uploads\/2024\/11\/ALFlogo-2.webp\",\"contentUrl\":\"https:\/\/alfequipment.com\/wp-content\/uploads\/2024\/11\/ALFlogo-2.webp\",\"width\":758,\"height\":750,\"caption\":\"ALF PACK\"},\"image\":{\"@id\":\"https:\/\/alfequipment.com\/#\/schema\/logo\/image\/\"}}]}<\/script>\n<!-- \/ Yoast SEO Premium plugin. -->","yoast_head_json":{"title":"SOP810 TINTENSTRAHLDRUCKER - ALF PACK","robots":{"index":"index","follow":"follow","max-snippet":"max-snippet:-1","max-image-preview":"max-image-preview:large","max-video-preview":"max-video-preview:-1"},"canonical":"https:\/\/alfequipment.com\/de\/product\/sop810-tintenstrahldrucker\/","og_locale":"de_DE","og_type":"article","og_title":"SOP810 INK JET PRINTER","og_description":"Sop810 Automatic Industrial Ink Jet Printer Date Coding Machine","og_url":"https:\/\/alfequipment.com\/de\/product\/sop810-tintenstrahldrucker\/","og_site_name":"ALF PACK","article_modified_time":"2025-01-13T13:09:08+00:00","og_image":[{"width":839,"height":741,"url":"https:\/\/alfequipment.com\/wp-content\/uploads\/2025\/01\/H9099159c63d94e258a50c96bc52aa0fcm.jpg","type":"image\/webp"}],"twitter_card":"summary_large_image","twitter_misc":{"Gesch\u00e4tzte Lesezeit":"2\u00a0Minuten"},"schema":{"@context":"https:\/\/schema.org","@graph":[{"@type":"WebPage","@id":"https:\/\/alfequipment.com\/product\/sop810-ink-jet-printer\/","url":"https:\/\/alfequipment.com\/product\/sop810-ink-jet-printer\/","name":"SOP810 TINTENSTRAHLDRUCKER - ALF PACK","isPartOf":{"@id":"https:\/\/alfequipment.com\/#website"},"primaryImageOfPage":{"@id":"https:\/\/alfequipment.com\/product\/sop810-ink-jet-printer\/#primaryimage"},"image":{"@id":"https:\/\/alfequipment.com\/product\/sop810-ink-jet-printer\/#primaryimage"},"thumbnailUrl":"https:\/\/alfequipment.com\/wp-content\/uploads\/2025\/01\/H9099159c63d94e258a50c96bc52aa0fcm.jpg","datePublished":"2024-12-03T12:11:59+00:00","dateModified":"2025-01-13T13:09:08+00:00","breadcrumb":{"@id":"https:\/\/alfequipment.com\/product\/sop810-ink-jet-printer\/#breadcrumb"},"inLanguage":"de","potentialAction":[{"@type":"ReadAction","target":["https:\/\/alfequipment.com\/product\/sop810-ink-jet-printer\/"]}]},{"@type":"ImageObject","inLanguage":"de","@id":"https:\/\/alfequipment.com\/product\/sop810-ink-jet-printer\/#primaryimage","url":"https:\/\/alfequipment.com\/wp-content\/uploads\/2025\/01\/H9099159c63d94e258a50c96bc52aa0fcm.jpg","contentUrl":"https:\/\/alfequipment.com\/wp-content\/uploads\/2025\/01\/H9099159c63d94e258a50c96bc52aa0fcm.jpg","width":839,"height":741},{"@type":"BreadcrumbList","@id":"https:\/\/alfequipment.com\/product\/sop810-ink-jet-printer\/#breadcrumb","itemListElement":[{"@type":"ListItem","position":1,"name":"Home","item":"https:\/\/alfequipment.com\/"},{"@type":"ListItem","position":2,"name":"Shop","item":"https:\/\/alfequipment.com\/shop\/"},{"@type":"ListItem","position":3,"name":"SOP810 INK JET PRINTER"}]},{"@type":"WebSite","@id":"https:\/\/alfequipment.com\/#website","url":"https:\/\/alfequipment.com\/","name":"ALF PACK","description":"","publisher":{"@id":"https:\/\/alfequipment.com\/#organization"},"potentialAction":[{"@type":"SearchAction","target":{"@type":"EntryPoint","urlTemplate":"https:\/\/alfequipment.com\/?s={search_term_string}"},"query-input":{"@type":"PropertyValueSpecification","valueRequired":true,"valueName":"search_term_string"}}],"inLanguage":"de"},{"@type":"Organization","@id":"https:\/\/alfequipment.com\/#organization","name":"ALF PACK","url":"https:\/\/alfequipment.com\/","logo":{"@type":"ImageObject","inLanguage":"de","@id":"https:\/\/alfequipment.com\/#\/schema\/logo\/image\/","url":"https:\/\/alfequipment.com\/wp-content\/uploads\/2024\/11\/ALFlogo-2.webp","contentUrl":"https:\/\/alfequipment.com\/wp-content\/uploads\/2024\/11\/ALFlogo-2.webp","width":758,"height":750,"caption":"ALF PACK"},"image":{"@id":"https:\/\/alfequipment.com\/#\/schema\/logo\/image\/"}}]}},"_links":{"self":[{"href":"https:\/\/alfequipment.com\/de\/wp-json\/wp\/v2\/product\/2944","targetHints":{"allow":["GET"]}}],"collection":[{"href":"https:\/\/alfequipment.com\/de\/wp-json\/wp\/v2\/product"}],"about":[{"href":"https:\/\/alfequipment.com\/de\/wp-json\/wp\/v2\/types\/product"}],"replies":[{"embeddable":true,"href":"https:\/\/alfequipment.com\/de\/wp-json\/wp\/v2\/comments?post=2944"}],"version-history":[{"count":0,"href":"https:\/\/alfequipment.com\/de\/wp-json\/wp\/v2\/product\/2944\/revisions"}],"wp:featuredmedia":[{"embeddable":true,"href":"https:\/\/alfequipment.com\/de\/wp-json\/wp\/v2\/media\/2722"}],"wp:attachment":[{"href":"https:\/\/alfequipment.com\/de\/wp-json\/wp\/v2\/media?parent=2944"}],"wp:term":[{"taxonomy":"product_brand","embeddable":true,"href":"https:\/\/alfequipment.com\/de\/wp-json\/wp\/v2\/product_brand?post=2944"},{"taxonomy":"product_cat","embeddable":true,"href":"https:\/\/alfequipment.com\/de\/wp-json\/wp\/v2\/product_cat?post=2944"},{"taxonomy":"product_tag","embeddable":true,"href":"https:\/\/alfequipment.com\/de\/wp-json\/wp\/v2\/product_tag?post=2944"}],"curies":[{"name":"wp","href":"https:\/\/api.w.org\/{rel}","templated":true}]}}