{"id":2960,"date":"2024-12-04T18:31:28","date_gmt":"2024-12-04T18:31:28","guid":{"rendered":"https:\/\/alfequipment.com\/product\/fyl-100-liquid-or-paste-sachet-forming-and-sealing-packaging-machine-option-photocell-for-film-with-eye-mark-date-printer\/"},"modified":"2025-01-13T13:09:18","modified_gmt":"2025-01-13T13:09:18","slug":"fyl-100-verpackungsmaschine-fur-flussige-oder-pastenformige-verpackungen-option-lichtschranke-fur-folie-mit-datumsdrucker","status":"publish","type":"product","link":"https:\/\/alfequipment.com\/de\/product\/fyl-100-verpackungsmaschine-fur-flussige-oder-pastenformige-verpackungen-option-lichtschranke-fur-folie-mit-datumsdrucker\/","title":{"rendered":"FYL-100 Maschine zum Formen und Verschlie\u00dfen von Beuteln f\u00fcr Fl\u00fcssigkeiten oder Pasten, Option Fotozelle f\u00fcr Folie mit Datumsdrucker"},"content":{"rendered":"<div data-magic-global=\"%7B%22bizId%22%3A17179933680%2C%22pageId%22%3A21099309325%2C%22siteId%22%3A5005331025%7D\" id=\"detail_decorate_root\">\n<div module-id=\"29930059692\" module-title=\"detailProductNavigation\" render=\"true\" class=\"J_module\">\n<div id=\"ali-anchor-AliMagic-i4midn\" data-section=\"AliMagic-i4midn\" data-section-title=\"Product Description\" class=\"magic-0\">Geeignet f\u00fcr Fl\u00fcssigkeiten und Gie\u00dfwasser.<\/div>\n<\/div>\n<div module-id=\"29930059693\" module-title=\"detailTextContent\" render=\"true\" class=\"J_module\">\n<div class=\"detail-decorate-json-renderer-container\">\n<div class=\"magic-1\">\n<div class=\"magic-2\">\n<div class=\"magic-3\">\n<div class=\"magic-4\">\n      <\/div>\n<\/p><\/div>\n<\/p><\/div>\n<\/p><\/div>\n<\/p><\/div>\n<\/p><\/div>\n<div module-id=\"29930059694\" module-title=\"detailLeftImageRightTable\" render=\"true\" class=\"J_module\">\n<div class=\"detail-decorate-json-renderer-container\">\n<div class=\"magic-1\">\n<div class=\"magic-5\">\n<div class=\"magic-3\">\n<div class=\"magic-6\">\n       <img decoding=\"async\" src=\"https:\/\/sc04.alicdn.com\/kf\/H296cb85976bd44a8a175a40f63c71d23W\/64496\/H296cb85976bd44a8a175a40f63c71d23W.jpg\" class=\"aligncenter\">\n      <\/div>\n<\/p><\/div>\n<\/p><\/div>\n<div class=\"magic-8\">\n<div class=\"magic-3\">\n<div class=\"ife-detail-decorate-table\">\n<table class=\"has-title all magic-9\">\n<tbody>\n<tr>\n<td colspan=\"1\" rowspan=\"1\">\n<div class=\"magic-10\">\n            Produktmodell:\n           <\/div>\n<\/td>\n<td colspan=\"1\" rowspan=\"1\">\n<div class=\"magic-11\">\n            FYL-100\n           <\/div>\n<\/td>\n<\/tr>\n<tr>\n<td colspan=\"1\" rowspan=\"1\">\n<div class=\"magic-10\">\n            Modell der Bef\u00fcllung\n           <\/div>\n<\/td>\n<td colspan=\"1\" rowspan=\"1\">\n<div class=\"magic-11\">\n            Bef\u00fcllung des Kolbens\n           <\/div>\n<\/td>\n<\/tr>\n<tr>\n<td colspan=\"1\" rowspan=\"1\">\n<div class=\"magic-10\">\n            Spannung:\n           <\/div>\n<\/td>\n<td colspan=\"1\" rowspan=\"1\">\n<div class=\"magic-11\">\n            110v oder 220v\n           <\/div>\n<\/td>\n<\/tr>\n<tr>\n<td colspan=\"1\" rowspan=\"1\">\n<div class=\"magic-10\">\n            Macht:\n           <\/div>\n<\/td>\n<td colspan=\"1\" rowspan=\"1\">\n<div class=\"magic-11\">\n            900W\n           <\/div>\n<\/td>\n<\/tr>\n<tr>\n<td colspan=\"1\" rowspan=\"1\">\n<div class=\"magic-10\">\n            F\u00fcllbereich\n           <\/div>\n<\/td>\n<td colspan=\"1\" rowspan=\"1\">\n<div class=\"magic-11\">\n            5-100g\n           <\/div>\n<\/td>\n<\/tr>\n<tr>\n<td colspan=\"1\" rowspan=\"1\">\n<div class=\"magic-10\">\n            Genauigkeit beim F\u00fcllen\n           <\/div>\n<\/td>\n<td colspan=\"1\" rowspan=\"1\">\n<div class=\"magic-11\">\n            \u00b11ml\n           <\/div>\n<\/td>\n<\/tr>\n<tr>\n<td colspan=\"1\" rowspan=\"1\">\n<div class=\"magic-10\">\n            Geschwindigkeit der Bef\u00fcllung\n           <\/div>\n<\/td>\n<td colspan=\"1\" rowspan=\"1\">\n<div class=\"magic-11\">\n            20-30 St\u00fcck\/min\n           <\/div>\n<\/td>\n<\/tr>\n<tr>\n<td colspan=\"1\" rowspan=\"1\">\n<div class=\"magic-10\">\n            Gr\u00f6\u00dfe der Tasche\n           <\/div>\n<\/td>\n<td colspan=\"1\" rowspan=\"1\">\n<div class=\"magic-11\">\n            0-80mm(B),0-150mm(L)\n           <\/div>\n<\/td>\n<\/tr>\n<tr>\n<td colspan=\"1\" rowspan=\"1\">\n<div class=\"magic-10\">\n            Art der Versiegelung\n           <\/div>\n<\/td>\n<td colspan=\"1\" rowspan=\"1\">\n<div class=\"magic-11\">\n            3-seitige Dichtung\n           <\/div>\n<\/td>\n<\/tr>\n<tr>\n<td colspan=\"1\" rowspan=\"1\">\n<div class=\"magic-10\">\n            Dicke der Folie:\n           <\/div>\n<\/td>\n<td colspan=\"1\" rowspan=\"1\">\n<div class=\"magic-11\">\n            0,5mm-0,8mm\n           <\/div>\n<\/td>\n<\/tr>\n<tr>\n<td colspan=\"1\" rowspan=\"1\">\n<div class=\"magic-10\">\n            Dimension:\n           <\/div>\n<\/td>\n<td colspan=\"1\" rowspan=\"1\">\n<div class=\"magic-11\">\n            600*1200*1350MM\n           <\/div>\n<\/td>\n<\/tr>\n<tr>\n<td colspan=\"1\" rowspan=\"1\">\n<div class=\"magic-10\">\n            Gewicht:\n           <\/div>\n<\/td>\n<td colspan=\"1\" rowspan=\"1\">\n<div class=\"magic-11\">\n            85KG\n           <\/div>\n<\/td>\n<\/tr>\n<\/tbody>\n<\/table><\/div>\n<\/p><\/div>\n<\/p><\/div>\n<\/p><\/div>\n<\/p><\/div>\n<\/p><\/div>\n<div module-id=\"29930059696\" module-title=\"detailSingleImage\" render=\"true\" class=\"J_module\">\n<div class=\"icbu-pc-images magic-12\">\n<div>\n<div class=\"flex-layout-v\">\n<div class=\"flex-layout-h magic-12\">\n<div class=\"magic-13\">\n       <img decoding=\"async\" src=\"https:\/\/sc04.alicdn.com\/kf\/Hd8014b6e7f3b491aae870885ec3589e1s\/64496\/Hd8014b6e7f3b491aae870885ec3589e1s.jpg\" class=\"aligncenter\">\n      <\/div>\n<\/p><\/div>\n<\/p><\/div>\n<\/p><\/div>\n<\/p><\/div>\n<\/p><\/div>\n<\/div>","protected":false},"excerpt":{"rendered":"<p>Verpacken und Versiegeln von Fl\u00fcssigkeitsbeuteln<\/p>","protected":false},"featured_media":2754,"comment_status":"closed","ping_status":"open","template":"","meta":[],"product_brand":[],"product_cat":[101],"product_tag":[],"class_list":{"0":"post-2960","1":"product","2":"type-product","3":"status-publish","4":"has-post-thumbnail","6":"product_cat-filling-machines","8":"first","9":"instock","10":"sale","11":"purchasable","12":"product-type-simple"},"yoast_head":"<!-- This site is optimized with the Yoast SEO Premium plugin v20.9 (Yoast SEO v26.5) - https:\/\/yoast.com\/wordpress\/plugins\/seo\/ -->\n<title>FYL-100 Liquid or paste sachet forming and sealing packaging machine option photocell for film with eye-mark date printer - ALF PACK<\/title>\n<meta name=\"robots\" content=\"index, follow, max-snippet:-1, max-image-preview:large, max-video-preview:-1\" \/>\n<link rel=\"canonical\" href=\"https:\/\/alfequipment.com\/de\/product\/fyl-100-verpackungsmaschine-fur-flussige-oder-pastenformige-verpackungen-option-lichtschranke-fur-folie-mit-datumsdrucker\/\" \/>\n<meta property=\"og:locale\" content=\"de_DE\" \/>\n<meta property=\"og:type\" content=\"article\" \/>\n<meta property=\"og:title\" content=\"FYL-100 Liquid or paste sachet forming and sealing packaging machine option photocell for film with eye-mark date printer\" \/>\n<meta property=\"og:description\" content=\"Liquid Sachet Forming And Sealing Packager\" \/>\n<meta property=\"og:url\" content=\"https:\/\/alfequipment.com\/de\/product\/fyl-100-verpackungsmaschine-fur-flussige-oder-pastenformige-verpackungen-option-lichtschranke-fur-folie-mit-datumsdrucker\/\" \/>\n<meta property=\"og:site_name\" content=\"ALF PACK\" \/>\n<meta property=\"article:modified_time\" content=\"2025-01-13T13:09:18+00:00\" \/>\n<meta property=\"og:image\" content=\"https:\/\/alfequipment.com\/wp-content\/uploads\/2025\/01\/H932f77c26e6242c28abf93ce6c995ddcI.jpg\" \/>\n\t<meta property=\"og:image:width\" content=\"1000\" \/>\n\t<meta property=\"og:image:height\" content=\"1000\" \/>\n\t<meta property=\"og:image:type\" content=\"image\/webp\" \/>\n<meta name=\"twitter:card\" content=\"summary_large_image\" \/>\n<script type=\"application\/ld+json\" class=\"yoast-schema-graph\">{\"@context\":\"https:\/\/schema.org\",\"@graph\":[{\"@type\":\"WebPage\",\"@id\":\"https:\/\/alfequipment.com\/product\/fyl-100-liquid-or-paste-sachet-forming-and-sealing-packaging-machine-option-photocell-for-film-with-eye-mark-date-printer\/\",\"url\":\"https:\/\/alfequipment.com\/product\/fyl-100-liquid-or-paste-sachet-forming-and-sealing-packaging-machine-option-photocell-for-film-with-eye-mark-date-printer\/\",\"name\":\"FYL-100 Liquid or paste sachet forming and sealing packaging machine option photocell for film with eye-mark date printer - ALF PACK\",\"isPartOf\":{\"@id\":\"https:\/\/alfequipment.com\/#website\"},\"primaryImageOfPage\":{\"@id\":\"https:\/\/alfequipment.com\/product\/fyl-100-liquid-or-paste-sachet-forming-and-sealing-packaging-machine-option-photocell-for-film-with-eye-mark-date-printer\/#primaryimage\"},\"image\":{\"@id\":\"https:\/\/alfequipment.com\/product\/fyl-100-liquid-or-paste-sachet-forming-and-sealing-packaging-machine-option-photocell-for-film-with-eye-mark-date-printer\/#primaryimage\"},\"thumbnailUrl\":\"https:\/\/alfequipment.com\/wp-content\/uploads\/2025\/01\/H932f77c26e6242c28abf93ce6c995ddcI.jpg\",\"datePublished\":\"2024-12-04T18:31:28+00:00\",\"dateModified\":\"2025-01-13T13:09:18+00:00\",\"breadcrumb\":{\"@id\":\"https:\/\/alfequipment.com\/product\/fyl-100-liquid-or-paste-sachet-forming-and-sealing-packaging-machine-option-photocell-for-film-with-eye-mark-date-printer\/#breadcrumb\"},\"inLanguage\":\"de\",\"potentialAction\":[{\"@type\":\"ReadAction\",\"target\":[\"https:\/\/alfequipment.com\/product\/fyl-100-liquid-or-paste-sachet-forming-and-sealing-packaging-machine-option-photocell-for-film-with-eye-mark-date-printer\/\"]}]},{\"@type\":\"ImageObject\",\"inLanguage\":\"de\",\"@id\":\"https:\/\/alfequipment.com\/product\/fyl-100-liquid-or-paste-sachet-forming-and-sealing-packaging-machine-option-photocell-for-film-with-eye-mark-date-printer\/#primaryimage\",\"url\":\"https:\/\/alfequipment.com\/wp-content\/uploads\/2025\/01\/H932f77c26e6242c28abf93ce6c995ddcI.jpg\",\"contentUrl\":\"https:\/\/alfequipment.com\/wp-content\/uploads\/2025\/01\/H932f77c26e6242c28abf93ce6c995ddcI.jpg\",\"width\":1000,\"height\":1000},{\"@type\":\"BreadcrumbList\",\"@id\":\"https:\/\/alfequipment.com\/product\/fyl-100-liquid-or-paste-sachet-forming-and-sealing-packaging-machine-option-photocell-for-film-with-eye-mark-date-printer\/#breadcrumb\",\"itemListElement\":[{\"@type\":\"ListItem\",\"position\":1,\"name\":\"Home\",\"item\":\"https:\/\/alfequipment.com\/\"},{\"@type\":\"ListItem\",\"position\":2,\"name\":\"Shop\",\"item\":\"https:\/\/alfequipment.com\/shop\/\"},{\"@type\":\"ListItem\",\"position\":3,\"name\":\"FYL-100 Liquid or paste sachet forming and sealing packaging machine option photocell for film with eye-mark date printer\"}]},{\"@type\":\"WebSite\",\"@id\":\"https:\/\/alfequipment.com\/#website\",\"url\":\"https:\/\/alfequipment.com\/\",\"name\":\"ALF PACK\",\"description\":\"\",\"publisher\":{\"@id\":\"https:\/\/alfequipment.com\/#organization\"},\"potentialAction\":[{\"@type\":\"SearchAction\",\"target\":{\"@type\":\"EntryPoint\",\"urlTemplate\":\"https:\/\/alfequipment.com\/?s={search_term_string}\"},\"query-input\":{\"@type\":\"PropertyValueSpecification\",\"valueRequired\":true,\"valueName\":\"search_term_string\"}}],\"inLanguage\":\"de\"},{\"@type\":\"Organization\",\"@id\":\"https:\/\/alfequipment.com\/#organization\",\"name\":\"ALF PACK\",\"url\":\"https:\/\/alfequipment.com\/\",\"logo\":{\"@type\":\"ImageObject\",\"inLanguage\":\"de\",\"@id\":\"https:\/\/alfequipment.com\/#\/schema\/logo\/image\/\",\"url\":\"https:\/\/alfequipment.com\/wp-content\/uploads\/2024\/11\/ALFlogo-2.webp\",\"contentUrl\":\"https:\/\/alfequipment.com\/wp-content\/uploads\/2024\/11\/ALFlogo-2.webp\",\"width\":758,\"height\":750,\"caption\":\"ALF PACK\"},\"image\":{\"@id\":\"https:\/\/alfequipment.com\/#\/schema\/logo\/image\/\"}}]}<\/script>\n<!-- \/ Yoast SEO Premium plugin. -->","yoast_head_json":{"title":"FYL-100 Maschine zum Formen und Verschlie\u00dfen von Beuteln f\u00fcr Fl\u00fcssigkeiten oder Pasten, Option Fotozelle f\u00fcr Folie mit Datumsdrucker - ALF PACK","robots":{"index":"index","follow":"follow","max-snippet":"max-snippet:-1","max-image-preview":"max-image-preview:large","max-video-preview":"max-video-preview:-1"},"canonical":"https:\/\/alfequipment.com\/de\/product\/fyl-100-verpackungsmaschine-fur-flussige-oder-pastenformige-verpackungen-option-lichtschranke-fur-folie-mit-datumsdrucker\/","og_locale":"de_DE","og_type":"article","og_title":"FYL-100 Liquid or paste sachet forming and sealing packaging machine option photocell for film with eye-mark date printer","og_description":"Liquid Sachet Forming And Sealing Packager","og_url":"https:\/\/alfequipment.com\/de\/product\/fyl-100-verpackungsmaschine-fur-flussige-oder-pastenformige-verpackungen-option-lichtschranke-fur-folie-mit-datumsdrucker\/","og_site_name":"ALF PACK","article_modified_time":"2025-01-13T13:09:18+00:00","og_image":[{"width":1000,"height":1000,"url":"https:\/\/alfequipment.com\/wp-content\/uploads\/2025\/01\/H932f77c26e6242c28abf93ce6c995ddcI.jpg","type":"image\/webp"}],"twitter_card":"summary_large_image","schema":{"@context":"https:\/\/schema.org","@graph":[{"@type":"WebPage","@id":"https:\/\/alfequipment.com\/product\/fyl-100-liquid-or-paste-sachet-forming-and-sealing-packaging-machine-option-photocell-for-film-with-eye-mark-date-printer\/","url":"https:\/\/alfequipment.com\/product\/fyl-100-liquid-or-paste-sachet-forming-and-sealing-packaging-machine-option-photocell-for-film-with-eye-mark-date-printer\/","name":"FYL-100 Maschine zum Formen und Verschlie\u00dfen von Beuteln f\u00fcr Fl\u00fcssigkeiten oder Pasten, Option Fotozelle f\u00fcr Folie mit Datumsdrucker - ALF PACK","isPartOf":{"@id":"https:\/\/alfequipment.com\/#website"},"primaryImageOfPage":{"@id":"https:\/\/alfequipment.com\/product\/fyl-100-liquid-or-paste-sachet-forming-and-sealing-packaging-machine-option-photocell-for-film-with-eye-mark-date-printer\/#primaryimage"},"image":{"@id":"https:\/\/alfequipment.com\/product\/fyl-100-liquid-or-paste-sachet-forming-and-sealing-packaging-machine-option-photocell-for-film-with-eye-mark-date-printer\/#primaryimage"},"thumbnailUrl":"https:\/\/alfequipment.com\/wp-content\/uploads\/2025\/01\/H932f77c26e6242c28abf93ce6c995ddcI.jpg","datePublished":"2024-12-04T18:31:28+00:00","dateModified":"2025-01-13T13:09:18+00:00","breadcrumb":{"@id":"https:\/\/alfequipment.com\/product\/fyl-100-liquid-or-paste-sachet-forming-and-sealing-packaging-machine-option-photocell-for-film-with-eye-mark-date-printer\/#breadcrumb"},"inLanguage":"de","potentialAction":[{"@type":"ReadAction","target":["https:\/\/alfequipment.com\/product\/fyl-100-liquid-or-paste-sachet-forming-and-sealing-packaging-machine-option-photocell-for-film-with-eye-mark-date-printer\/"]}]},{"@type":"ImageObject","inLanguage":"de","@id":"https:\/\/alfequipment.com\/product\/fyl-100-liquid-or-paste-sachet-forming-and-sealing-packaging-machine-option-photocell-for-film-with-eye-mark-date-printer\/#primaryimage","url":"https:\/\/alfequipment.com\/wp-content\/uploads\/2025\/01\/H932f77c26e6242c28abf93ce6c995ddcI.jpg","contentUrl":"https:\/\/alfequipment.com\/wp-content\/uploads\/2025\/01\/H932f77c26e6242c28abf93ce6c995ddcI.jpg","width":1000,"height":1000},{"@type":"BreadcrumbList","@id":"https:\/\/alfequipment.com\/product\/fyl-100-liquid-or-paste-sachet-forming-and-sealing-packaging-machine-option-photocell-for-film-with-eye-mark-date-printer\/#breadcrumb","itemListElement":[{"@type":"ListItem","position":1,"name":"Home","item":"https:\/\/alfequipment.com\/"},{"@type":"ListItem","position":2,"name":"Shop","item":"https:\/\/alfequipment.com\/shop\/"},{"@type":"ListItem","position":3,"name":"FYL-100 Liquid or paste sachet forming and sealing packaging machine option photocell for film with eye-mark date printer"}]},{"@type":"WebSite","@id":"https:\/\/alfequipment.com\/#website","url":"https:\/\/alfequipment.com\/","name":"ALF PACK","description":"","publisher":{"@id":"https:\/\/alfequipment.com\/#organization"},"potentialAction":[{"@type":"SearchAction","target":{"@type":"EntryPoint","urlTemplate":"https:\/\/alfequipment.com\/?s={search_term_string}"},"query-input":{"@type":"PropertyValueSpecification","valueRequired":true,"valueName":"search_term_string"}}],"inLanguage":"de"},{"@type":"Organization","@id":"https:\/\/alfequipment.com\/#organization","name":"ALF PACK","url":"https:\/\/alfequipment.com\/","logo":{"@type":"ImageObject","inLanguage":"de","@id":"https:\/\/alfequipment.com\/#\/schema\/logo\/image\/","url":"https:\/\/alfequipment.com\/wp-content\/uploads\/2024\/11\/ALFlogo-2.webp","contentUrl":"https:\/\/alfequipment.com\/wp-content\/uploads\/2024\/11\/ALFlogo-2.webp","width":758,"height":750,"caption":"ALF PACK"},"image":{"@id":"https:\/\/alfequipment.com\/#\/schema\/logo\/image\/"}}]}},"_links":{"self":[{"href":"https:\/\/alfequipment.com\/de\/wp-json\/wp\/v2\/product\/2960","targetHints":{"allow":["GET"]}}],"collection":[{"href":"https:\/\/alfequipment.com\/de\/wp-json\/wp\/v2\/product"}],"about":[{"href":"https:\/\/alfequipment.com\/de\/wp-json\/wp\/v2\/types\/product"}],"replies":[{"embeddable":true,"href":"https:\/\/alfequipment.com\/de\/wp-json\/wp\/v2\/comments?post=2960"}],"version-history":[{"count":0,"href":"https:\/\/alfequipment.com\/de\/wp-json\/wp\/v2\/product\/2960\/revisions"}],"wp:featuredmedia":[{"embeddable":true,"href":"https:\/\/alfequipment.com\/de\/wp-json\/wp\/v2\/media\/2754"}],"wp:attachment":[{"href":"https:\/\/alfequipment.com\/de\/wp-json\/wp\/v2\/media?parent=2960"}],"wp:term":[{"taxonomy":"product_brand","embeddable":true,"href":"https:\/\/alfequipment.com\/de\/wp-json\/wp\/v2\/product_brand?post=2960"},{"taxonomy":"product_cat","embeddable":true,"href":"https:\/\/alfequipment.com\/de\/wp-json\/wp\/v2\/product_cat?post=2960"},{"taxonomy":"product_tag","embeddable":true,"href":"https:\/\/alfequipment.com\/de\/wp-json\/wp\/v2\/product_tag?post=2960"}],"curies":[{"name":"wp","href":"https:\/\/api.w.org\/{rel}","templated":true}]}}