{"id":2966,"date":"2025-01-01T17:18:17","date_gmt":"2025-01-01T17:18:17","guid":{"rendered":"https:\/\/alfequipment.com\/product\/ce-certification-dkx4540-automatic-carton-erector-and-bottom-sealer-box-sealing-packaging-machine\/"},"modified":"2025-01-13T14:41:03","modified_gmt":"2025-01-13T14:41:03","slug":"ce-zertifizierung-dkx4540-automatischer-kartonaufrichter-und-bodenverschlieser-verpackungsmaschine","status":"publish","type":"product","link":"https:\/\/alfequipment.com\/de\/product\/ce-zertifizierung-dkx4540-automatischer-kartonaufrichter-und-bodenverschlieser-verpackungsmaschine\/","title":{"rendered":"CE-Zertifizierung DKX4540 Automatischer Kartonaufrichter und Bodenverschlie\u00dfer Kartonverschluss-Verpackungsmaschine"},"content":{"rendered":"<div>\n<div style=\"vertical-align: top;padding-top: 15px; padding-bottom: 15px;\">\n<div style=\"vertical-align: top;padding-top: 10px; padding-bottom: 10px; margin-right: -4px; margin-left: -4px;\">\n<div style=\"vertical-align: top; box-sizing: border-box; padding-right: 4px; padding-left: 4px;margin-top: -4px; margin-bottom: -4px;\">\n<div id=\"waa3p\" style=\"vertical-align: top; box-sizing: border-box; padding-top: 4px; padding-bottom: 4px\">Vertikale Lagerung ist f\u00fcr die Lagerung von Kartonzuschnitten angenommen, f\u00fcr die Kartonzuschnitte k\u00f6nnen jederzeit hinzugef\u00fcgt werden, ohne die Maschine zu stoppen; Es ist geeignet f\u00fcr das Formen und Versiegeln von Kartons der gleichen Gr\u00f6\u00dfe; Wenn Karton Gr\u00f6\u00dfe ge\u00e4ndert werden m\u00fcssen, sollte der Bediener die Maschine manuell einstellen (Finishing in 2-3 Minuten); Es ist rationell gestaltet, so dass die Formung, Faltung und Versiegelung Prozess gleichzeitig durchgef\u00fchrt werden; Alle Teile sind pr\u00e4zise und langlebig, ohne dass eine Vibration in running.Running stetig mit langer Lebensdauer; Leicht im Gewicht, hohe Leistung und Geschwindigkeit.<\/div>\n<\/p><\/div>\n<\/p><\/div>\n<div style=\"vertical-align: top;padding-top: 10px; padding-bottom: 10px; margin-right: -4px; margin-left: -4px;\">\n<div id=\"ex5cc\" style=\"vertical-align: top; box-sizing: border-box; padding-right: 4px; padding-left: 4px\">\n<table style=\"width: auto; border-collapse: collapse; word-wrap: break-word;\" class=\"aliDataTable\">\n<tbody>\n<tr>\n<td style=\"background-color: rgb(218, 226, 237);\">\n<div style=\"width: 249px; height: 22px; padding: 5px 10px; overflow: hidden;\">\n          Modell\n         <\/div>\n<\/td>\n<td colspan=\"3\">\n<div style=\"width: 453px; height: 21px; padding: 5px 10px; overflow: hidden;\">\n          DKX4540\n         <\/div>\n<\/td>\n<\/tr>\n<tr>\n<td style=\"background-color: rgb(218, 226, 237);\">\n<div style=\"width: 249px; height: 23px; padding: 5px 10px; overflow: hidden;\">\n          Gr\u00f6\u00dfe des Kartons\n         <\/div>\n<\/td>\n<td colspan=\"3\">\n<div style=\"width: 453px; height: auto; padding: 5px 10px; overflow: hidden;\">\n          L250-450mm\/W150-400mm\/H150-400mm\n         <\/div>\n<\/td>\n<\/tr>\n<tr>\n<td style=\"background-color: rgb(218, 226, 237);\">\n<div style=\"width: 249px; height: 22px; padding: 5px 10px; overflow: hidden;\">\n          H\u00f6he des Tisches\n         <\/div>\n<\/td>\n<td colspan=\"3\">\n<div style=\"width: 453px; height: 21px; padding: 5px 10px; overflow: hidden;\">\n          Min.H600mm Max.H720mm\n         <\/div>\n<\/td>\n<\/tr>\n<tr>\n<td style=\"background-color: rgb(218, 226, 237);\">\n<div style=\"width: 249px; height: 23px; padding: 5px 10px; overflow: hidden;\">\n          Geschwindigkeit\n         <\/div>\n<\/td>\n<td colspan=\"3\">\n<div style=\"width: 453px; height: auto; padding: 5px 10px; overflow: hidden;\">\n          8-12 Boxen\/min\n         <\/div>\n<\/td>\n<\/tr>\n<tr>\n<td style=\"background-color: rgb(218, 226, 237);\">\n<div style=\"width: 249px; height: 23px; padding: 5px 10px; overflow: hidden;\">\n          Dimension\n         <\/div>\n<\/td>\n<td colspan=\"3\">\n<div style=\"width: 453px; height: 22px; padding: 5px 10px; overflow: hidden;\">\n          L2075*W1270*H1575-1650mm\n         <\/div>\n<\/td>\n<\/tr>\n<tr>\n<td style=\"background-color: rgb(218, 226, 237);\">\n<div style=\"width: 249px; height: 22px; padding: 5px 10px; overflow: hidden;\">\n          Stromversorgung\n         <\/div>\n<\/td>\n<td colspan=\"3\">\n<div style=\"width: 453px; height: 21px; padding: 5px 10px; overflow: hidden;\">\n          220V\/380V 50-60HZ\n         <\/div>\n<\/td>\n<\/tr>\n<tr>\n<td style=\"background-color: rgb(218, 226, 237);\">\n<div style=\"width: 249px; height: 23px; padding: 5px 10px; overflow: hidden;\">\n          Luftquelle\n         <\/div>\n<\/td>\n<td colspan=\"3\">\n<div style=\"width: 453px; height: 22px; padding: 5px 10px; overflow: hidden;\">\n          2\/3L 5Kgf\/c\u00e3\u00a1\n         <\/div>\n<\/td>\n<\/tr>\n<tr>\n<td style=\"background-color: rgb(218, 226, 237);\">\n<div style=\"width: 249px; height: 22px; padding: 5px 10px; overflow: hidden;\">\n          Klebeband\n         <\/div>\n<\/td>\n<td colspan=\"3\">\n<div style=\"width: 453px; height: 21px; padding: 5px 10px; overflow: hidden;\">\n          B48mm-W60-75mm*L1000\n         <\/div>\n<\/td>\n<\/tr>\n<tr>\n<td style=\"background-color: rgb(218, 226, 237);\">\n<div style=\"width: 249px; height: 22px; padding: 5px 10px; overflow: hidden;\">\n          Gewicht der Maschine\n         <\/div>\n<\/td>\n<td colspan=\"3\">\n<div style=\"width: 452px; height: 21px; padding: 5px 10px; overflow: hidden;\">\n          NW-400KGS GW-550KGS\n         <\/div>\n<\/td>\n<\/tr>\n<\/tbody>\n<\/table><\/div>\n<\/p><\/div>\n<div style=\"vertical-align: top;padding-top: 10px; padding-bottom: 10px; margin-right: -4px; margin-left: -4px;\">\n<div id=\"3uyr7\" style=\"vertical-align: top; box-sizing: border-box; padding-right: 4px; padding-left: 4px\">\n<div style=\"overflow: hidden; width: 750px; height: 750px;\">\n      <img decoding=\"async\" src=\"https:\/\/sc01.alicdn.com\/kf\/HTB1NSJxlBsmBKNjSZFsq6yXSVXag\/64496\/HTB1NSJxlBsmBKNjSZFsq6yXSVXag.jpg\" style=\"width: 750px; height: 750px; margin-left: 0px; margin-top: 0px;\" class=\"aligncenter\">\n     <\/div>\n<\/p><\/div>\n<\/p><\/div>\n<div style=\"vertical-align: top;padding-top: 10px; padding-bottom: 10px; margin-right: -4px; margin-left: -4px;\">\n<div style=\"vertical-align: top; box-sizing: border-box; padding-right: 4px; padding-left: 4px;margin-top: -4px; margin-bottom: -4px;\">\n<div id=\"dajwf\" style=\"vertical-align: top; box-sizing: border-box; padding-top: 4px; padding-bottom: 4px\">\n<div style=\"overflow: hidden; width: 750px; height: 320px;\">\n       <img decoding=\"async\" src=\"https:\/\/sc01.alicdn.com\/kf\/HTB14DuIcVyZBuNjt_jJq6zDlXXaL\/64496\/HTB14DuIcVyZBuNjt_jJq6zDlXXaL.jpg\" style=\"width: 750px; height: 750px; margin-left: 0px; margin-top: -178px;\" class=\"aligncenter\">\n      <\/div>\n<\/p><\/div>\n<div style=\"vertical-align: top; box-sizing: border-box; padding-top: 4px; padding-bottom: 4px;margin-right: -4px; margin-left: -4px;\">\n<div id=\"74m89\" style=\"vertical-align: top; width: 50%; display: inline-block; box-sizing: border-box; padding-right: 4px; padding-left: 4px\">\n<div style=\"overflow: hidden; width: 371px; height: 200px;\">\n        <img decoding=\"async\" src=\"https:\/\/sc02.alicdn.com\/kf\/HTB1KY3fw5OYBuNjSsD4q6zSkFXat\/64496\/HTB1KY3fw5OYBuNjSsD4q6zSkFXat.jpg\" style=\"width: 371px; height: 371px; margin-left: 0px; margin-top: -81px;\" class=\"aligncenter\">\n       <\/div>\n<\/p><\/div>\n<div id=\"n3fwi\" style=\"vertical-align: top; width: 50%; display: inline-block; box-sizing: border-box; padding-right: 4px; padding-left: 4px\">\n<div style=\"overflow: hidden; width: 371px; height: 200px;\">\n        <img decoding=\"async\" src=\"https:\/\/sc02.alicdn.com\/kf\/HTB1SBbaldknBKNjSZKPq6x6OFXa5\/64496\/HTB1SBbaldknBKNjSZKPq6x6OFXa5.jpg\" style=\"width: 371px; height: 371px; margin-left: 0px; margin-top: -80px;\" class=\"aligncenter\">\n       <\/div>\n<\/p><\/div>\n<\/p><\/div>\n<\/p><\/div>\n<\/p><\/div>\n<div style=\"vertical-align: top;padding-top: 10px; padding-bottom: 10px; margin-right: -4px; margin-left: -4px;\">\n<div id=\"34xv7\" style=\"vertical-align: top; box-sizing: border-box; padding-right: 4px; padding-left: 4px\">\n<div style=\"overflow: hidden; width: 750px; height: 235.054px;\">\n      <img decoding=\"async\" src=\"https:\/\/sc02.alicdn.com\/kf\/HTB1AwPhFqmWBuNjy1Xa760CbXXaX\/64496\/HTB1AwPhFqmWBuNjy1Xa760CbXXaX.png\" style=\"width: 750px; height: 235.054px; margin-left: 0px; margin-top: 0px;\" class=\"aligncenter\"><\/div>\n<\/div>\n<\/div>\n<\/div>\n<div style=\"vertical-align: top;padding-top: 15px; padding-bottom: 15px;\">\n<div style=\"vertical-align: top;padding-top: 10px; padding-bottom: 10px; margin-right: -4px; margin-left: -4px;\">\n<div style=\"vertical-align: top; box-sizing: border-box; padding-right: 4px; padding-left: 4px;margin-top: -4px; margin-bottom: -4px;\">\n<div style=\"vertical-align: top; box-sizing: border-box; padding-top: 4px; padding-bottom: 4px;margin-right: -4px; margin-left: -4px;\">\n     <\/div>\n<\/p><\/div>\n<\/p><\/div>\n<\/p><\/div>\n<\/p><\/div>","protected":false},"excerpt":{"rendered":"<p>Automatischer Kartonaufrichter mit Bodenverschlie\u00dfer<\/p>","protected":false},"featured_media":2766,"comment_status":"closed","ping_status":"open","template":"","meta":[],"product_brand":[],"product_cat":[116,97],"product_tag":[],"class_list":{"0":"post-2966","1":"product","2":"type-product","3":"status-publish","4":"has-post-thumbnail","6":"product_cat-carton-sealing-machine","7":"product_cat-sealing-machines","9":"first","10":"instock","11":"sale","12":"purchasable","13":"product-type-simple"},"yoast_head":"<!-- This site is optimized with the Yoast SEO Premium plugin v20.9 (Yoast SEO v26.5) - https:\/\/yoast.com\/wordpress\/plugins\/seo\/ -->\n<title>CE Certification DKX4540 Automatic Carton Erector and Bottom Sealer box sealing packaging machine - ALF PACK<\/title>\n<meta name=\"robots\" content=\"index, follow, max-snippet:-1, max-image-preview:large, max-video-preview:-1\" \/>\n<link rel=\"canonical\" href=\"https:\/\/alfequipment.com\/de\/product\/ce-zertifizierung-dkx4540-automatischer-kartonaufrichter-und-bodenverschlieser-verpackungsmaschine\/\" \/>\n<meta property=\"og:locale\" content=\"de_DE\" \/>\n<meta property=\"og:type\" content=\"article\" \/>\n<meta property=\"og:title\" content=\"CE Certification DKX4540 Automatic Carton Erector and Bottom Sealer box sealing packaging machine\" \/>\n<meta property=\"og:description\" content=\"Automatic Carton Erector With Bottom Sealer\" \/>\n<meta property=\"og:url\" content=\"https:\/\/alfequipment.com\/de\/product\/ce-zertifizierung-dkx4540-automatischer-kartonaufrichter-und-bodenverschlieser-verpackungsmaschine\/\" \/>\n<meta property=\"og:site_name\" content=\"ALF PACK\" \/>\n<meta property=\"article:modified_time\" content=\"2025-01-13T14:41:03+00:00\" \/>\n<meta property=\"og:image\" content=\"https:\/\/alfequipment.com\/wp-content\/uploads\/2025\/01\/CE-Certification-DKX4540-Automatic-Carton-Erector-and.jpg\" \/>\n\t<meta property=\"og:image:width\" content=\"800\" \/>\n\t<meta property=\"og:image:height\" content=\"800\" \/>\n\t<meta property=\"og:image:type\" content=\"image\/webp\" \/>\n<meta name=\"twitter:card\" content=\"summary_large_image\" \/>\n<meta name=\"twitter:label1\" content=\"Gesch\u00e4tzte Lesezeit\" \/>\n\t<meta name=\"twitter:data1\" content=\"1\u00a0Minute\" \/>\n<script type=\"application\/ld+json\" class=\"yoast-schema-graph\">{\"@context\":\"https:\/\/schema.org\",\"@graph\":[{\"@type\":\"WebPage\",\"@id\":\"https:\/\/alfequipment.com\/product\/ce-certification-dkx4540-automatic-carton-erector-and-bottom-sealer-box-sealing-packaging-machine\/\",\"url\":\"https:\/\/alfequipment.com\/product\/ce-certification-dkx4540-automatic-carton-erector-and-bottom-sealer-box-sealing-packaging-machine\/\",\"name\":\"CE Certification DKX4540 Automatic Carton Erector and Bottom Sealer box sealing packaging machine - ALF PACK\",\"isPartOf\":{\"@id\":\"https:\/\/alfequipment.com\/#website\"},\"primaryImageOfPage\":{\"@id\":\"https:\/\/alfequipment.com\/product\/ce-certification-dkx4540-automatic-carton-erector-and-bottom-sealer-box-sealing-packaging-machine\/#primaryimage\"},\"image\":{\"@id\":\"https:\/\/alfequipment.com\/product\/ce-certification-dkx4540-automatic-carton-erector-and-bottom-sealer-box-sealing-packaging-machine\/#primaryimage\"},\"thumbnailUrl\":\"https:\/\/alfequipment.com\/wp-content\/uploads\/2025\/01\/CE-Certification-DKX4540-Automatic-Carton-Erector-and.jpg\",\"datePublished\":\"2025-01-01T17:18:17+00:00\",\"dateModified\":\"2025-01-13T14:41:03+00:00\",\"breadcrumb\":{\"@id\":\"https:\/\/alfequipment.com\/product\/ce-certification-dkx4540-automatic-carton-erector-and-bottom-sealer-box-sealing-packaging-machine\/#breadcrumb\"},\"inLanguage\":\"de\",\"potentialAction\":[{\"@type\":\"ReadAction\",\"target\":[\"https:\/\/alfequipment.com\/product\/ce-certification-dkx4540-automatic-carton-erector-and-bottom-sealer-box-sealing-packaging-machine\/\"]}]},{\"@type\":\"ImageObject\",\"inLanguage\":\"de\",\"@id\":\"https:\/\/alfequipment.com\/product\/ce-certification-dkx4540-automatic-carton-erector-and-bottom-sealer-box-sealing-packaging-machine\/#primaryimage\",\"url\":\"https:\/\/alfequipment.com\/wp-content\/uploads\/2025\/01\/CE-Certification-DKX4540-Automatic-Carton-Erector-and.jpg\",\"contentUrl\":\"https:\/\/alfequipment.com\/wp-content\/uploads\/2025\/01\/CE-Certification-DKX4540-Automatic-Carton-Erector-and.jpg\",\"width\":800,\"height\":800},{\"@type\":\"BreadcrumbList\",\"@id\":\"https:\/\/alfequipment.com\/product\/ce-certification-dkx4540-automatic-carton-erector-and-bottom-sealer-box-sealing-packaging-machine\/#breadcrumb\",\"itemListElement\":[{\"@type\":\"ListItem\",\"position\":1,\"name\":\"Home\",\"item\":\"https:\/\/alfequipment.com\/\"},{\"@type\":\"ListItem\",\"position\":2,\"name\":\"Shop\",\"item\":\"https:\/\/alfequipment.com\/shop\/\"},{\"@type\":\"ListItem\",\"position\":3,\"name\":\"CE Certification DKX4540 Automatic Carton Erector and Bottom Sealer box sealing packaging machine\"}]},{\"@type\":\"WebSite\",\"@id\":\"https:\/\/alfequipment.com\/#website\",\"url\":\"https:\/\/alfequipment.com\/\",\"name\":\"ALF PACK\",\"description\":\"\",\"publisher\":{\"@id\":\"https:\/\/alfequipment.com\/#organization\"},\"potentialAction\":[{\"@type\":\"SearchAction\",\"target\":{\"@type\":\"EntryPoint\",\"urlTemplate\":\"https:\/\/alfequipment.com\/?s={search_term_string}\"},\"query-input\":{\"@type\":\"PropertyValueSpecification\",\"valueRequired\":true,\"valueName\":\"search_term_string\"}}],\"inLanguage\":\"de\"},{\"@type\":\"Organization\",\"@id\":\"https:\/\/alfequipment.com\/#organization\",\"name\":\"ALF PACK\",\"url\":\"https:\/\/alfequipment.com\/\",\"logo\":{\"@type\":\"ImageObject\",\"inLanguage\":\"de\",\"@id\":\"https:\/\/alfequipment.com\/#\/schema\/logo\/image\/\",\"url\":\"https:\/\/alfequipment.com\/wp-content\/uploads\/2024\/11\/ALFlogo-2.webp\",\"contentUrl\":\"https:\/\/alfequipment.com\/wp-content\/uploads\/2024\/11\/ALFlogo-2.webp\",\"width\":758,\"height\":750,\"caption\":\"ALF PACK\"},\"image\":{\"@id\":\"https:\/\/alfequipment.com\/#\/schema\/logo\/image\/\"}}]}<\/script>\n<!-- \/ Yoast SEO Premium plugin. -->","yoast_head_json":{"title":"CE Zertifizierung DKX4540 Automatischer Kartonaufrichter und Bodenverschlie\u00dfer Kartonverschlie\u00dfmaschine - ALF PACK","robots":{"index":"index","follow":"follow","max-snippet":"max-snippet:-1","max-image-preview":"max-image-preview:large","max-video-preview":"max-video-preview:-1"},"canonical":"https:\/\/alfequipment.com\/de\/product\/ce-zertifizierung-dkx4540-automatischer-kartonaufrichter-und-bodenverschlieser-verpackungsmaschine\/","og_locale":"de_DE","og_type":"article","og_title":"CE Certification DKX4540 Automatic Carton Erector and Bottom Sealer box sealing packaging machine","og_description":"Automatic Carton Erector With Bottom Sealer","og_url":"https:\/\/alfequipment.com\/de\/product\/ce-zertifizierung-dkx4540-automatischer-kartonaufrichter-und-bodenverschlieser-verpackungsmaschine\/","og_site_name":"ALF PACK","article_modified_time":"2025-01-13T14:41:03+00:00","og_image":[{"width":800,"height":800,"url":"https:\/\/alfequipment.com\/wp-content\/uploads\/2025\/01\/CE-Certification-DKX4540-Automatic-Carton-Erector-and.jpg","type":"image\/webp"}],"twitter_card":"summary_large_image","twitter_misc":{"Gesch\u00e4tzte Lesezeit":"1\u00a0Minute"},"schema":{"@context":"https:\/\/schema.org","@graph":[{"@type":"WebPage","@id":"https:\/\/alfequipment.com\/product\/ce-certification-dkx4540-automatic-carton-erector-and-bottom-sealer-box-sealing-packaging-machine\/","url":"https:\/\/alfequipment.com\/product\/ce-certification-dkx4540-automatic-carton-erector-and-bottom-sealer-box-sealing-packaging-machine\/","name":"CE Zertifizierung DKX4540 Automatischer Kartonaufrichter und Bodenverschlie\u00dfer Kartonverschlie\u00dfmaschine - ALF PACK","isPartOf":{"@id":"https:\/\/alfequipment.com\/#website"},"primaryImageOfPage":{"@id":"https:\/\/alfequipment.com\/product\/ce-certification-dkx4540-automatic-carton-erector-and-bottom-sealer-box-sealing-packaging-machine\/#primaryimage"},"image":{"@id":"https:\/\/alfequipment.com\/product\/ce-certification-dkx4540-automatic-carton-erector-and-bottom-sealer-box-sealing-packaging-machine\/#primaryimage"},"thumbnailUrl":"https:\/\/alfequipment.com\/wp-content\/uploads\/2025\/01\/CE-Certification-DKX4540-Automatic-Carton-Erector-and.jpg","datePublished":"2025-01-01T17:18:17+00:00","dateModified":"2025-01-13T14:41:03+00:00","breadcrumb":{"@id":"https:\/\/alfequipment.com\/product\/ce-certification-dkx4540-automatic-carton-erector-and-bottom-sealer-box-sealing-packaging-machine\/#breadcrumb"},"inLanguage":"de","potentialAction":[{"@type":"ReadAction","target":["https:\/\/alfequipment.com\/product\/ce-certification-dkx4540-automatic-carton-erector-and-bottom-sealer-box-sealing-packaging-machine\/"]}]},{"@type":"ImageObject","inLanguage":"de","@id":"https:\/\/alfequipment.com\/product\/ce-certification-dkx4540-automatic-carton-erector-and-bottom-sealer-box-sealing-packaging-machine\/#primaryimage","url":"https:\/\/alfequipment.com\/wp-content\/uploads\/2025\/01\/CE-Certification-DKX4540-Automatic-Carton-Erector-and.jpg","contentUrl":"https:\/\/alfequipment.com\/wp-content\/uploads\/2025\/01\/CE-Certification-DKX4540-Automatic-Carton-Erector-and.jpg","width":800,"height":800},{"@type":"BreadcrumbList","@id":"https:\/\/alfequipment.com\/product\/ce-certification-dkx4540-automatic-carton-erector-and-bottom-sealer-box-sealing-packaging-machine\/#breadcrumb","itemListElement":[{"@type":"ListItem","position":1,"name":"Home","item":"https:\/\/alfequipment.com\/"},{"@type":"ListItem","position":2,"name":"Shop","item":"https:\/\/alfequipment.com\/shop\/"},{"@type":"ListItem","position":3,"name":"CE Certification DKX4540 Automatic Carton Erector and Bottom Sealer box sealing packaging machine"}]},{"@type":"WebSite","@id":"https:\/\/alfequipment.com\/#website","url":"https:\/\/alfequipment.com\/","name":"ALF PACK","description":"","publisher":{"@id":"https:\/\/alfequipment.com\/#organization"},"potentialAction":[{"@type":"SearchAction","target":{"@type":"EntryPoint","urlTemplate":"https:\/\/alfequipment.com\/?s={search_term_string}"},"query-input":{"@type":"PropertyValueSpecification","valueRequired":true,"valueName":"search_term_string"}}],"inLanguage":"de"},{"@type":"Organization","@id":"https:\/\/alfequipment.com\/#organization","name":"ALF PACK","url":"https:\/\/alfequipment.com\/","logo":{"@type":"ImageObject","inLanguage":"de","@id":"https:\/\/alfequipment.com\/#\/schema\/logo\/image\/","url":"https:\/\/alfequipment.com\/wp-content\/uploads\/2024\/11\/ALFlogo-2.webp","contentUrl":"https:\/\/alfequipment.com\/wp-content\/uploads\/2024\/11\/ALFlogo-2.webp","width":758,"height":750,"caption":"ALF PACK"},"image":{"@id":"https:\/\/alfequipment.com\/#\/schema\/logo\/image\/"}}]}},"_links":{"self":[{"href":"https:\/\/alfequipment.com\/de\/wp-json\/wp\/v2\/product\/2966","targetHints":{"allow":["GET"]}}],"collection":[{"href":"https:\/\/alfequipment.com\/de\/wp-json\/wp\/v2\/product"}],"about":[{"href":"https:\/\/alfequipment.com\/de\/wp-json\/wp\/v2\/types\/product"}],"replies":[{"embeddable":true,"href":"https:\/\/alfequipment.com\/de\/wp-json\/wp\/v2\/comments?post=2966"}],"version-history":[{"count":0,"href":"https:\/\/alfequipment.com\/de\/wp-json\/wp\/v2\/product\/2966\/revisions"}],"wp:featuredmedia":[{"embeddable":true,"href":"https:\/\/alfequipment.com\/de\/wp-json\/wp\/v2\/media\/2766"}],"wp:attachment":[{"href":"https:\/\/alfequipment.com\/de\/wp-json\/wp\/v2\/media?parent=2966"}],"wp:term":[{"taxonomy":"product_brand","embeddable":true,"href":"https:\/\/alfequipment.com\/de\/wp-json\/wp\/v2\/product_brand?post=2966"},{"taxonomy":"product_cat","embeddable":true,"href":"https:\/\/alfequipment.com\/de\/wp-json\/wp\/v2\/product_cat?post=2966"},{"taxonomy":"product_tag","embeddable":true,"href":"https:\/\/alfequipment.com\/de\/wp-json\/wp\/v2\/product_tag?post=2966"}],"curies":[{"name":"wp","href":"https:\/\/api.w.org\/{rel}","templated":true}]}}