{"id":2975,"date":"2025-01-12T12:23:10","date_gmt":"2025-01-12T12:23:10","guid":{"rendered":"https:\/\/alfequipment.com\/product\/dys-2-1500-semi-automatic-stretch-blow-moulding-machine-for-pet-bottle\/"},"modified":"2025-01-13T13:09:24","modified_gmt":"2025-01-13T13:09:24","slug":"dys-2-1500-halbautomatische-streckblasformmaschine-fur-pet-flaschen","status":"publish","type":"product","link":"https:\/\/alfequipment.com\/de\/product\/dys-2-1500-halbautomatische-streckblasformmaschine-fur-pet-flaschen\/","title":{"rendered":"DYS-2-1500 Halbautomatische Streckblasformmaschine f\u00fcr PET-Flaschen"},"content":{"rendered":"<p><span style=\"font-size: 10.5pt; line-height: normal;\">1.&nbsp;<\/span><span style=\"font-size: 10.5pt; line-height: normal;\">Spezielle elektronische Steuerschaltung f\u00fcr die Heizung, hohe Effizienz bei der gleichzeitigen Steuerung einer oder mehrerer Lampen, geringerer Stromverbrauch<\/span><\/p>\n<div id=\"ali-anchor-AliPostDhMb-25tvv\" style=\"padding-top: 8px;\" data-section=\"AliPostDhMb-25tvv\" data-section-title=\"Product Description\">\n<div>\n<p><span style=\"font-style: normal; font-weight: normal; font-size: 10.5pt; line-height: normal;\">2.&nbsp;<\/span><span style=\"font-style: normal; font-weight: normal; font-size: 10.5pt; line-height: normal;\">Anwendung der Theorie der W\u00e4rme\u00fcbertragung und R\u00fcckkopplung bei der Gestaltung der Form und Dicke der Vorform<\/span><\/p>\n<p><span style=\"font-style: normal; font-weight: normal; font-size: 10.5pt; line-height: normal;\">3.&nbsp;<\/span><span style=\"font-style: normal; font-weight: normal; font-size: 10.5pt; line-height: normal;\">Die Vorform wird gleichm\u00e4\u00dfig erw\u00e4rmt und nicht durch die \u00e4u\u00dfere Umgebung beeinflusst.<\/span><\/p>\n<p><span style=\"font-style: normal; font-weight: normal; font-size: 10.5pt; line-height: normal;\">4.&nbsp;<\/span><span style=\"font-style: normal; font-weight: normal; font-size: 10.5pt; line-height: normal;\">Das K\u00fchlsystem mit Kaltluftkreislauf gew\u00e4hrleistet die gleiche W\u00e4rmeeinwirkung auf die Innen- und Au\u00dfenfl\u00e4chen der Flaschen<\/span><\/p>\n<p><span style=\"font-style: normal; font-weight: normal; font-size: 10.5pt; line-height: normal;\">5.&nbsp;<\/span><span style=\"font-style: normal; font-weight: normal; font-size: 10.5pt; line-height: normal;\">Das von CAD entworfene Abluftsystem kann die Abweichung der Temperatur des Heizmaterials garantieren \u00b1<span style=\"font-family: 'Times New Roman';\">1 Grad<\/span><\/span><\/p>\n<p><span style=\"font-style: normal; font-weight: normal; font-size: 10.5pt; line-height: normal;\">6.&nbsp;<\/span><span style=\"font-style: normal; font-weight: normal; font-size: 10.5pt; line-height: normal;\">Das System des Luftkreislaufs besteht aus Bewegung und Ausblasen, um den Anforderungen des unterschiedlichen Luftdrucks gerecht zu werden und einen stabilen hohen Druck f\u00fcr das Ausblasen verschiedener Formen von Flaschen mit gro\u00dfem Fassungsverm\u00f6gen zu gew\u00e4hrleisten.<\/span><\/p>\n<p><span style=\"font-style: normal; font-weight: normal; font-size: 10.5pt; line-height: normal;\">7.&nbsp;<\/span><span style=\"font-style: normal; font-weight: normal; font-size: 10.5pt; line-height: normal;\">Das System ist mit Schalld\u00e4mpfer, Pleuelstange und gelenkigen Betankungsvorrichtungen ausgestattet<\/span><\/p>\n<p><span style=\"font-style: normal; font-weight: normal; font-size: 10.5pt; line-height: normal;\">8.&nbsp;<\/span><span style=\"font-style: normal; font-weight: normal; font-size: 10.5pt; line-height: normal;\">Zwei Betriebsmodi: halbautomatischer Modus und automatischer Modus<\/span><\/p>\n<p><span style=\"font-style: normal; font-weight: normal; font-size: 10.5pt; line-height: normal;\">9.&nbsp;<\/span><span style=\"font-style: normal; font-weight: normal; font-size: 10.5pt; line-height: normal;\">Kleine Gr\u00f6\u00dfe, geringe Investition. Eine Person genug zu bedienen, einfach und sicher<\/span><\/p>\n<p>&nbsp;<\/p>\n<p><span style=\"font-family: Verdana, Arial, Helvetica, sans-serif; font-size: 16px; line-height: normal;\">Spezifikation:<\/span><\/p>\n<p>&nbsp;<\/p>\n<table class=\"aliDataTable\" style=\"width: 426.1pt;\">\n<tbody>\n<tr style=\"height: 16px;\" align=\"left\">\n<td style=\"width: 213.05pt; height: 16px;\" valign=\"top\">\n<p><span style=\"font-style: normal; font-weight: normal; font-size: 10.5pt; line-height: normal;\">Modell<\/span><\/p>\n<\/td>\n<td style=\"width: 213.05pt; height: 16px;\" valign=\"top\">\n<p><span style=\"font-size: 12px;\">DYS-2-1500<\/span><\/p>\n<\/td>\n<\/tr>\n<tr style=\"height: 17px;\" align=\"left\">\n<td style=\"height: 17px;\" valign=\"top\">\n<p><span style=\"font-style: normal; font-weight: normal; font-size: 10.5pt; line-height: normal;\">Theoretische Leistung<\/span><\/p>\n<\/td>\n<td style=\"height: 17px;\" valign=\"top\">\n<p><span style=\"font-style: normal; font-weight: normal; font-size: 10.5pt; line-height: normal;\">800B\/H<\/span><\/p>\n<\/td>\n<\/tr>\n<tr style=\"height: 17px;\" align=\"left\">\n<td style=\"height: 17px;\" valign=\"top\">\n<p><span style=\"font-style: normal; font-weight: normal; font-size: 10.5pt; line-height: normal;\">Maximale Lautst\u00e4rke<\/span><\/p>\n<\/td>\n<td style=\"height: 17px;\" valign=\"top\">\n<p><span style=\"font-style: normal; font-weight: normal; font-size: 10.5pt; line-height: normal;\">2.0L<\/span><\/p>\n<\/td>\n<\/tr>\n<tr style=\"height: 17px;\" align=\"left\">\n<td style=\"height: 17px;\" valign=\"top\">\n<p><span style=\"font-style: normal; font-weight: normal; font-size: 10.5pt; line-height: normal;\">Maximale H\u00f6he<\/span><\/p>\n<\/td>\n<td style=\"height: 17px;\" valign=\"top\">\n<p><span style=\"font-style: normal; font-weight: normal; font-size: 10.5pt; line-height: normal;\">360mm<\/span><\/p>\n<\/td>\n<\/tr>\n<tr style=\"height: 17px;\" align=\"left\">\n<td style=\"height: 17px;\" valign=\"top\">\n<p><span style=\"font-style: normal; font-weight: normal; font-size: 10.5pt; line-height: normal;\">Maximaler Durchmesser<\/span><\/p>\n<\/td>\n<td style=\"height: 17px;\" valign=\"top\">\n<p><span style=\"font-style: normal; font-weight: normal; font-size: 10.5pt; line-height: normal;\">105mm<\/span><\/p>\n<\/td>\n<\/tr>\n<tr style=\"height: 17px;\" align=\"left\">\n<td style=\"height: 17px;\" valign=\"top\">\n<p><span style=\"font-style: normal; font-weight: normal; font-size: 10.5pt; line-height: normal;\">Anzahl der Kavit\u00e4ten&nbsp;<\/span><\/p>\n<\/td>\n<td style=\"height: 17px;\" valign=\"top\">\n<p><span style=\"font-style: normal; font-weight: normal; font-size: 10.5pt; line-height: normal;\">2<\/span><\/p>\n<\/td>\n<\/tr>\n<tr style=\"height: 17px;\" align=\"left\">\n<td style=\"height: 17px;\" valign=\"top\">\n<p><span style=\"font-style: normal; font-weight: normal; font-size: 10.5pt; line-height: normal;\">Abmessungen der Formplatte<\/span><\/p>\n<\/td>\n<td style=\"height: 17px;\" valign=\"top\">\n<p><span style=\"font-style: normal; font-weight: normal; font-size: 10.5pt; line-height: normal;\">L:490mm*H405mm<\/span><\/p>\n<\/td>\n<\/tr>\n<tr style=\"height: 17px;\" align=\"left\">\n<td style=\"height: 17px;\" valign=\"top\">\n<p><span style=\"font-style: normal; font-weight: normal; font-size: 10.5pt; line-height: normal;\">Dicke der Form<\/span><\/p>\n<\/td>\n<td style=\"height: 17px;\" valign=\"top\">\n<p><span style=\"font-style: normal; font-weight: normal; font-size: 10.5pt; line-height: normal;\">220mm<\/span><\/p>\n<\/td>\n<\/tr>\n<tr style=\"height: 17px;\" align=\"left\">\n<td style=\"height: 17px;\" valign=\"top\">\n<p><span style=\"font-style: normal; font-weight: normal; font-size: 10.5pt; line-height: normal;\">\u00d6ffnungshub der Form<\/span><\/p>\n<\/td>\n<td style=\"height: 17px;\" valign=\"top\">\n<p><span style=\"font-style: normal; font-weight: normal; font-size: 10.5pt; line-height: normal;\">180mm<\/span><\/p>\n<\/td>\n<\/tr>\n<tr style=\"height: 17px;\" align=\"left\">\n<td style=\"height: 17px;\" valign=\"top\">\n<p><span style=\"font-style: normal; font-weight: normal; font-size: 10.5pt; line-height: normal;\">Strom<\/span><\/p>\n<\/td>\n<td style=\"height: 17px;\" valign=\"top\">\n<p><span style=\"font-style: normal; font-weight: normal; font-size: 10.5pt; line-height: normal;\">220-380V\/50-60HZ<\/span><\/p>\n<\/td>\n<\/tr>\n<tr style=\"height: 17px;\" align=\"left\">\n<td style=\"height: 17px;\" valign=\"top\">\n<p><span style=\"font-style: normal; font-weight: normal; font-size: 10.5pt; line-height: normal;\">Gesamtleistung<\/span><\/p>\n<\/td>\n<td style=\"height: 17px;\" valign=\"top\">\n<p><span style=\"font-style: normal; font-weight: normal; font-size: 10.5pt; line-height: normal;\">11kw<\/span><\/p>\n<\/td>\n<\/tr>\n<tr style=\"height: 17px;\" align=\"left\">\n<td style=\"height: 17px;\" valign=\"top\">\n<p><span style=\"font-style: normal; font-weight: normal; font-size: 10.5pt; line-height: normal;\">Heizleistung<\/span><\/p>\n<\/td>\n<td style=\"height: 17px;\" valign=\"top\">\n<p><span style=\"font-style: normal; font-weight: normal; font-size: 10.5pt; line-height: normal;\">10kw<\/span><\/p>\n<\/td>\n<\/tr>\n<tr style=\"height: 17px;\" align=\"left\">\n<td style=\"height: 17px;\" valign=\"top\">\n<p><span style=\"font-style: normal; font-weight: normal; font-size: 10.5pt; line-height: normal;\">Abmessungen des Hauptk\u00f6rpers<\/span><\/p>\n<\/td>\n<td style=\"height: 17px;\" valign=\"top\">\n<p><span style=\"font-style: normal; font-weight: normal; font-size: 10.5pt; line-height: normal;\">L:1500*B650*H2000mm<\/span><\/p>\n<\/td>\n<\/tr>\n<tr style=\"height: 17px;\" align=\"left\">\n<td style=\"height: 17px;\" valign=\"top\">\n<p><span style=\"font-style: normal; font-weight: normal; font-size: 10.5pt; line-height: normal;\">Gewicht des Hauptk\u00f6rpers<\/span><\/p>\n<\/td>\n<td style=\"height: 17px;\" valign=\"top\">\n<p><span style=\"font-style: normal; font-weight: normal; font-size: 10.5pt; line-height: normal;\">550kg<\/span><\/p>\n<\/td>\n<\/tr>\n<tr style=\"height: 17px;\" align=\"left\">\n<td style=\"height: 17px;\" valign=\"top\">\n<p><span style=\"font-style: normal; font-weight: normal; font-size: 10.5pt; line-height: normal;\">Dimension Vorw\u00e4rmer<\/span><\/p>\n<\/td>\n<td style=\"height: 17px;\" valign=\"top\">\n<p><span style=\"font-style: normal; font-weight: normal; font-size: 10.5pt; line-height: normal;\">L:1400*B650*H1500mm<\/span><\/p>\n<\/td>\n<\/tr>\n<tr style=\"height: 17px;\" align=\"left\">\n<td style=\"height: 17px;\" valign=\"top\">\n<p><span style=\"font-style: normal; font-weight: normal; font-size: 10.5pt; line-height: normal;\">Gewicht des Vorw\u00e4rmers<\/span><\/p>\n<\/td>\n<td style=\"height: 17px;\" valign=\"top\">\n<p><span style=\"font-style: normal; font-weight: normal; font-size: 10.5pt; line-height: normal;\">300kg<\/span><\/p>\n<\/td>\n<\/tr>\n<\/tbody>\n<\/table>\n<p>&nbsp;<\/p>\n<p>&nbsp;<\/p>\n<p><img decoding=\"async\" src=\"https:\/\/sc01.alicdn.com\/kf\/HTB10_eGFVXXXXcZXXXXq6xXFXXXC\/64496\/HTB10_eGFVXXXXcZXXXXq6xXFXXXC.jpg\" data-alt=\"DYS-2-1500 Semi automatic Stretch Blow Moulding Machine for PET bottle\" style=\"width: 295px; height: 150px;\" ori-width=\"406\" ori-height=\"207\" class=\"aligncenter\"><span style=\"font-size: 24px;\">&nbsp;<\/span><\/p>\n<p><span style=\"font-size: 18px;\">0.1-2.5L(2 Kavit\u00e4ten) 3-6L(1 Kavit\u00e4t)<\/span><\/p>\n<p>&nbsp;<\/p>\n<p><span style=\"font-size: 18px;\"><img decoding=\"async\" src=\"https:\/\/sc01.alicdn.com\/kf\/HTB1dliEFVXXXXc7XpXXq6xXFXXXo\/64496\/HTB1dliEFVXXXXc7XpXXq6xXFXXXo.jpg\" data-alt=\"DYS-2-1500 Semi automatic Stretch Blow Moulding Machine for PET bottle\" style=\"width: 503px; height: 469px;\" ori-width=\"800\" ori-height=\"747\" class=\"aligncenter\"><\/span><\/p>\n<p><span style=\"font-size: 18px;\">Luftkompressor<\/span><\/p>\n<p>&nbsp;<\/p>\n<p><span style=\"font-weight: bold; font-style: normal; font-size: 12pt; line-height: normal;\">Luftfilter FAL-1.0\/30<\/span><\/p>\n<p><span style=\"font-style: normal; font-weight: normal; font-size: 12pt; line-height: normal; font-family: 'Times New Roman';\">&nbsp;<img decoding=\"async\" src=\"https:\/\/sc01.alicdn.com\/kf\/HTB1CkeAFVXXXXcEXFXXq6xXFXXXw\/64496\/HTB1CkeAFVXXXXcEXFXXq6xXFXXXw.jpg\" data-alt=\"DYS-2-1500 Semi automatic Stretch Blow Moulding Machine for PET bottle\" style=\"width: 155px; height: 146px;\" ori-width=\"133\" ori-height=\"125\" class=\"aligncenter\"><\/span><\/p>\n<table class=\"aliDataTable\" style=\"width: 426.1pt;\">\n<tbody>\n<tr align=\"left\">\n<td style=\"width: 213.05pt;\" valign=\"top\">\n<p><span style=\"font-style: normal; font-weight: normal; font-size: 12pt; line-height: normal;\">Modell<\/span><\/p>\n<\/td>\n<td style=\"width: 213.05pt;\" valign=\"top\">\n<p><span style=\"font-style: normal; font-weight: normal; font-size: 12pt; line-height: normal;\">FAL-1.030<\/span><\/p>\n<\/td>\n<\/tr>\n<tr align=\"left\">\n<td valign=\"top\">\n<p><span style=\"font-style: normal; font-weight: normal; font-size: 12pt; line-height: normal;\">Kostenlose Lieferung per Luftfracht<\/span><\/p>\n<\/td>\n<td valign=\"top\">\n<p><span style=\"font-style: normal; font-weight: normal; font-size: 12pt; line-height: normal;\">1.0m\u00b3<span style=\"font-family: 'Times New Roman';\">\/min<\/span><\/span><\/p>\n<\/td>\n<\/tr>\n<tr align=\"left\">\n<td valign=\"top\">\n<p><span style=\"font-style: normal; font-weight: normal; font-size: 12pt; line-height: normal;\">Luftdruck<\/span><\/p>\n<\/td>\n<td valign=\"top\">\n<p><span style=\"font-style: normal; font-weight: normal; font-size: 12pt; line-height: normal;\">3.0Mpa<\/span><\/p>\n<\/td>\n<\/tr>\n<tr align=\"left\">\n<td valign=\"top\">\n<p><span style=\"font-style: normal; font-weight: normal; font-size: 12pt; line-height: normal;\">Gesamtgr\u00f6\u00dfe<\/span><\/p>\n<\/td>\n<td valign=\"top\">\n<p><span style=\"font-style: normal; font-weight: normal; font-size: 12pt; line-height: normal;\">650*250*350<\/span><\/p>\n<\/td>\n<\/tr>\n<tr align=\"left\">\n<td valign=\"top\">\n<p><span style=\"font-style: normal; font-weight: normal; font-size: 12pt; line-height: normal;\">Gewicht&nbsp;<\/span><\/p>\n<\/td>\n<td valign=\"top\">\n<p><span style=\"font-style: normal; font-weight: normal; font-size: 12pt; line-height: normal;\">10kg<\/span><\/p>\n<\/td>\n<\/tr>\n<\/tbody>\n<\/table>\n<p>&nbsp;<\/p>\n<p>&nbsp;<\/p>\n<p><img decoding=\"async\" src=\"https:\/\/sc01.alicdn.com\/kf\/HTB1v8WEFVXXXXcWXpXXq6xXFXXXH\/64496\/HTB1v8WEFVXXXXcWXpXXq6xXFXXXH.jpg\" data-alt=\"DYS-2-1500 Semi automatic Stretch Blow Moulding Machine for PET bottle\" style=\"width: 173px; height: 492px;\" ori-width=\"232\" ori-height=\"660\" class=\"aligncenter\"><\/p>\n<\/div>\n<\/div>","protected":false},"excerpt":{"rendered":"<p>Dys-2-1500 Halbautomatische Streckblasmaschine f\u00fcr Pet-Flaschen<\/p>","protected":false},"featured_media":2784,"comment_status":"closed","ping_status":"open","template":"","meta":[],"product_brand":[],"product_cat":[108],"product_tag":[],"class_list":{"0":"post-2975","1":"product","2":"type-product","3":"status-publish","4":"has-post-thumbnail","6":"product_cat-stretch-blow-moulding-machines","8":"first","9":"instock","10":"sale","11":"purchasable","12":"product-type-simple"},"yoast_head":"<!-- This site is optimized with the Yoast SEO Premium plugin v20.9 (Yoast SEO v26.5) - https:\/\/yoast.com\/wordpress\/plugins\/seo\/ -->\n<title>DYS-2-1500 Semi automatic Stretch Blow Moulding Machine for PET bottle - ALF PACK<\/title>\n<meta name=\"robots\" content=\"index, follow, max-snippet:-1, max-image-preview:large, max-video-preview:-1\" \/>\n<link rel=\"canonical\" href=\"https:\/\/alfequipment.com\/de\/product\/dys-2-1500-halbautomatische-streckblasformmaschine-fur-pet-flaschen\/\" \/>\n<meta property=\"og:locale\" content=\"de_DE\" \/>\n<meta property=\"og:type\" content=\"article\" \/>\n<meta property=\"og:title\" content=\"DYS-2-1500 Semi automatic Stretch Blow Moulding Machine for PET bottle\" \/>\n<meta property=\"og:description\" content=\"Dys-2-1500 Semi Automatic Stretch Blow Moulding Machine For Pet Bottle\" \/>\n<meta property=\"og:url\" content=\"https:\/\/alfequipment.com\/de\/product\/dys-2-1500-halbautomatische-streckblasformmaschine-fur-pet-flaschen\/\" \/>\n<meta property=\"og:site_name\" content=\"ALF PACK\" \/>\n<meta property=\"article:modified_time\" content=\"2025-01-13T13:09:24+00:00\" \/>\n<meta property=\"og:image\" content=\"https:\/\/alfequipment.com\/wp-content\/uploads\/2025\/01\/DYS-2-1500-Semi-automatic-Stretch-Blow.jpg\" \/>\n\t<meta property=\"og:image:width\" content=\"800\" \/>\n\t<meta property=\"og:image:height\" content=\"800\" \/>\n\t<meta property=\"og:image:type\" content=\"image\/webp\" \/>\n<meta name=\"twitter:card\" content=\"summary_large_image\" \/>\n<meta name=\"twitter:label1\" content=\"Gesch\u00e4tzte Lesezeit\" \/>\n\t<meta name=\"twitter:data1\" content=\"2\u00a0Minuten\" \/>\n<script type=\"application\/ld+json\" class=\"yoast-schema-graph\">{\"@context\":\"https:\/\/schema.org\",\"@graph\":[{\"@type\":\"WebPage\",\"@id\":\"https:\/\/alfequipment.com\/product\/dys-2-1500-semi-automatic-stretch-blow-moulding-machine-for-pet-bottle\/\",\"url\":\"https:\/\/alfequipment.com\/product\/dys-2-1500-semi-automatic-stretch-blow-moulding-machine-for-pet-bottle\/\",\"name\":\"DYS-2-1500 Semi automatic Stretch Blow Moulding Machine for PET bottle - ALF PACK\",\"isPartOf\":{\"@id\":\"https:\/\/alfequipment.com\/#website\"},\"primaryImageOfPage\":{\"@id\":\"https:\/\/alfequipment.com\/product\/dys-2-1500-semi-automatic-stretch-blow-moulding-machine-for-pet-bottle\/#primaryimage\"},\"image\":{\"@id\":\"https:\/\/alfequipment.com\/product\/dys-2-1500-semi-automatic-stretch-blow-moulding-machine-for-pet-bottle\/#primaryimage\"},\"thumbnailUrl\":\"https:\/\/alfequipment.com\/wp-content\/uploads\/2025\/01\/DYS-2-1500-Semi-automatic-Stretch-Blow.jpg\",\"datePublished\":\"2025-01-12T12:23:10+00:00\",\"dateModified\":\"2025-01-13T13:09:24+00:00\",\"breadcrumb\":{\"@id\":\"https:\/\/alfequipment.com\/product\/dys-2-1500-semi-automatic-stretch-blow-moulding-machine-for-pet-bottle\/#breadcrumb\"},\"inLanguage\":\"de\",\"potentialAction\":[{\"@type\":\"ReadAction\",\"target\":[\"https:\/\/alfequipment.com\/product\/dys-2-1500-semi-automatic-stretch-blow-moulding-machine-for-pet-bottle\/\"]}]},{\"@type\":\"ImageObject\",\"inLanguage\":\"de\",\"@id\":\"https:\/\/alfequipment.com\/product\/dys-2-1500-semi-automatic-stretch-blow-moulding-machine-for-pet-bottle\/#primaryimage\",\"url\":\"https:\/\/alfequipment.com\/wp-content\/uploads\/2025\/01\/DYS-2-1500-Semi-automatic-Stretch-Blow.jpg\",\"contentUrl\":\"https:\/\/alfequipment.com\/wp-content\/uploads\/2025\/01\/DYS-2-1500-Semi-automatic-Stretch-Blow.jpg\",\"width\":800,\"height\":800},{\"@type\":\"BreadcrumbList\",\"@id\":\"https:\/\/alfequipment.com\/product\/dys-2-1500-semi-automatic-stretch-blow-moulding-machine-for-pet-bottle\/#breadcrumb\",\"itemListElement\":[{\"@type\":\"ListItem\",\"position\":1,\"name\":\"Home\",\"item\":\"https:\/\/alfequipment.com\/\"},{\"@type\":\"ListItem\",\"position\":2,\"name\":\"Shop\",\"item\":\"https:\/\/alfequipment.com\/shop\/\"},{\"@type\":\"ListItem\",\"position\":3,\"name\":\"DYS-2-1500 Semi automatic Stretch Blow Moulding Machine for PET bottle\"}]},{\"@type\":\"WebSite\",\"@id\":\"https:\/\/alfequipment.com\/#website\",\"url\":\"https:\/\/alfequipment.com\/\",\"name\":\"ALF PACK\",\"description\":\"\",\"publisher\":{\"@id\":\"https:\/\/alfequipment.com\/#organization\"},\"potentialAction\":[{\"@type\":\"SearchAction\",\"target\":{\"@type\":\"EntryPoint\",\"urlTemplate\":\"https:\/\/alfequipment.com\/?s={search_term_string}\"},\"query-input\":{\"@type\":\"PropertyValueSpecification\",\"valueRequired\":true,\"valueName\":\"search_term_string\"}}],\"inLanguage\":\"de\"},{\"@type\":\"Organization\",\"@id\":\"https:\/\/alfequipment.com\/#organization\",\"name\":\"ALF PACK\",\"url\":\"https:\/\/alfequipment.com\/\",\"logo\":{\"@type\":\"ImageObject\",\"inLanguage\":\"de\",\"@id\":\"https:\/\/alfequipment.com\/#\/schema\/logo\/image\/\",\"url\":\"https:\/\/alfequipment.com\/wp-content\/uploads\/2024\/11\/ALFlogo-2.webp\",\"contentUrl\":\"https:\/\/alfequipment.com\/wp-content\/uploads\/2024\/11\/ALFlogo-2.webp\",\"width\":758,\"height\":750,\"caption\":\"ALF PACK\"},\"image\":{\"@id\":\"https:\/\/alfequipment.com\/#\/schema\/logo\/image\/\"}}]}<\/script>\n<!-- \/ Yoast SEO Premium plugin. -->","yoast_head_json":{"title":"DYS-2-1500 Halbautomatische Streckblasmaschine f\u00fcr PET-Flaschen - ALF PACK","robots":{"index":"index","follow":"follow","max-snippet":"max-snippet:-1","max-image-preview":"max-image-preview:large","max-video-preview":"max-video-preview:-1"},"canonical":"https:\/\/alfequipment.com\/de\/product\/dys-2-1500-halbautomatische-streckblasformmaschine-fur-pet-flaschen\/","og_locale":"de_DE","og_type":"article","og_title":"DYS-2-1500 Semi automatic Stretch Blow Moulding Machine for PET bottle","og_description":"Dys-2-1500 Semi Automatic Stretch Blow Moulding Machine For Pet Bottle","og_url":"https:\/\/alfequipment.com\/de\/product\/dys-2-1500-halbautomatische-streckblasformmaschine-fur-pet-flaschen\/","og_site_name":"ALF PACK","article_modified_time":"2025-01-13T13:09:24+00:00","og_image":[{"width":800,"height":800,"url":"https:\/\/alfequipment.com\/wp-content\/uploads\/2025\/01\/DYS-2-1500-Semi-automatic-Stretch-Blow.jpg","type":"image\/webp"}],"twitter_card":"summary_large_image","twitter_misc":{"Gesch\u00e4tzte Lesezeit":"2\u00a0Minuten"},"schema":{"@context":"https:\/\/schema.org","@graph":[{"@type":"WebPage","@id":"https:\/\/alfequipment.com\/product\/dys-2-1500-semi-automatic-stretch-blow-moulding-machine-for-pet-bottle\/","url":"https:\/\/alfequipment.com\/product\/dys-2-1500-semi-automatic-stretch-blow-moulding-machine-for-pet-bottle\/","name":"DYS-2-1500 Halbautomatische Streckblasmaschine f\u00fcr PET-Flaschen - ALF PACK","isPartOf":{"@id":"https:\/\/alfequipment.com\/#website"},"primaryImageOfPage":{"@id":"https:\/\/alfequipment.com\/product\/dys-2-1500-semi-automatic-stretch-blow-moulding-machine-for-pet-bottle\/#primaryimage"},"image":{"@id":"https:\/\/alfequipment.com\/product\/dys-2-1500-semi-automatic-stretch-blow-moulding-machine-for-pet-bottle\/#primaryimage"},"thumbnailUrl":"https:\/\/alfequipment.com\/wp-content\/uploads\/2025\/01\/DYS-2-1500-Semi-automatic-Stretch-Blow.jpg","datePublished":"2025-01-12T12:23:10+00:00","dateModified":"2025-01-13T13:09:24+00:00","breadcrumb":{"@id":"https:\/\/alfequipment.com\/product\/dys-2-1500-semi-automatic-stretch-blow-moulding-machine-for-pet-bottle\/#breadcrumb"},"inLanguage":"de","potentialAction":[{"@type":"ReadAction","target":["https:\/\/alfequipment.com\/product\/dys-2-1500-semi-automatic-stretch-blow-moulding-machine-for-pet-bottle\/"]}]},{"@type":"ImageObject","inLanguage":"de","@id":"https:\/\/alfequipment.com\/product\/dys-2-1500-semi-automatic-stretch-blow-moulding-machine-for-pet-bottle\/#primaryimage","url":"https:\/\/alfequipment.com\/wp-content\/uploads\/2025\/01\/DYS-2-1500-Semi-automatic-Stretch-Blow.jpg","contentUrl":"https:\/\/alfequipment.com\/wp-content\/uploads\/2025\/01\/DYS-2-1500-Semi-automatic-Stretch-Blow.jpg","width":800,"height":800},{"@type":"BreadcrumbList","@id":"https:\/\/alfequipment.com\/product\/dys-2-1500-semi-automatic-stretch-blow-moulding-machine-for-pet-bottle\/#breadcrumb","itemListElement":[{"@type":"ListItem","position":1,"name":"Home","item":"https:\/\/alfequipment.com\/"},{"@type":"ListItem","position":2,"name":"Shop","item":"https:\/\/alfequipment.com\/shop\/"},{"@type":"ListItem","position":3,"name":"DYS-2-1500 Semi automatic Stretch Blow Moulding Machine for PET bottle"}]},{"@type":"WebSite","@id":"https:\/\/alfequipment.com\/#website","url":"https:\/\/alfequipment.com\/","name":"ALF PACK","description":"","publisher":{"@id":"https:\/\/alfequipment.com\/#organization"},"potentialAction":[{"@type":"SearchAction","target":{"@type":"EntryPoint","urlTemplate":"https:\/\/alfequipment.com\/?s={search_term_string}"},"query-input":{"@type":"PropertyValueSpecification","valueRequired":true,"valueName":"search_term_string"}}],"inLanguage":"de"},{"@type":"Organization","@id":"https:\/\/alfequipment.com\/#organization","name":"ALF PACK","url":"https:\/\/alfequipment.com\/","logo":{"@type":"ImageObject","inLanguage":"de","@id":"https:\/\/alfequipment.com\/#\/schema\/logo\/image\/","url":"https:\/\/alfequipment.com\/wp-content\/uploads\/2024\/11\/ALFlogo-2.webp","contentUrl":"https:\/\/alfequipment.com\/wp-content\/uploads\/2024\/11\/ALFlogo-2.webp","width":758,"height":750,"caption":"ALF PACK"},"image":{"@id":"https:\/\/alfequipment.com\/#\/schema\/logo\/image\/"}}]}},"_links":{"self":[{"href":"https:\/\/alfequipment.com\/de\/wp-json\/wp\/v2\/product\/2975","targetHints":{"allow":["GET"]}}],"collection":[{"href":"https:\/\/alfequipment.com\/de\/wp-json\/wp\/v2\/product"}],"about":[{"href":"https:\/\/alfequipment.com\/de\/wp-json\/wp\/v2\/types\/product"}],"replies":[{"embeddable":true,"href":"https:\/\/alfequipment.com\/de\/wp-json\/wp\/v2\/comments?post=2975"}],"version-history":[{"count":0,"href":"https:\/\/alfequipment.com\/de\/wp-json\/wp\/v2\/product\/2975\/revisions"}],"wp:featuredmedia":[{"embeddable":true,"href":"https:\/\/alfequipment.com\/de\/wp-json\/wp\/v2\/media\/2784"}],"wp:attachment":[{"href":"https:\/\/alfequipment.com\/de\/wp-json\/wp\/v2\/media?parent=2975"}],"wp:term":[{"taxonomy":"product_brand","embeddable":true,"href":"https:\/\/alfequipment.com\/de\/wp-json\/wp\/v2\/product_brand?post=2975"},{"taxonomy":"product_cat","embeddable":true,"href":"https:\/\/alfequipment.com\/de\/wp-json\/wp\/v2\/product_cat?post=2975"},{"taxonomy":"product_tag","embeddable":true,"href":"https:\/\/alfequipment.com\/de\/wp-json\/wp\/v2\/product_tag?post=2975"}],"curies":[{"name":"wp","href":"https:\/\/api.w.org\/{rel}","templated":true}]}}