{"id":2978,"date":"2024-12-01T15:41:40","date_gmt":"2024-12-01T15:41:40","guid":{"rendered":"https:\/\/alfequipment.com\/product\/dbf1000an-automatic-gas-flushing-band-sealer-continuous-inflating-film-bag-sealing-machine-with-nitrogen-filling\/"},"modified":"2025-01-13T15:01:32","modified_gmt":"2025-01-13T15:01:32","slug":"dbf1000an-automatische-gasgespulte-bandschweismaschine-kontinuierlich-aufblasende-folienbeutelschweismaschine-mit-stickstofffullung","status":"publish","type":"product","link":"https:\/\/alfequipment.com\/de\/product\/dbf1000an-automatische-gasgespulte-bandschweismaschine-kontinuierlich-aufblasende-folienbeutelschweismaschine-mit-stickstofffullung\/","title":{"rendered":"DBF1000AN Automatische Begasungs-Bandschwei\u00dfmaschine Kontinuierlich aufblasbare Folienbeutel-Schwei\u00dfmaschine mit Stickstoffbef\u00fcllung"},"content":{"rendered":"<div data-magic-global=\"%7B%22bizId%22%3A17179933680%2C%22pageId%22%3A5022553697%2C%22siteId%22%3A5005331025%7D\" id=\"detail_decorate_root\">\n<div module-id=\"5584667228\" module-title=\"detailProductNavigation\" render=\"true\" class=\"J_module\">\n<div id=\"ali-anchor-AliMagic-r4qedr\" data-section=\"AliMagic-r4qedr\" data-section-title=\"Product Description\" class=\"magic-0\">Diese Maschine eignet sich f\u00fcr das Versiegeln und Bedrucken. Es ist weit verbreitet in der Lebensmittel-, Medizin-, Chemie-, t\u00e4glichen Gebrauch, Saatgut und andere Industrien verwendet.<\/div>\n<\/div>\n<div module-id=\"5584667229\" module-title=\"detailTextWithTitle\" render=\"true\" class=\"J_module\">\n<div class=\"detail-decorate-json-renderer-container\">\n<div class=\"magic-1\">\n<div class=\"magic-4\">\n<div class=\"magic-5\">\n<div class=\"magic-6\">\n<p class=\"magic-8\"><span class=\"magic-10\">Diese Maschine verf\u00fcgt \u00fcber eine intelligente Temperaturregelung und eine stufenlose Geschwindigkeitsregulierung. Sie kann verschiedene Kunststoffbeutel aus unterschiedlichen Materialien verschlie\u00dfen. Aufgrund der geringen Gr\u00f6\u00dfe der Maschine ist die Versiegelungsl\u00e4nge nicht begrenzt, und es kann mit verschiedenen Verpackungslinien verwendet werden. Es wird die beste Versiegelungsausr\u00fcstung f\u00fcr die Chargenverpackung in Fabriken und Gesch\u00e4ften sein.<\/span><\/p>\n<p class=\"magic-8\"><span class=\"magic-11\">Dank der einfachen elektrischen Steuerung der Maschine und der vern\u00fcnftigen und ausgefeilten mechanischen \u00dcbertragung ist die Leistung sehr stabil, die Ausfallrate ist extrem niedrig und die Lebensdauer ist l\u00e4nger. Sie kann \u00fcber einen langen Zeitraum kontinuierlich arbeiten und die Anforderungen der Massenproduktion erf\u00fcllen. Nachdem das Produkt von der Maschine versiegelt und verpackt wurde, hat es ein sch\u00f6nes Aussehen, ist sauber, staub- und feuchtigkeitsbest\u00e4ndig und widerstandsf\u00e4hig gegen Besch\u00e4digungen, was die Handhabung und Lagerung erleichtert und den Produktverlust erheblich reduziert.<\/span><\/p>\n<\/p><\/div>\n<\/p><\/div>\n<\/p><\/div>\n<\/p><\/div>\n<\/p><\/div>\n<\/p><\/div>\n<div module-id=\"5584667230\" module-title=\"detailTableHorizontal\" render=\"true\" class=\"J_module\">\n<div class=\"ife-detail-decorate-table\">\n<table class=\"has-title all magic-12\">\n<tbody>\n<tr>\n<td colspan=\"1\" rowspan=\"1\">\n<div class=\"magic-13\">\n        Modell\n       <\/div>\n<\/td>\n<td colspan=\"1\" rowspan=\"1\">\n<div class=\"magic-14\">\n        DBF1000AN\n       <\/div>\n<\/td>\n<\/tr>\n<tr>\n<td colspan=\"1\" rowspan=\"1\">\n<div class=\"magic-13\">\n        Spannung\n       <\/div>\n<\/td>\n<td colspan=\"1\" rowspan=\"1\">\n<div class=\"magic-14\">\n        110\/220V\/50\u00ef\u00bd60Hz\n       <\/div>\n<\/td>\n<\/tr>\n<tr>\n<td colspan=\"1\" rowspan=\"1\">\n<div class=\"magic-15\">\n        Strom\n       <\/div>\n<\/td>\n<td colspan=\"1\" rowspan=\"1\">\n<div class=\"magic-16\">\n        0.85Kw\n       <\/div>\n<\/td>\n<\/tr>\n<tr>\n<td colspan=\"1\" rowspan=\"1\">\n<div class=\"magic-13\">\n        Arbeitsgeschwindigkeit\u00ef\u00bcm\/min\u00ef\u00bc\n       <\/div>\n<\/td>\n<td colspan=\"1\" rowspan=\"1\">\n<div class=\"magic-14\">\n        0\u00ef\u00bd12\n       <\/div>\n<\/td>\n<\/tr>\n<tr>\n<td colspan=\"1\" rowspan=\"1\">\n<div class=\"magic-13\">\n        Breite der Dichtung\u00ef\u00bcmm\u00ef\u00bc\n       <\/div>\n<\/td>\n<td colspan=\"1\" rowspan=\"1\">\n<div class=\"magic-14\">\n        6\u00ef\u00bd12\n       <\/div>\n<\/td>\n<\/tr>\n<tr>\n<td colspan=\"1\" rowspan=\"1\">\n<div class=\"magic-13\">\n        Temp.bereich\n       <\/div>\n<\/td>\n<td colspan=\"1\" rowspan=\"1\">\n<div class=\"magic-14\">\n        0\u00ef\u00bd300\n       <\/div>\n<\/td>\n<\/tr>\n<tr>\n<td colspan=\"1\" rowspan=\"1\">\n<div class=\"magic-13\">\n        Einschichtige Folie Maximale Dicke (mm)\n       <\/div>\n<\/td>\n<td colspan=\"1\" rowspan=\"1\">\n<div class=\"magic-14\">\n        \u22640.08\n       <\/div>\n<\/td>\n<\/tr>\n<tr>\n<td colspan=\"1\" rowspan=\"1\">\n<div class=\"magic-13\">\n        Max.Belastung\u00ef\u00bcKg\u00ef\u00bc\n       <\/div>\n<\/td>\n<td colspan=\"1\" rowspan=\"1\">\n<div class=\"magic-14\">\n        \u22643\n       <\/div>\n<\/td>\n<\/tr>\n<tr>\n<td colspan=\"1\" rowspan=\"1\">\n<div class=\"magic-13\">\n        Gr\u00f6\u00dfe der Maschine\u00ef\u00bcL x B x H\u00ef\u00bcmm\n       <\/div>\n<\/td>\n<td colspan=\"1\" rowspan=\"1\">\n<div class=\"magic-14\">\n        925*400*305\n       <\/div>\n<\/td>\n<\/tr>\n<tr>\n<td colspan=\"1\" rowspan=\"1\">\n<div class=\"magic-13\">\n        Gewicht\n       <\/div>\n<\/td>\n<td colspan=\"1\" rowspan=\"1\">\n<div class=\"magic-14\">\n        28kg\n       <\/div>\n<\/td>\n<\/tr>\n<\/tbody>\n<\/table><\/div>\n<\/p><\/div>\n<div module-id=\"5584667231\" module-title=\"detailSingleImage\" render=\"true\" class=\"J_module\">\n<div class=\"icbu-pc-images magic-17\">\n<div>\n<div class=\"flex-layout-v\">\n<div class=\"flex-layout-h magic-17\">\n<div class=\"magic-18\">\n       <img decoding=\"async\" src=\"https:\/\/sc01.alicdn.com\/kf\/H7da2e6e9e81f4b948f018dae320a099fe\/64496\/H7da2e6e9e81f4b948f018dae320a099fe.jpg\" class=\"aligncenter\">\n      <\/div>\n<\/p><\/div>\n<\/p><\/div>\n<\/p><\/div>\n<\/p><\/div>\n<\/p><\/div>\n<div module-id=\"5582693849\" module-title=\"detailMultiImages\" render=\"true\" class=\"J_module\">\n<div class=\"icbu-pc-images magic-17\">\n<div>\n<div class=\"flex-layout-v\">\n<div class=\"flex-layout-h magic-17\">\n<div class=\"magic-20\">\n       <img decoding=\"async\" src=\"https:\/\/sc01.alicdn.com\/kf\/H5a63869b12ab49fca7c2fd05b6fefdf8v\/64496\/H5a63869b12ab49fca7c2fd05b6fefdf8v.jpg\" class=\"aligncenter\">\n      <\/div>\n<div class=\"magic-22\">\n       <img decoding=\"async\" src=\"https:\/\/sc01.alicdn.com\/kf\/Hdf8ae708689b4c51bb800994986e2913H\/64496\/Hdf8ae708689b4c51bb800994986e2913H.jpg\" class=\"aligncenter\">\n      <\/div>\n<div class=\"magic-22\">\n       <img decoding=\"async\" src=\"https:\/\/sc01.alicdn.com\/kf\/H4ceea0ef13d04c738457b5bb1875167ce\/64496\/H4ceea0ef13d04c738457b5bb1875167ce.jpg\" class=\"aligncenter\">\n      <\/div>\n<\/p><\/div>\n<\/p><\/div>\n<\/p><\/div>\n<\/p><\/div>\n<\/p><\/div>\n<div module-id=\"5582693850\" module-title=\"detailSingleImage\" render=\"true\" class=\"J_module\">\n<div class=\"icbu-pc-images magic-17\">\n<div>\n<div class=\"flex-layout-v\">\n<div class=\"flex-layout-h magic-17\">\n<div class=\"magic-18\">\n       <img decoding=\"async\" src=\"https:\/\/sc01.alicdn.com\/kf\/H3dd0ba6198da4064b6361c0eccbbf2ac1\/64496\/H3dd0ba6198da4064b6361c0eccbbf2ac1.jpg\" class=\"aligncenter\">\n      <\/div>\n<\/p><\/div>\n<\/p><\/div>\n<\/p><\/div>\n<\/p><\/div>\n<\/p><\/div>\n<div module-id=\"5582693851\" module-title=\"detailSingleImage\" render=\"true\" class=\"J_module\">\n<div class=\"icbu-pc-images magic-17\">\n<div>\n<div class=\"flex-layout-v\">\n<div class=\"flex-layout-h magic-17\">\n<div class=\"magic-18\">\n       <img decoding=\"async\" src=\"https:\/\/sc01.alicdn.com\/kf\/H4febcd0ae14b416daf5f3e071a2bc4e9M\/64496\/H4febcd0ae14b416daf5f3e071a2bc4e9M.jpg\" class=\"aligncenter\">\n      <\/div>\n<\/p><\/div>\n<\/p><\/div>\n<\/p><\/div>\n<\/p><\/div>\n<\/p><\/div>\n<\/div>","protected":false},"excerpt":{"rendered":"<p>Kontinuierlich aufblasende Folienschwei\u00dfmaschine mit Stickstoffbef\u00fcllung<\/p>","protected":false},"featured_media":2790,"comment_status":"closed","ping_status":"open","template":"","meta":[],"product_brand":[],"product_cat":[119,97],"product_tag":[],"class_list":{"0":"post-2978","1":"product","2":"type-product","3":"status-publish","4":"has-post-thumbnail","6":"product_cat-band-sealer","7":"product_cat-sealing-machines","9":"first","10":"instock","11":"sale","12":"purchasable","13":"product-type-simple"},"yoast_head":"<!-- This site is optimized with the Yoast SEO Premium plugin v20.9 (Yoast SEO v26.5) - https:\/\/yoast.com\/wordpress\/plugins\/seo\/ -->\n<title>DBF1000AN Automatic gas flushing band sealer Continuous inflating film bag sealing machine with Nitrogen filling - ALF PACK<\/title>\n<meta name=\"robots\" content=\"index, follow, max-snippet:-1, max-image-preview:large, max-video-preview:-1\" \/>\n<link rel=\"canonical\" href=\"https:\/\/alfequipment.com\/de\/product\/dbf1000an-automatische-gasgespulte-bandschweismaschine-kontinuierlich-aufblasende-folienbeutelschweismaschine-mit-stickstofffullung\/\" \/>\n<meta property=\"og:locale\" content=\"de_DE\" \/>\n<meta property=\"og:type\" content=\"article\" \/>\n<meta property=\"og:title\" content=\"DBF1000AN Automatic gas flushing band sealer Continuous inflating film bag sealing machine with Nitrogen filling\" \/>\n<meta property=\"og:description\" content=\"Continuous Inflating Film Sealing Machine With Nitrogen Filling\" \/>\n<meta property=\"og:url\" content=\"https:\/\/alfequipment.com\/de\/product\/dbf1000an-automatische-gasgespulte-bandschweismaschine-kontinuierlich-aufblasende-folienbeutelschweismaschine-mit-stickstofffullung\/\" \/>\n<meta property=\"og:site_name\" content=\"ALF PACK\" \/>\n<meta property=\"article:modified_time\" content=\"2025-01-13T15:01:32+00:00\" \/>\n<meta property=\"og:image\" content=\"https:\/\/alfequipment.com\/wp-content\/uploads\/2025\/01\/DBF1000AN-Automatic-gas-flushing-band-sealer-Continuous.jpg\" \/>\n\t<meta property=\"og:image:width\" content=\"800\" \/>\n\t<meta property=\"og:image:height\" content=\"800\" \/>\n\t<meta property=\"og:image:type\" content=\"image\/webp\" \/>\n<meta name=\"twitter:card\" content=\"summary_large_image\" \/>\n<meta name=\"twitter:label1\" content=\"Gesch\u00e4tzte Lesezeit\" \/>\n\t<meta name=\"twitter:data1\" content=\"1\u00a0Minute\" \/>\n<script type=\"application\/ld+json\" class=\"yoast-schema-graph\">{\"@context\":\"https:\/\/schema.org\",\"@graph\":[{\"@type\":\"WebPage\",\"@id\":\"https:\/\/alfequipment.com\/product\/dbf1000an-automatic-gas-flushing-band-sealer-continuous-inflating-film-bag-sealing-machine-with-nitrogen-filling\/\",\"url\":\"https:\/\/alfequipment.com\/product\/dbf1000an-automatic-gas-flushing-band-sealer-continuous-inflating-film-bag-sealing-machine-with-nitrogen-filling\/\",\"name\":\"DBF1000AN Automatic gas flushing band sealer Continuous inflating film bag sealing machine with Nitrogen filling - ALF PACK\",\"isPartOf\":{\"@id\":\"https:\/\/alfequipment.com\/#website\"},\"primaryImageOfPage\":{\"@id\":\"https:\/\/alfequipment.com\/product\/dbf1000an-automatic-gas-flushing-band-sealer-continuous-inflating-film-bag-sealing-machine-with-nitrogen-filling\/#primaryimage\"},\"image\":{\"@id\":\"https:\/\/alfequipment.com\/product\/dbf1000an-automatic-gas-flushing-band-sealer-continuous-inflating-film-bag-sealing-machine-with-nitrogen-filling\/#primaryimage\"},\"thumbnailUrl\":\"https:\/\/alfequipment.com\/wp-content\/uploads\/2025\/01\/DBF1000AN-Automatic-gas-flushing-band-sealer-Continuous.jpg\",\"datePublished\":\"2024-12-01T15:41:40+00:00\",\"dateModified\":\"2025-01-13T15:01:32+00:00\",\"breadcrumb\":{\"@id\":\"https:\/\/alfequipment.com\/product\/dbf1000an-automatic-gas-flushing-band-sealer-continuous-inflating-film-bag-sealing-machine-with-nitrogen-filling\/#breadcrumb\"},\"inLanguage\":\"de\",\"potentialAction\":[{\"@type\":\"ReadAction\",\"target\":[\"https:\/\/alfequipment.com\/product\/dbf1000an-automatic-gas-flushing-band-sealer-continuous-inflating-film-bag-sealing-machine-with-nitrogen-filling\/\"]}]},{\"@type\":\"ImageObject\",\"inLanguage\":\"de\",\"@id\":\"https:\/\/alfequipment.com\/product\/dbf1000an-automatic-gas-flushing-band-sealer-continuous-inflating-film-bag-sealing-machine-with-nitrogen-filling\/#primaryimage\",\"url\":\"https:\/\/alfequipment.com\/wp-content\/uploads\/2025\/01\/DBF1000AN-Automatic-gas-flushing-band-sealer-Continuous.jpg\",\"contentUrl\":\"https:\/\/alfequipment.com\/wp-content\/uploads\/2025\/01\/DBF1000AN-Automatic-gas-flushing-band-sealer-Continuous.jpg\",\"width\":800,\"height\":800},{\"@type\":\"BreadcrumbList\",\"@id\":\"https:\/\/alfequipment.com\/product\/dbf1000an-automatic-gas-flushing-band-sealer-continuous-inflating-film-bag-sealing-machine-with-nitrogen-filling\/#breadcrumb\",\"itemListElement\":[{\"@type\":\"ListItem\",\"position\":1,\"name\":\"Home\",\"item\":\"https:\/\/alfequipment.com\/\"},{\"@type\":\"ListItem\",\"position\":2,\"name\":\"Shop\",\"item\":\"https:\/\/alfequipment.com\/shop\/\"},{\"@type\":\"ListItem\",\"position\":3,\"name\":\"DBF1000AN Automatic gas flushing band sealer Continuous inflating film bag sealing machine with Nitrogen filling\"}]},{\"@type\":\"WebSite\",\"@id\":\"https:\/\/alfequipment.com\/#website\",\"url\":\"https:\/\/alfequipment.com\/\",\"name\":\"ALF PACK\",\"description\":\"\",\"publisher\":{\"@id\":\"https:\/\/alfequipment.com\/#organization\"},\"potentialAction\":[{\"@type\":\"SearchAction\",\"target\":{\"@type\":\"EntryPoint\",\"urlTemplate\":\"https:\/\/alfequipment.com\/?s={search_term_string}\"},\"query-input\":{\"@type\":\"PropertyValueSpecification\",\"valueRequired\":true,\"valueName\":\"search_term_string\"}}],\"inLanguage\":\"de\"},{\"@type\":\"Organization\",\"@id\":\"https:\/\/alfequipment.com\/#organization\",\"name\":\"ALF PACK\",\"url\":\"https:\/\/alfequipment.com\/\",\"logo\":{\"@type\":\"ImageObject\",\"inLanguage\":\"de\",\"@id\":\"https:\/\/alfequipment.com\/#\/schema\/logo\/image\/\",\"url\":\"https:\/\/alfequipment.com\/wp-content\/uploads\/2024\/11\/ALFlogo-2.webp\",\"contentUrl\":\"https:\/\/alfequipment.com\/wp-content\/uploads\/2024\/11\/ALFlogo-2.webp\",\"width\":758,\"height\":750,\"caption\":\"ALF PACK\"},\"image\":{\"@id\":\"https:\/\/alfequipment.com\/#\/schema\/logo\/image\/\"}}]}<\/script>\n<!-- \/ Yoast SEO Premium plugin. -->","yoast_head_json":{"title":"DBF1000AN Automatische Begasungs-Bandschwei\u00dfmaschine Kontinuierlich aufblasbare Folienbeutel-Schwei\u00dfmaschine mit Stickstoffbef\u00fcllung - ALF PACK","robots":{"index":"index","follow":"follow","max-snippet":"max-snippet:-1","max-image-preview":"max-image-preview:large","max-video-preview":"max-video-preview:-1"},"canonical":"https:\/\/alfequipment.com\/de\/product\/dbf1000an-automatische-gasgespulte-bandschweismaschine-kontinuierlich-aufblasende-folienbeutelschweismaschine-mit-stickstofffullung\/","og_locale":"de_DE","og_type":"article","og_title":"DBF1000AN Automatic gas flushing band sealer Continuous inflating film bag sealing machine with Nitrogen filling","og_description":"Continuous Inflating Film Sealing Machine With Nitrogen Filling","og_url":"https:\/\/alfequipment.com\/de\/product\/dbf1000an-automatische-gasgespulte-bandschweismaschine-kontinuierlich-aufblasende-folienbeutelschweismaschine-mit-stickstofffullung\/","og_site_name":"ALF PACK","article_modified_time":"2025-01-13T15:01:32+00:00","og_image":[{"width":800,"height":800,"url":"https:\/\/alfequipment.com\/wp-content\/uploads\/2025\/01\/DBF1000AN-Automatic-gas-flushing-band-sealer-Continuous.jpg","type":"image\/webp"}],"twitter_card":"summary_large_image","twitter_misc":{"Gesch\u00e4tzte Lesezeit":"1\u00a0Minute"},"schema":{"@context":"https:\/\/schema.org","@graph":[{"@type":"WebPage","@id":"https:\/\/alfequipment.com\/product\/dbf1000an-automatic-gas-flushing-band-sealer-continuous-inflating-film-bag-sealing-machine-with-nitrogen-filling\/","url":"https:\/\/alfequipment.com\/product\/dbf1000an-automatic-gas-flushing-band-sealer-continuous-inflating-film-bag-sealing-machine-with-nitrogen-filling\/","name":"DBF1000AN Automatische Begasungs-Bandschwei\u00dfmaschine Kontinuierlich aufblasbare Folienbeutel-Schwei\u00dfmaschine mit Stickstoffbef\u00fcllung - ALF PACK","isPartOf":{"@id":"https:\/\/alfequipment.com\/#website"},"primaryImageOfPage":{"@id":"https:\/\/alfequipment.com\/product\/dbf1000an-automatic-gas-flushing-band-sealer-continuous-inflating-film-bag-sealing-machine-with-nitrogen-filling\/#primaryimage"},"image":{"@id":"https:\/\/alfequipment.com\/product\/dbf1000an-automatic-gas-flushing-band-sealer-continuous-inflating-film-bag-sealing-machine-with-nitrogen-filling\/#primaryimage"},"thumbnailUrl":"https:\/\/alfequipment.com\/wp-content\/uploads\/2025\/01\/DBF1000AN-Automatic-gas-flushing-band-sealer-Continuous.jpg","datePublished":"2024-12-01T15:41:40+00:00","dateModified":"2025-01-13T15:01:32+00:00","breadcrumb":{"@id":"https:\/\/alfequipment.com\/product\/dbf1000an-automatic-gas-flushing-band-sealer-continuous-inflating-film-bag-sealing-machine-with-nitrogen-filling\/#breadcrumb"},"inLanguage":"de","potentialAction":[{"@type":"ReadAction","target":["https:\/\/alfequipment.com\/product\/dbf1000an-automatic-gas-flushing-band-sealer-continuous-inflating-film-bag-sealing-machine-with-nitrogen-filling\/"]}]},{"@type":"ImageObject","inLanguage":"de","@id":"https:\/\/alfequipment.com\/product\/dbf1000an-automatic-gas-flushing-band-sealer-continuous-inflating-film-bag-sealing-machine-with-nitrogen-filling\/#primaryimage","url":"https:\/\/alfequipment.com\/wp-content\/uploads\/2025\/01\/DBF1000AN-Automatic-gas-flushing-band-sealer-Continuous.jpg","contentUrl":"https:\/\/alfequipment.com\/wp-content\/uploads\/2025\/01\/DBF1000AN-Automatic-gas-flushing-band-sealer-Continuous.jpg","width":800,"height":800},{"@type":"BreadcrumbList","@id":"https:\/\/alfequipment.com\/product\/dbf1000an-automatic-gas-flushing-band-sealer-continuous-inflating-film-bag-sealing-machine-with-nitrogen-filling\/#breadcrumb","itemListElement":[{"@type":"ListItem","position":1,"name":"Home","item":"https:\/\/alfequipment.com\/"},{"@type":"ListItem","position":2,"name":"Shop","item":"https:\/\/alfequipment.com\/shop\/"},{"@type":"ListItem","position":3,"name":"DBF1000AN Automatic gas flushing band sealer Continuous inflating film bag sealing machine with Nitrogen filling"}]},{"@type":"WebSite","@id":"https:\/\/alfequipment.com\/#website","url":"https:\/\/alfequipment.com\/","name":"ALF PACK","description":"","publisher":{"@id":"https:\/\/alfequipment.com\/#organization"},"potentialAction":[{"@type":"SearchAction","target":{"@type":"EntryPoint","urlTemplate":"https:\/\/alfequipment.com\/?s={search_term_string}"},"query-input":{"@type":"PropertyValueSpecification","valueRequired":true,"valueName":"search_term_string"}}],"inLanguage":"de"},{"@type":"Organization","@id":"https:\/\/alfequipment.com\/#organization","name":"ALF PACK","url":"https:\/\/alfequipment.com\/","logo":{"@type":"ImageObject","inLanguage":"de","@id":"https:\/\/alfequipment.com\/#\/schema\/logo\/image\/","url":"https:\/\/alfequipment.com\/wp-content\/uploads\/2024\/11\/ALFlogo-2.webp","contentUrl":"https:\/\/alfequipment.com\/wp-content\/uploads\/2024\/11\/ALFlogo-2.webp","width":758,"height":750,"caption":"ALF PACK"},"image":{"@id":"https:\/\/alfequipment.com\/#\/schema\/logo\/image\/"}}]}},"_links":{"self":[{"href":"https:\/\/alfequipment.com\/de\/wp-json\/wp\/v2\/product\/2978","targetHints":{"allow":["GET"]}}],"collection":[{"href":"https:\/\/alfequipment.com\/de\/wp-json\/wp\/v2\/product"}],"about":[{"href":"https:\/\/alfequipment.com\/de\/wp-json\/wp\/v2\/types\/product"}],"replies":[{"embeddable":true,"href":"https:\/\/alfequipment.com\/de\/wp-json\/wp\/v2\/comments?post=2978"}],"version-history":[{"count":0,"href":"https:\/\/alfequipment.com\/de\/wp-json\/wp\/v2\/product\/2978\/revisions"}],"wp:featuredmedia":[{"embeddable":true,"href":"https:\/\/alfequipment.com\/de\/wp-json\/wp\/v2\/media\/2790"}],"wp:attachment":[{"href":"https:\/\/alfequipment.com\/de\/wp-json\/wp\/v2\/media?parent=2978"}],"wp:term":[{"taxonomy":"product_brand","embeddable":true,"href":"https:\/\/alfequipment.com\/de\/wp-json\/wp\/v2\/product_brand?post=2978"},{"taxonomy":"product_cat","embeddable":true,"href":"https:\/\/alfequipment.com\/de\/wp-json\/wp\/v2\/product_cat?post=2978"},{"taxonomy":"product_tag","embeddable":true,"href":"https:\/\/alfequipment.com\/de\/wp-json\/wp\/v2\/product_tag?post=2978"}],"curies":[{"name":"wp","href":"https:\/\/api.w.org\/{rel}","templated":true}]}}