{"id":2982,"date":"2025-01-04T11:48:10","date_gmt":"2025-01-04T11:48:10","guid":{"rendered":"https:\/\/alfequipment.com\/product\/pfs-350q-pneumatic-impulse-sealer-desktop-foot-pedal-bag-sealing-machine\/"},"modified":"2025-01-13T14:53:12","modified_gmt":"2025-01-13T14:53:12","slug":"pneumatisches-impuls-schweisgerat-pfs-350q-tischgerat-mit-fuspedal-zum-verschliesen-von-beuteln","status":"publish","type":"product","link":"https:\/\/alfequipment.com\/de\/product\/pneumatisches-impuls-schweisgerat-pfs-350q-tischgerat-mit-fuspedal-zum-verschliesen-von-beuteln\/","title":{"rendered":"PFS-350Q Pneumatisches Impulsschwei\u00dfger\u00e4t Desktop Fu\u00dfpedal Beutelschwei\u00dfmaschine"},"content":{"rendered":"<div data-magic-global=\"%7B%22bizId%22%3A17179933680%2C%22pageId%22%3A21073419715%2C%22siteId%22%3A5005331025%7D\" id=\"detail_decorate_root\">\n<div module-id=\"29108322401\" module-title=\"detailProductNavigation\" render=\"true\" class=\"J_module\">\n<div id=\"ali-anchor-AliMagic-dhnl3e\" data-section=\"AliMagic-dhnl3e\" data-section-title=\"Product Overview\" class=\"magic-0\">Pneumatische Fu\u00dfversiegelungsmaschine nimmt elektronisch-pneumatische Impulstechnologie mit Hochleistungstransformator an, um die Versiegelungszeit von 2-4S auf nur 0,2S zu verk\u00fcrzen, es ist Kostenleistung f\u00fcr Versiegelungsbetrieb. Einfache Bedienung f\u00fcr die Versiegelung aller Serienfolien, mit sch\u00f6nem Aussehen und langer Nutzungsdauer.<\/div>\n<\/div>\n<\/div>","protected":false},"excerpt":{"rendered":"<p>Pfs-350q Pneumatisches Impuls-Versiegelungsger\u00e4t<\/p>","protected":false},"featured_media":2798,"comment_status":"closed","ping_status":"open","template":"","meta":[],"product_brand":[],"product_cat":[118,97],"product_tag":[],"class_list":{"0":"post-2982","1":"product","2":"type-product","3":"status-publish","4":"has-post-thumbnail","6":"product_cat-hand-foot-sealing-machine","7":"product_cat-sealing-machines","9":"first","10":"instock","11":"sale","12":"purchasable","13":"product-type-simple"},"yoast_head":"<!-- This site is optimized with the Yoast SEO Premium plugin v20.9 (Yoast SEO v26.5) - https:\/\/yoast.com\/wordpress\/plugins\/seo\/ -->\n<title>PFS-350Q Pneumatic impulse sealer Desktop foot pedal bag sealing machine - ALF PACK<\/title>\n<meta name=\"robots\" content=\"index, follow, max-snippet:-1, max-image-preview:large, max-video-preview:-1\" \/>\n<link rel=\"canonical\" href=\"https:\/\/alfequipment.com\/de\/product\/pneumatisches-impuls-schweisgerat-pfs-350q-tischgerat-mit-fuspedal-zum-verschliesen-von-beuteln\/\" \/>\n<meta property=\"og:locale\" content=\"de_DE\" \/>\n<meta property=\"og:type\" content=\"article\" \/>\n<meta property=\"og:title\" content=\"PFS-350Q Pneumatic impulse sealer Desktop foot pedal bag sealing machine\" \/>\n<meta property=\"og:description\" content=\"Pfs-350q Pneumatic Impulse Sealer\" \/>\n<meta property=\"og:url\" content=\"https:\/\/alfequipment.com\/de\/product\/pneumatisches-impuls-schweisgerat-pfs-350q-tischgerat-mit-fuspedal-zum-verschliesen-von-beuteln\/\" \/>\n<meta property=\"og:site_name\" content=\"ALF PACK\" \/>\n<meta property=\"article:modified_time\" content=\"2025-01-13T14:53:12+00:00\" \/>\n<meta property=\"og:image\" content=\"https:\/\/alfequipment.com\/wp-content\/uploads\/2025\/01\/PFS-350Q-Pneumatic-impulse-sealer-Desktop-foot.jpg\" \/>\n\t<meta property=\"og:image:width\" content=\"1000\" \/>\n\t<meta property=\"og:image:height\" content=\"1000\" \/>\n\t<meta property=\"og:image:type\" content=\"image\/webp\" \/>\n<meta name=\"twitter:card\" content=\"summary_large_image\" \/>\n<script type=\"application\/ld+json\" class=\"yoast-schema-graph\">{\"@context\":\"https:\/\/schema.org\",\"@graph\":[{\"@type\":\"WebPage\",\"@id\":\"https:\/\/alfequipment.com\/product\/pfs-350q-pneumatic-impulse-sealer-desktop-foot-pedal-bag-sealing-machine\/\",\"url\":\"https:\/\/alfequipment.com\/product\/pfs-350q-pneumatic-impulse-sealer-desktop-foot-pedal-bag-sealing-machine\/\",\"name\":\"PFS-350Q Pneumatic impulse sealer Desktop foot pedal bag sealing machine - ALF PACK\",\"isPartOf\":{\"@id\":\"https:\/\/alfequipment.com\/#website\"},\"primaryImageOfPage\":{\"@id\":\"https:\/\/alfequipment.com\/product\/pfs-350q-pneumatic-impulse-sealer-desktop-foot-pedal-bag-sealing-machine\/#primaryimage\"},\"image\":{\"@id\":\"https:\/\/alfequipment.com\/product\/pfs-350q-pneumatic-impulse-sealer-desktop-foot-pedal-bag-sealing-machine\/#primaryimage\"},\"thumbnailUrl\":\"https:\/\/alfequipment.com\/wp-content\/uploads\/2025\/01\/PFS-350Q-Pneumatic-impulse-sealer-Desktop-foot.jpg\",\"datePublished\":\"2025-01-04T11:48:10+00:00\",\"dateModified\":\"2025-01-13T14:53:12+00:00\",\"breadcrumb\":{\"@id\":\"https:\/\/alfequipment.com\/product\/pfs-350q-pneumatic-impulse-sealer-desktop-foot-pedal-bag-sealing-machine\/#breadcrumb\"},\"inLanguage\":\"de\",\"potentialAction\":[{\"@type\":\"ReadAction\",\"target\":[\"https:\/\/alfequipment.com\/product\/pfs-350q-pneumatic-impulse-sealer-desktop-foot-pedal-bag-sealing-machine\/\"]}]},{\"@type\":\"ImageObject\",\"inLanguage\":\"de\",\"@id\":\"https:\/\/alfequipment.com\/product\/pfs-350q-pneumatic-impulse-sealer-desktop-foot-pedal-bag-sealing-machine\/#primaryimage\",\"url\":\"https:\/\/alfequipment.com\/wp-content\/uploads\/2025\/01\/PFS-350Q-Pneumatic-impulse-sealer-Desktop-foot.jpg\",\"contentUrl\":\"https:\/\/alfequipment.com\/wp-content\/uploads\/2025\/01\/PFS-350Q-Pneumatic-impulse-sealer-Desktop-foot.jpg\",\"width\":1000,\"height\":1000},{\"@type\":\"BreadcrumbList\",\"@id\":\"https:\/\/alfequipment.com\/product\/pfs-350q-pneumatic-impulse-sealer-desktop-foot-pedal-bag-sealing-machine\/#breadcrumb\",\"itemListElement\":[{\"@type\":\"ListItem\",\"position\":1,\"name\":\"Home\",\"item\":\"https:\/\/alfequipment.com\/\"},{\"@type\":\"ListItem\",\"position\":2,\"name\":\"Shop\",\"item\":\"https:\/\/alfequipment.com\/shop\/\"},{\"@type\":\"ListItem\",\"position\":3,\"name\":\"PFS-350Q Pneumatic impulse sealer Desktop foot pedal bag sealing machine\"}]},{\"@type\":\"WebSite\",\"@id\":\"https:\/\/alfequipment.com\/#website\",\"url\":\"https:\/\/alfequipment.com\/\",\"name\":\"ALF PACK\",\"description\":\"\",\"publisher\":{\"@id\":\"https:\/\/alfequipment.com\/#organization\"},\"potentialAction\":[{\"@type\":\"SearchAction\",\"target\":{\"@type\":\"EntryPoint\",\"urlTemplate\":\"https:\/\/alfequipment.com\/?s={search_term_string}\"},\"query-input\":{\"@type\":\"PropertyValueSpecification\",\"valueRequired\":true,\"valueName\":\"search_term_string\"}}],\"inLanguage\":\"de\"},{\"@type\":\"Organization\",\"@id\":\"https:\/\/alfequipment.com\/#organization\",\"name\":\"ALF PACK\",\"url\":\"https:\/\/alfequipment.com\/\",\"logo\":{\"@type\":\"ImageObject\",\"inLanguage\":\"de\",\"@id\":\"https:\/\/alfequipment.com\/#\/schema\/logo\/image\/\",\"url\":\"https:\/\/alfequipment.com\/wp-content\/uploads\/2024\/11\/ALFlogo-2.webp\",\"contentUrl\":\"https:\/\/alfequipment.com\/wp-content\/uploads\/2024\/11\/ALFlogo-2.webp\",\"width\":758,\"height\":750,\"caption\":\"ALF PACK\"},\"image\":{\"@id\":\"https:\/\/alfequipment.com\/#\/schema\/logo\/image\/\"}}]}<\/script>\n<!-- \/ Yoast SEO Premium plugin. -->","yoast_head_json":{"title":"PFS-350Q Pneumatisches Impulsschwei\u00dfger\u00e4t Desktop Fu\u00dfpedal Beutelschwei\u00dfmaschine - ALF PACK","robots":{"index":"index","follow":"follow","max-snippet":"max-snippet:-1","max-image-preview":"max-image-preview:large","max-video-preview":"max-video-preview:-1"},"canonical":"https:\/\/alfequipment.com\/de\/product\/pneumatisches-impuls-schweisgerat-pfs-350q-tischgerat-mit-fuspedal-zum-verschliesen-von-beuteln\/","og_locale":"de_DE","og_type":"article","og_title":"PFS-350Q Pneumatic impulse sealer Desktop foot pedal bag sealing machine","og_description":"Pfs-350q Pneumatic Impulse Sealer","og_url":"https:\/\/alfequipment.com\/de\/product\/pneumatisches-impuls-schweisgerat-pfs-350q-tischgerat-mit-fuspedal-zum-verschliesen-von-beuteln\/","og_site_name":"ALF PACK","article_modified_time":"2025-01-13T14:53:12+00:00","og_image":[{"width":1000,"height":1000,"url":"https:\/\/alfequipment.com\/wp-content\/uploads\/2025\/01\/PFS-350Q-Pneumatic-impulse-sealer-Desktop-foot.jpg","type":"image\/webp"}],"twitter_card":"summary_large_image","schema":{"@context":"https:\/\/schema.org","@graph":[{"@type":"WebPage","@id":"https:\/\/alfequipment.com\/product\/pfs-350q-pneumatic-impulse-sealer-desktop-foot-pedal-bag-sealing-machine\/","url":"https:\/\/alfequipment.com\/product\/pfs-350q-pneumatic-impulse-sealer-desktop-foot-pedal-bag-sealing-machine\/","name":"PFS-350Q Pneumatisches Impulsschwei\u00dfger\u00e4t Desktop Fu\u00dfpedal Beutelschwei\u00dfmaschine - ALF PACK","isPartOf":{"@id":"https:\/\/alfequipment.com\/#website"},"primaryImageOfPage":{"@id":"https:\/\/alfequipment.com\/product\/pfs-350q-pneumatic-impulse-sealer-desktop-foot-pedal-bag-sealing-machine\/#primaryimage"},"image":{"@id":"https:\/\/alfequipment.com\/product\/pfs-350q-pneumatic-impulse-sealer-desktop-foot-pedal-bag-sealing-machine\/#primaryimage"},"thumbnailUrl":"https:\/\/alfequipment.com\/wp-content\/uploads\/2025\/01\/PFS-350Q-Pneumatic-impulse-sealer-Desktop-foot.jpg","datePublished":"2025-01-04T11:48:10+00:00","dateModified":"2025-01-13T14:53:12+00:00","breadcrumb":{"@id":"https:\/\/alfequipment.com\/product\/pfs-350q-pneumatic-impulse-sealer-desktop-foot-pedal-bag-sealing-machine\/#breadcrumb"},"inLanguage":"de","potentialAction":[{"@type":"ReadAction","target":["https:\/\/alfequipment.com\/product\/pfs-350q-pneumatic-impulse-sealer-desktop-foot-pedal-bag-sealing-machine\/"]}]},{"@type":"ImageObject","inLanguage":"de","@id":"https:\/\/alfequipment.com\/product\/pfs-350q-pneumatic-impulse-sealer-desktop-foot-pedal-bag-sealing-machine\/#primaryimage","url":"https:\/\/alfequipment.com\/wp-content\/uploads\/2025\/01\/PFS-350Q-Pneumatic-impulse-sealer-Desktop-foot.jpg","contentUrl":"https:\/\/alfequipment.com\/wp-content\/uploads\/2025\/01\/PFS-350Q-Pneumatic-impulse-sealer-Desktop-foot.jpg","width":1000,"height":1000},{"@type":"BreadcrumbList","@id":"https:\/\/alfequipment.com\/product\/pfs-350q-pneumatic-impulse-sealer-desktop-foot-pedal-bag-sealing-machine\/#breadcrumb","itemListElement":[{"@type":"ListItem","position":1,"name":"Home","item":"https:\/\/alfequipment.com\/"},{"@type":"ListItem","position":2,"name":"Shop","item":"https:\/\/alfequipment.com\/shop\/"},{"@type":"ListItem","position":3,"name":"PFS-350Q Pneumatic impulse sealer Desktop foot pedal bag sealing machine"}]},{"@type":"WebSite","@id":"https:\/\/alfequipment.com\/#website","url":"https:\/\/alfequipment.com\/","name":"ALF PACK","description":"","publisher":{"@id":"https:\/\/alfequipment.com\/#organization"},"potentialAction":[{"@type":"SearchAction","target":{"@type":"EntryPoint","urlTemplate":"https:\/\/alfequipment.com\/?s={search_term_string}"},"query-input":{"@type":"PropertyValueSpecification","valueRequired":true,"valueName":"search_term_string"}}],"inLanguage":"de"},{"@type":"Organization","@id":"https:\/\/alfequipment.com\/#organization","name":"ALF PACK","url":"https:\/\/alfequipment.com\/","logo":{"@type":"ImageObject","inLanguage":"de","@id":"https:\/\/alfequipment.com\/#\/schema\/logo\/image\/","url":"https:\/\/alfequipment.com\/wp-content\/uploads\/2024\/11\/ALFlogo-2.webp","contentUrl":"https:\/\/alfequipment.com\/wp-content\/uploads\/2024\/11\/ALFlogo-2.webp","width":758,"height":750,"caption":"ALF PACK"},"image":{"@id":"https:\/\/alfequipment.com\/#\/schema\/logo\/image\/"}}]}},"_links":{"self":[{"href":"https:\/\/alfequipment.com\/de\/wp-json\/wp\/v2\/product\/2982","targetHints":{"allow":["GET"]}}],"collection":[{"href":"https:\/\/alfequipment.com\/de\/wp-json\/wp\/v2\/product"}],"about":[{"href":"https:\/\/alfequipment.com\/de\/wp-json\/wp\/v2\/types\/product"}],"replies":[{"embeddable":true,"href":"https:\/\/alfequipment.com\/de\/wp-json\/wp\/v2\/comments?post=2982"}],"version-history":[{"count":0,"href":"https:\/\/alfequipment.com\/de\/wp-json\/wp\/v2\/product\/2982\/revisions"}],"wp:featuredmedia":[{"embeddable":true,"href":"https:\/\/alfequipment.com\/de\/wp-json\/wp\/v2\/media\/2798"}],"wp:attachment":[{"href":"https:\/\/alfequipment.com\/de\/wp-json\/wp\/v2\/media?parent=2982"}],"wp:term":[{"taxonomy":"product_brand","embeddable":true,"href":"https:\/\/alfequipment.com\/de\/wp-json\/wp\/v2\/product_brand?post=2982"},{"taxonomy":"product_cat","embeddable":true,"href":"https:\/\/alfequipment.com\/de\/wp-json\/wp\/v2\/product_cat?post=2982"},{"taxonomy":"product_tag","embeddable":true,"href":"https:\/\/alfequipment.com\/de\/wp-json\/wp\/v2\/product_tag?post=2982"}],"curies":[{"name":"wp","href":"https:\/\/api.w.org\/{rel}","templated":true}]}}