{"id":2986,"date":"2024-12-28T14:58:14","date_gmt":"2024-12-28T14:58:14","guid":{"rendered":"https:\/\/alfequipment.com\/product\/jms130-stainless-steel-split-body-colloid-grinder-and-industrial-colloidal-nut-almond-grinding-machine\/"},"modified":"2025-01-13T13:09:32","modified_gmt":"2025-01-13T13:09:32","slug":"jms130-kolloidschleifmaschine-aus-rostfreiem-stahl-mit-geteiltem-korper-und-industrieller-kolloidschleifmaschine-fur-nusse-und-mandeln","status":"publish","type":"product","link":"https:\/\/alfequipment.com\/de\/product\/jms130-kolloidschleifmaschine-aus-rostfreiem-stahl-mit-geteiltem-korper-und-industrieller-kolloidschleifmaschine-fur-nusse-und-mandeln\/","title":{"rendered":"JMS130 Edelstahl-Kolloidm\u00fchle mit geteiltem Geh\u00e4use und industrieller kolloidaler Nuss-Mandel-Mahlmaschine"},"content":{"rendered":"<p><span style=\"font-size: 12pt;\">Das Funktionsprinzip der Kolloidm\u00fchle ist folgendes: Unter der Wirkung der Zentrifugalkraft und durch relativ hohe Geschwindigkeit zwischen dem rotierenden Zahnrad und dem festen Zahnrad laufen, ist die Fl\u00fcssigkeit und die halbfl\u00fcssigen Materialien effizient emulgiert, homogenisiert, dispergiert und gemischt im Laufe der geschnitten werden, gemahlen und schockiert mit hoher Frequenz.<\/span><\/p>\n<p>&nbsp;<\/p>\n<p><span style=\"font-size: 12pt;\">Danach k\u00f6nnen Sie das zufriedene und verarbeitete Material erhalten. Die kolloidale M\u00fchle ist weit verbreitet in verschiedenen Produkten von vielen Bereichen durch seine Vorteile wie Lebensmittelindustrie, Medizinindustrie, chemische Industrie und jeden Tag chemische Industrie usw.; die Produkte einschlie\u00dflich Sojamilch, Fruchtmarmelade, Erdnussbutter, k\u00fcnstliche Maismilch, Sahne, Parf\u00fcmerie Verbindung, Pigment, Schmier\u00f6l, Farbstoff, Pant, Fisch lebenden \u00d6l, Pollen Honig, Zahnpasta und so weiter.<\/span><\/p>\n<p>&nbsp;<\/p>\n<p><span style=\"font-size: 12pt;\">Bei der Verarbeitung von Materialien mit hoher Konsistenz, wie z.B. Erdn\u00fcsse, Sesam usw., sollten Sie den von uns hergestellten Spiralantriebszylinder an der Oberseite des Rotors befestigen.<\/span><\/p>\n<p><span style=\"font-size: 12pt;\">&nbsp;<\/span><\/p>\n<p><strong><span style=\"font-size: 12pt;\">Spezifikation:<\/span><\/strong><\/p>\n<table class=\"aliDataTable\" border=\"0\" cellspacing=\"0\" cellpadding=\"0\">\n<tbody>\n<tr style=\"height: 15pt;\" align=\"center\">\n<td style=\"width: 117.75pt;\" align=\"left\">\n<p><span style=\"font-size: 12pt;\">Modell<\/span><\/p>\n<\/td>\n<td style=\"width: 95.5pt;\">\n<p><span style=\"font-size: 12pt;\">JMS-80<\/span><\/p>\n<\/td>\n<td style=\"width: 95.5pt;\">\n<p><span style=\"font-size: 12pt; color: #000000;\">JMS-120<\/span><\/p>\n<\/td>\n<td style=\"width: 101.5pt;\">\n<p><span style=\"font-size: 12pt; color: #ff0000;\">JMS-130<\/span><\/p>\n<\/td>\n<\/tr>\n<tr style=\"height: 15pt;\" align=\"left\">\n<td>\n<p><span style=\"font-size: 12pt;\">Spannung <\/span><\/p>\n<\/td>\n<td style=\"width: 292.5pt;\" colspan=\"3\" align=\"center\">\n<p><span style=\"font-size: 12pt;\">3 Phasen 220\/380V 50-60HZ<\/span><\/p>\n<\/td>\n<\/tr>\n<tr style=\"height: 15pt;\" align=\"center\">\n<td align=\"left\">\n<p><span style=\"font-size: 12pt;\">Strom<\/span><\/p>\n<\/td>\n<td>\n<p><span style=\"font-size: 12pt;\">4KW<\/span><\/p>\n<\/td>\n<td>\n<p><span style=\"font-size: 12pt;\">7,5KW<\/span><\/p>\n<\/td>\n<td>\n<p><span style=\"font-size: 12pt;\">11KW<\/span><\/p>\n<\/td>\n<\/tr>\n<tr style=\"height: 15pt;\" align=\"center\">\n<td align=\"left\">\n<p><span style=\"font-size: 12pt;\">Pr\u00e4zision des Granulats <\/span><\/p>\n<\/td>\n<td>\n<p><span style=\"font-size: 12pt;\">2-50\u03bcm<\/span><\/p>\n<\/td>\n<td>\n<p><span style=\"font-size: 12pt;\">2-50\u03bcm<\/span><\/p>\n<\/td>\n<td>\n<p><span style=\"font-size: 12pt;\">2-40\u03bcm<\/span><\/p>\n<\/td>\n<\/tr>\n<tr style=\"height: 15pt;\" align=\"center\">\n<td align=\"left\">\n<p><span style=\"font-size: 12pt;\">Ausgabe<\/span><\/p>\n<\/td>\n<td>\n<p><span style=\"font-size: 12pt;\">0,2-1,5T\/Stunde<\/span><\/p>\n<\/td>\n<td>\n<p><span style=\"font-size: 12pt;\">0,5-2T\/Stunde<\/span><\/p>\n<\/td>\n<td>\n<p><span style=\"font-size: 12pt;\">0,5-4T\/Stunde<\/span><\/p>\n<\/td>\n<\/tr>\n<tr style=\"height: 15pt;\" align=\"center\">\n<td align=\"left\">\n<p><span style=\"font-size: 12pt;\">Gewicht<\/span><\/p>\n<\/td>\n<td>\n<p><span style=\"font-size: 12pt;\">150kg<\/span><\/p>\n<\/td>\n<td>\n<p><span style=\"font-size: 12pt;\">220kg<\/span><\/p>\n<\/td>\n<td>\n<p><span style=\"font-size: 12pt;\">305kg<\/span><\/p>\n<\/td>\n<\/tr>\n<tr style=\"height: 15pt;\" align=\"center\">\n<td align=\"left\">\n<p><span style=\"font-size: 12pt;\">Gr\u00f6\u00dfe der Maschine<\/span><\/p>\n<\/td>\n<td>\n<p><span style=\"font-size: 12pt;\">650*350*860mm<\/span><\/p>\n<\/td>\n<td>\n<p><span style=\"font-size: 12pt;\">750*400*1000mm<\/span><\/p>\n<\/td>\n<td>\n<p><span style=\"font-size: 12pt;\">850*400*1110mm<\/span><\/p>\n<\/td>\n<\/tr>\n<\/tbody>\n<\/table>\n<p>&nbsp;<img decoding=\"async\" src=\"https:\/\/sc01.alicdn.com\/kf\/Hec0addf6d88d450988390684a3582e2eW\/64496\/Hec0addf6d88d450988390684a3582e2eW.jpg\" data-width=\"600\" data-height=\"600\" class=\"aligncenter\"><\/p>\n<p>&nbsp;<\/p><\/p>","protected":false},"excerpt":{"rendered":"<p>Jms-130 Hei\u00dfer Verkauf in Europa Edelstahl-Kolloidschleifer mit geteiltem Geh\u00e4use<\/p>","protected":false},"featured_media":2806,"comment_status":"closed","ping_status":"open","template":"","meta":[],"product_brand":[],"product_cat":[109],"product_tag":[],"class_list":{"0":"post-2986","1":"product","2":"type-product","3":"status-publish","4":"has-post-thumbnail","6":"product_cat-nuts-processing-machines","8":"first","9":"instock","10":"sale","11":"purchasable","12":"product-type-simple"},"yoast_head":"<!-- This site is optimized with the Yoast SEO Premium plugin v20.9 (Yoast SEO v26.5) - https:\/\/yoast.com\/wordpress\/plugins\/seo\/ -->\n<title>JMS130 stainless steel split body colloid grinder and Industrial colloidal nut almond grinding machine - ALF PACK<\/title>\n<meta name=\"robots\" content=\"index, follow, max-snippet:-1, max-image-preview:large, max-video-preview:-1\" \/>\n<link rel=\"canonical\" href=\"https:\/\/alfequipment.com\/de\/product\/jms130-kolloidschleifmaschine-aus-rostfreiem-stahl-mit-geteiltem-korper-und-industrieller-kolloidschleifmaschine-fur-nusse-und-mandeln\/\" \/>\n<meta property=\"og:locale\" content=\"de_DE\" \/>\n<meta property=\"og:type\" content=\"article\" \/>\n<meta property=\"og:title\" content=\"JMS130 stainless steel split body colloid grinder and Industrial colloidal nut almond grinding machine\" \/>\n<meta property=\"og:description\" content=\"Jms-130 Hot Sale In European Stainless Steel Split-body Colloid Grinder\" \/>\n<meta property=\"og:url\" content=\"https:\/\/alfequipment.com\/de\/product\/jms130-kolloidschleifmaschine-aus-rostfreiem-stahl-mit-geteiltem-korper-und-industrieller-kolloidschleifmaschine-fur-nusse-und-mandeln\/\" \/>\n<meta property=\"og:site_name\" content=\"ALF PACK\" \/>\n<meta property=\"article:modified_time\" content=\"2025-01-13T13:09:32+00:00\" \/>\n<meta property=\"og:image\" content=\"https:\/\/alfequipment.com\/wp-content\/uploads\/2025\/01\/JMS130-stainless-steel-split-body-colloid-grinder.jpg\" \/>\n\t<meta property=\"og:image:width\" content=\"800\" \/>\n\t<meta property=\"og:image:height\" content=\"800\" \/>\n\t<meta property=\"og:image:type\" content=\"image\/webp\" \/>\n<meta name=\"twitter:card\" content=\"summary_large_image\" \/>\n<meta name=\"twitter:label1\" content=\"Gesch\u00e4tzte Lesezeit\" \/>\n\t<meta name=\"twitter:data1\" content=\"1\u00a0Minute\" \/>\n<script type=\"application\/ld+json\" class=\"yoast-schema-graph\">{\"@context\":\"https:\/\/schema.org\",\"@graph\":[{\"@type\":\"WebPage\",\"@id\":\"https:\/\/alfequipment.com\/product\/jms130-stainless-steel-split-body-colloid-grinder-and-industrial-colloidal-nut-almond-grinding-machine\/\",\"url\":\"https:\/\/alfequipment.com\/product\/jms130-stainless-steel-split-body-colloid-grinder-and-industrial-colloidal-nut-almond-grinding-machine\/\",\"name\":\"JMS130 stainless steel split body colloid grinder and Industrial colloidal nut almond grinding machine - ALF PACK\",\"isPartOf\":{\"@id\":\"https:\/\/alfequipment.com\/#website\"},\"primaryImageOfPage\":{\"@id\":\"https:\/\/alfequipment.com\/product\/jms130-stainless-steel-split-body-colloid-grinder-and-industrial-colloidal-nut-almond-grinding-machine\/#primaryimage\"},\"image\":{\"@id\":\"https:\/\/alfequipment.com\/product\/jms130-stainless-steel-split-body-colloid-grinder-and-industrial-colloidal-nut-almond-grinding-machine\/#primaryimage\"},\"thumbnailUrl\":\"https:\/\/alfequipment.com\/wp-content\/uploads\/2025\/01\/JMS130-stainless-steel-split-body-colloid-grinder.jpg\",\"datePublished\":\"2024-12-28T14:58:14+00:00\",\"dateModified\":\"2025-01-13T13:09:32+00:00\",\"breadcrumb\":{\"@id\":\"https:\/\/alfequipment.com\/product\/jms130-stainless-steel-split-body-colloid-grinder-and-industrial-colloidal-nut-almond-grinding-machine\/#breadcrumb\"},\"inLanguage\":\"de\",\"potentialAction\":[{\"@type\":\"ReadAction\",\"target\":[\"https:\/\/alfequipment.com\/product\/jms130-stainless-steel-split-body-colloid-grinder-and-industrial-colloidal-nut-almond-grinding-machine\/\"]}]},{\"@type\":\"ImageObject\",\"inLanguage\":\"de\",\"@id\":\"https:\/\/alfequipment.com\/product\/jms130-stainless-steel-split-body-colloid-grinder-and-industrial-colloidal-nut-almond-grinding-machine\/#primaryimage\",\"url\":\"https:\/\/alfequipment.com\/wp-content\/uploads\/2025\/01\/JMS130-stainless-steel-split-body-colloid-grinder.jpg\",\"contentUrl\":\"https:\/\/alfequipment.com\/wp-content\/uploads\/2025\/01\/JMS130-stainless-steel-split-body-colloid-grinder.jpg\",\"width\":800,\"height\":800},{\"@type\":\"BreadcrumbList\",\"@id\":\"https:\/\/alfequipment.com\/product\/jms130-stainless-steel-split-body-colloid-grinder-and-industrial-colloidal-nut-almond-grinding-machine\/#breadcrumb\",\"itemListElement\":[{\"@type\":\"ListItem\",\"position\":1,\"name\":\"Home\",\"item\":\"https:\/\/alfequipment.com\/\"},{\"@type\":\"ListItem\",\"position\":2,\"name\":\"Shop\",\"item\":\"https:\/\/alfequipment.com\/shop\/\"},{\"@type\":\"ListItem\",\"position\":3,\"name\":\"JMS130 stainless steel split body colloid grinder and Industrial colloidal nut almond grinding machine\"}]},{\"@type\":\"WebSite\",\"@id\":\"https:\/\/alfequipment.com\/#website\",\"url\":\"https:\/\/alfequipment.com\/\",\"name\":\"ALF PACK\",\"description\":\"\",\"publisher\":{\"@id\":\"https:\/\/alfequipment.com\/#organization\"},\"potentialAction\":[{\"@type\":\"SearchAction\",\"target\":{\"@type\":\"EntryPoint\",\"urlTemplate\":\"https:\/\/alfequipment.com\/?s={search_term_string}\"},\"query-input\":{\"@type\":\"PropertyValueSpecification\",\"valueRequired\":true,\"valueName\":\"search_term_string\"}}],\"inLanguage\":\"de\"},{\"@type\":\"Organization\",\"@id\":\"https:\/\/alfequipment.com\/#organization\",\"name\":\"ALF PACK\",\"url\":\"https:\/\/alfequipment.com\/\",\"logo\":{\"@type\":\"ImageObject\",\"inLanguage\":\"de\",\"@id\":\"https:\/\/alfequipment.com\/#\/schema\/logo\/image\/\",\"url\":\"https:\/\/alfequipment.com\/wp-content\/uploads\/2024\/11\/ALFlogo-2.webp\",\"contentUrl\":\"https:\/\/alfequipment.com\/wp-content\/uploads\/2024\/11\/ALFlogo-2.webp\",\"width\":758,\"height\":750,\"caption\":\"ALF PACK\"},\"image\":{\"@id\":\"https:\/\/alfequipment.com\/#\/schema\/logo\/image\/\"}}]}<\/script>\n<!-- \/ Yoast SEO Premium plugin. -->","yoast_head_json":{"title":"JMS130 Kolloidm\u00fchle aus Edelstahl mit geteiltem Geh\u00e4use und industrielle Kolloidm\u00fchle f\u00fcr N\u00fcsse und Mandeln - ALF PACK","robots":{"index":"index","follow":"follow","max-snippet":"max-snippet:-1","max-image-preview":"max-image-preview:large","max-video-preview":"max-video-preview:-1"},"canonical":"https:\/\/alfequipment.com\/de\/product\/jms130-kolloidschleifmaschine-aus-rostfreiem-stahl-mit-geteiltem-korper-und-industrieller-kolloidschleifmaschine-fur-nusse-und-mandeln\/","og_locale":"de_DE","og_type":"article","og_title":"JMS130 stainless steel split body colloid grinder and Industrial colloidal nut almond grinding machine","og_description":"Jms-130 Hot Sale In European Stainless Steel Split-body Colloid Grinder","og_url":"https:\/\/alfequipment.com\/de\/product\/jms130-kolloidschleifmaschine-aus-rostfreiem-stahl-mit-geteiltem-korper-und-industrieller-kolloidschleifmaschine-fur-nusse-und-mandeln\/","og_site_name":"ALF PACK","article_modified_time":"2025-01-13T13:09:32+00:00","og_image":[{"width":800,"height":800,"url":"https:\/\/alfequipment.com\/wp-content\/uploads\/2025\/01\/JMS130-stainless-steel-split-body-colloid-grinder.jpg","type":"image\/webp"}],"twitter_card":"summary_large_image","twitter_misc":{"Gesch\u00e4tzte Lesezeit":"1\u00a0Minute"},"schema":{"@context":"https:\/\/schema.org","@graph":[{"@type":"WebPage","@id":"https:\/\/alfequipment.com\/product\/jms130-stainless-steel-split-body-colloid-grinder-and-industrial-colloidal-nut-almond-grinding-machine\/","url":"https:\/\/alfequipment.com\/product\/jms130-stainless-steel-split-body-colloid-grinder-and-industrial-colloidal-nut-almond-grinding-machine\/","name":"JMS130 Kolloidm\u00fchle aus Edelstahl mit geteiltem Geh\u00e4use und industrielle Kolloidm\u00fchle f\u00fcr N\u00fcsse und Mandeln - ALF PACK","isPartOf":{"@id":"https:\/\/alfequipment.com\/#website"},"primaryImageOfPage":{"@id":"https:\/\/alfequipment.com\/product\/jms130-stainless-steel-split-body-colloid-grinder-and-industrial-colloidal-nut-almond-grinding-machine\/#primaryimage"},"image":{"@id":"https:\/\/alfequipment.com\/product\/jms130-stainless-steel-split-body-colloid-grinder-and-industrial-colloidal-nut-almond-grinding-machine\/#primaryimage"},"thumbnailUrl":"https:\/\/alfequipment.com\/wp-content\/uploads\/2025\/01\/JMS130-stainless-steel-split-body-colloid-grinder.jpg","datePublished":"2024-12-28T14:58:14+00:00","dateModified":"2025-01-13T13:09:32+00:00","breadcrumb":{"@id":"https:\/\/alfequipment.com\/product\/jms130-stainless-steel-split-body-colloid-grinder-and-industrial-colloidal-nut-almond-grinding-machine\/#breadcrumb"},"inLanguage":"de","potentialAction":[{"@type":"ReadAction","target":["https:\/\/alfequipment.com\/product\/jms130-stainless-steel-split-body-colloid-grinder-and-industrial-colloidal-nut-almond-grinding-machine\/"]}]},{"@type":"ImageObject","inLanguage":"de","@id":"https:\/\/alfequipment.com\/product\/jms130-stainless-steel-split-body-colloid-grinder-and-industrial-colloidal-nut-almond-grinding-machine\/#primaryimage","url":"https:\/\/alfequipment.com\/wp-content\/uploads\/2025\/01\/JMS130-stainless-steel-split-body-colloid-grinder.jpg","contentUrl":"https:\/\/alfequipment.com\/wp-content\/uploads\/2025\/01\/JMS130-stainless-steel-split-body-colloid-grinder.jpg","width":800,"height":800},{"@type":"BreadcrumbList","@id":"https:\/\/alfequipment.com\/product\/jms130-stainless-steel-split-body-colloid-grinder-and-industrial-colloidal-nut-almond-grinding-machine\/#breadcrumb","itemListElement":[{"@type":"ListItem","position":1,"name":"Home","item":"https:\/\/alfequipment.com\/"},{"@type":"ListItem","position":2,"name":"Shop","item":"https:\/\/alfequipment.com\/shop\/"},{"@type":"ListItem","position":3,"name":"JMS130 stainless steel split body colloid grinder and Industrial colloidal nut almond grinding machine"}]},{"@type":"WebSite","@id":"https:\/\/alfequipment.com\/#website","url":"https:\/\/alfequipment.com\/","name":"ALF PACK","description":"","publisher":{"@id":"https:\/\/alfequipment.com\/#organization"},"potentialAction":[{"@type":"SearchAction","target":{"@type":"EntryPoint","urlTemplate":"https:\/\/alfequipment.com\/?s={search_term_string}"},"query-input":{"@type":"PropertyValueSpecification","valueRequired":true,"valueName":"search_term_string"}}],"inLanguage":"de"},{"@type":"Organization","@id":"https:\/\/alfequipment.com\/#organization","name":"ALF PACK","url":"https:\/\/alfequipment.com\/","logo":{"@type":"ImageObject","inLanguage":"de","@id":"https:\/\/alfequipment.com\/#\/schema\/logo\/image\/","url":"https:\/\/alfequipment.com\/wp-content\/uploads\/2024\/11\/ALFlogo-2.webp","contentUrl":"https:\/\/alfequipment.com\/wp-content\/uploads\/2024\/11\/ALFlogo-2.webp","width":758,"height":750,"caption":"ALF PACK"},"image":{"@id":"https:\/\/alfequipment.com\/#\/schema\/logo\/image\/"}}]}},"_links":{"self":[{"href":"https:\/\/alfequipment.com\/de\/wp-json\/wp\/v2\/product\/2986","targetHints":{"allow":["GET"]}}],"collection":[{"href":"https:\/\/alfequipment.com\/de\/wp-json\/wp\/v2\/product"}],"about":[{"href":"https:\/\/alfequipment.com\/de\/wp-json\/wp\/v2\/types\/product"}],"replies":[{"embeddable":true,"href":"https:\/\/alfequipment.com\/de\/wp-json\/wp\/v2\/comments?post=2986"}],"version-history":[{"count":0,"href":"https:\/\/alfequipment.com\/de\/wp-json\/wp\/v2\/product\/2986\/revisions"}],"wp:featuredmedia":[{"embeddable":true,"href":"https:\/\/alfequipment.com\/de\/wp-json\/wp\/v2\/media\/2806"}],"wp:attachment":[{"href":"https:\/\/alfequipment.com\/de\/wp-json\/wp\/v2\/media?parent=2986"}],"wp:term":[{"taxonomy":"product_brand","embeddable":true,"href":"https:\/\/alfequipment.com\/de\/wp-json\/wp\/v2\/product_brand?post=2986"},{"taxonomy":"product_cat","embeddable":true,"href":"https:\/\/alfequipment.com\/de\/wp-json\/wp\/v2\/product_cat?post=2986"},{"taxonomy":"product_tag","embeddable":true,"href":"https:\/\/alfequipment.com\/de\/wp-json\/wp\/v2\/product_tag?post=2986"}],"curies":[{"name":"wp","href":"https:\/\/api.w.org\/{rel}","templated":true}]}}