{"id":2991,"date":"2025-01-03T21:57:36","date_gmt":"2025-01-03T21:57:36","guid":{"rendered":"https:\/\/alfequipment.com\/product\/gc-bl-semi-automatic-pneumatic-liquid-filling-machine\/"},"modified":"2025-01-13T13:09:35","modified_gmt":"2025-01-13T13:09:35","slug":"gc-bl-halbautomatische-pneumatische-flussigkeitsabfullmaschine","status":"publish","type":"product","link":"https:\/\/alfequipment.com\/de\/product\/gc-bl-halbautomatische-pneumatische-flussigkeitsabfullmaschine\/","title":{"rendered":"GC-BL Halbautomatische pneumatische Fl\u00fcssigkeitsabf\u00fcllmaschine"},"content":{"rendered":"<p><span style=\"font-size: 12pt;\">Annahme fortschrittlicher pneumatischer Teile aus Taiwan AIRTAC. Einfache Bedienung ist das Hauptmerkmal der Maschine. Der Kolben und der Trichter des Zylinders bestehen aus 304 Edelstahl und Polytetrafluorothylen (PTEF). Sie entspricht den GMP-Anforderungen. Der F\u00fcllbereich und die Geschwindigkeit sind einstellbar. Die Abf\u00fclleinheit hat eine auslaufsichere Funktion, die Seide ist n\u00e4ssesicher. Die Maschine kann je nach Kundenanforderung zu einer mehrk\u00f6pfigen, berst- und \u00fcberflutungssicheren Abf\u00fcllanlage umger\u00fcstet werden.<\/span><\/p>\n<p><span style=\"font-size: 12pt;\">&nbsp;<\/span><\/p>\n<p><strong><span style=\"font-size: 12pt;\">Spezifikation:<\/span><\/strong><\/p>\n<table class=\"aliDataTable\" border=\"0\" cellspacing=\"0\" cellpadding=\"0\">\n<tbody>\n<tr style=\"height: 14.25pt;\" align=\"center\">\n<td style=\"background-color: white; width: 144.75pt;\" valign=\"top\">\n<p><span style=\"font-size: 10pt;\">Modell<\/span><\/p>\n<\/td>\n<td style=\"background-color: white; width: 87.2pt;\" valign=\"top\">\n<p><span style=\"font-size: 10pt; color: #ff0000;\">GC-BL<\/span><\/p>\n<\/td>\n<td style=\"background-color: white; width: 128.8pt;\" valign=\"top\">\n<p><span style=\"font-size: 10pt;\">GC-BL\/2<\/span><\/p>\n<\/td>\n<\/tr>\n<tr style=\"height: 14.25pt;\" align=\"center\">\n<td style=\"background-color: white;\" valign=\"top\">\n<p><span style=\"font-size: 10pt;\">Art der F\u00fcllung<\/span><\/p>\n<\/td>\n<td style=\"background-color: white;\" valign=\"top\">\n<p><span style=\"font-size: 10pt; color: #ff0000;\">Eine D\u00fcse<\/span><\/p>\n<\/td>\n<td style=\"background-color: white;\" valign=\"top\">\n<p><span style=\"font-size: 10pt;\">Doppelte D\u00fcse<\/span><\/p>\n<\/td>\n<\/tr>\n<tr style=\"height: 21.15pt;\" align=\"center\">\n<td style=\"background-color: white;\" valign=\"top\">\n<p><span style=\"font-size: 10pt;\">Luftzufuhr<\/span><\/p>\n<\/td>\n<td style=\"background-color: white;\" valign=\"top\">\n<p><span style=\"color: #ff0000;\"><span style=\"font-size: 10pt;\">0.2m<\/span><span style=\"font-size: 10pt;\">\u00b3<\/span><span style=\"font-size: 10pt;\">\/min<\/span><\/span><\/p>\n<\/td>\n<td style=\"background-color: white;\" valign=\"top\">\n<p><span style=\"font-size: 10pt;\">0.4 m<\/span><span style=\"font-size: 10pt;\">\u00b3<\/span><span style=\"font-size: 10pt;\">\/min<\/span><\/p>\n<\/td>\n<\/tr>\n<tr style=\"height: 12.55pt;\" align=\"center\">\n<td style=\"background-color: white;\" valign=\"top\">\n<p><span style=\"font-size: 10pt;\">F\u00fcllbereich<\/span><\/p>\n<\/td>\n<td style=\"background-color: white;\" valign=\"top\">\n<p><span style=\"font-size: 10pt; color: #ff0000;\">100-1000ml<\/span><\/p>\n<\/td>\n<td style=\"background-color: white;\" valign=\"top\">\n<p><span style=\"font-size: 10pt;\">100-1000ml<\/span><\/p>\n<\/td>\n<\/tr>\n<tr style=\"height: 12.55pt;\" align=\"center\">\n<td style=\"background-color: white;\" valign=\"top\">\n<p><span style=\"font-size: 10pt;\">Effizienz<\/span><\/p>\n<\/td>\n<td style=\"background-color: white;\" valign=\"top\">\n<p><span style=\"font-size: 10pt; color: #ff0000;\">800-2000b\/h<\/span><\/p>\n<\/td>\n<td style=\"background-color: white;\" valign=\"top\">\n<p><span style=\"font-size: 10pt;\">1500-3800b\/h<\/span><\/p>\n<\/td>\n<\/tr>\n<\/tbody>\n<\/table>\n<p>&nbsp;<\/p>\n<p>&nbsp;<\/p><\/p>","protected":false},"excerpt":{"rendered":"<p>Gc-bl Halbautomatischer Fl\u00fcssigkeitsf\u00fcller<\/p>","protected":false},"featured_media":2816,"comment_status":"closed","ping_status":"open","template":"","meta":[],"product_brand":[],"product_cat":[101],"product_tag":[],"class_list":{"0":"post-2991","1":"product","2":"type-product","3":"status-publish","4":"has-post-thumbnail","6":"product_cat-filling-machines","8":"first","9":"instock","10":"sale","11":"purchasable","12":"product-type-simple"},"yoast_head":"<!-- This site is optimized with the Yoast SEO Premium plugin v20.9 (Yoast SEO v26.5) - https:\/\/yoast.com\/wordpress\/plugins\/seo\/ -->\n<title>GC-BL Semi-automatic pneumatic liquid filling machine - ALF PACK<\/title>\n<meta name=\"robots\" content=\"index, follow, max-snippet:-1, max-image-preview:large, max-video-preview:-1\" \/>\n<link rel=\"canonical\" href=\"https:\/\/alfequipment.com\/de\/product\/gc-bl-halbautomatische-pneumatische-flussigkeitsabfullmaschine\/\" \/>\n<meta property=\"og:locale\" content=\"de_DE\" \/>\n<meta property=\"og:type\" content=\"article\" \/>\n<meta property=\"og:title\" content=\"GC-BL Semi-automatic pneumatic liquid filling machine\" \/>\n<meta property=\"og:description\" content=\"Gc-bl Semi-auto Liquid Filler\" \/>\n<meta property=\"og:url\" content=\"https:\/\/alfequipment.com\/de\/product\/gc-bl-halbautomatische-pneumatische-flussigkeitsabfullmaschine\/\" \/>\n<meta property=\"og:site_name\" content=\"ALF PACK\" \/>\n<meta property=\"article:modified_time\" content=\"2025-01-13T13:09:35+00:00\" \/>\n<meta property=\"og:image\" content=\"https:\/\/alfequipment.com\/wp-content\/uploads\/2025\/01\/GC-BL-Semi-automatic-pneumatic-liquid-filling.jpg\" \/>\n\t<meta property=\"og:image:width\" content=\"800\" \/>\n\t<meta property=\"og:image:height\" content=\"800\" \/>\n\t<meta property=\"og:image:type\" content=\"image\/webp\" \/>\n<meta name=\"twitter:card\" content=\"summary_large_image\" \/>\n<script type=\"application\/ld+json\" class=\"yoast-schema-graph\">{\"@context\":\"https:\/\/schema.org\",\"@graph\":[{\"@type\":\"WebPage\",\"@id\":\"https:\/\/alfequipment.com\/product\/gc-bl-semi-automatic-pneumatic-liquid-filling-machine\/\",\"url\":\"https:\/\/alfequipment.com\/product\/gc-bl-semi-automatic-pneumatic-liquid-filling-machine\/\",\"name\":\"GC-BL Semi-automatic pneumatic liquid filling machine - ALF PACK\",\"isPartOf\":{\"@id\":\"https:\/\/alfequipment.com\/#website\"},\"primaryImageOfPage\":{\"@id\":\"https:\/\/alfequipment.com\/product\/gc-bl-semi-automatic-pneumatic-liquid-filling-machine\/#primaryimage\"},\"image\":{\"@id\":\"https:\/\/alfequipment.com\/product\/gc-bl-semi-automatic-pneumatic-liquid-filling-machine\/#primaryimage\"},\"thumbnailUrl\":\"https:\/\/alfequipment.com\/wp-content\/uploads\/2025\/01\/GC-BL-Semi-automatic-pneumatic-liquid-filling.jpg\",\"datePublished\":\"2025-01-03T21:57:36+00:00\",\"dateModified\":\"2025-01-13T13:09:35+00:00\",\"breadcrumb\":{\"@id\":\"https:\/\/alfequipment.com\/product\/gc-bl-semi-automatic-pneumatic-liquid-filling-machine\/#breadcrumb\"},\"inLanguage\":\"de\",\"potentialAction\":[{\"@type\":\"ReadAction\",\"target\":[\"https:\/\/alfequipment.com\/product\/gc-bl-semi-automatic-pneumatic-liquid-filling-machine\/\"]}]},{\"@type\":\"ImageObject\",\"inLanguage\":\"de\",\"@id\":\"https:\/\/alfequipment.com\/product\/gc-bl-semi-automatic-pneumatic-liquid-filling-machine\/#primaryimage\",\"url\":\"https:\/\/alfequipment.com\/wp-content\/uploads\/2025\/01\/GC-BL-Semi-automatic-pneumatic-liquid-filling.jpg\",\"contentUrl\":\"https:\/\/alfequipment.com\/wp-content\/uploads\/2025\/01\/GC-BL-Semi-automatic-pneumatic-liquid-filling.jpg\",\"width\":800,\"height\":800},{\"@type\":\"BreadcrumbList\",\"@id\":\"https:\/\/alfequipment.com\/product\/gc-bl-semi-automatic-pneumatic-liquid-filling-machine\/#breadcrumb\",\"itemListElement\":[{\"@type\":\"ListItem\",\"position\":1,\"name\":\"Home\",\"item\":\"https:\/\/alfequipment.com\/\"},{\"@type\":\"ListItem\",\"position\":2,\"name\":\"Shop\",\"item\":\"https:\/\/alfequipment.com\/shop\/\"},{\"@type\":\"ListItem\",\"position\":3,\"name\":\"GC-BL Semi-automatic pneumatic liquid filling machine\"}]},{\"@type\":\"WebSite\",\"@id\":\"https:\/\/alfequipment.com\/#website\",\"url\":\"https:\/\/alfequipment.com\/\",\"name\":\"ALF PACK\",\"description\":\"\",\"publisher\":{\"@id\":\"https:\/\/alfequipment.com\/#organization\"},\"potentialAction\":[{\"@type\":\"SearchAction\",\"target\":{\"@type\":\"EntryPoint\",\"urlTemplate\":\"https:\/\/alfequipment.com\/?s={search_term_string}\"},\"query-input\":{\"@type\":\"PropertyValueSpecification\",\"valueRequired\":true,\"valueName\":\"search_term_string\"}}],\"inLanguage\":\"de\"},{\"@type\":\"Organization\",\"@id\":\"https:\/\/alfequipment.com\/#organization\",\"name\":\"ALF PACK\",\"url\":\"https:\/\/alfequipment.com\/\",\"logo\":{\"@type\":\"ImageObject\",\"inLanguage\":\"de\",\"@id\":\"https:\/\/alfequipment.com\/#\/schema\/logo\/image\/\",\"url\":\"https:\/\/alfequipment.com\/wp-content\/uploads\/2024\/11\/ALFlogo-2.webp\",\"contentUrl\":\"https:\/\/alfequipment.com\/wp-content\/uploads\/2024\/11\/ALFlogo-2.webp\",\"width\":758,\"height\":750,\"caption\":\"ALF PACK\"},\"image\":{\"@id\":\"https:\/\/alfequipment.com\/#\/schema\/logo\/image\/\"}}]}<\/script>\n<!-- \/ Yoast SEO Premium plugin. -->","yoast_head_json":{"title":"GC-BL Halbautomatische pneumatische Abf\u00fcllmaschine f\u00fcr Fl\u00fcssigkeiten - ALF PACK","robots":{"index":"index","follow":"follow","max-snippet":"max-snippet:-1","max-image-preview":"max-image-preview:large","max-video-preview":"max-video-preview:-1"},"canonical":"https:\/\/alfequipment.com\/de\/product\/gc-bl-halbautomatische-pneumatische-flussigkeitsabfullmaschine\/","og_locale":"de_DE","og_type":"article","og_title":"GC-BL Semi-automatic pneumatic liquid filling machine","og_description":"Gc-bl Semi-auto Liquid Filler","og_url":"https:\/\/alfequipment.com\/de\/product\/gc-bl-halbautomatische-pneumatische-flussigkeitsabfullmaschine\/","og_site_name":"ALF PACK","article_modified_time":"2025-01-13T13:09:35+00:00","og_image":[{"width":800,"height":800,"url":"https:\/\/alfequipment.com\/wp-content\/uploads\/2025\/01\/GC-BL-Semi-automatic-pneumatic-liquid-filling.jpg","type":"image\/webp"}],"twitter_card":"summary_large_image","schema":{"@context":"https:\/\/schema.org","@graph":[{"@type":"WebPage","@id":"https:\/\/alfequipment.com\/product\/gc-bl-semi-automatic-pneumatic-liquid-filling-machine\/","url":"https:\/\/alfequipment.com\/product\/gc-bl-semi-automatic-pneumatic-liquid-filling-machine\/","name":"GC-BL Halbautomatische pneumatische Abf\u00fcllmaschine f\u00fcr Fl\u00fcssigkeiten - ALF PACK","isPartOf":{"@id":"https:\/\/alfequipment.com\/#website"},"primaryImageOfPage":{"@id":"https:\/\/alfequipment.com\/product\/gc-bl-semi-automatic-pneumatic-liquid-filling-machine\/#primaryimage"},"image":{"@id":"https:\/\/alfequipment.com\/product\/gc-bl-semi-automatic-pneumatic-liquid-filling-machine\/#primaryimage"},"thumbnailUrl":"https:\/\/alfequipment.com\/wp-content\/uploads\/2025\/01\/GC-BL-Semi-automatic-pneumatic-liquid-filling.jpg","datePublished":"2025-01-03T21:57:36+00:00","dateModified":"2025-01-13T13:09:35+00:00","breadcrumb":{"@id":"https:\/\/alfequipment.com\/product\/gc-bl-semi-automatic-pneumatic-liquid-filling-machine\/#breadcrumb"},"inLanguage":"de","potentialAction":[{"@type":"ReadAction","target":["https:\/\/alfequipment.com\/product\/gc-bl-semi-automatic-pneumatic-liquid-filling-machine\/"]}]},{"@type":"ImageObject","inLanguage":"de","@id":"https:\/\/alfequipment.com\/product\/gc-bl-semi-automatic-pneumatic-liquid-filling-machine\/#primaryimage","url":"https:\/\/alfequipment.com\/wp-content\/uploads\/2025\/01\/GC-BL-Semi-automatic-pneumatic-liquid-filling.jpg","contentUrl":"https:\/\/alfequipment.com\/wp-content\/uploads\/2025\/01\/GC-BL-Semi-automatic-pneumatic-liquid-filling.jpg","width":800,"height":800},{"@type":"BreadcrumbList","@id":"https:\/\/alfequipment.com\/product\/gc-bl-semi-automatic-pneumatic-liquid-filling-machine\/#breadcrumb","itemListElement":[{"@type":"ListItem","position":1,"name":"Home","item":"https:\/\/alfequipment.com\/"},{"@type":"ListItem","position":2,"name":"Shop","item":"https:\/\/alfequipment.com\/shop\/"},{"@type":"ListItem","position":3,"name":"GC-BL Semi-automatic pneumatic liquid filling machine"}]},{"@type":"WebSite","@id":"https:\/\/alfequipment.com\/#website","url":"https:\/\/alfequipment.com\/","name":"ALF PACK","description":"","publisher":{"@id":"https:\/\/alfequipment.com\/#organization"},"potentialAction":[{"@type":"SearchAction","target":{"@type":"EntryPoint","urlTemplate":"https:\/\/alfequipment.com\/?s={search_term_string}"},"query-input":{"@type":"PropertyValueSpecification","valueRequired":true,"valueName":"search_term_string"}}],"inLanguage":"de"},{"@type":"Organization","@id":"https:\/\/alfequipment.com\/#organization","name":"ALF PACK","url":"https:\/\/alfequipment.com\/","logo":{"@type":"ImageObject","inLanguage":"de","@id":"https:\/\/alfequipment.com\/#\/schema\/logo\/image\/","url":"https:\/\/alfequipment.com\/wp-content\/uploads\/2024\/11\/ALFlogo-2.webp","contentUrl":"https:\/\/alfequipment.com\/wp-content\/uploads\/2024\/11\/ALFlogo-2.webp","width":758,"height":750,"caption":"ALF PACK"},"image":{"@id":"https:\/\/alfequipment.com\/#\/schema\/logo\/image\/"}}]}},"_links":{"self":[{"href":"https:\/\/alfequipment.com\/de\/wp-json\/wp\/v2\/product\/2991","targetHints":{"allow":["GET"]}}],"collection":[{"href":"https:\/\/alfequipment.com\/de\/wp-json\/wp\/v2\/product"}],"about":[{"href":"https:\/\/alfequipment.com\/de\/wp-json\/wp\/v2\/types\/product"}],"replies":[{"embeddable":true,"href":"https:\/\/alfequipment.com\/de\/wp-json\/wp\/v2\/comments?post=2991"}],"version-history":[{"count":0,"href":"https:\/\/alfequipment.com\/de\/wp-json\/wp\/v2\/product\/2991\/revisions"}],"wp:featuredmedia":[{"embeddable":true,"href":"https:\/\/alfequipment.com\/de\/wp-json\/wp\/v2\/media\/2816"}],"wp:attachment":[{"href":"https:\/\/alfequipment.com\/de\/wp-json\/wp\/v2\/media?parent=2991"}],"wp:term":[{"taxonomy":"product_brand","embeddable":true,"href":"https:\/\/alfequipment.com\/de\/wp-json\/wp\/v2\/product_brand?post=2991"},{"taxonomy":"product_cat","embeddable":true,"href":"https:\/\/alfequipment.com\/de\/wp-json\/wp\/v2\/product_cat?post=2991"},{"taxonomy":"product_tag","embeddable":true,"href":"https:\/\/alfequipment.com\/de\/wp-json\/wp\/v2\/product_tag?post=2991"}],"curies":[{"name":"wp","href":"https:\/\/api.w.org\/{rel}","templated":true}]}}