{"id":3010,"date":"2024-12-25T10:17:06","date_gmt":"2024-12-25T10:17:06","guid":{"rendered":"https:\/\/alfequipment.com\/product\/cfd-series-fully-automatic-cup-filling-and-sealing-machine-for-four-cups-pneumatic-type-for-big-capacity\/"},"modified":"2025-01-13T13:09:48","modified_gmt":"2025-01-13T13:09:48","slug":"cfd-serie-vollautomatische-becherfull-und-verschliessmaschine-fur-vier-becher-pneumatische-typ-fur-grosse-kapazitat","status":"publish","type":"product","link":"https:\/\/alfequipment.com\/de\/product\/cfd-serie-vollautomatische-becherfull-und-verschliessmaschine-fur-vier-becher-pneumatische-typ-fur-grosse-kapazitat\/","title":{"rendered":"CFD Serie Vollautomatische Becherf\u00fcll- und Verschlie\u00dfmaschine (f\u00fcr vier Becher) Pneumatische Ausf\u00fchrung f\u00fcr gro\u00dfe Kapazit\u00e4t"},"content":{"rendered":"<p><span style=\"font-size: 12pt;\">Die automatische Becherf\u00fcll- und Verschlie\u00dfmaschine der CFD-Serie wird zum F\u00fcllen und Verschlie\u00dfen verschiedener Kunststoffbecher mit frei flie\u00dfenden fl\u00fcssigen oder past\u00f6sen Produkten verwendet. Sie kann automatisch den Prozess des F\u00fcllens, Versiegelns, Folienschneidens, Codedruckens, Sterilisierens mit ultravioletter Strahlung und das Fallenlassen der Becher in einem Arbeitsgang durchf\u00fchren. Sie hat die Funktion der automatischen Regelung der Folienposition.<\/span><\/p>\n<p><span style=\"font-size: 12pt;\">&nbsp;<\/span><\/p>\n<p><span style=\"font-size: 12pt;\">Die Maschine arbeitet nach dem pneumatischen Prinzip und ist f\u00fcr hohe Produktivit\u00e4t ausgelegt. Ber\u00fchmte Marke \"OMRON\" und \"AirTAC\" werden f\u00fcr elektrische Komponenten und pneumatische Elemente verwendet.<\/span><\/p>\n<p><span style=\"font-size: 12pt;\">&nbsp;<\/span><\/p>\n<p><strong><span style=\"font-size: 12pt;\">Spezifikation:<\/span><\/strong><\/p>\n<table class=\"aliDataTable\" style=\"width: 897px; height: 296px;\" border=\"0\" cellspacing=\"0\" cellpadding=\"0\">\n<tbody>\n<tr style=\"height: 14.25pt;\" align=\"center\">\n<td style=\"width: 81.75pt;\" align=\"left\">\n<p><span style=\"font-size: 12pt;\">Modell<\/span><\/p>\n<\/td>\n<td style=\"width: 71.25pt;\">\n<p><span style=\"font-size: 12pt;\">CFD-2<\/span><\/p>\n<\/td>\n<td style=\"width: 72pt;\">\n<p><span style=\"font-size: 12pt;\">CFD-4<\/span><\/p>\n<\/td>\n<td style=\"width: 72pt;\">\n<p><span style=\"font-size: 12pt;\">CFD-6<\/span><\/p>\n<\/td>\n<td style=\"width: 68.6pt;\">\n<p><span style=\"font-size: 12pt;\">CFD-8<\/span><\/p>\n<\/td>\n<td style=\"width: 75.4pt;\">\n<p><span style=\"font-size: 12pt;\">CFD-16<\/span><\/p>\n<\/td>\n<\/tr>\n<tr style=\"height: 14.25pt;\" align=\"left\">\n<td>\n<p><span style=\"font-size: 12pt;\">Stromversorgung<\/span><\/p>\n<\/td>\n<td style=\"width: 359.25pt;\" colspan=\"5\" align=\"center\">\n<p><span style=\"font-size: 12pt;\">380V\/50-60HZ<\/span><\/p>\n<\/td>\n<\/tr>\n<tr style=\"height: 14.25pt;\" align=\"center\">\n<td align=\"left\">\n<p><span style=\"font-size: 12pt;\">Strom<\/span><\/p>\n<\/td>\n<td>\n<p><span style=\"font-size: 12pt;\">3,5 kW<\/span><\/p>\n<\/td>\n<td>\n<p><span style=\"font-size: 12pt;\">3,5 kW<\/span><\/p>\n<\/td>\n<td>\n<p><span style=\"font-size: 12pt;\">3,5 kW<\/span><\/p>\n<\/td>\n<td>\n<p><span style=\"font-size: 12pt;\">4,5 kW<\/span><\/p>\n<\/td>\n<td>\n<p><span style=\"font-size: 12pt;\">6,5 kW<\/span><\/p>\n<\/td>\n<\/tr>\n<tr style=\"height: 14.25pt;\" align=\"center\">\n<td align=\"left\">\n<p><span style=\"font-size: 12pt;\">F\u00fcllbereich<\/span><\/p>\n<\/td>\n<td>\n<p><span style=\"font-size: 12pt;\">100-500 ml<\/span><\/p>\n<\/td>\n<td style=\"width: 288pt;\" colspan=\"4\">\n<p><span style=\"font-size: 12pt;\">100-250 ml<\/span><\/p>\n<\/td>\n<\/tr>\n<tr style=\"height: 14.25pt;\" align=\"center\">\n<td align=\"left\">\n<p><span style=\"font-size: 12pt;\">Kapazit\u00e4t<\/span><\/p>\n<\/td>\n<td>\n<p><span style=\"font-size: 12pt;\">1800-2200 Tassen\/Stunde<\/span><\/p>\n<\/td>\n<td>\n<p><span style=\"font-size: 12pt;\">3500-4500 Becher\/Stunde<\/span><\/p>\n<\/td>\n<td>\n<p><span style=\"font-size: 12pt;\">5000-6500 Tassen\/Stunde<\/span><\/p>\n<\/td>\n<td>\n<p><span style=\"font-size: 12pt;\">7000-9000 Becher\/Stunde<\/span><\/p>\n<\/td>\n<td>\n<p><span style=\"font-size: 12pt;\">14000-16000 Becher\/Stunde<\/span><\/p>\n<\/td>\n<\/tr>\n<tr style=\"height: 14.25pt;\" align=\"center\">\n<td align=\"left\">\n<p><span style=\"font-size: 12pt;\">Luftzufuhr<\/span><\/p>\n<\/td>\n<td>\n<p><span style=\"font-size: 12pt;\">0,4m3\/min<\/span><\/p>\n<\/td>\n<td>\n<p><span style=\"font-size: 12pt;\">0,4m3\/min<\/span><\/p>\n<\/td>\n<td>\n<p><span style=\"font-size: 12pt;\">0,5 m3\/min<\/span><\/p>\n<\/td>\n<td>\n<p><span style=\"font-size: 12pt;\">0,6m3\/min<\/span><\/p>\n<\/td>\n<td>\n<p><span style=\"font-size: 12pt;\">0,8m3\/min<\/span><\/p>\n<\/td>\n<\/tr>\n<tr style=\"height: 14.25pt;\" align=\"center\">\n<td align=\"left\">\n<p><span style=\"font-size: 12pt;\">Dimension<\/span><\/p>\n<\/td>\n<td>\n<p><span style=\"font-size: 12pt;\">260*70*175cm<\/span><\/p>\n<\/td>\n<td>\n<p><span style=\"font-size: 12pt;\">315*90*175cm<\/span><\/p>\n<\/td>\n<td>\n<p><span style=\"font-size: 12pt;\">315*115*175cm<\/span><\/p>\n<\/td>\n<td>\n<p><span style=\"font-size: 12pt;\">395*130*175 cm<\/span><\/p>\n<\/td>\n<td>\n<p><span style=\"font-size: 12pt;\">520*130*175cm<\/span><\/p>\n<\/td>\n<\/tr>\n<tr style=\"height: 14.25pt;\" align=\"center\">\n<td align=\"left\">\n<p><span style=\"font-size: 12pt;\">Gewicht<\/span><\/p>\n<\/td>\n<td>\n<p><span style=\"font-size: 12pt;\">500kgs<\/span><\/p>\n<\/td>\n<td>\n<p><span style=\"font-size: 12pt;\">700kgs<\/span><\/p>\n<\/td>\n<td>\n<p><span style=\"font-size: 12pt;\">800kgs<\/span><\/p>\n<\/td>\n<td>\n<p><span style=\"font-size: 12pt;\">1000kgs<\/span><\/p>\n<\/td>\n<td>\n<p><span style=\"font-size: 12pt;\">1300kgs<\/span><\/p>\n<\/td>\n<\/tr>\n<\/tbody>\n<\/table>\n<p>&nbsp;<\/p>\n<p><img decoding=\"async\" src=\"https:\/\/sc02.alicdn.com\/kf\/HTB1qyqKFVXXXXbJXFXXq6xXFXXXY\/64496\/HTB1qyqKFVXXXXbJXFXXq6xXFXXXY.jpg\" data-alt=\"CFD Series Fully Automatic Cup Filling and Sealing Machine (For Four cups) Pneumatic type for big capacity\" style=\"width: 518px; height: 389px;\" ori-width=\"800\" ori-height=\"600\" class=\"aligncenter\"><img decoding=\"async\" src=\"https:\/\/sc02.alicdn.com\/kf\/HTB1.tuRFVXXXXbHXXXXq6xXFXXXF\/64496\/HTB1.tuRFVXXXXbHXXXXq6xXFXXXF.jpg\" data-alt=\"CFD Series Fully Automatic Cup Filling and Sealing Machine (For Four cups) Pneumatic type for big capacity\" style=\"width: 519px; height: 389px;\" ori-width=\"800\" ori-height=\"600\" class=\"aligncenter\"><img decoding=\"async\" src=\"https:\/\/sc02.alicdn.com\/kf\/HTB14VSKFVXXXXb_XFXXq6xXFXXXe\/64496\/HTB14VSKFVXXXXb_XFXXq6xXFXXXe.jpg\" data-alt=\"CFD Series Fully Automatic Cup Filling and Sealing Machine (For Four cups) Pneumatic type for big capacity\" style=\"width: 519px; height: 389px;\" ori-width=\"800\" ori-height=\"600\" class=\"aligncenter\"><img decoding=\"async\" src=\"https:\/\/sc02.alicdn.com\/kf\/HTB1YpOLFVXXXXccXpXXq6xXFXXX0\/64496\/HTB1YpOLFVXXXXccXpXXq6xXFXXX0.jpg\" data-alt=\"CFD Series Fully Automatic Cup Filling and Sealing Machine (For Four cups) Pneumatic type for big capacity\" style=\"width: 518px; height: 388px;\" ori-width=\"800\" ori-height=\"600\" class=\"aligncenter\"><img decoding=\"async\" src=\"https:\/\/sc01.alicdn.com\/kf\/HTB11ieSFVXXXXXcXXXXq6xXFXXXU\/64496\/HTB11ieSFVXXXXXcXXXXq6xXFXXXU.jpg\" data-alt=\"CFD Series Fully Automatic Cup Filling and Sealing Machine (For Four cups) Pneumatic type for big capacity\" style=\"width: 519px; height: 389px;\" ori-width=\"800\" ori-height=\"600\" class=\"aligncenter\"><\/p>\n<div id=\"ali-anchor-packaging\" style=\"margin-top: 15px; height: auto;\" data-section=\"packaging\">&nbsp; &nbsp;<\/div><\/p>","protected":false},"excerpt":{"rendered":"<p>Cfd Serie Vollautomatische Becherf\u00fcll- und Verschlie\u00dfmaschine (f\u00fcr vier Becher) Pneumatischer Typ f\u00fcr gro\u00dfe Kapazit\u00e4t<\/p>","protected":false},"featured_media":2854,"comment_status":"closed","ping_status":"open","template":"","meta":[],"product_brand":[],"product_cat":[101],"product_tag":[],"class_list":{"0":"post-3010","1":"product","2":"type-product","3":"status-publish","4":"has-post-thumbnail","6":"product_cat-filling-machines","8":"first","9":"instock","10":"sale","11":"purchasable","12":"product-type-simple"},"yoast_head":"<!-- This site is optimized with the Yoast SEO Premium plugin v20.9 (Yoast SEO v26.5) - https:\/\/yoast.com\/wordpress\/plugins\/seo\/ -->\n<title>CFD Series Fully Automatic Cup Filling and Sealing Machine (For Four cups) Pneumatic type for big capacity - ALF PACK<\/title>\n<meta name=\"robots\" content=\"index, follow, max-snippet:-1, max-image-preview:large, max-video-preview:-1\" \/>\n<link rel=\"canonical\" href=\"https:\/\/alfequipment.com\/de\/product\/cfd-serie-vollautomatische-becherfull-und-verschliessmaschine-fur-vier-becher-pneumatische-typ-fur-grosse-kapazitat\/\" \/>\n<meta property=\"og:locale\" content=\"de_DE\" \/>\n<meta property=\"og:type\" content=\"article\" \/>\n<meta property=\"og:title\" content=\"CFD Series Fully Automatic Cup Filling and Sealing Machine (For Four cups) Pneumatic type for big capacity\" \/>\n<meta property=\"og:description\" content=\"Cfd Series Fully Automatic Cup Filling And Sealing Machine (for Four Cups) Pneumatic Type For Big Capacity\" \/>\n<meta property=\"og:url\" content=\"https:\/\/alfequipment.com\/de\/product\/cfd-serie-vollautomatische-becherfull-und-verschliessmaschine-fur-vier-becher-pneumatische-typ-fur-grosse-kapazitat\/\" \/>\n<meta property=\"og:site_name\" content=\"ALF PACK\" \/>\n<meta property=\"article:modified_time\" content=\"2025-01-13T13:09:48+00:00\" \/>\n<meta property=\"og:image\" content=\"https:\/\/alfequipment.com\/wp-content\/uploads\/2025\/01\/CFD-Series-Fully-Automatic-Cup-Filling-and.jpg\" \/>\n\t<meta property=\"og:image:width\" content=\"800\" \/>\n\t<meta property=\"og:image:height\" content=\"800\" \/>\n\t<meta property=\"og:image:type\" content=\"image\/webp\" \/>\n<meta name=\"twitter:card\" content=\"summary_large_image\" \/>\n<meta name=\"twitter:label1\" content=\"Gesch\u00e4tzte Lesezeit\" \/>\n\t<meta name=\"twitter:data1\" content=\"1\u00a0Minute\" \/>\n<script type=\"application\/ld+json\" class=\"yoast-schema-graph\">{\"@context\":\"https:\/\/schema.org\",\"@graph\":[{\"@type\":\"WebPage\",\"@id\":\"https:\/\/alfequipment.com\/product\/cfd-series-fully-automatic-cup-filling-and-sealing-machine-for-four-cups-pneumatic-type-for-big-capacity\/\",\"url\":\"https:\/\/alfequipment.com\/product\/cfd-series-fully-automatic-cup-filling-and-sealing-machine-for-four-cups-pneumatic-type-for-big-capacity\/\",\"name\":\"CFD Series Fully Automatic Cup Filling and Sealing Machine (For Four cups) Pneumatic type for big capacity - ALF PACK\",\"isPartOf\":{\"@id\":\"https:\/\/alfequipment.com\/#website\"},\"primaryImageOfPage\":{\"@id\":\"https:\/\/alfequipment.com\/product\/cfd-series-fully-automatic-cup-filling-and-sealing-machine-for-four-cups-pneumatic-type-for-big-capacity\/#primaryimage\"},\"image\":{\"@id\":\"https:\/\/alfequipment.com\/product\/cfd-series-fully-automatic-cup-filling-and-sealing-machine-for-four-cups-pneumatic-type-for-big-capacity\/#primaryimage\"},\"thumbnailUrl\":\"https:\/\/alfequipment.com\/wp-content\/uploads\/2025\/01\/CFD-Series-Fully-Automatic-Cup-Filling-and.jpg\",\"datePublished\":\"2024-12-25T10:17:06+00:00\",\"dateModified\":\"2025-01-13T13:09:48+00:00\",\"breadcrumb\":{\"@id\":\"https:\/\/alfequipment.com\/product\/cfd-series-fully-automatic-cup-filling-and-sealing-machine-for-four-cups-pneumatic-type-for-big-capacity\/#breadcrumb\"},\"inLanguage\":\"de\",\"potentialAction\":[{\"@type\":\"ReadAction\",\"target\":[\"https:\/\/alfequipment.com\/product\/cfd-series-fully-automatic-cup-filling-and-sealing-machine-for-four-cups-pneumatic-type-for-big-capacity\/\"]}]},{\"@type\":\"ImageObject\",\"inLanguage\":\"de\",\"@id\":\"https:\/\/alfequipment.com\/product\/cfd-series-fully-automatic-cup-filling-and-sealing-machine-for-four-cups-pneumatic-type-for-big-capacity\/#primaryimage\",\"url\":\"https:\/\/alfequipment.com\/wp-content\/uploads\/2025\/01\/CFD-Series-Fully-Automatic-Cup-Filling-and.jpg\",\"contentUrl\":\"https:\/\/alfequipment.com\/wp-content\/uploads\/2025\/01\/CFD-Series-Fully-Automatic-Cup-Filling-and.jpg\",\"width\":800,\"height\":800},{\"@type\":\"BreadcrumbList\",\"@id\":\"https:\/\/alfequipment.com\/product\/cfd-series-fully-automatic-cup-filling-and-sealing-machine-for-four-cups-pneumatic-type-for-big-capacity\/#breadcrumb\",\"itemListElement\":[{\"@type\":\"ListItem\",\"position\":1,\"name\":\"Home\",\"item\":\"https:\/\/alfequipment.com\/\"},{\"@type\":\"ListItem\",\"position\":2,\"name\":\"Shop\",\"item\":\"https:\/\/alfequipment.com\/shop\/\"},{\"@type\":\"ListItem\",\"position\":3,\"name\":\"CFD Series Fully Automatic Cup Filling and Sealing Machine (For Four cups) Pneumatic type for big capacity\"}]},{\"@type\":\"WebSite\",\"@id\":\"https:\/\/alfequipment.com\/#website\",\"url\":\"https:\/\/alfequipment.com\/\",\"name\":\"ALF PACK\",\"description\":\"\",\"publisher\":{\"@id\":\"https:\/\/alfequipment.com\/#organization\"},\"potentialAction\":[{\"@type\":\"SearchAction\",\"target\":{\"@type\":\"EntryPoint\",\"urlTemplate\":\"https:\/\/alfequipment.com\/?s={search_term_string}\"},\"query-input\":{\"@type\":\"PropertyValueSpecification\",\"valueRequired\":true,\"valueName\":\"search_term_string\"}}],\"inLanguage\":\"de\"},{\"@type\":\"Organization\",\"@id\":\"https:\/\/alfequipment.com\/#organization\",\"name\":\"ALF PACK\",\"url\":\"https:\/\/alfequipment.com\/\",\"logo\":{\"@type\":\"ImageObject\",\"inLanguage\":\"de\",\"@id\":\"https:\/\/alfequipment.com\/#\/schema\/logo\/image\/\",\"url\":\"https:\/\/alfequipment.com\/wp-content\/uploads\/2024\/11\/ALFlogo-2.webp\",\"contentUrl\":\"https:\/\/alfequipment.com\/wp-content\/uploads\/2024\/11\/ALFlogo-2.webp\",\"width\":758,\"height\":750,\"caption\":\"ALF PACK\"},\"image\":{\"@id\":\"https:\/\/alfequipment.com\/#\/schema\/logo\/image\/\"}}]}<\/script>\n<!-- \/ Yoast SEO Premium plugin. -->","yoast_head_json":{"title":"CFD Serie Vollautomatische Becherf\u00fcll- und Verschlie\u00dfmaschine (f\u00fcr vier Becher) Pneumatische Ausf\u00fchrung f\u00fcr gro\u00dfe Kapazit\u00e4t - ALF PACK","robots":{"index":"index","follow":"follow","max-snippet":"max-snippet:-1","max-image-preview":"max-image-preview:large","max-video-preview":"max-video-preview:-1"},"canonical":"https:\/\/alfequipment.com\/de\/product\/cfd-serie-vollautomatische-becherfull-und-verschliessmaschine-fur-vier-becher-pneumatische-typ-fur-grosse-kapazitat\/","og_locale":"de_DE","og_type":"article","og_title":"CFD Series Fully Automatic Cup Filling and Sealing Machine (For Four cups) Pneumatic type for big capacity","og_description":"Cfd Series Fully Automatic Cup Filling And Sealing Machine (for Four Cups) Pneumatic Type For Big Capacity","og_url":"https:\/\/alfequipment.com\/de\/product\/cfd-serie-vollautomatische-becherfull-und-verschliessmaschine-fur-vier-becher-pneumatische-typ-fur-grosse-kapazitat\/","og_site_name":"ALF PACK","article_modified_time":"2025-01-13T13:09:48+00:00","og_image":[{"width":800,"height":800,"url":"https:\/\/alfequipment.com\/wp-content\/uploads\/2025\/01\/CFD-Series-Fully-Automatic-Cup-Filling-and.jpg","type":"image\/webp"}],"twitter_card":"summary_large_image","twitter_misc":{"Gesch\u00e4tzte Lesezeit":"1\u00a0Minute"},"schema":{"@context":"https:\/\/schema.org","@graph":[{"@type":"WebPage","@id":"https:\/\/alfequipment.com\/product\/cfd-series-fully-automatic-cup-filling-and-sealing-machine-for-four-cups-pneumatic-type-for-big-capacity\/","url":"https:\/\/alfequipment.com\/product\/cfd-series-fully-automatic-cup-filling-and-sealing-machine-for-four-cups-pneumatic-type-for-big-capacity\/","name":"CFD Serie Vollautomatische Becherf\u00fcll- und Verschlie\u00dfmaschine (f\u00fcr vier Becher) Pneumatische Ausf\u00fchrung f\u00fcr gro\u00dfe Kapazit\u00e4t - ALF PACK","isPartOf":{"@id":"https:\/\/alfequipment.com\/#website"},"primaryImageOfPage":{"@id":"https:\/\/alfequipment.com\/product\/cfd-series-fully-automatic-cup-filling-and-sealing-machine-for-four-cups-pneumatic-type-for-big-capacity\/#primaryimage"},"image":{"@id":"https:\/\/alfequipment.com\/product\/cfd-series-fully-automatic-cup-filling-and-sealing-machine-for-four-cups-pneumatic-type-for-big-capacity\/#primaryimage"},"thumbnailUrl":"https:\/\/alfequipment.com\/wp-content\/uploads\/2025\/01\/CFD-Series-Fully-Automatic-Cup-Filling-and.jpg","datePublished":"2024-12-25T10:17:06+00:00","dateModified":"2025-01-13T13:09:48+00:00","breadcrumb":{"@id":"https:\/\/alfequipment.com\/product\/cfd-series-fully-automatic-cup-filling-and-sealing-machine-for-four-cups-pneumatic-type-for-big-capacity\/#breadcrumb"},"inLanguage":"de","potentialAction":[{"@type":"ReadAction","target":["https:\/\/alfequipment.com\/product\/cfd-series-fully-automatic-cup-filling-and-sealing-machine-for-four-cups-pneumatic-type-for-big-capacity\/"]}]},{"@type":"ImageObject","inLanguage":"de","@id":"https:\/\/alfequipment.com\/product\/cfd-series-fully-automatic-cup-filling-and-sealing-machine-for-four-cups-pneumatic-type-for-big-capacity\/#primaryimage","url":"https:\/\/alfequipment.com\/wp-content\/uploads\/2025\/01\/CFD-Series-Fully-Automatic-Cup-Filling-and.jpg","contentUrl":"https:\/\/alfequipment.com\/wp-content\/uploads\/2025\/01\/CFD-Series-Fully-Automatic-Cup-Filling-and.jpg","width":800,"height":800},{"@type":"BreadcrumbList","@id":"https:\/\/alfequipment.com\/product\/cfd-series-fully-automatic-cup-filling-and-sealing-machine-for-four-cups-pneumatic-type-for-big-capacity\/#breadcrumb","itemListElement":[{"@type":"ListItem","position":1,"name":"Home","item":"https:\/\/alfequipment.com\/"},{"@type":"ListItem","position":2,"name":"Shop","item":"https:\/\/alfequipment.com\/shop\/"},{"@type":"ListItem","position":3,"name":"CFD Series Fully Automatic Cup Filling and Sealing Machine (For Four cups) Pneumatic type for big capacity"}]},{"@type":"WebSite","@id":"https:\/\/alfequipment.com\/#website","url":"https:\/\/alfequipment.com\/","name":"ALF PACK","description":"","publisher":{"@id":"https:\/\/alfequipment.com\/#organization"},"potentialAction":[{"@type":"SearchAction","target":{"@type":"EntryPoint","urlTemplate":"https:\/\/alfequipment.com\/?s={search_term_string}"},"query-input":{"@type":"PropertyValueSpecification","valueRequired":true,"valueName":"search_term_string"}}],"inLanguage":"de"},{"@type":"Organization","@id":"https:\/\/alfequipment.com\/#organization","name":"ALF PACK","url":"https:\/\/alfequipment.com\/","logo":{"@type":"ImageObject","inLanguage":"de","@id":"https:\/\/alfequipment.com\/#\/schema\/logo\/image\/","url":"https:\/\/alfequipment.com\/wp-content\/uploads\/2024\/11\/ALFlogo-2.webp","contentUrl":"https:\/\/alfequipment.com\/wp-content\/uploads\/2024\/11\/ALFlogo-2.webp","width":758,"height":750,"caption":"ALF PACK"},"image":{"@id":"https:\/\/alfequipment.com\/#\/schema\/logo\/image\/"}}]}},"_links":{"self":[{"href":"https:\/\/alfequipment.com\/de\/wp-json\/wp\/v2\/product\/3010","targetHints":{"allow":["GET"]}}],"collection":[{"href":"https:\/\/alfequipment.com\/de\/wp-json\/wp\/v2\/product"}],"about":[{"href":"https:\/\/alfequipment.com\/de\/wp-json\/wp\/v2\/types\/product"}],"replies":[{"embeddable":true,"href":"https:\/\/alfequipment.com\/de\/wp-json\/wp\/v2\/comments?post=3010"}],"version-history":[{"count":0,"href":"https:\/\/alfequipment.com\/de\/wp-json\/wp\/v2\/product\/3010\/revisions"}],"wp:featuredmedia":[{"embeddable":true,"href":"https:\/\/alfequipment.com\/de\/wp-json\/wp\/v2\/media\/2854"}],"wp:attachment":[{"href":"https:\/\/alfequipment.com\/de\/wp-json\/wp\/v2\/media?parent=3010"}],"wp:term":[{"taxonomy":"product_brand","embeddable":true,"href":"https:\/\/alfequipment.com\/de\/wp-json\/wp\/v2\/product_brand?post=3010"},{"taxonomy":"product_cat","embeddable":true,"href":"https:\/\/alfequipment.com\/de\/wp-json\/wp\/v2\/product_cat?post=3010"},{"taxonomy":"product_tag","embeddable":true,"href":"https:\/\/alfequipment.com\/de\/wp-json\/wp\/v2\/product_tag?post=3010"}],"curies":[{"name":"wp","href":"https:\/\/api.w.org\/{rel}","templated":true}]}}