{"id":3022,"date":"2024-12-12T07:25:35","date_gmt":"2024-12-12T07:25:35","guid":{"rendered":"https:\/\/alfequipment.com\/product\/tdy-300c-desktop-electric-pad-printer-coding-machine\/"},"modified":"2025-01-13T13:09:58","modified_gmt":"2025-01-13T13:09:58","slug":"tdy-300c-elektrischer-tisch-tampondrucker-codiermaschine","status":"publish","type":"product","link":"https:\/\/alfequipment.com\/de\/product\/tdy-300c-elektrischer-tisch-tampondrucker-codiermaschine\/","title":{"rendered":"TDY-300C Elektrischer Tisch-Tampondrucker, Codiermaschine"},"content":{"rendered":"<p><span style=\"font-size: 12pt;\">Die Drucker der TDY-Serie werden zum Bedrucken von Flaschen, Papieren, Bechern oder Schachteln mit Herstellungs-\/Verfallsdatum, Chargennummer oder Logo auf jeder Art von Material, wie z. B. Kunststoff oder Metall, mit hoher Druckgeschwindigkeit, h\u00fcbscher und klarer Buchstabenform verwendet. Die Druckgeschwindigkeit ist einstellbar. Das Datum oder Zeichen wird durch eine chemische Reaktion auf die Stahldruckplatte gemei\u00dfelt.<\/span><\/p>\n<p><strong><span style=\"font-size: 12pt;\">TDY-380A <\/span><\/strong><span style=\"font-size: 12pt;\">Der Tampondrucker ist ein Messerkratzer-Modell.<\/span><\/p>\n<p><strong><span style=\"font-size: 12pt;\">TDY-380B<\/span><\/strong><span style=\"font-size: 12pt;\"> Tampondrucker wird die Tinte in einem Tintenbeh\u00e4lter aufbewahrt, was den Vorteil hat, dass die Tinte sauber bleibt und nicht eintrocknet wie bei einem Messerschabemodell. Zus\u00e4tzlich hat die runde Druckplatte einen inneren drehbaren Kreis, der die Druckw\u00f6rter vergr\u00f6\u00dfert.<\/span><\/p>\n<p><strong><span style=\"font-size: 12pt;\">TDY-300C<\/span><\/strong><span style=\"font-size: 12pt;\"> Beim Tampondrucker wird die Tinte im Tintenbeh\u00e4lter aufbewahrt, was den Vorteil hat, dass die Tinte sauber bleibt und nicht eintrocknet. Au\u00dferdem h\u00e4lt der Stahlabstreifring sehr lange. Und die magnetische Absorption zwischen dem Becher und der Stahldruckplatte erm\u00f6glicht eine perfekte Versiegelung der Tinte im Tintenbecher.<\/span><\/p>\n<p>&nbsp;<\/p>\n<p><span style=\"font-size: 16px;\"><strong>Spezifikation:<\/strong><\/span><\/p>\n<table class=\"aliDataTable\" style=\"word-wrap: break-word; margin: 0px; padding: 0px; font-family: arial; font-size: 12px; line-height: 15px; color: #000000;\" border=\"1\" cellspacing=\"0\" cellpadding=\"0\">\n<tbody>\n<tr style=\"margin: 0px; padding: 0px; font-size: inherit; font-style: inherit; font-weight: inherit; line-height: inherit; height: 14.25pt;\" align=\"middle\">\n<td style=\"word-wrap: break-word; overflow: hidden; margin: 0px; font-size: inherit; font-style: inherit; line-height: inherit; text-align: left; width: 117.75pt; float: none !important;\" align=\"left\">\n<p style=\"word-wrap: break-word; border: 0px; font-size: inherit; font-style: inherit; font-weight: inherit; line-height: inherit; vertical-align: baseline;\"><span style=\"margin: 0px; padding: 0px; border: 0px; font-family: Arial; font-size: inherit; font-style: inherit; font-weight: inherit; line-height: 18px; vertical-align: baseline;\">Modell<\/span><\/p>\n<\/td>\n<td style=\"word-wrap: break-word; overflow: hidden; margin: 0px; font-size: inherit; font-style: inherit; line-height: inherit; text-align: left; width: 108pt; float: none !important;\">\n<p style=\"word-wrap: break-word; border: 0px; font-size: inherit; font-style: inherit; font-weight: inherit; line-height: inherit; vertical-align: baseline;\"><span style=\"margin: 0px; padding: 0px; border: 0px; font-family: Arial; font-size: inherit; font-style: inherit; font-weight: inherit; line-height: 18px; vertical-align: baseline;\">TDY-380A<\/span><\/p>\n<\/td>\n<td style=\"word-wrap: break-word; overflow: hidden; margin: 0px; font-size: inherit; font-style: inherit; line-height: inherit; text-align: left; width: 108pt; float: none !important;\">\n<p style=\"word-wrap: break-word; border: 0px; font-size: inherit; font-style: inherit; font-weight: inherit; line-height: inherit; vertical-align: baseline;\"><span style=\"margin: 0px; padding: 0px; border: 0px; font-family: Arial; font-size: inherit; font-style: inherit; font-weight: inherit; line-height: 18px; vertical-align: baseline; color: #000000;\">TDY-380B<\/span><\/p>\n<\/td>\n<td style=\"word-wrap: break-word; overflow: hidden; margin: 0px; font-size: inherit; font-style: inherit; line-height: inherit; text-align: left; width: 108pt; float: none !important;\">\n<p style=\"word-wrap: break-word; border: 0px; font-size: inherit; font-style: inherit; font-weight: inherit; line-height: inherit; vertical-align: baseline;\"><span style=\"margin: 0px; padding: 0px; border: 0px; font-family: Arial; font-size: inherit; font-style: inherit; font-weight: inherit; line-height: 18px; vertical-align: baseline; color: #ff0000;\">TDY-300C<\/span><\/p>\n<\/td>\n<\/tr>\n<tr style=\"margin: 0px; padding: 0px; font-size: inherit; font-style: inherit; font-weight: inherit; line-height: inherit; height: 14.25pt;\" align=\"middle\">\n<td style=\"word-wrap: break-word; overflow: hidden; margin: 0px; font-size: inherit; font-style: inherit; line-height: inherit; text-align: left; float: none !important;\" align=\"left\">\n<p style=\"word-wrap: break-word; border: 0px; font-size: inherit; font-style: inherit; font-weight: inherit; line-height: inherit; vertical-align: baseline;\"><span style=\"margin: 0px; padding: 0px; border: 0px; font-family: Arial; font-size: inherit; font-style: inherit; font-weight: inherit; line-height: 18px; vertical-align: baseline;\">Betriebsart<\/span><\/p>\n<\/td>\n<td style=\"word-wrap: break-word; overflow: hidden; margin: 0px; font-size: inherit; font-style: inherit; line-height: inherit; text-align: left; float: none !important;\" colspan=\"3\">\n<p style=\"word-wrap: break-word; border: 0px; font-size: inherit; font-style: inherit; font-weight: inherit; line-height: inherit; vertical-align: baseline; text-align: center;\"><span style=\"margin: 0px; padding: 0px; border: 0px; font-family: Arial; font-size: inherit; font-style: inherit; font-weight: inherit; line-height: 18px; vertical-align: baseline; color: #ff0000;\">elektromotorisch<\/span><\/p>\n<\/td>\n<\/tr>\n<tr style=\"margin: 0px; padding: 0px; font-size: inherit; font-style: inherit; font-weight: inherit; line-height: inherit; height: 14.25pt;\" align=\"middle\">\n<td style=\"word-wrap: break-word; overflow: hidden; margin: 0px; font-size: inherit; font-style: inherit; line-height: inherit; text-align: left; float: none !important;\" align=\"left\">\n<p style=\"word-wrap: break-word; border: 0px; font-size: inherit; font-style: inherit; font-weight: inherit; line-height: inherit; vertical-align: baseline;\"><span style=\"margin: 0px; padding: 0px; border: 0px; font-family: Arial; font-size: inherit; font-style: inherit; font-weight: inherit; line-height: 18px; vertical-align: baseline;\">Arbeitsgeschwindigkeit<\/span><\/p>\n<\/td>\n<td style=\"word-wrap: break-word; overflow: hidden; margin: 0px; font-size: inherit; font-style: inherit; line-height: inherit; text-align: left; float: none !important;\" colspan=\"3\">\n<p style=\"word-wrap: break-word; border: 0px; font-size: inherit; font-style: inherit; font-weight: inherit; line-height: inherit; vertical-align: baseline; text-align: center;\"><span style=\"margin: 0px; padding: 0px; border: 0px; font-size: inherit; font-style: inherit; font-weight: inherit; line-height: 18px; vertical-align: baseline; color: #ff0000;\">\u2264<span style=\"margin: 0px; padding: 0px; border: 0px; font-family: Arial; font-size: inherit; font-style: inherit; font-weight: inherit; line-height: 18px; vertical-align: baseline;\">3600-mal\/Stunde<\/span><\/span><\/p>\n<\/td>\n<\/tr>\n<tr style=\"margin: 0px; padding: 0px; font-size: inherit; font-style: inherit; font-weight: inherit; line-height: inherit; height: 14.25pt;\" align=\"middle\">\n<td style=\"word-wrap: break-word; overflow: hidden; margin: 0px; font-size: inherit; font-style: inherit; line-height: inherit; text-align: left; float: none !important;\" align=\"left\">\n<p style=\"word-wrap: break-word; border: 0px; font-size: inherit; font-style: inherit; font-weight: inherit; line-height: inherit; vertical-align: baseline;\"><span style=\"margin: 0px; padding: 0px; border: 0px; font-family: Arial; font-size: inherit; font-style: inherit; font-weight: inherit; line-height: 18px; vertical-align: baseline;\">Druckbereich<\/span><\/p>\n<\/td>\n<td style=\"word-wrap: break-word; overflow: hidden; margin: 0px; font-size: inherit; font-style: inherit; line-height: inherit; text-align: left; float: none !important;\" colspan=\"3\">\n<p style=\"word-wrap: break-word; border: 0px; font-size: inherit; font-style: inherit; font-weight: inherit; line-height: inherit; vertical-align: baseline; text-align: center;\"><span style=\"margin: 0px; padding: 0px; border: 0px; font-family: Arial; font-size: inherit; font-style: inherit; font-weight: inherit; line-height: 18px; vertical-align: baseline; color: #ff0000;\">\u226415 x 50mm<span style=\"line-height: 0; vertical-align: baseline;\">2<\/span><\/span><\/p>\n<\/td>\n<\/tr>\n<tr style=\"margin: 0px; padding: 0px; font-size: inherit; font-style: inherit; font-weight: inherit; line-height: inherit; height: 14.25pt;\" align=\"middle\">\n<td style=\"word-wrap: break-word; overflow: hidden; margin: 0px; font-size: inherit; font-style: inherit; line-height: inherit; text-align: left; float: none !important;\" align=\"left\">\n<p style=\"word-wrap: break-word; border: 0px; font-size: inherit; font-style: inherit; font-weight: inherit; line-height: inherit; vertical-align: baseline;\"><span style=\"margin: 0px; padding: 0px; border: 0px; font-family: Arial; font-size: inherit; font-style: inherit; font-weight: inherit; line-height: 18px; vertical-align: baseline;\">Druckh\u00f6he<\/span><\/p>\n<\/td>\n<td style=\"word-wrap: break-word; overflow: hidden; margin: 0px; font-size: inherit; font-style: inherit; line-height: inherit; text-align: left; float: none !important;\" colspan=\"3\">\n<p style=\"word-wrap: break-word; border: 0px; font-size: inherit; font-style: inherit; font-weight: inherit; line-height: inherit; vertical-align: baseline; text-align: center;\"><span style=\"margin: 0px; padding: 0px; border: 0px; font-family: Arial; font-size: inherit; font-style: inherit; font-weight: inherit; line-height: 18px; vertical-align: baseline; color: #ff0000;\">\u2264380mm<\/span><\/p>\n<\/td>\n<\/tr>\n<tr style=\"margin: 0px; padding: 0px; font-size: inherit; font-style: inherit; font-weight: inherit; line-height: inherit; height: 14.25pt;\" align=\"middle\">\n<td style=\"word-wrap: break-word; overflow: hidden; margin: 0px; font-size: inherit; font-style: inherit; line-height: inherit; text-align: left; float: none !important;\" align=\"left\">\n<p style=\"word-wrap: break-word; border: 0px; font-size: inherit; font-style: inherit; font-weight: inherit; line-height: inherit; vertical-align: baseline;\"><span style=\"margin: 0px; padding: 0px; border: 0px; font-family: Verdana; font-size: inherit; font-style: inherit; font-weight: inherit; line-height: 18px; vertical-align: baseline;\">Gewicht<\/span><\/p>\n<\/td>\n<td style=\"word-wrap: break-word; overflow: hidden; margin: 0px; font-size: inherit; font-style: inherit; line-height: inherit; text-align: left; float: none !important;\" colspan=\"3\">\n<p style=\"word-wrap: break-word; border: 0px; font-size: inherit; font-style: inherit; font-weight: inherit; line-height: inherit; vertical-align: baseline; text-align: center;\"><span style=\"margin: 0px; padding: 0px; border: 0px; font-family: Arial; font-size: inherit; font-style: inherit; font-weight: inherit; line-height: 18px; vertical-align: baseline; color: #ff0000;\">21kg<\/span><\/p>\n<\/td>\n<\/tr>\n<tr style=\"margin: 0px; padding: 0px; font-size: inherit; font-style: inherit; font-weight: inherit; line-height: inherit; height: 14.25pt;\" align=\"middle\">\n<td style=\"word-wrap: break-word; overflow: hidden; margin: 0px; font-size: inherit; font-style: inherit; line-height: inherit; text-align: left; float: none !important;\" align=\"left\">\n<p style=\"word-wrap: break-word; border: 0px; font-size: inherit; font-style: inherit; font-weight: inherit; line-height: inherit; vertical-align: baseline;\"><span style=\"margin: 0px; padding: 0px; border: 0px; font-family: Arial; font-size: inherit; font-style: inherit; font-weight: inherit; line-height: 18px; vertical-align: baseline;\">Abmessungen (L x B x H)<\/span><\/p>\n<\/td>\n<td style=\"word-wrap: break-word; overflow: hidden; margin: 0px; font-size: inherit; font-style: inherit; line-height: inherit; text-align: left; float: none !important;\" colspan=\"3\">\n<p style=\"word-wrap: break-word; border: 0px; font-size: inherit; font-style: inherit; font-weight: inherit; line-height: inherit; vertical-align: baseline; text-align: center;\"><span style=\"margin: 0px; padding: 0px; border: 0px; font-family: Arial; font-size: inherit; font-style: inherit; font-weight: inherit; line-height: 18px; vertical-align: baseline; color: #ff0000;\">435 x 405 x 560 mm<\/span><\/p>\n<\/td>\n<\/tr>\n<\/tbody>\n<\/table>\n<p>&nbsp;<\/p>\n<p><span style=\"line-height: 27px; font-family: Arial; font-size: 18px;\">Wir k\u00f6nnen Nicht-Standard-Maschinen entsprechend den Kundenanforderungen anpassen.<\/span><span style=\"font-family: Verdana, Arial, Helvetica, sans-serif;\">&nbsp;<\/span><\/p>\n<p>&nbsp;<\/p>\n<p><span style=\"font-family: Verdana, Arial, Helvetica, sans-serif;\"><img decoding=\"async\" src=\"https:\/\/sc02.alicdn.com\/kf\/HTB1UQWVFVXXXXcxXXXXq6xXFXXXm\/64496\/HTB1UQWVFVXXXXcxXXXXq6xXFXXXm.jpg\" data-alt=\"TDY-300C Desktop Electric Pad Printer coding machine\" style=\"width: 485px; height: 647px;\" ori-width=\"600\" ori-height=\"800\" class=\"aligncenter\"><img decoding=\"async\" src=\"https:\/\/sc01.alicdn.com\/kf\/HTB1KgpPFVXXXXb8aXXXq6xXFXXXe\/64496\/HTB1KgpPFVXXXXb8aXXXq6xXFXXXe.jpg\" data-alt=\"TDY-300C Desktop Electric Pad Printer coding machine\" style=\"width: 484px; height: 364px;\" ori-width=\"670\" ori-height=\"503\" class=\"aligncenter\"><img decoding=\"async\" src=\"https:\/\/sc01.alicdn.com\/kf\/HTB1NGuYFVXXXXb4XXXXq6xXFXXXV\/64496\/HTB1NGuYFVXXXXb4XXXXq6xXFXXXV.jpg\" data-alt=\"TDY-300C Desktop Electric Pad Printer coding machine\" style=\"width: 485px; height: 364px;\" ori-width=\"650\" ori-height=\"488\" class=\"aligncenter\"><\/span><\/p>\n<p>&nbsp;<\/p>\n<p>&nbsp;<\/p>\n<p><\/p>\n<p>&nbsp;<\/p><\/p>","protected":false},"excerpt":{"rendered":"<p>Tdy-300c Elektrischer Tisch-Tampondrucker Codiermaschine<\/p>","protected":false},"featured_media":2878,"comment_status":"closed","ping_status":"open","template":"","meta":[],"product_brand":[],"product_cat":[111],"product_tag":[],"class_list":{"0":"post-3022","1":"product","2":"type-product","3":"status-publish","4":"has-post-thumbnail","6":"product_cat-pad-printers","8":"first","9":"instock","10":"sale","11":"purchasable","12":"product-type-simple"},"yoast_head":"<!-- This site is optimized with the Yoast SEO Premium plugin v20.9 (Yoast SEO v26.5) - https:\/\/yoast.com\/wordpress\/plugins\/seo\/ -->\n<title>TDY-300C Desktop Electric Pad Printer coding machine - ALF PACK<\/title>\n<meta name=\"robots\" content=\"index, follow, max-snippet:-1, max-image-preview:large, max-video-preview:-1\" \/>\n<link rel=\"canonical\" href=\"https:\/\/alfequipment.com\/de\/product\/tdy-300c-elektrischer-tisch-tampondrucker-codiermaschine\/\" \/>\n<meta property=\"og:locale\" content=\"de_DE\" \/>\n<meta property=\"og:type\" content=\"article\" \/>\n<meta property=\"og:title\" content=\"TDY-300C Desktop Electric Pad Printer coding machine\" \/>\n<meta property=\"og:description\" content=\"Tdy-300c Desktop Electric Pad Printer Coding Machine\" \/>\n<meta property=\"og:url\" content=\"https:\/\/alfequipment.com\/de\/product\/tdy-300c-elektrischer-tisch-tampondrucker-codiermaschine\/\" \/>\n<meta property=\"og:site_name\" content=\"ALF PACK\" \/>\n<meta property=\"article:modified_time\" content=\"2025-01-13T13:09:58+00:00\" \/>\n<meta property=\"og:image\" content=\"https:\/\/alfequipment.com\/wp-content\/uploads\/2025\/01\/TDY-300C-Desktop-Electric-Pad-Printer-coding.jpg\" \/>\n\t<meta property=\"og:image:width\" content=\"800\" \/>\n\t<meta property=\"og:image:height\" content=\"800\" \/>\n\t<meta property=\"og:image:type\" content=\"image\/webp\" \/>\n<meta name=\"twitter:card\" content=\"summary_large_image\" \/>\n<meta name=\"twitter:label1\" content=\"Gesch\u00e4tzte Lesezeit\" \/>\n\t<meta name=\"twitter:data1\" content=\"1\u00a0Minute\" \/>\n<script type=\"application\/ld+json\" class=\"yoast-schema-graph\">{\"@context\":\"https:\/\/schema.org\",\"@graph\":[{\"@type\":\"WebPage\",\"@id\":\"https:\/\/alfequipment.com\/product\/tdy-300c-desktop-electric-pad-printer-coding-machine\/\",\"url\":\"https:\/\/alfequipment.com\/product\/tdy-300c-desktop-electric-pad-printer-coding-machine\/\",\"name\":\"TDY-300C Desktop Electric Pad Printer coding machine - ALF PACK\",\"isPartOf\":{\"@id\":\"https:\/\/alfequipment.com\/#website\"},\"primaryImageOfPage\":{\"@id\":\"https:\/\/alfequipment.com\/product\/tdy-300c-desktop-electric-pad-printer-coding-machine\/#primaryimage\"},\"image\":{\"@id\":\"https:\/\/alfequipment.com\/product\/tdy-300c-desktop-electric-pad-printer-coding-machine\/#primaryimage\"},\"thumbnailUrl\":\"https:\/\/alfequipment.com\/wp-content\/uploads\/2025\/01\/TDY-300C-Desktop-Electric-Pad-Printer-coding.jpg\",\"datePublished\":\"2024-12-12T07:25:35+00:00\",\"dateModified\":\"2025-01-13T13:09:58+00:00\",\"breadcrumb\":{\"@id\":\"https:\/\/alfequipment.com\/product\/tdy-300c-desktop-electric-pad-printer-coding-machine\/#breadcrumb\"},\"inLanguage\":\"de\",\"potentialAction\":[{\"@type\":\"ReadAction\",\"target\":[\"https:\/\/alfequipment.com\/product\/tdy-300c-desktop-electric-pad-printer-coding-machine\/\"]}]},{\"@type\":\"ImageObject\",\"inLanguage\":\"de\",\"@id\":\"https:\/\/alfequipment.com\/product\/tdy-300c-desktop-electric-pad-printer-coding-machine\/#primaryimage\",\"url\":\"https:\/\/alfequipment.com\/wp-content\/uploads\/2025\/01\/TDY-300C-Desktop-Electric-Pad-Printer-coding.jpg\",\"contentUrl\":\"https:\/\/alfequipment.com\/wp-content\/uploads\/2025\/01\/TDY-300C-Desktop-Electric-Pad-Printer-coding.jpg\",\"width\":800,\"height\":800},{\"@type\":\"BreadcrumbList\",\"@id\":\"https:\/\/alfequipment.com\/product\/tdy-300c-desktop-electric-pad-printer-coding-machine\/#breadcrumb\",\"itemListElement\":[{\"@type\":\"ListItem\",\"position\":1,\"name\":\"Home\",\"item\":\"https:\/\/alfequipment.com\/\"},{\"@type\":\"ListItem\",\"position\":2,\"name\":\"Shop\",\"item\":\"https:\/\/alfequipment.com\/shop\/\"},{\"@type\":\"ListItem\",\"position\":3,\"name\":\"TDY-300C Desktop Electric Pad Printer coding machine\"}]},{\"@type\":\"WebSite\",\"@id\":\"https:\/\/alfequipment.com\/#website\",\"url\":\"https:\/\/alfequipment.com\/\",\"name\":\"ALF PACK\",\"description\":\"\",\"publisher\":{\"@id\":\"https:\/\/alfequipment.com\/#organization\"},\"potentialAction\":[{\"@type\":\"SearchAction\",\"target\":{\"@type\":\"EntryPoint\",\"urlTemplate\":\"https:\/\/alfequipment.com\/?s={search_term_string}\"},\"query-input\":{\"@type\":\"PropertyValueSpecification\",\"valueRequired\":true,\"valueName\":\"search_term_string\"}}],\"inLanguage\":\"de\"},{\"@type\":\"Organization\",\"@id\":\"https:\/\/alfequipment.com\/#organization\",\"name\":\"ALF PACK\",\"url\":\"https:\/\/alfequipment.com\/\",\"logo\":{\"@type\":\"ImageObject\",\"inLanguage\":\"de\",\"@id\":\"https:\/\/alfequipment.com\/#\/schema\/logo\/image\/\",\"url\":\"https:\/\/alfequipment.com\/wp-content\/uploads\/2024\/11\/ALFlogo-2.webp\",\"contentUrl\":\"https:\/\/alfequipment.com\/wp-content\/uploads\/2024\/11\/ALFlogo-2.webp\",\"width\":758,\"height\":750,\"caption\":\"ALF PACK\"},\"image\":{\"@id\":\"https:\/\/alfequipment.com\/#\/schema\/logo\/image\/\"}}]}<\/script>\n<!-- \/ Yoast SEO Premium plugin. -->","yoast_head_json":{"title":"TDY-300C Elektrischer Desktop-Tampondrucker, Codiermaschine - ALF PACK","robots":{"index":"index","follow":"follow","max-snippet":"max-snippet:-1","max-image-preview":"max-image-preview:large","max-video-preview":"max-video-preview:-1"},"canonical":"https:\/\/alfequipment.com\/de\/product\/tdy-300c-elektrischer-tisch-tampondrucker-codiermaschine\/","og_locale":"de_DE","og_type":"article","og_title":"TDY-300C Desktop Electric Pad Printer coding machine","og_description":"Tdy-300c Desktop Electric Pad Printer Coding Machine","og_url":"https:\/\/alfequipment.com\/de\/product\/tdy-300c-elektrischer-tisch-tampondrucker-codiermaschine\/","og_site_name":"ALF PACK","article_modified_time":"2025-01-13T13:09:58+00:00","og_image":[{"width":800,"height":800,"url":"https:\/\/alfequipment.com\/wp-content\/uploads\/2025\/01\/TDY-300C-Desktop-Electric-Pad-Printer-coding.jpg","type":"image\/webp"}],"twitter_card":"summary_large_image","twitter_misc":{"Gesch\u00e4tzte Lesezeit":"1\u00a0Minute"},"schema":{"@context":"https:\/\/schema.org","@graph":[{"@type":"WebPage","@id":"https:\/\/alfequipment.com\/product\/tdy-300c-desktop-electric-pad-printer-coding-machine\/","url":"https:\/\/alfequipment.com\/product\/tdy-300c-desktop-electric-pad-printer-coding-machine\/","name":"TDY-300C Elektrischer Desktop-Tampondrucker, Codiermaschine - ALF PACK","isPartOf":{"@id":"https:\/\/alfequipment.com\/#website"},"primaryImageOfPage":{"@id":"https:\/\/alfequipment.com\/product\/tdy-300c-desktop-electric-pad-printer-coding-machine\/#primaryimage"},"image":{"@id":"https:\/\/alfequipment.com\/product\/tdy-300c-desktop-electric-pad-printer-coding-machine\/#primaryimage"},"thumbnailUrl":"https:\/\/alfequipment.com\/wp-content\/uploads\/2025\/01\/TDY-300C-Desktop-Electric-Pad-Printer-coding.jpg","datePublished":"2024-12-12T07:25:35+00:00","dateModified":"2025-01-13T13:09:58+00:00","breadcrumb":{"@id":"https:\/\/alfequipment.com\/product\/tdy-300c-desktop-electric-pad-printer-coding-machine\/#breadcrumb"},"inLanguage":"de","potentialAction":[{"@type":"ReadAction","target":["https:\/\/alfequipment.com\/product\/tdy-300c-desktop-electric-pad-printer-coding-machine\/"]}]},{"@type":"ImageObject","inLanguage":"de","@id":"https:\/\/alfequipment.com\/product\/tdy-300c-desktop-electric-pad-printer-coding-machine\/#primaryimage","url":"https:\/\/alfequipment.com\/wp-content\/uploads\/2025\/01\/TDY-300C-Desktop-Electric-Pad-Printer-coding.jpg","contentUrl":"https:\/\/alfequipment.com\/wp-content\/uploads\/2025\/01\/TDY-300C-Desktop-Electric-Pad-Printer-coding.jpg","width":800,"height":800},{"@type":"BreadcrumbList","@id":"https:\/\/alfequipment.com\/product\/tdy-300c-desktop-electric-pad-printer-coding-machine\/#breadcrumb","itemListElement":[{"@type":"ListItem","position":1,"name":"Home","item":"https:\/\/alfequipment.com\/"},{"@type":"ListItem","position":2,"name":"Shop","item":"https:\/\/alfequipment.com\/shop\/"},{"@type":"ListItem","position":3,"name":"TDY-300C Desktop Electric Pad Printer coding machine"}]},{"@type":"WebSite","@id":"https:\/\/alfequipment.com\/#website","url":"https:\/\/alfequipment.com\/","name":"ALF PACK","description":"","publisher":{"@id":"https:\/\/alfequipment.com\/#organization"},"potentialAction":[{"@type":"SearchAction","target":{"@type":"EntryPoint","urlTemplate":"https:\/\/alfequipment.com\/?s={search_term_string}"},"query-input":{"@type":"PropertyValueSpecification","valueRequired":true,"valueName":"search_term_string"}}],"inLanguage":"de"},{"@type":"Organization","@id":"https:\/\/alfequipment.com\/#organization","name":"ALF PACK","url":"https:\/\/alfequipment.com\/","logo":{"@type":"ImageObject","inLanguage":"de","@id":"https:\/\/alfequipment.com\/#\/schema\/logo\/image\/","url":"https:\/\/alfequipment.com\/wp-content\/uploads\/2024\/11\/ALFlogo-2.webp","contentUrl":"https:\/\/alfequipment.com\/wp-content\/uploads\/2024\/11\/ALFlogo-2.webp","width":758,"height":750,"caption":"ALF PACK"},"image":{"@id":"https:\/\/alfequipment.com\/#\/schema\/logo\/image\/"}}]}},"_links":{"self":[{"href":"https:\/\/alfequipment.com\/de\/wp-json\/wp\/v2\/product\/3022","targetHints":{"allow":["GET"]}}],"collection":[{"href":"https:\/\/alfequipment.com\/de\/wp-json\/wp\/v2\/product"}],"about":[{"href":"https:\/\/alfequipment.com\/de\/wp-json\/wp\/v2\/types\/product"}],"replies":[{"embeddable":true,"href":"https:\/\/alfequipment.com\/de\/wp-json\/wp\/v2\/comments?post=3022"}],"version-history":[{"count":0,"href":"https:\/\/alfequipment.com\/de\/wp-json\/wp\/v2\/product\/3022\/revisions"}],"wp:featuredmedia":[{"embeddable":true,"href":"https:\/\/alfequipment.com\/de\/wp-json\/wp\/v2\/media\/2878"}],"wp:attachment":[{"href":"https:\/\/alfequipment.com\/de\/wp-json\/wp\/v2\/media?parent=3022"}],"wp:term":[{"taxonomy":"product_brand","embeddable":true,"href":"https:\/\/alfequipment.com\/de\/wp-json\/wp\/v2\/product_brand?post=3022"},{"taxonomy":"product_cat","embeddable":true,"href":"https:\/\/alfequipment.com\/de\/wp-json\/wp\/v2\/product_cat?post=3022"},{"taxonomy":"product_tag","embeddable":true,"href":"https:\/\/alfequipment.com\/de\/wp-json\/wp\/v2\/product_tag?post=3022"}],"curies":[{"name":"wp","href":"https:\/\/api.w.org\/{rel}","templated":true}]}}