{"id":3023,"date":"2024-12-10T07:09:22","date_gmt":"2024-12-10T07:09:22","guid":{"rendered":"https:\/\/alfequipment.com\/product\/tdy-380b-desktop-electric-pad-printer\/"},"modified":"2025-01-13T13:09:59","modified_gmt":"2025-01-13T13:09:59","slug":"tdy-380b-elektrischer-tisch-tampondrucker","status":"publish","type":"product","link":"https:\/\/alfequipment.com\/de\/product\/tdy-380b-elektrischer-tisch-tampondrucker\/","title":{"rendered":"TDY-380B Elektrischer Tisch-Tampondrucker"},"content":{"rendered":"<p><span style=\"font-size: 12pt;\">Die Drucker der TDY-Serie werden zum Bedrucken von Flaschen, Papieren, Bechern oder Schachteln mit Herstellungs-\/Verfallsdatum, Chargennummer oder Logo auf jeder Art von Material, wie z. B. Kunststoff oder Metall, mit hoher Druckgeschwindigkeit, h\u00fcbscher und klarer Buchstabenform verwendet. Die Druckgeschwindigkeit ist einstellbar. Das Datum oder Zeichen wird durch eine chemische Reaktion auf die Stahldruckplatte gemei\u00dfelt.<\/span><\/p>\n<p><strong><span style=\"font-size: 12pt;\">TDY-380A <\/span><\/strong><span style=\"font-size: 12pt;\">Der Tampondrucker ist ein Messerkratzer-Modell.<\/span><\/p>\n<p><strong><span style=\"font-size: 12pt;\">TDY-380B<\/span><\/strong><span style=\"font-size: 12pt;\"> Tampondrucker wird die Tinte in einem Tintenbeh\u00e4lter aufbewahrt, was den Vorteil hat, dass die Tinte sauber bleibt und nicht eintrocknet wie bei einem Messerschabemodell. Zus\u00e4tzlich hat die runde Druckplatte einen inneren drehbaren Kreis, der die Druckw\u00f6rter vergr\u00f6\u00dfert.<\/span><\/p>\n<p><strong><span style=\"font-size: 12pt;\">TDY-300C<\/span><\/strong><span style=\"font-size: 12pt;\"> Beim Tampondrucker wird die Tinte im Tintenbeh\u00e4lter aufbewahrt, was den Vorteil hat, dass die Tinte sauber bleibt und nicht eintrocknet. Au\u00dferdem h\u00e4lt der Stahlabstreifring sehr lange. Und die magnetische Absorption zwischen dem Becher und der Stahldruckplatte erm\u00f6glicht eine perfekte Versiegelung der Tinte im Tintenbecher.<\/span><\/p>\n<p>&nbsp;<\/p>\n<p><span style=\"font-size: 18px;\"><strong>Spezifikation:<\/strong><\/span><\/p>\n<table class=\"aliDataTable\" border=\"1\" cellspacing=\"0\" cellpadding=\"0\">\n<tbody>\n<tr style=\"height: 14.25pt;\" align=\"middle\">\n<td style=\"width: 117.75pt;\" align=\"left\">\n<p><span style=\"font-family: Arial;\">Modell<\/span><\/p>\n<\/td>\n<td style=\"width: 108pt;\">\n<p><span style=\"font-family: Arial;\">TDY-380A<\/span><\/p>\n<\/td>\n<td style=\"width: 108pt;\">\n<p><span style=\"font-family: Arial; color: #ff0000;\">TDY-380B<\/span><\/p>\n<\/td>\n<td style=\"width: 108pt;\">\n<p><span style=\"font-family: Arial;\">TDY-300C<\/span><\/p>\n<\/td>\n<\/tr>\n<tr style=\"height: 14.25pt;\" align=\"middle\">\n<td align=\"left\">\n<p><span style=\"font-family: Arial;\">Betriebsart<\/span><\/p>\n<\/td>\n<td colspan=\"3\">\n<p><span style=\"font-family: Arial; color: #ff0000;\">elektromotorisch<\/span><\/p>\n<\/td>\n<\/tr>\n<tr style=\"height: 14.25pt;\" align=\"middle\">\n<td align=\"left\">\n<p><span style=\"font-family: Arial;\">Arbeitsgeschwindigkeit<\/span><\/p>\n<\/td>\n<td colspan=\"3\">\n<p><span style=\"color: #ff0000;\">\u2264<span style=\"font-family: Arial;\">3600-mal\/Stunde<\/span><\/span><\/p>\n<\/td>\n<\/tr>\n<tr style=\"height: 14.25pt;\" align=\"middle\">\n<td align=\"left\">\n<p><span style=\"font-family: Arial;\">Druckbereich<\/span><\/p>\n<\/td>\n<td colspan=\"3\">\n<p><span style=\"font-family: Arial; color: #ff0000;\">\u226415 x 50mm<sup>2<\/sup><\/span><\/p>\n<\/td>\n<\/tr>\n<tr style=\"height: 14.25pt;\" align=\"middle\">\n<td align=\"left\">\n<p><span style=\"font-family: Arial;\">Druckh\u00f6he<\/span><\/p>\n<\/td>\n<td colspan=\"3\">\n<p><span style=\"font-family: Arial; color: #ff0000;\">\u2264380mm<\/span><\/p>\n<\/td>\n<\/tr>\n<tr style=\"height: 14.25pt;\" align=\"middle\">\n<td align=\"left\">\n<p><span style=\"font-family: Verdana;\">Gewicht<\/span><\/p>\n<\/td>\n<td colspan=\"3\">\n<p><span style=\"font-family: Arial; color: #ff0000;\">21kg<\/span><\/p>\n<\/td>\n<\/tr>\n<tr style=\"height: 14.25pt;\" align=\"middle\">\n<td align=\"left\">\n<p><span style=\"font-family: Arial;\">Abmessungen (L x B x H)<\/span><\/p>\n<\/td>\n<td colspan=\"3\">\n<p><span style=\"font-family: Arial; color: #ff0000;\">435 x 405 x 560 mm<\/span><\/p>\n<\/td>\n<\/tr>\n<\/tbody>\n<\/table>\n<p>&nbsp;<\/p>\n<p><span style=\"font-family: Arial; color: black; font-size: 18px;\">Wir k\u00f6nnen Nicht-Standard-Maschinen entsprechend den Kundenanforderungen anpassen.<\/span><\/p>\n<p>&nbsp;<\/p>\n<p><span style=\"font-family: Arial; color: black; font-size: 18px;\"><img decoding=\"async\" src=\"https:\/\/sc01.alicdn.com\/kf\/HTB1wwOLFVXXXXagXVXXq6xXFXXXD\/64496\/HTB1wwOLFVXXXXagXVXXq6xXFXXXD.jpg\" data-alt=\"TDY-380B Desktop Electric Pad Printer\" style=\"width: 530px; height: 672px;\" ori-width=\"600\" ori-height=\"800\" class=\"aligncenter\"><img decoding=\"async\" src=\"https:\/\/sc01.alicdn.com\/kf\/HTB1rySPFVXXXXbwXFXXq6xXFXXXg\/64496\/HTB1rySPFVXXXXbwXFXXq6xXFXXXg.jpg\" data-alt=\"TDY-380B Desktop Electric Pad Printer\" style=\"width: 529px; height: 705px;\" ori-width=\"600\" ori-height=\"800\" class=\"aligncenter\"><img decoding=\"async\" src=\"https:\/\/sc02.alicdn.com\/kf\/HTB1xOyPFVXXXXXUXFXXq6xXFXXXz\/64496\/HTB1xOyPFVXXXXXUXFXXq6xXFXXXz.jpg\" data-alt=\"TDY-380B Desktop Electric Pad Printer\" style=\"width: 528px; height: 396px;\" ori-width=\"800\" ori-height=\"600\" class=\"aligncenter\"><img decoding=\"async\" src=\"https:\/\/sc02.alicdn.com\/kf\/HTB1MoqNFVXXXXXgXVXXq6xXFXXXW\/64496\/HTB1MoqNFVXXXXXgXVXXq6xXFXXXW.jpg\" data-alt=\"TDY-380B Desktop Electric Pad Printer\" style=\"width: 527px; height: 395px;\" ori-width=\"1306\" ori-height=\"980\" class=\"aligncenter\"><\/span><\/p>\n<p>&nbsp;<\/p>\n<p>&nbsp;<\/p>\n<p>&nbsp;<\/p><\/p>","protected":false},"excerpt":{"rendered":"<p>Elektrischer Desktop-Tampondrucker<\/p>","protected":false},"featured_media":2880,"comment_status":"closed","ping_status":"open","template":"","meta":[],"product_brand":[],"product_cat":[111],"product_tag":[],"class_list":{"0":"post-3023","1":"product","2":"type-product","3":"status-publish","4":"has-post-thumbnail","6":"product_cat-pad-printers","8":"first","9":"instock","10":"sale","11":"purchasable","12":"product-type-simple"},"yoast_head":"<!-- This site is optimized with the Yoast SEO Premium plugin v20.9 (Yoast SEO v26.5) - https:\/\/yoast.com\/wordpress\/plugins\/seo\/ -->\n<title>TDY-380B Desktop Electric Pad Printer - ALF PACK<\/title>\n<meta name=\"robots\" content=\"index, follow, max-snippet:-1, max-image-preview:large, max-video-preview:-1\" \/>\n<link rel=\"canonical\" href=\"https:\/\/alfequipment.com\/de\/product\/tdy-380b-elektrischer-tisch-tampondrucker\/\" \/>\n<meta property=\"og:locale\" content=\"de_DE\" \/>\n<meta property=\"og:type\" content=\"article\" \/>\n<meta property=\"og:title\" content=\"TDY-380B Desktop Electric Pad Printer\" \/>\n<meta property=\"og:description\" content=\"Desktop Electric Pad Printer\" \/>\n<meta property=\"og:url\" content=\"https:\/\/alfequipment.com\/de\/product\/tdy-380b-elektrischer-tisch-tampondrucker\/\" \/>\n<meta property=\"og:site_name\" content=\"ALF PACK\" \/>\n<meta property=\"article:modified_time\" content=\"2025-01-13T13:09:59+00:00\" \/>\n<meta property=\"og:image\" content=\"https:\/\/alfequipment.com\/wp-content\/uploads\/2025\/01\/TDY-380B-Desktop-Electric-Pad-Printer.jpg\" \/>\n\t<meta property=\"og:image:width\" content=\"800\" \/>\n\t<meta property=\"og:image:height\" content=\"800\" \/>\n\t<meta property=\"og:image:type\" content=\"image\/webp\" \/>\n<meta name=\"twitter:card\" content=\"summary_large_image\" \/>\n<meta name=\"twitter:label1\" content=\"Gesch\u00e4tzte Lesezeit\" \/>\n\t<meta name=\"twitter:data1\" content=\"1\u00a0Minute\" \/>\n<script type=\"application\/ld+json\" class=\"yoast-schema-graph\">{\"@context\":\"https:\/\/schema.org\",\"@graph\":[{\"@type\":\"WebPage\",\"@id\":\"https:\/\/alfequipment.com\/product\/tdy-380b-desktop-electric-pad-printer\/\",\"url\":\"https:\/\/alfequipment.com\/product\/tdy-380b-desktop-electric-pad-printer\/\",\"name\":\"TDY-380B Desktop Electric Pad Printer - ALF PACK\",\"isPartOf\":{\"@id\":\"https:\/\/alfequipment.com\/#website\"},\"primaryImageOfPage\":{\"@id\":\"https:\/\/alfequipment.com\/product\/tdy-380b-desktop-electric-pad-printer\/#primaryimage\"},\"image\":{\"@id\":\"https:\/\/alfequipment.com\/product\/tdy-380b-desktop-electric-pad-printer\/#primaryimage\"},\"thumbnailUrl\":\"https:\/\/alfequipment.com\/wp-content\/uploads\/2025\/01\/TDY-380B-Desktop-Electric-Pad-Printer.jpg\",\"datePublished\":\"2024-12-10T07:09:22+00:00\",\"dateModified\":\"2025-01-13T13:09:59+00:00\",\"breadcrumb\":{\"@id\":\"https:\/\/alfequipment.com\/product\/tdy-380b-desktop-electric-pad-printer\/#breadcrumb\"},\"inLanguage\":\"de\",\"potentialAction\":[{\"@type\":\"ReadAction\",\"target\":[\"https:\/\/alfequipment.com\/product\/tdy-380b-desktop-electric-pad-printer\/\"]}]},{\"@type\":\"ImageObject\",\"inLanguage\":\"de\",\"@id\":\"https:\/\/alfequipment.com\/product\/tdy-380b-desktop-electric-pad-printer\/#primaryimage\",\"url\":\"https:\/\/alfequipment.com\/wp-content\/uploads\/2025\/01\/TDY-380B-Desktop-Electric-Pad-Printer.jpg\",\"contentUrl\":\"https:\/\/alfequipment.com\/wp-content\/uploads\/2025\/01\/TDY-380B-Desktop-Electric-Pad-Printer.jpg\",\"width\":800,\"height\":800},{\"@type\":\"BreadcrumbList\",\"@id\":\"https:\/\/alfequipment.com\/product\/tdy-380b-desktop-electric-pad-printer\/#breadcrumb\",\"itemListElement\":[{\"@type\":\"ListItem\",\"position\":1,\"name\":\"Home\",\"item\":\"https:\/\/alfequipment.com\/\"},{\"@type\":\"ListItem\",\"position\":2,\"name\":\"Shop\",\"item\":\"https:\/\/alfequipment.com\/shop\/\"},{\"@type\":\"ListItem\",\"position\":3,\"name\":\"TDY-380B Desktop Electric Pad Printer\"}]},{\"@type\":\"WebSite\",\"@id\":\"https:\/\/alfequipment.com\/#website\",\"url\":\"https:\/\/alfequipment.com\/\",\"name\":\"ALF PACK\",\"description\":\"\",\"publisher\":{\"@id\":\"https:\/\/alfequipment.com\/#organization\"},\"potentialAction\":[{\"@type\":\"SearchAction\",\"target\":{\"@type\":\"EntryPoint\",\"urlTemplate\":\"https:\/\/alfequipment.com\/?s={search_term_string}\"},\"query-input\":{\"@type\":\"PropertyValueSpecification\",\"valueRequired\":true,\"valueName\":\"search_term_string\"}}],\"inLanguage\":\"de\"},{\"@type\":\"Organization\",\"@id\":\"https:\/\/alfequipment.com\/#organization\",\"name\":\"ALF PACK\",\"url\":\"https:\/\/alfequipment.com\/\",\"logo\":{\"@type\":\"ImageObject\",\"inLanguage\":\"de\",\"@id\":\"https:\/\/alfequipment.com\/#\/schema\/logo\/image\/\",\"url\":\"https:\/\/alfequipment.com\/wp-content\/uploads\/2024\/11\/ALFlogo-2.webp\",\"contentUrl\":\"https:\/\/alfequipment.com\/wp-content\/uploads\/2024\/11\/ALFlogo-2.webp\",\"width\":758,\"height\":750,\"caption\":\"ALF PACK\"},\"image\":{\"@id\":\"https:\/\/alfequipment.com\/#\/schema\/logo\/image\/\"}}]}<\/script>\n<!-- \/ Yoast SEO Premium plugin. -->","yoast_head_json":{"title":"TDY-380B Elektrischer Tisch-Tampondrucker - ALF PACK","robots":{"index":"index","follow":"follow","max-snippet":"max-snippet:-1","max-image-preview":"max-image-preview:large","max-video-preview":"max-video-preview:-1"},"canonical":"https:\/\/alfequipment.com\/de\/product\/tdy-380b-elektrischer-tisch-tampondrucker\/","og_locale":"de_DE","og_type":"article","og_title":"TDY-380B Desktop Electric Pad Printer","og_description":"Desktop Electric Pad Printer","og_url":"https:\/\/alfequipment.com\/de\/product\/tdy-380b-elektrischer-tisch-tampondrucker\/","og_site_name":"ALF PACK","article_modified_time":"2025-01-13T13:09:59+00:00","og_image":[{"width":800,"height":800,"url":"https:\/\/alfequipment.com\/wp-content\/uploads\/2025\/01\/TDY-380B-Desktop-Electric-Pad-Printer.jpg","type":"image\/webp"}],"twitter_card":"summary_large_image","twitter_misc":{"Gesch\u00e4tzte Lesezeit":"1\u00a0Minute"},"schema":{"@context":"https:\/\/schema.org","@graph":[{"@type":"WebPage","@id":"https:\/\/alfequipment.com\/product\/tdy-380b-desktop-electric-pad-printer\/","url":"https:\/\/alfequipment.com\/product\/tdy-380b-desktop-electric-pad-printer\/","name":"TDY-380B Elektrischer Tisch-Tampondrucker - ALF PACK","isPartOf":{"@id":"https:\/\/alfequipment.com\/#website"},"primaryImageOfPage":{"@id":"https:\/\/alfequipment.com\/product\/tdy-380b-desktop-electric-pad-printer\/#primaryimage"},"image":{"@id":"https:\/\/alfequipment.com\/product\/tdy-380b-desktop-electric-pad-printer\/#primaryimage"},"thumbnailUrl":"https:\/\/alfequipment.com\/wp-content\/uploads\/2025\/01\/TDY-380B-Desktop-Electric-Pad-Printer.jpg","datePublished":"2024-12-10T07:09:22+00:00","dateModified":"2025-01-13T13:09:59+00:00","breadcrumb":{"@id":"https:\/\/alfequipment.com\/product\/tdy-380b-desktop-electric-pad-printer\/#breadcrumb"},"inLanguage":"de","potentialAction":[{"@type":"ReadAction","target":["https:\/\/alfequipment.com\/product\/tdy-380b-desktop-electric-pad-printer\/"]}]},{"@type":"ImageObject","inLanguage":"de","@id":"https:\/\/alfequipment.com\/product\/tdy-380b-desktop-electric-pad-printer\/#primaryimage","url":"https:\/\/alfequipment.com\/wp-content\/uploads\/2025\/01\/TDY-380B-Desktop-Electric-Pad-Printer.jpg","contentUrl":"https:\/\/alfequipment.com\/wp-content\/uploads\/2025\/01\/TDY-380B-Desktop-Electric-Pad-Printer.jpg","width":800,"height":800},{"@type":"BreadcrumbList","@id":"https:\/\/alfequipment.com\/product\/tdy-380b-desktop-electric-pad-printer\/#breadcrumb","itemListElement":[{"@type":"ListItem","position":1,"name":"Home","item":"https:\/\/alfequipment.com\/"},{"@type":"ListItem","position":2,"name":"Shop","item":"https:\/\/alfequipment.com\/shop\/"},{"@type":"ListItem","position":3,"name":"TDY-380B Desktop Electric Pad Printer"}]},{"@type":"WebSite","@id":"https:\/\/alfequipment.com\/#website","url":"https:\/\/alfequipment.com\/","name":"ALF PACK","description":"","publisher":{"@id":"https:\/\/alfequipment.com\/#organization"},"potentialAction":[{"@type":"SearchAction","target":{"@type":"EntryPoint","urlTemplate":"https:\/\/alfequipment.com\/?s={search_term_string}"},"query-input":{"@type":"PropertyValueSpecification","valueRequired":true,"valueName":"search_term_string"}}],"inLanguage":"de"},{"@type":"Organization","@id":"https:\/\/alfequipment.com\/#organization","name":"ALF PACK","url":"https:\/\/alfequipment.com\/","logo":{"@type":"ImageObject","inLanguage":"de","@id":"https:\/\/alfequipment.com\/#\/schema\/logo\/image\/","url":"https:\/\/alfequipment.com\/wp-content\/uploads\/2024\/11\/ALFlogo-2.webp","contentUrl":"https:\/\/alfequipment.com\/wp-content\/uploads\/2024\/11\/ALFlogo-2.webp","width":758,"height":750,"caption":"ALF PACK"},"image":{"@id":"https:\/\/alfequipment.com\/#\/schema\/logo\/image\/"}}]}},"_links":{"self":[{"href":"https:\/\/alfequipment.com\/de\/wp-json\/wp\/v2\/product\/3023","targetHints":{"allow":["GET"]}}],"collection":[{"href":"https:\/\/alfequipment.com\/de\/wp-json\/wp\/v2\/product"}],"about":[{"href":"https:\/\/alfequipment.com\/de\/wp-json\/wp\/v2\/types\/product"}],"replies":[{"embeddable":true,"href":"https:\/\/alfequipment.com\/de\/wp-json\/wp\/v2\/comments?post=3023"}],"version-history":[{"count":0,"href":"https:\/\/alfequipment.com\/de\/wp-json\/wp\/v2\/product\/3023\/revisions"}],"wp:featuredmedia":[{"embeddable":true,"href":"https:\/\/alfequipment.com\/de\/wp-json\/wp\/v2\/media\/2880"}],"wp:attachment":[{"href":"https:\/\/alfequipment.com\/de\/wp-json\/wp\/v2\/media?parent=3023"}],"wp:term":[{"taxonomy":"product_brand","embeddable":true,"href":"https:\/\/alfequipment.com\/de\/wp-json\/wp\/v2\/product_brand?post=3023"},{"taxonomy":"product_cat","embeddable":true,"href":"https:\/\/alfequipment.com\/de\/wp-json\/wp\/v2\/product_cat?post=3023"},{"taxonomy":"product_tag","embeddable":true,"href":"https:\/\/alfequipment.com\/de\/wp-json\/wp\/v2\/product_tag?post=3023"}],"curies":[{"name":"wp","href":"https:\/\/api.w.org\/{rel}","templated":true}]}}