{"id":3024,"date":"2024-12-28T09:08:50","date_gmt":"2024-12-28T09:08:50","guid":{"rendered":"https:\/\/alfequipment.com\/product\/qsj-5040a-automatic-sleeve-wrapper-bottle-packing-machine-bse-5040a-heat-shrink-tunnel\/"},"modified":"2025-01-13T13:09:59","modified_gmt":"2025-01-13T13:09:59","slug":"qsj-5040a-automatische-banderoliermaschine-flaschenverpackungsmaschine-bse-5040a-schrumpftunnel","status":"publish","type":"product","link":"https:\/\/alfequipment.com\/de\/product\/qsj-5040a-automatische-banderoliermaschine-flaschenverpackungsmaschine-bse-5040a-schrumpftunnel\/","title":{"rendered":"QSJ-5040A Automatische Sleeve Wrapper Flaschenverpackungsmaschine + BSE-5040A W\u00e4rmeschrumpftunnel"},"content":{"rendered":"<div>\n<div style=\"vertical-align: top;padding-top: 15px; padding-bottom: 15px;\">\n<div style=\"vertical-align: top;padding-top: 10px; padding-bottom: 10px; margin-right: -4px; margin-left: -4px;\">\n<div style=\"vertical-align: top; box-sizing: border-box; padding-right: 4px; padding-left: 4px;margin-top: -4px; margin-bottom: -4px;\">\n<div id=\"tvbx9\" style=\"vertical-align: top; box-sizing: border-box; padding-top: 4px; padding-bottom: 4px\">Die Maschine verf\u00fcgt \u00fcber einen fortschrittlichen Touchscreen, der die Bedienung erleichtert, eine speicherprogrammierbare Steuerung (SPS) von Omron und ein AC-Sch\u00fctz, einen AirTAC-Zylinder und alle anderen Teile sind von international bekannten Marken.<\/div>\n<div id=\"sr8bm\" style=\"vertical-align: top; box-sizing: border-box; padding-top: 4px; padding-bottom: 4px\">\n<p style=\"margin:0;padding:0;\">Der elektromagnetische Schalter nach oben und unten verhindert Versiegelungsfehler und sch\u00fctzt den Bediener. Automatisches Alarm-Sicherheitssystem sch\u00fctzt Maschine und Bediener.<br \/>Ein leistungsstarker F\u00f6rdermotor mit stufenloser Geschwindigkeitsregulierung sorgt f\u00fcr einen reibungslosen Transport.<br \/>Zwei gro\u00dfe Ventilatoren sorgen daf\u00fcr, dass die Temperatur des Schrumpftunnels gleichm\u00e4\u00dfig und stabil ist, was einen hervorragenden Schrumpfungseffekt gew\u00e4hrleistet.<br \/>Super-K\u00fchlsystem k\u00fchlt die Verpackung und macht die Figuration perfekt.<\/p>\n<\/p><\/div>\n<\/p><\/div>\n<\/p><\/div>\n<div style=\"vertical-align: top;padding-top: 10px; padding-bottom: 10px; margin-right: -4px; margin-left: -4px;\">\n<div id=\"z0w0h\" style=\"vertical-align: top; box-sizing: border-box; padding-right: 4px; padding-left: 4px\">\n<table style=\"width: auto; border-collapse: collapse; word-wrap: break-word;\" class=\"aliDataTable\">\n<tbody>\n<tr>\n<td style=\"background-color: rgb(218, 226, 237);\">\n<div style=\"width: 146px; height: 22px; padding: 5px 10px; overflow: hidden;\">\n          Modell\n         <\/div>\n<\/td>\n<td style=\"background-color: rgb(218, 226, 237);\">\n<div style=\"width: 189px; height: 22px; padding: 5px 10px; overflow: hidden;\">\n          QSJ-5040A\n         <\/div>\n<\/td>\n<td style=\"background-color: rgb(218, 226, 237);\">\n<div style=\"width: 149px; height: 22px; padding: 5px 10px; overflow: hidden;\">\n          Modell\n         <\/div>\n<\/td>\n<td style=\"background-color: rgb(218, 226, 237);\">\n<div style=\"width: 173px; height: 22px; padding: 5px 10px; overflow: hidden;\">\n          BSE5040A\n         <\/div>\n<\/td>\n<\/tr>\n<tr>\n<td>\n<div style=\"width: 146px; height: 22px; padding: 5px 10px; overflow: hidden;\">\n          Strom\n         <\/div>\n<\/td>\n<td>\n<div style=\"width: 189px; height: 22px; padding: 5px 10px; overflow: hidden;\">\n          3kw\n         <\/div>\n<\/td>\n<td>\n<div style=\"width: 149px; height: 22px; padding: 5px 10px; overflow: hidden;\">\n          Stromversorgung\n         <\/div>\n<\/td>\n<td>\n<div style=\"width: 173px; height: 22px; padding: 5px 10px; overflow: hidden;\">\n          3 Phasen 220V\/380V 50-60HZ\n         <\/div>\n<\/td>\n<\/tr>\n<tr>\n<td>\n<div style=\"width: 146px; height: 22px; padding: 5px 10px; overflow: hidden;\">\n          Stromquelle\n         <\/div>\n<\/td>\n<td>\n<div style=\"width: 189px; height: 22px; padding: 5px 10px; overflow: hidden;\">\n          220\/380V 50\/60Hz, 3PH\n         <\/div>\n<\/td>\n<td>\n<div style=\"width: 149px; height: 22px; padding: 5px 10px; overflow: hidden;\"><\/div>\n<\/td>\n<td>\n<div style=\"width: 173px; height: 22px; padding: 5px 10px; overflow: hidden;\">\n          20KW Einsteller\n         <\/div>\n<\/td>\n<\/tr>\n<tr>\n<td>\n<div style=\"width: 146px; height: 22px; padding: 5px 10px; overflow: hidden;\">\n          Kapazit\u00e4t\n         <\/div>\n<\/td>\n<td>\n<div style=\"width: 189px; height: 22px; padding: 5px 10px; overflow: hidden;\">\n          0~8 St\u00fcck\/Min.\n         <\/div>\n<\/td>\n<td>\n<div style=\"width: 149px; height: 22px; padding: 5px 10px; overflow: hidden;\">\n          Geschwindigkeit des F\u00f6rderbandes\n         <\/div>\n<\/td>\n<td>\n<div style=\"width: 173px; height: 22px; padding: 5px 10px; overflow: hidden;\">\n          0-10m\/Minute\n         <\/div>\n<\/td>\n<\/tr>\n<tr>\n<td>\n<div style=\"width: 146px; height: 22px; padding: 5px 10px; overflow: hidden;\">\n          Breite der Folie\n         <\/div>\n<\/td>\n<td>\n<div style=\"width: 189px; height: 22px; padding: 5px 10px; overflow: hidden;\">\n          maximal 590mm\n         <\/div>\n<\/td>\n<td>\n<div style=\"width: 149px; height: 22px; padding: 5px 10px; overflow: hidden;\">\n          Tunnelgr\u00f6\u00dfe (L*B*H)\n         <\/div>\n<\/td>\n<td>\n<div style=\"width: 173px; height: 22px; padding: 5px 10px; overflow: hidden;\">\n          1500*500*400MM\n         <\/div>\n<\/td>\n<\/tr>\n<tr>\n<td>\n<div style=\"width: 146px; height: 22px; padding: 5px 10px; overflow: hidden;\">\n          Dicke der Folie\n         <\/div>\n<\/td>\n<td>\n<div style=\"width: 189px; height: 22px; padding: 5px 10px; overflow: hidden;\">\n          0,03-0,25 mm\n         <\/div>\n<\/td>\n<td>\n<div style=\"width: 149px; height: 22px; padding: 5px 10px; overflow: hidden;\">\n          Packungsgr\u00f6\u00dfe\n         <\/div>\n<\/td>\n<td>\n<div style=\"width: 173px; height: 22px; padding: 5px 10px; overflow: hidden;\">\n          B\u2264300mm, H&lt;350mm\n         <\/div>\n<\/td>\n<\/tr>\n<tr>\n<td>\n<div style=\"width: 146px; height: 22px; padding: 5px 10px; overflow: hidden;\">\n          Versorgung der Luftquelle\n         <\/div>\n<\/td>\n<td>\n<div style=\"width: 189px; height: 22px; padding: 5px 10px; overflow: hidden;\">\n          250L\/min 0,4-0,6 Mpa\n         <\/div>\n<\/td>\n<td>\n<div style=\"width: 149px; height: 22px; padding: 5px 10px; overflow: hidden;\">\n          Beladung des F\u00f6rderbandes\n         <\/div>\n<\/td>\n<td>\n<div style=\"width: 173px; height: 22px; padding: 5px 10px; overflow: hidden;\">\n          50KGS MAX.\n         <\/div>\n<\/td>\n<\/tr>\n<tr>\n<td>\n<div style=\"width: 146px; height: 22px; padding: 5px 10px; overflow: hidden;\">\n          Stromquelle\n         <\/div>\n<\/td>\n<td>\n<div style=\"width: 189px; height: 22px; padding: 5px 10px; overflow: hidden;\">\n          220\/380V 50\/60Hz, 3PH\n         <\/div>\n<\/td>\n<td>\n<div style=\"width: 149px; height: 22px; padding: 5px 10px; overflow: hidden;\">\n          Gr\u00f6\u00dfe der Maschine\n         <\/div>\n<\/td>\n<td>\n<div style=\"width: 173px; height: 22px; padding: 5px 10px; overflow: hidden;\">\n          2500*820*1680MM\n         <\/div>\n<\/td>\n<\/tr>\n<tr>\n<td>\n<div style=\"width: 146px; height: 25px; padding: 5px 10px; overflow: hidden;\">\n          Max. Packma\u00df\n         <\/div>\n<\/td>\n<td>\n<div style=\"width: 189px; height: 25px; padding: 5px 10px; overflow: hidden;\">\n          420(L)\u00d7270(W)\u00d7350(H)mm\n         <\/div>\n<\/td>\n<td>\n<div style=\"width: 149px; height: 25px; padding: 5px 10px; overflow: hidden;\">\n          Gewicht der Maschine\n         <\/div>\n<\/td>\n<td>\n<div style=\"width: 173px; height: 25px; padding: 5px 10px; overflow: hidden;\">\n          470KG\n         <\/div>\n<\/td>\n<\/tr>\n<tr>\n<td>\n<div style=\"width: 146px; height: 22px; padding: 5px 10px; overflow: hidden;\">\n          Min. Verpackungsgr\u00f6\u00dfe\n         <\/div>\n<\/td>\n<td>\n<div style=\"width: 189px; height: 22px; padding: 5px 10px; overflow: hidden;\">\n          250(L)\u00d750(W)\u00d7100(H)mm\n         <\/div>\n<\/td>\n<td>\n<div style=\"width: 149px; height: 22px; padding: 5px 10px; overflow: hidden;\">\n          Packungsgr\u00f6\u00dfe\n         <\/div>\n<\/td>\n<td>\n<div style=\"width: 173px; height: 22px; padding: 5px 10px; overflow: hidden;\">\n          2600*960*1800mm\n         <\/div>\n<\/td>\n<\/tr>\n<tr>\n<td>\n<div style=\"width: 146px; height: 44px; padding: 5px 10px; overflow: hidden;\">\n          Gr\u00f6\u00dfe des F\u00f6rderbandtreibers\n         <\/div>\n<\/td>\n<td>\n<div style=\"width: 189px; height: 44px; padding: 5px 10px; overflow: hidden;\">\n          900(L)\u00d7410(W)\u00d7400(H)mm<\/p>\n<div>\n           1700(L)\u00d7306(W)\u00d7800(H)mm\n          <\/div>\n<\/p><\/div>\n<\/td>\n<td>\n<div style=\"width: 149px; height: 44px; padding: 5px 10px; overflow: hidden;\"><\/div>\n<\/td>\n<td>\n<div style=\"width: 173px; height: 44px; padding: 5px 10px; overflow: hidden;\"><\/div>\n<\/td>\n<\/tr>\n<tr>\n<td>\n<div style=\"width: 146px; height: 22px; padding: 5px 10px; overflow: hidden;\">\n          Gewicht der Maschine\n         <\/div>\n<\/td>\n<td>\n<div style=\"width: 189px; height: 22px; padding: 5px 10px; overflow: hidden;\">\n          370KGS\n         <\/div>\n<\/td>\n<td>\n<div style=\"width: 149px; height: 22px; padding: 5px 10px; overflow: hidden;\"><\/div>\n<\/td>\n<td>\n<div style=\"width: 173px; height: 22px; padding: 5px 10px; overflow: hidden;\"><\/div>\n<\/td>\n<\/tr>\n<\/tbody>\n<\/table><\/div>\n<\/p><\/div>\n<div style=\"vertical-align: top;padding-top: 10px; padding-bottom: 10px; margin-right: -4px; margin-left: -4px;\">\n<div id=\"lvucq\" style=\"vertical-align: top; box-sizing: border-box; padding-right: 4px; padding-left: 4px\">\n<div style=\"overflow: hidden; width: 750px; height: 750px;\">\n      <img decoding=\"async\" src=\"https:\/\/sc01.alicdn.com\/kf\/HTB1p4KUaIfrK1RkSmLyq6xGApXar\/64496\/HTB1p4KUaIfrK1RkSmLyq6xGApXar.jpg\" style=\"width: 750px; height: 750px; margin-left: 0px; margin-top: 0px;\" class=\"aligncenter\">\n     <\/div>\n<\/p><\/div>\n<\/p><\/div>\n<div style=\"vertical-align: top;padding-top: 10px; padding-bottom: 10px; margin-right: -4px; margin-left: -4px;\">\n<div id=\"886d6\" style=\"vertical-align: top; box-sizing: border-box; padding-right: 4px; padding-left: 4px\">\n<div style=\"overflow: hidden; width: 750px; height: 632.129px;\">\n      <img decoding=\"async\" src=\"https:\/\/sc02.alicdn.com\/kf\/HTB1mM9VaPzuK1Rjy0Fpq6yEpFXar\/64496\/HTB1mM9VaPzuK1Rjy0Fpq6yEpFXar.jpg\" style=\"width: 750px; height: 632.129px; margin-left: 0px; margin-top: 0px;\" class=\"aligncenter\"><\/div>\n<\/div>\n<\/div>\n<\/div>\n<div style=\"vertical-align: top;padding-top: 15px; padding-bottom: 15px;\">\n  <\/div>\n<\/p><\/div>","protected":false},"excerpt":{"rendered":"<p>Automatische Sleeve Wrapper Flaschenverpackungsmaschine und W\u00e4rmeschrumpftunnel<\/p>","protected":false},"featured_media":2882,"comment_status":"closed","ping_status":"open","template":"","meta":[],"product_brand":[],"product_cat":[97],"product_tag":[],"class_list":{"0":"post-3024","1":"product","2":"type-product","3":"status-publish","4":"has-post-thumbnail","6":"product_cat-sealing-machines","8":"first","9":"instock","10":"sale","11":"purchasable","12":"product-type-simple"},"yoast_head":"<!-- This site is optimized with the Yoast SEO Premium plugin v20.9 (Yoast SEO v26.5) - https:\/\/yoast.com\/wordpress\/plugins\/seo\/ -->\n<title>QSJ-5040A Automatic Sleeve Wrapper bottle packing machine + BSE-5040A Heat Shrink Tunnel - ALF PACK<\/title>\n<meta name=\"robots\" content=\"index, follow, max-snippet:-1, max-image-preview:large, max-video-preview:-1\" \/>\n<link rel=\"canonical\" href=\"https:\/\/alfequipment.com\/de\/product\/qsj-5040a-automatische-banderoliermaschine-flaschenverpackungsmaschine-bse-5040a-schrumpftunnel\/\" \/>\n<meta property=\"og:locale\" content=\"de_DE\" \/>\n<meta property=\"og:type\" content=\"article\" \/>\n<meta property=\"og:title\" content=\"QSJ-5040A Automatic Sleeve Wrapper bottle packing machine + BSE-5040A Heat Shrink Tunnel\" \/>\n<meta property=\"og:description\" content=\"Automatic Sleeve Wrapper Bottle Packing Machine And Heat Shrink Tunnel\" \/>\n<meta property=\"og:url\" content=\"https:\/\/alfequipment.com\/de\/product\/qsj-5040a-automatische-banderoliermaschine-flaschenverpackungsmaschine-bse-5040a-schrumpftunnel\/\" \/>\n<meta property=\"og:site_name\" content=\"ALF PACK\" \/>\n<meta property=\"article:modified_time\" content=\"2025-01-13T13:09:59+00:00\" \/>\n<meta property=\"og:image\" content=\"https:\/\/alfequipment.com\/wp-content\/uploads\/2025\/01\/H908de4f10ad14672965206c6c546143fF.jpg\" \/>\n\t<meta property=\"og:image:width\" content=\"800\" \/>\n\t<meta property=\"og:image:height\" content=\"800\" \/>\n\t<meta property=\"og:image:type\" content=\"image\/webp\" \/>\n<meta name=\"twitter:card\" content=\"summary_large_image\" \/>\n<meta name=\"twitter:label1\" content=\"Gesch\u00e4tzte Lesezeit\" \/>\n\t<meta name=\"twitter:data1\" content=\"1\u00a0Minute\" \/>\n<script type=\"application\/ld+json\" class=\"yoast-schema-graph\">{\"@context\":\"https:\/\/schema.org\",\"@graph\":[{\"@type\":\"WebPage\",\"@id\":\"https:\/\/alfequipment.com\/product\/qsj-5040a-automatic-sleeve-wrapper-bottle-packing-machine-bse-5040a-heat-shrink-tunnel\/\",\"url\":\"https:\/\/alfequipment.com\/product\/qsj-5040a-automatic-sleeve-wrapper-bottle-packing-machine-bse-5040a-heat-shrink-tunnel\/\",\"name\":\"QSJ-5040A Automatic Sleeve Wrapper bottle packing machine + BSE-5040A Heat Shrink Tunnel - ALF PACK\",\"isPartOf\":{\"@id\":\"https:\/\/alfequipment.com\/#website\"},\"primaryImageOfPage\":{\"@id\":\"https:\/\/alfequipment.com\/product\/qsj-5040a-automatic-sleeve-wrapper-bottle-packing-machine-bse-5040a-heat-shrink-tunnel\/#primaryimage\"},\"image\":{\"@id\":\"https:\/\/alfequipment.com\/product\/qsj-5040a-automatic-sleeve-wrapper-bottle-packing-machine-bse-5040a-heat-shrink-tunnel\/#primaryimage\"},\"thumbnailUrl\":\"https:\/\/alfequipment.com\/wp-content\/uploads\/2025\/01\/H908de4f10ad14672965206c6c546143fF.jpg\",\"datePublished\":\"2024-12-28T09:08:50+00:00\",\"dateModified\":\"2025-01-13T13:09:59+00:00\",\"breadcrumb\":{\"@id\":\"https:\/\/alfequipment.com\/product\/qsj-5040a-automatic-sleeve-wrapper-bottle-packing-machine-bse-5040a-heat-shrink-tunnel\/#breadcrumb\"},\"inLanguage\":\"de\",\"potentialAction\":[{\"@type\":\"ReadAction\",\"target\":[\"https:\/\/alfequipment.com\/product\/qsj-5040a-automatic-sleeve-wrapper-bottle-packing-machine-bse-5040a-heat-shrink-tunnel\/\"]}]},{\"@type\":\"ImageObject\",\"inLanguage\":\"de\",\"@id\":\"https:\/\/alfequipment.com\/product\/qsj-5040a-automatic-sleeve-wrapper-bottle-packing-machine-bse-5040a-heat-shrink-tunnel\/#primaryimage\",\"url\":\"https:\/\/alfequipment.com\/wp-content\/uploads\/2025\/01\/H908de4f10ad14672965206c6c546143fF.jpg\",\"contentUrl\":\"https:\/\/alfequipment.com\/wp-content\/uploads\/2025\/01\/H908de4f10ad14672965206c6c546143fF.jpg\",\"width\":800,\"height\":800},{\"@type\":\"BreadcrumbList\",\"@id\":\"https:\/\/alfequipment.com\/product\/qsj-5040a-automatic-sleeve-wrapper-bottle-packing-machine-bse-5040a-heat-shrink-tunnel\/#breadcrumb\",\"itemListElement\":[{\"@type\":\"ListItem\",\"position\":1,\"name\":\"Home\",\"item\":\"https:\/\/alfequipment.com\/\"},{\"@type\":\"ListItem\",\"position\":2,\"name\":\"Shop\",\"item\":\"https:\/\/alfequipment.com\/shop\/\"},{\"@type\":\"ListItem\",\"position\":3,\"name\":\"QSJ-5040A Automatic Sleeve Wrapper bottle packing machine + BSE-5040A Heat Shrink Tunnel\"}]},{\"@type\":\"WebSite\",\"@id\":\"https:\/\/alfequipment.com\/#website\",\"url\":\"https:\/\/alfequipment.com\/\",\"name\":\"ALF PACK\",\"description\":\"\",\"publisher\":{\"@id\":\"https:\/\/alfequipment.com\/#organization\"},\"potentialAction\":[{\"@type\":\"SearchAction\",\"target\":{\"@type\":\"EntryPoint\",\"urlTemplate\":\"https:\/\/alfequipment.com\/?s={search_term_string}\"},\"query-input\":{\"@type\":\"PropertyValueSpecification\",\"valueRequired\":true,\"valueName\":\"search_term_string\"}}],\"inLanguage\":\"de\"},{\"@type\":\"Organization\",\"@id\":\"https:\/\/alfequipment.com\/#organization\",\"name\":\"ALF PACK\",\"url\":\"https:\/\/alfequipment.com\/\",\"logo\":{\"@type\":\"ImageObject\",\"inLanguage\":\"de\",\"@id\":\"https:\/\/alfequipment.com\/#\/schema\/logo\/image\/\",\"url\":\"https:\/\/alfequipment.com\/wp-content\/uploads\/2024\/11\/ALFlogo-2.webp\",\"contentUrl\":\"https:\/\/alfequipment.com\/wp-content\/uploads\/2024\/11\/ALFlogo-2.webp\",\"width\":758,\"height\":750,\"caption\":\"ALF PACK\"},\"image\":{\"@id\":\"https:\/\/alfequipment.com\/#\/schema\/logo\/image\/\"}}]}<\/script>\n<!-- \/ Yoast SEO Premium plugin. -->","yoast_head_json":{"title":"QSJ-5040A Automatische Sleeve Wrapper Flaschenverpackungsmaschine + BSE-5040A W\u00e4rmeschrumpftunnel - ALF PACK","robots":{"index":"index","follow":"follow","max-snippet":"max-snippet:-1","max-image-preview":"max-image-preview:large","max-video-preview":"max-video-preview:-1"},"canonical":"https:\/\/alfequipment.com\/de\/product\/qsj-5040a-automatische-banderoliermaschine-flaschenverpackungsmaschine-bse-5040a-schrumpftunnel\/","og_locale":"de_DE","og_type":"article","og_title":"QSJ-5040A Automatic Sleeve Wrapper bottle packing machine + BSE-5040A Heat Shrink Tunnel","og_description":"Automatic Sleeve Wrapper Bottle Packing Machine And Heat Shrink Tunnel","og_url":"https:\/\/alfequipment.com\/de\/product\/qsj-5040a-automatische-banderoliermaschine-flaschenverpackungsmaschine-bse-5040a-schrumpftunnel\/","og_site_name":"ALF PACK","article_modified_time":"2025-01-13T13:09:59+00:00","og_image":[{"width":800,"height":800,"url":"https:\/\/alfequipment.com\/wp-content\/uploads\/2025\/01\/H908de4f10ad14672965206c6c546143fF.jpg","type":"image\/webp"}],"twitter_card":"summary_large_image","twitter_misc":{"Gesch\u00e4tzte Lesezeit":"1\u00a0Minute"},"schema":{"@context":"https:\/\/schema.org","@graph":[{"@type":"WebPage","@id":"https:\/\/alfequipment.com\/product\/qsj-5040a-automatic-sleeve-wrapper-bottle-packing-machine-bse-5040a-heat-shrink-tunnel\/","url":"https:\/\/alfequipment.com\/product\/qsj-5040a-automatic-sleeve-wrapper-bottle-packing-machine-bse-5040a-heat-shrink-tunnel\/","name":"QSJ-5040A Automatische Sleeve Wrapper Flaschenverpackungsmaschine + BSE-5040A W\u00e4rmeschrumpftunnel - ALF PACK","isPartOf":{"@id":"https:\/\/alfequipment.com\/#website"},"primaryImageOfPage":{"@id":"https:\/\/alfequipment.com\/product\/qsj-5040a-automatic-sleeve-wrapper-bottle-packing-machine-bse-5040a-heat-shrink-tunnel\/#primaryimage"},"image":{"@id":"https:\/\/alfequipment.com\/product\/qsj-5040a-automatic-sleeve-wrapper-bottle-packing-machine-bse-5040a-heat-shrink-tunnel\/#primaryimage"},"thumbnailUrl":"https:\/\/alfequipment.com\/wp-content\/uploads\/2025\/01\/H908de4f10ad14672965206c6c546143fF.jpg","datePublished":"2024-12-28T09:08:50+00:00","dateModified":"2025-01-13T13:09:59+00:00","breadcrumb":{"@id":"https:\/\/alfequipment.com\/product\/qsj-5040a-automatic-sleeve-wrapper-bottle-packing-machine-bse-5040a-heat-shrink-tunnel\/#breadcrumb"},"inLanguage":"de","potentialAction":[{"@type":"ReadAction","target":["https:\/\/alfequipment.com\/product\/qsj-5040a-automatic-sleeve-wrapper-bottle-packing-machine-bse-5040a-heat-shrink-tunnel\/"]}]},{"@type":"ImageObject","inLanguage":"de","@id":"https:\/\/alfequipment.com\/product\/qsj-5040a-automatic-sleeve-wrapper-bottle-packing-machine-bse-5040a-heat-shrink-tunnel\/#primaryimage","url":"https:\/\/alfequipment.com\/wp-content\/uploads\/2025\/01\/H908de4f10ad14672965206c6c546143fF.jpg","contentUrl":"https:\/\/alfequipment.com\/wp-content\/uploads\/2025\/01\/H908de4f10ad14672965206c6c546143fF.jpg","width":800,"height":800},{"@type":"BreadcrumbList","@id":"https:\/\/alfequipment.com\/product\/qsj-5040a-automatic-sleeve-wrapper-bottle-packing-machine-bse-5040a-heat-shrink-tunnel\/#breadcrumb","itemListElement":[{"@type":"ListItem","position":1,"name":"Home","item":"https:\/\/alfequipment.com\/"},{"@type":"ListItem","position":2,"name":"Shop","item":"https:\/\/alfequipment.com\/shop\/"},{"@type":"ListItem","position":3,"name":"QSJ-5040A Automatic Sleeve Wrapper bottle packing machine + BSE-5040A Heat Shrink Tunnel"}]},{"@type":"WebSite","@id":"https:\/\/alfequipment.com\/#website","url":"https:\/\/alfequipment.com\/","name":"ALF PACK","description":"","publisher":{"@id":"https:\/\/alfequipment.com\/#organization"},"potentialAction":[{"@type":"SearchAction","target":{"@type":"EntryPoint","urlTemplate":"https:\/\/alfequipment.com\/?s={search_term_string}"},"query-input":{"@type":"PropertyValueSpecification","valueRequired":true,"valueName":"search_term_string"}}],"inLanguage":"de"},{"@type":"Organization","@id":"https:\/\/alfequipment.com\/#organization","name":"ALF PACK","url":"https:\/\/alfequipment.com\/","logo":{"@type":"ImageObject","inLanguage":"de","@id":"https:\/\/alfequipment.com\/#\/schema\/logo\/image\/","url":"https:\/\/alfequipment.com\/wp-content\/uploads\/2024\/11\/ALFlogo-2.webp","contentUrl":"https:\/\/alfequipment.com\/wp-content\/uploads\/2024\/11\/ALFlogo-2.webp","width":758,"height":750,"caption":"ALF PACK"},"image":{"@id":"https:\/\/alfequipment.com\/#\/schema\/logo\/image\/"}}]}},"_links":{"self":[{"href":"https:\/\/alfequipment.com\/de\/wp-json\/wp\/v2\/product\/3024","targetHints":{"allow":["GET"]}}],"collection":[{"href":"https:\/\/alfequipment.com\/de\/wp-json\/wp\/v2\/product"}],"about":[{"href":"https:\/\/alfequipment.com\/de\/wp-json\/wp\/v2\/types\/product"}],"replies":[{"embeddable":true,"href":"https:\/\/alfequipment.com\/de\/wp-json\/wp\/v2\/comments?post=3024"}],"version-history":[{"count":0,"href":"https:\/\/alfequipment.com\/de\/wp-json\/wp\/v2\/product\/3024\/revisions"}],"wp:featuredmedia":[{"embeddable":true,"href":"https:\/\/alfequipment.com\/de\/wp-json\/wp\/v2\/media\/2882"}],"wp:attachment":[{"href":"https:\/\/alfequipment.com\/de\/wp-json\/wp\/v2\/media?parent=3024"}],"wp:term":[{"taxonomy":"product_brand","embeddable":true,"href":"https:\/\/alfequipment.com\/de\/wp-json\/wp\/v2\/product_brand?post=3024"},{"taxonomy":"product_cat","embeddable":true,"href":"https:\/\/alfequipment.com\/de\/wp-json\/wp\/v2\/product_cat?post=3024"},{"taxonomy":"product_tag","embeddable":true,"href":"https:\/\/alfequipment.com\/de\/wp-json\/wp\/v2\/product_tag?post=3024"}],"curies":[{"name":"wp","href":"https:\/\/api.w.org\/{rel}","templated":true}]}}