{"id":3026,"date":"2025-01-01T05:57:55","date_gmt":"2025-01-01T05:57:55","guid":{"rendered":"https:\/\/alfequipment.com\/product\/jm60-vertical-colloid-grinder-and-industrial-colloidal-nut-almond-grinding-machine\/"},"modified":"2025-01-13T13:10:01","modified_gmt":"2025-01-13T13:10:01","slug":"jm60-vertikale-kolloidale-muhle-und-industrielle-kolloidale-nuss-mandel-schleifmaschine","status":"publish","type":"product","link":"https:\/\/alfequipment.com\/de\/product\/jm60-vertikale-kolloidale-muhle-und-industrielle-kolloidale-nuss-mandel-schleifmaschine\/","title":{"rendered":"JM60 Vertikale Kolloidm\u00fchle und industrielle kolloidale Nuss-Mandel-M\u00fchle"},"content":{"rendered":"<p><span style=\"font-size: 14px;\">Das Funktionsprinzip der Kolloidm\u00fchle ist das: Unter der Wirkung der Zentrifugalkraft und durch relativ hohe Geschwindigkeit zwischen dem rotierenden Zahnrad und dem festen Zahnrad laufen, ist die Fl\u00fcssigkeit und die halbfl\u00fcssigen Materialien effizient emulgiert, homogenisiert, dispergiert und gemischt im Laufe der geschnitten, gemahlen und schockiert mit hoher Frequenz.<\/span><\/p>\n<p>&nbsp;<\/p>\n<p><span style=\"font-size: 14px;\">Danach k\u00f6nnen Sie das zufriedene und verarbeitete Material erhalten. Die kolloidale M\u00fchle ist weit verbreitet in verschiedenen Produkten von vielen Bereichen durch seine Vorteile wie Lebensmittelindustrie, Medizinindustrie, chemische Industrie und jeden Tag chemische Industrie usw.; die Produkte einschlie\u00dflich Sojamilch, Fruchtmarmelade, Erdnussbutter, k\u00fcnstliche Maismilch, Sahne, Parf\u00fcmerie Verbindung, Pigment, Schmier\u00f6l, Farbstoff, Hose, Fisch lebenden \u00d6l, Pollen Honig, Zahnpasta und so weiter.<\/span><\/p>\n<p>&nbsp;<\/p>\n<p><span style=\"font-size: 14px;\">Bei der Verarbeitung von Materialien mit hoher Konsistenz, wie z.B. Erdnuss und Sesam usw., sollten Sie den von uns hergestellten Helix-Antriebszylinder an der Oberseite des Rotors befestigen.<\/span><\/p>\n<p>&nbsp;<\/p>\n<p><span style=\"font-size: 18px;\">Spezifikation:<\/span><\/p>\n<table class=\"aliDataTable\" style=\"width: 484px;\" border=\"0\" cellspacing=\"0\" cellpadding=\"0\">\n<tbody>\n<tr>\n<td>\n<p>Modell<\/p>\n<\/td>\n<td>\n<p><span style=\"color: #ff0000;\">JM-60<\/span><\/p>\n<\/td>\n<td>\n<p>JM-80<\/p>\n<\/td>\n<td>\n<p>JM-120<\/p>\n<\/td>\n<\/tr>\n<tr>\n<td>\n<p>Spannung<\/p>\n<\/td>\n<td colspan=\"3\">\n<p style=\"text-align: center;\"><span style=\"color: #ff0000;\">3 Phasen 220\/380V 50-60HZ<\/span><\/p>\n<\/td>\n<\/tr>\n<tr>\n<td>\n<p>Strom<\/p>\n<\/td>\n<td>\n<p><span style=\"color: #ff0000;\">1,5KW<\/span><\/p>\n<\/td>\n<td>\n<p>4KW<\/p>\n<\/td>\n<td>\n<p>7,5KW<\/p>\n<\/td>\n<\/tr>\n<tr>\n<td>\n<p>Pr\u00e4zision des Granulats<\/p>\n<\/td>\n<td>\n<p><span style=\"color: #ff0000;\">2-50\u03bcm<\/span><\/p>\n<\/td>\n<td>\n<p>2-50\u03bcm<\/p>\n<\/td>\n<td>\n<p>2-50\u03bcm<\/p>\n<\/td>\n<\/tr>\n<tr>\n<td>\n<p>Ausgabe<\/p>\n<\/td>\n<td>\n<p><span style=\"color: #ff0000;\">0,05-0,5T\/Stunde<\/span><\/p>\n<\/td>\n<td>\n<p>0,2-1,5T\/Stunde<\/p>\n<\/td>\n<td>\n<p>0,5-2T\/Stunde<\/p>\n<\/td>\n<\/tr>\n<tr>\n<td>\n<p>Gewicht<\/p>\n<\/td>\n<td>\n<p><span style=\"color: #ff0000;\">45kg<\/span><\/p>\n<\/td>\n<td>\n<p>100kg<\/p>\n<\/td>\n<td>\n<p>150kg<\/p>\n<\/td>\n<\/tr>\n<tr>\n<td>\n<p>Gr\u00f6\u00dfe der Maschine<\/p>\n<\/td>\n<td>\n<p><span style=\"color: #ff0000;\">300*300*650mm<\/span><\/p>\n<\/td>\n<td>\n<p>450*450*800mm<\/p>\n<\/td>\n<td>\n<p>550*550*1300mm<\/p>\n<\/td>\n<\/tr>\n<\/tbody>\n<\/table>\n<p>&nbsp;<\/p>\n<p><img decoding=\"async\" src=\"https:\/\/sc01.alicdn.com\/kf\/H8e3862f32f414a34b6293561d11f61b53\/64496\/H8e3862f32f414a34b6293561d11f61b53.jpg\" data-alt=\"JM60 Vertical colloid grinder and Industrial colloidal nut almond grinding machine\" data-width=\"555\" data-height=\"555\" ori-width=\"800\" ori-height=\"800\" class=\"aligncenter\"><\/p>\n<p><\/p><\/p>","protected":false},"excerpt":{"rendered":"<p>Jm-60 Vertikale Kolloidschleifmaschine (einfache Bedienung)<\/p>","protected":false},"featured_media":2886,"comment_status":"closed","ping_status":"open","template":"","meta":[],"product_brand":[],"product_cat":[109],"product_tag":[],"class_list":{"0":"post-3026","1":"product","2":"type-product","3":"status-publish","4":"has-post-thumbnail","6":"product_cat-nuts-processing-machines","8":"first","9":"instock","10":"sale","11":"purchasable","12":"product-type-simple"},"yoast_head":"<!-- This site is optimized with the Yoast SEO Premium plugin v20.9 (Yoast SEO v26.5) - https:\/\/yoast.com\/wordpress\/plugins\/seo\/ -->\n<title>JM60 Vertical colloid grinder and Industrial colloidal nut almond grinding machine - ALF PACK<\/title>\n<meta name=\"robots\" content=\"index, follow, max-snippet:-1, max-image-preview:large, max-video-preview:-1\" \/>\n<link rel=\"canonical\" href=\"https:\/\/alfequipment.com\/de\/product\/jm60-vertikale-kolloidale-muhle-und-industrielle-kolloidale-nuss-mandel-schleifmaschine\/\" \/>\n<meta property=\"og:locale\" content=\"de_DE\" \/>\n<meta property=\"og:type\" content=\"article\" \/>\n<meta property=\"og:title\" content=\"JM60 Vertical colloid grinder and Industrial colloidal nut almond grinding machine\" \/>\n<meta property=\"og:description\" content=\"Jm-60 Vertical Colloid Grinder (easy Operation)\" \/>\n<meta property=\"og:url\" content=\"https:\/\/alfequipment.com\/de\/product\/jm60-vertikale-kolloidale-muhle-und-industrielle-kolloidale-nuss-mandel-schleifmaschine\/\" \/>\n<meta property=\"og:site_name\" content=\"ALF PACK\" \/>\n<meta property=\"article:modified_time\" content=\"2025-01-13T13:10:01+00:00\" \/>\n<meta property=\"og:image\" content=\"https:\/\/alfequipment.com\/wp-content\/uploads\/2025\/01\/JM60-Vertical-colloid-grinder-and-Industrial-colloidal.jpg\" \/>\n\t<meta property=\"og:image:width\" content=\"800\" \/>\n\t<meta property=\"og:image:height\" content=\"800\" \/>\n\t<meta property=\"og:image:type\" content=\"image\/webp\" \/>\n<meta name=\"twitter:card\" content=\"summary_large_image\" \/>\n<meta name=\"twitter:label1\" content=\"Gesch\u00e4tzte Lesezeit\" \/>\n\t<meta name=\"twitter:data1\" content=\"1\u00a0Minute\" \/>\n<script type=\"application\/ld+json\" class=\"yoast-schema-graph\">{\"@context\":\"https:\/\/schema.org\",\"@graph\":[{\"@type\":\"WebPage\",\"@id\":\"https:\/\/alfequipment.com\/product\/jm60-vertical-colloid-grinder-and-industrial-colloidal-nut-almond-grinding-machine\/\",\"url\":\"https:\/\/alfequipment.com\/product\/jm60-vertical-colloid-grinder-and-industrial-colloidal-nut-almond-grinding-machine\/\",\"name\":\"JM60 Vertical colloid grinder and Industrial colloidal nut almond grinding machine - ALF PACK\",\"isPartOf\":{\"@id\":\"https:\/\/alfequipment.com\/#website\"},\"primaryImageOfPage\":{\"@id\":\"https:\/\/alfequipment.com\/product\/jm60-vertical-colloid-grinder-and-industrial-colloidal-nut-almond-grinding-machine\/#primaryimage\"},\"image\":{\"@id\":\"https:\/\/alfequipment.com\/product\/jm60-vertical-colloid-grinder-and-industrial-colloidal-nut-almond-grinding-machine\/#primaryimage\"},\"thumbnailUrl\":\"https:\/\/alfequipment.com\/wp-content\/uploads\/2025\/01\/JM60-Vertical-colloid-grinder-and-Industrial-colloidal.jpg\",\"datePublished\":\"2025-01-01T05:57:55+00:00\",\"dateModified\":\"2025-01-13T13:10:01+00:00\",\"breadcrumb\":{\"@id\":\"https:\/\/alfequipment.com\/product\/jm60-vertical-colloid-grinder-and-industrial-colloidal-nut-almond-grinding-machine\/#breadcrumb\"},\"inLanguage\":\"de\",\"potentialAction\":[{\"@type\":\"ReadAction\",\"target\":[\"https:\/\/alfequipment.com\/product\/jm60-vertical-colloid-grinder-and-industrial-colloidal-nut-almond-grinding-machine\/\"]}]},{\"@type\":\"ImageObject\",\"inLanguage\":\"de\",\"@id\":\"https:\/\/alfequipment.com\/product\/jm60-vertical-colloid-grinder-and-industrial-colloidal-nut-almond-grinding-machine\/#primaryimage\",\"url\":\"https:\/\/alfequipment.com\/wp-content\/uploads\/2025\/01\/JM60-Vertical-colloid-grinder-and-Industrial-colloidal.jpg\",\"contentUrl\":\"https:\/\/alfequipment.com\/wp-content\/uploads\/2025\/01\/JM60-Vertical-colloid-grinder-and-Industrial-colloidal.jpg\",\"width\":800,\"height\":800},{\"@type\":\"BreadcrumbList\",\"@id\":\"https:\/\/alfequipment.com\/product\/jm60-vertical-colloid-grinder-and-industrial-colloidal-nut-almond-grinding-machine\/#breadcrumb\",\"itemListElement\":[{\"@type\":\"ListItem\",\"position\":1,\"name\":\"Home\",\"item\":\"https:\/\/alfequipment.com\/\"},{\"@type\":\"ListItem\",\"position\":2,\"name\":\"Shop\",\"item\":\"https:\/\/alfequipment.com\/shop\/\"},{\"@type\":\"ListItem\",\"position\":3,\"name\":\"JM60 Vertical colloid grinder and Industrial colloidal nut almond grinding machine\"}]},{\"@type\":\"WebSite\",\"@id\":\"https:\/\/alfequipment.com\/#website\",\"url\":\"https:\/\/alfequipment.com\/\",\"name\":\"ALF PACK\",\"description\":\"\",\"publisher\":{\"@id\":\"https:\/\/alfequipment.com\/#organization\"},\"potentialAction\":[{\"@type\":\"SearchAction\",\"target\":{\"@type\":\"EntryPoint\",\"urlTemplate\":\"https:\/\/alfequipment.com\/?s={search_term_string}\"},\"query-input\":{\"@type\":\"PropertyValueSpecification\",\"valueRequired\":true,\"valueName\":\"search_term_string\"}}],\"inLanguage\":\"de\"},{\"@type\":\"Organization\",\"@id\":\"https:\/\/alfequipment.com\/#organization\",\"name\":\"ALF PACK\",\"url\":\"https:\/\/alfequipment.com\/\",\"logo\":{\"@type\":\"ImageObject\",\"inLanguage\":\"de\",\"@id\":\"https:\/\/alfequipment.com\/#\/schema\/logo\/image\/\",\"url\":\"https:\/\/alfequipment.com\/wp-content\/uploads\/2024\/11\/ALFlogo-2.webp\",\"contentUrl\":\"https:\/\/alfequipment.com\/wp-content\/uploads\/2024\/11\/ALFlogo-2.webp\",\"width\":758,\"height\":750,\"caption\":\"ALF PACK\"},\"image\":{\"@id\":\"https:\/\/alfequipment.com\/#\/schema\/logo\/image\/\"}}]}<\/script>\n<!-- \/ Yoast SEO Premium plugin. -->","yoast_head_json":{"title":"JM60 Vertikale Kolloidm\u00fchle und industrielle kolloidale Nuss-Mandel-M\u00fchle - ALF PACK","robots":{"index":"index","follow":"follow","max-snippet":"max-snippet:-1","max-image-preview":"max-image-preview:large","max-video-preview":"max-video-preview:-1"},"canonical":"https:\/\/alfequipment.com\/de\/product\/jm60-vertikale-kolloidale-muhle-und-industrielle-kolloidale-nuss-mandel-schleifmaschine\/","og_locale":"de_DE","og_type":"article","og_title":"JM60 Vertical colloid grinder and Industrial colloidal nut almond grinding machine","og_description":"Jm-60 Vertical Colloid Grinder (easy Operation)","og_url":"https:\/\/alfequipment.com\/de\/product\/jm60-vertikale-kolloidale-muhle-und-industrielle-kolloidale-nuss-mandel-schleifmaschine\/","og_site_name":"ALF PACK","article_modified_time":"2025-01-13T13:10:01+00:00","og_image":[{"width":800,"height":800,"url":"https:\/\/alfequipment.com\/wp-content\/uploads\/2025\/01\/JM60-Vertical-colloid-grinder-and-Industrial-colloidal.jpg","type":"image\/webp"}],"twitter_card":"summary_large_image","twitter_misc":{"Gesch\u00e4tzte Lesezeit":"1\u00a0Minute"},"schema":{"@context":"https:\/\/schema.org","@graph":[{"@type":"WebPage","@id":"https:\/\/alfequipment.com\/product\/jm60-vertical-colloid-grinder-and-industrial-colloidal-nut-almond-grinding-machine\/","url":"https:\/\/alfequipment.com\/product\/jm60-vertical-colloid-grinder-and-industrial-colloidal-nut-almond-grinding-machine\/","name":"JM60 Vertikale Kolloidm\u00fchle und industrielle kolloidale Nuss-Mandel-M\u00fchle - ALF PACK","isPartOf":{"@id":"https:\/\/alfequipment.com\/#website"},"primaryImageOfPage":{"@id":"https:\/\/alfequipment.com\/product\/jm60-vertical-colloid-grinder-and-industrial-colloidal-nut-almond-grinding-machine\/#primaryimage"},"image":{"@id":"https:\/\/alfequipment.com\/product\/jm60-vertical-colloid-grinder-and-industrial-colloidal-nut-almond-grinding-machine\/#primaryimage"},"thumbnailUrl":"https:\/\/alfequipment.com\/wp-content\/uploads\/2025\/01\/JM60-Vertical-colloid-grinder-and-Industrial-colloidal.jpg","datePublished":"2025-01-01T05:57:55+00:00","dateModified":"2025-01-13T13:10:01+00:00","breadcrumb":{"@id":"https:\/\/alfequipment.com\/product\/jm60-vertical-colloid-grinder-and-industrial-colloidal-nut-almond-grinding-machine\/#breadcrumb"},"inLanguage":"de","potentialAction":[{"@type":"ReadAction","target":["https:\/\/alfequipment.com\/product\/jm60-vertical-colloid-grinder-and-industrial-colloidal-nut-almond-grinding-machine\/"]}]},{"@type":"ImageObject","inLanguage":"de","@id":"https:\/\/alfequipment.com\/product\/jm60-vertical-colloid-grinder-and-industrial-colloidal-nut-almond-grinding-machine\/#primaryimage","url":"https:\/\/alfequipment.com\/wp-content\/uploads\/2025\/01\/JM60-Vertical-colloid-grinder-and-Industrial-colloidal.jpg","contentUrl":"https:\/\/alfequipment.com\/wp-content\/uploads\/2025\/01\/JM60-Vertical-colloid-grinder-and-Industrial-colloidal.jpg","width":800,"height":800},{"@type":"BreadcrumbList","@id":"https:\/\/alfequipment.com\/product\/jm60-vertical-colloid-grinder-and-industrial-colloidal-nut-almond-grinding-machine\/#breadcrumb","itemListElement":[{"@type":"ListItem","position":1,"name":"Home","item":"https:\/\/alfequipment.com\/"},{"@type":"ListItem","position":2,"name":"Shop","item":"https:\/\/alfequipment.com\/shop\/"},{"@type":"ListItem","position":3,"name":"JM60 Vertical colloid grinder and Industrial colloidal nut almond grinding machine"}]},{"@type":"WebSite","@id":"https:\/\/alfequipment.com\/#website","url":"https:\/\/alfequipment.com\/","name":"ALF PACK","description":"","publisher":{"@id":"https:\/\/alfequipment.com\/#organization"},"potentialAction":[{"@type":"SearchAction","target":{"@type":"EntryPoint","urlTemplate":"https:\/\/alfequipment.com\/?s={search_term_string}"},"query-input":{"@type":"PropertyValueSpecification","valueRequired":true,"valueName":"search_term_string"}}],"inLanguage":"de"},{"@type":"Organization","@id":"https:\/\/alfequipment.com\/#organization","name":"ALF PACK","url":"https:\/\/alfequipment.com\/","logo":{"@type":"ImageObject","inLanguage":"de","@id":"https:\/\/alfequipment.com\/#\/schema\/logo\/image\/","url":"https:\/\/alfequipment.com\/wp-content\/uploads\/2024\/11\/ALFlogo-2.webp","contentUrl":"https:\/\/alfequipment.com\/wp-content\/uploads\/2024\/11\/ALFlogo-2.webp","width":758,"height":750,"caption":"ALF PACK"},"image":{"@id":"https:\/\/alfequipment.com\/#\/schema\/logo\/image\/"}}]}},"_links":{"self":[{"href":"https:\/\/alfequipment.com\/de\/wp-json\/wp\/v2\/product\/3026","targetHints":{"allow":["GET"]}}],"collection":[{"href":"https:\/\/alfequipment.com\/de\/wp-json\/wp\/v2\/product"}],"about":[{"href":"https:\/\/alfequipment.com\/de\/wp-json\/wp\/v2\/types\/product"}],"replies":[{"embeddable":true,"href":"https:\/\/alfequipment.com\/de\/wp-json\/wp\/v2\/comments?post=3026"}],"version-history":[{"count":0,"href":"https:\/\/alfequipment.com\/de\/wp-json\/wp\/v2\/product\/3026\/revisions"}],"wp:featuredmedia":[{"embeddable":true,"href":"https:\/\/alfequipment.com\/de\/wp-json\/wp\/v2\/media\/2886"}],"wp:attachment":[{"href":"https:\/\/alfequipment.com\/de\/wp-json\/wp\/v2\/media?parent=3026"}],"wp:term":[{"taxonomy":"product_brand","embeddable":true,"href":"https:\/\/alfequipment.com\/de\/wp-json\/wp\/v2\/product_brand?post=3026"},{"taxonomy":"product_cat","embeddable":true,"href":"https:\/\/alfequipment.com\/de\/wp-json\/wp\/v2\/product_cat?post=3026"},{"taxonomy":"product_tag","embeddable":true,"href":"https:\/\/alfequipment.com\/de\/wp-json\/wp\/v2\/product_tag?post=3026"}],"curies":[{"name":"wp","href":"https:\/\/api.w.org\/{rel}","templated":true}]}}