{"id":3027,"date":"2025-01-08T22:25:21","date_gmt":"2025-01-08T22:25:21","guid":{"rendered":"https:\/\/alfequipment.com\/product\/bse5040a-pe-film-heat-shrink-packaging-machine-shrink-tunnel\/"},"modified":"2025-01-14T03:14:09","modified_gmt":"2025-01-14T03:14:09","slug":"bse5040a-pe-folie-warmeschrumpfen-verpackungsmaschine-schrumpft-tunnel","status":"publish","type":"product","link":"https:\/\/alfequipment.com\/de\/product\/bse5040a-pe-folie-warmeschrumpfen-verpackungsmaschine-schrumpft-tunnel\/","title":{"rendered":"BSE5040A PE-Folie W\u00e4rmeschrumpfende Verpackungsmaschine \/ Schrumpftunnel"},"content":{"rendered":"<div data-magic-global=\"%7B%22bizId%22%3A17179933680%2C%22pageId%22%3A21049445173%2C%22siteId%22%3A5005331025%7D\" id=\"detail_decorate_root\">\n<div module-id=\"28449698602\" module-title=\"detailProductNavigation\" render=\"true\" class=\"J_module\">\n<div id=\"ali-anchor-AliMagic-6yvs8h\" data-section=\"AliMagic-6yvs8h\" data-section-title=\"Product Description\" class=\"magic-0\">1. die Maschine verf\u00fcgt \u00fcber einen digitalen Temperaturregler, der die Bedienung erleichtert.&nbsp;<\/div>\n<\/div>\n<div module-id=\"28449698603\" module-title=\"detailTextWithTitle\" render=\"true\" class=\"J_module\">\n<div class=\"detail-decorate-json-renderer-container\">\n<div class=\"magic-1\">\n<div class=\"magic-4\">\n<div class=\"magic-5\">\n<div class=\"magic-6\">\n<p class=\"magic-7\"><\/p>\n<p class=\"magic-7\">2. die Quarz-Heizrohre befinden sich oben, unten und an den Seiten des Schrumpftunnels.<\/p>\n<p>3. zwei Ventilatoren im Stromkasten k\u00fchlen den Stromkasten ab, um die Elektronik zu sch\u00fctzen.<\/p>\n<p>4. der F\u00f6rdermotor wird durch einen Ventilator an der Unterseite abgek\u00fchlt.<\/p>\n<p>5. der leistungsstarke Ventilator erzeugt einen gleichm\u00e4\u00dfigen Hei\u00dfluftstrom im Schrumpftunnel.<\/p>\n<p>6. die Geschwindigkeit des F\u00f6rderers ist einstellbar.<\/p>\n<p>7. hat F\u00f6rderer Option der Kette Rolle und Eisen Netz F\u00f6rderer f\u00fcr Wahl.<\/p>\n<\/p><\/div>\n<\/p><\/div>\n<\/p><\/div>\n<\/p><\/div>\n<\/p><\/div>\n<\/p><\/div>\n<div module-id=\"28449698604\" module-title=\"detailTableHightLight\" render=\"true\" class=\"J_module\">\n<div class=\"ife-detail-decorate-table\">\n<table class=\"all magic-8\">\n<tbody>\n<tr>\n<td>\n<div class=\"magic-9\">\n        Modell\n       <\/div>\n<\/td>\n<td>\n<div class=\"magic-10\">\n        BSE5040A\n       <\/div>\n<\/td>\n<\/tr>\n<tr>\n<td>\n<div class=\"magic-9\">\n        Stromversorgung\n       <\/div>\n<\/td>\n<td>\n<div class=\"magic-10\">\n        3 Phasen 220V\/380V 50\/60HZ\n       <\/div>\n<\/td>\n<\/tr>\n<tr>\n<td>\n<div class=\"magic-9\">\n        Leistung des Heizger\u00e4ts\n       <\/div>\n<\/td>\n<td>\n<div class=\"magic-10\">\n        20KW\n       <\/div>\n<\/td>\n<\/tr>\n<tr>\n<td>\n<div class=\"magic-9\">\n        Geschwindigkeit des F\u00f6rderbandes\n       <\/div>\n<\/td>\n<td>\n<div class=\"magic-10\">\n        0-10m\/Minute\n       <\/div>\n<\/td>\n<\/tr>\n<tr>\n<td>\n<div class=\"magic-9\">\n        Tunnelgr\u00f6\u00dfe (L*B*H)\n       <\/div>\n<\/td>\n<td>\n<div class=\"magic-10\">\n        1500*500*460MM\n       <\/div>\n<\/td>\n<\/tr>\n<tr>\n<td>\n<div class=\"magic-9\">\n        Beladung des F\u00f6rderbandes\n       <\/div>\n<\/td>\n<td>\n<div class=\"magic-10\">\n        25KGS\n       <\/div>\n<\/td>\n<\/tr>\n<tr>\n<td>\n<div class=\"magic-9\">\n        Gr\u00f6\u00dfe der Maschine\n       <\/div>\n<\/td>\n<td>\n<div class=\"magic-10\">\n        2500*820*1680MM\n       <\/div>\n<\/td>\n<\/tr>\n<tr>\n<td>\n<div class=\"magic-9\">\n        Gewicht der Maschine\n       <\/div>\n<\/td>\n<td>\n<div class=\"magic-10\">\n        470KG\n       <\/div>\n<\/td>\n<\/tr>\n<tr>\n<td>\n<div class=\"magic-9\">\n        Filmmaterial\n       <\/div>\n<\/td>\n<td>\n<div class=\"magic-10\">\n        PE, POF, PVC, PP\n       <\/div>\n<\/td>\n<\/tr>\n<\/tbody>\n<\/table><\/div>\n<\/p><\/div>\n<div module-id=\"28449698605\" module-title=\"detailSingleImage\" render=\"true\" class=\"J_module\">\n<div class=\"icbu-pc-images magic-11\">\n<div>\n<div class=\"flex-layout-v\">\n<div class=\"flex-layout-h magic-11\">\n<div class=\"magic-12\">\n       <img decoding=\"async\" src=\"https:\/\/sc02.alicdn.com\/kf\/HTB1JNZ.ayjrK1RjSsplq6xHmVXas\/64496\/HTB1JNZ.ayjrK1RjSsplq6xHmVXas.jpg\" class=\"aligncenter\">\n      <\/div>\n<\/p><\/div>\n<\/p><\/div>\n<\/p><\/div>\n<\/p><\/div>\n<\/p><\/div>\n<div module-id=\"28449698606\" module-title=\"detailVerticalImages\" render=\"true\" class=\"J_module\">\n<div class=\"icbu-pc-images magic-11\">\n<div>\n<div class=\"flex-layout-v\">\n<div class=\"magic-14\">\n      <img decoding=\"async\" src=\"https:\/\/sc02.alicdn.com\/kf\/HTB1_mlbaJfvK1RjSszhq6AcGFXar\/64496\/HTB1_mlbaJfvK1RjSszhq6AcGFXar.jpg\" class=\"aligncenter\">\n     <\/div>\n<div class=\"flex-layout-h magic-11\">\n<div class=\"magic-16\">\n       <img decoding=\"async\" src=\"https:\/\/sc01.alicdn.com\/kf\/HTB1egVaaUzrK1RjSspmq6AOdFXaL\/64496\/HTB1egVaaUzrK1RjSspmq6AOdFXaL.jpg\" class=\"aligncenter\">\n      <\/div>\n<div class=\"magic-18\">\n       <img decoding=\"async\" src=\"https:\/\/sc02.alicdn.com\/kf\/HTB1i9s1aEvrK1RjSspcq6zzSXXaO\/64496\/HTB1i9s1aEvrK1RjSspcq6zzSXXaO.jpg\" class=\"aligncenter\">\n      <\/div>\n<\/p><\/div>\n<\/p><\/div>\n<\/p><\/div>\n<\/p><\/div>\n<\/p><\/div>\n<div module-id=\"28449698607\" module-title=\"detailSingleImage\" render=\"true\" class=\"J_module\">\n<div class=\"icbu-pc-images magic-11\">\n<div>\n<div class=\"flex-layout-v\">\n<div class=\"flex-layout-h magic-11\">\n<div class=\"magic-20\">\n       <img decoding=\"async\" src=\"https:\/\/sc02.alicdn.com\/kf\/HTB1u5w_azDuK1RjSszdq6xGLpXam\/64496\/HTB1u5w_azDuK1RjSszdq6xGLpXam.jpg\" class=\"aligncenter\">\n      <\/div>\n<\/p><\/div>\n<\/p><\/div>\n<\/p><\/div>\n<\/p><\/div>\n<\/p><\/div>\n<\/div>","protected":false},"excerpt":{"rendered":"<p>Pe Folie W\u00e4rmeschrumpfende Verpackungsmaschine<\/p>","protected":false},"featured_media":2888,"comment_status":"closed","ping_status":"open","template":"","meta":[],"product_brand":[],"product_cat":[112,123],"product_tag":[],"class_list":{"0":"post-3027","1":"product","2":"type-product","3":"status-publish","4":"has-post-thumbnail","6":"product_cat-other-packaging-machines","7":"product_cat-shrink-tunnels","9":"first","10":"instock","11":"sale","12":"purchasable","13":"product-type-simple"},"yoast_head":"<!-- This site is optimized with the Yoast SEO Premium plugin v20.9 (Yoast SEO v26.5) - https:\/\/yoast.com\/wordpress\/plugins\/seo\/ -->\n<title>BSE5040A PE film Heat Shrink packaging machine \/ shrink tunnel - ALF PACK<\/title>\n<meta name=\"robots\" content=\"index, follow, max-snippet:-1, max-image-preview:large, max-video-preview:-1\" \/>\n<link rel=\"canonical\" href=\"https:\/\/alfequipment.com\/de\/product\/bse5040a-pe-folie-warmeschrumpfen-verpackungsmaschine-schrumpft-tunnel\/\" \/>\n<meta property=\"og:locale\" content=\"de_DE\" \/>\n<meta property=\"og:type\" content=\"article\" \/>\n<meta property=\"og:title\" content=\"BSE5040A PE film Heat Shrink packaging machine \/ shrink tunnel\" \/>\n<meta property=\"og:description\" content=\"Pe Film Heat Shrink Packaging Machine\" \/>\n<meta property=\"og:url\" content=\"https:\/\/alfequipment.com\/de\/product\/bse5040a-pe-folie-warmeschrumpfen-verpackungsmaschine-schrumpft-tunnel\/\" \/>\n<meta property=\"og:site_name\" content=\"ALF PACK\" \/>\n<meta property=\"article:modified_time\" content=\"2025-01-14T03:14:09+00:00\" \/>\n<meta property=\"og:image\" content=\"https:\/\/alfequipment.com\/wp-content\/uploads\/2025\/01\/BSE5040A-PE-film-Heat-Shrink-packaging-machine.jpg\" \/>\n\t<meta property=\"og:image:width\" content=\"800\" \/>\n\t<meta property=\"og:image:height\" content=\"800\" \/>\n\t<meta property=\"og:image:type\" content=\"image\/webp\" \/>\n<meta name=\"twitter:card\" content=\"summary_large_image\" \/>\n<meta name=\"twitter:label1\" content=\"Gesch\u00e4tzte Lesezeit\" \/>\n\t<meta name=\"twitter:data1\" content=\"1\u00a0Minute\" \/>\n<script type=\"application\/ld+json\" class=\"yoast-schema-graph\">{\"@context\":\"https:\/\/schema.org\",\"@graph\":[{\"@type\":\"WebPage\",\"@id\":\"https:\/\/alfequipment.com\/product\/bse5040a-pe-film-heat-shrink-packaging-machine-shrink-tunnel\/\",\"url\":\"https:\/\/alfequipment.com\/product\/bse5040a-pe-film-heat-shrink-packaging-machine-shrink-tunnel\/\",\"name\":\"BSE5040A PE film Heat Shrink packaging machine \/ shrink tunnel - ALF PACK\",\"isPartOf\":{\"@id\":\"https:\/\/alfequipment.com\/#website\"},\"primaryImageOfPage\":{\"@id\":\"https:\/\/alfequipment.com\/product\/bse5040a-pe-film-heat-shrink-packaging-machine-shrink-tunnel\/#primaryimage\"},\"image\":{\"@id\":\"https:\/\/alfequipment.com\/product\/bse5040a-pe-film-heat-shrink-packaging-machine-shrink-tunnel\/#primaryimage\"},\"thumbnailUrl\":\"https:\/\/alfequipment.com\/wp-content\/uploads\/2025\/01\/BSE5040A-PE-film-Heat-Shrink-packaging-machine.jpg\",\"datePublished\":\"2025-01-08T22:25:21+00:00\",\"dateModified\":\"2025-01-14T03:14:09+00:00\",\"breadcrumb\":{\"@id\":\"https:\/\/alfequipment.com\/product\/bse5040a-pe-film-heat-shrink-packaging-machine-shrink-tunnel\/#breadcrumb\"},\"inLanguage\":\"de\",\"potentialAction\":[{\"@type\":\"ReadAction\",\"target\":[\"https:\/\/alfequipment.com\/product\/bse5040a-pe-film-heat-shrink-packaging-machine-shrink-tunnel\/\"]}]},{\"@type\":\"ImageObject\",\"inLanguage\":\"de\",\"@id\":\"https:\/\/alfequipment.com\/product\/bse5040a-pe-film-heat-shrink-packaging-machine-shrink-tunnel\/#primaryimage\",\"url\":\"https:\/\/alfequipment.com\/wp-content\/uploads\/2025\/01\/BSE5040A-PE-film-Heat-Shrink-packaging-machine.jpg\",\"contentUrl\":\"https:\/\/alfequipment.com\/wp-content\/uploads\/2025\/01\/BSE5040A-PE-film-Heat-Shrink-packaging-machine.jpg\",\"width\":800,\"height\":800},{\"@type\":\"BreadcrumbList\",\"@id\":\"https:\/\/alfequipment.com\/product\/bse5040a-pe-film-heat-shrink-packaging-machine-shrink-tunnel\/#breadcrumb\",\"itemListElement\":[{\"@type\":\"ListItem\",\"position\":1,\"name\":\"Home\",\"item\":\"https:\/\/alfequipment.com\/\"},{\"@type\":\"ListItem\",\"position\":2,\"name\":\"Shop\",\"item\":\"https:\/\/alfequipment.com\/shop\/\"},{\"@type\":\"ListItem\",\"position\":3,\"name\":\"BSE5040A PE film Heat Shrink packaging machine \/ shrink tunnel\"}]},{\"@type\":\"WebSite\",\"@id\":\"https:\/\/alfequipment.com\/#website\",\"url\":\"https:\/\/alfequipment.com\/\",\"name\":\"ALF PACK\",\"description\":\"\",\"publisher\":{\"@id\":\"https:\/\/alfequipment.com\/#organization\"},\"potentialAction\":[{\"@type\":\"SearchAction\",\"target\":{\"@type\":\"EntryPoint\",\"urlTemplate\":\"https:\/\/alfequipment.com\/?s={search_term_string}\"},\"query-input\":{\"@type\":\"PropertyValueSpecification\",\"valueRequired\":true,\"valueName\":\"search_term_string\"}}],\"inLanguage\":\"de\"},{\"@type\":\"Organization\",\"@id\":\"https:\/\/alfequipment.com\/#organization\",\"name\":\"ALF PACK\",\"url\":\"https:\/\/alfequipment.com\/\",\"logo\":{\"@type\":\"ImageObject\",\"inLanguage\":\"de\",\"@id\":\"https:\/\/alfequipment.com\/#\/schema\/logo\/image\/\",\"url\":\"https:\/\/alfequipment.com\/wp-content\/uploads\/2024\/11\/ALFlogo-2.webp\",\"contentUrl\":\"https:\/\/alfequipment.com\/wp-content\/uploads\/2024\/11\/ALFlogo-2.webp\",\"width\":758,\"height\":750,\"caption\":\"ALF PACK\"},\"image\":{\"@id\":\"https:\/\/alfequipment.com\/#\/schema\/logo\/image\/\"}}]}<\/script>\n<!-- \/ Yoast SEO Premium plugin. -->","yoast_head_json":{"title":"BSE5040A PE-Folie W\u00e4rmeschrumpfende Verpackungsmaschine \/ Schrumpftunnel - ALF PACK","robots":{"index":"index","follow":"follow","max-snippet":"max-snippet:-1","max-image-preview":"max-image-preview:large","max-video-preview":"max-video-preview:-1"},"canonical":"https:\/\/alfequipment.com\/de\/product\/bse5040a-pe-folie-warmeschrumpfen-verpackungsmaschine-schrumpft-tunnel\/","og_locale":"de_DE","og_type":"article","og_title":"BSE5040A PE film Heat Shrink packaging machine \/ shrink tunnel","og_description":"Pe Film Heat Shrink Packaging Machine","og_url":"https:\/\/alfequipment.com\/de\/product\/bse5040a-pe-folie-warmeschrumpfen-verpackungsmaschine-schrumpft-tunnel\/","og_site_name":"ALF PACK","article_modified_time":"2025-01-14T03:14:09+00:00","og_image":[{"width":800,"height":800,"url":"https:\/\/alfequipment.com\/wp-content\/uploads\/2025\/01\/BSE5040A-PE-film-Heat-Shrink-packaging-machine.jpg","type":"image\/webp"}],"twitter_card":"summary_large_image","twitter_misc":{"Gesch\u00e4tzte Lesezeit":"1\u00a0Minute"},"schema":{"@context":"https:\/\/schema.org","@graph":[{"@type":"WebPage","@id":"https:\/\/alfequipment.com\/product\/bse5040a-pe-film-heat-shrink-packaging-machine-shrink-tunnel\/","url":"https:\/\/alfequipment.com\/product\/bse5040a-pe-film-heat-shrink-packaging-machine-shrink-tunnel\/","name":"BSE5040A PE-Folie W\u00e4rmeschrumpfende Verpackungsmaschine \/ Schrumpftunnel - ALF PACK","isPartOf":{"@id":"https:\/\/alfequipment.com\/#website"},"primaryImageOfPage":{"@id":"https:\/\/alfequipment.com\/product\/bse5040a-pe-film-heat-shrink-packaging-machine-shrink-tunnel\/#primaryimage"},"image":{"@id":"https:\/\/alfequipment.com\/product\/bse5040a-pe-film-heat-shrink-packaging-machine-shrink-tunnel\/#primaryimage"},"thumbnailUrl":"https:\/\/alfequipment.com\/wp-content\/uploads\/2025\/01\/BSE5040A-PE-film-Heat-Shrink-packaging-machine.jpg","datePublished":"2025-01-08T22:25:21+00:00","dateModified":"2025-01-14T03:14:09+00:00","breadcrumb":{"@id":"https:\/\/alfequipment.com\/product\/bse5040a-pe-film-heat-shrink-packaging-machine-shrink-tunnel\/#breadcrumb"},"inLanguage":"de","potentialAction":[{"@type":"ReadAction","target":["https:\/\/alfequipment.com\/product\/bse5040a-pe-film-heat-shrink-packaging-machine-shrink-tunnel\/"]}]},{"@type":"ImageObject","inLanguage":"de","@id":"https:\/\/alfequipment.com\/product\/bse5040a-pe-film-heat-shrink-packaging-machine-shrink-tunnel\/#primaryimage","url":"https:\/\/alfequipment.com\/wp-content\/uploads\/2025\/01\/BSE5040A-PE-film-Heat-Shrink-packaging-machine.jpg","contentUrl":"https:\/\/alfequipment.com\/wp-content\/uploads\/2025\/01\/BSE5040A-PE-film-Heat-Shrink-packaging-machine.jpg","width":800,"height":800},{"@type":"BreadcrumbList","@id":"https:\/\/alfequipment.com\/product\/bse5040a-pe-film-heat-shrink-packaging-machine-shrink-tunnel\/#breadcrumb","itemListElement":[{"@type":"ListItem","position":1,"name":"Home","item":"https:\/\/alfequipment.com\/"},{"@type":"ListItem","position":2,"name":"Shop","item":"https:\/\/alfequipment.com\/shop\/"},{"@type":"ListItem","position":3,"name":"BSE5040A PE film Heat Shrink packaging machine \/ shrink tunnel"}]},{"@type":"WebSite","@id":"https:\/\/alfequipment.com\/#website","url":"https:\/\/alfequipment.com\/","name":"ALF PACK","description":"","publisher":{"@id":"https:\/\/alfequipment.com\/#organization"},"potentialAction":[{"@type":"SearchAction","target":{"@type":"EntryPoint","urlTemplate":"https:\/\/alfequipment.com\/?s={search_term_string}"},"query-input":{"@type":"PropertyValueSpecification","valueRequired":true,"valueName":"search_term_string"}}],"inLanguage":"de"},{"@type":"Organization","@id":"https:\/\/alfequipment.com\/#organization","name":"ALF PACK","url":"https:\/\/alfequipment.com\/","logo":{"@type":"ImageObject","inLanguage":"de","@id":"https:\/\/alfequipment.com\/#\/schema\/logo\/image\/","url":"https:\/\/alfequipment.com\/wp-content\/uploads\/2024\/11\/ALFlogo-2.webp","contentUrl":"https:\/\/alfequipment.com\/wp-content\/uploads\/2024\/11\/ALFlogo-2.webp","width":758,"height":750,"caption":"ALF PACK"},"image":{"@id":"https:\/\/alfequipment.com\/#\/schema\/logo\/image\/"}}]}},"_links":{"self":[{"href":"https:\/\/alfequipment.com\/de\/wp-json\/wp\/v2\/product\/3027","targetHints":{"allow":["GET"]}}],"collection":[{"href":"https:\/\/alfequipment.com\/de\/wp-json\/wp\/v2\/product"}],"about":[{"href":"https:\/\/alfequipment.com\/de\/wp-json\/wp\/v2\/types\/product"}],"replies":[{"embeddable":true,"href":"https:\/\/alfequipment.com\/de\/wp-json\/wp\/v2\/comments?post=3027"}],"version-history":[{"count":0,"href":"https:\/\/alfequipment.com\/de\/wp-json\/wp\/v2\/product\/3027\/revisions"}],"wp:featuredmedia":[{"embeddable":true,"href":"https:\/\/alfequipment.com\/de\/wp-json\/wp\/v2\/media\/2888"}],"wp:attachment":[{"href":"https:\/\/alfequipment.com\/de\/wp-json\/wp\/v2\/media?parent=3027"}],"wp:term":[{"taxonomy":"product_brand","embeddable":true,"href":"https:\/\/alfequipment.com\/de\/wp-json\/wp\/v2\/product_brand?post=3027"},{"taxonomy":"product_cat","embeddable":true,"href":"https:\/\/alfequipment.com\/de\/wp-json\/wp\/v2\/product_cat?post=3027"},{"taxonomy":"product_tag","embeddable":true,"href":"https:\/\/alfequipment.com\/de\/wp-json\/wp\/v2\/product_tag?post=3027"}],"curies":[{"name":"wp","href":"https:\/\/api.w.org\/{rel}","templated":true}]}}