{"id":3028,"date":"2024-12-07T08:50:16","date_gmt":"2024-12-07T08:50:16","guid":{"rendered":"https:\/\/alfequipment.com\/product\/bse5038-thermal-shrink-packaging-machine\/"},"modified":"2025-01-14T03:11:44","modified_gmt":"2025-01-14T03:11:44","slug":"bse5038-thermisch-schrumpfende-verpackungsmaschine","status":"publish","type":"product","link":"https:\/\/alfequipment.com\/de\/product\/bse5038-thermisch-schrumpfende-verpackungsmaschine\/","title":{"rendered":"BSE5038 Thermisch schrumpfende Verpackungsmaschine"},"content":{"rendered":"<div data-magic-global=\"%7B%22bizId%22%3A17179933680%2C%22pageId%22%3A21055329971%2C%22siteId%22%3A5005331025%7D\" id=\"detail_decorate_root\">\n<div module-id=\"28469991356\" module-title=\"detailProductNavigation\" render=\"true\" class=\"J_module\">\n<div id=\"ali-anchor-AliMagic-cq93ew\" data-section=\"AliMagic-cq93ew\" data-section-title=\"Product Description\" class=\"magic-0\">Die PE-Folien-Schrumpfverpackungsmaschine der Serie BSE ist speziell f\u00fcr PE-Schrumpffolie konzipiert. Sie ist jedoch auch f\u00fcr andere Arten von Schrumpffolien geeignet. Die Maschine verf\u00fcgt \u00fcber einen digitalen Temperaturregler, der die Bedienung erleichtert. Quarz-Heizrohre befinden sich oben, unten und an den Seiten des Schrumpftunnels. Zwei Ventilatoren im Stromkasten k\u00fchlen den Stromkasten ab, um die Elektronik zu sch\u00fctzen. Der F\u00f6rdermotor wird durch den darunter befindlichen Ventilator gek\u00fchlt. Der leistungsstarke Ventilator erzeugt einen gleichm\u00e4\u00dfigen Warmluftstrom im Schrumpftunnel. Die Geschwindigkeit des F\u00f6rderers ist einstellbar. Der F\u00f6rderer kann wahlweise mit einer Kettenrolle oder einem Eisennetzf\u00f6rderer ausgestattet werden.<\/div>\n<\/div>\n<div module-id=\"28469991358\" module-title=\"detailTableHightLight\" render=\"true\" class=\"J_module\">\n<div class=\"ife-detail-decorate-table\">\n<table class=\"all magic-8\">\n<tbody>\n<tr>\n<td>\n<div class=\"magic-9\">\n        Modell\n       <\/div>\n<\/td>\n<td>\n<div class=\"magic-10\">\n        BSE5038\n       <\/div>\n<\/td>\n<\/tr>\n<tr>\n<td>\n<div class=\"magic-9\">\n        Stromversorgung\n       <\/div>\n<\/td>\n<td>\n<div class=\"magic-10\">\n        3 Phasen 220V\/380V 50-60HZ\n       <\/div>\n<\/td>\n<\/tr>\n<tr>\n<td>\n<div class=\"magic-9\">\n        Leistung des Heizger\u00e4ts\n       <\/div>\n<\/td>\n<td>\n<div class=\"magic-10\">\n        20KW Einsteller\n       <\/div>\n<\/td>\n<\/tr>\n<tr>\n<td>\n<div class=\"magic-9\">\n        Geschwindigkeit des F\u00f6rderbandes\n       <\/div>\n<\/td>\n<td>\n<div class=\"magic-10\">\n        0-10m\/Minute\n       <\/div>\n<\/td>\n<\/tr>\n<tr>\n<td>\n<div class=\"magic-9\">\n        Tunnelgr\u00f6\u00dfe (L*B*H)\n       <\/div>\n<\/td>\n<td>\n<div class=\"magic-10\">\n        1200*500*380mm\n       <\/div>\n<\/td>\n<\/tr>\n<tr>\n<td>\n<div class=\"magic-9\">\n        Beladung des F\u00f6rderbandes\n       <\/div>\n<\/td>\n<td>\n<div class=\"magic-10\">\n        25KGS MAX.\n       <\/div>\n<\/td>\n<\/tr>\n<tr>\n<td>\n<div class=\"magic-9\">\n        Gr\u00f6\u00dfe der Maschine\n       <\/div>\n<\/td>\n<td>\n<div class=\"magic-10\">\n        2200*780*1470mm\n       <\/div>\n<\/td>\n<\/tr>\n<tr>\n<td>\n<div class=\"magic-9\">\n        Gewicht der Maschine\n       <\/div>\n<\/td>\n<td>\n<div class=\"magic-10\">\n        250KG\n       <\/div>\n<\/td>\n<\/tr>\n<tr>\n<td>\n<div class=\"magic-9\">\n        Schrumpffolie\n       <\/div>\n<\/td>\n<td>\n<div class=\"magic-10\">\n        PE, POF, PVC, PP\n       <\/div>\n<\/td>\n<\/tr>\n<\/tbody>\n<\/table><\/div>\n<\/p><\/div>\n<div module-id=\"28469991359\" module-title=\"detailSingleImage\" render=\"true\" class=\"J_module\">\n<div class=\"icbu-pc-images magic-11\">\n<div>\n<div class=\"flex-layout-v\">\n<div class=\"flex-layout-h magic-11\">\n<div class=\"magic-12\">\n       <img decoding=\"async\" src=\"https:\/\/sc01.alicdn.com\/kf\/HTB1wBV7aInrK1RjSspkq6yuvXXaw\/64496\/HTB1wBV7aInrK1RjSspkq6yuvXXaw.jpg\" class=\"aligncenter\">\n      <\/div>\n<\/p><\/div>\n<\/p><\/div>\n<\/p><\/div>\n<\/p><\/div>\n<\/p><\/div>\n<div module-id=\"28469991360\" module-title=\"detailVerticalImages\" render=\"true\" class=\"J_module\">\n<div class=\"icbu-pc-images magic-11\">\n<div>\n<div class=\"flex-layout-v\">\n<div class=\"magic-14\">\n      <img decoding=\"async\" src=\"https:\/\/sc02.alicdn.com\/kf\/HTB1zN83aI_vK1Rjy0Foq6xIxVXaf\/64496\/HTB1zN83aI_vK1Rjy0Foq6xIxVXaf.jpg\" class=\"aligncenter\">\n     <\/div>\n<div class=\"flex-layout-h magic-11\">\n<div class=\"magic-16\">\n       <img decoding=\"async\" src=\"https:\/\/sc01.alicdn.com\/kf\/HTB1PZN6aTHuK1RkSndVq6xVwpXaR\/64496\/HTB1PZN6aTHuK1RkSndVq6xVwpXaR.jpg\" class=\"aligncenter\">\n      <\/div>\n<div class=\"magic-18\">\n       <img decoding=\"async\" src=\"https:\/\/sc02.alicdn.com\/kf\/HTB1A8hYaLLsK1Rjy0Fbq6xSEXXaG\/64496\/HTB1A8hYaLLsK1Rjy0Fbq6xSEXXaG.jpg\" class=\"aligncenter\">\n      <\/div>\n<\/p><\/div>\n<\/p><\/div>\n<\/p><\/div>\n<\/p><\/div>\n<\/p><\/div>\n<div module-id=\"28469991361\" module-title=\"detailSingleImage\" render=\"true\" class=\"J_module\">\n<div class=\"icbu-pc-images magic-11\">\n<div>\n<div class=\"flex-layout-v\">\n<div class=\"flex-layout-h magic-11\">\n<div class=\"magic-20\">\n       <img decoding=\"async\" src=\"https:\/\/sc02.alicdn.com\/kf\/HTB1u5w_azDuK1RjSszdq6xGLpXam\/64496\/HTB1u5w_azDuK1RjSszdq6xGLpXam.jpg\" class=\"aligncenter\">\n      <\/div>\n<\/p><\/div>\n<\/p><\/div>\n<\/p><\/div>\n<\/p><\/div>\n<\/p><\/div>\n<\/div>","protected":false},"excerpt":{"rendered":"<p>Schrumpffolienmaschine<\/p>","protected":false},"featured_media":2890,"comment_status":"closed","ping_status":"open","template":"","meta":[],"product_brand":[],"product_cat":[102,123],"product_tag":[],"class_list":{"0":"post-3028","1":"product","2":"type-product","3":"status-publish","4":"has-post-thumbnail","6":"product_cat-packaging-machines","7":"product_cat-shrink-tunnels","9":"first","10":"instock","11":"sale","12":"purchasable","13":"product-type-simple"},"yoast_head":"<!-- This site is optimized with the Yoast SEO Premium plugin v20.9 (Yoast SEO v26.5) - https:\/\/yoast.com\/wordpress\/plugins\/seo\/ -->\n<title>BSE5038 Thermal Shrink Packaging Machine - ALF PACK<\/title>\n<meta name=\"robots\" content=\"index, follow, max-snippet:-1, max-image-preview:large, max-video-preview:-1\" \/>\n<link rel=\"canonical\" href=\"https:\/\/alfequipment.com\/de\/product\/bse5038-thermisch-schrumpfende-verpackungsmaschine\/\" \/>\n<meta property=\"og:locale\" content=\"de_DE\" \/>\n<meta property=\"og:type\" content=\"article\" \/>\n<meta property=\"og:title\" content=\"BSE5038 Thermal Shrink Packaging Machine\" \/>\n<meta property=\"og:description\" content=\"Shrink Film Machine\" \/>\n<meta property=\"og:url\" content=\"https:\/\/alfequipment.com\/de\/product\/bse5038-thermisch-schrumpfende-verpackungsmaschine\/\" \/>\n<meta property=\"og:site_name\" content=\"ALF PACK\" \/>\n<meta property=\"article:modified_time\" content=\"2025-01-14T03:11:44+00:00\" \/>\n<meta property=\"og:image\" content=\"https:\/\/alfequipment.com\/wp-content\/uploads\/2025\/01\/BSE5038-Thermal-Shrink-Packaging-Machine.jpg\" \/>\n\t<meta property=\"og:image:width\" content=\"800\" \/>\n\t<meta property=\"og:image:height\" content=\"800\" \/>\n\t<meta property=\"og:image:type\" content=\"image\/webp\" \/>\n<meta name=\"twitter:card\" content=\"summary_large_image\" \/>\n<meta name=\"twitter:label1\" content=\"Gesch\u00e4tzte Lesezeit\" \/>\n\t<meta name=\"twitter:data1\" content=\"1\u00a0Minute\" \/>\n<script type=\"application\/ld+json\" class=\"yoast-schema-graph\">{\"@context\":\"https:\/\/schema.org\",\"@graph\":[{\"@type\":\"WebPage\",\"@id\":\"https:\/\/alfequipment.com\/product\/bse5038-thermal-shrink-packaging-machine\/\",\"url\":\"https:\/\/alfequipment.com\/product\/bse5038-thermal-shrink-packaging-machine\/\",\"name\":\"BSE5038 Thermal Shrink Packaging Machine - ALF PACK\",\"isPartOf\":{\"@id\":\"https:\/\/alfequipment.com\/#website\"},\"primaryImageOfPage\":{\"@id\":\"https:\/\/alfequipment.com\/product\/bse5038-thermal-shrink-packaging-machine\/#primaryimage\"},\"image\":{\"@id\":\"https:\/\/alfequipment.com\/product\/bse5038-thermal-shrink-packaging-machine\/#primaryimage\"},\"thumbnailUrl\":\"https:\/\/alfequipment.com\/wp-content\/uploads\/2025\/01\/BSE5038-Thermal-Shrink-Packaging-Machine.jpg\",\"datePublished\":\"2024-12-07T08:50:16+00:00\",\"dateModified\":\"2025-01-14T03:11:44+00:00\",\"breadcrumb\":{\"@id\":\"https:\/\/alfequipment.com\/product\/bse5038-thermal-shrink-packaging-machine\/#breadcrumb\"},\"inLanguage\":\"de\",\"potentialAction\":[{\"@type\":\"ReadAction\",\"target\":[\"https:\/\/alfequipment.com\/product\/bse5038-thermal-shrink-packaging-machine\/\"]}]},{\"@type\":\"ImageObject\",\"inLanguage\":\"de\",\"@id\":\"https:\/\/alfequipment.com\/product\/bse5038-thermal-shrink-packaging-machine\/#primaryimage\",\"url\":\"https:\/\/alfequipment.com\/wp-content\/uploads\/2025\/01\/BSE5038-Thermal-Shrink-Packaging-Machine.jpg\",\"contentUrl\":\"https:\/\/alfequipment.com\/wp-content\/uploads\/2025\/01\/BSE5038-Thermal-Shrink-Packaging-Machine.jpg\",\"width\":800,\"height\":800},{\"@type\":\"BreadcrumbList\",\"@id\":\"https:\/\/alfequipment.com\/product\/bse5038-thermal-shrink-packaging-machine\/#breadcrumb\",\"itemListElement\":[{\"@type\":\"ListItem\",\"position\":1,\"name\":\"Home\",\"item\":\"https:\/\/alfequipment.com\/\"},{\"@type\":\"ListItem\",\"position\":2,\"name\":\"Shop\",\"item\":\"https:\/\/alfequipment.com\/shop\/\"},{\"@type\":\"ListItem\",\"position\":3,\"name\":\"BSE5038 Thermal Shrink Packaging Machine\"}]},{\"@type\":\"WebSite\",\"@id\":\"https:\/\/alfequipment.com\/#website\",\"url\":\"https:\/\/alfequipment.com\/\",\"name\":\"ALF PACK\",\"description\":\"\",\"publisher\":{\"@id\":\"https:\/\/alfequipment.com\/#organization\"},\"potentialAction\":[{\"@type\":\"SearchAction\",\"target\":{\"@type\":\"EntryPoint\",\"urlTemplate\":\"https:\/\/alfequipment.com\/?s={search_term_string}\"},\"query-input\":{\"@type\":\"PropertyValueSpecification\",\"valueRequired\":true,\"valueName\":\"search_term_string\"}}],\"inLanguage\":\"de\"},{\"@type\":\"Organization\",\"@id\":\"https:\/\/alfequipment.com\/#organization\",\"name\":\"ALF PACK\",\"url\":\"https:\/\/alfequipment.com\/\",\"logo\":{\"@type\":\"ImageObject\",\"inLanguage\":\"de\",\"@id\":\"https:\/\/alfequipment.com\/#\/schema\/logo\/image\/\",\"url\":\"https:\/\/alfequipment.com\/wp-content\/uploads\/2024\/11\/ALFlogo-2.webp\",\"contentUrl\":\"https:\/\/alfequipment.com\/wp-content\/uploads\/2024\/11\/ALFlogo-2.webp\",\"width\":758,\"height\":750,\"caption\":\"ALF PACK\"},\"image\":{\"@id\":\"https:\/\/alfequipment.com\/#\/schema\/logo\/image\/\"}}]}<\/script>\n<!-- \/ Yoast SEO Premium plugin. -->","yoast_head_json":{"title":"BSE5038 W\u00e4rmeschrumpfende Verpackungsmaschine - ALF PACK","robots":{"index":"index","follow":"follow","max-snippet":"max-snippet:-1","max-image-preview":"max-image-preview:large","max-video-preview":"max-video-preview:-1"},"canonical":"https:\/\/alfequipment.com\/de\/product\/bse5038-thermisch-schrumpfende-verpackungsmaschine\/","og_locale":"de_DE","og_type":"article","og_title":"BSE5038 Thermal Shrink Packaging Machine","og_description":"Shrink Film Machine","og_url":"https:\/\/alfequipment.com\/de\/product\/bse5038-thermisch-schrumpfende-verpackungsmaschine\/","og_site_name":"ALF PACK","article_modified_time":"2025-01-14T03:11:44+00:00","og_image":[{"width":800,"height":800,"url":"https:\/\/alfequipment.com\/wp-content\/uploads\/2025\/01\/BSE5038-Thermal-Shrink-Packaging-Machine.jpg","type":"image\/webp"}],"twitter_card":"summary_large_image","twitter_misc":{"Gesch\u00e4tzte Lesezeit":"1\u00a0Minute"},"schema":{"@context":"https:\/\/schema.org","@graph":[{"@type":"WebPage","@id":"https:\/\/alfequipment.com\/product\/bse5038-thermal-shrink-packaging-machine\/","url":"https:\/\/alfequipment.com\/product\/bse5038-thermal-shrink-packaging-machine\/","name":"BSE5038 W\u00e4rmeschrumpfende Verpackungsmaschine - ALF PACK","isPartOf":{"@id":"https:\/\/alfequipment.com\/#website"},"primaryImageOfPage":{"@id":"https:\/\/alfequipment.com\/product\/bse5038-thermal-shrink-packaging-machine\/#primaryimage"},"image":{"@id":"https:\/\/alfequipment.com\/product\/bse5038-thermal-shrink-packaging-machine\/#primaryimage"},"thumbnailUrl":"https:\/\/alfequipment.com\/wp-content\/uploads\/2025\/01\/BSE5038-Thermal-Shrink-Packaging-Machine.jpg","datePublished":"2024-12-07T08:50:16+00:00","dateModified":"2025-01-14T03:11:44+00:00","breadcrumb":{"@id":"https:\/\/alfequipment.com\/product\/bse5038-thermal-shrink-packaging-machine\/#breadcrumb"},"inLanguage":"de","potentialAction":[{"@type":"ReadAction","target":["https:\/\/alfequipment.com\/product\/bse5038-thermal-shrink-packaging-machine\/"]}]},{"@type":"ImageObject","inLanguage":"de","@id":"https:\/\/alfequipment.com\/product\/bse5038-thermal-shrink-packaging-machine\/#primaryimage","url":"https:\/\/alfequipment.com\/wp-content\/uploads\/2025\/01\/BSE5038-Thermal-Shrink-Packaging-Machine.jpg","contentUrl":"https:\/\/alfequipment.com\/wp-content\/uploads\/2025\/01\/BSE5038-Thermal-Shrink-Packaging-Machine.jpg","width":800,"height":800},{"@type":"BreadcrumbList","@id":"https:\/\/alfequipment.com\/product\/bse5038-thermal-shrink-packaging-machine\/#breadcrumb","itemListElement":[{"@type":"ListItem","position":1,"name":"Home","item":"https:\/\/alfequipment.com\/"},{"@type":"ListItem","position":2,"name":"Shop","item":"https:\/\/alfequipment.com\/shop\/"},{"@type":"ListItem","position":3,"name":"BSE5038 Thermal Shrink Packaging Machine"}]},{"@type":"WebSite","@id":"https:\/\/alfequipment.com\/#website","url":"https:\/\/alfequipment.com\/","name":"ALF PACK","description":"","publisher":{"@id":"https:\/\/alfequipment.com\/#organization"},"potentialAction":[{"@type":"SearchAction","target":{"@type":"EntryPoint","urlTemplate":"https:\/\/alfequipment.com\/?s={search_term_string}"},"query-input":{"@type":"PropertyValueSpecification","valueRequired":true,"valueName":"search_term_string"}}],"inLanguage":"de"},{"@type":"Organization","@id":"https:\/\/alfequipment.com\/#organization","name":"ALF PACK","url":"https:\/\/alfequipment.com\/","logo":{"@type":"ImageObject","inLanguage":"de","@id":"https:\/\/alfequipment.com\/#\/schema\/logo\/image\/","url":"https:\/\/alfequipment.com\/wp-content\/uploads\/2024\/11\/ALFlogo-2.webp","contentUrl":"https:\/\/alfequipment.com\/wp-content\/uploads\/2024\/11\/ALFlogo-2.webp","width":758,"height":750,"caption":"ALF PACK"},"image":{"@id":"https:\/\/alfequipment.com\/#\/schema\/logo\/image\/"}}]}},"_links":{"self":[{"href":"https:\/\/alfequipment.com\/de\/wp-json\/wp\/v2\/product\/3028","targetHints":{"allow":["GET"]}}],"collection":[{"href":"https:\/\/alfequipment.com\/de\/wp-json\/wp\/v2\/product"}],"about":[{"href":"https:\/\/alfequipment.com\/de\/wp-json\/wp\/v2\/types\/product"}],"replies":[{"embeddable":true,"href":"https:\/\/alfequipment.com\/de\/wp-json\/wp\/v2\/comments?post=3028"}],"version-history":[{"count":0,"href":"https:\/\/alfequipment.com\/de\/wp-json\/wp\/v2\/product\/3028\/revisions"}],"wp:featuredmedia":[{"embeddable":true,"href":"https:\/\/alfequipment.com\/de\/wp-json\/wp\/v2\/media\/2890"}],"wp:attachment":[{"href":"https:\/\/alfequipment.com\/de\/wp-json\/wp\/v2\/media?parent=3028"}],"wp:term":[{"taxonomy":"product_brand","embeddable":true,"href":"https:\/\/alfequipment.com\/de\/wp-json\/wp\/v2\/product_brand?post=3028"},{"taxonomy":"product_cat","embeddable":true,"href":"https:\/\/alfequipment.com\/de\/wp-json\/wp\/v2\/product_cat?post=3028"},{"taxonomy":"product_tag","embeddable":true,"href":"https:\/\/alfequipment.com\/de\/wp-json\/wp\/v2\/product_tag?post=3028"}],"curies":[{"name":"wp","href":"https:\/\/api.w.org\/{rel}","templated":true}]}}