{"id":3046,"date":"2024-12-23T20:35:28","date_gmt":"2024-12-23T20:35:28","guid":{"rendered":"https:\/\/alfequipment.com\/product\/psf-650-foot-stamping-sealing-machine-sturdy-and-durable-aluminum-body-for-plastic-bag\/"},"modified":"2025-01-13T13:10:33","modified_gmt":"2025-01-13T13:10:33","slug":"psf-650-foot-stamping-sealing-machine-robustes-und-langlebiges-aluminiumgehause-fur-plastikbeutel","status":"publish","type":"product","link":"https:\/\/alfequipment.com\/de\/product\/psf-650-foot-stamping-sealing-machine-robustes-und-langlebiges-aluminiumgehause-fur-plastikbeutel\/","title":{"rendered":"PSF-650 Fu\u00dfstempel Versiegelungsmaschine robust und langlebig Aluminium K\u00f6rper f\u00fcr Kunststoffbeutel"},"content":{"rendered":"<div id=\"ali-anchor-AliPostDhMb-pyn3o\" style=\"padding-top: 8px;\" data-section=\"AliPostDhMb-pyn3o\" data-section-title=\"Product Description\">\n<div style=\"padding: 10px;\">\n<p><span style=\"line-height: 18px; font-family: Verdana, Arial, Helvetica, sans-serif;\">Die Fu\u00dfstempel-Verschlie\u00dfmaschine der Serie PSF verf\u00fcgt \u00fcber alle Funktionen anderer einfacher Fu\u00dfstempel-Verschlie\u00dfmaschinen und kann Polyethylen, Polypropylen und mehrschichtige Verbundkunststoffe verschlie\u00dfen. Nach oben und unten einstellbar Zeug Capping Rack, kann verwendet werden, um Papiert\u00fcte zu versiegeln, wenn erhitztvon oben nach unten verdienen hohe Effizienz, und ist unersetzlich durch otherealing Maschine.<\/span><\/p>\n<\/p><\/div>\n<\/div>\n<p>&nbsp;<\/p>\n<p><span style=\"font-size: 16px;\">Spezifikation:<\/span><\/p>\n<p>&nbsp;<\/p>\n<table class=\"aliDataTable\" style=\"width: 489px;\" border=\"0\" cellspacing=\"0\" cellpadding=\"0\">\n<tbody>\n<tr>\n<td>\n<p>Modell<\/p>\n<\/td>\n<td>\n<p><span style=\"color: #000000;\">PSF-350<\/span><\/p>\n<\/td>\n<td>\n<p>PSF-450<\/p>\n<\/td>\n<td>\n<p><span style=\"color: #ff0000;\">PSF-650<\/span><\/p>\n<\/td>\n<\/tr>\n<tr>\n<td>\n<p>Spannung<\/p>\n<\/td>\n<td>\n<p><span style=\"color: #000000;\">500W<\/span><\/p>\n<\/td>\n<td>\n<p>1000W<\/p>\n<\/td>\n<td>\n<p><span style=\"color: #ff0000;\">1200W<\/span><\/p>\n<\/td>\n<\/tr>\n<tr>\n<td>\n<p>Versiegelung L\u00e4nge<\/p>\n<\/td>\n<td>\n<p><span style=\"color: #000000;\">350mm<\/span><\/p>\n<\/td>\n<td>\n<p>450mm<\/p>\n<\/td>\n<td>\n<p><span style=\"color: #ff0000;\">650mm<\/span><\/p>\n<\/td>\n<\/tr>\n<tr>\n<td>\n<p>Siegelbreite<\/p>\n<\/td>\n<td colspan=\"3\">\n<p style=\"text-align: center;\"><span style=\"color: #ff0000;\">8mm<\/span><\/p>\n<\/td>\n<\/tr>\n<tr>\n<td>\n<p>W\u00e4rmezeit<\/p>\n<\/td>\n<td colspan=\"3\">\n<p style=\"text-align: center;\"><span style=\"color: #ff0000;\">0.2-2s<\/span><\/p>\n<\/td>\n<\/tr>\n<tr>\n<td>\n<p>Packungsgr\u00f6\u00dfe<\/p>\n<\/td>\n<td colspan=\"3\">\n<p style=\"text-align: center;\"><span style=\"color: #ff0000;\">800*530*250mm<\/span><\/p>\n<\/td>\n<\/tr>\n<tr>\n<td>\n<p>Gewicht der Maschine<\/p>\n<\/td>\n<td>\n<p><span style=\"color: #000000;\">18kg<\/span><\/p>\n<\/td>\n<td>\n<p>20kg<\/p>\n<\/td>\n<td>\n<p><span style=\"color: #ff0000;\">24kg<\/span><\/p>\n<\/td>\n<\/tr>\n<\/tbody>\n<\/table>\n<p>&nbsp;<\/p><\/p>","protected":false},"excerpt":{"rendered":"<p>Psf-650 Fu\u00df Stanzen Siegelmaschine robust und langlebig Aluminium K\u00f6rper f\u00fcr Kunststoffbeutel<\/p>","protected":false},"featured_media":3047,"comment_status":"closed","ping_status":"open","template":"","meta":[],"product_brand":[],"product_cat":[97],"product_tag":[],"class_list":{"0":"post-3046","1":"product","2":"type-product","3":"status-publish","4":"has-post-thumbnail","6":"product_cat-sealing-machines","8":"first","9":"instock","10":"sale","11":"purchasable","12":"product-type-simple"},"yoast_head":"<!-- This site is optimized with the Yoast SEO Premium plugin v20.9 (Yoast SEO v26.5) - https:\/\/yoast.com\/wordpress\/plugins\/seo\/ -->\n<title>PSF-650 Foot stamping sealing machine sturdy and durable Aluminum body for plastic bag - ALF PACK<\/title>\n<meta name=\"robots\" content=\"index, follow, max-snippet:-1, max-image-preview:large, max-video-preview:-1\" \/>\n<link rel=\"canonical\" href=\"https:\/\/alfequipment.com\/de\/product\/psf-650-foot-stamping-sealing-machine-robustes-und-langlebiges-aluminiumgehause-fur-plastikbeutel\/\" \/>\n<meta property=\"og:locale\" content=\"de_DE\" \/>\n<meta property=\"og:type\" content=\"article\" \/>\n<meta property=\"og:title\" content=\"PSF-650 Foot stamping sealing machine sturdy and durable Aluminum body for plastic bag\" \/>\n<meta property=\"og:description\" content=\"Psf-650 Foot Stamping Sealing Machine Sturdy And Durable Aluminum Body For Plastic Bag\" \/>\n<meta property=\"og:url\" content=\"https:\/\/alfequipment.com\/de\/product\/psf-650-foot-stamping-sealing-machine-robustes-und-langlebiges-aluminiumgehause-fur-plastikbeutel\/\" \/>\n<meta property=\"og:site_name\" content=\"ALF PACK\" \/>\n<meta property=\"article:modified_time\" content=\"2025-01-13T13:10:33+00:00\" \/>\n<meta property=\"og:image\" content=\"https:\/\/alfequipment.com\/wp-content\/uploads\/2025\/01\/PSF-650-Foot-stamping-sealing-machine-sturdy.jpg\" \/>\n\t<meta property=\"og:image:width\" content=\"1000\" \/>\n\t<meta property=\"og:image:height\" content=\"1000\" \/>\n\t<meta property=\"og:image:type\" content=\"image\/webp\" \/>\n<meta name=\"twitter:card\" content=\"summary_large_image\" \/>\n<script type=\"application\/ld+json\" class=\"yoast-schema-graph\">{\"@context\":\"https:\/\/schema.org\",\"@graph\":[{\"@type\":\"WebPage\",\"@id\":\"https:\/\/alfequipment.com\/product\/psf-650-foot-stamping-sealing-machine-sturdy-and-durable-aluminum-body-for-plastic-bag\/\",\"url\":\"https:\/\/alfequipment.com\/product\/psf-650-foot-stamping-sealing-machine-sturdy-and-durable-aluminum-body-for-plastic-bag\/\",\"name\":\"PSF-650 Foot stamping sealing machine sturdy and durable Aluminum body for plastic bag - ALF PACK\",\"isPartOf\":{\"@id\":\"https:\/\/alfequipment.com\/#website\"},\"primaryImageOfPage\":{\"@id\":\"https:\/\/alfequipment.com\/product\/psf-650-foot-stamping-sealing-machine-sturdy-and-durable-aluminum-body-for-plastic-bag\/#primaryimage\"},\"image\":{\"@id\":\"https:\/\/alfequipment.com\/product\/psf-650-foot-stamping-sealing-machine-sturdy-and-durable-aluminum-body-for-plastic-bag\/#primaryimage\"},\"thumbnailUrl\":\"https:\/\/alfequipment.com\/wp-content\/uploads\/2025\/01\/PSF-650-Foot-stamping-sealing-machine-sturdy.jpg\",\"datePublished\":\"2024-12-23T20:35:28+00:00\",\"dateModified\":\"2025-01-13T13:10:33+00:00\",\"breadcrumb\":{\"@id\":\"https:\/\/alfequipment.com\/product\/psf-650-foot-stamping-sealing-machine-sturdy-and-durable-aluminum-body-for-plastic-bag\/#breadcrumb\"},\"inLanguage\":\"de\",\"potentialAction\":[{\"@type\":\"ReadAction\",\"target\":[\"https:\/\/alfequipment.com\/product\/psf-650-foot-stamping-sealing-machine-sturdy-and-durable-aluminum-body-for-plastic-bag\/\"]}]},{\"@type\":\"ImageObject\",\"inLanguage\":\"de\",\"@id\":\"https:\/\/alfequipment.com\/product\/psf-650-foot-stamping-sealing-machine-sturdy-and-durable-aluminum-body-for-plastic-bag\/#primaryimage\",\"url\":\"https:\/\/alfequipment.com\/wp-content\/uploads\/2025\/01\/PSF-650-Foot-stamping-sealing-machine-sturdy.jpg\",\"contentUrl\":\"https:\/\/alfequipment.com\/wp-content\/uploads\/2025\/01\/PSF-650-Foot-stamping-sealing-machine-sturdy.jpg\",\"width\":1000,\"height\":1000},{\"@type\":\"BreadcrumbList\",\"@id\":\"https:\/\/alfequipment.com\/product\/psf-650-foot-stamping-sealing-machine-sturdy-and-durable-aluminum-body-for-plastic-bag\/#breadcrumb\",\"itemListElement\":[{\"@type\":\"ListItem\",\"position\":1,\"name\":\"Home\",\"item\":\"https:\/\/alfequipment.com\/\"},{\"@type\":\"ListItem\",\"position\":2,\"name\":\"Shop\",\"item\":\"https:\/\/alfequipment.com\/shop\/\"},{\"@type\":\"ListItem\",\"position\":3,\"name\":\"PSF-650 Foot stamping sealing machine sturdy and durable Aluminum body for plastic bag\"}]},{\"@type\":\"WebSite\",\"@id\":\"https:\/\/alfequipment.com\/#website\",\"url\":\"https:\/\/alfequipment.com\/\",\"name\":\"ALF PACK\",\"description\":\"\",\"publisher\":{\"@id\":\"https:\/\/alfequipment.com\/#organization\"},\"potentialAction\":[{\"@type\":\"SearchAction\",\"target\":{\"@type\":\"EntryPoint\",\"urlTemplate\":\"https:\/\/alfequipment.com\/?s={search_term_string}\"},\"query-input\":{\"@type\":\"PropertyValueSpecification\",\"valueRequired\":true,\"valueName\":\"search_term_string\"}}],\"inLanguage\":\"de\"},{\"@type\":\"Organization\",\"@id\":\"https:\/\/alfequipment.com\/#organization\",\"name\":\"ALF PACK\",\"url\":\"https:\/\/alfequipment.com\/\",\"logo\":{\"@type\":\"ImageObject\",\"inLanguage\":\"de\",\"@id\":\"https:\/\/alfequipment.com\/#\/schema\/logo\/image\/\",\"url\":\"https:\/\/alfequipment.com\/wp-content\/uploads\/2024\/11\/ALFlogo-2.webp\",\"contentUrl\":\"https:\/\/alfequipment.com\/wp-content\/uploads\/2024\/11\/ALFlogo-2.webp\",\"width\":758,\"height\":750,\"caption\":\"ALF PACK\"},\"image\":{\"@id\":\"https:\/\/alfequipment.com\/#\/schema\/logo\/image\/\"}}]}<\/script>\n<!-- \/ Yoast SEO Premium plugin. -->","yoast_head_json":{"title":"PSF-650 Fu\u00dfstempel Versiegelungsmaschine robust und langlebig Aluminium K\u00f6rper f\u00fcr Kunststoffbeutel - ALF PACK","robots":{"index":"index","follow":"follow","max-snippet":"max-snippet:-1","max-image-preview":"max-image-preview:large","max-video-preview":"max-video-preview:-1"},"canonical":"https:\/\/alfequipment.com\/de\/product\/psf-650-foot-stamping-sealing-machine-robustes-und-langlebiges-aluminiumgehause-fur-plastikbeutel\/","og_locale":"de_DE","og_type":"article","og_title":"PSF-650 Foot stamping sealing machine sturdy and durable Aluminum body for plastic bag","og_description":"Psf-650 Foot Stamping Sealing Machine Sturdy And Durable Aluminum Body For Plastic Bag","og_url":"https:\/\/alfequipment.com\/de\/product\/psf-650-foot-stamping-sealing-machine-robustes-und-langlebiges-aluminiumgehause-fur-plastikbeutel\/","og_site_name":"ALF PACK","article_modified_time":"2025-01-13T13:10:33+00:00","og_image":[{"width":1000,"height":1000,"url":"https:\/\/alfequipment.com\/wp-content\/uploads\/2025\/01\/PSF-650-Foot-stamping-sealing-machine-sturdy.jpg","type":"image\/webp"}],"twitter_card":"summary_large_image","schema":{"@context":"https:\/\/schema.org","@graph":[{"@type":"WebPage","@id":"https:\/\/alfequipment.com\/product\/psf-650-foot-stamping-sealing-machine-sturdy-and-durable-aluminum-body-for-plastic-bag\/","url":"https:\/\/alfequipment.com\/product\/psf-650-foot-stamping-sealing-machine-sturdy-and-durable-aluminum-body-for-plastic-bag\/","name":"PSF-650 Fu\u00dfstempel Versiegelungsmaschine robust und langlebig Aluminium K\u00f6rper f\u00fcr Kunststoffbeutel - ALF PACK","isPartOf":{"@id":"https:\/\/alfequipment.com\/#website"},"primaryImageOfPage":{"@id":"https:\/\/alfequipment.com\/product\/psf-650-foot-stamping-sealing-machine-sturdy-and-durable-aluminum-body-for-plastic-bag\/#primaryimage"},"image":{"@id":"https:\/\/alfequipment.com\/product\/psf-650-foot-stamping-sealing-machine-sturdy-and-durable-aluminum-body-for-plastic-bag\/#primaryimage"},"thumbnailUrl":"https:\/\/alfequipment.com\/wp-content\/uploads\/2025\/01\/PSF-650-Foot-stamping-sealing-machine-sturdy.jpg","datePublished":"2024-12-23T20:35:28+00:00","dateModified":"2025-01-13T13:10:33+00:00","breadcrumb":{"@id":"https:\/\/alfequipment.com\/product\/psf-650-foot-stamping-sealing-machine-sturdy-and-durable-aluminum-body-for-plastic-bag\/#breadcrumb"},"inLanguage":"de","potentialAction":[{"@type":"ReadAction","target":["https:\/\/alfequipment.com\/product\/psf-650-foot-stamping-sealing-machine-sturdy-and-durable-aluminum-body-for-plastic-bag\/"]}]},{"@type":"ImageObject","inLanguage":"de","@id":"https:\/\/alfequipment.com\/product\/psf-650-foot-stamping-sealing-machine-sturdy-and-durable-aluminum-body-for-plastic-bag\/#primaryimage","url":"https:\/\/alfequipment.com\/wp-content\/uploads\/2025\/01\/PSF-650-Foot-stamping-sealing-machine-sturdy.jpg","contentUrl":"https:\/\/alfequipment.com\/wp-content\/uploads\/2025\/01\/PSF-650-Foot-stamping-sealing-machine-sturdy.jpg","width":1000,"height":1000},{"@type":"BreadcrumbList","@id":"https:\/\/alfequipment.com\/product\/psf-650-foot-stamping-sealing-machine-sturdy-and-durable-aluminum-body-for-plastic-bag\/#breadcrumb","itemListElement":[{"@type":"ListItem","position":1,"name":"Home","item":"https:\/\/alfequipment.com\/"},{"@type":"ListItem","position":2,"name":"Shop","item":"https:\/\/alfequipment.com\/shop\/"},{"@type":"ListItem","position":3,"name":"PSF-650 Foot stamping sealing machine sturdy and durable Aluminum body for plastic bag"}]},{"@type":"WebSite","@id":"https:\/\/alfequipment.com\/#website","url":"https:\/\/alfequipment.com\/","name":"ALF PACK","description":"","publisher":{"@id":"https:\/\/alfequipment.com\/#organization"},"potentialAction":[{"@type":"SearchAction","target":{"@type":"EntryPoint","urlTemplate":"https:\/\/alfequipment.com\/?s={search_term_string}"},"query-input":{"@type":"PropertyValueSpecification","valueRequired":true,"valueName":"search_term_string"}}],"inLanguage":"de"},{"@type":"Organization","@id":"https:\/\/alfequipment.com\/#organization","name":"ALF PACK","url":"https:\/\/alfequipment.com\/","logo":{"@type":"ImageObject","inLanguage":"de","@id":"https:\/\/alfequipment.com\/#\/schema\/logo\/image\/","url":"https:\/\/alfequipment.com\/wp-content\/uploads\/2024\/11\/ALFlogo-2.webp","contentUrl":"https:\/\/alfequipment.com\/wp-content\/uploads\/2024\/11\/ALFlogo-2.webp","width":758,"height":750,"caption":"ALF PACK"},"image":{"@id":"https:\/\/alfequipment.com\/#\/schema\/logo\/image\/"}}]}},"_links":{"self":[{"href":"https:\/\/alfequipment.com\/de\/wp-json\/wp\/v2\/product\/3046","targetHints":{"allow":["GET"]}}],"collection":[{"href":"https:\/\/alfequipment.com\/de\/wp-json\/wp\/v2\/product"}],"about":[{"href":"https:\/\/alfequipment.com\/de\/wp-json\/wp\/v2\/types\/product"}],"replies":[{"embeddable":true,"href":"https:\/\/alfequipment.com\/de\/wp-json\/wp\/v2\/comments?post=3046"}],"version-history":[{"count":0,"href":"https:\/\/alfequipment.com\/de\/wp-json\/wp\/v2\/product\/3046\/revisions"}],"wp:featuredmedia":[{"embeddable":true,"href":"https:\/\/alfequipment.com\/de\/wp-json\/wp\/v2\/media\/3047"}],"wp:attachment":[{"href":"https:\/\/alfequipment.com\/de\/wp-json\/wp\/v2\/media?parent=3046"}],"wp:term":[{"taxonomy":"product_brand","embeddable":true,"href":"https:\/\/alfequipment.com\/de\/wp-json\/wp\/v2\/product_brand?post=3046"},{"taxonomy":"product_cat","embeddable":true,"href":"https:\/\/alfequipment.com\/de\/wp-json\/wp\/v2\/product_cat?post=3046"},{"taxonomy":"product_tag","embeddable":true,"href":"https:\/\/alfequipment.com\/de\/wp-json\/wp\/v2\/product_tag?post=3046"}],"curies":[{"name":"wp","href":"https:\/\/api.w.org\/{rel}","templated":true}]}}