{"id":3052,"date":"2025-01-09T22:59:57","date_gmt":"2025-01-09T22:59:57","guid":{"rendered":"https:\/\/alfequipment.com\/product\/pfs-400-hand-impulse-sealer\/"},"modified":"2025-01-13T14:53:11","modified_gmt":"2025-01-13T14:53:11","slug":"pfs-400-hand-impuls-schweisgerat","status":"publish","type":"product","link":"https:\/\/alfequipment.com\/de\/product\/pfs-400-hand-impuls-schweisgerat\/","title":{"rendered":"PFS-400 Hand-Impulsschwei\u00dfger\u00e4t"},"content":{"rendered":"<div id=\"ali-anchor-AliPostDhMb-7u15i\" style=\"padding-top: 8px;\" data-section=\"AliPostDhMb-7u15i\" data-section-title=\"Product Description\">\n<div style=\"padding: 10px;\">Das Schwei\u00dfger\u00e4t der Serie PFS ist einfach zu bedienen und eignet sich zum Verschwei\u00dfen verschiedener Arten von Kunststofffolien, wobei die Heizzeit einstellbar ist. Das Ger\u00e4t wird einfach durch Einschalten der Stromversorgung in Betrieb genommen.<\/div>\n<\/div>\n<p>&nbsp;<\/p>\n<p><span style=\"font-size: 16px;\">&nbsp; Spezifikation:<\/span><\/p>\n<table class=\"aliDataTable\" border=\"0\" cellspacing=\"0\" cellpadding=\"0\">\n<tbody>\n<tr>\n<td>\n<p>&nbsp;<\/p>\n<\/td>\n<td>\n<p><span style=\"color: #000000;\">PFS-100<\/span><\/p>\n<\/td>\n<td>\n<p><span style=\"color: #000000;\">PFS-200<\/span><\/p>\n<\/td>\n<td>\n<p><span style=\"color: #000000;\">PFS-300<\/span><\/p>\n<\/td>\n<td>\n<p><span style=\"color: #000000;\">PFS-400<\/span><\/p>\n<\/td>\n<\/tr>\n<tr>\n<td>\n<p>Spannung<\/p>\n<\/td>\n<td colspan=\"4\">\n<p style=\"text-align: center;\"><span style=\"color: #000000;\">AC220V 50HZ 110V 60HZ<\/span><\/p>\n<\/td>\n<\/tr>\n<tr>\n<td>\n<p>Impulsleistung<\/p>\n<\/td>\n<td>\n<p><span style=\"color: #000000;\">180W<\/span><\/p>\n<\/td>\n<td>\n<p><span style=\"color: #000000;\">330W<\/span><\/p>\n<\/td>\n<td>\n<p><span style=\"color: #000000;\">430W<\/span><\/p>\n<\/td>\n<td>\n<p><span style=\"color: #000000;\">600W<\/span><\/p>\n<\/td>\n<\/tr>\n<tr>\n<td>\n<p>L\u00e4nge der Versiegelung<\/p>\n<\/td>\n<td>\n<p><span style=\"color: #000000;\">100MM<\/span><\/p>\n<\/td>\n<td>\n<p><span style=\"color: #000000;\">200MM<\/span><\/p>\n<\/td>\n<td>\n<p><span style=\"color: #000000;\">300MM<\/span><\/p>\n<\/td>\n<td>\n<p><span style=\"color: #000000;\">400MM<\/span><\/p>\n<\/td>\n<\/tr>\n<tr>\n<td>\n<p>Max. Dicke der Dichtung<\/p>\n<\/td>\n<td>\n<p style=\"text-align: left;\"><span style=\"font-size: 12px; color: #000000;\">0,2MM<\/span><\/p>\n<\/td>\n<td colspan=\"3\">\n<p style=\"text-align: center;\"><span style=\"font-size: 12px; color: #000000;\">0,3MM<\/span><\/p>\n<\/td>\n<\/tr>\n<tr>\n<td>\n<p>W\u00e4rmezeit<\/p>\n<\/td>\n<td colspan=\"4\">\n<p style=\"text-align: center;\"><span style=\"color: #000000;\">0,2-1,3 Sekunden<\/span><\/p>\n<\/td>\n<\/tr>\n<tr>\n<td>\n<p>Gr\u00f6\u00dfe der Maschine<\/p>\n<\/td>\n<td>\n<p><span style=\"color: #000000;\">220*72*140MM<\/span><\/p>\n<\/td>\n<td>\n<p><span style=\"color: #000000;\">320*80*150MM<\/span><\/p>\n<\/td>\n<td>\n<p><span style=\"color: #000000;\">450*85*180MM<\/span><\/p>\n<\/td>\n<td>\n<p><span style=\"color: #000000;\">550*85*180MM<\/span><\/p>\n<\/td>\n<\/tr>\n<tr>\n<td>\n<p>Gewicht der Maschine<\/p>\n<\/td>\n<td>\n<p><span style=\"color: #000000;\">1.8KG<\/span><\/p>\n<\/td>\n<td>\n<p><span style=\"color: #000000;\">2.8KG<\/span><\/p>\n<\/td>\n<td>\n<p><span style=\"color: #000000;\">4.5KG<\/span><\/p>\n<\/td>\n<td>\n<p><span style=\"color: #000000;\">5.2KG<\/span><\/p>\n<\/td>\n<\/tr>\n<\/tbody>\n<\/table>\n<p>&nbsp;<\/p>\n<p>&nbsp;<\/p><\/p>","protected":false},"excerpt":{"rendered":"<p>Pfs-400 Hand-Impuls-Versiegelungsger\u00e4t<\/p>","protected":false},"featured_media":3053,"comment_status":"closed","ping_status":"open","template":"","meta":[],"product_brand":[],"product_cat":[118,97],"product_tag":[],"class_list":{"0":"post-3052","1":"product","2":"type-product","3":"status-publish","4":"has-post-thumbnail","6":"product_cat-hand-foot-sealing-machine","7":"product_cat-sealing-machines","9":"first","10":"instock","11":"sale","12":"purchasable","13":"product-type-simple"},"yoast_head":"<!-- This site is optimized with the Yoast SEO Premium plugin v20.9 (Yoast SEO v26.5) - https:\/\/yoast.com\/wordpress\/plugins\/seo\/ -->\n<title>PFS-400 Hand impulse sealer - ALF PACK<\/title>\n<meta name=\"robots\" content=\"index, follow, max-snippet:-1, max-image-preview:large, max-video-preview:-1\" \/>\n<link rel=\"canonical\" href=\"https:\/\/alfequipment.com\/de\/product\/pfs-400-hand-impuls-schweisgerat\/\" \/>\n<meta property=\"og:locale\" content=\"de_DE\" \/>\n<meta property=\"og:type\" content=\"article\" \/>\n<meta property=\"og:title\" content=\"PFS-400 Hand impulse sealer\" \/>\n<meta property=\"og:description\" content=\"Pfs-400 Hand Impulse Sealer\" \/>\n<meta property=\"og:url\" content=\"https:\/\/alfequipment.com\/de\/product\/pfs-400-hand-impuls-schweisgerat\/\" \/>\n<meta property=\"og:site_name\" content=\"ALF PACK\" \/>\n<meta property=\"article:modified_time\" content=\"2025-01-13T14:53:11+00:00\" \/>\n<meta property=\"og:image\" content=\"https:\/\/alfequipment.com\/wp-content\/uploads\/2025\/01\/PFS-400-Hand-impulse-sealer.jpg\" \/>\n\t<meta property=\"og:image:width\" content=\"800\" \/>\n\t<meta property=\"og:image:height\" content=\"800\" \/>\n\t<meta property=\"og:image:type\" content=\"image\/webp\" \/>\n<meta name=\"twitter:card\" content=\"summary_large_image\" \/>\n<script type=\"application\/ld+json\" class=\"yoast-schema-graph\">{\"@context\":\"https:\/\/schema.org\",\"@graph\":[{\"@type\":\"WebPage\",\"@id\":\"https:\/\/alfequipment.com\/product\/pfs-400-hand-impulse-sealer\/\",\"url\":\"https:\/\/alfequipment.com\/product\/pfs-400-hand-impulse-sealer\/\",\"name\":\"PFS-400 Hand impulse sealer - ALF PACK\",\"isPartOf\":{\"@id\":\"https:\/\/alfequipment.com\/#website\"},\"primaryImageOfPage\":{\"@id\":\"https:\/\/alfequipment.com\/product\/pfs-400-hand-impulse-sealer\/#primaryimage\"},\"image\":{\"@id\":\"https:\/\/alfequipment.com\/product\/pfs-400-hand-impulse-sealer\/#primaryimage\"},\"thumbnailUrl\":\"https:\/\/alfequipment.com\/wp-content\/uploads\/2025\/01\/PFS-400-Hand-impulse-sealer.jpg\",\"datePublished\":\"2025-01-09T22:59:57+00:00\",\"dateModified\":\"2025-01-13T14:53:11+00:00\",\"breadcrumb\":{\"@id\":\"https:\/\/alfequipment.com\/product\/pfs-400-hand-impulse-sealer\/#breadcrumb\"},\"inLanguage\":\"de\",\"potentialAction\":[{\"@type\":\"ReadAction\",\"target\":[\"https:\/\/alfequipment.com\/product\/pfs-400-hand-impulse-sealer\/\"]}]},{\"@type\":\"ImageObject\",\"inLanguage\":\"de\",\"@id\":\"https:\/\/alfequipment.com\/product\/pfs-400-hand-impulse-sealer\/#primaryimage\",\"url\":\"https:\/\/alfequipment.com\/wp-content\/uploads\/2025\/01\/PFS-400-Hand-impulse-sealer.jpg\",\"contentUrl\":\"https:\/\/alfequipment.com\/wp-content\/uploads\/2025\/01\/PFS-400-Hand-impulse-sealer.jpg\",\"width\":800,\"height\":800},{\"@type\":\"BreadcrumbList\",\"@id\":\"https:\/\/alfequipment.com\/product\/pfs-400-hand-impulse-sealer\/#breadcrumb\",\"itemListElement\":[{\"@type\":\"ListItem\",\"position\":1,\"name\":\"Home\",\"item\":\"https:\/\/alfequipment.com\/\"},{\"@type\":\"ListItem\",\"position\":2,\"name\":\"Shop\",\"item\":\"https:\/\/alfequipment.com\/shop\/\"},{\"@type\":\"ListItem\",\"position\":3,\"name\":\"PFS-400 Hand impulse sealer\"}]},{\"@type\":\"WebSite\",\"@id\":\"https:\/\/alfequipment.com\/#website\",\"url\":\"https:\/\/alfequipment.com\/\",\"name\":\"ALF PACK\",\"description\":\"\",\"publisher\":{\"@id\":\"https:\/\/alfequipment.com\/#organization\"},\"potentialAction\":[{\"@type\":\"SearchAction\",\"target\":{\"@type\":\"EntryPoint\",\"urlTemplate\":\"https:\/\/alfequipment.com\/?s={search_term_string}\"},\"query-input\":{\"@type\":\"PropertyValueSpecification\",\"valueRequired\":true,\"valueName\":\"search_term_string\"}}],\"inLanguage\":\"de\"},{\"@type\":\"Organization\",\"@id\":\"https:\/\/alfequipment.com\/#organization\",\"name\":\"ALF PACK\",\"url\":\"https:\/\/alfequipment.com\/\",\"logo\":{\"@type\":\"ImageObject\",\"inLanguage\":\"de\",\"@id\":\"https:\/\/alfequipment.com\/#\/schema\/logo\/image\/\",\"url\":\"https:\/\/alfequipment.com\/wp-content\/uploads\/2024\/11\/ALFlogo-2.webp\",\"contentUrl\":\"https:\/\/alfequipment.com\/wp-content\/uploads\/2024\/11\/ALFlogo-2.webp\",\"width\":758,\"height\":750,\"caption\":\"ALF PACK\"},\"image\":{\"@id\":\"https:\/\/alfequipment.com\/#\/schema\/logo\/image\/\"}}]}<\/script>\n<!-- \/ Yoast SEO Premium plugin. -->","yoast_head_json":{"title":"PFS-400 Hand-Impulsschwei\u00dfger\u00e4t - ALF PACK","robots":{"index":"index","follow":"follow","max-snippet":"max-snippet:-1","max-image-preview":"max-image-preview:large","max-video-preview":"max-video-preview:-1"},"canonical":"https:\/\/alfequipment.com\/de\/product\/pfs-400-hand-impuls-schweisgerat\/","og_locale":"de_DE","og_type":"article","og_title":"PFS-400 Hand impulse sealer","og_description":"Pfs-400 Hand Impulse Sealer","og_url":"https:\/\/alfequipment.com\/de\/product\/pfs-400-hand-impuls-schweisgerat\/","og_site_name":"ALF PACK","article_modified_time":"2025-01-13T14:53:11+00:00","og_image":[{"width":800,"height":800,"url":"https:\/\/alfequipment.com\/wp-content\/uploads\/2025\/01\/PFS-400-Hand-impulse-sealer.jpg","type":"image\/webp"}],"twitter_card":"summary_large_image","schema":{"@context":"https:\/\/schema.org","@graph":[{"@type":"WebPage","@id":"https:\/\/alfequipment.com\/product\/pfs-400-hand-impulse-sealer\/","url":"https:\/\/alfequipment.com\/product\/pfs-400-hand-impulse-sealer\/","name":"PFS-400 Hand-Impulsschwei\u00dfger\u00e4t - ALF PACK","isPartOf":{"@id":"https:\/\/alfequipment.com\/#website"},"primaryImageOfPage":{"@id":"https:\/\/alfequipment.com\/product\/pfs-400-hand-impulse-sealer\/#primaryimage"},"image":{"@id":"https:\/\/alfequipment.com\/product\/pfs-400-hand-impulse-sealer\/#primaryimage"},"thumbnailUrl":"https:\/\/alfequipment.com\/wp-content\/uploads\/2025\/01\/PFS-400-Hand-impulse-sealer.jpg","datePublished":"2025-01-09T22:59:57+00:00","dateModified":"2025-01-13T14:53:11+00:00","breadcrumb":{"@id":"https:\/\/alfequipment.com\/product\/pfs-400-hand-impulse-sealer\/#breadcrumb"},"inLanguage":"de","potentialAction":[{"@type":"ReadAction","target":["https:\/\/alfequipment.com\/product\/pfs-400-hand-impulse-sealer\/"]}]},{"@type":"ImageObject","inLanguage":"de","@id":"https:\/\/alfequipment.com\/product\/pfs-400-hand-impulse-sealer\/#primaryimage","url":"https:\/\/alfequipment.com\/wp-content\/uploads\/2025\/01\/PFS-400-Hand-impulse-sealer.jpg","contentUrl":"https:\/\/alfequipment.com\/wp-content\/uploads\/2025\/01\/PFS-400-Hand-impulse-sealer.jpg","width":800,"height":800},{"@type":"BreadcrumbList","@id":"https:\/\/alfequipment.com\/product\/pfs-400-hand-impulse-sealer\/#breadcrumb","itemListElement":[{"@type":"ListItem","position":1,"name":"Home","item":"https:\/\/alfequipment.com\/"},{"@type":"ListItem","position":2,"name":"Shop","item":"https:\/\/alfequipment.com\/shop\/"},{"@type":"ListItem","position":3,"name":"PFS-400 Hand impulse sealer"}]},{"@type":"WebSite","@id":"https:\/\/alfequipment.com\/#website","url":"https:\/\/alfequipment.com\/","name":"ALF PACK","description":"","publisher":{"@id":"https:\/\/alfequipment.com\/#organization"},"potentialAction":[{"@type":"SearchAction","target":{"@type":"EntryPoint","urlTemplate":"https:\/\/alfequipment.com\/?s={search_term_string}"},"query-input":{"@type":"PropertyValueSpecification","valueRequired":true,"valueName":"search_term_string"}}],"inLanguage":"de"},{"@type":"Organization","@id":"https:\/\/alfequipment.com\/#organization","name":"ALF PACK","url":"https:\/\/alfequipment.com\/","logo":{"@type":"ImageObject","inLanguage":"de","@id":"https:\/\/alfequipment.com\/#\/schema\/logo\/image\/","url":"https:\/\/alfequipment.com\/wp-content\/uploads\/2024\/11\/ALFlogo-2.webp","contentUrl":"https:\/\/alfequipment.com\/wp-content\/uploads\/2024\/11\/ALFlogo-2.webp","width":758,"height":750,"caption":"ALF PACK"},"image":{"@id":"https:\/\/alfequipment.com\/#\/schema\/logo\/image\/"}}]}},"_links":{"self":[{"href":"https:\/\/alfequipment.com\/de\/wp-json\/wp\/v2\/product\/3052","targetHints":{"allow":["GET"]}}],"collection":[{"href":"https:\/\/alfequipment.com\/de\/wp-json\/wp\/v2\/product"}],"about":[{"href":"https:\/\/alfequipment.com\/de\/wp-json\/wp\/v2\/types\/product"}],"replies":[{"embeddable":true,"href":"https:\/\/alfequipment.com\/de\/wp-json\/wp\/v2\/comments?post=3052"}],"version-history":[{"count":0,"href":"https:\/\/alfequipment.com\/de\/wp-json\/wp\/v2\/product\/3052\/revisions"}],"wp:featuredmedia":[{"embeddable":true,"href":"https:\/\/alfequipment.com\/de\/wp-json\/wp\/v2\/media\/3053"}],"wp:attachment":[{"href":"https:\/\/alfequipment.com\/de\/wp-json\/wp\/v2\/media?parent=3052"}],"wp:term":[{"taxonomy":"product_brand","embeddable":true,"href":"https:\/\/alfequipment.com\/de\/wp-json\/wp\/v2\/product_brand?post=3052"},{"taxonomy":"product_cat","embeddable":true,"href":"https:\/\/alfequipment.com\/de\/wp-json\/wp\/v2\/product_cat?post=3052"},{"taxonomy":"product_tag","embeddable":true,"href":"https:\/\/alfequipment.com\/de\/wp-json\/wp\/v2\/product_tag?post=3052"}],"curies":[{"name":"wp","href":"https:\/\/api.w.org\/{rel}","templated":true}]}}