{"id":3060,"date":"2024-12-10T21:35:31","date_gmt":"2024-12-10T21:35:31","guid":{"rendered":"https:\/\/alfequipment.com\/product\/aluminum-body-manual-hand-impulse-sealer-pfs-200-series-plastic-bag-band-sealing-machine\/"},"modified":"2025-01-13T14:57:18","modified_gmt":"2025-01-13T14:57:18","slug":"aluminiumgehause-manuelles-handimpulsschweisgerat-pfs-200-serie-kunststoffbeutel-schweismaschine","status":"publish","type":"product","link":"https:\/\/alfequipment.com\/de\/product\/aluminiumgehause-manuelles-handimpulsschweisgerat-pfs-200-serie-kunststoffbeutel-schweismaschine\/","title":{"rendered":"Aluminiumgeh\u00e4use Manuelles Hand-Impulsschwei\u00dfger\u00e4t PFS-200 Serie Kunststoffbeutel-Bandschwei\u00dfmaschine"},"content":{"rendered":"<div data-magic-global=\"%7B%22bizId%22%3A17179933680%2C%22pageId%22%3A21046034263%2C%22siteId%22%3A5005331025%7D\" id=\"detail_decorate_root\">\n<div module-id=\"28349151527\" module-title=\"detailProductNavigation\" render=\"true\" class=\"J_module\">\n<div id=\"ali-anchor-AliMagic-g4992g\" data-section=\"AliMagic-g4992g\" data-section-title=\"Product Description\" class=\"magic-0\">Das PFS100\/PFS200\/PFS300\/PFS400\/PFS500 Hand-Impulsschwei\u00dfger\u00e4t ist einfach zu bedienen, die Heizzeit ist einstellbar und eignet sich zum Versiegeln verschiedener Kunststofffolien.<\/div>\n<\/div>\n<div module-id=\"28349151529\" module-title=\"detailLeftImageRightTable\" render=\"true\" class=\"J_module\">\n<div class=\"detail-decorate-json-renderer-container\">\n<div class=\"magic-1\">\n<div class=\"magic-5\">\n<div class=\"magic-3\">\n<div class=\"magic-6\">\n       <img decoding=\"async\" src=\"https:\/\/sc04.alicdn.com\/kf\/H7020feff0b884ef39c1ac8b63c719e81E\/64496\/H7020feff0b884ef39c1ac8b63c719e81E.jpg\" class=\"aligncenter\">\n      <\/div>\n<\/p><\/div>\n<\/p><\/div>\n<div class=\"magic-8\">\n<div class=\"magic-3\">\n<div class=\"ife-detail-decorate-table\">\n<table class=\"has-title all magic-9\">\n<tbody>\n<tr>\n<td colspan=\"1\" rowspan=\"1\">\n<div class=\"magic-10\">\n            Modell\n           <\/div>\n<\/td>\n<td colspan=\"1\" rowspan=\"1\">\n<div class=\"magic-11\">\n            PFS-100\n           <\/div>\n<\/td>\n<td colspan=\"1\" rowspan=\"1\">\n<div class=\"magic-12\">\n            <b>PFS-200<\/b>\n           <\/div>\n<\/td>\n<td colspan=\"1\" rowspan=\"1\">\n<div class=\"magic-13\">\n            PFS-300\n           <\/div>\n<\/td>\n<td colspan=\"2\" rowspan=\"1\">\n<div class=\"magic-13\">\n            PFS-400\n           <\/div>\n<\/td>\n<td rowspan=\"0\" class=\"magic-14\">\n<div class=\"magic-15\"><\/div>\n<\/td>\n<\/tr>\n<tr>\n<td colspan=\"1\" rowspan=\"1\">\n<div class=\"magic-10\">\n            Stromquelle\n           <\/div>\n<\/td>\n<td colspan=\"5\" rowspan=\"1\">\n<div class=\"magic-16\">\n            AC220V\/50HZ 110V\/60HZ\n           <\/div>\n<\/td>\n<td rowspan=\"0\" class=\"magic-14\">\n<div class=\"magic-12\"><\/div>\n<\/td>\n<td rowspan=\"0\" class=\"magic-14\">\n<div class=\"magic-13\"><\/div>\n<\/td>\n<td rowspan=\"0\" class=\"magic-14\">\n<div class=\"magic-17\"><\/div>\n<\/td>\n<td rowspan=\"0\" class=\"magic-14\">\n<div class=\"magic-15\"><\/div>\n<\/td>\n<\/tr>\n<tr>\n<td colspan=\"1\" rowspan=\"1\">\n<div class=\"magic-10\">\n            Strom\n           <\/div>\n<\/td>\n<td colspan=\"1\" rowspan=\"1\">\n<div class=\"magic-11\">\n            180W\n           <\/div>\n<\/td>\n<td colspan=\"1\" rowspan=\"1\">\n<div class=\"magic-12\">\n            330W\n           <\/div>\n<\/td>\n<td colspan=\"1\" rowspan=\"1\">\n<div class=\"magic-13\">\n            430W\n           <\/div>\n<\/td>\n<td colspan=\"2\" rowspan=\"1\">\n<div class=\"magic-13\">\n            600W\n           <\/div>\n<\/td>\n<td rowspan=\"0\" class=\"magic-14\">\n<div class=\"magic-15\"><\/div>\n<\/td>\n<\/tr>\n<tr>\n<td colspan=\"1\" rowspan=\"1\">\n<div class=\"magic-10\">\n            L\u00e4nge der Versiegelung\n           <\/div>\n<\/td>\n<td colspan=\"1\" rowspan=\"1\">\n<div class=\"magic-11\">\n            100mm\n           <\/div>\n<\/td>\n<td colspan=\"1\" rowspan=\"1\">\n<div class=\"magic-12\">\n            200mm\n           <\/div>\n<\/td>\n<td colspan=\"1\" rowspan=\"1\">\n<div class=\"magic-13\">\n            300mm\n           <\/div>\n<\/td>\n<td colspan=\"2\" rowspan=\"1\">\n<div class=\"magic-13\">\n            400mm\n           <\/div>\n<\/td>\n<td rowspan=\"0\" class=\"magic-14\">\n<div class=\"magic-15\"><\/div>\n<\/td>\n<\/tr>\n<tr>\n<td colspan=\"1\" rowspan=\"1\">\n<div class=\"magic-10\">\n            Breite der Versiegelung\n           <\/div>\n<\/td>\n<td colspan=\"1\" rowspan=\"1\">\n<div class=\"magic-11\">\n            2mm\n           <\/div>\n<\/td>\n<td colspan=\"4\" rowspan=\"1\">\n<div class=\"magic-18\">\n            3mm\n           <\/div>\n<\/td>\n<td rowspan=\"0\" class=\"magic-14\">\n<div class=\"magic-13\"><\/div>\n<\/td>\n<td rowspan=\"0\" class=\"magic-14\">\n<div class=\"magic-17\"><\/div>\n<\/td>\n<td rowspan=\"0\" class=\"magic-14\">\n<div class=\"magic-15\"><\/div>\n<\/td>\n<\/tr>\n<tr>\n<td colspan=\"1\" rowspan=\"1\">\n<div class=\"magic-10\">\n            W\u00e4rmezeit\n           <\/div>\n<\/td>\n<td colspan=\"5\" rowspan=\"1\">\n<div class=\"magic-16\">\n            0,2-1,3 Sekunden\n           <\/div>\n<\/td>\n<td rowspan=\"0\" class=\"magic-14\">\n<div class=\"magic-12\"><\/div>\n<\/td>\n<td rowspan=\"0\" class=\"magic-14\">\n<div class=\"magic-13\"><\/div>\n<\/td>\n<td rowspan=\"0\" class=\"magic-14\">\n<div class=\"magic-17\"><\/div>\n<\/td>\n<td rowspan=\"0\" class=\"magic-14\">\n<div class=\"magic-15\"><\/div>\n<\/td>\n<\/tr>\n<tr>\n<td colspan=\"1\" rowspan=\"1\">\n<div class=\"magic-10\">\n            Gr\u00f6\u00dfe der Maschine\n           <\/div>\n<\/td>\n<td colspan=\"1\" rowspan=\"1\">\n<div class=\"magic-11\">\n            220*72*140mm\n           <\/div>\n<\/td>\n<td colspan=\"1\" rowspan=\"1\">\n<div class=\"magic-12\">\n            320*80*150mm\n           <\/div>\n<\/td>\n<td colspan=\"2\" rowspan=\"1\">\n<div class=\"magic-10\">\n            450*85*180mm\n           <\/div>\n<\/td>\n<td rowspan=\"0\" class=\"magic-14\">\n<div class=\"magic-17\"><\/div>\n<\/td>\n<td colspan=\"1\" rowspan=\"1\">\n<div class=\"magic-19\">\n            550*85*180mm\n           <\/div>\n<\/td>\n<\/tr>\n<tr>\n<td colspan=\"1\" rowspan=\"1\">\n<div class=\"magic-10\">\n            Gewicht der Maschine\n           <\/div>\n<\/td>\n<td colspan=\"1\" rowspan=\"1\">\n<div class=\"magic-11\">\n            1.8KG\n           <\/div>\n<\/td>\n<td colspan=\"1\" rowspan=\"1\">\n<div class=\"magic-12\">\n            2.8KG\n           <\/div>\n<\/td>\n<td colspan=\"2\" rowspan=\"1\">\n<div class=\"magic-10\">\n            4.5KG\n           <\/div>\n<\/td>\n<td rowspan=\"0\" class=\"magic-14\">\n<div class=\"magic-17\"><\/div>\n<\/td>\n<td colspan=\"1\" rowspan=\"1\">\n<div class=\"magic-19\">\n            5.2KG\n           <\/div>\n<\/td>\n<\/tr>\n<\/tbody>\n<\/table><\/div>\n<\/p><\/div>\n<\/p><\/div>\n<\/p><\/div>\n<\/p><\/div>\n<\/p><\/div>\n<div module-id=\"28349151530\" module-title=\"detailManyImage\" render=\"true\" class=\"J_module\">\n<div class=\"icbu-pc-detailManyImage magic-20\">\n<div class=\"magic-21\">\n    <img decoding=\"async\" src=\"https:\/\/sc04.alicdn.com\/kf\/H5af09f075cb242028632c768bc9e18432\/64496\/H5af09f075cb242028632c768bc9e18432.jpg\" class=\"aligncenter\">\n   <\/div>\n<div class=\"magic-21\">\n    <img decoding=\"async\" src=\"https:\/\/sc01.alicdn.com\/kf\/Hf74386be68ca453b994fa0dbb2e54f91f\/64496\/Hf74386be68ca453b994fa0dbb2e54f91f.jpg\" class=\"aligncenter\">\n   <\/div>\n<div class=\"magic-21\">\n    <img decoding=\"async\" src=\"https:\/\/sc01.alicdn.com\/kf\/H66d12eeefb56424889f83e0c9cc55ddeD\/64496\/H66d12eeefb56424889f83e0c9cc55ddeD.jpg\" class=\"aligncenter\">\n   <\/div>\n<\/p><\/div>\n<\/p><\/div>\n<\/div>","protected":false},"excerpt":{"rendered":"<p>Pfs200 Aluminiumgeh\u00e4use Manuelle Versiegelungsmaschine f\u00fcr Plastikt\u00fcten Verschlie\u00dfmaschine<\/p>","protected":false},"featured_media":3061,"comment_status":"closed","ping_status":"open","template":"","meta":[],"product_brand":[],"product_cat":[118,97],"product_tag":[],"class_list":{"0":"post-3060","1":"product","2":"type-product","3":"status-publish","4":"has-post-thumbnail","6":"product_cat-hand-foot-sealing-machine","7":"product_cat-sealing-machines","9":"first","10":"instock","11":"sale","12":"purchasable","13":"product-type-simple"},"yoast_head":"<!-- This site is optimized with the Yoast SEO Premium plugin v20.9 (Yoast SEO v26.5) - https:\/\/yoast.com\/wordpress\/plugins\/seo\/ -->\n<title>Aluminum body Manual hand impulse sealer PFS-200 series plastic bag band sealing machine - ALF PACK<\/title>\n<meta name=\"robots\" content=\"index, follow, max-snippet:-1, max-image-preview:large, max-video-preview:-1\" \/>\n<link rel=\"canonical\" href=\"https:\/\/alfequipment.com\/de\/product\/aluminiumgehause-manuelles-handimpulsschweisgerat-pfs-200-serie-kunststoffbeutel-schweismaschine\/\" \/>\n<meta property=\"og:locale\" content=\"de_DE\" \/>\n<meta property=\"og:type\" content=\"article\" \/>\n<meta property=\"og:title\" content=\"Aluminum body Manual hand impulse sealer PFS-200 series plastic bag band sealing machine\" \/>\n<meta property=\"og:description\" content=\"Pfs200 Aluminum Body Manual Sealer Plastic Bag Sealing Machine\" \/>\n<meta property=\"og:url\" content=\"https:\/\/alfequipment.com\/de\/product\/aluminiumgehause-manuelles-handimpulsschweisgerat-pfs-200-serie-kunststoffbeutel-schweismaschine\/\" \/>\n<meta property=\"og:site_name\" content=\"ALF PACK\" \/>\n<meta property=\"article:modified_time\" content=\"2025-01-13T14:57:18+00:00\" \/>\n<meta property=\"og:image\" content=\"https:\/\/alfequipment.com\/wp-content\/uploads\/2025\/01\/Aluminum-body-Manual-hand-impulse-sealer-PFS.jpg\" \/>\n\t<meta property=\"og:image:width\" content=\"800\" \/>\n\t<meta property=\"og:image:height\" content=\"800\" \/>\n\t<meta property=\"og:image:type\" content=\"image\/webp\" \/>\n<meta name=\"twitter:card\" content=\"summary_large_image\" \/>\n<script type=\"application\/ld+json\" class=\"yoast-schema-graph\">{\"@context\":\"https:\/\/schema.org\",\"@graph\":[{\"@type\":\"WebPage\",\"@id\":\"https:\/\/alfequipment.com\/product\/aluminum-body-manual-hand-impulse-sealer-pfs-200-series-plastic-bag-band-sealing-machine\/\",\"url\":\"https:\/\/alfequipment.com\/product\/aluminum-body-manual-hand-impulse-sealer-pfs-200-series-plastic-bag-band-sealing-machine\/\",\"name\":\"Aluminum body Manual hand impulse sealer PFS-200 series plastic bag band sealing machine - ALF PACK\",\"isPartOf\":{\"@id\":\"https:\/\/alfequipment.com\/#website\"},\"primaryImageOfPage\":{\"@id\":\"https:\/\/alfequipment.com\/product\/aluminum-body-manual-hand-impulse-sealer-pfs-200-series-plastic-bag-band-sealing-machine\/#primaryimage\"},\"image\":{\"@id\":\"https:\/\/alfequipment.com\/product\/aluminum-body-manual-hand-impulse-sealer-pfs-200-series-plastic-bag-band-sealing-machine\/#primaryimage\"},\"thumbnailUrl\":\"https:\/\/alfequipment.com\/wp-content\/uploads\/2025\/01\/Aluminum-body-Manual-hand-impulse-sealer-PFS.jpg\",\"datePublished\":\"2024-12-10T21:35:31+00:00\",\"dateModified\":\"2025-01-13T14:57:18+00:00\",\"breadcrumb\":{\"@id\":\"https:\/\/alfequipment.com\/product\/aluminum-body-manual-hand-impulse-sealer-pfs-200-series-plastic-bag-band-sealing-machine\/#breadcrumb\"},\"inLanguage\":\"de\",\"potentialAction\":[{\"@type\":\"ReadAction\",\"target\":[\"https:\/\/alfequipment.com\/product\/aluminum-body-manual-hand-impulse-sealer-pfs-200-series-plastic-bag-band-sealing-machine\/\"]}]},{\"@type\":\"ImageObject\",\"inLanguage\":\"de\",\"@id\":\"https:\/\/alfequipment.com\/product\/aluminum-body-manual-hand-impulse-sealer-pfs-200-series-plastic-bag-band-sealing-machine\/#primaryimage\",\"url\":\"https:\/\/alfequipment.com\/wp-content\/uploads\/2025\/01\/Aluminum-body-Manual-hand-impulse-sealer-PFS.jpg\",\"contentUrl\":\"https:\/\/alfequipment.com\/wp-content\/uploads\/2025\/01\/Aluminum-body-Manual-hand-impulse-sealer-PFS.jpg\",\"width\":800,\"height\":800},{\"@type\":\"BreadcrumbList\",\"@id\":\"https:\/\/alfequipment.com\/product\/aluminum-body-manual-hand-impulse-sealer-pfs-200-series-plastic-bag-band-sealing-machine\/#breadcrumb\",\"itemListElement\":[{\"@type\":\"ListItem\",\"position\":1,\"name\":\"Home\",\"item\":\"https:\/\/alfequipment.com\/\"},{\"@type\":\"ListItem\",\"position\":2,\"name\":\"Shop\",\"item\":\"https:\/\/alfequipment.com\/shop\/\"},{\"@type\":\"ListItem\",\"position\":3,\"name\":\"Aluminum body Manual hand impulse sealer PFS-200 series plastic bag band sealing machine\"}]},{\"@type\":\"WebSite\",\"@id\":\"https:\/\/alfequipment.com\/#website\",\"url\":\"https:\/\/alfequipment.com\/\",\"name\":\"ALF PACK\",\"description\":\"\",\"publisher\":{\"@id\":\"https:\/\/alfequipment.com\/#organization\"},\"potentialAction\":[{\"@type\":\"SearchAction\",\"target\":{\"@type\":\"EntryPoint\",\"urlTemplate\":\"https:\/\/alfequipment.com\/?s={search_term_string}\"},\"query-input\":{\"@type\":\"PropertyValueSpecification\",\"valueRequired\":true,\"valueName\":\"search_term_string\"}}],\"inLanguage\":\"de\"},{\"@type\":\"Organization\",\"@id\":\"https:\/\/alfequipment.com\/#organization\",\"name\":\"ALF PACK\",\"url\":\"https:\/\/alfequipment.com\/\",\"logo\":{\"@type\":\"ImageObject\",\"inLanguage\":\"de\",\"@id\":\"https:\/\/alfequipment.com\/#\/schema\/logo\/image\/\",\"url\":\"https:\/\/alfequipment.com\/wp-content\/uploads\/2024\/11\/ALFlogo-2.webp\",\"contentUrl\":\"https:\/\/alfequipment.com\/wp-content\/uploads\/2024\/11\/ALFlogo-2.webp\",\"width\":758,\"height\":750,\"caption\":\"ALF PACK\"},\"image\":{\"@id\":\"https:\/\/alfequipment.com\/#\/schema\/logo\/image\/\"}}]}<\/script>\n<!-- \/ Yoast SEO Premium plugin. -->","yoast_head_json":{"title":"Aluminiumgeh\u00e4use Manuelles Hand-Impulsschwei\u00dfger\u00e4t PFS-200 Serie Kunststoffbeutel-Bandschwei\u00dfmaschine - ALF PACK","robots":{"index":"index","follow":"follow","max-snippet":"max-snippet:-1","max-image-preview":"max-image-preview:large","max-video-preview":"max-video-preview:-1"},"canonical":"https:\/\/alfequipment.com\/de\/product\/aluminiumgehause-manuelles-handimpulsschweisgerat-pfs-200-serie-kunststoffbeutel-schweismaschine\/","og_locale":"de_DE","og_type":"article","og_title":"Aluminum body Manual hand impulse sealer PFS-200 series plastic bag band sealing machine","og_description":"Pfs200 Aluminum Body Manual Sealer Plastic Bag Sealing Machine","og_url":"https:\/\/alfequipment.com\/de\/product\/aluminiumgehause-manuelles-handimpulsschweisgerat-pfs-200-serie-kunststoffbeutel-schweismaschine\/","og_site_name":"ALF PACK","article_modified_time":"2025-01-13T14:57:18+00:00","og_image":[{"width":800,"height":800,"url":"https:\/\/alfequipment.com\/wp-content\/uploads\/2025\/01\/Aluminum-body-Manual-hand-impulse-sealer-PFS.jpg","type":"image\/webp"}],"twitter_card":"summary_large_image","schema":{"@context":"https:\/\/schema.org","@graph":[{"@type":"WebPage","@id":"https:\/\/alfequipment.com\/product\/aluminum-body-manual-hand-impulse-sealer-pfs-200-series-plastic-bag-band-sealing-machine\/","url":"https:\/\/alfequipment.com\/product\/aluminum-body-manual-hand-impulse-sealer-pfs-200-series-plastic-bag-band-sealing-machine\/","name":"Aluminiumgeh\u00e4use Manuelles Hand-Impulsschwei\u00dfger\u00e4t PFS-200 Serie Kunststoffbeutel-Bandschwei\u00dfmaschine - ALF PACK","isPartOf":{"@id":"https:\/\/alfequipment.com\/#website"},"primaryImageOfPage":{"@id":"https:\/\/alfequipment.com\/product\/aluminum-body-manual-hand-impulse-sealer-pfs-200-series-plastic-bag-band-sealing-machine\/#primaryimage"},"image":{"@id":"https:\/\/alfequipment.com\/product\/aluminum-body-manual-hand-impulse-sealer-pfs-200-series-plastic-bag-band-sealing-machine\/#primaryimage"},"thumbnailUrl":"https:\/\/alfequipment.com\/wp-content\/uploads\/2025\/01\/Aluminum-body-Manual-hand-impulse-sealer-PFS.jpg","datePublished":"2024-12-10T21:35:31+00:00","dateModified":"2025-01-13T14:57:18+00:00","breadcrumb":{"@id":"https:\/\/alfequipment.com\/product\/aluminum-body-manual-hand-impulse-sealer-pfs-200-series-plastic-bag-band-sealing-machine\/#breadcrumb"},"inLanguage":"de","potentialAction":[{"@type":"ReadAction","target":["https:\/\/alfequipment.com\/product\/aluminum-body-manual-hand-impulse-sealer-pfs-200-series-plastic-bag-band-sealing-machine\/"]}]},{"@type":"ImageObject","inLanguage":"de","@id":"https:\/\/alfequipment.com\/product\/aluminum-body-manual-hand-impulse-sealer-pfs-200-series-plastic-bag-band-sealing-machine\/#primaryimage","url":"https:\/\/alfequipment.com\/wp-content\/uploads\/2025\/01\/Aluminum-body-Manual-hand-impulse-sealer-PFS.jpg","contentUrl":"https:\/\/alfequipment.com\/wp-content\/uploads\/2025\/01\/Aluminum-body-Manual-hand-impulse-sealer-PFS.jpg","width":800,"height":800},{"@type":"BreadcrumbList","@id":"https:\/\/alfequipment.com\/product\/aluminum-body-manual-hand-impulse-sealer-pfs-200-series-plastic-bag-band-sealing-machine\/#breadcrumb","itemListElement":[{"@type":"ListItem","position":1,"name":"Home","item":"https:\/\/alfequipment.com\/"},{"@type":"ListItem","position":2,"name":"Shop","item":"https:\/\/alfequipment.com\/shop\/"},{"@type":"ListItem","position":3,"name":"Aluminum body Manual hand impulse sealer PFS-200 series plastic bag band sealing machine"}]},{"@type":"WebSite","@id":"https:\/\/alfequipment.com\/#website","url":"https:\/\/alfequipment.com\/","name":"ALF PACK","description":"","publisher":{"@id":"https:\/\/alfequipment.com\/#organization"},"potentialAction":[{"@type":"SearchAction","target":{"@type":"EntryPoint","urlTemplate":"https:\/\/alfequipment.com\/?s={search_term_string}"},"query-input":{"@type":"PropertyValueSpecification","valueRequired":true,"valueName":"search_term_string"}}],"inLanguage":"de"},{"@type":"Organization","@id":"https:\/\/alfequipment.com\/#organization","name":"ALF PACK","url":"https:\/\/alfequipment.com\/","logo":{"@type":"ImageObject","inLanguage":"de","@id":"https:\/\/alfequipment.com\/#\/schema\/logo\/image\/","url":"https:\/\/alfequipment.com\/wp-content\/uploads\/2024\/11\/ALFlogo-2.webp","contentUrl":"https:\/\/alfequipment.com\/wp-content\/uploads\/2024\/11\/ALFlogo-2.webp","width":758,"height":750,"caption":"ALF PACK"},"image":{"@id":"https:\/\/alfequipment.com\/#\/schema\/logo\/image\/"}}]}},"_links":{"self":[{"href":"https:\/\/alfequipment.com\/de\/wp-json\/wp\/v2\/product\/3060","targetHints":{"allow":["GET"]}}],"collection":[{"href":"https:\/\/alfequipment.com\/de\/wp-json\/wp\/v2\/product"}],"about":[{"href":"https:\/\/alfequipment.com\/de\/wp-json\/wp\/v2\/types\/product"}],"replies":[{"embeddable":true,"href":"https:\/\/alfequipment.com\/de\/wp-json\/wp\/v2\/comments?post=3060"}],"version-history":[{"count":0,"href":"https:\/\/alfequipment.com\/de\/wp-json\/wp\/v2\/product\/3060\/revisions"}],"wp:featuredmedia":[{"embeddable":true,"href":"https:\/\/alfequipment.com\/de\/wp-json\/wp\/v2\/media\/3061"}],"wp:attachment":[{"href":"https:\/\/alfequipment.com\/de\/wp-json\/wp\/v2\/media?parent=3060"}],"wp:term":[{"taxonomy":"product_brand","embeddable":true,"href":"https:\/\/alfequipment.com\/de\/wp-json\/wp\/v2\/product_brand?post=3060"},{"taxonomy":"product_cat","embeddable":true,"href":"https:\/\/alfequipment.com\/de\/wp-json\/wp\/v2\/product_cat?post=3060"},{"taxonomy":"product_tag","embeddable":true,"href":"https:\/\/alfequipment.com\/de\/wp-json\/wp\/v2\/product_tag?post=3060"}],"curies":[{"name":"wp","href":"https:\/\/api.w.org\/{rel}","templated":true}]}}