{"id":3076,"date":"2024-12-24T14:09:21","date_gmt":"2024-12-24T14:09:21","guid":{"rendered":"https:\/\/alfequipment.com\/product\/dgyf-400a-bottle-cap-sealing-machine-portable-aluminum-foil-induction-sealer\/"},"modified":"2025-01-13T15:02:41","modified_gmt":"2025-01-13T15:02:41","slug":"dgyf-400a-flaschenverschluss-versiegelungsmaschine-tragbares-aluminiumfolien-induktionssiegelgerat","status":"publish","type":"product","link":"https:\/\/alfequipment.com\/de\/product\/dgyf-400a-flaschenverschluss-versiegelungsmaschine-tragbares-aluminiumfolien-induktionssiegelgerat\/","title":{"rendered":"DGYF-400A Flaschenverschlussverschlie\u00dfmaschine Tragbares Aluminiumfolien-Induktionssiegelger\u00e4t"},"content":{"rendered":"<div data-magic-global=\"%7B%22bizId%22%3A17179933680%2C%22pageId%22%3A5045934391%2C%22siteId%22%3A5005331025%7D\" id=\"detail_decorate_root\">\n<div module-id=\"6649501639\" module-title=\"detailProductNavigation\" render=\"true\" class=\"J_module\">\n<div id=\"ali-anchor-AliMagic-7jeid7\" data-section=\"AliMagic-7jeid7\" data-section-title=\"Product Description\" class=\"magic-0\">Die tragbare Induktionsversiegelungsmaschine der Serie DGYF nutzt das Prinzip der elektromagnetischen Induktion, um sofortige hohe Hitze zu erzeugen und Aluminiumfolie zu schmelzen. Dann haftet sie am Spundloch und erreicht das Ziel, nassfest, auslaufsicher, schimmelsicher und l\u00e4nger haltbar zu sein. Jetzt ist es weit verbreitet als Versiegelung Paket Maschine in Branchen wie Pharmazeutika, Pestizide, Pestizide, Schmiermittel und Kosmetika usw. verwendet.<\/div>\n<\/div>\n<div module-id=\"6649501641\" module-title=\"detailLeftImageRightTable\" render=\"true\" class=\"J_module\">\n<div class=\"detail-decorate-json-renderer-container\">\n<div class=\"magic-1\">\n<div class=\"magic-5\">\n<div class=\"magic-3\">\n<div class=\"magic-6\">\n       <img decoding=\"async\" src=\"https:\/\/sc04.alicdn.com\/kf\/H40c51435c24941dbadba143944b39f3aF\/64496\/H40c51435c24941dbadba143944b39f3aF.jpg\" class=\"aligncenter\">\n      <\/div>\n<\/p><\/div>\n<\/p><\/div>\n<div class=\"magic-8\">\n<div class=\"magic-3\">\n<div class=\"ife-detail-decorate-table\">\n<table class=\"has-title all magic-9\">\n<tbody>\n<tr>\n<td colspan=\"1\" rowspan=\"1\">\n<div class=\"magic-10\">\n            Modell\n           <\/div>\n<\/td>\n<td colspan=\"1\" rowspan=\"1\">\n<div class=\"magic-11\">\n            DGYF-400A\n           <\/div>\n<\/td>\n<\/tr>\n<tr>\n<td colspan=\"1\" rowspan=\"1\">\n<div class=\"magic-10\">\n            Spannung\n           <\/div>\n<\/td>\n<td colspan=\"1\" rowspan=\"1\">\n<div class=\"magic-11\">\n            220V 50HZ\n           <\/div>\n<\/td>\n<\/tr>\n<tr>\n<td colspan=\"1\" rowspan=\"1\">\n<div class=\"magic-10\">\n            Strom\n           <\/div>\n<\/td>\n<td colspan=\"1\" rowspan=\"1\">\n<div class=\"magic-11\">\n            600W\n           <\/div>\n<\/td>\n<\/tr>\n<tr>\n<td colspan=\"1\" rowspan=\"1\">\n<div class=\"magic-10\">\n            Kapazit\u00e4t\n           <\/div>\n<\/td>\n<td colspan=\"1\" rowspan=\"1\">\n<div class=\"magic-11\">\n            0-30 St\u00fcck\/Min.\n           <\/div>\n<\/td>\n<\/tr>\n<tr>\n<td colspan=\"1\" rowspan=\"1\">\n<div class=\"magic-10\">\n            Dichtungsdurchmesser\n           <\/div>\n<\/td>\n<td colspan=\"1\" rowspan=\"1\">\n<div class=\"magic-11\">\n            20-100mm\n           <\/div>\n<\/td>\n<\/tr>\n<tr>\n<td colspan=\"1\" rowspan=\"1\">\n<div class=\"magic-10\">\n            Gewicht der Maschine\n           <\/div>\n<\/td>\n<td colspan=\"1\" rowspan=\"1\">\n<div class=\"magic-11\">\n            0,75 kg\n           <\/div>\n<\/td>\n<\/tr>\n<\/tbody>\n<\/table><\/div>\n<\/p><\/div>\n<\/p><\/div>\n<\/p><\/div>\n<\/p><\/div>\n<\/p><\/div>\n<div module-id=\"6649501642\" module-title=\"detailManyImage\" render=\"true\" class=\"J_module\">\n<div class=\"icbu-pc-detailManyImage magic-12\">\n<div class=\"magic-13\">\n    <img decoding=\"async\" src=\"https:\/\/sc04.alicdn.com\/kf\/H5ca4faed29ff4502a7c7be2f1b80e2089\/64496\/H5ca4faed29ff4502a7c7be2f1b80e2089.jpg\" class=\"aligncenter\">\n   <\/div>\n<div class=\"magic-13\">\n    <img decoding=\"async\" src=\"https:\/\/sc04.alicdn.com\/kf\/H6bd246f1fd0c477cbcc2d803331fa106B\/64496\/H6bd246f1fd0c477cbcc2d803331fa106B.jpg\" class=\"aligncenter\">\n   <\/div>\n<\/p><\/div>\n<\/p><\/div>\n<\/div>","protected":false},"excerpt":{"rendered":"<p>Dgyf-400a Verschlie\u00dfmaschine f\u00fcr Flaschendeckel<\/p>","protected":false},"featured_media":3077,"comment_status":"closed","ping_status":"open","template":"","meta":[],"product_brand":[],"product_cat":[120,97],"product_tag":[],"class_list":{"0":"post-3076","1":"product","2":"type-product","3":"status-publish","4":"has-post-thumbnail","6":"product_cat-induction-sealer","7":"product_cat-sealing-machines","9":"first","10":"instock","11":"sale","12":"purchasable","13":"product-type-simple"},"yoast_head":"<!-- This site is optimized with the Yoast SEO Premium plugin v20.9 (Yoast SEO v26.5) - https:\/\/yoast.com\/wordpress\/plugins\/seo\/ -->\n<title>DGYF-400A Bottle Cap Sealing Machine Portable aluminum foil induction sealer - ALF PACK<\/title>\n<meta name=\"robots\" content=\"index, follow, max-snippet:-1, max-image-preview:large, max-video-preview:-1\" \/>\n<link rel=\"canonical\" href=\"https:\/\/alfequipment.com\/de\/product\/dgyf-400a-flaschenverschluss-versiegelungsmaschine-tragbares-aluminiumfolien-induktionssiegelgerat\/\" \/>\n<meta property=\"og:locale\" content=\"de_DE\" \/>\n<meta property=\"og:type\" content=\"article\" \/>\n<meta property=\"og:title\" content=\"DGYF-400A Bottle Cap Sealing Machine Portable aluminum foil induction sealer\" \/>\n<meta property=\"og:description\" content=\"Dgyf-400a Bottle Cap Sealing Machine\" \/>\n<meta property=\"og:url\" content=\"https:\/\/alfequipment.com\/de\/product\/dgyf-400a-flaschenverschluss-versiegelungsmaschine-tragbares-aluminiumfolien-induktionssiegelgerat\/\" \/>\n<meta property=\"og:site_name\" content=\"ALF PACK\" \/>\n<meta property=\"article:modified_time\" content=\"2025-01-13T15:02:41+00:00\" \/>\n<meta property=\"og:image\" content=\"https:\/\/alfequipment.com\/wp-content\/uploads\/2025\/01\/DGYF-400A-Bottle-Cap-Sealing-Machine-Portable.jpg\" \/>\n\t<meta property=\"og:image:width\" content=\"1000\" \/>\n\t<meta property=\"og:image:height\" content=\"1000\" \/>\n\t<meta property=\"og:image:type\" content=\"image\/webp\" \/>\n<meta name=\"twitter:card\" content=\"summary_large_image\" \/>\n<script type=\"application\/ld+json\" class=\"yoast-schema-graph\">{\"@context\":\"https:\/\/schema.org\",\"@graph\":[{\"@type\":\"WebPage\",\"@id\":\"https:\/\/alfequipment.com\/product\/dgyf-400a-bottle-cap-sealing-machine-portable-aluminum-foil-induction-sealer\/\",\"url\":\"https:\/\/alfequipment.com\/product\/dgyf-400a-bottle-cap-sealing-machine-portable-aluminum-foil-induction-sealer\/\",\"name\":\"DGYF-400A Bottle Cap Sealing Machine Portable aluminum foil induction sealer - ALF PACK\",\"isPartOf\":{\"@id\":\"https:\/\/alfequipment.com\/#website\"},\"primaryImageOfPage\":{\"@id\":\"https:\/\/alfequipment.com\/product\/dgyf-400a-bottle-cap-sealing-machine-portable-aluminum-foil-induction-sealer\/#primaryimage\"},\"image\":{\"@id\":\"https:\/\/alfequipment.com\/product\/dgyf-400a-bottle-cap-sealing-machine-portable-aluminum-foil-induction-sealer\/#primaryimage\"},\"thumbnailUrl\":\"https:\/\/alfequipment.com\/wp-content\/uploads\/2025\/01\/DGYF-400A-Bottle-Cap-Sealing-Machine-Portable.jpg\",\"datePublished\":\"2024-12-24T14:09:21+00:00\",\"dateModified\":\"2025-01-13T15:02:41+00:00\",\"breadcrumb\":{\"@id\":\"https:\/\/alfequipment.com\/product\/dgyf-400a-bottle-cap-sealing-machine-portable-aluminum-foil-induction-sealer\/#breadcrumb\"},\"inLanguage\":\"de\",\"potentialAction\":[{\"@type\":\"ReadAction\",\"target\":[\"https:\/\/alfequipment.com\/product\/dgyf-400a-bottle-cap-sealing-machine-portable-aluminum-foil-induction-sealer\/\"]}]},{\"@type\":\"ImageObject\",\"inLanguage\":\"de\",\"@id\":\"https:\/\/alfequipment.com\/product\/dgyf-400a-bottle-cap-sealing-machine-portable-aluminum-foil-induction-sealer\/#primaryimage\",\"url\":\"https:\/\/alfequipment.com\/wp-content\/uploads\/2025\/01\/DGYF-400A-Bottle-Cap-Sealing-Machine-Portable.jpg\",\"contentUrl\":\"https:\/\/alfequipment.com\/wp-content\/uploads\/2025\/01\/DGYF-400A-Bottle-Cap-Sealing-Machine-Portable.jpg\",\"width\":1000,\"height\":1000},{\"@type\":\"BreadcrumbList\",\"@id\":\"https:\/\/alfequipment.com\/product\/dgyf-400a-bottle-cap-sealing-machine-portable-aluminum-foil-induction-sealer\/#breadcrumb\",\"itemListElement\":[{\"@type\":\"ListItem\",\"position\":1,\"name\":\"Home\",\"item\":\"https:\/\/alfequipment.com\/\"},{\"@type\":\"ListItem\",\"position\":2,\"name\":\"Shop\",\"item\":\"https:\/\/alfequipment.com\/shop\/\"},{\"@type\":\"ListItem\",\"position\":3,\"name\":\"DGYF-400A Bottle Cap Sealing Machine Portable aluminum foil induction sealer\"}]},{\"@type\":\"WebSite\",\"@id\":\"https:\/\/alfequipment.com\/#website\",\"url\":\"https:\/\/alfequipment.com\/\",\"name\":\"ALF PACK\",\"description\":\"\",\"publisher\":{\"@id\":\"https:\/\/alfequipment.com\/#organization\"},\"potentialAction\":[{\"@type\":\"SearchAction\",\"target\":{\"@type\":\"EntryPoint\",\"urlTemplate\":\"https:\/\/alfequipment.com\/?s={search_term_string}\"},\"query-input\":{\"@type\":\"PropertyValueSpecification\",\"valueRequired\":true,\"valueName\":\"search_term_string\"}}],\"inLanguage\":\"de\"},{\"@type\":\"Organization\",\"@id\":\"https:\/\/alfequipment.com\/#organization\",\"name\":\"ALF PACK\",\"url\":\"https:\/\/alfequipment.com\/\",\"logo\":{\"@type\":\"ImageObject\",\"inLanguage\":\"de\",\"@id\":\"https:\/\/alfequipment.com\/#\/schema\/logo\/image\/\",\"url\":\"https:\/\/alfequipment.com\/wp-content\/uploads\/2024\/11\/ALFlogo-2.webp\",\"contentUrl\":\"https:\/\/alfequipment.com\/wp-content\/uploads\/2024\/11\/ALFlogo-2.webp\",\"width\":758,\"height\":750,\"caption\":\"ALF PACK\"},\"image\":{\"@id\":\"https:\/\/alfequipment.com\/#\/schema\/logo\/image\/\"}}]}<\/script>\n<!-- \/ Yoast SEO Premium plugin. -->","yoast_head_json":{"title":"DGYF-400A Versiegelungsmaschine f\u00fcr Flaschenverschl\u00fcsse Tragbares Aluminiumfolien-Induktionssiegelger\u00e4t - ALF PACK","robots":{"index":"index","follow":"follow","max-snippet":"max-snippet:-1","max-image-preview":"max-image-preview:large","max-video-preview":"max-video-preview:-1"},"canonical":"https:\/\/alfequipment.com\/de\/product\/dgyf-400a-flaschenverschluss-versiegelungsmaschine-tragbares-aluminiumfolien-induktionssiegelgerat\/","og_locale":"de_DE","og_type":"article","og_title":"DGYF-400A Bottle Cap Sealing Machine Portable aluminum foil induction sealer","og_description":"Dgyf-400a Bottle Cap Sealing Machine","og_url":"https:\/\/alfequipment.com\/de\/product\/dgyf-400a-flaschenverschluss-versiegelungsmaschine-tragbares-aluminiumfolien-induktionssiegelgerat\/","og_site_name":"ALF PACK","article_modified_time":"2025-01-13T15:02:41+00:00","og_image":[{"width":1000,"height":1000,"url":"https:\/\/alfequipment.com\/wp-content\/uploads\/2025\/01\/DGYF-400A-Bottle-Cap-Sealing-Machine-Portable.jpg","type":"image\/webp"}],"twitter_card":"summary_large_image","schema":{"@context":"https:\/\/schema.org","@graph":[{"@type":"WebPage","@id":"https:\/\/alfequipment.com\/product\/dgyf-400a-bottle-cap-sealing-machine-portable-aluminum-foil-induction-sealer\/","url":"https:\/\/alfequipment.com\/product\/dgyf-400a-bottle-cap-sealing-machine-portable-aluminum-foil-induction-sealer\/","name":"DGYF-400A Versiegelungsmaschine f\u00fcr Flaschenverschl\u00fcsse Tragbares Aluminiumfolien-Induktionssiegelger\u00e4t - ALF PACK","isPartOf":{"@id":"https:\/\/alfequipment.com\/#website"},"primaryImageOfPage":{"@id":"https:\/\/alfequipment.com\/product\/dgyf-400a-bottle-cap-sealing-machine-portable-aluminum-foil-induction-sealer\/#primaryimage"},"image":{"@id":"https:\/\/alfequipment.com\/product\/dgyf-400a-bottle-cap-sealing-machine-portable-aluminum-foil-induction-sealer\/#primaryimage"},"thumbnailUrl":"https:\/\/alfequipment.com\/wp-content\/uploads\/2025\/01\/DGYF-400A-Bottle-Cap-Sealing-Machine-Portable.jpg","datePublished":"2024-12-24T14:09:21+00:00","dateModified":"2025-01-13T15:02:41+00:00","breadcrumb":{"@id":"https:\/\/alfequipment.com\/product\/dgyf-400a-bottle-cap-sealing-machine-portable-aluminum-foil-induction-sealer\/#breadcrumb"},"inLanguage":"de","potentialAction":[{"@type":"ReadAction","target":["https:\/\/alfequipment.com\/product\/dgyf-400a-bottle-cap-sealing-machine-portable-aluminum-foil-induction-sealer\/"]}]},{"@type":"ImageObject","inLanguage":"de","@id":"https:\/\/alfequipment.com\/product\/dgyf-400a-bottle-cap-sealing-machine-portable-aluminum-foil-induction-sealer\/#primaryimage","url":"https:\/\/alfequipment.com\/wp-content\/uploads\/2025\/01\/DGYF-400A-Bottle-Cap-Sealing-Machine-Portable.jpg","contentUrl":"https:\/\/alfequipment.com\/wp-content\/uploads\/2025\/01\/DGYF-400A-Bottle-Cap-Sealing-Machine-Portable.jpg","width":1000,"height":1000},{"@type":"BreadcrumbList","@id":"https:\/\/alfequipment.com\/product\/dgyf-400a-bottle-cap-sealing-machine-portable-aluminum-foil-induction-sealer\/#breadcrumb","itemListElement":[{"@type":"ListItem","position":1,"name":"Home","item":"https:\/\/alfequipment.com\/"},{"@type":"ListItem","position":2,"name":"Shop","item":"https:\/\/alfequipment.com\/shop\/"},{"@type":"ListItem","position":3,"name":"DGYF-400A Bottle Cap Sealing Machine Portable aluminum foil induction sealer"}]},{"@type":"WebSite","@id":"https:\/\/alfequipment.com\/#website","url":"https:\/\/alfequipment.com\/","name":"ALF PACK","description":"","publisher":{"@id":"https:\/\/alfequipment.com\/#organization"},"potentialAction":[{"@type":"SearchAction","target":{"@type":"EntryPoint","urlTemplate":"https:\/\/alfequipment.com\/?s={search_term_string}"},"query-input":{"@type":"PropertyValueSpecification","valueRequired":true,"valueName":"search_term_string"}}],"inLanguage":"de"},{"@type":"Organization","@id":"https:\/\/alfequipment.com\/#organization","name":"ALF PACK","url":"https:\/\/alfequipment.com\/","logo":{"@type":"ImageObject","inLanguage":"de","@id":"https:\/\/alfequipment.com\/#\/schema\/logo\/image\/","url":"https:\/\/alfequipment.com\/wp-content\/uploads\/2024\/11\/ALFlogo-2.webp","contentUrl":"https:\/\/alfequipment.com\/wp-content\/uploads\/2024\/11\/ALFlogo-2.webp","width":758,"height":750,"caption":"ALF PACK"},"image":{"@id":"https:\/\/alfequipment.com\/#\/schema\/logo\/image\/"}}]}},"_links":{"self":[{"href":"https:\/\/alfequipment.com\/de\/wp-json\/wp\/v2\/product\/3076","targetHints":{"allow":["GET"]}}],"collection":[{"href":"https:\/\/alfequipment.com\/de\/wp-json\/wp\/v2\/product"}],"about":[{"href":"https:\/\/alfequipment.com\/de\/wp-json\/wp\/v2\/types\/product"}],"replies":[{"embeddable":true,"href":"https:\/\/alfequipment.com\/de\/wp-json\/wp\/v2\/comments?post=3076"}],"version-history":[{"count":0,"href":"https:\/\/alfequipment.com\/de\/wp-json\/wp\/v2\/product\/3076\/revisions"}],"wp:featuredmedia":[{"embeddable":true,"href":"https:\/\/alfequipment.com\/de\/wp-json\/wp\/v2\/media\/3077"}],"wp:attachment":[{"href":"https:\/\/alfequipment.com\/de\/wp-json\/wp\/v2\/media?parent=3076"}],"wp:term":[{"taxonomy":"product_brand","embeddable":true,"href":"https:\/\/alfequipment.com\/de\/wp-json\/wp\/v2\/product_brand?post=3076"},{"taxonomy":"product_cat","embeddable":true,"href":"https:\/\/alfequipment.com\/de\/wp-json\/wp\/v2\/product_cat?post=3076"},{"taxonomy":"product_tag","embeddable":true,"href":"https:\/\/alfequipment.com\/de\/wp-json\/wp\/v2\/product_tag?post=3076"}],"curies":[{"name":"wp","href":"https:\/\/api.w.org\/{rel}","templated":true}]}}