{"id":3106,"date":"2025-01-12T15:38:14","date_gmt":"2025-01-12T15:38:14","guid":{"rendered":"https:\/\/alfequipment.com\/product\/tp1650f-pre-stretch-and-tp1650cs-top-plate-automatic-pallet-wrapping-machine\/"},"modified":"2025-01-14T06:20:48","modified_gmt":"2025-01-14T06:20:48","slug":"tp1650f-pre-stretch-und-tp1650cs-top-plate-automatische-palettenwickelmaschine","status":"publish","type":"product","link":"https:\/\/alfequipment.com\/de\/product\/tp1650f-pre-stretch-und-tp1650cs-top-plate-automatische-palettenwickelmaschine\/","title":{"rendered":"TP1650F Vorstreckung und TP1650CS Oberplatte Automatische Palettenwickelmaschine"},"content":{"rendered":"<div id=\"ali-anchor-description\" data-section=\"description\"><\/p>\n<p>1. die PLC-Steuerung<\/p>\n<p>2. automatisches Erfassen der Palettenh\u00f6he mit Hilfe von Fotoaugen<\/p>\n<p>3. die Vorstreckeinrichtung f\u00fchrt die Folie automatisch zu<\/p>\n<p>4. 250% k\u00f6nnen vorgestreckt werden, um den Folienverbrauch zu reduzieren.<\/p>\n<p>5. separate Z\u00e4hleroptionen f\u00fcr oben, unten und oben-unten wickeln<\/p>\n<p>6. Einstellung der Filmspannung am Bedienfeld<\/p>\n<p>7. variable Geschwindigkeit des Drehtisches; Steuerung der Geschwindigkeit des Wagens nach oben\/unten<\/p>\n<p>8. manuell\/automatisch austauschbar<\/p>\n<p>&nbsp;<\/p>\n<p>&nbsp;<\/p>\n<table class=\"aliDataTable\" style=\"width: 80%;\" border=\"1\">\n<tbody>\n<tr>\n<td>Modell<\/td>\n<td>TP1650F TP1650CS<\/td>\n<\/tr>\n<tr>\n<td>Gr\u00f6\u00dfe der Umh\u00fcllung (mm)<\/td>\n<td>L500-1200mm*W500-1200mm<\/td>\n<\/tr>\n<tr>\n<td>Durchmesser des Drehtellers<\/td>\n<td><span style=\"color: #333333; font-family: arial; font-size: 13px; line-height: 20px;\">\u03a61650mm ( <span style=\"color: #333333; font-family: arial; font-size: 13px; line-height: 20px;\">\u03a61500mm\/ <span style=\"color: #333333; font-family: arial; font-size: 13px; line-height: 20px;\">\u03a6<\/span>&nbsp;1800mm<\/span>)<\/span><\/td>\n<\/tr>\n<tr>\n<td>H\u00f6he des Drehtisches<\/td>\n<td>85mm<\/td>\n<\/tr>\n<tr>\n<td>Geschwindigkeit des Drehtisches<\/td>\n<td>1-12U\/min<\/td>\n<\/tr>\n<tr>\n<td>Gewicht der Drehscheibe<\/td>\n<td>2000KGS<\/td>\n<\/tr>\n<tr>\n<td>H\u00f6he der Umh\u00fcllung<\/td>\n<td>1000-1800mm<\/td>\n<\/tr>\n<tr>\n<td>Stretch-System<\/td>\n<td>250-400% Vorstreckungsrate<\/td>\n<\/tr>\n<tr>\n<td>Stromversorgung<\/td>\n<td>220V 50HZ 1.23KW<\/td>\n<\/tr>\n<tr>\n<td>Gewicht der Maschine<\/td>\n<td>500KGS<\/td>\n<\/tr>\n<tr>\n<td>Optional<\/td>\n<td>Rampe\/Aufsatzplatte\/2400-3000mm H\u00f6he\/3 Tonnen<\/td>\n<\/tr>\n<\/tbody>\n<\/table>\n<p>&nbsp;<\/p>\n<div id=\"ali-anchor-packaging\" style=\"margin-top: 15px; height: auto;\" data-section=\"packaging\">&nbsp; &nbsp;&nbsp;<\/div>\n<\/div>","protected":false},"excerpt":{"rendered":"<p>Automatische Palettenwickelmaschine mit Vorstreckfoliensystem und Deckplatte<\/p>","protected":false},"featured_media":3107,"comment_status":"closed","ping_status":"open","template":"","meta":[],"product_brand":[],"product_cat":[124,98],"product_tag":[],"class_list":{"0":"post-3106","1":"product","2":"type-product","3":"status-publish","4":"has-post-thumbnail","6":"product_cat-stretch-pallet-wrapping-machine","7":"product_cat-wrapping-machines","9":"first","10":"instock","11":"sale","12":"purchasable","13":"product-type-simple"},"yoast_head":"<!-- This site is optimized with the Yoast SEO Premium plugin v20.9 (Yoast SEO v26.5) - https:\/\/yoast.com\/wordpress\/plugins\/seo\/ -->\n<title>TP1650F Pre-stretch and TP1650CS Top plate Automatic pallet wrapping machine - ALF PACK<\/title>\n<meta name=\"robots\" content=\"index, follow, max-snippet:-1, max-image-preview:large, max-video-preview:-1\" \/>\n<link rel=\"canonical\" href=\"https:\/\/alfequipment.com\/de\/product\/tp1650f-pre-stretch-und-tp1650cs-top-plate-automatische-palettenwickelmaschine\/\" \/>\n<meta property=\"og:locale\" content=\"de_DE\" \/>\n<meta property=\"og:type\" content=\"article\" \/>\n<meta property=\"og:title\" content=\"TP1650F Pre-stretch and TP1650CS Top plate Automatic pallet wrapping machine\" \/>\n<meta property=\"og:description\" content=\"Automatic Pallet Wrapping Machine With Pre-stretch Film System And Top Plate\" \/>\n<meta property=\"og:url\" content=\"https:\/\/alfequipment.com\/de\/product\/tp1650f-pre-stretch-und-tp1650cs-top-plate-automatische-palettenwickelmaschine\/\" \/>\n<meta property=\"og:site_name\" content=\"ALF PACK\" \/>\n<meta property=\"article:modified_time\" content=\"2025-01-14T06:20:48+00:00\" \/>\n<meta property=\"og:image\" content=\"https:\/\/alfequipment.com\/wp-content\/uploads\/2025\/01\/TP1650F-Pre-stretch-and-TP1650CS-Top-plate.jpg\" \/>\n\t<meta property=\"og:image:width\" content=\"800\" \/>\n\t<meta property=\"og:image:height\" content=\"800\" \/>\n\t<meta property=\"og:image:type\" content=\"image\/webp\" \/>\n<meta name=\"twitter:card\" content=\"summary_large_image\" \/>\n<meta name=\"twitter:label1\" content=\"Gesch\u00e4tzte Lesezeit\" \/>\n\t<meta name=\"twitter:data1\" content=\"1\u00a0Minute\" \/>\n<script type=\"application\/ld+json\" class=\"yoast-schema-graph\">{\"@context\":\"https:\/\/schema.org\",\"@graph\":[{\"@type\":\"WebPage\",\"@id\":\"https:\/\/alfequipment.com\/product\/tp1650f-pre-stretch-and-tp1650cs-top-plate-automatic-pallet-wrapping-machine\/\",\"url\":\"https:\/\/alfequipment.com\/product\/tp1650f-pre-stretch-and-tp1650cs-top-plate-automatic-pallet-wrapping-machine\/\",\"name\":\"TP1650F Pre-stretch and TP1650CS Top plate Automatic pallet wrapping machine - ALF PACK\",\"isPartOf\":{\"@id\":\"https:\/\/alfequipment.com\/#website\"},\"primaryImageOfPage\":{\"@id\":\"https:\/\/alfequipment.com\/product\/tp1650f-pre-stretch-and-tp1650cs-top-plate-automatic-pallet-wrapping-machine\/#primaryimage\"},\"image\":{\"@id\":\"https:\/\/alfequipment.com\/product\/tp1650f-pre-stretch-and-tp1650cs-top-plate-automatic-pallet-wrapping-machine\/#primaryimage\"},\"thumbnailUrl\":\"https:\/\/alfequipment.com\/wp-content\/uploads\/2025\/01\/TP1650F-Pre-stretch-and-TP1650CS-Top-plate.jpg\",\"datePublished\":\"2025-01-12T15:38:14+00:00\",\"dateModified\":\"2025-01-14T06:20:48+00:00\",\"breadcrumb\":{\"@id\":\"https:\/\/alfequipment.com\/product\/tp1650f-pre-stretch-and-tp1650cs-top-plate-automatic-pallet-wrapping-machine\/#breadcrumb\"},\"inLanguage\":\"de\",\"potentialAction\":[{\"@type\":\"ReadAction\",\"target\":[\"https:\/\/alfequipment.com\/product\/tp1650f-pre-stretch-and-tp1650cs-top-plate-automatic-pallet-wrapping-machine\/\"]}]},{\"@type\":\"ImageObject\",\"inLanguage\":\"de\",\"@id\":\"https:\/\/alfequipment.com\/product\/tp1650f-pre-stretch-and-tp1650cs-top-plate-automatic-pallet-wrapping-machine\/#primaryimage\",\"url\":\"https:\/\/alfequipment.com\/wp-content\/uploads\/2025\/01\/TP1650F-Pre-stretch-and-TP1650CS-Top-plate.jpg\",\"contentUrl\":\"https:\/\/alfequipment.com\/wp-content\/uploads\/2025\/01\/TP1650F-Pre-stretch-and-TP1650CS-Top-plate.jpg\",\"width\":800,\"height\":800},{\"@type\":\"BreadcrumbList\",\"@id\":\"https:\/\/alfequipment.com\/product\/tp1650f-pre-stretch-and-tp1650cs-top-plate-automatic-pallet-wrapping-machine\/#breadcrumb\",\"itemListElement\":[{\"@type\":\"ListItem\",\"position\":1,\"name\":\"Home\",\"item\":\"https:\/\/alfequipment.com\/\"},{\"@type\":\"ListItem\",\"position\":2,\"name\":\"Shop\",\"item\":\"https:\/\/alfequipment.com\/shop\/\"},{\"@type\":\"ListItem\",\"position\":3,\"name\":\"TP1650F Pre-stretch and TP1650CS Top plate Automatic pallet wrapping machine\"}]},{\"@type\":\"WebSite\",\"@id\":\"https:\/\/alfequipment.com\/#website\",\"url\":\"https:\/\/alfequipment.com\/\",\"name\":\"ALF PACK\",\"description\":\"\",\"publisher\":{\"@id\":\"https:\/\/alfequipment.com\/#organization\"},\"potentialAction\":[{\"@type\":\"SearchAction\",\"target\":{\"@type\":\"EntryPoint\",\"urlTemplate\":\"https:\/\/alfequipment.com\/?s={search_term_string}\"},\"query-input\":{\"@type\":\"PropertyValueSpecification\",\"valueRequired\":true,\"valueName\":\"search_term_string\"}}],\"inLanguage\":\"de\"},{\"@type\":\"Organization\",\"@id\":\"https:\/\/alfequipment.com\/#organization\",\"name\":\"ALF PACK\",\"url\":\"https:\/\/alfequipment.com\/\",\"logo\":{\"@type\":\"ImageObject\",\"inLanguage\":\"de\",\"@id\":\"https:\/\/alfequipment.com\/#\/schema\/logo\/image\/\",\"url\":\"https:\/\/alfequipment.com\/wp-content\/uploads\/2024\/11\/ALFlogo-2.webp\",\"contentUrl\":\"https:\/\/alfequipment.com\/wp-content\/uploads\/2024\/11\/ALFlogo-2.webp\",\"width\":758,\"height\":750,\"caption\":\"ALF PACK\"},\"image\":{\"@id\":\"https:\/\/alfequipment.com\/#\/schema\/logo\/image\/\"}}]}<\/script>\n<!-- \/ Yoast SEO Premium plugin. -->","yoast_head_json":{"title":"TP1650F Vorstreckung und TP1650CS Oberplatte Automatische Palettenwickelmaschine - ALF PACK","robots":{"index":"index","follow":"follow","max-snippet":"max-snippet:-1","max-image-preview":"max-image-preview:large","max-video-preview":"max-video-preview:-1"},"canonical":"https:\/\/alfequipment.com\/de\/product\/tp1650f-pre-stretch-und-tp1650cs-top-plate-automatische-palettenwickelmaschine\/","og_locale":"de_DE","og_type":"article","og_title":"TP1650F Pre-stretch and TP1650CS Top plate Automatic pallet wrapping machine","og_description":"Automatic Pallet Wrapping Machine With Pre-stretch Film System And Top Plate","og_url":"https:\/\/alfequipment.com\/de\/product\/tp1650f-pre-stretch-und-tp1650cs-top-plate-automatische-palettenwickelmaschine\/","og_site_name":"ALF PACK","article_modified_time":"2025-01-14T06:20:48+00:00","og_image":[{"width":800,"height":800,"url":"https:\/\/alfequipment.com\/wp-content\/uploads\/2025\/01\/TP1650F-Pre-stretch-and-TP1650CS-Top-plate.jpg","type":"image\/webp"}],"twitter_card":"summary_large_image","twitter_misc":{"Gesch\u00e4tzte Lesezeit":"1\u00a0Minute"},"schema":{"@context":"https:\/\/schema.org","@graph":[{"@type":"WebPage","@id":"https:\/\/alfequipment.com\/product\/tp1650f-pre-stretch-and-tp1650cs-top-plate-automatic-pallet-wrapping-machine\/","url":"https:\/\/alfequipment.com\/product\/tp1650f-pre-stretch-and-tp1650cs-top-plate-automatic-pallet-wrapping-machine\/","name":"TP1650F Vorstreckung und TP1650CS Oberplatte Automatische Palettenwickelmaschine - ALF PACK","isPartOf":{"@id":"https:\/\/alfequipment.com\/#website"},"primaryImageOfPage":{"@id":"https:\/\/alfequipment.com\/product\/tp1650f-pre-stretch-and-tp1650cs-top-plate-automatic-pallet-wrapping-machine\/#primaryimage"},"image":{"@id":"https:\/\/alfequipment.com\/product\/tp1650f-pre-stretch-and-tp1650cs-top-plate-automatic-pallet-wrapping-machine\/#primaryimage"},"thumbnailUrl":"https:\/\/alfequipment.com\/wp-content\/uploads\/2025\/01\/TP1650F-Pre-stretch-and-TP1650CS-Top-plate.jpg","datePublished":"2025-01-12T15:38:14+00:00","dateModified":"2025-01-14T06:20:48+00:00","breadcrumb":{"@id":"https:\/\/alfequipment.com\/product\/tp1650f-pre-stretch-and-tp1650cs-top-plate-automatic-pallet-wrapping-machine\/#breadcrumb"},"inLanguage":"de","potentialAction":[{"@type":"ReadAction","target":["https:\/\/alfequipment.com\/product\/tp1650f-pre-stretch-and-tp1650cs-top-plate-automatic-pallet-wrapping-machine\/"]}]},{"@type":"ImageObject","inLanguage":"de","@id":"https:\/\/alfequipment.com\/product\/tp1650f-pre-stretch-and-tp1650cs-top-plate-automatic-pallet-wrapping-machine\/#primaryimage","url":"https:\/\/alfequipment.com\/wp-content\/uploads\/2025\/01\/TP1650F-Pre-stretch-and-TP1650CS-Top-plate.jpg","contentUrl":"https:\/\/alfequipment.com\/wp-content\/uploads\/2025\/01\/TP1650F-Pre-stretch-and-TP1650CS-Top-plate.jpg","width":800,"height":800},{"@type":"BreadcrumbList","@id":"https:\/\/alfequipment.com\/product\/tp1650f-pre-stretch-and-tp1650cs-top-plate-automatic-pallet-wrapping-machine\/#breadcrumb","itemListElement":[{"@type":"ListItem","position":1,"name":"Home","item":"https:\/\/alfequipment.com\/"},{"@type":"ListItem","position":2,"name":"Shop","item":"https:\/\/alfequipment.com\/shop\/"},{"@type":"ListItem","position":3,"name":"TP1650F Pre-stretch and TP1650CS Top plate Automatic pallet wrapping machine"}]},{"@type":"WebSite","@id":"https:\/\/alfequipment.com\/#website","url":"https:\/\/alfequipment.com\/","name":"ALF PACK","description":"","publisher":{"@id":"https:\/\/alfequipment.com\/#organization"},"potentialAction":[{"@type":"SearchAction","target":{"@type":"EntryPoint","urlTemplate":"https:\/\/alfequipment.com\/?s={search_term_string}"},"query-input":{"@type":"PropertyValueSpecification","valueRequired":true,"valueName":"search_term_string"}}],"inLanguage":"de"},{"@type":"Organization","@id":"https:\/\/alfequipment.com\/#organization","name":"ALF PACK","url":"https:\/\/alfequipment.com\/","logo":{"@type":"ImageObject","inLanguage":"de","@id":"https:\/\/alfequipment.com\/#\/schema\/logo\/image\/","url":"https:\/\/alfequipment.com\/wp-content\/uploads\/2024\/11\/ALFlogo-2.webp","contentUrl":"https:\/\/alfequipment.com\/wp-content\/uploads\/2024\/11\/ALFlogo-2.webp","width":758,"height":750,"caption":"ALF PACK"},"image":{"@id":"https:\/\/alfequipment.com\/#\/schema\/logo\/image\/"}}]}},"_links":{"self":[{"href":"https:\/\/alfequipment.com\/de\/wp-json\/wp\/v2\/product\/3106","targetHints":{"allow":["GET"]}}],"collection":[{"href":"https:\/\/alfequipment.com\/de\/wp-json\/wp\/v2\/product"}],"about":[{"href":"https:\/\/alfequipment.com\/de\/wp-json\/wp\/v2\/types\/product"}],"replies":[{"embeddable":true,"href":"https:\/\/alfequipment.com\/de\/wp-json\/wp\/v2\/comments?post=3106"}],"version-history":[{"count":0,"href":"https:\/\/alfequipment.com\/de\/wp-json\/wp\/v2\/product\/3106\/revisions"}],"wp:featuredmedia":[{"embeddable":true,"href":"https:\/\/alfequipment.com\/de\/wp-json\/wp\/v2\/media\/3107"}],"wp:attachment":[{"href":"https:\/\/alfequipment.com\/de\/wp-json\/wp\/v2\/media?parent=3106"}],"wp:term":[{"taxonomy":"product_brand","embeddable":true,"href":"https:\/\/alfequipment.com\/de\/wp-json\/wp\/v2\/product_brand?post=3106"},{"taxonomy":"product_cat","embeddable":true,"href":"https:\/\/alfequipment.com\/de\/wp-json\/wp\/v2\/product_cat?post=3106"},{"taxonomy":"product_tag","embeddable":true,"href":"https:\/\/alfequipment.com\/de\/wp-json\/wp\/v2\/product_tag?post=3106"}],"curies":[{"name":"wp","href":"https:\/\/api.w.org\/{rel}","templated":true}]}}