{"id":3110,"date":"2025-01-04T14:45:35","date_gmt":"2025-01-04T14:45:35","guid":{"rendered":"https:\/\/alfequipment.com\/product\/dbc800s-semi-automatic-stretch-film-wrapping-machine-with-top-pressure-plate\/"},"modified":"2025-01-14T06:20:48","modified_gmt":"2025-01-14T06:20:48","slug":"dbc800s-halbautomatische-stretchfolienwickelmaschine-mit-oberer-druckplatte","status":"publish","type":"product","link":"https:\/\/alfequipment.com\/de\/product\/dbc800s-halbautomatische-stretchfolienwickelmaschine-mit-oberer-druckplatte\/","title":{"rendered":"DBC800S Halbautomatische Stretchfolienwickelmaschine mit oberer Druckplatte"},"content":{"rendered":"<div>\n<div style=\"vertical-align: top;padding-top: 15px; padding-bottom: 15px;\">\n<div style=\"vertical-align: top;padding-top: 10px; padding-bottom: 10px; margin-right: -4px; margin-left: -4px;\">\n<div style=\"vertical-align: top; box-sizing: border-box; padding-right: 4px; padding-left: 4px;margin-top: -4px; margin-bottom: -4px;\">\n<div id=\"k6z0z\" style=\"vertical-align: top; box-sizing: border-box; padding-top: 4px; padding-bottom: 4px\">Dieser Wrapper ist speziell f\u00fcr die Verpackung von kleinen und mittelgro\u00dfen Objekten in Kartons oder direkt auf der Drehplattform ohne Palette konzipiert. Und die obere Platte ist eine Option f\u00fcr die instabilen Waren und gew\u00e4hrleisten es Sicherheit Verpackung. Die Maschine ist weithin geeignet f\u00fcr Waren mit geringem Gewicht, die manuell geladen werden k\u00f6nnen &amp; entladen von der Maschine.&nbsp;<\/div>\n<div id=\"lsxs5\" style=\"vertical-align: top; box-sizing: border-box; padding-top: 4px; padding-bottom: 4px\">\n<p style=\"margin:0;padding:0;\">Es ist mit oberen Druckplatte, wird mehr fest sein.<\/p>\n<\/p><\/div>\n<\/p><\/div>\n<\/p><\/div>\n<div style=\"vertical-align: top;padding-top: 10px; padding-bottom: 10px; margin-right: -4px; margin-left: -4px;\">\n<div id=\"ixxon\" style=\"vertical-align: top; box-sizing: border-box; padding-right: 4px; padding-left: 4px\">\n<table style=\"width: auto; border-collapse: collapse;\" class=\"aliDataTable\">\n<tbody>\n<tr>\n<td style=\"background-color: rgb(218, 226, 237);\">\n<div style=\"width: 241px; height: 22px; padding: 5px 10px; overflow: hidden;\">\n          Modell\n         <\/div>\n<\/td>\n<td>\n<div style=\"width: 459px; height: auto; padding: 5px 10px; overflow: hidden;\">\n          DBC800S\n         <\/div>\n<\/td>\n<\/tr>\n<tr>\n<td style=\"background-color: rgb(218, 226, 237);\">\n<div style=\"width: 241px; height: 22px; padding: 5px 10px; overflow: hidden;\">\n          Spannung\n         <\/div>\n<\/td>\n<td>\n<div style=\"width: 459px; height: 22px; padding: 5px 10px; overflow: hidden;\">\n          220V\/110V 50\/60HZ\n         <\/div>\n<\/td>\n<\/tr>\n<tr>\n<td style=\"background-color: rgb(218, 226, 237);\">\n<div style=\"width: 241px; height: 22px; padding: 5px 10px; overflow: hidden;\">\n          Strom\n         <\/div>\n<\/td>\n<td>\n<div style=\"width: 459px; height: 22px; padding: 5px 10px; overflow: hidden;\">\n          120W\n         <\/div>\n<\/td>\n<\/tr>\n<tr>\n<td style=\"background-color: rgb(218, 226, 237);\">\n<div style=\"width: 241px; height: 22px; padding: 5px 10px; overflow: hidden;\">\n          Max. Packma\u00df\n         <\/div>\n<\/td>\n<td>\n<div style=\"width: 459px; height: 22px; padding: 5px 10px; overflow: hidden;\">\n          900*900*900mm\n         <\/div>\n<\/td>\n<\/tr>\n<tr>\n<td style=\"background-color: rgb(218, 226, 237);\">\n<div style=\"width: 241px; height: 22px; padding: 5px 10px; overflow: hidden;\">\n          Geschwindigkeit\n         <\/div>\n<\/td>\n<td>\n<div style=\"width: 459px; height: 22px; padding: 5px 10px; overflow: hidden;\">\n          30r\/min\n         <\/div>\n<\/td>\n<\/tr>\n<tr>\n<td style=\"background-color: rgb(218, 226, 237);\">\n<div style=\"width: 241px; height: 22px; padding: 5px 10px; overflow: hidden;\">\n          Max. Belastung\n         <\/div>\n<\/td>\n<td>\n<div style=\"width: 459px; height: 22px; padding: 5px 10px; overflow: hidden;\">\n          \u226480Kg\n         <\/div>\n<\/td>\n<\/tr>\n<tr>\n<td style=\"background-color: rgb(218, 226, 237);\">\n<div style=\"width: 241px; height: 22px; padding: 5px 10px; overflow: hidden;\">\n          Durchmesser der Papierrolle\n         <\/div>\n<\/td>\n<td>\n<div style=\"width: 459px; height: 22px; padding: 5px 10px; overflow: hidden;\">\n          3&#8243;\n         <\/div>\n<\/td>\n<\/tr>\n<tr>\n<td style=\"background-color: rgb(218, 226, 237);\">\n<div style=\"width: 241px; height: 22px; padding: 5px 10px; overflow: hidden;\">\n          Umh\u00fcllungsfolie\n         <\/div>\n<\/td>\n<td>\n<div style=\"width: 459px; height: 22px; padding: 5px 10px; overflow: hidden;\">\n          LLDPE\n         <\/div>\n<\/td>\n<\/tr>\n<tr>\n<td style=\"background-color: rgb(218, 226, 237);\">\n<div style=\"width: 241px; height: 22px; padding: 5px 10px; overflow: hidden;\">\n          Dicke der Folie\n         <\/div>\n<\/td>\n<td>\n<div style=\"width: 459px; height: 22px; padding: 5px 10px; overflow: hidden;\">\n          17-35\u03bcm\n         <\/div>\n<\/td>\n<\/tr>\n<tr>\n<td style=\"background-color: rgb(218, 226, 237);\">\n<div style=\"width: 241px; height: 22px; padding: 5px 10px; overflow: hidden;\">\n          Gr\u00f6\u00dfe der Maschine\n         <\/div>\n<\/td>\n<td>\n<div style=\"width: 459px; height: 22px; padding: 5px 10px; overflow: hidden;\">\n          1150*600*2347\n         <\/div>\n<\/td>\n<\/tr>\n<\/tbody>\n<\/table><\/div>\n<\/p><\/div>\n<div style=\"vertical-align: top;padding-top: 10px; padding-bottom: 10px; margin-right: -4px; margin-left: -4px;\">\n<div id=\"ziqn5\" style=\"vertical-align: top; box-sizing: border-box; padding-right: 4px; padding-left: 4px\">\n<div style=\"overflow: hidden; width: 750px; height: 750px;\">\n      <img decoding=\"async\" src=\"https:\/\/sc01.alicdn.com\/kf\/HTB1MwLFMNYaK1RjSZFnq6y80pXaE\/64496\/HTB1MwLFMNYaK1RjSZFnq6y80pXaE.jpg\" style=\"width: 750px; height: 750px; margin-left: 0px; margin-top: 0px;\" class=\"aligncenter\"><\/div>\n<\/div>\n<\/div>\n<\/div>\n<div style=\"vertical-align: top;padding-top: 15px; padding-bottom: 15px;\">\n<div style=\"vertical-align: top;padding-top: 10px; padding-bottom: 10px; margin-right: -4px; margin-left: -4px;\">\n<div id=\"rc6dy\" style=\"vertical-align: top; width: 50%; display: inline-block; box-sizing: border-box; padding-right: 4px; padding-left: 4px\">\n    <\/div>\n<\/p><\/div>\n<\/p><\/div>\n<\/p><\/div>","protected":false},"excerpt":{"rendered":"<p>Halbautomatische Stretchfolien-Verpackungsmaschine<\/p>","protected":false},"featured_media":3111,"comment_status":"closed","ping_status":"open","template":"","meta":[],"product_brand":[],"product_cat":[124,98],"product_tag":[],"class_list":{"0":"post-3110","1":"product","2":"type-product","3":"status-publish","4":"has-post-thumbnail","6":"product_cat-stretch-pallet-wrapping-machine","7":"product_cat-wrapping-machines","9":"first","10":"instock","11":"sale","12":"purchasable","13":"product-type-simple"},"yoast_head":"<!-- This site is optimized with the Yoast SEO Premium plugin v20.9 (Yoast SEO v26.5) - https:\/\/yoast.com\/wordpress\/plugins\/seo\/ -->\n<title>DBC800S Semi-automatic stretch film wrapping machine with top pressure plate - ALF PACK<\/title>\n<meta name=\"robots\" content=\"index, follow, max-snippet:-1, max-image-preview:large, max-video-preview:-1\" \/>\n<link rel=\"canonical\" href=\"https:\/\/alfequipment.com\/de\/product\/dbc800s-halbautomatische-stretchfolienwickelmaschine-mit-oberer-druckplatte\/\" \/>\n<meta property=\"og:locale\" content=\"de_DE\" \/>\n<meta property=\"og:type\" content=\"article\" \/>\n<meta property=\"og:title\" content=\"DBC800S Semi-automatic stretch film wrapping machine with top pressure plate\" \/>\n<meta property=\"og:description\" content=\"Semi-automatic Stretch Film Wrapping Machine\" \/>\n<meta property=\"og:url\" content=\"https:\/\/alfequipment.com\/de\/product\/dbc800s-halbautomatische-stretchfolienwickelmaschine-mit-oberer-druckplatte\/\" \/>\n<meta property=\"og:site_name\" content=\"ALF PACK\" \/>\n<meta property=\"article:modified_time\" content=\"2025-01-14T06:20:48+00:00\" \/>\n<meta property=\"og:image\" content=\"https:\/\/alfequipment.com\/wp-content\/uploads\/2025\/01\/DBC800S-Semi-automatic-stretch-film-wrapping-machine.png\" \/>\n\t<meta property=\"og:image:width\" content=\"1000\" \/>\n\t<meta property=\"og:image:height\" content=\"1000\" \/>\n\t<meta property=\"og:image:type\" content=\"image\/webp\" \/>\n<meta name=\"twitter:card\" content=\"summary_large_image\" \/>\n<meta name=\"twitter:label1\" content=\"Gesch\u00e4tzte Lesezeit\" \/>\n\t<meta name=\"twitter:data1\" content=\"1\u00a0Minute\" \/>\n<script type=\"application\/ld+json\" class=\"yoast-schema-graph\">{\"@context\":\"https:\/\/schema.org\",\"@graph\":[{\"@type\":\"WebPage\",\"@id\":\"https:\/\/alfequipment.com\/product\/dbc800s-semi-automatic-stretch-film-wrapping-machine-with-top-pressure-plate\/\",\"url\":\"https:\/\/alfequipment.com\/product\/dbc800s-semi-automatic-stretch-film-wrapping-machine-with-top-pressure-plate\/\",\"name\":\"DBC800S Semi-automatic stretch film wrapping machine with top pressure plate - ALF PACK\",\"isPartOf\":{\"@id\":\"https:\/\/alfequipment.com\/#website\"},\"primaryImageOfPage\":{\"@id\":\"https:\/\/alfequipment.com\/product\/dbc800s-semi-automatic-stretch-film-wrapping-machine-with-top-pressure-plate\/#primaryimage\"},\"image\":{\"@id\":\"https:\/\/alfequipment.com\/product\/dbc800s-semi-automatic-stretch-film-wrapping-machine-with-top-pressure-plate\/#primaryimage\"},\"thumbnailUrl\":\"https:\/\/alfequipment.com\/wp-content\/uploads\/2025\/01\/DBC800S-Semi-automatic-stretch-film-wrapping-machine.png\",\"datePublished\":\"2025-01-04T14:45:35+00:00\",\"dateModified\":\"2025-01-14T06:20:48+00:00\",\"breadcrumb\":{\"@id\":\"https:\/\/alfequipment.com\/product\/dbc800s-semi-automatic-stretch-film-wrapping-machine-with-top-pressure-plate\/#breadcrumb\"},\"inLanguage\":\"de\",\"potentialAction\":[{\"@type\":\"ReadAction\",\"target\":[\"https:\/\/alfequipment.com\/product\/dbc800s-semi-automatic-stretch-film-wrapping-machine-with-top-pressure-plate\/\"]}]},{\"@type\":\"ImageObject\",\"inLanguage\":\"de\",\"@id\":\"https:\/\/alfequipment.com\/product\/dbc800s-semi-automatic-stretch-film-wrapping-machine-with-top-pressure-plate\/#primaryimage\",\"url\":\"https:\/\/alfequipment.com\/wp-content\/uploads\/2025\/01\/DBC800S-Semi-automatic-stretch-film-wrapping-machine.png\",\"contentUrl\":\"https:\/\/alfequipment.com\/wp-content\/uploads\/2025\/01\/DBC800S-Semi-automatic-stretch-film-wrapping-machine.png\",\"width\":1000,\"height\":1000},{\"@type\":\"BreadcrumbList\",\"@id\":\"https:\/\/alfequipment.com\/product\/dbc800s-semi-automatic-stretch-film-wrapping-machine-with-top-pressure-plate\/#breadcrumb\",\"itemListElement\":[{\"@type\":\"ListItem\",\"position\":1,\"name\":\"Home\",\"item\":\"https:\/\/alfequipment.com\/\"},{\"@type\":\"ListItem\",\"position\":2,\"name\":\"Shop\",\"item\":\"https:\/\/alfequipment.com\/shop\/\"},{\"@type\":\"ListItem\",\"position\":3,\"name\":\"DBC800S Semi-automatic stretch film wrapping machine with top pressure plate\"}]},{\"@type\":\"WebSite\",\"@id\":\"https:\/\/alfequipment.com\/#website\",\"url\":\"https:\/\/alfequipment.com\/\",\"name\":\"ALF PACK\",\"description\":\"\",\"publisher\":{\"@id\":\"https:\/\/alfequipment.com\/#organization\"},\"potentialAction\":[{\"@type\":\"SearchAction\",\"target\":{\"@type\":\"EntryPoint\",\"urlTemplate\":\"https:\/\/alfequipment.com\/?s={search_term_string}\"},\"query-input\":{\"@type\":\"PropertyValueSpecification\",\"valueRequired\":true,\"valueName\":\"search_term_string\"}}],\"inLanguage\":\"de\"},{\"@type\":\"Organization\",\"@id\":\"https:\/\/alfequipment.com\/#organization\",\"name\":\"ALF PACK\",\"url\":\"https:\/\/alfequipment.com\/\",\"logo\":{\"@type\":\"ImageObject\",\"inLanguage\":\"de\",\"@id\":\"https:\/\/alfequipment.com\/#\/schema\/logo\/image\/\",\"url\":\"https:\/\/alfequipment.com\/wp-content\/uploads\/2024\/11\/ALFlogo-2.webp\",\"contentUrl\":\"https:\/\/alfequipment.com\/wp-content\/uploads\/2024\/11\/ALFlogo-2.webp\",\"width\":758,\"height\":750,\"caption\":\"ALF PACK\"},\"image\":{\"@id\":\"https:\/\/alfequipment.com\/#\/schema\/logo\/image\/\"}}]}<\/script>\n<!-- \/ Yoast SEO Premium plugin. -->","yoast_head_json":{"title":"DBC800S Halbautomatische Stretchfolienwickelmaschine mit oberer Druckplatte - ALF PACK","robots":{"index":"index","follow":"follow","max-snippet":"max-snippet:-1","max-image-preview":"max-image-preview:large","max-video-preview":"max-video-preview:-1"},"canonical":"https:\/\/alfequipment.com\/de\/product\/dbc800s-halbautomatische-stretchfolienwickelmaschine-mit-oberer-druckplatte\/","og_locale":"de_DE","og_type":"article","og_title":"DBC800S Semi-automatic stretch film wrapping machine with top pressure plate","og_description":"Semi-automatic Stretch Film Wrapping Machine","og_url":"https:\/\/alfequipment.com\/de\/product\/dbc800s-halbautomatische-stretchfolienwickelmaschine-mit-oberer-druckplatte\/","og_site_name":"ALF PACK","article_modified_time":"2025-01-14T06:20:48+00:00","og_image":[{"width":1000,"height":1000,"url":"https:\/\/alfequipment.com\/wp-content\/uploads\/2025\/01\/DBC800S-Semi-automatic-stretch-film-wrapping-machine.png","type":"image\/webp"}],"twitter_card":"summary_large_image","twitter_misc":{"Gesch\u00e4tzte Lesezeit":"1\u00a0Minute"},"schema":{"@context":"https:\/\/schema.org","@graph":[{"@type":"WebPage","@id":"https:\/\/alfequipment.com\/product\/dbc800s-semi-automatic-stretch-film-wrapping-machine-with-top-pressure-plate\/","url":"https:\/\/alfequipment.com\/product\/dbc800s-semi-automatic-stretch-film-wrapping-machine-with-top-pressure-plate\/","name":"DBC800S Halbautomatische Stretchfolienwickelmaschine mit oberer Druckplatte - ALF PACK","isPartOf":{"@id":"https:\/\/alfequipment.com\/#website"},"primaryImageOfPage":{"@id":"https:\/\/alfequipment.com\/product\/dbc800s-semi-automatic-stretch-film-wrapping-machine-with-top-pressure-plate\/#primaryimage"},"image":{"@id":"https:\/\/alfequipment.com\/product\/dbc800s-semi-automatic-stretch-film-wrapping-machine-with-top-pressure-plate\/#primaryimage"},"thumbnailUrl":"https:\/\/alfequipment.com\/wp-content\/uploads\/2025\/01\/DBC800S-Semi-automatic-stretch-film-wrapping-machine.png","datePublished":"2025-01-04T14:45:35+00:00","dateModified":"2025-01-14T06:20:48+00:00","breadcrumb":{"@id":"https:\/\/alfequipment.com\/product\/dbc800s-semi-automatic-stretch-film-wrapping-machine-with-top-pressure-plate\/#breadcrumb"},"inLanguage":"de","potentialAction":[{"@type":"ReadAction","target":["https:\/\/alfequipment.com\/product\/dbc800s-semi-automatic-stretch-film-wrapping-machine-with-top-pressure-plate\/"]}]},{"@type":"ImageObject","inLanguage":"de","@id":"https:\/\/alfequipment.com\/product\/dbc800s-semi-automatic-stretch-film-wrapping-machine-with-top-pressure-plate\/#primaryimage","url":"https:\/\/alfequipment.com\/wp-content\/uploads\/2025\/01\/DBC800S-Semi-automatic-stretch-film-wrapping-machine.png","contentUrl":"https:\/\/alfequipment.com\/wp-content\/uploads\/2025\/01\/DBC800S-Semi-automatic-stretch-film-wrapping-machine.png","width":1000,"height":1000},{"@type":"BreadcrumbList","@id":"https:\/\/alfequipment.com\/product\/dbc800s-semi-automatic-stretch-film-wrapping-machine-with-top-pressure-plate\/#breadcrumb","itemListElement":[{"@type":"ListItem","position":1,"name":"Home","item":"https:\/\/alfequipment.com\/"},{"@type":"ListItem","position":2,"name":"Shop","item":"https:\/\/alfequipment.com\/shop\/"},{"@type":"ListItem","position":3,"name":"DBC800S Semi-automatic stretch film wrapping machine with top pressure plate"}]},{"@type":"WebSite","@id":"https:\/\/alfequipment.com\/#website","url":"https:\/\/alfequipment.com\/","name":"ALF PACK","description":"","publisher":{"@id":"https:\/\/alfequipment.com\/#organization"},"potentialAction":[{"@type":"SearchAction","target":{"@type":"EntryPoint","urlTemplate":"https:\/\/alfequipment.com\/?s={search_term_string}"},"query-input":{"@type":"PropertyValueSpecification","valueRequired":true,"valueName":"search_term_string"}}],"inLanguage":"de"},{"@type":"Organization","@id":"https:\/\/alfequipment.com\/#organization","name":"ALF PACK","url":"https:\/\/alfequipment.com\/","logo":{"@type":"ImageObject","inLanguage":"de","@id":"https:\/\/alfequipment.com\/#\/schema\/logo\/image\/","url":"https:\/\/alfequipment.com\/wp-content\/uploads\/2024\/11\/ALFlogo-2.webp","contentUrl":"https:\/\/alfequipment.com\/wp-content\/uploads\/2024\/11\/ALFlogo-2.webp","width":758,"height":750,"caption":"ALF PACK"},"image":{"@id":"https:\/\/alfequipment.com\/#\/schema\/logo\/image\/"}}]}},"_links":{"self":[{"href":"https:\/\/alfequipment.com\/de\/wp-json\/wp\/v2\/product\/3110","targetHints":{"allow":["GET"]}}],"collection":[{"href":"https:\/\/alfequipment.com\/de\/wp-json\/wp\/v2\/product"}],"about":[{"href":"https:\/\/alfequipment.com\/de\/wp-json\/wp\/v2\/types\/product"}],"replies":[{"embeddable":true,"href":"https:\/\/alfequipment.com\/de\/wp-json\/wp\/v2\/comments?post=3110"}],"version-history":[{"count":0,"href":"https:\/\/alfequipment.com\/de\/wp-json\/wp\/v2\/product\/3110\/revisions"}],"wp:featuredmedia":[{"embeddable":true,"href":"https:\/\/alfequipment.com\/de\/wp-json\/wp\/v2\/media\/3111"}],"wp:attachment":[{"href":"https:\/\/alfequipment.com\/de\/wp-json\/wp\/v2\/media?parent=3110"}],"wp:term":[{"taxonomy":"product_brand","embeddable":true,"href":"https:\/\/alfequipment.com\/de\/wp-json\/wp\/v2\/product_brand?post=3110"},{"taxonomy":"product_cat","embeddable":true,"href":"https:\/\/alfequipment.com\/de\/wp-json\/wp\/v2\/product_cat?post=3110"},{"taxonomy":"product_tag","embeddable":true,"href":"https:\/\/alfequipment.com\/de\/wp-json\/wp\/v2\/product_tag?post=3110"}],"curies":[{"name":"wp","href":"https:\/\/api.w.org\/{rel}","templated":true}]}}