{"id":3122,"date":"2024-12-25T00:09:07","date_gmt":"2024-12-25T00:09:07","guid":{"rendered":"https:\/\/alfequipment.com\/product\/fxa6050s-carton-sealer-box-sealing-packaging-machine-with-up-bottom-conveyor\/"},"modified":"2025-01-13T13:12:22","modified_gmt":"2025-01-13T13:12:22","slug":"fxa6050s-kartonverschliesmaschine-verpackungsmaschine-mit-bodenforderer","status":"publish","type":"product","link":"https:\/\/alfequipment.com\/de\/product\/fxa6050s-kartonverschliesmaschine-verpackungsmaschine-mit-bodenforderer\/","title":{"rendered":"FXA6050S Kartonverschlie\u00dfmaschine Kartonverschlie\u00dfmaschine mit Bodenf\u00f6rderer"},"content":{"rendered":"<div data-magic-global=\"%7B%22bizId%22%3A17179933680%2C%22pageId%22%3A21037647637%2C%22siteId%22%3A5005331025%7D\" id=\"detail_decorate_root\">\n<div module-id=\"28177926978\" module-title=\"detailProductNavigation\" render=\"true\" class=\"J_module\">\n<div id=\"ali-anchor-AliMagic-5uy6oi\" data-section=\"AliMagic-5uy6oi\" data-section-title=\"Product Description\" class=\"magic-0\">1.FXA6050S Kartonverschlie\u00dfmaschine wird haupts\u00e4chlich zum Verschlie\u00dfen und Verpacken von Kartons verwendet, die entweder unabh\u00e4ngig oder als notwendiger Teil einer Produktionslinie verwendet werden kann.<\/div>\n<\/div>\n<div module-id=\"28177926979\" module-title=\"detailTextWithTitle\" render=\"true\" class=\"J_module\">\n<div class=\"detail-decorate-json-renderer-container\">\n<div class=\"magic-1\">\n<div class=\"magic-4\">\n<div class=\"magic-5\">\n<div class=\"magic-6\">\n<p class=\"magic-7\">2. stellen Sie die Versiegelungsh\u00f6he und -breite von Hand entsprechend der Gr\u00f6\u00dfe des Kartons ein, legen Sie dann den Karton auf den Arbeitstisch, und der Karton wird durchgeschoben und mit dem Band automatisch zur gleichen Zeit versiegelt.<\/p>\n<p>3. die Maschine ist weit verbreitet in den Bereichen der Elektro-, Haushalts-, Textil-, Lebensmittel-, allgemeine Waren, Medizin und chemische Industrie.<\/p>\n<p>4. Das Modell FXA6050S verf\u00fcgt \u00fcber einen Tintendrucker, der Daten oder Buchstaben auf die Seiten des Kartons druckt.<\/p>\n<p>5. Das Dichtungsset l\u00e4sst sich leicht herausnehmen und die B\u00e4nder k\u00f6nnen leicht ausgetauscht werden.<\/p>\n<\/p><\/div>\n<\/p><\/div>\n<\/p><\/div>\n<\/p><\/div>\n<\/p><\/div>\n<\/p><\/div>\n<div module-id=\"28177926980\" module-title=\"detailTableHightLight\" render=\"true\" class=\"J_module\">\n<div class=\"ife-detail-decorate-table\">\n<table class=\"all magic-8\">\n<tbody>\n<tr>\n<td>\n<div class=\"magic-9\">\n        Modell\n       <\/div>\n<\/td>\n<td>\n<div class=\"magic-10\">\n        FXA6050S\n       <\/div>\n<\/td>\n<\/tr>\n<tr>\n<td>\n<div class=\"magic-9\">\n        Siegelf\u00e4higkeit\n       <\/div>\n<\/td>\n<td>\n<div class=\"magic-10\">\n        etwa 1.000 Standardkisten pro Stunde\n       <\/div>\n<\/td>\n<\/tr>\n<tr>\n<td>\n<div class=\"magic-9\">\n        Verwendetes Klebeband\n       <\/div>\n<\/td>\n<td>\n<div class=\"magic-10\">\n        BOPP, wasserfreies Klebeband, PVC-Klebeband\n       <\/div>\n<\/td>\n<\/tr>\n<tr>\n<td>\n<div class=\"magic-9\">\n        Breite des Klebebandes\n       <\/div>\n<\/td>\n<td>\n<div class=\"magic-10\">\n        36, 48, 60 mm\n       <\/div>\n<\/td>\n<\/tr>\n<tr>\n<td>\n<div class=\"magic-9\">\n        Energiequellen\n       <\/div>\n<\/td>\n<td>\n<div class=\"magic-10\">\n        220V\/50Hz, 240W\n       <\/div>\n<\/td>\n<\/tr>\n<tr>\n<td>\n<div class=\"magic-9\">\n        Max. Abmessungen der Dichtung (B*H)\n       <\/div>\n<\/td>\n<td>\n<div class=\"magic-10\">\n        500* 600mm\n       <\/div>\n<\/td>\n<\/tr>\n<tr>\n<td>\n<div class=\"magic-9\">\n        Min. Abmessungen der Dichtung (B*H)\n       <\/div>\n<\/td>\n<td>\n<div class=\"magic-10\">\n        140*150mm\n       <\/div>\n<\/td>\n<\/tr>\n<tr>\n<td>\n<div class=\"magic-9\">\n        Gr\u00f6\u00dfe der Maschine\n       <\/div>\n<\/td>\n<td>\n<div class=\"magic-10\">\n        1800*706*1380~1580mm\n       <\/div>\n<\/td>\n<\/tr>\n<\/tbody>\n<\/table><\/div>\n<\/p><\/div>\n<div module-id=\"28177926981\" module-title=\"detailSingleImage\" render=\"true\" class=\"J_module\">\n<div class=\"icbu-pc-images magic-11\">\n<div>\n<div class=\"flex-layout-v\">\n<div class=\"flex-layout-h magic-11\">\n<div class=\"magic-12\">\n       <img decoding=\"async\" src=\"https:\/\/sc01.alicdn.com\/kf\/HTB1fycFX6LuK1Rjy0Fhq6xpdFXaV\/64496\/HTB1fycFX6LuK1Rjy0Fhq6xpdFXaV.jpg\" class=\"aligncenter\">\n      <\/div>\n<\/p><\/div>\n<\/p><\/div>\n<\/p><\/div>\n<\/p><\/div>\n<\/p><\/div>\n<div module-id=\"28177926982\" module-title=\"detailVerticalImages\" render=\"true\" class=\"J_module\">\n<div class=\"icbu-pc-images magic-11\">\n<div>\n<div class=\"flex-layout-v\">\n<div class=\"magic-14\">\n      <img decoding=\"async\" src=\"https:\/\/sc01.alicdn.com\/kf\/HTB1gffpaizxK1Rjy1zkq6yHrVXas\/64496\/HTB1gffpaizxK1Rjy1zkq6yHrVXas.jpg\" class=\"aligncenter\">\n     <\/div>\n<div class=\"flex-layout-h magic-11\">\n<div class=\"magic-16\">\n       <img decoding=\"async\" src=\"https:\/\/sc01.alicdn.com\/kf\/HTB1oPzyajnuK1RkSmFPq6AuzFXaw\/64496\/HTB1oPzyajnuK1RkSmFPq6AuzFXaw.jpg\" class=\"aligncenter\">\n      <\/div>\n<div class=\"magic-18\">\n       <img decoding=\"async\" src=\"https:\/\/sc01.alicdn.com\/kf\/HTB1PcTsajzuK1RjSspeq6ziHVXaU\/64496\/HTB1PcTsajzuK1RjSspeq6ziHVXaU.jpg\" class=\"aligncenter\">\n      <\/div>\n<\/p><\/div>\n<\/p><\/div>\n<\/p><\/div>\n<\/p><\/div>\n<\/p><\/div>\n<\/div>","protected":false},"excerpt":{"rendered":"<p>Kartonverschlie\u00dfmaschine<\/p>","protected":false},"featured_media":3123,"comment_status":"closed","ping_status":"open","template":"","meta":[],"product_brand":[],"product_cat":[97],"product_tag":[],"class_list":{"0":"post-3122","1":"product","2":"type-product","3":"status-publish","4":"has-post-thumbnail","6":"product_cat-sealing-machines","8":"first","9":"instock","10":"sale","11":"purchasable","12":"product-type-simple"},"yoast_head":"<!-- This site is optimized with the Yoast SEO Premium plugin v20.9 (Yoast SEO v26.5) - https:\/\/yoast.com\/wordpress\/plugins\/seo\/ -->\n<title>FXA6050S Carton sealer box sealing packaging machine with up bottom conveyor - ALF PACK<\/title>\n<meta name=\"robots\" content=\"index, follow, max-snippet:-1, max-image-preview:large, max-video-preview:-1\" \/>\n<link rel=\"canonical\" href=\"https:\/\/alfequipment.com\/de\/product\/fxa6050s-kartonverschliesmaschine-verpackungsmaschine-mit-bodenforderer\/\" \/>\n<meta property=\"og:locale\" content=\"de_DE\" \/>\n<meta property=\"og:type\" content=\"article\" \/>\n<meta property=\"og:title\" content=\"FXA6050S Carton sealer box sealing packaging machine with up bottom conveyor\" \/>\n<meta property=\"og:description\" content=\"Carton Sealing Machine\" \/>\n<meta property=\"og:url\" content=\"https:\/\/alfequipment.com\/de\/product\/fxa6050s-kartonverschliesmaschine-verpackungsmaschine-mit-bodenforderer\/\" \/>\n<meta property=\"og:site_name\" content=\"ALF PACK\" \/>\n<meta property=\"article:modified_time\" content=\"2025-01-13T13:12:22+00:00\" \/>\n<meta property=\"og:image\" content=\"https:\/\/alfequipment.com\/wp-content\/uploads\/2025\/01\/FXA6050S-Carton-sealer-box-sealing-packaging-machine.jpg\" \/>\n\t<meta property=\"og:image:width\" content=\"800\" \/>\n\t<meta property=\"og:image:height\" content=\"800\" \/>\n\t<meta property=\"og:image:type\" content=\"image\/webp\" \/>\n<meta name=\"twitter:card\" content=\"summary_large_image\" \/>\n<meta name=\"twitter:label1\" content=\"Gesch\u00e4tzte Lesezeit\" \/>\n\t<meta name=\"twitter:data1\" content=\"1\u00a0Minute\" \/>\n<script type=\"application\/ld+json\" class=\"yoast-schema-graph\">{\"@context\":\"https:\/\/schema.org\",\"@graph\":[{\"@type\":\"WebPage\",\"@id\":\"https:\/\/alfequipment.com\/product\/fxa6050s-carton-sealer-box-sealing-packaging-machine-with-up-bottom-conveyor\/\",\"url\":\"https:\/\/alfequipment.com\/product\/fxa6050s-carton-sealer-box-sealing-packaging-machine-with-up-bottom-conveyor\/\",\"name\":\"FXA6050S Carton sealer box sealing packaging machine with up bottom conveyor - ALF PACK\",\"isPartOf\":{\"@id\":\"https:\/\/alfequipment.com\/#website\"},\"primaryImageOfPage\":{\"@id\":\"https:\/\/alfequipment.com\/product\/fxa6050s-carton-sealer-box-sealing-packaging-machine-with-up-bottom-conveyor\/#primaryimage\"},\"image\":{\"@id\":\"https:\/\/alfequipment.com\/product\/fxa6050s-carton-sealer-box-sealing-packaging-machine-with-up-bottom-conveyor\/#primaryimage\"},\"thumbnailUrl\":\"https:\/\/alfequipment.com\/wp-content\/uploads\/2025\/01\/FXA6050S-Carton-sealer-box-sealing-packaging-machine.jpg\",\"datePublished\":\"2024-12-25T00:09:07+00:00\",\"dateModified\":\"2025-01-13T13:12:22+00:00\",\"breadcrumb\":{\"@id\":\"https:\/\/alfequipment.com\/product\/fxa6050s-carton-sealer-box-sealing-packaging-machine-with-up-bottom-conveyor\/#breadcrumb\"},\"inLanguage\":\"de\",\"potentialAction\":[{\"@type\":\"ReadAction\",\"target\":[\"https:\/\/alfequipment.com\/product\/fxa6050s-carton-sealer-box-sealing-packaging-machine-with-up-bottom-conveyor\/\"]}]},{\"@type\":\"ImageObject\",\"inLanguage\":\"de\",\"@id\":\"https:\/\/alfequipment.com\/product\/fxa6050s-carton-sealer-box-sealing-packaging-machine-with-up-bottom-conveyor\/#primaryimage\",\"url\":\"https:\/\/alfequipment.com\/wp-content\/uploads\/2025\/01\/FXA6050S-Carton-sealer-box-sealing-packaging-machine.jpg\",\"contentUrl\":\"https:\/\/alfequipment.com\/wp-content\/uploads\/2025\/01\/FXA6050S-Carton-sealer-box-sealing-packaging-machine.jpg\",\"width\":800,\"height\":800},{\"@type\":\"BreadcrumbList\",\"@id\":\"https:\/\/alfequipment.com\/product\/fxa6050s-carton-sealer-box-sealing-packaging-machine-with-up-bottom-conveyor\/#breadcrumb\",\"itemListElement\":[{\"@type\":\"ListItem\",\"position\":1,\"name\":\"Home\",\"item\":\"https:\/\/alfequipment.com\/\"},{\"@type\":\"ListItem\",\"position\":2,\"name\":\"Shop\",\"item\":\"https:\/\/alfequipment.com\/shop\/\"},{\"@type\":\"ListItem\",\"position\":3,\"name\":\"FXA6050S Carton sealer box sealing packaging machine with up bottom conveyor\"}]},{\"@type\":\"WebSite\",\"@id\":\"https:\/\/alfequipment.com\/#website\",\"url\":\"https:\/\/alfequipment.com\/\",\"name\":\"ALF PACK\",\"description\":\"\",\"publisher\":{\"@id\":\"https:\/\/alfequipment.com\/#organization\"},\"potentialAction\":[{\"@type\":\"SearchAction\",\"target\":{\"@type\":\"EntryPoint\",\"urlTemplate\":\"https:\/\/alfequipment.com\/?s={search_term_string}\"},\"query-input\":{\"@type\":\"PropertyValueSpecification\",\"valueRequired\":true,\"valueName\":\"search_term_string\"}}],\"inLanguage\":\"de\"},{\"@type\":\"Organization\",\"@id\":\"https:\/\/alfequipment.com\/#organization\",\"name\":\"ALF PACK\",\"url\":\"https:\/\/alfequipment.com\/\",\"logo\":{\"@type\":\"ImageObject\",\"inLanguage\":\"de\",\"@id\":\"https:\/\/alfequipment.com\/#\/schema\/logo\/image\/\",\"url\":\"https:\/\/alfequipment.com\/wp-content\/uploads\/2024\/11\/ALFlogo-2.webp\",\"contentUrl\":\"https:\/\/alfequipment.com\/wp-content\/uploads\/2024\/11\/ALFlogo-2.webp\",\"width\":758,\"height\":750,\"caption\":\"ALF PACK\"},\"image\":{\"@id\":\"https:\/\/alfequipment.com\/#\/schema\/logo\/image\/\"}}]}<\/script>\n<!-- \/ Yoast SEO Premium plugin. -->","yoast_head_json":{"title":"FXA6050S Kartonverschlie\u00dfer Kartonverschlie\u00dfmaschine mit F\u00f6rderband oben - ALF PACK","robots":{"index":"index","follow":"follow","max-snippet":"max-snippet:-1","max-image-preview":"max-image-preview:large","max-video-preview":"max-video-preview:-1"},"canonical":"https:\/\/alfequipment.com\/de\/product\/fxa6050s-kartonverschliesmaschine-verpackungsmaschine-mit-bodenforderer\/","og_locale":"de_DE","og_type":"article","og_title":"FXA6050S Carton sealer box sealing packaging machine with up bottom conveyor","og_description":"Carton Sealing Machine","og_url":"https:\/\/alfequipment.com\/de\/product\/fxa6050s-kartonverschliesmaschine-verpackungsmaschine-mit-bodenforderer\/","og_site_name":"ALF PACK","article_modified_time":"2025-01-13T13:12:22+00:00","og_image":[{"width":800,"height":800,"url":"https:\/\/alfequipment.com\/wp-content\/uploads\/2025\/01\/FXA6050S-Carton-sealer-box-sealing-packaging-machine.jpg","type":"image\/webp"}],"twitter_card":"summary_large_image","twitter_misc":{"Gesch\u00e4tzte Lesezeit":"1\u00a0Minute"},"schema":{"@context":"https:\/\/schema.org","@graph":[{"@type":"WebPage","@id":"https:\/\/alfequipment.com\/product\/fxa6050s-carton-sealer-box-sealing-packaging-machine-with-up-bottom-conveyor\/","url":"https:\/\/alfequipment.com\/product\/fxa6050s-carton-sealer-box-sealing-packaging-machine-with-up-bottom-conveyor\/","name":"FXA6050S Kartonverschlie\u00dfer Kartonverschlie\u00dfmaschine mit F\u00f6rderband oben - ALF PACK","isPartOf":{"@id":"https:\/\/alfequipment.com\/#website"},"primaryImageOfPage":{"@id":"https:\/\/alfequipment.com\/product\/fxa6050s-carton-sealer-box-sealing-packaging-machine-with-up-bottom-conveyor\/#primaryimage"},"image":{"@id":"https:\/\/alfequipment.com\/product\/fxa6050s-carton-sealer-box-sealing-packaging-machine-with-up-bottom-conveyor\/#primaryimage"},"thumbnailUrl":"https:\/\/alfequipment.com\/wp-content\/uploads\/2025\/01\/FXA6050S-Carton-sealer-box-sealing-packaging-machine.jpg","datePublished":"2024-12-25T00:09:07+00:00","dateModified":"2025-01-13T13:12:22+00:00","breadcrumb":{"@id":"https:\/\/alfequipment.com\/product\/fxa6050s-carton-sealer-box-sealing-packaging-machine-with-up-bottom-conveyor\/#breadcrumb"},"inLanguage":"de","potentialAction":[{"@type":"ReadAction","target":["https:\/\/alfequipment.com\/product\/fxa6050s-carton-sealer-box-sealing-packaging-machine-with-up-bottom-conveyor\/"]}]},{"@type":"ImageObject","inLanguage":"de","@id":"https:\/\/alfequipment.com\/product\/fxa6050s-carton-sealer-box-sealing-packaging-machine-with-up-bottom-conveyor\/#primaryimage","url":"https:\/\/alfequipment.com\/wp-content\/uploads\/2025\/01\/FXA6050S-Carton-sealer-box-sealing-packaging-machine.jpg","contentUrl":"https:\/\/alfequipment.com\/wp-content\/uploads\/2025\/01\/FXA6050S-Carton-sealer-box-sealing-packaging-machine.jpg","width":800,"height":800},{"@type":"BreadcrumbList","@id":"https:\/\/alfequipment.com\/product\/fxa6050s-carton-sealer-box-sealing-packaging-machine-with-up-bottom-conveyor\/#breadcrumb","itemListElement":[{"@type":"ListItem","position":1,"name":"Home","item":"https:\/\/alfequipment.com\/"},{"@type":"ListItem","position":2,"name":"Shop","item":"https:\/\/alfequipment.com\/shop\/"},{"@type":"ListItem","position":3,"name":"FXA6050S Carton sealer box sealing packaging machine with up bottom conveyor"}]},{"@type":"WebSite","@id":"https:\/\/alfequipment.com\/#website","url":"https:\/\/alfequipment.com\/","name":"ALF PACK","description":"","publisher":{"@id":"https:\/\/alfequipment.com\/#organization"},"potentialAction":[{"@type":"SearchAction","target":{"@type":"EntryPoint","urlTemplate":"https:\/\/alfequipment.com\/?s={search_term_string}"},"query-input":{"@type":"PropertyValueSpecification","valueRequired":true,"valueName":"search_term_string"}}],"inLanguage":"de"},{"@type":"Organization","@id":"https:\/\/alfequipment.com\/#organization","name":"ALF PACK","url":"https:\/\/alfequipment.com\/","logo":{"@type":"ImageObject","inLanguage":"de","@id":"https:\/\/alfequipment.com\/#\/schema\/logo\/image\/","url":"https:\/\/alfequipment.com\/wp-content\/uploads\/2024\/11\/ALFlogo-2.webp","contentUrl":"https:\/\/alfequipment.com\/wp-content\/uploads\/2024\/11\/ALFlogo-2.webp","width":758,"height":750,"caption":"ALF PACK"},"image":{"@id":"https:\/\/alfequipment.com\/#\/schema\/logo\/image\/"}}]}},"_links":{"self":[{"href":"https:\/\/alfequipment.com\/de\/wp-json\/wp\/v2\/product\/3122","targetHints":{"allow":["GET"]}}],"collection":[{"href":"https:\/\/alfequipment.com\/de\/wp-json\/wp\/v2\/product"}],"about":[{"href":"https:\/\/alfequipment.com\/de\/wp-json\/wp\/v2\/types\/product"}],"replies":[{"embeddable":true,"href":"https:\/\/alfequipment.com\/de\/wp-json\/wp\/v2\/comments?post=3122"}],"version-history":[{"count":0,"href":"https:\/\/alfequipment.com\/de\/wp-json\/wp\/v2\/product\/3122\/revisions"}],"wp:featuredmedia":[{"embeddable":true,"href":"https:\/\/alfequipment.com\/de\/wp-json\/wp\/v2\/media\/3123"}],"wp:attachment":[{"href":"https:\/\/alfequipment.com\/de\/wp-json\/wp\/v2\/media?parent=3122"}],"wp:term":[{"taxonomy":"product_brand","embeddable":true,"href":"https:\/\/alfequipment.com\/de\/wp-json\/wp\/v2\/product_brand?post=3122"},{"taxonomy":"product_cat","embeddable":true,"href":"https:\/\/alfequipment.com\/de\/wp-json\/wp\/v2\/product_cat?post=3122"},{"taxonomy":"product_tag","embeddable":true,"href":"https:\/\/alfequipment.com\/de\/wp-json\/wp\/v2\/product_tag?post=3122"}],"curies":[{"name":"wp","href":"https:\/\/api.w.org\/{rel}","templated":true}]}}