{"id":3128,"date":"2025-01-09T13:33:29","date_gmt":"2025-01-09T13:33:29","guid":{"rendered":"https:\/\/alfequipment.com\/product\/dsa4525-packaging-shrink-tunnel-machine\/"},"modified":"2025-01-14T03:11:40","modified_gmt":"2025-01-14T03:11:40","slug":"dsa4525-verpackungs-schrumpftunnelmaschine","status":"publish","type":"product","link":"https:\/\/alfequipment.com\/de\/product\/dsa4525-verpackungs-schrumpftunnelmaschine\/","title":{"rendered":"DSA4525 Verpackungs-Schrumpftunnelmaschine"},"content":{"rendered":"<div data-magic-global=\"%7B%22bizId%22%3A17179933680%2C%22pageId%22%3A21039092877%2C%22siteId%22%3A5005331025%7D\" id=\"detail_decorate_root\">\n<div module-id=\"28176339356\" module-title=\"detailProductNavigation\" render=\"true\" class=\"J_module\">\n<div id=\"ali-anchor-AliMagic-n0mbqf\" data-section=\"AliMagic-n0mbqf\" data-section-title=\"Product Description\" class=\"magic-0\"><\/div>\n<\/div>\n<div module-id=\"28176339357\" module-title=\"detailTextWithTitle\" render=\"true\" class=\"J_module\">\n<div class=\"detail-decorate-json-renderer-container\">\n<div class=\"magic-1\">\n<div class=\"magic-4\">\n<div class=\"magic-5\">\n<div class=\"magic-6\">\n<p class=\"magic-7\">Die thermische Schrumpfverpackungsmaschine eignet sich zum Schrumpfen d\u00fcnner Schrumpffolien wie POF, PVC, PP usw. mit Ferninfrarotstrahlung. Die Dicke der Schrumpffolie sollte im Bereich von 0,01-0,04 mm liegen. Die Temperatur des Schrumpfraums und die Geschwindigkeit des F\u00f6rderers sind einstellbar. Au\u00dferdem kann die H\u00f6he des Schrumpftunnels je nach Gr\u00f6\u00dfe des Verpackungsgutes eingestellt werden. Das Teflon-F\u00f6rderband hat den Vorteil, die W\u00e4rme zu halten. Es ist ideal, um kleine und leichte Schachteln mit dieser Schrumpfmaschine zu schrumpfen. <\/p>\n<\/p><\/div>\n<\/p><\/div>\n<\/p><\/div>\n<\/p><\/div>\n<\/p><\/div>\n<\/p><\/div>\n<div module-id=\"28176339358\" module-title=\"detailTableHightLight\" render=\"true\" class=\"J_module\">\n<div class=\"ife-detail-decorate-table\">\n<table class=\"all magic-8\">\n<tbody>\n<tr>\n<td colspan=\"1\" rowspan=\"1\">\n<div class=\"magic-9\">\n        Modell\n       <\/div>\n<\/td>\n<td colspan=\"1\" rowspan=\"1\">\n<div class=\"magic-10\">\n        DSA4525\n       <\/div>\n<\/td>\n<\/tr>\n<tr>\n<td colspan=\"1\" rowspan=\"1\">\n<div class=\"magic-9\">\n        Stromquelle\n       <\/div>\n<\/td>\n<td colspan=\"1\" rowspan=\"1\">\n<div class=\"magic-10\">\n        220V\/380V 50-60Hz\n       <\/div>\n<\/td>\n<\/tr>\n<tr>\n<td colspan=\"1\" rowspan=\"1\">\n<div class=\"magic-9\">\n        Strom\n       <\/div>\n<\/td>\n<td colspan=\"1\" rowspan=\"1\">\n<div class=\"magic-10\">\n        8.6KW\n       <\/div>\n<\/td>\n<\/tr>\n<tr>\n<td colspan=\"1\" rowspan=\"1\">\n<div class=\"magic-9\">\n        Geschwindigkeit des F\u00f6rderbandes\n       <\/div>\n<\/td>\n<td colspan=\"1\" rowspan=\"1\">\n<div class=\"magic-10\">\n        0-10m\/min\n       <\/div>\n<\/td>\n<\/tr>\n<tr>\n<td colspan=\"1\" rowspan=\"1\">\n<div class=\"magic-9\">\n        Tunnelgr\u00f6\u00dfe (L*B*H)\n       <\/div>\n<\/td>\n<td colspan=\"1\" rowspan=\"1\">\n<div class=\"magic-10\">\n        1000*450*250mm\n       <\/div>\n<\/td>\n<\/tr>\n<tr>\n<td colspan=\"1\" rowspan=\"1\">\n<div class=\"magic-9\">\n        Beladung des F\u00f6rderbandes\n       <\/div>\n<\/td>\n<td colspan=\"1\" rowspan=\"1\">\n<div class=\"magic-10\">\n        10kg\n       <\/div>\n<\/td>\n<\/tr>\n<tr>\n<td colspan=\"1\" rowspan=\"1\">\n<div class=\"magic-9\">\n        Gr\u00f6\u00dfe der Maschine (L*B*H)\n       <\/div>\n<\/td>\n<td colspan=\"1\" rowspan=\"1\">\n<div class=\"magic-10\">\n        1260*670*1290mm\n       <\/div>\n<\/td>\n<\/tr>\n<\/tbody>\n<\/table><\/div>\n<\/p><\/div>\n<div module-id=\"28176339359\" module-title=\"detailTextWithTitle\" render=\"true\" class=\"J_module\">\n<div class=\"detail-decorate-json-renderer-container\">\n<div class=\"magic-1\">\n<h3 class=\"magic-2\"><\/h3>\n<h3 class=\"magic-3\"><font color=\"#3f6fff\">Hauptmerkmale<\/font><\/h3>\n<div class=\"magic-4\">\n<div class=\"magic-5\">\n<div class=\"magic-6\">\n<p class=\"magic-7\">1. kompakte Bauweise, hohe Effizienz;<\/p>\n<p class=\"magic-7\">2. exakte Temperaturregelung des Schrumpftunnels.<\/p>\n<p>3. eine starke Luftstr\u00f6mung sorgt f\u00fcr eine hervorragende W\u00e4rmeverteilung und damit f\u00fcr ein gleichm\u00e4\u00dfiges Schrumpfen;&nbsp;<\/p>\n<\/p><\/div>\n<\/p><\/div>\n<\/p><\/div>\n<\/p><\/div>\n<\/p><\/div>\n<\/p><\/div>\n<div module-id=\"28176339360\" module-title=\"detailSingleImage\" render=\"true\" class=\"J_module\">\n<div class=\"icbu-pc-images magic-11\">\n<div>\n<div class=\"flex-layout-v\">\n<div class=\"flex-layout-h magic-11\">\n<div class=\"magic-12\">\n       <img decoding=\"async\" src=\"https:\/\/sc02.alicdn.com\/kf\/HTB1aXX7aTHuK1RkSndVq6xVwpXa9\/64496\/HTB1aXX7aTHuK1RkSndVq6xVwpXa9.jpg\" class=\"aligncenter\">\n      <\/div>\n<\/p><\/div>\n<\/p><\/div>\n<\/p><\/div>\n<\/p><\/div>\n<\/p><\/div>\n<div module-id=\"28176339361\" module-title=\"detailVerticalImages\" render=\"true\" class=\"J_module\">\n<div class=\"icbu-pc-images magic-11\">\n<div>\n<div class=\"flex-layout-v\">\n<div class=\"magic-14\">\n      <img decoding=\"async\" src=\"https:\/\/sc01.alicdn.com\/kf\/HTB1sG.AayzxK1RkSnaVq6xn9VXaH\/64496\/HTB1sG.AayzxK1RkSnaVq6xn9VXaH.jpg\" class=\"aligncenter\">\n     <\/div>\n<div class=\"flex-layout-h magic-11\">\n<div class=\"magic-16\">\n       <img decoding=\"async\" src=\"https:\/\/sc01.alicdn.com\/kf\/HTB1HngCaxrvK1RjSszeq6yObFXap\/64496\/HTB1HngCaxrvK1RjSszeq6yObFXap.jpg\" class=\"aligncenter\">\n      <\/div>\n<div class=\"magic-18\">\n       <img decoding=\"async\" src=\"https:\/\/sc01.alicdn.com\/kf\/HTB19IMDazvuK1Rjy0Faq6x2aVXa7\/64496\/HTB19IMDazvuK1Rjy0Faq6x2aVXa7.jpg\" class=\"aligncenter\">\n      <\/div>\n<\/p><\/div>\n<\/p><\/div>\n<\/p><\/div>\n<\/p><\/div>\n<\/p><\/div>\n<div module-id=\"28176339362\" module-title=\"detailSingleImage\" render=\"true\" class=\"J_module\">\n<div class=\"icbu-pc-images magic-11\">\n<div>\n<div class=\"flex-layout-v\">\n<div class=\"flex-layout-h magic-11\">\n<div class=\"magic-20\">\n       <img decoding=\"async\" src=\"https:\/\/sc01.alicdn.com\/kf\/HTB153QxasfrK1RkSmLyq6xGApXaT\/64496\/HTB153QxasfrK1RkSmLyq6xGApXaT.jpg\" class=\"aligncenter\">\n      <\/div>\n<\/p><\/div>\n<\/p><\/div>\n<\/p><\/div>\n<\/p><\/div>\n<\/p><\/div>\n<div module-id=\"28176339363\" module-title=\"detailSingleImage\" render=\"true\" class=\"J_module\">\n<div class=\"icbu-pc-images magic-11\">\n<div>\n<div class=\"flex-layout-v\">\n<div class=\"flex-layout-h magic-11\">\n<div class=\"magic-22\">\n       <img decoding=\"async\" src=\"https:\/\/sc02.alicdn.com\/kf\/HTB1Wdl5aOzxK1RjSspjq6AS.pXaQ\/64496\/HTB1Wdl5aOzxK1RjSspjq6AS.pXaQ.jpg\" class=\"aligncenter\">\n      <\/div>\n<\/p><\/div>\n<\/p><\/div>\n<\/p><\/div>\n<\/p><\/div>\n<\/p><\/div>\n<\/div>","protected":false},"excerpt":{"rendered":"<p>Verpackungs-Schrumpftunnel-Verpackungsmaschine<\/p>","protected":false},"featured_media":3129,"comment_status":"closed","ping_status":"open","template":"","meta":[],"product_brand":[],"product_cat":[123,98],"product_tag":[],"class_list":{"0":"post-3128","1":"product","2":"type-product","3":"status-publish","4":"has-post-thumbnail","6":"product_cat-shrink-tunnels","7":"product_cat-wrapping-machines","9":"first","10":"instock","11":"sale","12":"purchasable","13":"product-type-simple"},"yoast_head":"<!-- This site is optimized with the Yoast SEO Premium plugin v20.9 (Yoast SEO v26.5) - https:\/\/yoast.com\/wordpress\/plugins\/seo\/ -->\n<title>DSA4525 Packaging Shrink tunnel machine - ALF PACK<\/title>\n<meta name=\"robots\" content=\"index, follow, max-snippet:-1, max-image-preview:large, max-video-preview:-1\" \/>\n<link rel=\"canonical\" href=\"https:\/\/alfequipment.com\/de\/product\/dsa4525-verpackungs-schrumpftunnelmaschine\/\" \/>\n<meta property=\"og:locale\" content=\"de_DE\" \/>\n<meta property=\"og:type\" content=\"article\" \/>\n<meta property=\"og:title\" content=\"DSA4525 Packaging Shrink tunnel machine\" \/>\n<meta property=\"og:description\" content=\"Packaging Shrink Tunnel Wrapping Machine\" \/>\n<meta property=\"og:url\" content=\"https:\/\/alfequipment.com\/de\/product\/dsa4525-verpackungs-schrumpftunnelmaschine\/\" \/>\n<meta property=\"og:site_name\" content=\"ALF PACK\" \/>\n<meta property=\"article:modified_time\" content=\"2025-01-14T03:11:40+00:00\" \/>\n<meta property=\"og:image\" content=\"https:\/\/alfequipment.com\/wp-content\/uploads\/2025\/01\/DSA4525-Packaging-Shrink-tunnel-machine.jpg\" \/>\n\t<meta property=\"og:image:width\" content=\"800\" \/>\n\t<meta property=\"og:image:height\" content=\"800\" \/>\n\t<meta property=\"og:image:type\" content=\"image\/webp\" \/>\n<meta name=\"twitter:card\" content=\"summary_large_image\" \/>\n<meta name=\"twitter:label1\" content=\"Gesch\u00e4tzte Lesezeit\" \/>\n\t<meta name=\"twitter:data1\" content=\"1\u00a0Minute\" \/>\n<script type=\"application\/ld+json\" class=\"yoast-schema-graph\">{\"@context\":\"https:\/\/schema.org\",\"@graph\":[{\"@type\":\"WebPage\",\"@id\":\"https:\/\/alfequipment.com\/product\/dsa4525-packaging-shrink-tunnel-machine\/\",\"url\":\"https:\/\/alfequipment.com\/product\/dsa4525-packaging-shrink-tunnel-machine\/\",\"name\":\"DSA4525 Packaging Shrink tunnel machine - ALF PACK\",\"isPartOf\":{\"@id\":\"https:\/\/alfequipment.com\/#website\"},\"primaryImageOfPage\":{\"@id\":\"https:\/\/alfequipment.com\/product\/dsa4525-packaging-shrink-tunnel-machine\/#primaryimage\"},\"image\":{\"@id\":\"https:\/\/alfequipment.com\/product\/dsa4525-packaging-shrink-tunnel-machine\/#primaryimage\"},\"thumbnailUrl\":\"https:\/\/alfequipment.com\/wp-content\/uploads\/2025\/01\/DSA4525-Packaging-Shrink-tunnel-machine.jpg\",\"datePublished\":\"2025-01-09T13:33:29+00:00\",\"dateModified\":\"2025-01-14T03:11:40+00:00\",\"breadcrumb\":{\"@id\":\"https:\/\/alfequipment.com\/product\/dsa4525-packaging-shrink-tunnel-machine\/#breadcrumb\"},\"inLanguage\":\"de\",\"potentialAction\":[{\"@type\":\"ReadAction\",\"target\":[\"https:\/\/alfequipment.com\/product\/dsa4525-packaging-shrink-tunnel-machine\/\"]}]},{\"@type\":\"ImageObject\",\"inLanguage\":\"de\",\"@id\":\"https:\/\/alfequipment.com\/product\/dsa4525-packaging-shrink-tunnel-machine\/#primaryimage\",\"url\":\"https:\/\/alfequipment.com\/wp-content\/uploads\/2025\/01\/DSA4525-Packaging-Shrink-tunnel-machine.jpg\",\"contentUrl\":\"https:\/\/alfequipment.com\/wp-content\/uploads\/2025\/01\/DSA4525-Packaging-Shrink-tunnel-machine.jpg\",\"width\":800,\"height\":800},{\"@type\":\"BreadcrumbList\",\"@id\":\"https:\/\/alfequipment.com\/product\/dsa4525-packaging-shrink-tunnel-machine\/#breadcrumb\",\"itemListElement\":[{\"@type\":\"ListItem\",\"position\":1,\"name\":\"Home\",\"item\":\"https:\/\/alfequipment.com\/\"},{\"@type\":\"ListItem\",\"position\":2,\"name\":\"Shop\",\"item\":\"https:\/\/alfequipment.com\/shop\/\"},{\"@type\":\"ListItem\",\"position\":3,\"name\":\"DSA4525 Packaging Shrink tunnel machine\"}]},{\"@type\":\"WebSite\",\"@id\":\"https:\/\/alfequipment.com\/#website\",\"url\":\"https:\/\/alfequipment.com\/\",\"name\":\"ALF PACK\",\"description\":\"\",\"publisher\":{\"@id\":\"https:\/\/alfequipment.com\/#organization\"},\"potentialAction\":[{\"@type\":\"SearchAction\",\"target\":{\"@type\":\"EntryPoint\",\"urlTemplate\":\"https:\/\/alfequipment.com\/?s={search_term_string}\"},\"query-input\":{\"@type\":\"PropertyValueSpecification\",\"valueRequired\":true,\"valueName\":\"search_term_string\"}}],\"inLanguage\":\"de\"},{\"@type\":\"Organization\",\"@id\":\"https:\/\/alfequipment.com\/#organization\",\"name\":\"ALF PACK\",\"url\":\"https:\/\/alfequipment.com\/\",\"logo\":{\"@type\":\"ImageObject\",\"inLanguage\":\"de\",\"@id\":\"https:\/\/alfequipment.com\/#\/schema\/logo\/image\/\",\"url\":\"https:\/\/alfequipment.com\/wp-content\/uploads\/2024\/11\/ALFlogo-2.webp\",\"contentUrl\":\"https:\/\/alfequipment.com\/wp-content\/uploads\/2024\/11\/ALFlogo-2.webp\",\"width\":758,\"height\":750,\"caption\":\"ALF PACK\"},\"image\":{\"@id\":\"https:\/\/alfequipment.com\/#\/schema\/logo\/image\/\"}}]}<\/script>\n<!-- \/ Yoast SEO Premium plugin. -->","yoast_head_json":{"title":"DSA4525 Verpackungs-Schrumpftunnelmaschine - ALF PACK","robots":{"index":"index","follow":"follow","max-snippet":"max-snippet:-1","max-image-preview":"max-image-preview:large","max-video-preview":"max-video-preview:-1"},"canonical":"https:\/\/alfequipment.com\/de\/product\/dsa4525-verpackungs-schrumpftunnelmaschine\/","og_locale":"de_DE","og_type":"article","og_title":"DSA4525 Packaging Shrink tunnel machine","og_description":"Packaging Shrink Tunnel Wrapping Machine","og_url":"https:\/\/alfequipment.com\/de\/product\/dsa4525-verpackungs-schrumpftunnelmaschine\/","og_site_name":"ALF PACK","article_modified_time":"2025-01-14T03:11:40+00:00","og_image":[{"width":800,"height":800,"url":"https:\/\/alfequipment.com\/wp-content\/uploads\/2025\/01\/DSA4525-Packaging-Shrink-tunnel-machine.jpg","type":"image\/webp"}],"twitter_card":"summary_large_image","twitter_misc":{"Gesch\u00e4tzte Lesezeit":"1\u00a0Minute"},"schema":{"@context":"https:\/\/schema.org","@graph":[{"@type":"WebPage","@id":"https:\/\/alfequipment.com\/product\/dsa4525-packaging-shrink-tunnel-machine\/","url":"https:\/\/alfequipment.com\/product\/dsa4525-packaging-shrink-tunnel-machine\/","name":"DSA4525 Verpackungs-Schrumpftunnelmaschine - ALF PACK","isPartOf":{"@id":"https:\/\/alfequipment.com\/#website"},"primaryImageOfPage":{"@id":"https:\/\/alfequipment.com\/product\/dsa4525-packaging-shrink-tunnel-machine\/#primaryimage"},"image":{"@id":"https:\/\/alfequipment.com\/product\/dsa4525-packaging-shrink-tunnel-machine\/#primaryimage"},"thumbnailUrl":"https:\/\/alfequipment.com\/wp-content\/uploads\/2025\/01\/DSA4525-Packaging-Shrink-tunnel-machine.jpg","datePublished":"2025-01-09T13:33:29+00:00","dateModified":"2025-01-14T03:11:40+00:00","breadcrumb":{"@id":"https:\/\/alfequipment.com\/product\/dsa4525-packaging-shrink-tunnel-machine\/#breadcrumb"},"inLanguage":"de","potentialAction":[{"@type":"ReadAction","target":["https:\/\/alfequipment.com\/product\/dsa4525-packaging-shrink-tunnel-machine\/"]}]},{"@type":"ImageObject","inLanguage":"de","@id":"https:\/\/alfequipment.com\/product\/dsa4525-packaging-shrink-tunnel-machine\/#primaryimage","url":"https:\/\/alfequipment.com\/wp-content\/uploads\/2025\/01\/DSA4525-Packaging-Shrink-tunnel-machine.jpg","contentUrl":"https:\/\/alfequipment.com\/wp-content\/uploads\/2025\/01\/DSA4525-Packaging-Shrink-tunnel-machine.jpg","width":800,"height":800},{"@type":"BreadcrumbList","@id":"https:\/\/alfequipment.com\/product\/dsa4525-packaging-shrink-tunnel-machine\/#breadcrumb","itemListElement":[{"@type":"ListItem","position":1,"name":"Home","item":"https:\/\/alfequipment.com\/"},{"@type":"ListItem","position":2,"name":"Shop","item":"https:\/\/alfequipment.com\/shop\/"},{"@type":"ListItem","position":3,"name":"DSA4525 Packaging Shrink tunnel machine"}]},{"@type":"WebSite","@id":"https:\/\/alfequipment.com\/#website","url":"https:\/\/alfequipment.com\/","name":"ALF PACK","description":"","publisher":{"@id":"https:\/\/alfequipment.com\/#organization"},"potentialAction":[{"@type":"SearchAction","target":{"@type":"EntryPoint","urlTemplate":"https:\/\/alfequipment.com\/?s={search_term_string}"},"query-input":{"@type":"PropertyValueSpecification","valueRequired":true,"valueName":"search_term_string"}}],"inLanguage":"de"},{"@type":"Organization","@id":"https:\/\/alfequipment.com\/#organization","name":"ALF PACK","url":"https:\/\/alfequipment.com\/","logo":{"@type":"ImageObject","inLanguage":"de","@id":"https:\/\/alfequipment.com\/#\/schema\/logo\/image\/","url":"https:\/\/alfequipment.com\/wp-content\/uploads\/2024\/11\/ALFlogo-2.webp","contentUrl":"https:\/\/alfequipment.com\/wp-content\/uploads\/2024\/11\/ALFlogo-2.webp","width":758,"height":750,"caption":"ALF PACK"},"image":{"@id":"https:\/\/alfequipment.com\/#\/schema\/logo\/image\/"}}]}},"_links":{"self":[{"href":"https:\/\/alfequipment.com\/de\/wp-json\/wp\/v2\/product\/3128","targetHints":{"allow":["GET"]}}],"collection":[{"href":"https:\/\/alfequipment.com\/de\/wp-json\/wp\/v2\/product"}],"about":[{"href":"https:\/\/alfequipment.com\/de\/wp-json\/wp\/v2\/types\/product"}],"replies":[{"embeddable":true,"href":"https:\/\/alfequipment.com\/de\/wp-json\/wp\/v2\/comments?post=3128"}],"version-history":[{"count":0,"href":"https:\/\/alfequipment.com\/de\/wp-json\/wp\/v2\/product\/3128\/revisions"}],"wp:featuredmedia":[{"embeddable":true,"href":"https:\/\/alfequipment.com\/de\/wp-json\/wp\/v2\/media\/3129"}],"wp:attachment":[{"href":"https:\/\/alfequipment.com\/de\/wp-json\/wp\/v2\/media?parent=3128"}],"wp:term":[{"taxonomy":"product_brand","embeddable":true,"href":"https:\/\/alfequipment.com\/de\/wp-json\/wp\/v2\/product_brand?post=3128"},{"taxonomy":"product_cat","embeddable":true,"href":"https:\/\/alfequipment.com\/de\/wp-json\/wp\/v2\/product_cat?post=3128"},{"taxonomy":"product_tag","embeddable":true,"href":"https:\/\/alfequipment.com\/de\/wp-json\/wp\/v2\/product_tag?post=3128"}],"curies":[{"name":"wp","href":"https:\/\/api.w.org\/{rel}","templated":true}]}}