{"id":3134,"date":"2024-12-30T17:40:27","date_gmt":"2024-12-30T17:40:27","guid":{"rendered":"https:\/\/alfequipment.com\/product\/dql6025s-new-automatic-side-sealer-and-dsc6030a-shrink-tunnel-packager-long-items-sealing-packaging-machine\/"},"modified":"2025-01-14T02:47:59","modified_gmt":"2025-01-14T02:47:59","slug":"dql6025s-neue-automatische-seitenschweismaschine-und-dsc6030a-schrumpftunnelverpackungsmaschine-fur-lange-artikel-verpackungsmaschine","status":"publish","type":"product","link":"https:\/\/alfequipment.com\/de\/product\/dql6025s-neue-automatische-seitenschweismaschine-und-dsc6030a-schrumpftunnelverpackungsmaschine-fur-lange-artikel-verpackungsmaschine\/","title":{"rendered":"DQL6025S Neue automatische Seitenschwei\u00dfmaschine und DSC6030A Schrumpftunnel-Verpackungsmaschine Versiegeln von langen Artikeln Verpackungsmaschine"},"content":{"rendered":"<div data-magic-global=\"%7B%22bizId%22%3A17179933680%2C%22pageId%22%3A5022048599%2C%22siteId%22%3A5005331025%7D\" id=\"detail_decorate_root\">\n<div module-id=\"5593131163\" module-title=\"detailProductNavigation\" render=\"true\" class=\"J_module\">\n<div id=\"ali-anchor-AliMagic-jh6p4u\" data-section=\"AliMagic-jh6p4u\" data-section-title=\"Product Description\" class=\"magic-0\">Die automatische Seitenschwei\u00dfmaschine ist speziell f\u00fcr das Verpacken von langen Produkten wie Profilen, Schienen, Stangen usw., auch in beliebigen L\u00e4ngen, konzipiert und ist durch ihre offene und zug\u00e4ngliche Bauweise bequem und effizient zu handhaben. Die hohe Arbeitseffizienz sichert der vollautomatischen L-Schwei\u00dfmaschine eine erstklassige Verpackungsqualit\u00e4t.<\/div>\n<\/div>\n<div module-id=\"5593131164\" module-title=\"detailTextWithTitle\" render=\"true\" class=\"J_module\">\n<div class=\"detail-decorate-json-renderer-container\">\n<div class=\"magic-1\">\n<div class=\"magic-4\">\n<div class=\"magic-5\">\n<div class=\"magic-6\">\n<p class=\"magic-7\">Merkmale:<br \/>1. verpacktes Produkt ohne L\u00e4ngenbegrenzung<br \/>2. ausgezeichnete Perforation System erm\u00f6glicht den Stift leicht zu \u00e4ndern und einzustellen<br \/>3. die Abdichtung System in der Lage, glatte und feste Abdichtung Linie produzieren<br \/>4. mit Sicherheitsschutz und Alarmvorrichtung<br \/>5. einfache Wartung und Bedienung<\/p>\n<\/p><\/div>\n<\/p><\/div>\n<\/p><\/div>\n<\/p><\/div>\n<\/p><\/div>\n<\/p><\/div>\n<div module-id=\"5593131165\" module-title=\"detailTableHorizontal\" render=\"true\" class=\"J_module\">\n<div class=\"ife-detail-decorate-table\">\n<table class=\"has-title all magic-8\">\n<tbody>\n<tr>\n<td colspan=\"1\" rowspan=\"1\">\n<div class=\"magic-9\">\n        Modell\/\n       <\/div>\n<\/td>\n<td colspan=\"1\" rowspan=\"1\">\n<div class=\"magic-10\">\n        DQL6025S(Seitenschwei\u00dfger\u00e4t)<br \/>\n        \n       <\/div>\n<\/td>\n<td colspan=\"1\" rowspan=\"1\">\n<div class=\"magic-10\">\n         DSE6030A (Tunnel)\n       <\/div>\n<\/td>\n<\/tr>\n<tr>\n<td colspan=\"1\" rowspan=\"1\">\n<div class=\"magic-9\">\n        Max. Packma\u00df\/\n       <\/div>\n<\/td>\n<td colspan=\"1\" rowspan=\"1\">\n<div class=\"magic-10\">\n        L:\u221d, B+H&lt;600 mm, H:&lt;220mm\n       <\/div>\n<\/td>\n<td colspan=\"1\" rowspan=\"1\">\n<div class=\"magic-10\">\n        B600 x H300 mm\n       <\/div>\n<\/td>\n<\/tr>\n<tr>\n<td colspan=\"1\" rowspan=\"1\">\n<div class=\"magic-9\">\n        Leistung\/\n       <\/div>\n<\/td>\n<td colspan=\"1\" rowspan=\"1\">\n<div class=\"magic-10\">\n        3 KW\n       <\/div>\n<\/td>\n<td colspan=\"1\" rowspan=\"1\">\n<div class=\"magic-10\">\n        18KW\n       <\/div>\n<\/td>\n<\/tr>\n<tr>\n<td colspan=\"1\" rowspan=\"1\">\n<div class=\"magic-9\">\n        Spannung\n       <\/div>\n<\/td>\n<td colspan=\"1\" rowspan=\"1\">\n<div class=\"magic-10\">\n        220V 50\/60HZ\n       <\/div>\n<\/td>\n<td colspan=\"1\" rowspan=\"1\">\n<div class=\"magic-10\">\n        380V 50HZ\n       <\/div>\n<\/td>\n<\/tr>\n<tr>\n<td colspan=\"1\" rowspan=\"1\">\n<div class=\"magic-9\">\n        Kapazit\u00e4t\/\n       <\/div>\n<\/td>\n<td colspan=\"2\" rowspan=\"1\">\n<div class=\"magic-11\">\n        0-16 m\/min\n       <\/div>\n<\/td>\n<td rowspan=\"0\" class=\"magic-12\">\n<div class=\"magic-13\"><\/div>\n<\/td>\n<\/tr>\n<tr>\n<td colspan=\"1\" rowspan=\"1\">\n<div class=\"magic-9\">\n        Dicke der Folie\/(mm)\n       <\/div>\n<\/td>\n<td colspan=\"2\" rowspan=\"1\">\n<div class=\"magic-11\">\n        0.015-0.05\n       <\/div>\n<\/td>\n<td rowspan=\"0\" class=\"magic-12\">\n<div class=\"magic-13\"><\/div>\n<\/td>\n<\/tr>\n<tr>\n<td colspan=\"1\" rowspan=\"1\">\n<div class=\"magic-9\">\n        Verpackungsmaterial\n       <\/div>\n<\/td>\n<td colspan=\"2\" rowspan=\"1\">\n<div class=\"magic-11\">\n        POF\n       <\/div>\n<\/td>\n<td rowspan=\"0\" class=\"magic-12\">\n<div class=\"magic-13\"><\/div>\n<\/td>\n<\/tr>\n<tr>\n<td colspan=\"1\" rowspan=\"1\">\n<div class=\"magic-9\">\n        Luftdruck\/(kg\/c\u00e3\u00a1)\n       <\/div>\n<\/td>\n<td colspan=\"2\" rowspan=\"1\">\n<div class=\"magic-11\">\n        5\n       <\/div>\n<\/td>\n<td rowspan=\"0\" class=\"magic-12\">\n<div class=\"magic-13\"><\/div>\n<\/td>\n<\/tr>\n<tr>\n<td colspan=\"1\" rowspan=\"1\">\n<div class=\"magic-9\">\n        Gr\u00f6\u00dfe der Maschine\/ (mm)\n       <\/div>\n<\/td>\n<td colspan=\"1\" rowspan=\"1\">\n<div class=\"magic-10\">\n        L2600\u00d7W1450\u00d7H1680\n       <\/div>\n<\/td>\n<td colspan=\"1\" rowspan=\"1\">\n<div class=\"magic-10\">\n        L2000\u00d7B1000\u00d7H1600\n       <\/div>\n<\/td>\n<\/tr>\n<\/tbody>\n<\/table><\/div>\n<\/p><\/div>\n<div module-id=\"5593131166\" module-title=\"detailSingleImage\" render=\"true\" class=\"J_module\">\n<div class=\"icbu-pc-images magic-14\">\n<div>\n<div class=\"flex-layout-v\">\n<div class=\"flex-layout-h magic-14\">\n<div class=\"magic-15\">\n       <img decoding=\"async\" src=\"https:\/\/sc04.alicdn.com\/kf\/He107fa335ccc4c57a10dad0c4be41f57e\/64496\/He107fa335ccc4c57a10dad0c4be41f57e.jpg\" class=\"aligncenter\">\n      <\/div>\n<\/p><\/div>\n<\/p><\/div>\n<\/p><\/div>\n<\/p><\/div>\n<\/p><\/div>\n<div module-id=\"5586256605\" module-title=\"detailSingleImage\" render=\"true\" class=\"J_module\">\n<div class=\"icbu-pc-images magic-14\">\n<div>\n<div class=\"flex-layout-v\">\n<div class=\"flex-layout-h magic-14\">\n<div class=\"magic-15\">\n       <img decoding=\"async\" src=\"https:\/\/sc04.alicdn.com\/kf\/Hbfb1a67ba9cd45418ed81a75e7182316h\/64496\/Hbfb1a67ba9cd45418ed81a75e7182316h.jpg\" class=\"aligncenter\">\n      <\/div>\n<\/p><\/div>\n<\/p><\/div>\n<\/p><\/div>\n<\/p><\/div>\n<\/p><\/div>\n<div module-id=\"5586256606\" module-title=\"detailTwoImages\" render=\"true\" class=\"J_module\">\n<div class=\"icbu-pc-images magic-14\">\n<div>\n<div class=\"flex-layout-v\">\n<div class=\"flex-layout-h magic-14\">\n<div class=\"magic-17\">\n       <img decoding=\"async\" src=\"https:\/\/sc01.alicdn.com\/kf\/HTB1VYZbasfrK1Rjy1Xdq6yemFXaQ\/64496\/HTB1VYZbasfrK1Rjy1Xdq6yemFXaQ.jpg\" class=\"aligncenter\">\n      <\/div>\n<div class=\"magic-19\">\n       <img decoding=\"async\" src=\"https:\/\/sc01.alicdn.com\/kf\/HTB1arMbaEzrK1RjSspmq6AOdFXay\/64496\/HTB1arMbaEzrK1RjSspmq6AOdFXay.jpg\" class=\"aligncenter\">\n      <\/div>\n<\/p><\/div>\n<\/p><\/div>\n<\/p><\/div>\n<\/p><\/div>\n<\/p><\/div>\n<div module-id=\"28140231680\" module-title=\"detailSingleImage\" render=\"true\" class=\"J_module\">\n<div class=\"icbu-pc-images magic-14\">\n<div>\n<div class=\"flex-layout-v\">\n<div class=\"flex-layout-h magic-14\">\n<div class=\"magic-20\">\n       <img decoding=\"async\" src=\"https:\/\/sc04.alicdn.com\/kf\/H1bc01972315846b880ba2875b7a34fcbX\/64496\/H1bc01972315846b880ba2875b7a34fcbX.jpg\" class=\"aligncenter\">\n      <\/div>\n<\/p><\/div>\n<\/p><\/div>\n<\/p><\/div>\n<\/p><\/div>\n<\/p><\/div>\n<div module-id=\"28140231681\" module-title=\"detailSingleImage\" render=\"true\" class=\"J_module\">\n<div class=\"icbu-pc-images magic-14\">\n<div>\n<div class=\"flex-layout-v\">\n<div class=\"flex-layout-h magic-14\">\n<div class=\"magic-22\">\n       <img decoding=\"async\" src=\"https:\/\/sc04.alicdn.com\/kf\/H41eeb5057c0f421289a814b2c3d11180A\/64496\/H41eeb5057c0f421289a814b2c3d11180A.jpg\" class=\"aligncenter\">\n      <\/div>\n<\/p><\/div>\n<\/p><\/div>\n<\/p><\/div>\n<\/p><\/div>\n<\/p><\/div>\n<\/div>","protected":false},"excerpt":{"rendered":"<p>Verpackungsmaschine f\u00fcr lange Gegenst\u00e4nde<\/p>","protected":false},"featured_media":3135,"comment_status":"closed","ping_status":"open","template":"","meta":[],"product_brand":[],"product_cat":[122,97],"product_tag":[],"class_list":{"0":"post-3134","1":"product","2":"type-product","3":"status-publish","4":"has-post-thumbnail","6":"product_cat-l-type-sealer","7":"product_cat-sealing-machines","9":"first","10":"instock","11":"sale","12":"purchasable","13":"product-type-simple"},"yoast_head":"<!-- This site is optimized with the Yoast SEO Premium plugin v20.9 (Yoast SEO v26.5) - https:\/\/yoast.com\/wordpress\/plugins\/seo\/ -->\n<title>DQL6025S New Automatic side Sealer and DSC6030A Shrink tunnel packager Long items sealing packaging machine - ALF PACK<\/title>\n<meta name=\"robots\" content=\"index, follow, max-snippet:-1, max-image-preview:large, max-video-preview:-1\" \/>\n<link rel=\"canonical\" href=\"https:\/\/alfequipment.com\/de\/product\/dql6025s-neue-automatische-seitenschweismaschine-und-dsc6030a-schrumpftunnelverpackungsmaschine-fur-lange-artikel-verpackungsmaschine\/\" \/>\n<meta property=\"og:locale\" content=\"de_DE\" \/>\n<meta property=\"og:type\" content=\"article\" \/>\n<meta property=\"og:title\" content=\"DQL6025S New Automatic side Sealer and DSC6030A Shrink tunnel packager Long items sealing packaging machine\" \/>\n<meta property=\"og:description\" content=\"Long Items Packaging Machine\" \/>\n<meta property=\"og:url\" content=\"https:\/\/alfequipment.com\/de\/product\/dql6025s-neue-automatische-seitenschweismaschine-und-dsc6030a-schrumpftunnelverpackungsmaschine-fur-lange-artikel-verpackungsmaschine\/\" \/>\n<meta property=\"og:site_name\" content=\"ALF PACK\" \/>\n<meta property=\"article:modified_time\" content=\"2025-01-14T02:47:59+00:00\" \/>\n<meta property=\"og:image\" content=\"https:\/\/alfequipment.com\/wp-content\/uploads\/2025\/01\/DQL6025S-New-Automatic-side-Sealer-and-DSC6030A.jpg\" \/>\n\t<meta property=\"og:image:width\" content=\"800\" \/>\n\t<meta property=\"og:image:height\" content=\"800\" \/>\n\t<meta property=\"og:image:type\" content=\"image\/webp\" \/>\n<meta name=\"twitter:card\" content=\"summary_large_image\" \/>\n<meta name=\"twitter:label1\" content=\"Gesch\u00e4tzte Lesezeit\" \/>\n\t<meta name=\"twitter:data1\" content=\"1\u00a0Minute\" \/>\n<script type=\"application\/ld+json\" class=\"yoast-schema-graph\">{\"@context\":\"https:\/\/schema.org\",\"@graph\":[{\"@type\":\"WebPage\",\"@id\":\"https:\/\/alfequipment.com\/product\/dql6025s-new-automatic-side-sealer-and-dsc6030a-shrink-tunnel-packager-long-items-sealing-packaging-machine\/\",\"url\":\"https:\/\/alfequipment.com\/product\/dql6025s-new-automatic-side-sealer-and-dsc6030a-shrink-tunnel-packager-long-items-sealing-packaging-machine\/\",\"name\":\"DQL6025S New Automatic side Sealer and DSC6030A Shrink tunnel packager Long items sealing packaging machine - ALF PACK\",\"isPartOf\":{\"@id\":\"https:\/\/alfequipment.com\/#website\"},\"primaryImageOfPage\":{\"@id\":\"https:\/\/alfequipment.com\/product\/dql6025s-new-automatic-side-sealer-and-dsc6030a-shrink-tunnel-packager-long-items-sealing-packaging-machine\/#primaryimage\"},\"image\":{\"@id\":\"https:\/\/alfequipment.com\/product\/dql6025s-new-automatic-side-sealer-and-dsc6030a-shrink-tunnel-packager-long-items-sealing-packaging-machine\/#primaryimage\"},\"thumbnailUrl\":\"https:\/\/alfequipment.com\/wp-content\/uploads\/2025\/01\/DQL6025S-New-Automatic-side-Sealer-and-DSC6030A.jpg\",\"datePublished\":\"2024-12-30T17:40:27+00:00\",\"dateModified\":\"2025-01-14T02:47:59+00:00\",\"breadcrumb\":{\"@id\":\"https:\/\/alfequipment.com\/product\/dql6025s-new-automatic-side-sealer-and-dsc6030a-shrink-tunnel-packager-long-items-sealing-packaging-machine\/#breadcrumb\"},\"inLanguage\":\"de\",\"potentialAction\":[{\"@type\":\"ReadAction\",\"target\":[\"https:\/\/alfequipment.com\/product\/dql6025s-new-automatic-side-sealer-and-dsc6030a-shrink-tunnel-packager-long-items-sealing-packaging-machine\/\"]}]},{\"@type\":\"ImageObject\",\"inLanguage\":\"de\",\"@id\":\"https:\/\/alfequipment.com\/product\/dql6025s-new-automatic-side-sealer-and-dsc6030a-shrink-tunnel-packager-long-items-sealing-packaging-machine\/#primaryimage\",\"url\":\"https:\/\/alfequipment.com\/wp-content\/uploads\/2025\/01\/DQL6025S-New-Automatic-side-Sealer-and-DSC6030A.jpg\",\"contentUrl\":\"https:\/\/alfequipment.com\/wp-content\/uploads\/2025\/01\/DQL6025S-New-Automatic-side-Sealer-and-DSC6030A.jpg\",\"width\":800,\"height\":800},{\"@type\":\"BreadcrumbList\",\"@id\":\"https:\/\/alfequipment.com\/product\/dql6025s-new-automatic-side-sealer-and-dsc6030a-shrink-tunnel-packager-long-items-sealing-packaging-machine\/#breadcrumb\",\"itemListElement\":[{\"@type\":\"ListItem\",\"position\":1,\"name\":\"Home\",\"item\":\"https:\/\/alfequipment.com\/\"},{\"@type\":\"ListItem\",\"position\":2,\"name\":\"Shop\",\"item\":\"https:\/\/alfequipment.com\/shop\/\"},{\"@type\":\"ListItem\",\"position\":3,\"name\":\"DQL6025S New Automatic side Sealer and DSC6030A Shrink tunnel packager Long items sealing packaging machine\"}]},{\"@type\":\"WebSite\",\"@id\":\"https:\/\/alfequipment.com\/#website\",\"url\":\"https:\/\/alfequipment.com\/\",\"name\":\"ALF PACK\",\"description\":\"\",\"publisher\":{\"@id\":\"https:\/\/alfequipment.com\/#organization\"},\"potentialAction\":[{\"@type\":\"SearchAction\",\"target\":{\"@type\":\"EntryPoint\",\"urlTemplate\":\"https:\/\/alfequipment.com\/?s={search_term_string}\"},\"query-input\":{\"@type\":\"PropertyValueSpecification\",\"valueRequired\":true,\"valueName\":\"search_term_string\"}}],\"inLanguage\":\"de\"},{\"@type\":\"Organization\",\"@id\":\"https:\/\/alfequipment.com\/#organization\",\"name\":\"ALF PACK\",\"url\":\"https:\/\/alfequipment.com\/\",\"logo\":{\"@type\":\"ImageObject\",\"inLanguage\":\"de\",\"@id\":\"https:\/\/alfequipment.com\/#\/schema\/logo\/image\/\",\"url\":\"https:\/\/alfequipment.com\/wp-content\/uploads\/2024\/11\/ALFlogo-2.webp\",\"contentUrl\":\"https:\/\/alfequipment.com\/wp-content\/uploads\/2024\/11\/ALFlogo-2.webp\",\"width\":758,\"height\":750,\"caption\":\"ALF PACK\"},\"image\":{\"@id\":\"https:\/\/alfequipment.com\/#\/schema\/logo\/image\/\"}}]}<\/script>\n<!-- \/ Yoast SEO Premium plugin. -->","yoast_head_json":{"title":"DQL6025S Neue Automatische Seitenschwei\u00dfmaschine und DSC6030A Schrumpftunnel-Verpackungsmaschine Lange Artikel versiegeln Verpackungsmaschine - ALF PACK","robots":{"index":"index","follow":"follow","max-snippet":"max-snippet:-1","max-image-preview":"max-image-preview:large","max-video-preview":"max-video-preview:-1"},"canonical":"https:\/\/alfequipment.com\/de\/product\/dql6025s-neue-automatische-seitenschweismaschine-und-dsc6030a-schrumpftunnelverpackungsmaschine-fur-lange-artikel-verpackungsmaschine\/","og_locale":"de_DE","og_type":"article","og_title":"DQL6025S New Automatic side Sealer and DSC6030A Shrink tunnel packager Long items sealing packaging machine","og_description":"Long Items Packaging Machine","og_url":"https:\/\/alfequipment.com\/de\/product\/dql6025s-neue-automatische-seitenschweismaschine-und-dsc6030a-schrumpftunnelverpackungsmaschine-fur-lange-artikel-verpackungsmaschine\/","og_site_name":"ALF PACK","article_modified_time":"2025-01-14T02:47:59+00:00","og_image":[{"width":800,"height":800,"url":"https:\/\/alfequipment.com\/wp-content\/uploads\/2025\/01\/DQL6025S-New-Automatic-side-Sealer-and-DSC6030A.jpg","type":"image\/webp"}],"twitter_card":"summary_large_image","twitter_misc":{"Gesch\u00e4tzte Lesezeit":"1\u00a0Minute"},"schema":{"@context":"https:\/\/schema.org","@graph":[{"@type":"WebPage","@id":"https:\/\/alfequipment.com\/product\/dql6025s-new-automatic-side-sealer-and-dsc6030a-shrink-tunnel-packager-long-items-sealing-packaging-machine\/","url":"https:\/\/alfequipment.com\/product\/dql6025s-new-automatic-side-sealer-and-dsc6030a-shrink-tunnel-packager-long-items-sealing-packaging-machine\/","name":"DQL6025S Neue Automatische Seitenschwei\u00dfmaschine und DSC6030A Schrumpftunnel-Verpackungsmaschine Lange Artikel versiegeln Verpackungsmaschine - ALF PACK","isPartOf":{"@id":"https:\/\/alfequipment.com\/#website"},"primaryImageOfPage":{"@id":"https:\/\/alfequipment.com\/product\/dql6025s-new-automatic-side-sealer-and-dsc6030a-shrink-tunnel-packager-long-items-sealing-packaging-machine\/#primaryimage"},"image":{"@id":"https:\/\/alfequipment.com\/product\/dql6025s-new-automatic-side-sealer-and-dsc6030a-shrink-tunnel-packager-long-items-sealing-packaging-machine\/#primaryimage"},"thumbnailUrl":"https:\/\/alfequipment.com\/wp-content\/uploads\/2025\/01\/DQL6025S-New-Automatic-side-Sealer-and-DSC6030A.jpg","datePublished":"2024-12-30T17:40:27+00:00","dateModified":"2025-01-14T02:47:59+00:00","breadcrumb":{"@id":"https:\/\/alfequipment.com\/product\/dql6025s-new-automatic-side-sealer-and-dsc6030a-shrink-tunnel-packager-long-items-sealing-packaging-machine\/#breadcrumb"},"inLanguage":"de","potentialAction":[{"@type":"ReadAction","target":["https:\/\/alfequipment.com\/product\/dql6025s-new-automatic-side-sealer-and-dsc6030a-shrink-tunnel-packager-long-items-sealing-packaging-machine\/"]}]},{"@type":"ImageObject","inLanguage":"de","@id":"https:\/\/alfequipment.com\/product\/dql6025s-new-automatic-side-sealer-and-dsc6030a-shrink-tunnel-packager-long-items-sealing-packaging-machine\/#primaryimage","url":"https:\/\/alfequipment.com\/wp-content\/uploads\/2025\/01\/DQL6025S-New-Automatic-side-Sealer-and-DSC6030A.jpg","contentUrl":"https:\/\/alfequipment.com\/wp-content\/uploads\/2025\/01\/DQL6025S-New-Automatic-side-Sealer-and-DSC6030A.jpg","width":800,"height":800},{"@type":"BreadcrumbList","@id":"https:\/\/alfequipment.com\/product\/dql6025s-new-automatic-side-sealer-and-dsc6030a-shrink-tunnel-packager-long-items-sealing-packaging-machine\/#breadcrumb","itemListElement":[{"@type":"ListItem","position":1,"name":"Home","item":"https:\/\/alfequipment.com\/"},{"@type":"ListItem","position":2,"name":"Shop","item":"https:\/\/alfequipment.com\/shop\/"},{"@type":"ListItem","position":3,"name":"DQL6025S New Automatic side Sealer and DSC6030A Shrink tunnel packager Long items sealing packaging machine"}]},{"@type":"WebSite","@id":"https:\/\/alfequipment.com\/#website","url":"https:\/\/alfequipment.com\/","name":"ALF PACK","description":"","publisher":{"@id":"https:\/\/alfequipment.com\/#organization"},"potentialAction":[{"@type":"SearchAction","target":{"@type":"EntryPoint","urlTemplate":"https:\/\/alfequipment.com\/?s={search_term_string}"},"query-input":{"@type":"PropertyValueSpecification","valueRequired":true,"valueName":"search_term_string"}}],"inLanguage":"de"},{"@type":"Organization","@id":"https:\/\/alfequipment.com\/#organization","name":"ALF PACK","url":"https:\/\/alfequipment.com\/","logo":{"@type":"ImageObject","inLanguage":"de","@id":"https:\/\/alfequipment.com\/#\/schema\/logo\/image\/","url":"https:\/\/alfequipment.com\/wp-content\/uploads\/2024\/11\/ALFlogo-2.webp","contentUrl":"https:\/\/alfequipment.com\/wp-content\/uploads\/2024\/11\/ALFlogo-2.webp","width":758,"height":750,"caption":"ALF PACK"},"image":{"@id":"https:\/\/alfequipment.com\/#\/schema\/logo\/image\/"}}]}},"_links":{"self":[{"href":"https:\/\/alfequipment.com\/de\/wp-json\/wp\/v2\/product\/3134","targetHints":{"allow":["GET"]}}],"collection":[{"href":"https:\/\/alfequipment.com\/de\/wp-json\/wp\/v2\/product"}],"about":[{"href":"https:\/\/alfequipment.com\/de\/wp-json\/wp\/v2\/types\/product"}],"replies":[{"embeddable":true,"href":"https:\/\/alfequipment.com\/de\/wp-json\/wp\/v2\/comments?post=3134"}],"version-history":[{"count":0,"href":"https:\/\/alfequipment.com\/de\/wp-json\/wp\/v2\/product\/3134\/revisions"}],"wp:featuredmedia":[{"embeddable":true,"href":"https:\/\/alfequipment.com\/de\/wp-json\/wp\/v2\/media\/3135"}],"wp:attachment":[{"href":"https:\/\/alfequipment.com\/de\/wp-json\/wp\/v2\/media?parent=3134"}],"wp:term":[{"taxonomy":"product_brand","embeddable":true,"href":"https:\/\/alfequipment.com\/de\/wp-json\/wp\/v2\/product_brand?post=3134"},{"taxonomy":"product_cat","embeddable":true,"href":"https:\/\/alfequipment.com\/de\/wp-json\/wp\/v2\/product_cat?post=3134"},{"taxonomy":"product_tag","embeddable":true,"href":"https:\/\/alfequipment.com\/de\/wp-json\/wp\/v2\/product_tag?post=3134"}],"curies":[{"name":"wp","href":"https:\/\/api.w.org\/{rel}","templated":true}]}}