{"id":3150,"date":"2025-01-12T12:18:45","date_gmt":"2025-01-12T12:18:45","guid":{"rendered":"https:\/\/alfequipment.com\/product\/lf1080c-continuous-gas-flushing-band-sealer-inflating-plastic-bag-sealing-machine\/"},"modified":"2025-01-13T15:00:34","modified_gmt":"2025-01-13T15:00:34","slug":"lf1080c-kontinuierliche-gasgespulte-bandschweismaschine-zum-aufblasen-von-kunststoffbeuteln","status":"publish","type":"product","link":"https:\/\/alfequipment.com\/de\/product\/lf1080c-kontinuierliche-gasgespulte-bandschweismaschine-zum-aufblasen-von-kunststoffbeuteln\/","title":{"rendered":"LF1080C Kontinuierliche Gassp\u00fcl-Bandsiegelmaschine zum Aufblasen von Plastikbeuteln"},"content":{"rendered":"<div>\n<div>\n<div style=\"vertical-align: top;padding-top: 15px; padding-bottom: 15px;\">\n<div style=\"vertical-align: top;padding-top: 10px; padding-bottom: 10px; margin-right: -4px; margin-left: -4px;\">\n<div style=\"vertical-align: top; box-sizing: border-box; padding-right: 4px; padding-left: 4px;margin-top: -4px; margin-bottom: -4px;\">\n<div id=\"k0qbd\" style=\"vertical-align: top; box-sizing: border-box; padding-top: 4px; padding-bottom: 4px\">\n<h3 style=\"padding: 0px; font-size: 16px; line-height: 20px; font-weight: bold; margin: 0px;\"><span style=\"font-family: &quot;Open Sans&quot;; font-size: 13px;\">Diese Maschine ist auf der Grundlage der weit absorbieren Wesen \u00e4hnlicher ausl\u00e4ndischer Produkte und Vakuum-Maschine.nach den neuesten Anforderungen des Marktes zu entwerfen, auf ein neues Modell mit senden, aufblasbare (wie Stickstoff oder andere Gase), Dichtung, Code, in einem Satz, kontinuierliche Abdichtung und Verpackungsmaschine.<\/span><\/h3>\n<\/div>\n<div id=\"17mjt\" style=\"vertical-align: top; box-sizing: border-box; padding-top: 4px; padding-bottom: 4px\">\n<p style=\"margin:0;padding:0;\">Diese Maschine mit einfacher und neuartiger Struktur, sch\u00f6nem Aussehen, vollst\u00e4ndiger Funktion, hohem Automatisierungsgrad, kann die Arbeitsintensit\u00e4t des Bedieners stark reduzieren.<\/p>\n<\/p><\/div>\n<\/p><\/div>\n<\/p><\/div>\n<div style=\"vertical-align: top;padding-top: 10px; padding-bottom: 10px; margin-right: -4px; margin-left: -4px;\">\n<div id=\"sqwn8\" style=\"vertical-align: top; box-sizing: border-box; padding-right: 4px; padding-left: 4px\">\n<table style=\"width: auto; border-collapse: collapse; word-wrap: break-word;\" class=\"aliDataTable\">\n<tbody>\n<tr>\n<td style=\"background-color: rgb(218, 226, 237);\">\n<div style=\"width: 250px; height: 22px; padding: 5px 10px; overflow: hidden;\">\n          Modell\n         <\/div>\n<\/td>\n<td style=\"background-color: rgb(218, 226, 237);\">\n<div style=\"width: 453px; height: 22px; padding: 5px 10px; overflow: hidden;\">\n          LF1080C\n         <\/div>\n<\/td>\n<\/tr>\n<tr>\n<td>\n<div style=\"width: 250px; height: 22px; padding: 5px 10px; overflow: hidden;\">\n          Funktion\n         <\/div>\n<\/td>\n<td>\n<div style=\"width: 453px; height: 22px; padding: 5px 10px; overflow: hidden;\">\n          Gassp\u00fclung &amp; Beutelversiegelung\n         <\/div>\n<\/td>\n<\/tr>\n<tr>\n<td>\n<div style=\"width: 250px; height: 22px; padding: 5px 10px; overflow: hidden;\">\n          Impulsenergie\n         <\/div>\n<\/td>\n<td>\n<div style=\"width: 453px; height: 22px; padding: 5px 10px; overflow: hidden;\">\n          110V 60HZ oder 220V 50Hz\n         <\/div>\n<\/td>\n<\/tr>\n<tr>\n<td>\n<div style=\"width: 250px; height: 22px; padding: 5px 10px; overflow: hidden;\">\n          Strom\n         <\/div>\n<\/td>\n<td>\n<div style=\"width: 453px; height: 22px; padding: 5px 10px; overflow: hidden;\">\n          685W\n         <\/div>\n<\/td>\n<\/tr>\n<tr>\n<td>\n<div style=\"width: 250px; height: 22px; padding: 5px 10px; overflow: hidden;\">\n          Siegelgeschwindigkeit\n         <\/div>\n<\/td>\n<td>\n<div style=\"width: 453px; height: 22px; padding: 5px 10px; overflow: hidden;\">\n          0~12 m\/min\n         <\/div>\n<\/td>\n<\/tr>\n<tr>\n<td>\n<div style=\"width: 250px; height: 22px; padding: 5px 10px; overflow: hidden;\">\n          Siegelbreite\n         <\/div>\n<\/td>\n<td>\n<div style=\"width: 453px; height: 22px; padding: 5px 10px; overflow: hidden;\">\n          6~12 mm\n         <\/div>\n<\/td>\n<\/tr>\n<tr>\n<td>\n<div style=\"width: 250px; height: 22px; padding: 5px 10px; overflow: hidden;\">\n          Temperaturbereich\n         <\/div>\n<\/td>\n<td>\n<div style=\"width: 453px; height: 22px; padding: 5px 10px; overflow: hidden;\">\n          0~300\u00e2\n         <\/div>\n<\/td>\n<\/tr>\n<tr>\n<td>\n<div style=\"width: 250px; height: 22px; padding: 5px 10px; overflow: hidden;\">\n          Max. Dicke der einlagigen Folie\n         <\/div>\n<\/td>\n<td>\n<div style=\"width: 453px; height: 22px; padding: 5px 10px; overflow: hidden;\">\n          \u22640,08 mm\n         <\/div>\n<\/td>\n<\/tr>\n<tr>\n<td>\n<div style=\"width: 250px; height: 22px; padding: 5px 10px; overflow: hidden;\">\n          Max. Belastung des F\u00f6rderers\n         <\/div>\n<\/td>\n<td>\n<div style=\"width: 453px; height: 22px; padding: 5px 10px; overflow: hidden;\">\n          \u22643kgs\n         <\/div>\n<\/td>\n<\/tr>\n<tr>\n<td>\n<div style=\"width: 250px; height: 22px; padding: 5px 10px; overflow: hidden;\">\n          Gr\u00f6\u00dfe der Maschine (L*B*H)\n         <\/div>\n<\/td>\n<td>\n<div style=\"width: 453px; height: 22px; padding: 5px 10px; overflow: hidden;\">\n          1020x480x1065mm\n         <\/div>\n<\/td>\n<\/tr>\n<tr>\n<td>\n<div style=\"width: 250px; height: auto; padding: 5px 10px; overflow: hidden;\">\n          Gewicht\n         <\/div>\n<\/td>\n<td>\n<div style=\"width: 453px; height: 22px; padding: 5px 10px; overflow: hidden;\">\n          78Kg\n         <\/div>\n<\/td>\n<\/tr>\n<\/tbody>\n<\/table><\/div>\n<\/p><\/div>\n<div style=\"vertical-align: top;padding-top: 10px; padding-bottom: 10px; margin-right: -4px; margin-left: -4px;\">\n<div id=\"gpvc2\" style=\"vertical-align: top; box-sizing: border-box; padding-right: 4px; padding-left: 4px\">\n<div style=\"overflow: hidden; width: 750px; height: 562.5px;\">\n      <img decoding=\"async\" src=\"https:\/\/sc01.alicdn.com\/kf\/HTB15fSAXizxK1Rjy1zkq6yHrVXar\/64496\/HTB15fSAXizxK1Rjy1zkq6yHrVXar.jpg\" style=\"width: 750px; height: 562.5px; margin-left: 0px; margin-top: 0px;\" class=\"aligncenter\">\n     <\/div>\n<\/p><\/div>\n<\/p><\/div>\n<div style=\"vertical-align: top;padding-top: 10px; padding-bottom: 10px; margin-right: -4px; margin-left: -4px;\">\n<div style=\"vertical-align: top; box-sizing: border-box; padding-right: 4px; padding-left: 4px;margin-top: -4px; margin-bottom: -4px;\">\n<div id=\"vj6rg\" style=\"vertical-align: top; box-sizing: border-box; padding-top: 4px; padding-bottom: 4px\">\n<div style=\"overflow: hidden; width: 750px; height: 320px;\">\n       <img decoding=\"async\" src=\"https:\/\/sc01.alicdn.com\/kf\/HTB1CqaBXhrvK1RjSszeq6yObFXa4\/64496\/HTB1CqaBXhrvK1RjSszeq6yObFXa4.jpg\" style=\"width: 750px; height: 562.5px; margin-left: 0px; margin-top: 0px;\" class=\"aligncenter\">\n      <\/div>\n<\/p><\/div>\n<div style=\"vertical-align: top; box-sizing: border-box; padding-top: 4px; padding-bottom: 4px;margin-right: -4px; margin-left: -4px;\">\n<div id=\"syfaf\" style=\"vertical-align: top; width: 50%; display: inline-block; box-sizing: border-box; padding-right: 4px; padding-left: 4px\">\n<div style=\"overflow: hidden; width: 371px; height: 200px;\">\n        <img decoding=\"async\" src=\"https:\/\/sc01.alicdn.com\/kf\/HTB1nvt0bxTpK1RjSZFKq6y2wXXag\/64496\/HTB1nvt0bxTpK1RjSZFKq6y2wXXag.jpg\" style=\"width: 371px; height: 371px; margin-left: 0px; margin-top: -52px;\" class=\"aligncenter\">\n       <\/div>\n<\/p><\/div>\n<div id=\"5s7me\" style=\"vertical-align: top; width: 50%; display: inline-block; box-sizing: border-box; padding-right: 4px; padding-left: 4px\">\n<div style=\"overflow: hidden; width: 371px; height: 200px;\">\n        <img decoding=\"async\" src=\"https:\/\/sc01.alicdn.com\/kf\/HTB1btuiXiDxK1RjSsD4q6z1DFXak\/64496\/HTB1btuiXiDxK1RjSsD4q6z1DFXak.jpg\" style=\"width: 371px; height: 371px; margin-left: 0px; margin-top: -57px;\" class=\"aligncenter\"><\/div>\n<\/div>\n<\/div>\n<\/div>\n<\/div>\n<\/div>\n<div style=\"vertical-align: top;padding-top: 15px; padding-bottom: 15px;\">\n<div style=\"vertical-align: top;padding-top: 10px; padding-bottom: 10px; margin-right: -4px; margin-left: -4px;\">\n<div style=\"vertical-align: top; box-sizing: border-box; padding-right: 4px; padding-left: 4px;margin-top: -4px; margin-bottom: -4px;\">\n<div style=\"vertical-align: top; box-sizing: border-box; padding-top: 4px; padding-bottom: 4px;margin-right: -4px; margin-left: -4px;\">\n<div style=\"vertical-align: top; width: 33.3333%; display: inline-block; box-sizing: border-box; padding-right: 4px; padding-left: 4px;margin-top: -4px; margin-bottom: -4px;\">\n<div id=\"16tnz\" style=\"vertical-align: top; box-sizing: border-box; padding-top: 4px; padding-bottom: 4px\">\n       <\/div>\n<\/p><\/div>\n<\/p><\/div>\n<\/p><\/div>\n<\/p><\/div>\n<\/p><\/div>\n<\/p><\/div>\n<\/div>","protected":false},"excerpt":{"rendered":"<p>Kontinuierlich gasgesp\u00fclte Bandversiegelung<\/p>","protected":false},"featured_media":3151,"comment_status":"closed","ping_status":"open","template":"","meta":[],"product_brand":[],"product_cat":[119,97],"product_tag":[],"class_list":{"0":"post-3150","1":"product","2":"type-product","3":"status-publish","4":"has-post-thumbnail","6":"product_cat-band-sealer","7":"product_cat-sealing-machines","9":"first","10":"instock","11":"sale","12":"purchasable","13":"product-type-simple"},"yoast_head":"<!-- This site is optimized with the Yoast SEO Premium plugin v20.9 (Yoast SEO v26.5) - https:\/\/yoast.com\/wordpress\/plugins\/seo\/ -->\n<title>LF1080C Continuous gas flushing band sealer inflating plastic bag sealing machine - ALF PACK<\/title>\n<meta name=\"robots\" content=\"index, follow, max-snippet:-1, max-image-preview:large, max-video-preview:-1\" \/>\n<link rel=\"canonical\" href=\"https:\/\/alfequipment.com\/de\/product\/lf1080c-kontinuierliche-gasgespulte-bandschweismaschine-zum-aufblasen-von-kunststoffbeuteln\/\" \/>\n<meta property=\"og:locale\" content=\"de_DE\" \/>\n<meta property=\"og:type\" content=\"article\" \/>\n<meta property=\"og:title\" content=\"LF1080C Continuous gas flushing band sealer inflating plastic bag sealing machine\" \/>\n<meta property=\"og:description\" content=\"Continuous Gas Flushing Band Sealer\" \/>\n<meta property=\"og:url\" content=\"https:\/\/alfequipment.com\/de\/product\/lf1080c-kontinuierliche-gasgespulte-bandschweismaschine-zum-aufblasen-von-kunststoffbeuteln\/\" \/>\n<meta property=\"og:site_name\" content=\"ALF PACK\" \/>\n<meta property=\"article:modified_time\" content=\"2025-01-13T15:00:34+00:00\" \/>\n<meta property=\"og:image\" content=\"https:\/\/alfequipment.com\/wp-content\/uploads\/2025\/01\/H53e4db36f25141d48479c8ce12b06691O.jpg\" \/>\n\t<meta property=\"og:image:width\" content=\"800\" \/>\n\t<meta property=\"og:image:height\" content=\"800\" \/>\n\t<meta property=\"og:image:type\" content=\"image\/webp\" \/>\n<meta name=\"twitter:card\" content=\"summary_large_image\" \/>\n<meta name=\"twitter:label1\" content=\"Gesch\u00e4tzte Lesezeit\" \/>\n\t<meta name=\"twitter:data1\" content=\"1\u00a0Minute\" \/>\n<script type=\"application\/ld+json\" class=\"yoast-schema-graph\">{\"@context\":\"https:\/\/schema.org\",\"@graph\":[{\"@type\":\"WebPage\",\"@id\":\"https:\/\/alfequipment.com\/product\/lf1080c-continuous-gas-flushing-band-sealer-inflating-plastic-bag-sealing-machine\/\",\"url\":\"https:\/\/alfequipment.com\/product\/lf1080c-continuous-gas-flushing-band-sealer-inflating-plastic-bag-sealing-machine\/\",\"name\":\"LF1080C Continuous gas flushing band sealer inflating plastic bag sealing machine - ALF PACK\",\"isPartOf\":{\"@id\":\"https:\/\/alfequipment.com\/#website\"},\"primaryImageOfPage\":{\"@id\":\"https:\/\/alfequipment.com\/product\/lf1080c-continuous-gas-flushing-band-sealer-inflating-plastic-bag-sealing-machine\/#primaryimage\"},\"image\":{\"@id\":\"https:\/\/alfequipment.com\/product\/lf1080c-continuous-gas-flushing-band-sealer-inflating-plastic-bag-sealing-machine\/#primaryimage\"},\"thumbnailUrl\":\"https:\/\/alfequipment.com\/wp-content\/uploads\/2025\/01\/H53e4db36f25141d48479c8ce12b06691O.jpg\",\"datePublished\":\"2025-01-12T12:18:45+00:00\",\"dateModified\":\"2025-01-13T15:00:34+00:00\",\"breadcrumb\":{\"@id\":\"https:\/\/alfequipment.com\/product\/lf1080c-continuous-gas-flushing-band-sealer-inflating-plastic-bag-sealing-machine\/#breadcrumb\"},\"inLanguage\":\"de\",\"potentialAction\":[{\"@type\":\"ReadAction\",\"target\":[\"https:\/\/alfequipment.com\/product\/lf1080c-continuous-gas-flushing-band-sealer-inflating-plastic-bag-sealing-machine\/\"]}]},{\"@type\":\"ImageObject\",\"inLanguage\":\"de\",\"@id\":\"https:\/\/alfequipment.com\/product\/lf1080c-continuous-gas-flushing-band-sealer-inflating-plastic-bag-sealing-machine\/#primaryimage\",\"url\":\"https:\/\/alfequipment.com\/wp-content\/uploads\/2025\/01\/H53e4db36f25141d48479c8ce12b06691O.jpg\",\"contentUrl\":\"https:\/\/alfequipment.com\/wp-content\/uploads\/2025\/01\/H53e4db36f25141d48479c8ce12b06691O.jpg\",\"width\":800,\"height\":800},{\"@type\":\"BreadcrumbList\",\"@id\":\"https:\/\/alfequipment.com\/product\/lf1080c-continuous-gas-flushing-band-sealer-inflating-plastic-bag-sealing-machine\/#breadcrumb\",\"itemListElement\":[{\"@type\":\"ListItem\",\"position\":1,\"name\":\"Home\",\"item\":\"https:\/\/alfequipment.com\/\"},{\"@type\":\"ListItem\",\"position\":2,\"name\":\"Shop\",\"item\":\"https:\/\/alfequipment.com\/shop\/\"},{\"@type\":\"ListItem\",\"position\":3,\"name\":\"LF1080C Continuous gas flushing band sealer inflating plastic bag sealing machine\"}]},{\"@type\":\"WebSite\",\"@id\":\"https:\/\/alfequipment.com\/#website\",\"url\":\"https:\/\/alfequipment.com\/\",\"name\":\"ALF PACK\",\"description\":\"\",\"publisher\":{\"@id\":\"https:\/\/alfequipment.com\/#organization\"},\"potentialAction\":[{\"@type\":\"SearchAction\",\"target\":{\"@type\":\"EntryPoint\",\"urlTemplate\":\"https:\/\/alfequipment.com\/?s={search_term_string}\"},\"query-input\":{\"@type\":\"PropertyValueSpecification\",\"valueRequired\":true,\"valueName\":\"search_term_string\"}}],\"inLanguage\":\"de\"},{\"@type\":\"Organization\",\"@id\":\"https:\/\/alfequipment.com\/#organization\",\"name\":\"ALF PACK\",\"url\":\"https:\/\/alfequipment.com\/\",\"logo\":{\"@type\":\"ImageObject\",\"inLanguage\":\"de\",\"@id\":\"https:\/\/alfequipment.com\/#\/schema\/logo\/image\/\",\"url\":\"https:\/\/alfequipment.com\/wp-content\/uploads\/2024\/11\/ALFlogo-2.webp\",\"contentUrl\":\"https:\/\/alfequipment.com\/wp-content\/uploads\/2024\/11\/ALFlogo-2.webp\",\"width\":758,\"height\":750,\"caption\":\"ALF PACK\"},\"image\":{\"@id\":\"https:\/\/alfequipment.com\/#\/schema\/logo\/image\/\"}}]}<\/script>\n<!-- \/ Yoast SEO Premium plugin. -->","yoast_head_json":{"title":"LF1080C Kontinuierlich gasgesp\u00fclte Bandschwei\u00dfmaschine zum Aufblasen von Plastikbeuteln - ALF PACK","robots":{"index":"index","follow":"follow","max-snippet":"max-snippet:-1","max-image-preview":"max-image-preview:large","max-video-preview":"max-video-preview:-1"},"canonical":"https:\/\/alfequipment.com\/de\/product\/lf1080c-kontinuierliche-gasgespulte-bandschweismaschine-zum-aufblasen-von-kunststoffbeuteln\/","og_locale":"de_DE","og_type":"article","og_title":"LF1080C Continuous gas flushing band sealer inflating plastic bag sealing machine","og_description":"Continuous Gas Flushing Band Sealer","og_url":"https:\/\/alfequipment.com\/de\/product\/lf1080c-kontinuierliche-gasgespulte-bandschweismaschine-zum-aufblasen-von-kunststoffbeuteln\/","og_site_name":"ALF PACK","article_modified_time":"2025-01-13T15:00:34+00:00","og_image":[{"width":800,"height":800,"url":"https:\/\/alfequipment.com\/wp-content\/uploads\/2025\/01\/H53e4db36f25141d48479c8ce12b06691O.jpg","type":"image\/webp"}],"twitter_card":"summary_large_image","twitter_misc":{"Gesch\u00e4tzte Lesezeit":"1\u00a0Minute"},"schema":{"@context":"https:\/\/schema.org","@graph":[{"@type":"WebPage","@id":"https:\/\/alfequipment.com\/product\/lf1080c-continuous-gas-flushing-band-sealer-inflating-plastic-bag-sealing-machine\/","url":"https:\/\/alfequipment.com\/product\/lf1080c-continuous-gas-flushing-band-sealer-inflating-plastic-bag-sealing-machine\/","name":"LF1080C Kontinuierlich gasgesp\u00fclte Bandschwei\u00dfmaschine zum Aufblasen von Plastikbeuteln - ALF PACK","isPartOf":{"@id":"https:\/\/alfequipment.com\/#website"},"primaryImageOfPage":{"@id":"https:\/\/alfequipment.com\/product\/lf1080c-continuous-gas-flushing-band-sealer-inflating-plastic-bag-sealing-machine\/#primaryimage"},"image":{"@id":"https:\/\/alfequipment.com\/product\/lf1080c-continuous-gas-flushing-band-sealer-inflating-plastic-bag-sealing-machine\/#primaryimage"},"thumbnailUrl":"https:\/\/alfequipment.com\/wp-content\/uploads\/2025\/01\/H53e4db36f25141d48479c8ce12b06691O.jpg","datePublished":"2025-01-12T12:18:45+00:00","dateModified":"2025-01-13T15:00:34+00:00","breadcrumb":{"@id":"https:\/\/alfequipment.com\/product\/lf1080c-continuous-gas-flushing-band-sealer-inflating-plastic-bag-sealing-machine\/#breadcrumb"},"inLanguage":"de","potentialAction":[{"@type":"ReadAction","target":["https:\/\/alfequipment.com\/product\/lf1080c-continuous-gas-flushing-band-sealer-inflating-plastic-bag-sealing-machine\/"]}]},{"@type":"ImageObject","inLanguage":"de","@id":"https:\/\/alfequipment.com\/product\/lf1080c-continuous-gas-flushing-band-sealer-inflating-plastic-bag-sealing-machine\/#primaryimage","url":"https:\/\/alfequipment.com\/wp-content\/uploads\/2025\/01\/H53e4db36f25141d48479c8ce12b06691O.jpg","contentUrl":"https:\/\/alfequipment.com\/wp-content\/uploads\/2025\/01\/H53e4db36f25141d48479c8ce12b06691O.jpg","width":800,"height":800},{"@type":"BreadcrumbList","@id":"https:\/\/alfequipment.com\/product\/lf1080c-continuous-gas-flushing-band-sealer-inflating-plastic-bag-sealing-machine\/#breadcrumb","itemListElement":[{"@type":"ListItem","position":1,"name":"Home","item":"https:\/\/alfequipment.com\/"},{"@type":"ListItem","position":2,"name":"Shop","item":"https:\/\/alfequipment.com\/shop\/"},{"@type":"ListItem","position":3,"name":"LF1080C Continuous gas flushing band sealer inflating plastic bag sealing machine"}]},{"@type":"WebSite","@id":"https:\/\/alfequipment.com\/#website","url":"https:\/\/alfequipment.com\/","name":"ALF PACK","description":"","publisher":{"@id":"https:\/\/alfequipment.com\/#organization"},"potentialAction":[{"@type":"SearchAction","target":{"@type":"EntryPoint","urlTemplate":"https:\/\/alfequipment.com\/?s={search_term_string}"},"query-input":{"@type":"PropertyValueSpecification","valueRequired":true,"valueName":"search_term_string"}}],"inLanguage":"de"},{"@type":"Organization","@id":"https:\/\/alfequipment.com\/#organization","name":"ALF PACK","url":"https:\/\/alfequipment.com\/","logo":{"@type":"ImageObject","inLanguage":"de","@id":"https:\/\/alfequipment.com\/#\/schema\/logo\/image\/","url":"https:\/\/alfequipment.com\/wp-content\/uploads\/2024\/11\/ALFlogo-2.webp","contentUrl":"https:\/\/alfequipment.com\/wp-content\/uploads\/2024\/11\/ALFlogo-2.webp","width":758,"height":750,"caption":"ALF PACK"},"image":{"@id":"https:\/\/alfequipment.com\/#\/schema\/logo\/image\/"}}]}},"_links":{"self":[{"href":"https:\/\/alfequipment.com\/de\/wp-json\/wp\/v2\/product\/3150","targetHints":{"allow":["GET"]}}],"collection":[{"href":"https:\/\/alfequipment.com\/de\/wp-json\/wp\/v2\/product"}],"about":[{"href":"https:\/\/alfequipment.com\/de\/wp-json\/wp\/v2\/types\/product"}],"replies":[{"embeddable":true,"href":"https:\/\/alfequipment.com\/de\/wp-json\/wp\/v2\/comments?post=3150"}],"version-history":[{"count":0,"href":"https:\/\/alfequipment.com\/de\/wp-json\/wp\/v2\/product\/3150\/revisions"}],"wp:featuredmedia":[{"embeddable":true,"href":"https:\/\/alfequipment.com\/de\/wp-json\/wp\/v2\/media\/3151"}],"wp:attachment":[{"href":"https:\/\/alfequipment.com\/de\/wp-json\/wp\/v2\/media?parent=3150"}],"wp:term":[{"taxonomy":"product_brand","embeddable":true,"href":"https:\/\/alfequipment.com\/de\/wp-json\/wp\/v2\/product_brand?post=3150"},{"taxonomy":"product_cat","embeddable":true,"href":"https:\/\/alfequipment.com\/de\/wp-json\/wp\/v2\/product_cat?post=3150"},{"taxonomy":"product_tag","embeddable":true,"href":"https:\/\/alfequipment.com\/de\/wp-json\/wp\/v2\/product_tag?post=3150"}],"curies":[{"name":"wp","href":"https:\/\/api.w.org\/{rel}","templated":true}]}}