{"id":3157,"date":"2024-12-30T00:13:32","date_gmt":"2024-12-30T00:13:32","guid":{"rendered":"https:\/\/alfequipment.com\/product\/dfs450-continuous-2-in-1-l-type-seal-cut-shrink-packaging-machine-sealing-cutting-and-shrinking-tunnel-packager\/"},"modified":"2025-01-14T02:48:48","modified_gmt":"2025-01-14T02:48:48","slug":"dfs450-kontinuierlich-2-in-1-l-typ-siegel-schneiden-schrumpfen-verpackungsmaschine-versiegeln-schneiden-und-schrumpfen-tunnel-verpacker","status":"publish","type":"product","link":"https:\/\/alfequipment.com\/de\/product\/dfs450-kontinuierlich-2-in-1-l-typ-siegel-schneiden-schrumpfen-verpackungsmaschine-versiegeln-schneiden-und-schrumpfen-tunnel-verpacker\/","title":{"rendered":"DFS450 Kontinuierliche 2 in 1 L-Typ Seal Cut Shrink Verpackungsmaschine Versiegeln Schneiden und Schrumpfen Tunnelpacker"},"content":{"rendered":"<div>\n<div>\n<div style=\"vertical-align: top;padding-top: 15px; padding-bottom: 15px;\">\n<div style=\"vertical-align: top;padding-top: 10px; padding-bottom: 10px; margin-right: -4px; margin-left: -4px;\">\n<div style=\"vertical-align: top; box-sizing: border-box; padding-right: 4px; padding-left: 4px;margin-top: -4px; margin-bottom: -4px;\">\n<div id=\"l7w8a\" style=\"vertical-align: top; box-sizing: border-box; padding-top: 4px; padding-bottom: 4px\">Die kombinierte Maschine DFS450 f\u00fcr kontinuierliches Versiegeln, Schneiden und Schrumpfen ist ein neues Produkt, das auf der Basis des FQS4525 entwickelt wurde und das Versiegeln, Schneiden und Schrumpfen in einer Maschine erm\u00f6glicht.<\/div>\n<div id=\"pc6dz\" style=\"vertical-align: top; box-sizing: border-box; padding-top: 4px; padding-bottom: 4px\">\n<p style=\"margin:0;padding:0;\">Diese Maschine kombiniert die Arbeit des Siegelschnitts und der Schrumpfverpackung von Folie in einem Arbeitsgang. Der elektrische Magnet nimmt den Schneidrahmen automatisch auf, wenn der Rahmen nach unten gedr\u00fcckt wird. Dann wird das Objekt automatisch in den Schrumpftunnel durch das F\u00f6rderband \u00fcbertragen, wenn die Folie geschnitten wird. Daher hat es eine hohe Effizienz. Es ist geeignet f\u00fcr die Verpackung von Kartons, Spielzeug, Elektronik und so weiter.<\/p>\n<\/p><\/div>\n<\/p><\/div>\n<\/p><\/div>\n<div style=\"vertical-align: top;padding-top: 10px; padding-bottom: 10px; margin-right: -4px; margin-left: -4px;\">\n<div id=\"8cl9e\" style=\"vertical-align: top; box-sizing: border-box; padding-right: 4px; padding-left: 4px\">\n<table style=\"width: auto; border-collapse: collapse; word-wrap: break-word;\" class=\"aliDataTable\">\n<tbody>\n<tr>\n<td style=\"background-color: rgb(218, 226, 237);\">\n<div style=\"width: 275px; height: 22px; padding: 5px 10px; overflow: hidden;\">\n          Spannung\n         <\/div>\n<\/td>\n<td>\n<div style=\"width: 428px; height: 22px; padding: 5px 10px; overflow: hidden;\">\n          380V \/ 50-60Hz\n         <\/div>\n<\/td>\n<\/tr>\n<tr>\n<td style=\"background-color: rgb(218, 226, 237);\">\n<div style=\"width: 275px; height: 22px; padding: 5px 10px; overflow: hidden;\">\n          Strom\n         <\/div>\n<\/td>\n<td>\n<div style=\"width: 428px; height: 22px; padding: 5px 10px; overflow: hidden;\">\n          12,5KW\n         <\/div>\n<\/td>\n<\/tr>\n<tr>\n<td style=\"background-color: rgb(218, 226, 237);\">\n<div style=\"width: 275px; height: 22px; padding: 5px 10px; overflow: hidden;\">\n          Siegel-Schneidezeit\n         <\/div>\n<\/td>\n<td>\n<div style=\"width: 428px; height: 22px; padding: 5px 10px; overflow: hidden;\">\n          0-3 Sekunde\n         <\/div>\n<\/td>\n<\/tr>\n<tr>\n<td style=\"background-color: rgb(218, 226, 237);\">\n<div style=\"width: 275px; height: 22px; padding: 5px 10px; overflow: hidden;\">\n          Max. Gr\u00f6\u00dfe der Dichtung\n         <\/div>\n<\/td>\n<td>\n<div style=\"width: 428px; height: 22px; padding: 5px 10px; overflow: hidden;\">\n          L 500*B450mm\n         <\/div>\n<\/td>\n<\/tr>\n<tr>\n<td style=\"background-color: rgb(218, 226, 237);\">\n<div style=\"width: 275px; height: 22px; padding: 5px 10px; overflow: hidden;\">\n          Max. Packungsgr\u00f6\u00dfe\n         <\/div>\n<\/td>\n<td>\n<div style=\"width: 428px; height: 22px; padding: 5px 10px; overflow: hidden;\">\n          L+H&lt;500mm, B+H&lt;450mm\n         <\/div>\n<\/td>\n<\/tr>\n<tr>\n<td style=\"background-color: rgb(218, 226, 237);\">\n<div style=\"width: 275px; height: 22px; padding: 5px 10px; overflow: hidden;\">\n          Geschwindigkeit der Verpackung\n         <\/div>\n<\/td>\n<td>\n<div style=\"width: 428px; height: 22px; padding: 5px 10px; overflow: hidden;\">\n          500-800 Mal\/H\n         <\/div>\n<\/td>\n<\/tr>\n<tr>\n<td style=\"background-color: rgb(218, 226, 237);\">\n<div style=\"width: 275px; height: 22px; padding: 5px 10px; overflow: hidden;\">\n          Zeit f\u00fcr die Bef\u00f6rderung\n         <\/div>\n<\/td>\n<td>\n<div style=\"width: 428px; height: 22px; padding: 5px 10px; overflow: hidden;\">\n          0-10m\/min\n         <\/div>\n<\/td>\n<\/tr>\n<tr>\n<td style=\"background-color: rgb(218, 226, 237);\">\n<div style=\"width: 275px; height: 22px; padding: 5px 10px; overflow: hidden;\">\n          Ladegewicht\n         <\/div>\n<\/td>\n<td>\n<div style=\"width: 428px; height: 22px; padding: 5px 10px; overflow: hidden;\">\n          15kgs\n         <\/div>\n<\/td>\n<\/tr>\n<tr>\n<td style=\"background-color: rgb(218, 226, 237);\">\n<div style=\"width: 275px; height: 22px; padding: 5px 10px; overflow: hidden;\">\n          Dicke der Folie\n         <\/div>\n<\/td>\n<td>\n<div style=\"width: 428px; height: 22px; padding: 5px 10px; overflow: hidden;\">\n          0,015-0,08 mm\n         <\/div>\n<\/td>\n<\/tr>\n<tr>\n<td style=\"background-color: rgb(218, 226, 237);\">\n<div style=\"width: 275px; height: 22px; padding: 5px 10px; overflow: hidden;\">\n          Gr\u00f6\u00dfe der Maschine\n         <\/div>\n<\/td>\n<td>\n<div style=\"width: 428px; height: 22px; padding: 5px 10px; overflow: hidden;\">\n          1880*1200*1410mm\n         <\/div>\n<\/td>\n<\/tr>\n<\/tbody>\n<\/table><\/div>\n<\/p><\/div>\n<div style=\"vertical-align: top;padding-top: 10px; padding-bottom: 10px; margin-right: -4px; margin-left: -4px;\">\n<div id=\"86pfj\" style=\"vertical-align: top; box-sizing: border-box; padding-right: 4px; padding-left: 4px\">\n<div style=\"overflow: hidden; width: 750px; height: 750px;\">\n      <img decoding=\"async\" src=\"https:\/\/sc02.alicdn.com\/kf\/HTB1JLNRatzvK1RkSnfoq6zMwVXad\/64496\/HTB1JLNRatzvK1RkSnfoq6zMwVXad.jpg\" style=\"width: 750px; height: 750px; margin-left: 0px; margin-top: 0px;\" class=\"aligncenter\">\n     <\/div>\n<\/p><\/div>\n<\/p><\/div>\n<div style=\"vertical-align: top;padding-top: 10px; padding-bottom: 10px; margin-right: -4px; margin-left: -4px;\">\n<div style=\"vertical-align: top; box-sizing: border-box; padding-right: 4px; padding-left: 4px;margin-top: -4px; margin-bottom: -4px;\">\n<div id=\"9u766\" style=\"vertical-align: top; box-sizing: border-box; padding-top: 4px; padding-bottom: 4px\">\n<div style=\"overflow: hidden; width: 750px; height: 320px;\">\n       <img decoding=\"async\" src=\"https:\/\/sc01.alicdn.com\/kf\/HTB1QvBNaynrK1RjSsziq6xptpXa1\/64496\/HTB1QvBNaynrK1RjSsziq6xptpXa1.jpg\" style=\"width: 750px; height: 750px; margin-left: 0px; margin-top: -217px;\" class=\"aligncenter\">\n      <\/div>\n<\/p><\/div>\n<div style=\"vertical-align: top; box-sizing: border-box; padding-top: 4px; padding-bottom: 4px;margin-right: -4px; margin-left: -4px;\">\n<div id=\"9ykts\" style=\"vertical-align: top; width: 50%; display: inline-block; box-sizing: border-box; padding-right: 4px; padding-left: 4px\">\n<div style=\"overflow: hidden; width: 371px; height: 200px;\">\n        <img decoding=\"async\" src=\"https:\/\/sc01.alicdn.com\/kf\/HTB19MpPazDuK1RjSszdq6xGLpXaq\/64496\/HTB19MpPazDuK1RjSszdq6xGLpXaq.jpg\" style=\"width: 371px; height: 371px; margin-left: 0px; margin-top: -91px;\" class=\"aligncenter\">\n       <\/div>\n<\/p><\/div>\n<div id=\"27zpw\" style=\"vertical-align: top; width: 50%; display: inline-block; box-sizing: border-box; padding-right: 4px; padding-left: 4px\">\n<div style=\"overflow: hidden; width: 371px; height: 200px;\">\n        <img decoding=\"async\" src=\"https:\/\/sc01.alicdn.com\/kf\/HTB1lrBTaELrK1Rjy0Fjq6zYXFXai\/64496\/HTB1lrBTaELrK1Rjy0Fjq6zYXFXai.jpg\" style=\"width: 371px; height: 371px; margin-left: 0px; margin-top: -99px;\" class=\"aligncenter\">\n       <\/div>\n<\/p><\/div>\n<\/p><\/div>\n<\/p><\/div>\n<\/p><\/div>\n<div style=\"vertical-align: top;padding-top: 10px; padding-bottom: 10px; margin-right: -4px; margin-left: -4px;\">\n<div id=\"55xuk\" style=\"vertical-align: top; box-sizing: border-box; padding-right: 4px; padding-left: 4px\">\n<div style=\"overflow: hidden; width: 750px; height: 536.392px;\">\n      <img decoding=\"async\" src=\"https:\/\/sc02.alicdn.com\/kf\/HTB1tL8QayHrK1Rjy0Flq6AsaFXaR\/64496\/HTB1tL8QayHrK1Rjy0Flq6AsaFXaR.jpg\" style=\"width: 750px; height: 536.392px; margin-left: 0px; margin-top: 0px;\" class=\"aligncenter\">\n     <\/div>\n<\/p><\/div>\n<\/p><\/div>\n<div style=\"vertical-align: top;padding-top: 10px; padding-bottom: 10px; margin-right: -4px; margin-left: -4px;\">\n<div style=\"vertical-align: top; box-sizing: border-box; padding-right: 4px; padding-left: 4px;margin-top: -4px; margin-bottom: -4px;\">\n<div id=\"jpjll\" style=\"vertical-align: top; box-sizing: border-box; padding-top: 4px; padding-bottom: 4px\">\n<h3 style=\"padding: 0px; font-size: 16px; line-height: 20px; font-weight: bold; margin: 0px;\">Charakteristisch:<br \/><\/h3>\n<\/p><\/div>\n<div id=\"zhgvt\" style=\"vertical-align: top; box-sizing: border-box; padding-top: 4px; padding-bottom: 4px\">\n<p style=\"margin:0;padding:0;\">1. Die Maschine nimmt Heizung und Klebrigkeit freie Siegelmesser an, die die Maschine sicherstellt, die gut und ohne Rauch l\u00e4uft.<br \/>2. Die Zeit, in der die Produkte nach dem Versiegeln und Schneiden in den Tunnel gebracht werden, ist einstellbar.<br \/>3. Arbeiten mit Schrumpftunnel, hohe Effizienz, mehr bequem.<\/p>\n<p style=\"margin:0;padding:0;\">4. es kann die F\u00f6rder- und Siegelposition einstellen.<\/p>\n<p>5. es ist mit Bl\u00fctenblatt Ger\u00e4t, die Verbesserung der Effizienz.<br \/>\n      <br \/>6. der Schrumpftunnel ist mit einem Sichtfenster ausgestattet.<br \/>\n      <br \/>7. es ist mit Schutzvorrichtung f\u00fcr die Arbeit zu vermeiden verletzt.<\/div>\n<\/div>\n<\/div>\n<\/div>\n<div style=\"vertical-align: top;padding-top: 15px; padding-bottom: 15px;\">\n<div style=\"vertical-align: top;padding-top: 10px; padding-bottom: 10px; margin-right: -4px; margin-left: -4px;\">\n<div id=\"zspc3\" style=\"vertical-align: top; width: 50%; display: inline-block; box-sizing: border-box; padding-right: 4px; padding-left: 4px\">\n    <\/div>\n<\/p><\/div>\n<\/p><\/div>\n<\/p><\/div>\n<\/div>","protected":false},"excerpt":{"rendered":"<p>Kontinuierliche Siegelschnitt- Schrumpfverpackungsmaschine<\/p>","protected":false},"featured_media":3158,"comment_status":"closed","ping_status":"open","template":"","meta":[],"product_brand":[],"product_cat":[122,97],"product_tag":[],"class_list":{"0":"post-3157","1":"product","2":"type-product","3":"status-publish","4":"has-post-thumbnail","6":"product_cat-l-type-sealer","7":"product_cat-sealing-machines","9":"first","10":"instock","11":"sale","12":"purchasable","13":"product-type-simple"},"yoast_head":"<!-- This site is optimized with the Yoast SEO Premium plugin v20.9 (Yoast SEO v26.5) - https:\/\/yoast.com\/wordpress\/plugins\/seo\/ -->\n<title>DFS450 Continuous 2 in 1 L type Seal Cut Shrink Packaging Machine sealing cutting and shrinking tunnel packager - ALF PACK<\/title>\n<meta name=\"robots\" content=\"index, follow, max-snippet:-1, max-image-preview:large, max-video-preview:-1\" \/>\n<link rel=\"canonical\" href=\"https:\/\/alfequipment.com\/de\/product\/dfs450-kontinuierlich-2-in-1-l-typ-siegel-schneiden-schrumpfen-verpackungsmaschine-versiegeln-schneiden-und-schrumpfen-tunnel-verpacker\/\" \/>\n<meta property=\"og:locale\" content=\"de_DE\" \/>\n<meta property=\"og:type\" content=\"article\" \/>\n<meta property=\"og:title\" content=\"DFS450 Continuous 2 in 1 L type Seal Cut Shrink Packaging Machine sealing cutting and shrinking tunnel packager\" \/>\n<meta property=\"og:description\" content=\"Continuous Seal-cut- Shrink Packaging Machine\" \/>\n<meta property=\"og:url\" content=\"https:\/\/alfequipment.com\/de\/product\/dfs450-kontinuierlich-2-in-1-l-typ-siegel-schneiden-schrumpfen-verpackungsmaschine-versiegeln-schneiden-und-schrumpfen-tunnel-verpacker\/\" \/>\n<meta property=\"og:site_name\" content=\"ALF PACK\" \/>\n<meta property=\"article:modified_time\" content=\"2025-01-14T02:48:48+00:00\" \/>\n<meta property=\"og:image\" content=\"https:\/\/alfequipment.com\/wp-content\/uploads\/2025\/01\/H5514af4195d247e6b3ea98a9b8d3a667s.jpg\" \/>\n\t<meta property=\"og:image:width\" content=\"800\" \/>\n\t<meta property=\"og:image:height\" content=\"800\" \/>\n\t<meta property=\"og:image:type\" content=\"image\/webp\" \/>\n<meta name=\"twitter:card\" content=\"summary_large_image\" \/>\n<meta name=\"twitter:label1\" content=\"Gesch\u00e4tzte Lesezeit\" \/>\n\t<meta name=\"twitter:data1\" content=\"1\u00a0Minute\" \/>\n<script type=\"application\/ld+json\" class=\"yoast-schema-graph\">{\"@context\":\"https:\/\/schema.org\",\"@graph\":[{\"@type\":\"WebPage\",\"@id\":\"https:\/\/alfequipment.com\/product\/dfs450-continuous-2-in-1-l-type-seal-cut-shrink-packaging-machine-sealing-cutting-and-shrinking-tunnel-packager\/\",\"url\":\"https:\/\/alfequipment.com\/product\/dfs450-continuous-2-in-1-l-type-seal-cut-shrink-packaging-machine-sealing-cutting-and-shrinking-tunnel-packager\/\",\"name\":\"DFS450 Continuous 2 in 1 L type Seal Cut Shrink Packaging Machine sealing cutting and shrinking tunnel packager - ALF PACK\",\"isPartOf\":{\"@id\":\"https:\/\/alfequipment.com\/#website\"},\"primaryImageOfPage\":{\"@id\":\"https:\/\/alfequipment.com\/product\/dfs450-continuous-2-in-1-l-type-seal-cut-shrink-packaging-machine-sealing-cutting-and-shrinking-tunnel-packager\/#primaryimage\"},\"image\":{\"@id\":\"https:\/\/alfequipment.com\/product\/dfs450-continuous-2-in-1-l-type-seal-cut-shrink-packaging-machine-sealing-cutting-and-shrinking-tunnel-packager\/#primaryimage\"},\"thumbnailUrl\":\"https:\/\/alfequipment.com\/wp-content\/uploads\/2025\/01\/H5514af4195d247e6b3ea98a9b8d3a667s.jpg\",\"datePublished\":\"2024-12-30T00:13:32+00:00\",\"dateModified\":\"2025-01-14T02:48:48+00:00\",\"breadcrumb\":{\"@id\":\"https:\/\/alfequipment.com\/product\/dfs450-continuous-2-in-1-l-type-seal-cut-shrink-packaging-machine-sealing-cutting-and-shrinking-tunnel-packager\/#breadcrumb\"},\"inLanguage\":\"de\",\"potentialAction\":[{\"@type\":\"ReadAction\",\"target\":[\"https:\/\/alfequipment.com\/product\/dfs450-continuous-2-in-1-l-type-seal-cut-shrink-packaging-machine-sealing-cutting-and-shrinking-tunnel-packager\/\"]}]},{\"@type\":\"ImageObject\",\"inLanguage\":\"de\",\"@id\":\"https:\/\/alfequipment.com\/product\/dfs450-continuous-2-in-1-l-type-seal-cut-shrink-packaging-machine-sealing-cutting-and-shrinking-tunnel-packager\/#primaryimage\",\"url\":\"https:\/\/alfequipment.com\/wp-content\/uploads\/2025\/01\/H5514af4195d247e6b3ea98a9b8d3a667s.jpg\",\"contentUrl\":\"https:\/\/alfequipment.com\/wp-content\/uploads\/2025\/01\/H5514af4195d247e6b3ea98a9b8d3a667s.jpg\",\"width\":800,\"height\":800},{\"@type\":\"BreadcrumbList\",\"@id\":\"https:\/\/alfequipment.com\/product\/dfs450-continuous-2-in-1-l-type-seal-cut-shrink-packaging-machine-sealing-cutting-and-shrinking-tunnel-packager\/#breadcrumb\",\"itemListElement\":[{\"@type\":\"ListItem\",\"position\":1,\"name\":\"Home\",\"item\":\"https:\/\/alfequipment.com\/\"},{\"@type\":\"ListItem\",\"position\":2,\"name\":\"Shop\",\"item\":\"https:\/\/alfequipment.com\/shop\/\"},{\"@type\":\"ListItem\",\"position\":3,\"name\":\"DFS450 Continuous 2 in 1 L type Seal Cut Shrink Packaging Machine sealing cutting and shrinking tunnel packager\"}]},{\"@type\":\"WebSite\",\"@id\":\"https:\/\/alfequipment.com\/#website\",\"url\":\"https:\/\/alfequipment.com\/\",\"name\":\"ALF PACK\",\"description\":\"\",\"publisher\":{\"@id\":\"https:\/\/alfequipment.com\/#organization\"},\"potentialAction\":[{\"@type\":\"SearchAction\",\"target\":{\"@type\":\"EntryPoint\",\"urlTemplate\":\"https:\/\/alfequipment.com\/?s={search_term_string}\"},\"query-input\":{\"@type\":\"PropertyValueSpecification\",\"valueRequired\":true,\"valueName\":\"search_term_string\"}}],\"inLanguage\":\"de\"},{\"@type\":\"Organization\",\"@id\":\"https:\/\/alfequipment.com\/#organization\",\"name\":\"ALF PACK\",\"url\":\"https:\/\/alfequipment.com\/\",\"logo\":{\"@type\":\"ImageObject\",\"inLanguage\":\"de\",\"@id\":\"https:\/\/alfequipment.com\/#\/schema\/logo\/image\/\",\"url\":\"https:\/\/alfequipment.com\/wp-content\/uploads\/2024\/11\/ALFlogo-2.webp\",\"contentUrl\":\"https:\/\/alfequipment.com\/wp-content\/uploads\/2024\/11\/ALFlogo-2.webp\",\"width\":758,\"height\":750,\"caption\":\"ALF PACK\"},\"image\":{\"@id\":\"https:\/\/alfequipment.com\/#\/schema\/logo\/image\/\"}}]}<\/script>\n<!-- \/ Yoast SEO Premium plugin. -->","yoast_head_json":{"title":"DFS450 Kontinuierliche 2 in 1 L-Typ Seal Cut Shrink Verpackungsmaschine Versiegeln Schneiden und Schrumpfen Tunnelverpackungsmaschine - ALF PACK","robots":{"index":"index","follow":"follow","max-snippet":"max-snippet:-1","max-image-preview":"max-image-preview:large","max-video-preview":"max-video-preview:-1"},"canonical":"https:\/\/alfequipment.com\/de\/product\/dfs450-kontinuierlich-2-in-1-l-typ-siegel-schneiden-schrumpfen-verpackungsmaschine-versiegeln-schneiden-und-schrumpfen-tunnel-verpacker\/","og_locale":"de_DE","og_type":"article","og_title":"DFS450 Continuous 2 in 1 L type Seal Cut Shrink Packaging Machine sealing cutting and shrinking tunnel packager","og_description":"Continuous Seal-cut- Shrink Packaging Machine","og_url":"https:\/\/alfequipment.com\/de\/product\/dfs450-kontinuierlich-2-in-1-l-typ-siegel-schneiden-schrumpfen-verpackungsmaschine-versiegeln-schneiden-und-schrumpfen-tunnel-verpacker\/","og_site_name":"ALF PACK","article_modified_time":"2025-01-14T02:48:48+00:00","og_image":[{"width":800,"height":800,"url":"https:\/\/alfequipment.com\/wp-content\/uploads\/2025\/01\/H5514af4195d247e6b3ea98a9b8d3a667s.jpg","type":"image\/webp"}],"twitter_card":"summary_large_image","twitter_misc":{"Gesch\u00e4tzte Lesezeit":"1\u00a0Minute"},"schema":{"@context":"https:\/\/schema.org","@graph":[{"@type":"WebPage","@id":"https:\/\/alfequipment.com\/product\/dfs450-continuous-2-in-1-l-type-seal-cut-shrink-packaging-machine-sealing-cutting-and-shrinking-tunnel-packager\/","url":"https:\/\/alfequipment.com\/product\/dfs450-continuous-2-in-1-l-type-seal-cut-shrink-packaging-machine-sealing-cutting-and-shrinking-tunnel-packager\/","name":"DFS450 Kontinuierliche 2 in 1 L-Typ Seal Cut Shrink Verpackungsmaschine Versiegeln Schneiden und Schrumpfen Tunnelverpackungsmaschine - ALF PACK","isPartOf":{"@id":"https:\/\/alfequipment.com\/#website"},"primaryImageOfPage":{"@id":"https:\/\/alfequipment.com\/product\/dfs450-continuous-2-in-1-l-type-seal-cut-shrink-packaging-machine-sealing-cutting-and-shrinking-tunnel-packager\/#primaryimage"},"image":{"@id":"https:\/\/alfequipment.com\/product\/dfs450-continuous-2-in-1-l-type-seal-cut-shrink-packaging-machine-sealing-cutting-and-shrinking-tunnel-packager\/#primaryimage"},"thumbnailUrl":"https:\/\/alfequipment.com\/wp-content\/uploads\/2025\/01\/H5514af4195d247e6b3ea98a9b8d3a667s.jpg","datePublished":"2024-12-30T00:13:32+00:00","dateModified":"2025-01-14T02:48:48+00:00","breadcrumb":{"@id":"https:\/\/alfequipment.com\/product\/dfs450-continuous-2-in-1-l-type-seal-cut-shrink-packaging-machine-sealing-cutting-and-shrinking-tunnel-packager\/#breadcrumb"},"inLanguage":"de","potentialAction":[{"@type":"ReadAction","target":["https:\/\/alfequipment.com\/product\/dfs450-continuous-2-in-1-l-type-seal-cut-shrink-packaging-machine-sealing-cutting-and-shrinking-tunnel-packager\/"]}]},{"@type":"ImageObject","inLanguage":"de","@id":"https:\/\/alfequipment.com\/product\/dfs450-continuous-2-in-1-l-type-seal-cut-shrink-packaging-machine-sealing-cutting-and-shrinking-tunnel-packager\/#primaryimage","url":"https:\/\/alfequipment.com\/wp-content\/uploads\/2025\/01\/H5514af4195d247e6b3ea98a9b8d3a667s.jpg","contentUrl":"https:\/\/alfequipment.com\/wp-content\/uploads\/2025\/01\/H5514af4195d247e6b3ea98a9b8d3a667s.jpg","width":800,"height":800},{"@type":"BreadcrumbList","@id":"https:\/\/alfequipment.com\/product\/dfs450-continuous-2-in-1-l-type-seal-cut-shrink-packaging-machine-sealing-cutting-and-shrinking-tunnel-packager\/#breadcrumb","itemListElement":[{"@type":"ListItem","position":1,"name":"Home","item":"https:\/\/alfequipment.com\/"},{"@type":"ListItem","position":2,"name":"Shop","item":"https:\/\/alfequipment.com\/shop\/"},{"@type":"ListItem","position":3,"name":"DFS450 Continuous 2 in 1 L type Seal Cut Shrink Packaging Machine sealing cutting and shrinking tunnel packager"}]},{"@type":"WebSite","@id":"https:\/\/alfequipment.com\/#website","url":"https:\/\/alfequipment.com\/","name":"ALF PACK","description":"","publisher":{"@id":"https:\/\/alfequipment.com\/#organization"},"potentialAction":[{"@type":"SearchAction","target":{"@type":"EntryPoint","urlTemplate":"https:\/\/alfequipment.com\/?s={search_term_string}"},"query-input":{"@type":"PropertyValueSpecification","valueRequired":true,"valueName":"search_term_string"}}],"inLanguage":"de"},{"@type":"Organization","@id":"https:\/\/alfequipment.com\/#organization","name":"ALF PACK","url":"https:\/\/alfequipment.com\/","logo":{"@type":"ImageObject","inLanguage":"de","@id":"https:\/\/alfequipment.com\/#\/schema\/logo\/image\/","url":"https:\/\/alfequipment.com\/wp-content\/uploads\/2024\/11\/ALFlogo-2.webp","contentUrl":"https:\/\/alfequipment.com\/wp-content\/uploads\/2024\/11\/ALFlogo-2.webp","width":758,"height":750,"caption":"ALF PACK"},"image":{"@id":"https:\/\/alfequipment.com\/#\/schema\/logo\/image\/"}}]}},"_links":{"self":[{"href":"https:\/\/alfequipment.com\/de\/wp-json\/wp\/v2\/product\/3157","targetHints":{"allow":["GET"]}}],"collection":[{"href":"https:\/\/alfequipment.com\/de\/wp-json\/wp\/v2\/product"}],"about":[{"href":"https:\/\/alfequipment.com\/de\/wp-json\/wp\/v2\/types\/product"}],"replies":[{"embeddable":true,"href":"https:\/\/alfequipment.com\/de\/wp-json\/wp\/v2\/comments?post=3157"}],"version-history":[{"count":0,"href":"https:\/\/alfequipment.com\/de\/wp-json\/wp\/v2\/product\/3157\/revisions"}],"wp:featuredmedia":[{"embeddable":true,"href":"https:\/\/alfequipment.com\/de\/wp-json\/wp\/v2\/media\/3158"}],"wp:attachment":[{"href":"https:\/\/alfequipment.com\/de\/wp-json\/wp\/v2\/media?parent=3157"}],"wp:term":[{"taxonomy":"product_brand","embeddable":true,"href":"https:\/\/alfequipment.com\/de\/wp-json\/wp\/v2\/product_brand?post=3157"},{"taxonomy":"product_cat","embeddable":true,"href":"https:\/\/alfequipment.com\/de\/wp-json\/wp\/v2\/product_cat?post=3157"},{"taxonomy":"product_tag","embeddable":true,"href":"https:\/\/alfequipment.com\/de\/wp-json\/wp\/v2\/product_tag?post=3157"}],"curies":[{"name":"wp","href":"https:\/\/api.w.org\/{rel}","templated":true}]}}