{"id":3159,"date":"2024-12-18T06:05:02","date_gmt":"2024-12-18T06:05:02","guid":{"rendered":"https:\/\/alfequipment.com\/product\/dfqa450-semi-automatic-l-bar-type-sealer-heat-sealing-packaging-machine\/"},"modified":"2025-01-13T13:13:18","modified_gmt":"2025-01-13T13:13:18","slug":"dfqa450-halbautomatische-verpackungsmaschine-mit-heissiegelung","status":"publish","type":"product","link":"https:\/\/alfequipment.com\/de\/product\/dfqa450-halbautomatische-verpackungsmaschine-mit-heissiegelung\/","title":{"rendered":"DFQA450 Halbautomatische Hei\u00dfsiegelmaschine vom Typ L bar"},"content":{"rendered":"<div data-magic-global=\"%7B%22bizId%22%3A17179933680%2C%22pageId%22%3A21023386001%2C%22siteId%22%3A5005331025%7D\" id=\"detail_decorate_root\">\n<div module-id=\"27641493705\" module-title=\"detailProductNavigation\" render=\"true\" class=\"J_module\">\n<div id=\"ali-anchor-AliMagic-djgiv4\" data-section=\"AliMagic-djgiv4\" data-section-title=\"Product Description\" class=\"magic-0\">Die halbautomatische L-Schwei\u00dfmaschine DFQA450 (New FQL-450A) und der Schrumpftunnel BS-A450 eignen sich f\u00fcr die Verpackung von Kartons, Spielzeug, elektronischen Bausteinen usw. Die beiden Maschinen k\u00f6nnen die Produkte mit einer Schicht aus Kunststofffolie verpacken, was die Verpackung sch\u00f6ner und fester macht.<\/div>\n<\/div>\n<div module-id=\"27641493706\" module-title=\"detailTextWithTitle\" render=\"true\" class=\"J_module\">\n<div class=\"detail-decorate-json-renderer-container\">\n<div class=\"magic-1\">\n<div class=\"magic-4\">\n<div class=\"magic-5\">\n<div class=\"magic-6\">\n<p class=\"magic-7\">Charakteristisch: <br \/>1. Die Maschine nimmt Heizung und Klebrigkeit freie Siegelmesser an, die die Maschine sicherstellt, die gut und ohne Rauch l\u00e4uft.<br \/>2. Die Zeit, in der die Produkte nach dem Versiegeln und Schneiden in den Tunnel gebracht werden, ist einstellbar.<br \/>3. Arbeiten mit Schrumpftunnel, hohe Effizienz, mehr bequem.<\/p>\n<\/p><\/div>\n<\/p><\/div>\n<\/p><\/div>\n<\/p><\/div>\n<\/p><\/div>\n<\/p><\/div>\n<div module-id=\"27641493707\" module-title=\"detailTableHightLight\" render=\"true\" class=\"J_module\">\n<div class=\"ife-detail-decorate-table\">\n<table class=\"all magic-8\">\n<tbody>\n<tr>\n<td>\n<div class=\"magic-9\">\n        Modell\n       <\/div>\n<\/td>\n<td>\n<div class=\"magic-10\">\n        DFQA450\n       <\/div>\n<\/td>\n<\/tr>\n<tr>\n<td>\n<div class=\"magic-9\">\n        Spannung\n       <\/div>\n<\/td>\n<td>\n<div class=\"magic-10\">\n        AC220V 50-60HZ\n       <\/div>\n<\/td>\n<\/tr>\n<tr>\n<td>\n<div class=\"magic-9\">\n        Leistung des Heizger\u00e4ts\n       <\/div>\n<\/td>\n<td>\n<div class=\"magic-10\">\n        1KW&nbsp;\n       <\/div>\n<\/td>\n<\/tr>\n<tr>\n<td>\n<div class=\"magic-9\">\n        Siegel-Schneidezeit\n       <\/div>\n<\/td>\n<td>\n<div class=\"magic-10\">\n        0-3s\n       <\/div>\n<\/td>\n<\/tr>\n<tr>\n<td>\n<div class=\"magic-9\">\n        Maximale Dichtungsgr\u00f6\u00dfe (L*B)\n       <\/div>\n<\/td>\n<td>\n<div class=\"magic-10\">\n        500*450mm\n       <\/div>\n<\/td>\n<\/tr>\n<tr>\n<td>\n<div class=\"magic-9\">\n        Maximale Beladung des F\u00f6rderers\n       <\/div>\n<\/td>\n<td>\n<div class=\"magic-10\">\n        15kg\n       <\/div>\n<\/td>\n<\/tr>\n<tr>\n<td>\n<div class=\"magic-9\">\n        Gr\u00f6\u00dfe der Maschine (L*B*H)\n       <\/div>\n<\/td>\n<td>\n<div class=\"magic-10\">\n        1720*730*1050mm\n       <\/div>\n<\/td>\n<\/tr>\n<tr>\n<td>\n<div class=\"magic-9\">\n        Gewicht der Maschine\n       <\/div>\n<\/td>\n<td>\n<div class=\"magic-10\">\n        130kg\n       <\/div>\n<\/td>\n<\/tr>\n<tr>\n<td>\n<div class=\"magic-9\">\n        Film schneiden\n       <\/div>\n<\/td>\n<td>\n<div class=\"magic-10\">\n        POF, PVC\n       <\/div>\n<\/td>\n<\/tr>\n<tr>\n<td>\n<div class=\"magic-9\">\n        Packungsgr\u00f6\u00dfe\n       <\/div>\n<\/td>\n<td>\n<div class=\"magic-10\">\n        1500*850*910mm\n       <\/div>\n<\/td>\n<\/tr>\n<\/tbody>\n<\/table><\/div>\n<\/p><\/div>\n<div module-id=\"27641493708\" module-title=\"detailSingleImage\" render=\"true\" class=\"J_module\">\n<div class=\"icbu-pc-images magic-11\">\n<div>\n<div class=\"flex-layout-v\">\n<div class=\"flex-layout-h magic-11\">\n<div class=\"magic-12\">\n       <img decoding=\"async\" src=\"https:\/\/sc02.alicdn.com\/kf\/HTB1vssdaEvrK1RjSspcq6zzSXXa1\/64496\/HTB1vssdaEvrK1RjSspcq6zzSXXa1.jpg\" class=\"aligncenter\">\n      <\/div>\n<\/p><\/div>\n<\/p><\/div>\n<\/p><\/div>\n<\/p><\/div>\n<\/p><\/div>\n<div module-id=\"27641493709\" module-title=\"detailVerticalImages\" render=\"true\" class=\"J_module\">\n<div class=\"icbu-pc-images magic-11\">\n<div>\n<div class=\"flex-layout-v\">\n<div class=\"magic-14\">\n      <img decoding=\"async\" src=\"https:\/\/sc01.alicdn.com\/kf\/HTB1W2FMazzuK1Rjy0Fpq6yEpFXao\/64496\/HTB1W2FMazzuK1Rjy0Fpq6yEpFXao.jpg\" class=\"aligncenter\">\n     <\/div>\n<div class=\"flex-layout-h magic-11\">\n<div class=\"magic-16\">\n       <img decoding=\"async\" src=\"https:\/\/sc01.alicdn.com\/kf\/HTB1aitPasfrK1RkSnb4q6xHRFXa8\/64496\/HTB1aitPasfrK1RkSnb4q6xHRFXa8.jpg\" class=\"aligncenter\">\n      <\/div>\n<div class=\"magic-18\">\n       <img decoding=\"async\" src=\"https:\/\/sc01.alicdn.com\/kf\/HTB1q3dRax2rK1RkSnhJq6ykdpXaM\/64496\/HTB1q3dRax2rK1RkSnhJq6ykdpXaM.jpg\" class=\"aligncenter\">\n      <\/div>\n<\/p><\/div>\n<\/p><\/div>\n<\/p><\/div>\n<\/p><\/div>\n<\/p><\/div>\n<\/div>","protected":false},"excerpt":{"rendered":"<p>Halbautomatische L-Bar-Siegelmaschine<\/p>","protected":false},"featured_media":3160,"comment_status":"closed","ping_status":"open","template":"","meta":[],"product_brand":[],"product_cat":[97],"product_tag":[],"class_list":{"0":"post-3159","1":"product","2":"type-product","3":"status-publish","4":"has-post-thumbnail","6":"product_cat-sealing-machines","8":"first","9":"instock","10":"sale","11":"purchasable","12":"product-type-simple"},"yoast_head":"<!-- This site is optimized with the Yoast SEO Premium plugin v20.9 (Yoast SEO v26.5) - https:\/\/yoast.com\/wordpress\/plugins\/seo\/ -->\n<title>DFQA450 Semi-automatic L bar type sealer heat sealing packaging machine - ALF PACK<\/title>\n<meta name=\"robots\" content=\"index, follow, max-snippet:-1, max-image-preview:large, max-video-preview:-1\" \/>\n<link rel=\"canonical\" href=\"https:\/\/alfequipment.com\/de\/product\/dfqa450-halbautomatische-verpackungsmaschine-mit-heissiegelung\/\" \/>\n<meta property=\"og:locale\" content=\"de_DE\" \/>\n<meta property=\"og:type\" content=\"article\" \/>\n<meta property=\"og:title\" content=\"DFQA450 Semi-automatic L bar type sealer heat sealing packaging machine\" \/>\n<meta property=\"og:description\" content=\"Semi-automatic L-bar Sealing Machine\" \/>\n<meta property=\"og:url\" content=\"https:\/\/alfequipment.com\/de\/product\/dfqa450-halbautomatische-verpackungsmaschine-mit-heissiegelung\/\" \/>\n<meta property=\"og:site_name\" content=\"ALF PACK\" \/>\n<meta property=\"article:modified_time\" content=\"2025-01-13T13:13:18+00:00\" \/>\n<meta property=\"og:image\" content=\"https:\/\/alfequipment.com\/wp-content\/uploads\/2025\/01\/H4cf163f8a53141d7a388d81823308ccap.jpg\" \/>\n\t<meta property=\"og:image:width\" content=\"800\" \/>\n\t<meta property=\"og:image:height\" content=\"800\" \/>\n\t<meta property=\"og:image:type\" content=\"image\/webp\" \/>\n<meta name=\"twitter:card\" content=\"summary_large_image\" \/>\n<meta name=\"twitter:label1\" content=\"Gesch\u00e4tzte Lesezeit\" \/>\n\t<meta name=\"twitter:data1\" content=\"1\u00a0Minute\" \/>\n<script type=\"application\/ld+json\" class=\"yoast-schema-graph\">{\"@context\":\"https:\/\/schema.org\",\"@graph\":[{\"@type\":\"WebPage\",\"@id\":\"https:\/\/alfequipment.com\/product\/dfqa450-semi-automatic-l-bar-type-sealer-heat-sealing-packaging-machine\/\",\"url\":\"https:\/\/alfequipment.com\/product\/dfqa450-semi-automatic-l-bar-type-sealer-heat-sealing-packaging-machine\/\",\"name\":\"DFQA450 Semi-automatic L bar type sealer heat sealing packaging machine - ALF PACK\",\"isPartOf\":{\"@id\":\"https:\/\/alfequipment.com\/#website\"},\"primaryImageOfPage\":{\"@id\":\"https:\/\/alfequipment.com\/product\/dfqa450-semi-automatic-l-bar-type-sealer-heat-sealing-packaging-machine\/#primaryimage\"},\"image\":{\"@id\":\"https:\/\/alfequipment.com\/product\/dfqa450-semi-automatic-l-bar-type-sealer-heat-sealing-packaging-machine\/#primaryimage\"},\"thumbnailUrl\":\"https:\/\/alfequipment.com\/wp-content\/uploads\/2025\/01\/H4cf163f8a53141d7a388d81823308ccap.jpg\",\"datePublished\":\"2024-12-18T06:05:02+00:00\",\"dateModified\":\"2025-01-13T13:13:18+00:00\",\"breadcrumb\":{\"@id\":\"https:\/\/alfequipment.com\/product\/dfqa450-semi-automatic-l-bar-type-sealer-heat-sealing-packaging-machine\/#breadcrumb\"},\"inLanguage\":\"de\",\"potentialAction\":[{\"@type\":\"ReadAction\",\"target\":[\"https:\/\/alfequipment.com\/product\/dfqa450-semi-automatic-l-bar-type-sealer-heat-sealing-packaging-machine\/\"]}]},{\"@type\":\"ImageObject\",\"inLanguage\":\"de\",\"@id\":\"https:\/\/alfequipment.com\/product\/dfqa450-semi-automatic-l-bar-type-sealer-heat-sealing-packaging-machine\/#primaryimage\",\"url\":\"https:\/\/alfequipment.com\/wp-content\/uploads\/2025\/01\/H4cf163f8a53141d7a388d81823308ccap.jpg\",\"contentUrl\":\"https:\/\/alfequipment.com\/wp-content\/uploads\/2025\/01\/H4cf163f8a53141d7a388d81823308ccap.jpg\",\"width\":800,\"height\":800},{\"@type\":\"BreadcrumbList\",\"@id\":\"https:\/\/alfequipment.com\/product\/dfqa450-semi-automatic-l-bar-type-sealer-heat-sealing-packaging-machine\/#breadcrumb\",\"itemListElement\":[{\"@type\":\"ListItem\",\"position\":1,\"name\":\"Home\",\"item\":\"https:\/\/alfequipment.com\/\"},{\"@type\":\"ListItem\",\"position\":2,\"name\":\"Shop\",\"item\":\"https:\/\/alfequipment.com\/shop\/\"},{\"@type\":\"ListItem\",\"position\":3,\"name\":\"DFQA450 Semi-automatic L bar type sealer heat sealing packaging machine\"}]},{\"@type\":\"WebSite\",\"@id\":\"https:\/\/alfequipment.com\/#website\",\"url\":\"https:\/\/alfequipment.com\/\",\"name\":\"ALF PACK\",\"description\":\"\",\"publisher\":{\"@id\":\"https:\/\/alfequipment.com\/#organization\"},\"potentialAction\":[{\"@type\":\"SearchAction\",\"target\":{\"@type\":\"EntryPoint\",\"urlTemplate\":\"https:\/\/alfequipment.com\/?s={search_term_string}\"},\"query-input\":{\"@type\":\"PropertyValueSpecification\",\"valueRequired\":true,\"valueName\":\"search_term_string\"}}],\"inLanguage\":\"de\"},{\"@type\":\"Organization\",\"@id\":\"https:\/\/alfequipment.com\/#organization\",\"name\":\"ALF PACK\",\"url\":\"https:\/\/alfequipment.com\/\",\"logo\":{\"@type\":\"ImageObject\",\"inLanguage\":\"de\",\"@id\":\"https:\/\/alfequipment.com\/#\/schema\/logo\/image\/\",\"url\":\"https:\/\/alfequipment.com\/wp-content\/uploads\/2024\/11\/ALFlogo-2.webp\",\"contentUrl\":\"https:\/\/alfequipment.com\/wp-content\/uploads\/2024\/11\/ALFlogo-2.webp\",\"width\":758,\"height\":750,\"caption\":\"ALF PACK\"},\"image\":{\"@id\":\"https:\/\/alfequipment.com\/#\/schema\/logo\/image\/\"}}]}<\/script>\n<!-- \/ Yoast SEO Premium plugin. -->","yoast_head_json":{"title":"DFQA450 Halbautomatische Hei\u00dfsiegelmaschine f\u00fcr L-Bar-Verpackungen - ALF PACK","robots":{"index":"index","follow":"follow","max-snippet":"max-snippet:-1","max-image-preview":"max-image-preview:large","max-video-preview":"max-video-preview:-1"},"canonical":"https:\/\/alfequipment.com\/de\/product\/dfqa450-halbautomatische-verpackungsmaschine-mit-heissiegelung\/","og_locale":"de_DE","og_type":"article","og_title":"DFQA450 Semi-automatic L bar type sealer heat sealing packaging machine","og_description":"Semi-automatic L-bar Sealing Machine","og_url":"https:\/\/alfequipment.com\/de\/product\/dfqa450-halbautomatische-verpackungsmaschine-mit-heissiegelung\/","og_site_name":"ALF PACK","article_modified_time":"2025-01-13T13:13:18+00:00","og_image":[{"width":800,"height":800,"url":"https:\/\/alfequipment.com\/wp-content\/uploads\/2025\/01\/H4cf163f8a53141d7a388d81823308ccap.jpg","type":"image\/webp"}],"twitter_card":"summary_large_image","twitter_misc":{"Gesch\u00e4tzte Lesezeit":"1\u00a0Minute"},"schema":{"@context":"https:\/\/schema.org","@graph":[{"@type":"WebPage","@id":"https:\/\/alfequipment.com\/product\/dfqa450-semi-automatic-l-bar-type-sealer-heat-sealing-packaging-machine\/","url":"https:\/\/alfequipment.com\/product\/dfqa450-semi-automatic-l-bar-type-sealer-heat-sealing-packaging-machine\/","name":"DFQA450 Halbautomatische Hei\u00dfsiegelmaschine f\u00fcr L-Bar-Verpackungen - ALF PACK","isPartOf":{"@id":"https:\/\/alfequipment.com\/#website"},"primaryImageOfPage":{"@id":"https:\/\/alfequipment.com\/product\/dfqa450-semi-automatic-l-bar-type-sealer-heat-sealing-packaging-machine\/#primaryimage"},"image":{"@id":"https:\/\/alfequipment.com\/product\/dfqa450-semi-automatic-l-bar-type-sealer-heat-sealing-packaging-machine\/#primaryimage"},"thumbnailUrl":"https:\/\/alfequipment.com\/wp-content\/uploads\/2025\/01\/H4cf163f8a53141d7a388d81823308ccap.jpg","datePublished":"2024-12-18T06:05:02+00:00","dateModified":"2025-01-13T13:13:18+00:00","breadcrumb":{"@id":"https:\/\/alfequipment.com\/product\/dfqa450-semi-automatic-l-bar-type-sealer-heat-sealing-packaging-machine\/#breadcrumb"},"inLanguage":"de","potentialAction":[{"@type":"ReadAction","target":["https:\/\/alfequipment.com\/product\/dfqa450-semi-automatic-l-bar-type-sealer-heat-sealing-packaging-machine\/"]}]},{"@type":"ImageObject","inLanguage":"de","@id":"https:\/\/alfequipment.com\/product\/dfqa450-semi-automatic-l-bar-type-sealer-heat-sealing-packaging-machine\/#primaryimage","url":"https:\/\/alfequipment.com\/wp-content\/uploads\/2025\/01\/H4cf163f8a53141d7a388d81823308ccap.jpg","contentUrl":"https:\/\/alfequipment.com\/wp-content\/uploads\/2025\/01\/H4cf163f8a53141d7a388d81823308ccap.jpg","width":800,"height":800},{"@type":"BreadcrumbList","@id":"https:\/\/alfequipment.com\/product\/dfqa450-semi-automatic-l-bar-type-sealer-heat-sealing-packaging-machine\/#breadcrumb","itemListElement":[{"@type":"ListItem","position":1,"name":"Home","item":"https:\/\/alfequipment.com\/"},{"@type":"ListItem","position":2,"name":"Shop","item":"https:\/\/alfequipment.com\/shop\/"},{"@type":"ListItem","position":3,"name":"DFQA450 Semi-automatic L bar type sealer heat sealing packaging machine"}]},{"@type":"WebSite","@id":"https:\/\/alfequipment.com\/#website","url":"https:\/\/alfequipment.com\/","name":"ALF PACK","description":"","publisher":{"@id":"https:\/\/alfequipment.com\/#organization"},"potentialAction":[{"@type":"SearchAction","target":{"@type":"EntryPoint","urlTemplate":"https:\/\/alfequipment.com\/?s={search_term_string}"},"query-input":{"@type":"PropertyValueSpecification","valueRequired":true,"valueName":"search_term_string"}}],"inLanguage":"de"},{"@type":"Organization","@id":"https:\/\/alfequipment.com\/#organization","name":"ALF PACK","url":"https:\/\/alfequipment.com\/","logo":{"@type":"ImageObject","inLanguage":"de","@id":"https:\/\/alfequipment.com\/#\/schema\/logo\/image\/","url":"https:\/\/alfequipment.com\/wp-content\/uploads\/2024\/11\/ALFlogo-2.webp","contentUrl":"https:\/\/alfequipment.com\/wp-content\/uploads\/2024\/11\/ALFlogo-2.webp","width":758,"height":750,"caption":"ALF PACK"},"image":{"@id":"https:\/\/alfequipment.com\/#\/schema\/logo\/image\/"}}]}},"_links":{"self":[{"href":"https:\/\/alfequipment.com\/de\/wp-json\/wp\/v2\/product\/3159","targetHints":{"allow":["GET"]}}],"collection":[{"href":"https:\/\/alfequipment.com\/de\/wp-json\/wp\/v2\/product"}],"about":[{"href":"https:\/\/alfequipment.com\/de\/wp-json\/wp\/v2\/types\/product"}],"replies":[{"embeddable":true,"href":"https:\/\/alfequipment.com\/de\/wp-json\/wp\/v2\/comments?post=3159"}],"version-history":[{"count":0,"href":"https:\/\/alfequipment.com\/de\/wp-json\/wp\/v2\/product\/3159\/revisions"}],"wp:featuredmedia":[{"embeddable":true,"href":"https:\/\/alfequipment.com\/de\/wp-json\/wp\/v2\/media\/3160"}],"wp:attachment":[{"href":"https:\/\/alfequipment.com\/de\/wp-json\/wp\/v2\/media?parent=3159"}],"wp:term":[{"taxonomy":"product_brand","embeddable":true,"href":"https:\/\/alfequipment.com\/de\/wp-json\/wp\/v2\/product_brand?post=3159"},{"taxonomy":"product_cat","embeddable":true,"href":"https:\/\/alfequipment.com\/de\/wp-json\/wp\/v2\/product_cat?post=3159"},{"taxonomy":"product_tag","embeddable":true,"href":"https:\/\/alfequipment.com\/de\/wp-json\/wp\/v2\/product_tag?post=3159"}],"curies":[{"name":"wp","href":"https:\/\/api.w.org\/{rel}","templated":true}]}}