{"id":3183,"date":"2024-12-15T01:38:47","date_gmt":"2024-12-15T01:38:47","guid":{"rendered":"https:\/\/alfequipment.com\/product\/frd1000-horizontal-and-vertical-solid-ink-coding-plastic-bag-band-sealer-with-code-printing\/"},"modified":"2025-01-13T13:14:01","modified_gmt":"2025-01-13T13:14:01","slug":"frd1000-horizontale-und-vertikale-festtintencodierte-kunststoffbeutelschweismaschine-mit-codeaufdruck","status":"publish","type":"product","link":"https:\/\/alfequipment.com\/de\/product\/frd1000-horizontale-und-vertikale-festtintencodierte-kunststoffbeutelschweismaschine-mit-codeaufdruck\/","title":{"rendered":"FRD1000 Horizontale und vertikale Festtintencodiermaschine f\u00fcr Kunststoffbeutel mit Codeaufdruck"},"content":{"rendered":"<div data-magic-global=\"%7B%22bizId%22%3A17179933680%2C%22pageId%22%3A5020146877%2C%22siteId%22%3A5005331025%7D\" id=\"detail_decorate_root\">\n<div module-id=\"5486315989\" module-title=\"detailProductNavigation\" render=\"true\" class=\"J_module\">\n<div id=\"ali-anchor-AliMagic-refj5i\" data-section=\"AliMagic-refj5i\" data-section-title=\"Product Description\" class=\"magic-0\">FRD-1000 Mehrzweck-Tintenversiegelungsmaschine ist ein neues Modell der automatischen Kunststoff-Folienversiegelungsmaschine, die Farbdruck, Versiegelung, kontinuierliche \u00dcbertragung von Produkten integriert, mit sauberen und hellen Muster auf dem Siegel Teil, Farbe w\u00e4hlbar, Instant-Druck und Instant trocken, und bequem, um die Zeichen zu \u00e4ndern.<\/div>\n<\/div>\n<div module-id=\"5483733012\" module-title=\"detailTableHorizontal\" render=\"true\" class=\"J_module\">\n<div class=\"ife-detail-decorate-table\">\n<table class=\"has-title all magic-8\">\n<tbody>\n<tr>\n<td>\n<div class=\"magic-9\">\n        Modell\n       <\/div>\n<\/td>\n<td colspan=\"3\">\n<div class=\"magic-10\">\n        FRD-1000\n       <\/div>\n<\/td>\n<td class=\"magic-11\">\n<div class=\"magic-12\"><\/div>\n<\/td>\n<td class=\"magic-11\">\n<div class=\"magic-12\"><\/div>\n<\/td>\n<\/tr>\n<tr>\n<td>\n<div class=\"magic-9\">\n        Spannung\n       <\/div>\n<\/td>\n<td colspan=\"3\">\n<div class=\"magic-13\">\n        110\/220V 50-60Hz\n       <\/div>\n<\/td>\n<td class=\"magic-11\">\n<div class=\"magic-12\"><\/div>\n<\/td>\n<td class=\"magic-11\">\n<div class=\"magic-12\"><\/div>\n<\/td>\n<\/tr>\n<tr>\n<td>\n<div class=\"magic-9\">\n        Strom\n       <\/div>\n<\/td>\n<td colspan=\"3\">\n<div class=\"magic-13\">\n        620W\n       <\/div>\n<\/td>\n<td class=\"magic-11\">\n<div class=\"magic-12\"><\/div>\n<\/td>\n<td class=\"magic-11\">\n<div class=\"magic-12\"><\/div>\n<\/td>\n<\/tr>\n<tr>\n<td>\n<div class=\"magic-9\">\n        Siegelgeschwindigkeit\n       <\/div>\n<\/td>\n<td colspan=\"3\">\n<div class=\"magic-10\">\n        0-12m\/min\n       <\/div>\n<\/td>\n<td class=\"magic-11\">\n<div class=\"magic-12\"><\/div>\n<\/td>\n<td class=\"magic-11\">\n<div class=\"magic-12\"><\/div>\n<\/td>\n<\/tr>\n<tr>\n<td>\n<div class=\"magic-9\">\n        Breite der Versiegelung\n       <\/div>\n<\/td>\n<td colspan=\"3\">\n<div class=\"magic-10\">\n        6-12mm\n       <\/div>\n<\/td>\n<td class=\"magic-11\">\n<div class=\"magic-12\"><\/div>\n<\/td>\n<td class=\"magic-11\">\n<div class=\"magic-12\"><\/div>\n<\/td>\n<\/tr>\n<tr>\n<td>\n<div class=\"magic-9\">\n        Temperaturbereich\n       <\/div>\n<\/td>\n<td colspan=\"3\">\n<div class=\"magic-10\">\n        0-300\u00e2\n       <\/div>\n<\/td>\n<td class=\"magic-11\">\n<div class=\"magic-12\"><\/div>\n<\/td>\n<td class=\"magic-11\">\n<div class=\"magic-12\"><\/div>\n<\/td>\n<\/tr>\n<tr>\n<td>\n<div class=\"magic-9\">\n        Max. Belastung des F\u00f6rderers\n       <\/div>\n<\/td>\n<td colspan=\"3\">\n<div class=\"magic-10\">\n        3kgs\n       <\/div>\n<\/td>\n<td class=\"magic-11\">\n<div class=\"magic-12\"><\/div>\n<\/td>\n<td class=\"magic-11\">\n<div class=\"magic-12\"><\/div>\n<\/td>\n<\/tr>\n<tr>\n<td>\n<div class=\"magic-9\">\n        Kategorie Druck\n       <\/div>\n<\/td>\n<td colspan=\"3\">\n<div class=\"magic-10\">\n        Solid-Ink-Druck\n       <\/div>\n<\/td>\n<td class=\"magic-11\">\n<div class=\"magic-12\"><\/div>\n<\/td>\n<td class=\"magic-11\">\n<div class=\"magic-12\"><\/div>\n<\/td>\n<\/tr>\n<tr>\n<td>\n<div class=\"magic-9\">\n        Gewicht der Maschine\n       <\/div>\n<\/td>\n<td colspan=\"3\">\n<div class=\"magic-10\">\n        25kg\n       <\/div>\n<\/td>\n<td class=\"magic-11\">\n<div class=\"magic-12\"><\/div>\n<\/td>\n<td class=\"magic-11\">\n<div class=\"magic-12\"><\/div>\n<\/td>\n<\/tr>\n<tr>\n<td>\n<div class=\"magic-9\">\n        Gr\u00f6\u00dfe der Maschine\n       <\/div>\n<\/td>\n<td colspan=\"3\">\n<div class=\"magic-10\">\n        920*392*305mm\n       <\/div>\n<\/td>\n<td class=\"magic-11\">\n<div class=\"magic-12\"><\/div>\n<\/td>\n<td class=\"magic-11\">\n<div class=\"magic-12\"><\/div>\n<\/td>\n<\/tr>\n<tr>\n<td>\n<div class=\"magic-9\">\n        Packungsgr\u00f6\u00dfe\n       <\/div>\n<\/td>\n<td colspan=\"3\">\n<div class=\"magic-10\">\n        1010*440*360mm\n       <\/div>\n<\/td>\n<td class=\"magic-11\">\n<div class=\"magic-12\"><\/div>\n<\/td>\n<td class=\"magic-11\">\n<div class=\"magic-12\"><\/div>\n<\/td>\n<\/tr>\n<\/tbody>\n<\/table><\/div>\n<\/p><\/div>\n<div module-id=\"5483733013\" module-title=\"detailSingleImage\" render=\"true\" class=\"J_module\">\n<div class=\"icbu-pc-images magic-14\">\n<div>\n<div class=\"flex-layout-v\">\n<div class=\"flex-layout-h magic-14\">\n<div class=\"magic-15\">\n       <img decoding=\"async\" src=\"https:\/\/sc02.alicdn.com\/kf\/HTB1Q3i2affsK1RjSszbq6AqBXXa9\/64496\/HTB1Q3i2affsK1RjSszbq6AqBXXa9.jpg\" class=\"aligncenter\">\n      <\/div>\n<\/p><\/div>\n<\/p><\/div>\n<\/p><\/div>\n<\/p><\/div>\n<\/p><\/div>\n<div module-id=\"5483733014\" module-title=\"detailTwoImages\" render=\"true\" class=\"J_module\">\n<div class=\"icbu-pc-images magic-14\">\n<div>\n<div class=\"flex-layout-v\">\n<div class=\"flex-layout-h magic-14\">\n<div class=\"magic-17\">\n       <img decoding=\"async\" src=\"https:\/\/sc01.alicdn.com\/kf\/HTB1zm17adzvK1RkSnfoq6zMwVXay\/64496\/HTB1zm17adzvK1RkSnfoq6zMwVXay.jpg\" class=\"aligncenter\">\n      <\/div>\n<div class=\"magic-19\">\n       <img decoding=\"async\" src=\"https:\/\/sc02.alicdn.com\/kf\/HTB1mW96ac_vK1RkSmRyq6xwupXav\/64496\/HTB1mW96ac_vK1RkSmRyq6xwupXav.jpg\" class=\"aligncenter\">\n      <\/div>\n<\/p><\/div>\n<\/p><\/div>\n<\/p><\/div>\n<\/p><\/div>\n<\/p><\/div>\n<div module-id=\"5483733015\" module-title=\"detailVerticalImages\" render=\"true\" class=\"J_module\">\n<div class=\"icbu-pc-images magic-14\">\n<div>\n<div class=\"flex-layout-v\">\n<div class=\"magic-20\">\n      <img decoding=\"async\" src=\"https:\/\/sc01.alicdn.com\/kf\/H72692272a2364adca5197aa897355d91i\/64496\/H72692272a2364adca5197aa897355d91i.jpg\" class=\"aligncenter\">\n     <\/div>\n<div class=\"flex-layout-h magic-14\">\n<div class=\"magic-22\">\n       <img decoding=\"async\" src=\"https:\/\/sc02.alicdn.com\/kf\/HTB1xMigXjzuK1Rjy0Fpq6yEpFXaG\/64496\/HTB1xMigXjzuK1Rjy0Fpq6yEpFXaG.jpg\" class=\"aligncenter\">\n      <\/div>\n<div class=\"magic-24\">\n       <img decoding=\"async\" src=\"https:\/\/sc01.alicdn.com\/kf\/HTB1PoigXizxK1RjSspjq6AS.pXa4\/64496\/HTB1PoigXizxK1RjSspjq6AS.pXa4.jpg\" class=\"aligncenter\">\n      <\/div>\n<\/p><\/div>\n<\/p><\/div>\n<\/p><\/div>\n<\/p><\/div>\n<\/p><\/div>\n<div module-id=\"5483733016\" module-title=\"detailTextWithTitle\" render=\"true\" class=\"J_module\">\n<div class=\"detail-decorate-json-renderer-container\">\n<div class=\"magic-1\">\n<h3 class=\"magic-2\"><\/h3>\n<h3 class=\"magic-3\">Verbesserungen:<br \/><\/h3>\n<div class=\"magic-4\">\n<div class=\"magic-5\">\n<div class=\"magic-6\">\n<p class=\"magic-7\">1) Verbesserte SS K\u00f6rper, Anti-Fingerabdr\u00fccke, mehr Dicke mit polierten Ecke.<\/p>\n<p class=\"magic-7\">2) Hochwertiger Vollgummi-Spannknopf, verschlei\u00dffest.<\/p>\n<p class=\"magic-7\">3) Hochpr\u00e4zise verarbeitete Antriebsrad und Dichtungsriemen leicht ersetzbare Vorrichtung.&nbsp;<\/p>\n<p class=\"magic-7\">4) St\u00e4rkerer und breiterer Heizblock und K\u00fchlblock.<\/p>\n<p class=\"magic-7\">5) Hochpr\u00e4zise verarbeitetes Antriebsrad, sehr sch\u00f6n.<\/p>\n<p class=\"magic-7\">6) Hochwertiger Netzschalter, mehr Sicherheit, mehr Sorgfalt.<\/p>\n<p class=\"magic-7\">7) Verbesserte Polyformaldehyd-F\u00f6rderrolle und mehr Dicke F\u00f6rderband, viel langlebig.<\/p>\n<p class=\"magic-7\">8) Unibody-Getriebe, flankenfest, stabiler<\/p>\n<p class=\"magic-7\">9) Hochwertige Polyformaldehyd-Getriebe mit hoher Festigkeit Spritzguss, l\u00e4uft mehr glatt und ger\u00e4uscharm.<\/p>\n<\/p><\/div>\n<\/p><\/div>\n<\/p><\/div>\n<\/p><\/div>\n<\/p><\/div>\n<\/p><\/div>\n<\/div>","protected":false},"excerpt":{"rendered":"<p>Horizontales und vertikales Bandsiegelger\u00e4t mit Drucker<\/p>","protected":false},"featured_media":3184,"comment_status":"closed","ping_status":"open","template":"","meta":[],"product_brand":[],"product_cat":[107],"product_tag":[],"class_list":{"0":"post-3183","1":"product","2":"type-product","3":"status-publish","4":"has-post-thumbnail","6":"product_cat-coding-machines","8":"first","9":"instock","10":"sale","11":"purchasable","12":"product-type-simple"},"yoast_head":"<!-- This site is optimized with the Yoast SEO Premium plugin v20.9 (Yoast SEO v26.5) - https:\/\/yoast.com\/wordpress\/plugins\/seo\/ -->\n<title>FRD1000 Horizontal and vertical Solid ink coding plastic bag band sealer with code printing - ALF PACK<\/title>\n<meta name=\"robots\" content=\"index, follow, max-snippet:-1, max-image-preview:large, max-video-preview:-1\" \/>\n<link rel=\"canonical\" href=\"https:\/\/alfequipment.com\/de\/product\/frd1000-horizontale-und-vertikale-festtintencodierte-kunststoffbeutelschweismaschine-mit-codeaufdruck\/\" \/>\n<meta property=\"og:locale\" content=\"de_DE\" \/>\n<meta property=\"og:type\" content=\"article\" \/>\n<meta property=\"og:title\" content=\"FRD1000 Horizontal and vertical Solid ink coding plastic bag band sealer with code printing\" \/>\n<meta property=\"og:description\" content=\"Horizontal And Vertical Band Sealer With Printer\" \/>\n<meta property=\"og:url\" content=\"https:\/\/alfequipment.com\/de\/product\/frd1000-horizontale-und-vertikale-festtintencodierte-kunststoffbeutelschweismaschine-mit-codeaufdruck\/\" \/>\n<meta property=\"og:site_name\" content=\"ALF PACK\" \/>\n<meta property=\"article:modified_time\" content=\"2025-01-13T13:14:01+00:00\" \/>\n<meta property=\"og:image\" content=\"https:\/\/alfequipment.com\/wp-content\/uploads\/2025\/01\/FRD1000-Horizontal-and-vertical-Solid-ink-coding.jpg\" \/>\n\t<meta property=\"og:image:width\" content=\"800\" \/>\n\t<meta property=\"og:image:height\" content=\"800\" \/>\n\t<meta property=\"og:image:type\" content=\"image\/webp\" \/>\n<meta name=\"twitter:card\" content=\"summary_large_image\" \/>\n<meta name=\"twitter:label1\" content=\"Gesch\u00e4tzte Lesezeit\" \/>\n\t<meta name=\"twitter:data1\" content=\"1\u00a0Minute\" \/>\n<script type=\"application\/ld+json\" class=\"yoast-schema-graph\">{\"@context\":\"https:\/\/schema.org\",\"@graph\":[{\"@type\":\"WebPage\",\"@id\":\"https:\/\/alfequipment.com\/product\/frd1000-horizontal-and-vertical-solid-ink-coding-plastic-bag-band-sealer-with-code-printing\/\",\"url\":\"https:\/\/alfequipment.com\/product\/frd1000-horizontal-and-vertical-solid-ink-coding-plastic-bag-band-sealer-with-code-printing\/\",\"name\":\"FRD1000 Horizontal and vertical Solid ink coding plastic bag band sealer with code printing - ALF PACK\",\"isPartOf\":{\"@id\":\"https:\/\/alfequipment.com\/#website\"},\"primaryImageOfPage\":{\"@id\":\"https:\/\/alfequipment.com\/product\/frd1000-horizontal-and-vertical-solid-ink-coding-plastic-bag-band-sealer-with-code-printing\/#primaryimage\"},\"image\":{\"@id\":\"https:\/\/alfequipment.com\/product\/frd1000-horizontal-and-vertical-solid-ink-coding-plastic-bag-band-sealer-with-code-printing\/#primaryimage\"},\"thumbnailUrl\":\"https:\/\/alfequipment.com\/wp-content\/uploads\/2025\/01\/FRD1000-Horizontal-and-vertical-Solid-ink-coding.jpg\",\"datePublished\":\"2024-12-15T01:38:47+00:00\",\"dateModified\":\"2025-01-13T13:14:01+00:00\",\"breadcrumb\":{\"@id\":\"https:\/\/alfequipment.com\/product\/frd1000-horizontal-and-vertical-solid-ink-coding-plastic-bag-band-sealer-with-code-printing\/#breadcrumb\"},\"inLanguage\":\"de\",\"potentialAction\":[{\"@type\":\"ReadAction\",\"target\":[\"https:\/\/alfequipment.com\/product\/frd1000-horizontal-and-vertical-solid-ink-coding-plastic-bag-band-sealer-with-code-printing\/\"]}]},{\"@type\":\"ImageObject\",\"inLanguage\":\"de\",\"@id\":\"https:\/\/alfequipment.com\/product\/frd1000-horizontal-and-vertical-solid-ink-coding-plastic-bag-band-sealer-with-code-printing\/#primaryimage\",\"url\":\"https:\/\/alfequipment.com\/wp-content\/uploads\/2025\/01\/FRD1000-Horizontal-and-vertical-Solid-ink-coding.jpg\",\"contentUrl\":\"https:\/\/alfequipment.com\/wp-content\/uploads\/2025\/01\/FRD1000-Horizontal-and-vertical-Solid-ink-coding.jpg\",\"width\":800,\"height\":800},{\"@type\":\"BreadcrumbList\",\"@id\":\"https:\/\/alfequipment.com\/product\/frd1000-horizontal-and-vertical-solid-ink-coding-plastic-bag-band-sealer-with-code-printing\/#breadcrumb\",\"itemListElement\":[{\"@type\":\"ListItem\",\"position\":1,\"name\":\"Home\",\"item\":\"https:\/\/alfequipment.com\/\"},{\"@type\":\"ListItem\",\"position\":2,\"name\":\"Shop\",\"item\":\"https:\/\/alfequipment.com\/shop\/\"},{\"@type\":\"ListItem\",\"position\":3,\"name\":\"FRD1000 Horizontal and vertical Solid ink coding plastic bag band sealer with code printing\"}]},{\"@type\":\"WebSite\",\"@id\":\"https:\/\/alfequipment.com\/#website\",\"url\":\"https:\/\/alfequipment.com\/\",\"name\":\"ALF PACK\",\"description\":\"\",\"publisher\":{\"@id\":\"https:\/\/alfequipment.com\/#organization\"},\"potentialAction\":[{\"@type\":\"SearchAction\",\"target\":{\"@type\":\"EntryPoint\",\"urlTemplate\":\"https:\/\/alfequipment.com\/?s={search_term_string}\"},\"query-input\":{\"@type\":\"PropertyValueSpecification\",\"valueRequired\":true,\"valueName\":\"search_term_string\"}}],\"inLanguage\":\"de\"},{\"@type\":\"Organization\",\"@id\":\"https:\/\/alfequipment.com\/#organization\",\"name\":\"ALF PACK\",\"url\":\"https:\/\/alfequipment.com\/\",\"logo\":{\"@type\":\"ImageObject\",\"inLanguage\":\"de\",\"@id\":\"https:\/\/alfequipment.com\/#\/schema\/logo\/image\/\",\"url\":\"https:\/\/alfequipment.com\/wp-content\/uploads\/2024\/11\/ALFlogo-2.webp\",\"contentUrl\":\"https:\/\/alfequipment.com\/wp-content\/uploads\/2024\/11\/ALFlogo-2.webp\",\"width\":758,\"height\":750,\"caption\":\"ALF PACK\"},\"image\":{\"@id\":\"https:\/\/alfequipment.com\/#\/schema\/logo\/image\/\"}}]}<\/script>\n<!-- \/ Yoast SEO Premium plugin. -->","yoast_head_json":{"title":"FRD1000 Horizontale und vertikale Festtintencodiermaschine f\u00fcr Kunststoffbeutel mit Codeaufdruck - ALF PACK","robots":{"index":"index","follow":"follow","max-snippet":"max-snippet:-1","max-image-preview":"max-image-preview:large","max-video-preview":"max-video-preview:-1"},"canonical":"https:\/\/alfequipment.com\/de\/product\/frd1000-horizontale-und-vertikale-festtintencodierte-kunststoffbeutelschweismaschine-mit-codeaufdruck\/","og_locale":"de_DE","og_type":"article","og_title":"FRD1000 Horizontal and vertical Solid ink coding plastic bag band sealer with code printing","og_description":"Horizontal And Vertical Band Sealer With Printer","og_url":"https:\/\/alfequipment.com\/de\/product\/frd1000-horizontale-und-vertikale-festtintencodierte-kunststoffbeutelschweismaschine-mit-codeaufdruck\/","og_site_name":"ALF PACK","article_modified_time":"2025-01-13T13:14:01+00:00","og_image":[{"width":800,"height":800,"url":"https:\/\/alfequipment.com\/wp-content\/uploads\/2025\/01\/FRD1000-Horizontal-and-vertical-Solid-ink-coding.jpg","type":"image\/webp"}],"twitter_card":"summary_large_image","twitter_misc":{"Gesch\u00e4tzte Lesezeit":"1\u00a0Minute"},"schema":{"@context":"https:\/\/schema.org","@graph":[{"@type":"WebPage","@id":"https:\/\/alfequipment.com\/product\/frd1000-horizontal-and-vertical-solid-ink-coding-plastic-bag-band-sealer-with-code-printing\/","url":"https:\/\/alfequipment.com\/product\/frd1000-horizontal-and-vertical-solid-ink-coding-plastic-bag-band-sealer-with-code-printing\/","name":"FRD1000 Horizontale und vertikale Festtintencodiermaschine f\u00fcr Kunststoffbeutel mit Codeaufdruck - ALF PACK","isPartOf":{"@id":"https:\/\/alfequipment.com\/#website"},"primaryImageOfPage":{"@id":"https:\/\/alfequipment.com\/product\/frd1000-horizontal-and-vertical-solid-ink-coding-plastic-bag-band-sealer-with-code-printing\/#primaryimage"},"image":{"@id":"https:\/\/alfequipment.com\/product\/frd1000-horizontal-and-vertical-solid-ink-coding-plastic-bag-band-sealer-with-code-printing\/#primaryimage"},"thumbnailUrl":"https:\/\/alfequipment.com\/wp-content\/uploads\/2025\/01\/FRD1000-Horizontal-and-vertical-Solid-ink-coding.jpg","datePublished":"2024-12-15T01:38:47+00:00","dateModified":"2025-01-13T13:14:01+00:00","breadcrumb":{"@id":"https:\/\/alfequipment.com\/product\/frd1000-horizontal-and-vertical-solid-ink-coding-plastic-bag-band-sealer-with-code-printing\/#breadcrumb"},"inLanguage":"de","potentialAction":[{"@type":"ReadAction","target":["https:\/\/alfequipment.com\/product\/frd1000-horizontal-and-vertical-solid-ink-coding-plastic-bag-band-sealer-with-code-printing\/"]}]},{"@type":"ImageObject","inLanguage":"de","@id":"https:\/\/alfequipment.com\/product\/frd1000-horizontal-and-vertical-solid-ink-coding-plastic-bag-band-sealer-with-code-printing\/#primaryimage","url":"https:\/\/alfequipment.com\/wp-content\/uploads\/2025\/01\/FRD1000-Horizontal-and-vertical-Solid-ink-coding.jpg","contentUrl":"https:\/\/alfequipment.com\/wp-content\/uploads\/2025\/01\/FRD1000-Horizontal-and-vertical-Solid-ink-coding.jpg","width":800,"height":800},{"@type":"BreadcrumbList","@id":"https:\/\/alfequipment.com\/product\/frd1000-horizontal-and-vertical-solid-ink-coding-plastic-bag-band-sealer-with-code-printing\/#breadcrumb","itemListElement":[{"@type":"ListItem","position":1,"name":"Home","item":"https:\/\/alfequipment.com\/"},{"@type":"ListItem","position":2,"name":"Shop","item":"https:\/\/alfequipment.com\/shop\/"},{"@type":"ListItem","position":3,"name":"FRD1000 Horizontal and vertical Solid ink coding plastic bag band sealer with code printing"}]},{"@type":"WebSite","@id":"https:\/\/alfequipment.com\/#website","url":"https:\/\/alfequipment.com\/","name":"ALF PACK","description":"","publisher":{"@id":"https:\/\/alfequipment.com\/#organization"},"potentialAction":[{"@type":"SearchAction","target":{"@type":"EntryPoint","urlTemplate":"https:\/\/alfequipment.com\/?s={search_term_string}"},"query-input":{"@type":"PropertyValueSpecification","valueRequired":true,"valueName":"search_term_string"}}],"inLanguage":"de"},{"@type":"Organization","@id":"https:\/\/alfequipment.com\/#organization","name":"ALF PACK","url":"https:\/\/alfequipment.com\/","logo":{"@type":"ImageObject","inLanguage":"de","@id":"https:\/\/alfequipment.com\/#\/schema\/logo\/image\/","url":"https:\/\/alfequipment.com\/wp-content\/uploads\/2024\/11\/ALFlogo-2.webp","contentUrl":"https:\/\/alfequipment.com\/wp-content\/uploads\/2024\/11\/ALFlogo-2.webp","width":758,"height":750,"caption":"ALF PACK"},"image":{"@id":"https:\/\/alfequipment.com\/#\/schema\/logo\/image\/"}}]}},"_links":{"self":[{"href":"https:\/\/alfequipment.com\/de\/wp-json\/wp\/v2\/product\/3183","targetHints":{"allow":["GET"]}}],"collection":[{"href":"https:\/\/alfequipment.com\/de\/wp-json\/wp\/v2\/product"}],"about":[{"href":"https:\/\/alfequipment.com\/de\/wp-json\/wp\/v2\/types\/product"}],"replies":[{"embeddable":true,"href":"https:\/\/alfequipment.com\/de\/wp-json\/wp\/v2\/comments?post=3183"}],"version-history":[{"count":0,"href":"https:\/\/alfequipment.com\/de\/wp-json\/wp\/v2\/product\/3183\/revisions"}],"wp:featuredmedia":[{"embeddable":true,"href":"https:\/\/alfequipment.com\/de\/wp-json\/wp\/v2\/media\/3184"}],"wp:attachment":[{"href":"https:\/\/alfequipment.com\/de\/wp-json\/wp\/v2\/media?parent=3183"}],"wp:term":[{"taxonomy":"product_brand","embeddable":true,"href":"https:\/\/alfequipment.com\/de\/wp-json\/wp\/v2\/product_brand?post=3183"},{"taxonomy":"product_cat","embeddable":true,"href":"https:\/\/alfequipment.com\/de\/wp-json\/wp\/v2\/product_cat?post=3183"},{"taxonomy":"product_tag","embeddable":true,"href":"https:\/\/alfequipment.com\/de\/wp-json\/wp\/v2\/product_tag?post=3183"}],"curies":[{"name":"wp","href":"https:\/\/api.w.org\/{rel}","templated":true}]}}