{"id":3187,"date":"2025-01-11T03:44:31","date_gmt":"2025-01-11T03:44:31","guid":{"rendered":"https:\/\/alfequipment.com\/product\/qlf1680-vertical-automatic-bag-sealing-machine-band-sealer\/"},"modified":"2025-01-13T15:00:34","modified_gmt":"2025-01-13T15:00:34","slug":"qlf1680-vertikale-automatische-beutelschweismaschine-bandschweisgerat","status":"publish","type":"product","link":"https:\/\/alfequipment.com\/de\/product\/qlf1680-vertikale-automatische-beutelschweismaschine-bandschweisgerat\/","title":{"rendered":"QLF1680 Vertikale automatische Beutelverschlie\u00dfmaschine Bandsealer"},"content":{"rendered":"<div data-magic-global=\"%7B%22bizId%22%3A17179933680%2C%22pageId%22%3A5022399938%2C%22siteId%22%3A5005331025%7D\" id=\"detail_decorate_root\">\n<div module-id=\"5562582961\" module-title=\"detailProductNavigation\" render=\"true\" class=\"J_module\">\n<div id=\"ali-anchor-AliMagic-06qztk\" data-section=\"AliMagic-06qztk\" data-section-title=\"Product Description\" class=\"magic-0\">Die Serienschwei\u00dfmaschine ist in der Funktion auf kontinuierliches Tragen, Schwei\u00dfen und Drucken in einem Arbeitsgang. Die Maschine kann waagerecht, senkrecht oder mit Standf\u00fc\u00dfen aufgestellt werden. Sie verf\u00fcgt \u00fcber einen elektronischen Mechanismus mit konstanter Temperatur und einen stufenlos drehzahlregulierenden Getriebemotor. Sie kann Kunststofffolien aus verschiedenen Materialien versiegeln.<\/div>\n<\/div>\n<div module-id=\"5562582963\" module-title=\"detailTableHorizontal\" render=\"true\" class=\"J_module\">\n<div class=\"ife-detail-decorate-table\">\n<table class=\"has-title all magic-8\">\n<tbody>\n<tr>\n<td>\n<div class=\"magic-9\">\n        Modell\n       <\/div>\n<\/td>\n<td>\n<div class=\"magic-10\">\n        QLF-1680\n       <\/div>\n<\/td>\n<\/tr>\n<tr>\n<td>\n<div class=\"magic-9\">\n        Spannung\n       <\/div>\n<\/td>\n<td>\n<div class=\"magic-11\">\n        110\/220V 50-60Hz\n       <\/div>\n<\/td>\n<\/tr>\n<tr>\n<td>\n<div class=\"magic-9\">\n        Strom\n       <\/div>\n<\/td>\n<td>\n<div class=\"magic-11\">\n        1000W\n       <\/div>\n<\/td>\n<\/tr>\n<tr>\n<td>\n<div class=\"magic-9\">\n        Siegelgeschwindigkeit\n       <\/div>\n<\/td>\n<td>\n<div class=\"magic-11\">\n        0-10m\/min (kann eingestellt werden)\n       <\/div>\n<\/td>\n<\/tr>\n<tr>\n<td>\n<div class=\"magic-9\">\n        Breite der Versiegelung\n       <\/div>\n<\/td>\n<td>\n<div class=\"magic-11\">\n        10mm\n       <\/div>\n<\/td>\n<\/tr>\n<tr>\n<td>\n<div class=\"magic-9\">\n        Temperaturbereich\n       <\/div>\n<\/td>\n<td>\n<div class=\"magic-11\">\n        0-300\u00e2\n       <\/div>\n<\/td>\n<\/tr>\n<tr>\n<td>\n<div class=\"magic-9\">\n        Max. Belastung des F\u00f6rderers\n       <\/div>\n<\/td>\n<td>\n<div class=\"magic-11\">\n        15kgs\n       <\/div>\n<\/td>\n<\/tr>\n<tr>\n<td>\n<div class=\"magic-9\">\n        Kategorie Druck\n       <\/div>\n<\/td>\n<td>\n<div class=\"magic-11\">\n        Stahlraddruck\n       <\/div>\n<\/td>\n<\/tr>\n<tr>\n<td>\n<div class=\"magic-9\">\n        Gewicht\n       <\/div>\n<\/td>\n<td>\n<div class=\"magic-11\">\n        130kg\n       <\/div>\n<\/td>\n<\/tr>\n<tr>\n<td>\n<div class=\"magic-9\">\n        Gr\u00f6\u00dfe der Maschine\n       <\/div>\n<\/td>\n<td>\n<div class=\"magic-11\">\n        1700*700*1600mm\n       <\/div>\n<\/td>\n<\/tr>\n<\/tbody>\n<\/table><\/div>\n<\/p><\/div>\n<div module-id=\"5562582964\" module-title=\"detailSingleImage\" render=\"true\" class=\"J_module\">\n<div class=\"icbu-pc-images magic-12\">\n<div>\n<div class=\"flex-layout-v\">\n<div class=\"flex-layout-h magic-12\">\n<div class=\"magic-13\">\n       <img decoding=\"async\" src=\"https:\/\/sc02.alicdn.com\/kf\/HTB1QS1BXjnuK1RkSmFPq6AuzFXa6\/64496\/HTB1QS1BXjnuK1RkSmFPq6AuzFXa6.jpg\" class=\"aligncenter\">\n      <\/div>\n<\/p><\/div>\n<\/p><\/div>\n<\/p><\/div>\n<\/p><\/div>\n<\/p><\/div>\n<div module-id=\"5562582965\" module-title=\"detailVerticalImages\" render=\"true\" class=\"J_module\">\n<div class=\"icbu-pc-images magic-12\">\n<div>\n<div class=\"flex-layout-v\">\n<div class=\"magic-15\">\n      <img decoding=\"async\" src=\"https:\/\/sc02.alicdn.com\/kf\/HTB1PXaBXojrK1RkHFNRq6ySvpXaP\/64496\/HTB1PXaBXojrK1RkHFNRq6ySvpXaP.jpg\" class=\"aligncenter\">\n     <\/div>\n<div class=\"flex-layout-h magic-12\">\n<div class=\"magic-17\">\n       <img decoding=\"async\" src=\"https:\/\/sc01.alicdn.com\/kf\/HTB1xBGAXcrrK1RjSspaq6AREXXab\/64496\/HTB1xBGAXcrrK1RjSspaq6AREXXab.jpg\" class=\"aligncenter\">\n      <\/div>\n<div class=\"magic-19\">\n       <img decoding=\"async\" src=\"https:\/\/sc02.alicdn.com\/kf\/HTB1VM9AXovrK1RjSspcq6zzSXXaN\/64496\/HTB1VM9AXovrK1RjSspcq6zzSXXaN.jpg\" class=\"aligncenter\">\n      <\/div>\n<\/p><\/div>\n<\/p><\/div>\n<\/p><\/div>\n<\/p><\/div>\n<\/p><\/div>\n<\/div>","protected":false},"excerpt":{"rendered":"<p>Kontinuierliche Bandversiegelung<\/p>","protected":false},"featured_media":3188,"comment_status":"closed","ping_status":"open","template":"","meta":[],"product_brand":[],"product_cat":[119,97],"product_tag":[],"class_list":{"0":"post-3187","1":"product","2":"type-product","3":"status-publish","4":"has-post-thumbnail","6":"product_cat-band-sealer","7":"product_cat-sealing-machines","9":"first","10":"instock","11":"sale","12":"purchasable","13":"product-type-simple"},"yoast_head":"<!-- This site is optimized with the Yoast SEO Premium plugin v20.9 (Yoast SEO v26.5) - https:\/\/yoast.com\/wordpress\/plugins\/seo\/ -->\n<title>QLF1680 Vertical automatic bag sealing machine band sealer - ALF PACK<\/title>\n<meta name=\"robots\" content=\"index, follow, max-snippet:-1, max-image-preview:large, max-video-preview:-1\" \/>\n<link rel=\"canonical\" href=\"https:\/\/alfequipment.com\/de\/product\/qlf1680-vertikale-automatische-beutelschweismaschine-bandschweisgerat\/\" \/>\n<meta property=\"og:locale\" content=\"de_DE\" \/>\n<meta property=\"og:type\" content=\"article\" \/>\n<meta property=\"og:title\" content=\"QLF1680 Vertical automatic bag sealing machine band sealer\" \/>\n<meta property=\"og:description\" content=\"Continuous Band Sealer\" \/>\n<meta property=\"og:url\" content=\"https:\/\/alfequipment.com\/de\/product\/qlf1680-vertikale-automatische-beutelschweismaschine-bandschweisgerat\/\" \/>\n<meta property=\"og:site_name\" content=\"ALF PACK\" \/>\n<meta property=\"article:modified_time\" content=\"2025-01-13T15:00:34+00:00\" \/>\n<meta property=\"og:image\" content=\"https:\/\/alfequipment.com\/wp-content\/uploads\/2025\/01\/QLF1680-Vertical-automatic-bag-sealing-machine-band.jpg\" \/>\n\t<meta property=\"og:image:width\" content=\"800\" \/>\n\t<meta property=\"og:image:height\" content=\"800\" \/>\n\t<meta property=\"og:image:type\" content=\"image\/webp\" \/>\n<meta name=\"twitter:card\" content=\"summary_large_image\" \/>\n<script type=\"application\/ld+json\" class=\"yoast-schema-graph\">{\"@context\":\"https:\/\/schema.org\",\"@graph\":[{\"@type\":\"WebPage\",\"@id\":\"https:\/\/alfequipment.com\/product\/qlf1680-vertical-automatic-bag-sealing-machine-band-sealer\/\",\"url\":\"https:\/\/alfequipment.com\/product\/qlf1680-vertical-automatic-bag-sealing-machine-band-sealer\/\",\"name\":\"QLF1680 Vertical automatic bag sealing machine band sealer - ALF PACK\",\"isPartOf\":{\"@id\":\"https:\/\/alfequipment.com\/#website\"},\"primaryImageOfPage\":{\"@id\":\"https:\/\/alfequipment.com\/product\/qlf1680-vertical-automatic-bag-sealing-machine-band-sealer\/#primaryimage\"},\"image\":{\"@id\":\"https:\/\/alfequipment.com\/product\/qlf1680-vertical-automatic-bag-sealing-machine-band-sealer\/#primaryimage\"},\"thumbnailUrl\":\"https:\/\/alfequipment.com\/wp-content\/uploads\/2025\/01\/QLF1680-Vertical-automatic-bag-sealing-machine-band.jpg\",\"datePublished\":\"2025-01-11T03:44:31+00:00\",\"dateModified\":\"2025-01-13T15:00:34+00:00\",\"breadcrumb\":{\"@id\":\"https:\/\/alfequipment.com\/product\/qlf1680-vertical-automatic-bag-sealing-machine-band-sealer\/#breadcrumb\"},\"inLanguage\":\"de\",\"potentialAction\":[{\"@type\":\"ReadAction\",\"target\":[\"https:\/\/alfequipment.com\/product\/qlf1680-vertical-automatic-bag-sealing-machine-band-sealer\/\"]}]},{\"@type\":\"ImageObject\",\"inLanguage\":\"de\",\"@id\":\"https:\/\/alfequipment.com\/product\/qlf1680-vertical-automatic-bag-sealing-machine-band-sealer\/#primaryimage\",\"url\":\"https:\/\/alfequipment.com\/wp-content\/uploads\/2025\/01\/QLF1680-Vertical-automatic-bag-sealing-machine-band.jpg\",\"contentUrl\":\"https:\/\/alfequipment.com\/wp-content\/uploads\/2025\/01\/QLF1680-Vertical-automatic-bag-sealing-machine-band.jpg\",\"width\":800,\"height\":800},{\"@type\":\"BreadcrumbList\",\"@id\":\"https:\/\/alfequipment.com\/product\/qlf1680-vertical-automatic-bag-sealing-machine-band-sealer\/#breadcrumb\",\"itemListElement\":[{\"@type\":\"ListItem\",\"position\":1,\"name\":\"Home\",\"item\":\"https:\/\/alfequipment.com\/\"},{\"@type\":\"ListItem\",\"position\":2,\"name\":\"Shop\",\"item\":\"https:\/\/alfequipment.com\/shop\/\"},{\"@type\":\"ListItem\",\"position\":3,\"name\":\"QLF1680 Vertical automatic bag sealing machine band sealer\"}]},{\"@type\":\"WebSite\",\"@id\":\"https:\/\/alfequipment.com\/#website\",\"url\":\"https:\/\/alfequipment.com\/\",\"name\":\"ALF PACK\",\"description\":\"\",\"publisher\":{\"@id\":\"https:\/\/alfequipment.com\/#organization\"},\"potentialAction\":[{\"@type\":\"SearchAction\",\"target\":{\"@type\":\"EntryPoint\",\"urlTemplate\":\"https:\/\/alfequipment.com\/?s={search_term_string}\"},\"query-input\":{\"@type\":\"PropertyValueSpecification\",\"valueRequired\":true,\"valueName\":\"search_term_string\"}}],\"inLanguage\":\"de\"},{\"@type\":\"Organization\",\"@id\":\"https:\/\/alfequipment.com\/#organization\",\"name\":\"ALF PACK\",\"url\":\"https:\/\/alfequipment.com\/\",\"logo\":{\"@type\":\"ImageObject\",\"inLanguage\":\"de\",\"@id\":\"https:\/\/alfequipment.com\/#\/schema\/logo\/image\/\",\"url\":\"https:\/\/alfequipment.com\/wp-content\/uploads\/2024\/11\/ALFlogo-2.webp\",\"contentUrl\":\"https:\/\/alfequipment.com\/wp-content\/uploads\/2024\/11\/ALFlogo-2.webp\",\"width\":758,\"height\":750,\"caption\":\"ALF PACK\"},\"image\":{\"@id\":\"https:\/\/alfequipment.com\/#\/schema\/logo\/image\/\"}}]}<\/script>\n<!-- \/ Yoast SEO Premium plugin. -->","yoast_head_json":{"title":"QLF1680 Vertikale automatische Beutelschwei\u00dfmaschine - ALF PACK","robots":{"index":"index","follow":"follow","max-snippet":"max-snippet:-1","max-image-preview":"max-image-preview:large","max-video-preview":"max-video-preview:-1"},"canonical":"https:\/\/alfequipment.com\/de\/product\/qlf1680-vertikale-automatische-beutelschweismaschine-bandschweisgerat\/","og_locale":"de_DE","og_type":"article","og_title":"QLF1680 Vertical automatic bag sealing machine band sealer","og_description":"Continuous Band Sealer","og_url":"https:\/\/alfequipment.com\/de\/product\/qlf1680-vertikale-automatische-beutelschweismaschine-bandschweisgerat\/","og_site_name":"ALF PACK","article_modified_time":"2025-01-13T15:00:34+00:00","og_image":[{"width":800,"height":800,"url":"https:\/\/alfequipment.com\/wp-content\/uploads\/2025\/01\/QLF1680-Vertical-automatic-bag-sealing-machine-band.jpg","type":"image\/webp"}],"twitter_card":"summary_large_image","schema":{"@context":"https:\/\/schema.org","@graph":[{"@type":"WebPage","@id":"https:\/\/alfequipment.com\/product\/qlf1680-vertical-automatic-bag-sealing-machine-band-sealer\/","url":"https:\/\/alfequipment.com\/product\/qlf1680-vertical-automatic-bag-sealing-machine-band-sealer\/","name":"QLF1680 Vertikale automatische Beutelschwei\u00dfmaschine - ALF PACK","isPartOf":{"@id":"https:\/\/alfequipment.com\/#website"},"primaryImageOfPage":{"@id":"https:\/\/alfequipment.com\/product\/qlf1680-vertical-automatic-bag-sealing-machine-band-sealer\/#primaryimage"},"image":{"@id":"https:\/\/alfequipment.com\/product\/qlf1680-vertical-automatic-bag-sealing-machine-band-sealer\/#primaryimage"},"thumbnailUrl":"https:\/\/alfequipment.com\/wp-content\/uploads\/2025\/01\/QLF1680-Vertical-automatic-bag-sealing-machine-band.jpg","datePublished":"2025-01-11T03:44:31+00:00","dateModified":"2025-01-13T15:00:34+00:00","breadcrumb":{"@id":"https:\/\/alfequipment.com\/product\/qlf1680-vertical-automatic-bag-sealing-machine-band-sealer\/#breadcrumb"},"inLanguage":"de","potentialAction":[{"@type":"ReadAction","target":["https:\/\/alfequipment.com\/product\/qlf1680-vertical-automatic-bag-sealing-machine-band-sealer\/"]}]},{"@type":"ImageObject","inLanguage":"de","@id":"https:\/\/alfequipment.com\/product\/qlf1680-vertical-automatic-bag-sealing-machine-band-sealer\/#primaryimage","url":"https:\/\/alfequipment.com\/wp-content\/uploads\/2025\/01\/QLF1680-Vertical-automatic-bag-sealing-machine-band.jpg","contentUrl":"https:\/\/alfequipment.com\/wp-content\/uploads\/2025\/01\/QLF1680-Vertical-automatic-bag-sealing-machine-band.jpg","width":800,"height":800},{"@type":"BreadcrumbList","@id":"https:\/\/alfequipment.com\/product\/qlf1680-vertical-automatic-bag-sealing-machine-band-sealer\/#breadcrumb","itemListElement":[{"@type":"ListItem","position":1,"name":"Home","item":"https:\/\/alfequipment.com\/"},{"@type":"ListItem","position":2,"name":"Shop","item":"https:\/\/alfequipment.com\/shop\/"},{"@type":"ListItem","position":3,"name":"QLF1680 Vertical automatic bag sealing machine band sealer"}]},{"@type":"WebSite","@id":"https:\/\/alfequipment.com\/#website","url":"https:\/\/alfequipment.com\/","name":"ALF PACK","description":"","publisher":{"@id":"https:\/\/alfequipment.com\/#organization"},"potentialAction":[{"@type":"SearchAction","target":{"@type":"EntryPoint","urlTemplate":"https:\/\/alfequipment.com\/?s={search_term_string}"},"query-input":{"@type":"PropertyValueSpecification","valueRequired":true,"valueName":"search_term_string"}}],"inLanguage":"de"},{"@type":"Organization","@id":"https:\/\/alfequipment.com\/#organization","name":"ALF PACK","url":"https:\/\/alfequipment.com\/","logo":{"@type":"ImageObject","inLanguage":"de","@id":"https:\/\/alfequipment.com\/#\/schema\/logo\/image\/","url":"https:\/\/alfequipment.com\/wp-content\/uploads\/2024\/11\/ALFlogo-2.webp","contentUrl":"https:\/\/alfequipment.com\/wp-content\/uploads\/2024\/11\/ALFlogo-2.webp","width":758,"height":750,"caption":"ALF PACK"},"image":{"@id":"https:\/\/alfequipment.com\/#\/schema\/logo\/image\/"}}]}},"_links":{"self":[{"href":"https:\/\/alfequipment.com\/de\/wp-json\/wp\/v2\/product\/3187","targetHints":{"allow":["GET"]}}],"collection":[{"href":"https:\/\/alfequipment.com\/de\/wp-json\/wp\/v2\/product"}],"about":[{"href":"https:\/\/alfequipment.com\/de\/wp-json\/wp\/v2\/types\/product"}],"replies":[{"embeddable":true,"href":"https:\/\/alfequipment.com\/de\/wp-json\/wp\/v2\/comments?post=3187"}],"version-history":[{"count":0,"href":"https:\/\/alfequipment.com\/de\/wp-json\/wp\/v2\/product\/3187\/revisions"}],"wp:featuredmedia":[{"embeddable":true,"href":"https:\/\/alfequipment.com\/de\/wp-json\/wp\/v2\/media\/3188"}],"wp:attachment":[{"href":"https:\/\/alfequipment.com\/de\/wp-json\/wp\/v2\/media?parent=3187"}],"wp:term":[{"taxonomy":"product_brand","embeddable":true,"href":"https:\/\/alfequipment.com\/de\/wp-json\/wp\/v2\/product_brand?post=3187"},{"taxonomy":"product_cat","embeddable":true,"href":"https:\/\/alfequipment.com\/de\/wp-json\/wp\/v2\/product_cat?post=3187"},{"taxonomy":"product_tag","embeddable":true,"href":"https:\/\/alfequipment.com\/de\/wp-json\/wp\/v2\/product_tag?post=3187"}],"curies":[{"name":"wp","href":"https:\/\/api.w.org\/{rel}","templated":true}]}}